{"id":6564,"date":"2024-04-09T09:05:13","date_gmt":"2024-04-09T09:05:13","guid":{"rendered":"https:\/\/oceansignal.com\/udaje-o-zakaznicich\/"},"modified":"2024-09-30T12:43:33","modified_gmt":"2024-09-30T12:43:33","slug":"udaje-o-zakaznicich","status":"publish","type":"page","link":"https:\/\/oceansignal.com\/cs\/udaje-o-zakaznicich\/","title":{"rendered":"\u00dadaje o z\u00e1kazn\u00edc\u00edch"},"content":{"rendered":"\n<div class=\"gb-container-narrow\">\n    <div class=\"gc-container \">\n                \n\n<p><strong>Pro \u00fa\u010dely registrace z\u00e1ruky, konfigurace produktu a p\u0159\u00edstupu k testovac\u00edm dat\u016fm ukl\u00e1d\u00e1 spole\u010dnost Ocean Signal Ltd. omezen\u00e9 \u00fadaje o z\u00e1kazn\u00edc\u00edch, kter\u00e9 jsou zad\u00e1ny prost\u0159ednictv\u00edm t\u00e9to webov\u00e9 str\u00e1nky nebo pomoc\u00ed mobiln\u00ed aplikace.<\/strong><\/p>\n\n\n\n<p>Pro mobiln\u00ed aplikaci <strong>&#8222;Ocean Signal&#8220;<\/strong><\/p>\n\n\n\n<p>Za\u0161lete <a href=\"mailto:help@oceansignal.com\">help@oceansignal.com<\/a> e-mail s p\u0159edm\u011btem &#8222;Odstran\u011bn\u00ed \u00fa\u010dtu aplikace&#8220; a uve\u010fte svou e-mailovou adresu, na kterou chcete po\u017e\u00e1dat o odstran\u011bn\u00ed \u00fa\u010dtu.<\/p>\n\n\n\n<p>Vezm\u011bte pros\u00edm na v\u011bdom\u00ed, \u017ee jakmile bude v\u00e1\u0161 \u00fa\u010det smaz\u00e1n, budou smaz\u00e1ny v\u0161echny osobn\u00ed \u00fadaje, jako je va\u0161e e-mailov\u00e1 adresa a v\u0161echny informace, kter\u00e9 o v\u00e1s uchov\u00e1v\u00e1me, va\u0161e preference, konfigurace AIS a vlastn\u011bn\u00e9 maj\u00e1ky, stejn\u011b jako v\u0161echny ostatn\u00ed registrovan\u00e9 produkty.<\/p>\n\n\n\n<p>Informace o z\u00e1ruce budou zachov\u00e1ny, stejn\u011b jako minul\u00e1 konfigurace, data vlastn\u00edho a GNSS testu z maj\u00e1kov\u00fdch produkt\u016f<\/p>\n\n\n        <\/div><\/div>\n","protected":false},"excerpt":{"rendered":"","protected":false},"author":1,"featured_media":0,"parent":0,"menu_order":0,"comment_status":"closed","ping_status":"closed","template":"pagetemplate-header-orange.php","meta":{"_acf_changed":false,"om_disable_all_campaigns":false,"footnotes":""},"class_list":["post-6564","page","type-page","status-publish","hentry"],"acf":[],"yoast_head":"<!-- This site is optimized with the Yoast SEO Premium plugin v25.2 (Yoast SEO v26.4) - https:\/\/yoast.com\/wordpress\/plugins\/seo\/ -->\n<title>\u00dadaje o z\u00e1kazn\u00edc\u00edch - Ocean Signal<\/title>\n<meta name=\"robots\" content=\"index, follow, max-snippet:-1, max-image-preview:large, max-video-preview:-1\" \/>\n<link rel=\"canonical\" href=\"https:\/\/oceansignal.com\/cs\/udaje-o-zakaznicich\/\" \/>\n<meta property=\"og:locale\" content=\"cs_CZ\" \/>\n<meta property=\"og:type\" content=\"article\" \/>\n<meta property=\"og:title\" content=\"\u00dadaje o z\u00e1kazn\u00edc\u00edch - Ocean Signal\" \/>\n<meta property=\"og:url\" content=\"https:\/\/oceansignal.com\/cs\/udaje-o-zakaznicich\/\" \/>\n<meta property=\"og:site_name\" content=\"Ocean Signal\" \/>\n<meta property=\"article:modified_time\" content=\"2024-09-30T12:43:33+00:00\" \/>\n<meta property=\"og:image\" content=\"https:\/\/oceansignal.com\/wp-content\/uploads\/2024\/03\/image-social-share-04.jpg\" \/>\n\t<meta property=\"og:image:width\" content=\"1200\" \/>\n\t<meta property=\"og:image:height\" content=\"630\" \/>\n\t<meta property=\"og:image:type\" content=\"image\/jpeg\" \/>\n<meta name=\"twitter:card\" content=\"summary_large_image\" \/>\n<meta name=\"twitter:label1\" content=\"Odhadovan\u00e1 doba \u010dten\u00ed\" \/>\n\t<meta name=\"twitter:data1\" content=\"1 minuta\" \/>\n<script type=\"application\/ld+json\" class=\"yoast-schema-graph\">{\"@context\":\"https:\/\/schema.org\",\"@graph\":[{\"@type\":\"WebPage\",\"@id\":\"https:\/\/oceansignal.com\/cs\/udaje-o-zakaznicich\/\",\"url\":\"https:\/\/oceansignal.com\/cs\/udaje-o-zakaznicich\/\",\"name\":\"\u00dadaje o z\u00e1kazn\u00edc\u00edch - Ocean Signal\",\"isPartOf\":{\"@id\":\"https:\/\/oceansignal.com\/cs\/#website\"},\"datePublished\":\"2024-04-09T09:05:13+00:00\",\"dateModified\":\"2024-09-30T12:43:33+00:00\",\"inLanguage\":\"cs\",\"potentialAction\":[{\"@type\":\"ReadAction\",\"target\":[\"https:\/\/oceansignal.com\/cs\/udaje-o-zakaznicich\/\"]}]},{\"@type\":\"WebSite\",\"@id\":\"https:\/\/oceansignal.com\/cs\/#website\",\"url\":\"https:\/\/oceansignal.com\/cs\/\",\"name\":\"Ocean Signal\",\"description\":\"A leading manufacturer of EPIRBs, AIS, SARTs, Personal Locator Beacons, Man Overboard Beacon for the Marine and Outdoor Markets.\",\"potentialAction\":[{\"@type\":\"SearchAction\",\"target\":{\"@type\":\"EntryPoint\",\"urlTemplate\":\"https:\/\/oceansignal.com\/cs\/?s={search_term_string}\"},\"query-input\":{\"@type\":\"PropertyValueSpecification\",\"valueRequired\":true,\"valueName\":\"search_term_string\"}}],\"inLanguage\":\"cs\"}]}<\/script>\n<!-- \/ Yoast SEO Premium plugin. -->","yoast_head_json":{"title":"\u00dadaje o z\u00e1kazn\u00edc\u00edch - Ocean Signal","robots":{"index":"index","follow":"follow","max-snippet":"max-snippet:-1","max-image-preview":"max-image-preview:large","max-video-preview":"max-video-preview:-1"},"canonical":"https:\/\/oceansignal.com\/cs\/udaje-o-zakaznicich\/","og_locale":"cs_CZ","og_type":"article","og_title":"\u00dadaje o z\u00e1kazn\u00edc\u00edch - Ocean Signal","og_url":"https:\/\/oceansignal.com\/cs\/udaje-o-zakaznicich\/","og_site_name":"Ocean Signal","article_modified_time":"2024-09-30T12:43:33+00:00","og_image":[{"width":1200,"height":630,"url":"https:\/\/oceansignal.com\/wp-content\/uploads\/2024\/03\/image-social-share-04.jpg","type":"image\/jpeg"}],"twitter_card":"summary_large_image","twitter_misc":{"Odhadovan\u00e1 doba \u010dten\u00ed":"1 minuta"},"schema":{"@context":"https:\/\/schema.org","@graph":[{"@type":"WebPage","@id":"https:\/\/oceansignal.com\/cs\/udaje-o-zakaznicich\/","url":"https:\/\/oceansignal.com\/cs\/udaje-o-zakaznicich\/","name":"\u00dadaje o z\u00e1kazn\u00edc\u00edch - Ocean Signal","isPartOf":{"@id":"https:\/\/oceansignal.com\/cs\/#website"},"datePublished":"2024-04-09T09:05:13+00:00","dateModified":"2024-09-30T12:43:33+00:00","inLanguage":"cs","potentialAction":[{"@type":"ReadAction","target":["https:\/\/oceansignal.com\/cs\/udaje-o-zakaznicich\/"]}]},{"@type":"WebSite","@id":"https:\/\/oceansignal.com\/cs\/#website","url":"https:\/\/oceansignal.com\/cs\/","name":"Ocean Signal","description":"A leading manufacturer of EPIRBs, AIS, SARTs, Personal Locator Beacons, Man Overboard Beacon for the Marine and Outdoor Markets.","potentialAction":[{"@type":"SearchAction","target":{"@type":"EntryPoint","urlTemplate":"https:\/\/oceansignal.com\/cs\/?s={search_term_string}"},"query-input":{"@type":"PropertyValueSpecification","valueRequired":true,"valueName":"search_term_string"}}],"inLanguage":"cs"}]}},"_links":{"self":[{"href":"https:\/\/oceansignal.com\/cs\/wp-json\/wp\/v2\/pages\/6564","targetHints":{"allow":["GET"]}}],"collection":[{"href":"https:\/\/oceansignal.com\/cs\/wp-json\/wp\/v2\/pages"}],"about":[{"href":"https:\/\/oceansignal.com\/cs\/wp-json\/wp\/v2\/types\/page"}],"author":[{"embeddable":true,"href":"https:\/\/oceansignal.com\/cs\/wp-json\/wp\/v2\/users\/1"}],"replies":[{"embeddable":true,"href":"https:\/\/oceansignal.com\/cs\/wp-json\/wp\/v2\/comments?post=6564"}],"version-history":[{"count":1,"href":"https:\/\/oceansignal.com\/cs\/wp-json\/wp\/v2\/pages\/6564\/revisions"}],"predecessor-version":[{"id":6568,"href":"https:\/\/oceansignal.com\/cs\/wp-json\/wp\/v2\/pages\/6564\/revisions\/6568"}],"wp:attachment":[{"href":"https:\/\/oceansignal.com\/cs\/wp-json\/wp\/v2\/media?parent=6564"}],"curies":[{"name":"wp","href":"https:\/\/api.w.org\/{rel}","templated":true}]}}