{"id":6986,"date":"2023-03-27T07:48:40","date_gmt":"2023-03-27T07:48:40","guid":{"rendered":"https:\/\/oceansignal.com\/vyhledavac-prodejcu\/"},"modified":"2025-02-27T11:50:49","modified_gmt":"2025-02-27T11:50:49","slug":"vyhledavac-prodejcu","status":"publish","type":"page","link":"https:\/\/oceansignal.com\/cs\/podpora\/vyhledavac-prodejcu\/","title":{"rendered":"Vyhled\u00e1va\u010d prodejc\u016f"},"content":{"rendered":"<div class=\"gb-dealer-locator\" id=\"locator\">\n\t\t<script type=\"text\/javascript\">\n\t\twindow.osl.filteredLocations = [];\n\t<\/script>\n\n\t<div class=\"gc-container \">\n    \t\t\t\t\t\t<div class=\"gb-dealer-locator__locator\">\n\t\t\t\t\t\t\t\t<div class=\"gb-dealer-locator__locator__container\">\n\t\t\t\t\t\t\t\t\t\t<div class=\"gb-dealer-locator__locator__container__map js-dl-map\" id=\"map-container\"><\/div>\n\n\t\t\t\t\t\t\t\t\t\t<div class=\"gb-dealer-locator__locator__container__filter\">\n\t\t\t\t\t\t\t\t\t\t\t\t<form action=\"#locator\" class=\"gb-dealer-locator__locator__container__filter__inputs\" id=\"dealer-locator\">\n\t\t\t\t\t\t\t\t\t\t\t\t\t\t<div class=\"gb-dealer-locator__locator__container__filter__inputs__row--first\">\n\t\t\t\t\t\t\t\t\t\t\t\t\t\t\t\t\n\t\t\n<div class=\"c-input c-input--pin c-input--icon-left\">\n\t<label class=\"c-input__label\" for=\"address\">Location<\/label>\n\t<div class=\"c-input__container\">\n\t\t\t\t\t<span class=\"c-input__icon\" >\n\t\t\t\t<svg width=\"15\" height=\"20\" viewBox=\"0 0 15 20\" fill=\"none\" xmlns=\"http:\/\/www.w3.org\/2000\/svg\">\n<path fill-rule=\"evenodd\" clip-rule=\"evenodd\" d=\"M7.50001 18.8886C7.67254 18.8886 7.83366 18.801 7.92936 18.6552C8.32183 18.0573 8.7701 17.4197 9.24452 16.745C9.38705 16.5422 9.53193 16.3362 9.67838 16.1268C10.3085 15.2259 10.9618 14.272 11.5517 13.2978C12.7204 11.3678 13.6922 9.27822 13.6922 7.28892C13.6922 3.82071 10.9149 0.999939 7.50001 0.999939C4.08516 0.999939 1.30778 3.82071 1.30778 7.28892C1.30778 9.27822 2.27958 11.3678 3.44833 13.2978C4.03826 14.272 4.69153 15.2259 5.32164 16.1268C5.46809 16.3362 5.61297 16.5422 5.7555 16.745C6.22992 17.4197 6.67818 18.0573 7.07066 18.6552C7.16636 18.801 7.32748 18.8886 7.50001 18.8886ZM4.32741 12.7487C3.17408 10.8442 2.33982 8.96821 2.33982 7.28892C2.33982 4.3996 4.65514 2.0481 7.50001 2.0481C10.3449 2.0481 12.6602 4.3996 12.6602 7.28892C12.6602 8.96821 11.8259 10.8442 10.6726 12.7487C10.1015 13.6918 9.46471 14.6224 8.83702 15.5198C8.6946 15.7234 8.55233 15.9257 8.41136 16.1262C8.09686 16.5735 7.78884 17.0116 7.50001 17.4341C7.21117 17.0116 6.90315 16.5735 6.58865 16.1262C6.44769 15.9257 6.30542 15.7234 6.163 15.5198C5.53531 14.6224 4.89854 13.6918 4.32741 12.7487Z\" fill=\"#FAAE0C\"\/>\n<path fill-rule=\"evenodd\" clip-rule=\"evenodd\" d=\"M4.40389 7.28892C4.40389 9.02319 5.79242 10.4334 7.50001 10.4334C9.2076 10.4334 10.5961 9.02319 10.5961 7.28892C10.5961 5.55466 9.2076 4.14443 7.50001 4.14443C5.79242 4.14443 4.40389 5.55466 4.40389 7.28892ZM7.50001 9.38525C6.3624 9.38525 5.43593 8.44431 5.43593 7.28892C5.43593 6.13354 6.3624 5.1926 7.50001 5.1926C8.63762 5.1926 9.56409 6.13354 9.56409 7.28892C9.56409 8.44431 8.63762 9.38525 7.50001 9.38525Z\" fill=\"#FAAE0C\"\/>\n<path fill-rule=\"evenodd\" clip-rule=\"evenodd\" d=\"M7.50001 18.8886C7.67254 18.8886 7.83366 18.801 7.92936 18.6552C8.32183 18.0573 8.7701 17.4197 9.24452 16.745C9.38705 16.5422 9.53193 16.3362 9.67838 16.1268C10.3085 15.2259 10.9618 14.272 11.5517 13.2978C12.7204 11.3678 13.6922 9.27822 13.6922 7.28892C13.6922 3.82071 10.9149 0.999939 7.50001 0.999939C4.08516 0.999939 1.30778 3.82071 1.30778 7.28892C1.30778 9.27822 2.27958 11.3678 3.44833 13.2978C4.03826 14.272 4.69153 15.2259 5.32164 16.1268C5.46809 16.3362 5.61297 16.5422 5.7555 16.745C6.22992 17.4197 6.67818 18.0573 7.07066 18.6552C7.16636 18.801 7.32748 18.8886 7.50001 18.8886ZM4.32741 12.7487C3.17408 10.8442 2.33982 8.96821 2.33982 7.28892C2.33982 4.3996 4.65514 2.0481 7.50001 2.0481C10.3449 2.0481 12.6602 4.3996 12.6602 7.28892C12.6602 8.96821 11.8259 10.8442 10.6726 12.7487C10.1015 13.6918 9.46471 14.6224 8.83702 15.5198C8.6946 15.7234 8.55233 15.9257 8.41136 16.1262C8.09686 16.5735 7.78884 17.0116 7.50001 17.4341C7.21117 17.0116 6.90315 16.5735 6.58865 16.1262C6.44769 15.9257 6.30542 15.7234 6.163 15.5198C5.53531 14.6224 4.89854 13.6918 4.32741 12.7487Z\" stroke=\"#FAAE0C\" stroke-miterlimit=\"10\" stroke-linecap=\"round\" stroke-linejoin=\"round\"\/>\n<path fill-rule=\"evenodd\" clip-rule=\"evenodd\" d=\"M4.40389 7.28892C4.40389 9.02319 5.79242 10.4334 7.50001 10.4334C9.2076 10.4334 10.5961 9.02319 10.5961 7.28892C10.5961 5.55466 9.2076 4.14443 7.50001 4.14443C5.79242 4.14443 4.40389 5.55466 4.40389 7.28892ZM7.50001 9.38525C6.3624 9.38525 5.43593 8.44431 5.43593 7.28892C5.43593 6.13354 6.3624 5.1926 7.50001 5.1926C8.63762 5.1926 9.56409 6.13354 9.56409 7.28892C9.56409 8.44431 8.63762 9.38525 7.50001 9.38525Z\" stroke=\"#FAAE0C\" stroke-miterlimit=\"10\" stroke-linecap=\"round\" stroke-linejoin=\"round\"\/>\n<\/svg>\n\n\t\t\t<\/span>\n\t\t\t\t<input\n\t\t\ttype=\"text\"\n\t\t\tname=\"address\"\n\t\t\tid=\"address\"\n\t\t\tclass=\"c-input__input\"\n\t\t\tvalue=\"\"\n\t\t\t\n\t\t\tautocomplete=\"off\"\n\t\t\tspellcheck=\"true\"\n\t\t\tplaceholder=\"Enter location\"\n\t\t\/>\n\t<\/div>\n\t\t<span class=\"c-input__message\">This field is required.<\/span>\n<\/div>\n\n\t\t\t\t\t\t\t\t<div class=\"c-input c-select js-dl-distance-component c-select--distance \">\n\t<label class=\"c-input__label\" for=\"radius\">Distance<\/label>\n\t<div class=\"c-input__container\">\n\t\t\t\t\t\t\t\t<span class=\"c-input__icon-left\" >\n\t\t\t<svg width=\"16\" height=\"16\" viewBox=\"0 0 16 16\" fill=\"none\" xmlns=\"http:\/\/www.w3.org\/2000\/svg\">\n<path d=\"M14.8895 3.69675C15.3446 2.97803 15.2657 2.00744 14.6291 1.37088C13.9931 0.734812 13.0226 0.655031 12.3033 1.11053C11.0963 0.373469 9.65147 0 8 0C3.51403 0 0 3.51403 0 8C0 12.486 3.51403 16 8 16C12.486 16 16 12.486 16 8C16 6.34856 15.6265 4.90369 14.8895 3.69675ZM13.7452 2.25475C13.9895 2.49903 13.9895 2.89434 13.7452 3.13862C13.501 3.38287 13.1057 3.38291 12.8614 3.13862C12.6171 2.89434 12.6171 2.49903 12.8614 2.25475C13.1056 2.0105 13.501 2.01047 13.7452 2.25475ZM8 14.75C4.21494 14.75 1.25 11.785 1.25 8C1.25 4.21497 4.21494 1.25 8 1.25C9.35747 1.25 10.5401 1.53653 11.5246 2.10222C11.3718 2.56078 11.4009 3.06691 11.6108 3.50537L8.80791 6.30825C8.56309 6.19088 8.28913 6.125 8 6.125C6.96613 6.125 6.125 6.96613 6.125 8C6.125 9.03387 6.96613 9.875 8 9.875C9.03387 9.875 9.875 9.03387 9.875 8C9.875 7.71088 9.80912 7.43691 9.69175 7.19212L12.4946 4.38925C12.9323 4.59878 13.4384 4.62844 13.8978 4.47541C14.4635 5.45988 14.75 6.64253 14.75 8C14.75 11.785 11.7851 14.75 8 14.75ZM8.625 8C8.625 8.34463 8.34463 8.625 8 8.625C7.65538 8.625 7.375 8.34463 7.375 8C7.375 7.65538 7.65538 7.375 8 7.375C8.34463 7.375 8.625 7.65538 8.625 8Z\" fill=\"#FAAE0C\"\/>\n<\/svg>\n\n\t\t<\/span>\n\t\t\t\t<select id=\"radius\"\n\t\t\t\tname=\"radius\"\n\t\t\t\tclass=\"c-select__input js-dl-distance\"\n\t\t\t\tdata-placeholder=\"Distance\"\n\t\t\t\tautocomplete=\"off\"\n\t\t\t\tdata-selected=\"\"\n\t\t\t>\n\t\t\t\t\t\t\t\t\t\t\t\t\t<option data-link=\"\" value=\"25\" >\n\t\t\t\t\t25 miles\n\t\t\t\t<\/option>\n\t\t\t\t\t\t\t<option data-link=\"\" value=\"50\" selected>\n\t\t\t\t\t50 miles\n\t\t\t\t<\/option>\n\t\t\t\t\t\t\t<option data-link=\"\" value=\"100\" >\n\t\t\t\t\t100 miles\n\t\t\t\t<\/option>\n\t\t\t\t\t\t\t<option data-link=\"\" value=\"500\" >\n\t\t\t\t\t500 miles\n\t\t\t\t<\/option>\n\t\t\t\t\t<\/select>\n\t<\/div>\n\t<span class=\"c-input__message\">The input value is invalid.<\/span>\n<\/div>\n\n\t\t\t\t\t\t\t\t\t\t\t\t\t\t\t\t<input type=\"hidden\" name=\"lat\" value=\"\">\n\t\t\t\t\t\t\t\t<input type=\"hidden\" name=\"lng\" value=\"\">\n\t\t\t\t\t\t\t<\/div>\n\n\t\t\t\t\t\t\t\t\t\t\t\t\t\t<div class=\"gb-dealer-locator__locator__container__filter__inputs__row--second\">\n\t\t\t\t\t\t\t\t\t\t\t\t\t\t\t\t<p class=\"gb-dealer-locator__locator__container__filter__inputs__row--second__label\">\n\t\t\t\t\t\t\t\t\tLocation type\n\t\t\t\t\t\t\t\t<\/p>\n\n\t\t\t\t\t\t\t\t<div class=\"gb-dealer-locator__locator__container__filter__inputs__row--second__checkboxes\">\n\t\t\t\t\t\t\t\t\t\t\t\t\t\t\t\t\t\t\t\t\t\t\t\t\t\t\t\t<span class=\"c-checkbox \">\n\t<span class=\"c-checkbox__wrapper\">\n\t\t<input class=\"c-checkbox__input\" type=\"checkbox\" name=\"services[]\" data-id=\"services[]\" id=\"dealer\" value=\"dealer\"  autocomplete=\"on\"\/>\n\t<\/span>\n\t<label class=\"c-checkbox__text\" for=\"dealer\"> Dealer <\/label>\n<\/span>\n\t\t\t\t\t\t\t\t\t\t\t\t\t\t\t\t\t\t\t<span class=\"c-checkbox \">\n\t<span class=\"c-checkbox__wrapper\">\n\t\t<input class=\"c-checkbox__input\" type=\"checkbox\" name=\"services[]\" data-id=\"services[]\" id=\"distributor\" value=\"distributor\"  autocomplete=\"on\"\/>\n\t<\/span>\n\t<label class=\"c-checkbox__text\" for=\"distributor\"> Distributor <\/label>\n<\/span>\n\t\t\t\t\t\t\t\t\t\t\t\t\t\t\t\t\t\t\t<span class=\"c-checkbox \">\n\t<span class=\"c-checkbox__wrapper\">\n\t\t<input class=\"c-checkbox__input\" type=\"checkbox\" name=\"services[]\" data-id=\"services[]\" id=\"brc\" value=\"brc\"  autocomplete=\"on\"\/>\n\t<\/span>\n\t<label class=\"c-checkbox__text\" for=\"brc\"> Battery Replacement Center <\/label>\n<\/span>\n\t\t\t\t\t\t\t\t\t\t\t\t\t\t\t\t\t<\/div>\n\t\t\t\t\t\t\t<\/div>\n\t\t\t\t\t\t<\/form>\n\n\t\t\t\t\t\t<div class=\"gb-dealer-locator__locator__container__filter__actions\">\n\t\t\t\t\t\t\t\t\t\t\t\t\t\t\n<a\n\t\t\trole=\"button\"\n\t\tclass=\"gb-button gb-button--primary-dark js-dl-submit\"\n\ttarget=\"_self\">\n\t\tSearch locations\n<\/a>\n\n\t\t\t\t\t\t\t\t\t\t\t\t\t\t<a class=\"gb-dealer-locator__locator__container__filter__actions__location js-dl-location\">\n\t\t\t\t\t\t\t\tFind dealers for my current location\n\t\t\t\t\t\t\t<\/a>\n\t\t\t\t\t\t<\/div>\n\t\t\t\t\t<\/div>\n\t\t\t\t<\/div>\n\t\t\t<\/div>\n\t\t<\/div>\n\t<\/div>\n\n\n\n<p><\/p>\n","protected":false},"excerpt":{"rendered":"<p>Zadejte svou polohu, abychom v\u00e1m mohli doporu\u010dit m\u00edstn\u00ed prodejce Ocean Signal a st\u0159ediska pro v\u00fdm\u011bnu bateri\u00ed.<\/p>\n","protected":false},"author":1,"featured_media":0,"parent":8363,"menu_order":0,"comment_status":"closed","ping_status":"closed","template":"pagetemplate-header-orange.php","meta":{"_acf_changed":false,"om_disable_all_campaigns":false,"footnotes":""},"class_list":["post-6986","page","type-page","status-publish","hentry"],"acf":[],"yoast_head":"<!-- This site is optimized with the Yoast SEO Premium plugin v25.2 (Yoast SEO v26.4) - https:\/\/yoast.com\/wordpress\/plugins\/seo\/ -->\n<title>Vyhled\u00e1va\u010d prodejc\u016f - Ocean Signal<\/title>\n<meta name=\"description\" content=\"Pou\u017eijte vyhled\u00e1va\u010d prodejc\u016f Ocean Signals k nalezen\u00ed prodejce ve va\u0161em okol\u00ed! Vyhledejte d\u016fv\u011bryhodn\u00e9 autorizovan\u00e9 prodejce. Zajist\u011bte bezpe\u010dnost sv\u00e9ho plavidla je\u0161t\u011b dnes!\" \/>\n<meta name=\"robots\" content=\"index, follow, max-snippet:-1, max-image-preview:large, max-video-preview:-1\" \/>\n<link rel=\"canonical\" href=\"https:\/\/oceansignal.com\/cs\/podpora\/vyhledavac-prodejcu\/\" \/>\n<meta property=\"og:locale\" content=\"cs_CZ\" \/>\n<meta property=\"og:type\" content=\"article\" \/>\n<meta property=\"og:title\" content=\"Vyhled\u00e1va\u010d prodejc\u016f - Ocean Signal\" \/>\n<meta property=\"og:description\" content=\"Pou\u017eijte vyhled\u00e1va\u010d prodejc\u016f Ocean Signals k nalezen\u00ed prodejce ve va\u0161em okol\u00ed! Vyhledejte d\u016fv\u011bryhodn\u00e9 autorizovan\u00e9 prodejce. Zajist\u011bte bezpe\u010dnost sv\u00e9ho plavidla je\u0161t\u011b dnes!\" \/>\n<meta property=\"og:url\" content=\"https:\/\/oceansignal.com\/cs\/podpora\/vyhledavac-prodejcu\/\" \/>\n<meta property=\"og:site_name\" content=\"Ocean Signal\" \/>\n<meta property=\"article:modified_time\" content=\"2025-02-27T11:50:49+00:00\" \/>\n<meta property=\"og:image\" content=\"https:\/\/oceansignal.com\/wp-content\/uploads\/2024\/03\/image-social-share-04.jpg\" \/>\n\t<meta property=\"og:image:width\" content=\"1200\" \/>\n\t<meta property=\"og:image:height\" content=\"630\" \/>\n\t<meta property=\"og:image:type\" content=\"image\/jpeg\" \/>\n<meta name=\"twitter:card\" content=\"summary_large_image\" \/>\n<script type=\"application\/ld+json\" class=\"yoast-schema-graph\">{\"@context\":\"https:\/\/schema.org\",\"@graph\":[{\"@type\":\"WebPage\",\"@id\":\"https:\/\/oceansignal.com\/cs\/podpora\/vyhledavac-prodejcu\/\",\"url\":\"https:\/\/oceansignal.com\/cs\/podpora\/vyhledavac-prodejcu\/\",\"name\":\"Vyhled\u00e1va\u010d prodejc\u016f - Ocean Signal\",\"isPartOf\":{\"@id\":\"https:\/\/oceansignal.com\/cs\/#website\"},\"datePublished\":\"2023-03-27T07:48:40+00:00\",\"dateModified\":\"2025-02-27T11:50:49+00:00\",\"description\":\"Pou\u017eijte vyhled\u00e1va\u010d prodejc\u016f Ocean Signals k nalezen\u00ed prodejce ve va\u0161em okol\u00ed! Vyhledejte d\u016fv\u011bryhodn\u00e9 autorizovan\u00e9 prodejce. Zajist\u011bte bezpe\u010dnost sv\u00e9ho plavidla je\u0161t\u011b dnes!\",\"breadcrumb\":{\"@id\":\"https:\/\/oceansignal.com\/cs\/podpora\/vyhledavac-prodejcu\/#breadcrumb\"},\"inLanguage\":\"cs\",\"potentialAction\":[{\"@type\":\"ReadAction\",\"target\":[\"https:\/\/oceansignal.com\/cs\/podpora\/vyhledavac-prodejcu\/\"]}]},{\"@type\":\"BreadcrumbList\",\"@id\":\"https:\/\/oceansignal.com\/cs\/podpora\/vyhledavac-prodejcu\/#breadcrumb\",\"itemListElement\":[{\"@type\":\"ListItem\",\"position\":1,\"name\":\"Podpora\",\"item\":\"https:\/\/oceansignal.com\/cs\/podpora\/\"},{\"@type\":\"ListItem\",\"position\":2,\"name\":\"Vyhled\u00e1va\u010d prodejc\u016f\"}]},{\"@type\":\"WebSite\",\"@id\":\"https:\/\/oceansignal.com\/cs\/#website\",\"url\":\"https:\/\/oceansignal.com\/cs\/\",\"name\":\"Ocean Signal\",\"description\":\"A leading manufacturer of EPIRBs, AIS, SARTs, Personal Locator Beacons, Man Overboard Beacon for the Marine and Outdoor Markets.\",\"potentialAction\":[{\"@type\":\"SearchAction\",\"target\":{\"@type\":\"EntryPoint\",\"urlTemplate\":\"https:\/\/oceansignal.com\/cs\/?s={search_term_string}\"},\"query-input\":{\"@type\":\"PropertyValueSpecification\",\"valueRequired\":true,\"valueName\":\"search_term_string\"}}],\"inLanguage\":\"cs\"}]}<\/script>\n<!-- \/ Yoast SEO Premium plugin. -->","yoast_head_json":{"title":"Vyhled\u00e1va\u010d prodejc\u016f - Ocean Signal","description":"Pou\u017eijte vyhled\u00e1va\u010d prodejc\u016f Ocean Signals k nalezen\u00ed prodejce ve va\u0161em okol\u00ed! Vyhledejte d\u016fv\u011bryhodn\u00e9 autorizovan\u00e9 prodejce. Zajist\u011bte bezpe\u010dnost sv\u00e9ho plavidla je\u0161t\u011b dnes!","robots":{"index":"index","follow":"follow","max-snippet":"max-snippet:-1","max-image-preview":"max-image-preview:large","max-video-preview":"max-video-preview:-1"},"canonical":"https:\/\/oceansignal.com\/cs\/podpora\/vyhledavac-prodejcu\/","og_locale":"cs_CZ","og_type":"article","og_title":"Vyhled\u00e1va\u010d prodejc\u016f - Ocean Signal","og_description":"Pou\u017eijte vyhled\u00e1va\u010d prodejc\u016f Ocean Signals k nalezen\u00ed prodejce ve va\u0161em okol\u00ed! Vyhledejte d\u016fv\u011bryhodn\u00e9 autorizovan\u00e9 prodejce. Zajist\u011bte bezpe\u010dnost sv\u00e9ho plavidla je\u0161t\u011b dnes!","og_url":"https:\/\/oceansignal.com\/cs\/podpora\/vyhledavac-prodejcu\/","og_site_name":"Ocean Signal","article_modified_time":"2025-02-27T11:50:49+00:00","og_image":[{"width":1200,"height":630,"url":"https:\/\/oceansignal.com\/wp-content\/uploads\/2024\/03\/image-social-share-04.jpg","type":"image\/jpeg"}],"twitter_card":"summary_large_image","schema":{"@context":"https:\/\/schema.org","@graph":[{"@type":"WebPage","@id":"https:\/\/oceansignal.com\/cs\/podpora\/vyhledavac-prodejcu\/","url":"https:\/\/oceansignal.com\/cs\/podpora\/vyhledavac-prodejcu\/","name":"Vyhled\u00e1va\u010d prodejc\u016f - Ocean Signal","isPartOf":{"@id":"https:\/\/oceansignal.com\/cs\/#website"},"datePublished":"2023-03-27T07:48:40+00:00","dateModified":"2025-02-27T11:50:49+00:00","description":"Pou\u017eijte vyhled\u00e1va\u010d prodejc\u016f Ocean Signals k nalezen\u00ed prodejce ve va\u0161em okol\u00ed! Vyhledejte d\u016fv\u011bryhodn\u00e9 autorizovan\u00e9 prodejce. Zajist\u011bte bezpe\u010dnost sv\u00e9ho plavidla je\u0161t\u011b dnes!","breadcrumb":{"@id":"https:\/\/oceansignal.com\/cs\/podpora\/vyhledavac-prodejcu\/#breadcrumb"},"inLanguage":"cs","potentialAction":[{"@type":"ReadAction","target":["https:\/\/oceansignal.com\/cs\/podpora\/vyhledavac-prodejcu\/"]}]},{"@type":"BreadcrumbList","@id":"https:\/\/oceansignal.com\/cs\/podpora\/vyhledavac-prodejcu\/#breadcrumb","itemListElement":[{"@type":"ListItem","position":1,"name":"Podpora","item":"https:\/\/oceansignal.com\/cs\/podpora\/"},{"@type":"ListItem","position":2,"name":"Vyhled\u00e1va\u010d prodejc\u016f"}]},{"@type":"WebSite","@id":"https:\/\/oceansignal.com\/cs\/#website","url":"https:\/\/oceansignal.com\/cs\/","name":"Ocean Signal","description":"A leading manufacturer of EPIRBs, AIS, SARTs, Personal Locator Beacons, Man Overboard Beacon for the Marine and Outdoor Markets.","potentialAction":[{"@type":"SearchAction","target":{"@type":"EntryPoint","urlTemplate":"https:\/\/oceansignal.com\/cs\/?s={search_term_string}"},"query-input":{"@type":"PropertyValueSpecification","valueRequired":true,"valueName":"search_term_string"}}],"inLanguage":"cs"}]}},"_links":{"self":[{"href":"https:\/\/oceansignal.com\/cs\/wp-json\/wp\/v2\/pages\/6986","targetHints":{"allow":["GET"]}}],"collection":[{"href":"https:\/\/oceansignal.com\/cs\/wp-json\/wp\/v2\/pages"}],"about":[{"href":"https:\/\/oceansignal.com\/cs\/wp-json\/wp\/v2\/types\/page"}],"author":[{"embeddable":true,"href":"https:\/\/oceansignal.com\/cs\/wp-json\/wp\/v2\/users\/1"}],"replies":[{"embeddable":true,"href":"https:\/\/oceansignal.com\/cs\/wp-json\/wp\/v2\/comments?post=6986"}],"version-history":[{"count":1,"href":"https:\/\/oceansignal.com\/cs\/wp-json\/wp\/v2\/pages\/6986\/revisions"}],"predecessor-version":[{"id":6988,"href":"https:\/\/oceansignal.com\/cs\/wp-json\/wp\/v2\/pages\/6986\/revisions\/6988"}],"up":[{"embeddable":true,"href":"https:\/\/oceansignal.com\/cs\/wp-json\/wp\/v2\/pages\/8363"}],"wp:attachment":[{"href":"https:\/\/oceansignal.com\/cs\/wp-json\/wp\/v2\/media?parent=6986"}],"curies":[{"name":"wp","href":"https:\/\/api.w.org\/{rel}","templated":true}]}}