{"id":7116,"date":"2023-04-07T13:10:32","date_gmt":"2023-04-07T13:10:32","guid":{"rendered":"https:\/\/oceansignal.com\/o-spolecnosti-ocean-signal\/"},"modified":"2024-09-30T14:32:25","modified_gmt":"2024-09-30T14:32:25","slug":"o-spolecnosti-ocean-signal","status":"publish","type":"page","link":"https:\/\/oceansignal.com\/cs\/o-spolecnosti-ocean-signal\/","title":{"rendered":"O spole\u010dnosti Ocean Signal"},"content":{"rendered":"\n<div class=\"gb-container-narrow\">\n    <div class=\"gc-container \">\n                \n\n<p class=\"has-medium-font-size\">Ocean Signal p\u016fsob\u00ed v r\u00e1mci skupiny ACR.\nTato skupina m\u00e1 v\u00edce ne\u017e 250 zam\u011bstnanc\u016f a 3 \u0161pi\u010dkov\u00e1 v\u00fdzkumn\u00e1 a v\u00fdvojov\u00e1 centra.\nNeust\u00e1le rozv\u00edj\u00edme obchodn\u00ed p\u0159\u00edle\u017eitosti s v\u00edce ne\u017e 150 aktivn\u00edmi glob\u00e1ln\u00edmi z\u00e1kazn\u00edky a jsme p\u0159\u00edtomni ve v\u00edce ne\u017e 30 zem\u00edch.\nVe spolupr\u00e1ci s kl\u00ed\u010dov\u00fdmi organizacemi po cel\u00e9m sv\u011bt\u011b je skupina p\u0159\u00edtomna na n\u00e1mo\u0159n\u00edch, leteck\u00fdch a vojensk\u00fdch trz\u00edch ji\u017e v\u00edce ne\u017e 50 let.<br\/>Ocean Signal je celosv\u011btov\u00fdm l\u00eddrem v navrhov\u00e1n\u00ed a v\u00fdrob\u011b satelitn\u00edch a pozemn\u00edch nouzov\u00fdch z\u00e1chrann\u00fdch maj\u00e1k\u016f zalo\u017een\u00fdch na VHF\/UHF, Iridium, digit\u00e1ln\u00edm selektivn\u00edm vol\u00e1n\u00ed nebo DSC, automatick\u00fdch identifika\u010dn\u00edch syst\u00e9mech nebo AIS, GNSS a bateriov\u00fdch technologi\u00edch.\nDod\u00e1vky produkt\u016f po cel\u00e9m sv\u011bt\u011b na \u010dty\u0159i hlavn\u00ed trhy: \u2013 Commercial Marine, Leisure Marine, Governmental\/Military a Land\/Recreational.    <br\/><br\/>Vedouc\u00edm in\u017een\u00fdringu Ocean Signal je jeden z p\u0159edn\u00edch sv\u011btov\u00fdch odborn\u00edk\u016f na technologii vylep\u0161en\u00ed radar\u016f, Simon Nolan, kter\u00fd vede siln\u00fd t\u00fdm.\nIndividu\u00e1ln\u011b navrhli a vyvinuli mnoho p\u0159edn\u00edch produkt\u016f na trhu a nyn\u00ed, jako Ocean Signal, maj\u00ed vizi poskytovat ty nejlep\u0161\u00ed komunika\u010dn\u00ed a bezpe\u010dnostn\u00ed produkty pro dne\u0161n\u00ed n\u00e1mo\u0159n\u00edky. <\/p>\n\n\n\n<p><\/p>\n\n\n\n<figure class=\"wp-block-gallery has-nested-images columns-default is-cropped wp-block-gallery-1 is-layout-flex wp-block-gallery-is-layout-flex\">\n<figure class=\"wp-block-image size-large\"><img loading=\"lazy\" decoding=\"async\" width=\"420\" height=\"264\" data-id=\"180\" src=\"http:\/\/oceansignal.com\/wp-content\/uploads\/2023\/04\/image-about-us-employees.jpg\" alt=\"S&#xED;dlo a v&#xFD;roba spole&#x10D;nosti Ocean Signal v Margate, Kent, Velk&#xE1; Brit&#xE1;nie\" class=\"wp-image-180\" srcset=\"https:\/\/oceansignal.com\/wp-content\/uploads\/2023\/04\/image-about-us-employees.jpg 420w, https:\/\/oceansignal.com\/wp-content\/uploads\/2023\/04\/image-about-us-employees-300x189.jpg 300w\" sizes=\"auto, (max-width: 420px) 100vw, 420px\" \/><\/figure>\n\n\n\n<figure class=\"wp-block-image size-large\"><img loading=\"lazy\" decoding=\"async\" width=\"420\" height=\"264\" data-id=\"181\" src=\"http:\/\/oceansignal.com\/wp-content\/uploads\/2023\/04\/image-about-us-2.jpg\" alt=\"\" class=\"wp-image-181\" srcset=\"https:\/\/oceansignal.com\/wp-content\/uploads\/2023\/04\/image-about-us-2.jpg 420w, https:\/\/oceansignal.com\/wp-content\/uploads\/2023\/04\/image-about-us-2-300x189.jpg 300w\" sizes=\"auto, (max-width: 420px) 100vw, 420px\" \/><\/figure>\n<\/figure>\n\n\n\n<p><\/p>\n\n\n\n<p>B\u011bhem v\u00edce ne\u017e 10 let neust\u00e1l\u00e9ho inovativn\u00edho navrhov\u00e1n\u00ed, v\u00fdvoje a testov\u00e1n\u00ed spole\u010dnost Ocean Signal vyvinula a uvedla na trh portfolio produkt\u016f sv\u011btov\u00e9 t\u0159\u00eddy.<br\/>Portfolio produkt\u016f Ocean Signal je navr\u017eeno tak, aby spl\u0148ovalo nebo p\u0159ekra\u010dovalo technick\u00e9 po\u017eadavky Mezin\u00e1rodn\u00ed n\u00e1mo\u0159n\u00ed organizace (SOLAS), normy Mezin\u00e1rodn\u00ed elektrotechnick\u00e9 komise, evropsk\u00e9 sm\u011brnice a rozhodnut\u00ed, normy pob\u0159e\u017en\u00ed str\u00e1\u017ee Spojen\u00fdch st\u00e1t\u016f a mnoho dal\u0161\u00edch platn\u00fdch n\u00e1rodn\u00edch a mezin\u00e1rodn\u00edch pravidel.<\/p>\n\n\n\n<p><\/p>\n\n\n\n<figure class=\"wp-block-image size-full\"><img loading=\"lazy\" decoding=\"async\" width=\"856\" height=\"499\" src=\"http:\/\/oceansignal.com\/wp-content\/uploads\/2023\/04\/image-about-us-3-1.jpg\" alt=\"\" class=\"wp-image-182\" srcset=\"https:\/\/oceansignal.com\/wp-content\/uploads\/2023\/04\/image-about-us-3-1.jpg 856w, https:\/\/oceansignal.com\/wp-content\/uploads\/2023\/04\/image-about-us-3-1-300x175.jpg 300w, https:\/\/oceansignal.com\/wp-content\/uploads\/2023\/04\/image-about-us-3-1-768x448.jpg 768w, https:\/\/oceansignal.com\/wp-content\/uploads\/2023\/04\/image-about-us-3-1-600x350.jpg 600w\" sizes=\"auto, (max-width: 856px) 100vw, 856px\" \/><\/figure>\n\n\n\n<p><\/p>\n\n\n\n<p>Informace o kari\u00e9\u0159e ve spole\u010dnosti Ocean Signal najdete na <a href=\"http:\/\/oceansignal.com\/careers\/\" data-type=\"page\" data-id=\"200\">str\u00e1nce kari\u00e9ry<\/a>.<br\/><br\/><strong>Registrovan\u00e1 adresa spole\u010dnosti:<\/strong><br\/>Ocean Signal Ltd.<br\/>Lekce 4<br\/>Ocivansk\u00e1 cesta<br\/>Margate, Kent<br\/>\u010cT9 4NN<br\/>Spojen\u00e9 kr\u00e1lovstv\u00ed<br\/><br\/><strong>Obecn\u00e9 dotazy, prodej a administrativa<\/strong><br\/>+44 (0)1843 282930<br\/><br\/><strong>POUZE z\u00e1kaznick\u00fd servis a technick\u00e1 podpora<\/strong><br\/>+44 (0)1843 808190<br\/><br\/><strong>Registra\u010dn\u00ed \u010d\u00edslo spole\u010dnosti:<\/strong> 06627101<br\/><br\/>Registrov\u00e1no v Anglii.<\/p>\n\n\n        <\/div><\/div>\n\n\t\n<div\n\tclass=\"c-wave-divider  c-wave-divider--blue  c-wave-divider--margin-top\">\n<\/div>\n\n<div class=\"gb-contact-us\" id=\"contact-us\">\n\t<div class=\"gc-container \">\n    \t\t\t\n\n<div class=\"wp-block-column gb-contact-us__column gb-contact-us__text-container is-layout-flow wp-block-column-is-layout-flow\">\n<h1 class=\"wp-block-heading gb-contact-us__text-container__title\" id=\"h-we-are-here-to-help\">Jsme tu, abychom v\u00e1m pomohli<\/h1>\n\n\n\n<p class=\"gb-contact-us__text-container__text\">Po\u0161lete n\u00e1m zpr\u00e1vu a \u010dlen na\u0161eho t\u00fdmu se v\u00e1m ozve.<\/p>\n\n\n\n<div class=\"wp-block-column gb-contact-us__text-container__image is-layout-flow wp-block-column-is-layout-flow\"><\/div>\n<\/div>\n\n\n\n<div class=\"wp-block-column gb-contact-us__column gb-contact-us__form-container is-layout-flow wp-block-column-is-layout-flow\"><div id=\"contact-form\" class=\"gb-contact-form\">\n\t<form class=\"gb-contact-form__form\" method=\"post\">\n\t\t\n\n<div class=\"c-input c-input--fullName \">\n\t<label class=\"c-input__label\" for=\"fullName\">First and last name (optional)<\/label>\n\t<div class=\"c-input__container\">\n\t\t\t\t<input\n\t\t\ttype=\"text\"\n\t\t\tname=\"fullName\"\n\t\t\tid=\"fullName\"\n\t\t\tclass=\"c-input__input\"\n\t\t\tvalue=\"\"\n\t\t\t\n\t\t\tautocomplete=\"off\"\n\t\t\tspellcheck=\"true\"\n\t\t\tplaceholder=\"\"\n\t\t\/>\n\t<\/div>\n\t\t<span class=\"c-input__message\">This field is required.<\/span>\n<\/div>\n\n\t\t\n\n<div class=\"c-input c-input--email \">\n\t<label class=\"c-input__label\" for=\"email\">Email<\/label>\n\t<div class=\"c-input__container\">\n\t\t\t\t<input\n\t\t\ttype=\"email\"\n\t\t\tname=\"email\"\n\t\t\tid=\"email\"\n\t\t\tclass=\"c-input__input\"\n\t\t\tvalue=\"\"\n\t\t\t\n\t\t\tautocomplete=\"off\"\n\t\t\tspellcheck=\"true\"\n\t\t\tplaceholder=\"\"\n\t\t\/>\n\t<\/div>\n\t\t<span class=\"c-input__message\">Email address is in incorrect format.<\/span>\n<\/div>\n\n\t\t\n\n<div class=\"c-input c-input--phone \">\n\t<label class=\"c-input__label\" for=\"phone\">Phone number (optional)<\/label>\n\t<div class=\"c-input__container\">\n\t\t\t\t<input\n\t\t\ttype=\"text\"\n\t\t\tname=\"phone\"\n\t\t\tid=\"phone\"\n\t\t\tclass=\"c-input__input\"\n\t\t\tvalue=\"\"\n\t\t\t\n\t\t\tautocomplete=\"off\"\n\t\t\tspellcheck=\"true\"\n\t\t\tplaceholder=\"\"\n\t\t\/>\n\t<\/div>\n\t\t<span class=\"c-input__message\">This field is required.<\/span>\n<\/div>\n\n\t\t\n\n<div class=\"c-input c-input--country \">\n\t<label class=\"c-input__label\" for=\"country\">Country of origin<\/label>\n\t<div class=\"c-input__container\">\n\t\t\t\t<input\n\t\t\ttype=\"text\"\n\t\t\tname=\"country\"\n\t\t\tid=\"country\"\n\t\t\tclass=\"c-input__input\"\n\t\t\tvalue=\"\"\n\t\t\t\n\t\t\tautocomplete=\"off\"\n\t\t\tspellcheck=\"true\"\n\t\t\tplaceholder=\"\"\n\t\t\/>\n\t<\/div>\n\t\t<span class=\"c-input__message\">This field is required.<\/span>\n<\/div>\n\n\t\t<div class=\"c-input\">\n\t<label class=\"c-input__label\" for=\"message\">your message<\/label>\n\t<textarea\n\t\tname=\"message\"\n\t\tid=\"message\"\n\t\tclass=\"c-input__input\"\n\t\tvalue=\"\"\n\t\t\n\t\tautocomplete=\"off\"\n\t\tspellcheck=\"true\"\n\t><\/textarea>\n\t\t<span class=\"c-input__message\">This field is required.<\/span>\n<\/div>\n\n\t\t\t<span class=\"c-checkbox c-checkbox--secondary\">\n\t<span class=\"c-checkbox__wrapper\">\n\t\t<input class=\"c-checkbox__input\" type=\"checkbox\" name=\"subscribe\" data-id=\"subscribe\" id=\"subscribe\" value=\"subscribe\"  autocomplete=\"on\"\/>\n\t<\/span>\n\t<label class=\"c-checkbox__text\" for=\"subscribe\"> I\u2019d like to receive news and promotions. <\/label>\n<\/span>\n\n\t\t<div class=\"c-recaptcha c-input js-recaptcha\" id=\"js-recaptcha\">\n    <div class=\"g-recaptcha\" data-sitekey=\"6LdypS0pAAAAAPO_gmMi6_T5NelPv7DVFckpx0_9\" data-callback=\"checkRecaptcha\"><\/div>\n    <span class=\"c-input__message\">This field is required.<\/span>\n<\/div>\n\n\t\t<div class=\"gb-contact-form__form__divider\" ><\/div>\n\t\t<button type=\"submit\" class=\"c-button c-button--primary js-submit-button\">Submit request<\/button>\n\t<\/form>\n\t<p id=\"form-message\" class=\"gb-contact-form__message\"><\/p>\n<\/div>\n<\/div>\n\n\n\n<p class=\"gb-contact-us__bottom-text\">Pova\u017eujeme va\u0161e soukrom\u00ed za d\u016fle\u017eit\u00e9, p\u0159e\u010dt\u011bte si pros\u00edm na\u0161e Z\u00e1sady ochrany osobn\u00edch \u00fadaj\u016f.<br\/>Vezm\u011bte pros\u00edm na v\u011bdom\u00ed, \u017ee va\u0161e kontaktn\u00ed \u00fadaje mohou b\u00fdt pou\u017eity v souladu s p\u0159edpisy EU GDPR.\nSpole\u010dnost Ocean Signal nepou\u017eije tyto \u00fadaje pro marketingov\u00e9 \u00fa\u010dely bez va\u0161eho v\u00fdslovn\u00e9ho souhlasu.\nPodrobnosti o na\u0161ich z\u00e1sad\u00e1ch uchov\u00e1v\u00e1n\u00ed \u00fadaj\u016f naleznete v t\u011bchto z\u00e1sad\u00e1ch.  <br\/><br\/>Pro servisn\u00ed podporu se pros\u00edm nejprve obra\u0165te na m\u00edstn\u00edho distributora.<br\/>Informace o prodejci OSL a slu\u017eb\u00e1ch v\u00fdm\u011bny bateri\u00ed OSL naleznete zde.<\/p>\n\n\n\t\t<\/div><\/div>\n\n<div class=\"gb-careers\">\n            \n\n<div class=\"wp-block-columns gb-careers__wrapper c-container is-layout-flex wp-container-core-columns-is-layout-9d6595d7 wp-block-columns-is-layout-flex\">\n<div class=\"wp-block-column gb-careers__column gb-careers__text-container is-layout-flow wp-block-column-is-layout-flow\">\n<h2 class=\"wp-block-heading gb-careers__text-container__title\" id=\"h-careers\">Kari\u00e9ry<\/h2>\n\n\n\n<p class=\"gb-careers__text-container__text\">M\u00e1te z\u00e1jem p\u0159idat se do na\u0161eho t\u00fdmu?\nNeust\u00e1le hled\u00e1me talentovan\u00e9 jednotlivce, kte\u0159\u00ed by se p\u0159ipojili k rodin\u011b Ocean Signal. <\/p>\n\n\n\n<a\n\t\t\thref=\"http:\/\/oceansignal.com\/careers\/\"\n\t\tclass=\"gb-button gb-button--primary-white \"\n\ttarget=\"_self\">\n\t\tOpen positions\n<\/a>\n<\/div>\n\n\n\n<div class=\"wp-block-column gb-careers__column gb-careers__image-container is-layout-flow wp-block-column-is-layout-flow\">\n<div class=\"gb-image\">\n\t\n<div class=\"gc-image \">\n        <img decoding=\"async\" class=\"gc-image__image gc-image__image--cover \"\n         src=\"http:\/\/oceansignal.com\/wp-content\/uploads\/2023\/04\/image-careers-section.jpg\"\n         alt=\"\"\n    >\n<\/div><\/div>\n<\/div>\n<\/div>\n\n\n    <\/div>\n","protected":false},"excerpt":{"rendered":"<p>Spojili jsme jeden z nejzku\u0161en\u011bj\u0161\u00edch t\u00fdm\u016f elektronick\u00e9ho in\u017een\u00fdrstv\u00ed v n\u00e1mo\u0159n\u00edm komunika\u010dn\u00edm pr\u016fmyslu.<\/p>\n","protected":false},"author":2,"featured_media":0,"parent":0,"menu_order":0,"comment_status":"closed","ping_status":"closed","template":"pagetemplate-header-orange.php","meta":{"_acf_changed":false,"om_disable_all_campaigns":false,"footnotes":""},"class_list":["post-7116","page","type-page","status-publish","hentry"],"acf":[],"yoast_head":"<!-- This site is optimized with the Yoast SEO Premium plugin v25.2 (Yoast SEO v26.4) - https:\/\/yoast.com\/wordpress\/plugins\/seo\/ -->\n<title>O spole\u010dnosti Ocean Signal - Ocean Signal<\/title>\n<meta name=\"description\" content=\"Ocean Signal je va\u0161\u00edm zdrojem \u0159e\u0161en\u00ed n\u00e1mo\u0159n\u00ed bezpe\u010dnosti. Prozkoumejte na\u0161i \u0159adu za\u0159\u00edzen\u00ed EPIRB, PLB a AIS pro spolehlivou komunikaci na mo\u0159i\" \/>\n<meta name=\"robots\" content=\"index, follow, max-snippet:-1, max-image-preview:large, max-video-preview:-1\" \/>\n<link rel=\"canonical\" href=\"https:\/\/oceansignal.com\/cs\/o-spolecnosti-ocean-signal\/\" \/>\n<meta property=\"og:locale\" content=\"cs_CZ\" \/>\n<meta property=\"og:type\" content=\"article\" \/>\n<meta property=\"og:title\" content=\"O spole\u010dnosti Ocean Signal - Ocean Signal\" \/>\n<meta property=\"og:description\" content=\"Ocean Signal je va\u0161\u00edm zdrojem \u0159e\u0161en\u00ed n\u00e1mo\u0159n\u00ed bezpe\u010dnosti. Prozkoumejte na\u0161i \u0159adu za\u0159\u00edzen\u00ed EPIRB, PLB a AIS pro spolehlivou komunikaci na mo\u0159i\" \/>\n<meta property=\"og:url\" content=\"https:\/\/oceansignal.com\/cs\/o-spolecnosti-ocean-signal\/\" \/>\n<meta property=\"og:site_name\" content=\"Ocean Signal\" \/>\n<meta property=\"article:modified_time\" content=\"2024-09-30T14:32:25+00:00\" \/>\n<meta property=\"og:image\" content=\"http:\/\/oceansignal.com\/wp-content\/uploads\/2023\/04\/image-about-us-employees.jpg\" \/>\n<meta name=\"twitter:card\" content=\"summary_large_image\" \/>\n<meta name=\"twitter:label1\" content=\"Odhadovan\u00e1 doba \u010dten\u00ed\" \/>\n\t<meta name=\"twitter:data1\" content=\"3 minuty\" \/>\n<script type=\"application\/ld+json\" class=\"yoast-schema-graph\">{\"@context\":\"https:\/\/schema.org\",\"@graph\":[{\"@type\":\"WebPage\",\"@id\":\"https:\/\/oceansignal.com\/cs\/o-spolecnosti-ocean-signal\/\",\"url\":\"https:\/\/oceansignal.com\/cs\/o-spolecnosti-ocean-signal\/\",\"name\":\"O spole\u010dnosti Ocean Signal - Ocean Signal\",\"isPartOf\":{\"@id\":\"https:\/\/oceansignal.com\/cs\/#website\"},\"primaryImageOfPage\":{\"@id\":\"https:\/\/oceansignal.com\/cs\/o-spolecnosti-ocean-signal\/#primaryimage\"},\"image\":{\"@id\":\"https:\/\/oceansignal.com\/cs\/o-spolecnosti-ocean-signal\/#primaryimage\"},\"thumbnailUrl\":\"http:\/\/oceansignal.com\/wp-content\/uploads\/2023\/04\/image-about-us-employees.jpg\",\"datePublished\":\"2023-04-07T13:10:32+00:00\",\"dateModified\":\"2024-09-30T14:32:25+00:00\",\"description\":\"Ocean Signal je va\u0161\u00edm zdrojem \u0159e\u0161en\u00ed n\u00e1mo\u0159n\u00ed bezpe\u010dnosti. Prozkoumejte na\u0161i \u0159adu za\u0159\u00edzen\u00ed EPIRB, PLB a AIS pro spolehlivou komunikaci na mo\u0159i\",\"inLanguage\":\"cs\",\"potentialAction\":[{\"@type\":\"ReadAction\",\"target\":[\"https:\/\/oceansignal.com\/cs\/o-spolecnosti-ocean-signal\/\"]}]},{\"@type\":\"ImageObject\",\"inLanguage\":\"cs\",\"@id\":\"https:\/\/oceansignal.com\/cs\/o-spolecnosti-ocean-signal\/#primaryimage\",\"url\":\"http:\/\/oceansignal.com\/wp-content\/uploads\/2023\/04\/image-about-us-employees.jpg\",\"contentUrl\":\"http:\/\/oceansignal.com\/wp-content\/uploads\/2023\/04\/image-about-us-employees.jpg\"},{\"@type\":\"WebSite\",\"@id\":\"https:\/\/oceansignal.com\/cs\/#website\",\"url\":\"https:\/\/oceansignal.com\/cs\/\",\"name\":\"Ocean Signal\",\"description\":\"A leading manufacturer of EPIRBs, AIS, SARTs, Personal Locator Beacons, Man Overboard Beacon for the Marine and Outdoor Markets.\",\"potentialAction\":[{\"@type\":\"SearchAction\",\"target\":{\"@type\":\"EntryPoint\",\"urlTemplate\":\"https:\/\/oceansignal.com\/cs\/?s={search_term_string}\"},\"query-input\":{\"@type\":\"PropertyValueSpecification\",\"valueRequired\":true,\"valueName\":\"search_term_string\"}}],\"inLanguage\":\"cs\"}]}<\/script>\n<!-- \/ Yoast SEO Premium plugin. -->","yoast_head_json":{"title":"O spole\u010dnosti Ocean Signal - Ocean Signal","description":"Ocean Signal je va\u0161\u00edm zdrojem \u0159e\u0161en\u00ed n\u00e1mo\u0159n\u00ed bezpe\u010dnosti. Prozkoumejte na\u0161i \u0159adu za\u0159\u00edzen\u00ed EPIRB, PLB a AIS pro spolehlivou komunikaci na mo\u0159i","robots":{"index":"index","follow":"follow","max-snippet":"max-snippet:-1","max-image-preview":"max-image-preview:large","max-video-preview":"max-video-preview:-1"},"canonical":"https:\/\/oceansignal.com\/cs\/o-spolecnosti-ocean-signal\/","og_locale":"cs_CZ","og_type":"article","og_title":"O spole\u010dnosti Ocean Signal - Ocean Signal","og_description":"Ocean Signal je va\u0161\u00edm zdrojem \u0159e\u0161en\u00ed n\u00e1mo\u0159n\u00ed bezpe\u010dnosti. Prozkoumejte na\u0161i \u0159adu za\u0159\u00edzen\u00ed EPIRB, PLB a AIS pro spolehlivou komunikaci na mo\u0159i","og_url":"https:\/\/oceansignal.com\/cs\/o-spolecnosti-ocean-signal\/","og_site_name":"Ocean Signal","article_modified_time":"2024-09-30T14:32:25+00:00","og_image":[{"url":"http:\/\/oceansignal.com\/wp-content\/uploads\/2023\/04\/image-about-us-employees.jpg","type":"","width":"","height":""}],"twitter_card":"summary_large_image","twitter_misc":{"Odhadovan\u00e1 doba \u010dten\u00ed":"3 minuty"},"schema":{"@context":"https:\/\/schema.org","@graph":[{"@type":"WebPage","@id":"https:\/\/oceansignal.com\/cs\/o-spolecnosti-ocean-signal\/","url":"https:\/\/oceansignal.com\/cs\/o-spolecnosti-ocean-signal\/","name":"O spole\u010dnosti Ocean Signal - Ocean Signal","isPartOf":{"@id":"https:\/\/oceansignal.com\/cs\/#website"},"primaryImageOfPage":{"@id":"https:\/\/oceansignal.com\/cs\/o-spolecnosti-ocean-signal\/#primaryimage"},"image":{"@id":"https:\/\/oceansignal.com\/cs\/o-spolecnosti-ocean-signal\/#primaryimage"},"thumbnailUrl":"http:\/\/oceansignal.com\/wp-content\/uploads\/2023\/04\/image-about-us-employees.jpg","datePublished":"2023-04-07T13:10:32+00:00","dateModified":"2024-09-30T14:32:25+00:00","description":"Ocean Signal je va\u0161\u00edm zdrojem \u0159e\u0161en\u00ed n\u00e1mo\u0159n\u00ed bezpe\u010dnosti. Prozkoumejte na\u0161i \u0159adu za\u0159\u00edzen\u00ed EPIRB, PLB a AIS pro spolehlivou komunikaci na mo\u0159i","inLanguage":"cs","potentialAction":[{"@type":"ReadAction","target":["https:\/\/oceansignal.com\/cs\/o-spolecnosti-ocean-signal\/"]}]},{"@type":"ImageObject","inLanguage":"cs","@id":"https:\/\/oceansignal.com\/cs\/o-spolecnosti-ocean-signal\/#primaryimage","url":"http:\/\/oceansignal.com\/wp-content\/uploads\/2023\/04\/image-about-us-employees.jpg","contentUrl":"http:\/\/oceansignal.com\/wp-content\/uploads\/2023\/04\/image-about-us-employees.jpg"},{"@type":"WebSite","@id":"https:\/\/oceansignal.com\/cs\/#website","url":"https:\/\/oceansignal.com\/cs\/","name":"Ocean Signal","description":"A leading manufacturer of EPIRBs, AIS, SARTs, Personal Locator Beacons, Man Overboard Beacon for the Marine and Outdoor Markets.","potentialAction":[{"@type":"SearchAction","target":{"@type":"EntryPoint","urlTemplate":"https:\/\/oceansignal.com\/cs\/?s={search_term_string}"},"query-input":{"@type":"PropertyValueSpecification","valueRequired":true,"valueName":"search_term_string"}}],"inLanguage":"cs"}]}},"_links":{"self":[{"href":"https:\/\/oceansignal.com\/cs\/wp-json\/wp\/v2\/pages\/7116","targetHints":{"allow":["GET"]}}],"collection":[{"href":"https:\/\/oceansignal.com\/cs\/wp-json\/wp\/v2\/pages"}],"about":[{"href":"https:\/\/oceansignal.com\/cs\/wp-json\/wp\/v2\/types\/page"}],"author":[{"embeddable":true,"href":"https:\/\/oceansignal.com\/cs\/wp-json\/wp\/v2\/users\/2"}],"replies":[{"embeddable":true,"href":"https:\/\/oceansignal.com\/cs\/wp-json\/wp\/v2\/comments?post=7116"}],"version-history":[{"count":1,"href":"https:\/\/oceansignal.com\/cs\/wp-json\/wp\/v2\/pages\/7116\/revisions"}],"predecessor-version":[{"id":7117,"href":"https:\/\/oceansignal.com\/cs\/wp-json\/wp\/v2\/pages\/7116\/revisions\/7117"}],"wp:attachment":[{"href":"https:\/\/oceansignal.com\/cs\/wp-json\/wp\/v2\/media?parent=7116"}],"curies":[{"name":"wp","href":"https:\/\/api.w.org\/{rel}","templated":true}]}}