{"id":7162,"date":"2023-04-14T10:01:01","date_gmt":"2023-04-14T10:01:01","guid":{"rendered":"https:\/\/oceansignal.com\/programovani-alarmove-skrinky-ais\/"},"modified":"2024-09-30T14:52:51","modified_gmt":"2024-09-30T14:52:51","slug":"programovani-alarmove-skrinky-ais","status":"publish","type":"page","link":"https:\/\/oceansignal.com\/cs\/podpora\/programovani-produktu\/programovani-alarmove-skrinky-ais\/","title":{"rendered":"Programov\u00e1n\u00ed alarmov\u00e9 sk\u0159\u00ed\u0148ky AIS"},"content":{"rendered":"\n<div class=\"gb-product-programming\">\n    <div class=\"gc-container \">\n                \n\n<div class=\"wp-block-columns gb-product-programming__description is-layout-flex wp-container-core-columns-is-layout-9d6595d7 wp-block-columns-is-layout-flex\">\n<div class=\"wp-block-column gb-product-programming__description__text-container is-layout-flow wp-block-column-is-layout-flow\">\n<h2 class=\"wp-block-heading gb-product-programming__description__text-container__title\" id=\"h-ais-alarm-box-programming\">Programov\u00e1n\u00ed alarmov\u00e9 sk\u0159\u00ed\u0148ky AIS<\/h2>\n\n\n\n<p class=\"gb-product-programming__description__text-container__text\">Chcete-li naprogramovat sv\u016fj produkt, mus\u00edte vybrat instala\u010dn\u00ed programy pro v\u00e1\u0161 typ za\u0159\u00edzen\u00ed.<\/p>\n\n\n\n<a\n                    href=\"http:\/\/oceansignal.com\/products\/ais-alarm\/\"\n                class=\"gb-button-link  \"\n        target=\"_self\">\n        See product details\n<\/a>\n\n\n\n<\/div>\n\n\n\n<div class=\"wp-block-column gb-product-programming__description__divider is-layout-flow wp-block-column-is-layout-flow\"><\/div>\n\n\n\n<div class=\"wp-block-column gb-product-programming__description__image is-layout-flow wp-block-column-is-layout-flow\">\n<div class=\"gb-image\">\n\t\n<div class=\"gc-image \">\n        <img decoding=\"async\" class=\"gc-image__image  \"\n         src=\"http:\/\/oceansignal.com\/wp-content\/uploads\/2023\/04\/image-product-ais-alarm-box1.png\"\n         alt=\"\"\n    >\n<\/div><\/div>\n<\/div>\n<\/div>\n\n\n\n<div class=\"wp-block-columns gb-product-programming__blurbs is-layout-flex wp-container-core-columns-is-layout-9d6595d7 wp-block-columns-is-layout-flex\">\n<div class=\"wp-block-column gb-product-programming__blurbs__text-container is-layout-flow wp-block-column-is-layout-flow\">\n<h6 class=\"wp-block-heading gb-product-programming__blurbs__text-container__title\" id=\"h-ais-alarm-programming-for-android-devices\">Programov\u00e1n\u00ed alarm\u016f AIS pro za\u0159\u00edzen\u00ed Android<\/h6>\n\n\n\n<p class=\"gb-product-programming__blurbs__text-container__text\">P\u0159ejd\u011bte na tuto str\u00e1nku v za\u0159\u00edzen\u00ed se syst\u00e9mem Android.\nSt\u00e1hn\u011bte si soubor.\nNainstalujte jej ze soubor\u016f ke sta\u017een\u00ed.\nV\u0161imn\u011bte si, \u017ee po v\u00fdzv\u011b budete muset povolit opr\u00e1vn\u011bn\u00ed k instalaci z nezn\u00e1m\u00e9ho zdroje.   <\/p>\n\n\n\n<div class=\"wp-block-columns gb-product-programming__blurbs__text-container__link is-layout-flex wp-container-core-columns-is-layout-9d6595d7 wp-block-columns-is-layout-flex\">\n<div class=\"wp-block-column gb-product-programming__blurbs__text-container__link__image is-layout-flow wp-block-column-is-layout-flow\">\n<div class=\"gb-image\">\n\t\n<div class=\"gc-image \">\n        <img decoding=\"async\" class=\"gc-image__image  \"\n         src=\"http:\/\/oceansignal.com\/wp-content\/uploads\/2023\/04\/icon-android.png\"\n         alt=\"\"\n    >\n<\/div><\/div>\n<\/div>\n\n\n\n<div class=\"wp-block-column gb-product-programming__blurbs__text-container__link__link is-layout-flow wp-block-column-is-layout-flow\">\n<a\n                    href=\"https:\/\/oceansignal.com\/wp-content\/uploads\/2023\/09\/ais_alarm.apk\"\n                class=\"gb-button-link  \"\n        target=\"__blank\">\n        DOWNLOAD for Android device\n<\/a>\n\n\n\n<\/div>\n<\/div>\n<\/div>\n\n\n\n<div class=\"wp-block-column gb-product-programming__blurbs__text-container is-layout-flow wp-block-column-is-layout-flow\">\n<h6 class=\"wp-block-heading gb-product-programming__blurbs__text-container__title\" id=\"h-ais-alarm-programming-for-mac\">Programov\u00e1n\u00ed alarm\u016f AIS pro MAC<\/h6>\n\n\n\n<p class=\"gb-product-programming__blurbs__text-container__text\">Tento instala\u010dn\u00ed program slou\u017e\u00ed ke spu\u0161t\u011bn\u00ed programu AIS Alarm Configuration na po\u010d\u00edta\u010di Apple MAC.\nSt\u00e1hn\u011bte soubor do po\u010d\u00edta\u010de, pot\u00e9 otev\u0159ete slo\u017eku se sta\u017een\u00fdmi soubory a spus\u0165te soubor AIS-Alarm-Box.dmg.\nT\u00edm se vytvo\u0159\u00ed slo\u017eka na plo\u0161e.\nP\u0159et\u00e1hn\u011bte ikonu Ocean Signal na plochu.\nSlo\u017eku lze nyn\u00ed odeslat do ko\u0161e.    <\/p>\n\n\n\n<div class=\"wp-block-columns gb-product-programming__blurbs__text-container__link is-layout-flex wp-container-core-columns-is-layout-9d6595d7 wp-block-columns-is-layout-flex\">\n<div class=\"wp-block-column gb-product-programming__blurbs__text-container__link__image is-layout-flow wp-block-column-is-layout-flow\">\n<div class=\"gb-image\">\n\t\n<div class=\"gc-image \">\n        <img decoding=\"async\" class=\"gc-image__image  \"\n         src=\"http:\/\/oceansignal.com\/wp-content\/uploads\/2023\/04\/icon-apple.png\"\n         alt=\"\"\n    >\n<\/div><\/div>\n<\/div>\n\n\n\n<div class=\"wp-block-column gb-product-programming__blurbs__text-container__link__link is-layout-flow wp-block-column-is-layout-flow\">\n<a\n                    href=\"https:\/\/apps.apple.com\/us\/app\/id1522285003\"\n                class=\"gb-button-link  \"\n        target=\"__blank\">\n        DOWNLOAD for Apple Mac\n<\/a>\n\n\n\n<\/div>\n<\/div>\n<\/div>\n\n\n\n<div class=\"wp-block-column gb-product-programming__blurbs__text-container is-layout-flow wp-block-column-is-layout-flow\">\n<h6 class=\"wp-block-heading gb-product-programming__blurbs__text-container__title\" id=\"h-ais-alarm-programming-for-windows-pc\">Programov\u00e1n\u00ed alarmu AIS pro Windows PC<\/h6>\n\n\n\n<p class=\"gb-product-programming__blurbs__text-container__text\">Tento instala\u010dn\u00ed program pou\u017eijte ke spu\u0161t\u011bn\u00ed programu AIS Alarm Configuration na po\u010d\u00edta\u010di se syst\u00e9mem Windows.\nPo dokon\u010den\u00ed instalace najd\u011bte slo\u017eku Ocean Signal Programs nebo Apps a spus\u0165te soubor &#8222;USB Driver Installer&#8220;.\nNyn\u00ed zapojte alarmbox AIS do voln\u00e9ho portu USB.  <\/p>\n\n\n\n<div class=\"wp-block-columns gb-product-programming__blurbs__text-container__link is-layout-flex wp-container-core-columns-is-layout-9d6595d7 wp-block-columns-is-layout-flex\">\n<div class=\"wp-block-column gb-product-programming__blurbs__text-container__link__image is-layout-flow wp-block-column-is-layout-flow\">\n<div class=\"gb-image\">\n\t\n<div class=\"gc-image \">\n        <img decoding=\"async\" class=\"gc-image__image  \"\n         src=\"http:\/\/oceansignal.com\/wp-content\/uploads\/2023\/04\/icon-windows.png\"\n         alt=\"\"\n    >\n<\/div><\/div>\n<\/div>\n\n\n\n<div class=\"wp-block-column gb-product-programming__blurbs__text-container__link__link is-layout-flow wp-block-column-is-layout-flow\">\n<a\n                    href=\"https:\/\/oceansignal.com\/wp-content\/uploads\/2023\/09\/Ais-Alarm.msi\"\n                class=\"gb-button-link  \"\n        target=\"__blank\">\n        DOWNLOAD for Windows PC\n<\/a>\n\n\n\n<\/div>\n<\/div>\n<\/div>\n<\/div>\n\n\n        <\/div><\/div>\n","protected":false},"excerpt":{"rendered":"","protected":false},"author":2,"featured_media":0,"parent":7984,"menu_order":0,"comment_status":"closed","ping_status":"closed","template":"pagetemplate-empty.php","meta":{"_acf_changed":false,"om_disable_all_campaigns":false,"footnotes":""},"class_list":["post-7162","page","type-page","status-publish","hentry"],"acf":[],"yoast_head":"<!-- This site is optimized with the Yoast SEO Premium plugin v25.2 (Yoast SEO v26.4) - https:\/\/yoast.com\/wordpress\/plugins\/seo\/ -->\n<title>Programov\u00e1n\u00ed alarmov\u00e9 sk\u0159\u00ed\u0148ky AIS - Ocean Signal<\/title>\n<meta name=\"description\" content=\"Bez n\u00e1mahy naprogramujte sv\u016fj alarmov\u00fd box Ocean Signal AIS pro zv\u00fd\u0161en\u00ed bezpe\u010dnosti na mo\u0159i. Zjednodu\u0161te konfiguraci AIS pomoc\u00ed na\u0161\u00ed intuitivn\u00ed programovac\u00ed str\u00e1nky.\" \/>\n<meta name=\"robots\" content=\"index, follow, max-snippet:-1, max-image-preview:large, max-video-preview:-1\" \/>\n<link rel=\"canonical\" href=\"https:\/\/oceansignal.com\/cs\/podpora\/programovani-produktu\/programovani-alarmove-skrinky-ais\/\" \/>\n<meta property=\"og:locale\" content=\"cs_CZ\" \/>\n<meta property=\"og:type\" content=\"article\" \/>\n<meta property=\"og:title\" content=\"Programov\u00e1n\u00ed alarmov\u00e9 sk\u0159\u00ed\u0148ky AIS - Ocean Signal\" \/>\n<meta property=\"og:description\" content=\"Bez n\u00e1mahy naprogramujte sv\u016fj alarmov\u00fd box Ocean Signal AIS pro zv\u00fd\u0161en\u00ed bezpe\u010dnosti na mo\u0159i. Zjednodu\u0161te konfiguraci AIS pomoc\u00ed na\u0161\u00ed intuitivn\u00ed programovac\u00ed str\u00e1nky.\" \/>\n<meta property=\"og:url\" content=\"https:\/\/oceansignal.com\/cs\/podpora\/programovani-produktu\/programovani-alarmove-skrinky-ais\/\" \/>\n<meta property=\"og:site_name\" content=\"Ocean Signal\" \/>\n<meta property=\"article:modified_time\" content=\"2024-09-30T14:52:51+00:00\" \/>\n<meta property=\"og:image\" content=\"https:\/\/oceansignal.com\/wp-content\/uploads\/2024\/03\/image-social-share-04.jpg\" \/>\n\t<meta property=\"og:image:width\" content=\"1200\" \/>\n\t<meta property=\"og:image:height\" content=\"630\" \/>\n\t<meta property=\"og:image:type\" content=\"image\/jpeg\" \/>\n<meta name=\"twitter:card\" content=\"summary_large_image\" \/>\n<meta name=\"twitter:label1\" content=\"Odhadovan\u00e1 doba \u010dten\u00ed\" \/>\n\t<meta name=\"twitter:data1\" content=\"1 minuta\" \/>\n<script type=\"application\/ld+json\" class=\"yoast-schema-graph\">{\"@context\":\"https:\/\/schema.org\",\"@graph\":[{\"@type\":\"WebPage\",\"@id\":\"https:\/\/oceansignal.com\/cs\/podpora\/programovani-produktu\/programovani-alarmove-skrinky-ais\/\",\"url\":\"https:\/\/oceansignal.com\/cs\/podpora\/programovani-produktu\/programovani-alarmove-skrinky-ais\/\",\"name\":\"Programov\u00e1n\u00ed alarmov\u00e9 sk\u0159\u00ed\u0148ky AIS - Ocean Signal\",\"isPartOf\":{\"@id\":\"https:\/\/oceansignal.com\/cs\/#website\"},\"datePublished\":\"2023-04-14T10:01:01+00:00\",\"dateModified\":\"2024-09-30T14:52:51+00:00\",\"description\":\"Bez n\u00e1mahy naprogramujte sv\u016fj alarmov\u00fd box Ocean Signal AIS pro zv\u00fd\u0161en\u00ed bezpe\u010dnosti na mo\u0159i. Zjednodu\u0161te konfiguraci AIS pomoc\u00ed na\u0161\u00ed intuitivn\u00ed programovac\u00ed str\u00e1nky.\",\"breadcrumb\":{\"@id\":\"https:\/\/oceansignal.com\/cs\/podpora\/programovani-produktu\/programovani-alarmove-skrinky-ais\/#breadcrumb\"},\"inLanguage\":\"cs\",\"potentialAction\":[{\"@type\":\"ReadAction\",\"target\":[\"https:\/\/oceansignal.com\/cs\/podpora\/programovani-produktu\/programovani-alarmove-skrinky-ais\/\"]}]},{\"@type\":\"BreadcrumbList\",\"@id\":\"https:\/\/oceansignal.com\/cs\/podpora\/programovani-produktu\/programovani-alarmove-skrinky-ais\/#breadcrumb\",\"itemListElement\":[{\"@type\":\"ListItem\",\"position\":1,\"name\":\"Podpora\",\"item\":\"https:\/\/oceansignal.com\/cs\/podpora\/\"},{\"@type\":\"ListItem\",\"position\":2,\"name\":\"Programov\u00e1n\u00ed produkt\u016f\",\"item\":\"https:\/\/oceansignal.com\/cs\/podpora\/programovani-produktu\/\"},{\"@type\":\"ListItem\",\"position\":3,\"name\":\"Programov\u00e1n\u00ed alarmov\u00e9 sk\u0159\u00ed\u0148ky AIS\"}]},{\"@type\":\"WebSite\",\"@id\":\"https:\/\/oceansignal.com\/cs\/#website\",\"url\":\"https:\/\/oceansignal.com\/cs\/\",\"name\":\"Ocean Signal\",\"description\":\"A leading manufacturer of EPIRBs, AIS, SARTs, Personal Locator Beacons, Man Overboard Beacon for the Marine and Outdoor Markets.\",\"potentialAction\":[{\"@type\":\"SearchAction\",\"target\":{\"@type\":\"EntryPoint\",\"urlTemplate\":\"https:\/\/oceansignal.com\/cs\/?s={search_term_string}\"},\"query-input\":{\"@type\":\"PropertyValueSpecification\",\"valueRequired\":true,\"valueName\":\"search_term_string\"}}],\"inLanguage\":\"cs\"}]}<\/script>\n<!-- \/ Yoast SEO Premium plugin. -->","yoast_head_json":{"title":"Programov\u00e1n\u00ed alarmov\u00e9 sk\u0159\u00ed\u0148ky AIS - Ocean Signal","description":"Bez n\u00e1mahy naprogramujte sv\u016fj alarmov\u00fd box Ocean Signal AIS pro zv\u00fd\u0161en\u00ed bezpe\u010dnosti na mo\u0159i. Zjednodu\u0161te konfiguraci AIS pomoc\u00ed na\u0161\u00ed intuitivn\u00ed programovac\u00ed str\u00e1nky.","robots":{"index":"index","follow":"follow","max-snippet":"max-snippet:-1","max-image-preview":"max-image-preview:large","max-video-preview":"max-video-preview:-1"},"canonical":"https:\/\/oceansignal.com\/cs\/podpora\/programovani-produktu\/programovani-alarmove-skrinky-ais\/","og_locale":"cs_CZ","og_type":"article","og_title":"Programov\u00e1n\u00ed alarmov\u00e9 sk\u0159\u00ed\u0148ky AIS - Ocean Signal","og_description":"Bez n\u00e1mahy naprogramujte sv\u016fj alarmov\u00fd box Ocean Signal AIS pro zv\u00fd\u0161en\u00ed bezpe\u010dnosti na mo\u0159i. Zjednodu\u0161te konfiguraci AIS pomoc\u00ed na\u0161\u00ed intuitivn\u00ed programovac\u00ed str\u00e1nky.","og_url":"https:\/\/oceansignal.com\/cs\/podpora\/programovani-produktu\/programovani-alarmove-skrinky-ais\/","og_site_name":"Ocean Signal","article_modified_time":"2024-09-30T14:52:51+00:00","og_image":[{"width":1200,"height":630,"url":"https:\/\/oceansignal.com\/wp-content\/uploads\/2024\/03\/image-social-share-04.jpg","type":"image\/jpeg"}],"twitter_card":"summary_large_image","twitter_misc":{"Odhadovan\u00e1 doba \u010dten\u00ed":"1 minuta"},"schema":{"@context":"https:\/\/schema.org","@graph":[{"@type":"WebPage","@id":"https:\/\/oceansignal.com\/cs\/podpora\/programovani-produktu\/programovani-alarmove-skrinky-ais\/","url":"https:\/\/oceansignal.com\/cs\/podpora\/programovani-produktu\/programovani-alarmove-skrinky-ais\/","name":"Programov\u00e1n\u00ed alarmov\u00e9 sk\u0159\u00ed\u0148ky AIS - Ocean Signal","isPartOf":{"@id":"https:\/\/oceansignal.com\/cs\/#website"},"datePublished":"2023-04-14T10:01:01+00:00","dateModified":"2024-09-30T14:52:51+00:00","description":"Bez n\u00e1mahy naprogramujte sv\u016fj alarmov\u00fd box Ocean Signal AIS pro zv\u00fd\u0161en\u00ed bezpe\u010dnosti na mo\u0159i. Zjednodu\u0161te konfiguraci AIS pomoc\u00ed na\u0161\u00ed intuitivn\u00ed programovac\u00ed str\u00e1nky.","breadcrumb":{"@id":"https:\/\/oceansignal.com\/cs\/podpora\/programovani-produktu\/programovani-alarmove-skrinky-ais\/#breadcrumb"},"inLanguage":"cs","potentialAction":[{"@type":"ReadAction","target":["https:\/\/oceansignal.com\/cs\/podpora\/programovani-produktu\/programovani-alarmove-skrinky-ais\/"]}]},{"@type":"BreadcrumbList","@id":"https:\/\/oceansignal.com\/cs\/podpora\/programovani-produktu\/programovani-alarmove-skrinky-ais\/#breadcrumb","itemListElement":[{"@type":"ListItem","position":1,"name":"Podpora","item":"https:\/\/oceansignal.com\/cs\/podpora\/"},{"@type":"ListItem","position":2,"name":"Programov\u00e1n\u00ed produkt\u016f","item":"https:\/\/oceansignal.com\/cs\/podpora\/programovani-produktu\/"},{"@type":"ListItem","position":3,"name":"Programov\u00e1n\u00ed alarmov\u00e9 sk\u0159\u00ed\u0148ky AIS"}]},{"@type":"WebSite","@id":"https:\/\/oceansignal.com\/cs\/#website","url":"https:\/\/oceansignal.com\/cs\/","name":"Ocean Signal","description":"A leading manufacturer of EPIRBs, AIS, SARTs, Personal Locator Beacons, Man Overboard Beacon for the Marine and Outdoor Markets.","potentialAction":[{"@type":"SearchAction","target":{"@type":"EntryPoint","urlTemplate":"https:\/\/oceansignal.com\/cs\/?s={search_term_string}"},"query-input":{"@type":"PropertyValueSpecification","valueRequired":true,"valueName":"search_term_string"}}],"inLanguage":"cs"}]}},"_links":{"self":[{"href":"https:\/\/oceansignal.com\/cs\/wp-json\/wp\/v2\/pages\/7162","targetHints":{"allow":["GET"]}}],"collection":[{"href":"https:\/\/oceansignal.com\/cs\/wp-json\/wp\/v2\/pages"}],"about":[{"href":"https:\/\/oceansignal.com\/cs\/wp-json\/wp\/v2\/types\/page"}],"author":[{"embeddable":true,"href":"https:\/\/oceansignal.com\/cs\/wp-json\/wp\/v2\/users\/2"}],"replies":[{"embeddable":true,"href":"https:\/\/oceansignal.com\/cs\/wp-json\/wp\/v2\/comments?post=7162"}],"version-history":[{"count":1,"href":"https:\/\/oceansignal.com\/cs\/wp-json\/wp\/v2\/pages\/7162\/revisions"}],"predecessor-version":[{"id":7164,"href":"https:\/\/oceansignal.com\/cs\/wp-json\/wp\/v2\/pages\/7162\/revisions\/7164"}],"up":[{"embeddable":true,"href":"https:\/\/oceansignal.com\/cs\/wp-json\/wp\/v2\/pages\/7984"}],"wp:attachment":[{"href":"https:\/\/oceansignal.com\/cs\/wp-json\/wp\/v2\/media?parent=7162"}],"curies":[{"name":"wp","href":"https:\/\/api.w.org\/{rel}","templated":true}]}}