{"id":7321,"date":"2023-04-21T11:50:04","date_gmt":"2023-04-21T11:50:04","guid":{"rendered":"https:\/\/oceansignal.com\/programovani-mob1\/"},"modified":"2024-09-30T14:52:52","modified_gmt":"2024-09-30T14:52:52","slug":"programovani-mob1","status":"publish","type":"page","link":"https:\/\/oceansignal.com\/cs\/podpora\/programovani-produktu\/programovani-mob1\/","title":{"rendered":"Programov\u00e1n\u00ed MOB1"},"content":{"rendered":"\n<div class=\"gb-product-programming\">\n    <div class=\"gc-container \">\n                \n\n<div class=\"wp-block-columns gb-product-programming__description is-layout-flex wp-container-core-columns-is-layout-9d6595d7 wp-block-columns-is-layout-flex\">\n<div class=\"wp-block-column gb-product-programming__description__text-container is-layout-flow wp-block-column-is-layout-flow\">\n<h2 class=\"gb-product-programming__description__text-container__title wp-block-heading\" id=\"h-mob1-programming\">Programov\u00e1n\u00ed MOB1<\/h2>\n\n\n\n<p class=\"gb-product-programming__description__text-container__text\">Dostupn\u00e1 verze je specifick\u00e1 pro povolen\u00e9 funkce DSC ve va\u0161\u00ed zemi.\nOdkazy na instala\u010dn\u00ed program budou k dispozici po v\u00fdb\u011bru zem\u011b z n\u00ed\u017ee uveden\u00e9ho zad\u00e1n\u00ed um\u00edst\u011bn\u00ed. <\/p>\n\n\n\n<a\n                    href=\"http:\/\/oceansignal.com\/products\/rescueme-mob1\/\"\n                class=\"gb-button-link  \"\n        target=\"_self\">\n        See product details\n<\/a>\n\n\n\n<\/div>\n\n\n\n<div class=\"wp-block-column gb-product-programming__description__divider is-layout-flow wp-block-column-is-layout-flow\"><\/div>\n\n\n\n<div class=\"wp-block-column gb-product-programming__description__image is-layout-flow wp-block-column-is-layout-flow\">\n<div class=\"gb-image\">\n\t\n<div class=\"gc-image \">\n        <img decoding=\"async\" class=\"gc-image__image  \"\n         src=\"http:\/\/oceansignal.com\/wp-content\/uploads\/2023\/04\/image-product-mob1-2.png\"\n         alt=\"\"\n    >\n<\/div><\/div>\n<\/div>\n<\/div>\n\n\n        <\/div><\/div>\n","protected":false},"excerpt":{"rendered":"","protected":false},"author":2,"featured_media":0,"parent":7984,"menu_order":0,"comment_status":"closed","ping_status":"closed","template":"pagetemplate-mob1.php","meta":{"_acf_changed":false,"om_disable_all_campaigns":false,"footnotes":""},"class_list":["post-7321","page","type-page","status-publish","hentry"],"acf":[],"yoast_head":"<!-- This site is optimized with the Yoast SEO Premium plugin v25.2 (Yoast SEO v26.4) - https:\/\/yoast.com\/wordpress\/plugins\/seo\/ -->\n<title>Programov\u00e1n\u00ed MOB1 - Ocean Signal<\/title>\n<meta name=\"description\" content=\"Programov\u00e1n\u00ed Ocean Signal MOB1 pro zv\u00fd\u0161en\u00ed bezpe\u010dnosti. Snadno nakonfigurujte sv\u016fj AIS Beacon pro spolehliv\u00e9 upozor\u0148ov\u00e1n\u00ed na \u010dlov\u011bka. Naprogramujte nyn\u00ed.\" \/>\n<meta name=\"robots\" content=\"index, follow, max-snippet:-1, max-image-preview:large, max-video-preview:-1\" \/>\n<link rel=\"canonical\" href=\"https:\/\/oceansignal.com\/cs\/podpora\/programovani-produktu\/programovani-mob1\/\" \/>\n<meta property=\"og:locale\" content=\"cs_CZ\" \/>\n<meta property=\"og:type\" content=\"article\" \/>\n<meta property=\"og:title\" content=\"Programov\u00e1n\u00ed MOB1 - Ocean Signal\" \/>\n<meta property=\"og:description\" content=\"Programov\u00e1n\u00ed Ocean Signal MOB1 pro zv\u00fd\u0161en\u00ed bezpe\u010dnosti. Snadno nakonfigurujte sv\u016fj AIS Beacon pro spolehliv\u00e9 upozor\u0148ov\u00e1n\u00ed na \u010dlov\u011bka. Naprogramujte nyn\u00ed.\" \/>\n<meta property=\"og:url\" content=\"https:\/\/oceansignal.com\/cs\/podpora\/programovani-produktu\/programovani-mob1\/\" \/>\n<meta property=\"og:site_name\" content=\"Ocean Signal\" \/>\n<meta property=\"article:modified_time\" content=\"2024-09-30T14:52:52+00:00\" \/>\n<meta property=\"og:image\" content=\"https:\/\/oceansignal.com\/wp-content\/uploads\/2024\/03\/image-social-share-04.jpg\" \/>\n\t<meta property=\"og:image:width\" content=\"1200\" \/>\n\t<meta property=\"og:image:height\" content=\"630\" \/>\n\t<meta property=\"og:image:type\" content=\"image\/jpeg\" \/>\n<meta name=\"twitter:card\" content=\"summary_large_image\" \/>\n<script type=\"application\/ld+json\" class=\"yoast-schema-graph\">{\"@context\":\"https:\/\/schema.org\",\"@graph\":[{\"@type\":\"WebPage\",\"@id\":\"https:\/\/oceansignal.com\/cs\/podpora\/programovani-produktu\/programovani-mob1\/\",\"url\":\"https:\/\/oceansignal.com\/cs\/podpora\/programovani-produktu\/programovani-mob1\/\",\"name\":\"Programov\u00e1n\u00ed MOB1 - Ocean Signal\",\"isPartOf\":{\"@id\":\"https:\/\/oceansignal.com\/cs\/#website\"},\"datePublished\":\"2023-04-21T11:50:04+00:00\",\"dateModified\":\"2024-09-30T14:52:52+00:00\",\"description\":\"Programov\u00e1n\u00ed Ocean Signal MOB1 pro zv\u00fd\u0161en\u00ed bezpe\u010dnosti. Snadno nakonfigurujte sv\u016fj AIS Beacon pro spolehliv\u00e9 upozor\u0148ov\u00e1n\u00ed na \u010dlov\u011bka. Naprogramujte nyn\u00ed.\",\"breadcrumb\":{\"@id\":\"https:\/\/oceansignal.com\/cs\/podpora\/programovani-produktu\/programovani-mob1\/#breadcrumb\"},\"inLanguage\":\"cs\",\"potentialAction\":[{\"@type\":\"ReadAction\",\"target\":[\"https:\/\/oceansignal.com\/cs\/podpora\/programovani-produktu\/programovani-mob1\/\"]}]},{\"@type\":\"BreadcrumbList\",\"@id\":\"https:\/\/oceansignal.com\/cs\/podpora\/programovani-produktu\/programovani-mob1\/#breadcrumb\",\"itemListElement\":[{\"@type\":\"ListItem\",\"position\":1,\"name\":\"Podpora\",\"item\":\"https:\/\/oceansignal.com\/cs\/podpora\/\"},{\"@type\":\"ListItem\",\"position\":2,\"name\":\"Programov\u00e1n\u00ed produkt\u016f\",\"item\":\"https:\/\/oceansignal.com\/cs\/podpora\/programovani-produktu\/\"},{\"@type\":\"ListItem\",\"position\":3,\"name\":\"Programov\u00e1n\u00ed MOB1\"}]},{\"@type\":\"WebSite\",\"@id\":\"https:\/\/oceansignal.com\/cs\/#website\",\"url\":\"https:\/\/oceansignal.com\/cs\/\",\"name\":\"Ocean Signal\",\"description\":\"A leading manufacturer of EPIRBs, AIS, SARTs, Personal Locator Beacons, Man Overboard Beacon for the Marine and Outdoor Markets.\",\"potentialAction\":[{\"@type\":\"SearchAction\",\"target\":{\"@type\":\"EntryPoint\",\"urlTemplate\":\"https:\/\/oceansignal.com\/cs\/?s={search_term_string}\"},\"query-input\":{\"@type\":\"PropertyValueSpecification\",\"valueRequired\":true,\"valueName\":\"search_term_string\"}}],\"inLanguage\":\"cs\"}]}<\/script>\n<!-- \/ Yoast SEO Premium plugin. -->","yoast_head_json":{"title":"Programov\u00e1n\u00ed MOB1 - Ocean Signal","description":"Programov\u00e1n\u00ed Ocean Signal MOB1 pro zv\u00fd\u0161en\u00ed bezpe\u010dnosti. Snadno nakonfigurujte sv\u016fj AIS Beacon pro spolehliv\u00e9 upozor\u0148ov\u00e1n\u00ed na \u010dlov\u011bka. Naprogramujte nyn\u00ed.","robots":{"index":"index","follow":"follow","max-snippet":"max-snippet:-1","max-image-preview":"max-image-preview:large","max-video-preview":"max-video-preview:-1"},"canonical":"https:\/\/oceansignal.com\/cs\/podpora\/programovani-produktu\/programovani-mob1\/","og_locale":"cs_CZ","og_type":"article","og_title":"Programov\u00e1n\u00ed MOB1 - Ocean Signal","og_description":"Programov\u00e1n\u00ed Ocean Signal MOB1 pro zv\u00fd\u0161en\u00ed bezpe\u010dnosti. Snadno nakonfigurujte sv\u016fj AIS Beacon pro spolehliv\u00e9 upozor\u0148ov\u00e1n\u00ed na \u010dlov\u011bka. Naprogramujte nyn\u00ed.","og_url":"https:\/\/oceansignal.com\/cs\/podpora\/programovani-produktu\/programovani-mob1\/","og_site_name":"Ocean Signal","article_modified_time":"2024-09-30T14:52:52+00:00","og_image":[{"width":1200,"height":630,"url":"https:\/\/oceansignal.com\/wp-content\/uploads\/2024\/03\/image-social-share-04.jpg","type":"image\/jpeg"}],"twitter_card":"summary_large_image","schema":{"@context":"https:\/\/schema.org","@graph":[{"@type":"WebPage","@id":"https:\/\/oceansignal.com\/cs\/podpora\/programovani-produktu\/programovani-mob1\/","url":"https:\/\/oceansignal.com\/cs\/podpora\/programovani-produktu\/programovani-mob1\/","name":"Programov\u00e1n\u00ed MOB1 - Ocean Signal","isPartOf":{"@id":"https:\/\/oceansignal.com\/cs\/#website"},"datePublished":"2023-04-21T11:50:04+00:00","dateModified":"2024-09-30T14:52:52+00:00","description":"Programov\u00e1n\u00ed Ocean Signal MOB1 pro zv\u00fd\u0161en\u00ed bezpe\u010dnosti. Snadno nakonfigurujte sv\u016fj AIS Beacon pro spolehliv\u00e9 upozor\u0148ov\u00e1n\u00ed na \u010dlov\u011bka. Naprogramujte nyn\u00ed.","breadcrumb":{"@id":"https:\/\/oceansignal.com\/cs\/podpora\/programovani-produktu\/programovani-mob1\/#breadcrumb"},"inLanguage":"cs","potentialAction":[{"@type":"ReadAction","target":["https:\/\/oceansignal.com\/cs\/podpora\/programovani-produktu\/programovani-mob1\/"]}]},{"@type":"BreadcrumbList","@id":"https:\/\/oceansignal.com\/cs\/podpora\/programovani-produktu\/programovani-mob1\/#breadcrumb","itemListElement":[{"@type":"ListItem","position":1,"name":"Podpora","item":"https:\/\/oceansignal.com\/cs\/podpora\/"},{"@type":"ListItem","position":2,"name":"Programov\u00e1n\u00ed produkt\u016f","item":"https:\/\/oceansignal.com\/cs\/podpora\/programovani-produktu\/"},{"@type":"ListItem","position":3,"name":"Programov\u00e1n\u00ed MOB1"}]},{"@type":"WebSite","@id":"https:\/\/oceansignal.com\/cs\/#website","url":"https:\/\/oceansignal.com\/cs\/","name":"Ocean Signal","description":"A leading manufacturer of EPIRBs, AIS, SARTs, Personal Locator Beacons, Man Overboard Beacon for the Marine and Outdoor Markets.","potentialAction":[{"@type":"SearchAction","target":{"@type":"EntryPoint","urlTemplate":"https:\/\/oceansignal.com\/cs\/?s={search_term_string}"},"query-input":{"@type":"PropertyValueSpecification","valueRequired":true,"valueName":"search_term_string"}}],"inLanguage":"cs"}]}},"_links":{"self":[{"href":"https:\/\/oceansignal.com\/cs\/wp-json\/wp\/v2\/pages\/7321","targetHints":{"allow":["GET"]}}],"collection":[{"href":"https:\/\/oceansignal.com\/cs\/wp-json\/wp\/v2\/pages"}],"about":[{"href":"https:\/\/oceansignal.com\/cs\/wp-json\/wp\/v2\/types\/page"}],"author":[{"embeddable":true,"href":"https:\/\/oceansignal.com\/cs\/wp-json\/wp\/v2\/users\/2"}],"replies":[{"embeddable":true,"href":"https:\/\/oceansignal.com\/cs\/wp-json\/wp\/v2\/comments?post=7321"}],"version-history":[{"count":1,"href":"https:\/\/oceansignal.com\/cs\/wp-json\/wp\/v2\/pages\/7321\/revisions"}],"predecessor-version":[{"id":7327,"href":"https:\/\/oceansignal.com\/cs\/wp-json\/wp\/v2\/pages\/7321\/revisions\/7327"}],"up":[{"embeddable":true,"href":"https:\/\/oceansignal.com\/cs\/wp-json\/wp\/v2\/pages\/7984"}],"wp:attachment":[{"href":"https:\/\/oceansignal.com\/cs\/wp-json\/wp\/v2\/media?parent=7321"}],"curies":[{"name":"wp","href":"https:\/\/api.w.org\/{rel}","templated":true}]}}