{"id":7356,"date":"2023-04-04T10:34:10","date_gmt":"2023-04-04T10:34:10","guid":{"rendered":"https:\/\/oceansignal.com\/prihlaseni-do-systemu\/"},"modified":"2023-04-04T10:34:10","modified_gmt":"2023-04-04T10:34:10","slug":"prihlaseni-do-systemu","status":"publish","type":"page","link":"https:\/\/oceansignal.com\/cs\/prihlaseni-do-systemu\/","title":{"rendered":"P\u0159ihl\u00e1\u0161en\u00ed do syst\u00e9mu"},"content":{"rendered":"","protected":false},"excerpt":{"rendered":"","protected":false},"author":1,"featured_media":0,"parent":0,"menu_order":0,"comment_status":"closed","ping_status":"closed","template":"pagetemplate-login.php","meta":{"_acf_changed":false,"om_disable_all_campaigns":false,"footnotes":""},"class_list":["post-7356","page","type-page","status-publish","hentry"],"acf":[],"yoast_head":"<!-- This site is optimized with the Yoast SEO Premium plugin v25.2 (Yoast SEO v26.4) - https:\/\/yoast.com\/wordpress\/plugins\/seo\/ -->\n<title>P\u0159ihl\u00e1\u0161en\u00ed do syst\u00e9mu - Ocean Signal<\/title>\n<meta name=\"description\" content=\"Bezpe\u010dn\u00fd p\u0159\u00edstup k p\u0159ihla\u0161ovac\u00edm \u00fadaj\u016fm Ocean Signal pro efektivn\u011bj\u0161\u00ed spr\u00e1vu bezpe\u010dnostn\u00edho vybaven\u00ed. Snadn\u00fd, pohodln\u00fd a spolehliv\u00fd proces p\u0159ihl\u00e1\u0161en\u00ed k \u00fa\u010dtu.\" \/>\n<meta name=\"robots\" content=\"index, follow, max-snippet:-1, max-image-preview:large, max-video-preview:-1\" \/>\n<link rel=\"canonical\" href=\"https:\/\/oceansignal.com\/cs\/prihlaseni-do-systemu\/\" \/>\n<meta property=\"og:locale\" content=\"cs_CZ\" \/>\n<meta property=\"og:type\" content=\"article\" \/>\n<meta property=\"og:title\" content=\"P\u0159ihl\u00e1\u0161en\u00ed do syst\u00e9mu - Ocean Signal\" \/>\n<meta property=\"og:description\" content=\"Bezpe\u010dn\u00fd p\u0159\u00edstup k p\u0159ihla\u0161ovac\u00edm \u00fadaj\u016fm Ocean Signal pro efektivn\u011bj\u0161\u00ed spr\u00e1vu bezpe\u010dnostn\u00edho vybaven\u00ed. Snadn\u00fd, pohodln\u00fd a spolehliv\u00fd proces p\u0159ihl\u00e1\u0161en\u00ed k \u00fa\u010dtu.\" \/>\n<meta property=\"og:url\" content=\"https:\/\/oceansignal.com\/cs\/prihlaseni-do-systemu\/\" \/>\n<meta property=\"og:site_name\" content=\"Ocean Signal\" \/>\n<meta property=\"og:image\" content=\"https:\/\/oceansignal.com\/wp-content\/uploads\/2024\/03\/image-social-share-04.jpg\" \/>\n\t<meta property=\"og:image:width\" content=\"1200\" \/>\n\t<meta property=\"og:image:height\" content=\"630\" \/>\n\t<meta property=\"og:image:type\" content=\"image\/jpeg\" \/>\n<meta name=\"twitter:card\" content=\"summary_large_image\" \/>\n<script type=\"application\/ld+json\" class=\"yoast-schema-graph\">{\"@context\":\"https:\/\/schema.org\",\"@graph\":[{\"@type\":\"WebPage\",\"@id\":\"https:\/\/oceansignal.com\/cs\/prihlaseni-do-systemu\/\",\"url\":\"https:\/\/oceansignal.com\/cs\/prihlaseni-do-systemu\/\",\"name\":\"P\u0159ihl\u00e1\u0161en\u00ed do syst\u00e9mu - Ocean Signal\",\"isPartOf\":{\"@id\":\"https:\/\/oceansignal.com\/cs\/#website\"},\"datePublished\":\"2023-04-04T10:34:10+00:00\",\"description\":\"Bezpe\u010dn\u00fd p\u0159\u00edstup k p\u0159ihla\u0161ovac\u00edm \u00fadaj\u016fm Ocean Signal pro efektivn\u011bj\u0161\u00ed spr\u00e1vu bezpe\u010dnostn\u00edho vybaven\u00ed. Snadn\u00fd, pohodln\u00fd a spolehliv\u00fd proces p\u0159ihl\u00e1\u0161en\u00ed k \u00fa\u010dtu.\",\"inLanguage\":\"cs\",\"potentialAction\":[{\"@type\":\"ReadAction\",\"target\":[\"https:\/\/oceansignal.com\/cs\/prihlaseni-do-systemu\/\"]}]},{\"@type\":\"WebSite\",\"@id\":\"https:\/\/oceansignal.com\/cs\/#website\",\"url\":\"https:\/\/oceansignal.com\/cs\/\",\"name\":\"Ocean Signal\",\"description\":\"A leading manufacturer of EPIRBs, AIS, SARTs, Personal Locator Beacons, Man Overboard Beacon for the Marine and Outdoor Markets.\",\"potentialAction\":[{\"@type\":\"SearchAction\",\"target\":{\"@type\":\"EntryPoint\",\"urlTemplate\":\"https:\/\/oceansignal.com\/cs\/?s={search_term_string}\"},\"query-input\":{\"@type\":\"PropertyValueSpecification\",\"valueRequired\":true,\"valueName\":\"search_term_string\"}}],\"inLanguage\":\"cs\"}]}<\/script>\n<!-- \/ Yoast SEO Premium plugin. -->","yoast_head_json":{"title":"P\u0159ihl\u00e1\u0161en\u00ed do syst\u00e9mu - Ocean Signal","description":"Bezpe\u010dn\u00fd p\u0159\u00edstup k p\u0159ihla\u0161ovac\u00edm \u00fadaj\u016fm Ocean Signal pro efektivn\u011bj\u0161\u00ed spr\u00e1vu bezpe\u010dnostn\u00edho vybaven\u00ed. Snadn\u00fd, pohodln\u00fd a spolehliv\u00fd proces p\u0159ihl\u00e1\u0161en\u00ed k \u00fa\u010dtu.","robots":{"index":"index","follow":"follow","max-snippet":"max-snippet:-1","max-image-preview":"max-image-preview:large","max-video-preview":"max-video-preview:-1"},"canonical":"https:\/\/oceansignal.com\/cs\/prihlaseni-do-systemu\/","og_locale":"cs_CZ","og_type":"article","og_title":"P\u0159ihl\u00e1\u0161en\u00ed do syst\u00e9mu - Ocean Signal","og_description":"Bezpe\u010dn\u00fd p\u0159\u00edstup k p\u0159ihla\u0161ovac\u00edm \u00fadaj\u016fm Ocean Signal pro efektivn\u011bj\u0161\u00ed spr\u00e1vu bezpe\u010dnostn\u00edho vybaven\u00ed. Snadn\u00fd, pohodln\u00fd a spolehliv\u00fd proces p\u0159ihl\u00e1\u0161en\u00ed k \u00fa\u010dtu.","og_url":"https:\/\/oceansignal.com\/cs\/prihlaseni-do-systemu\/","og_site_name":"Ocean Signal","og_image":[{"width":1200,"height":630,"url":"https:\/\/oceansignal.com\/wp-content\/uploads\/2024\/03\/image-social-share-04.jpg","type":"image\/jpeg"}],"twitter_card":"summary_large_image","schema":{"@context":"https:\/\/schema.org","@graph":[{"@type":"WebPage","@id":"https:\/\/oceansignal.com\/cs\/prihlaseni-do-systemu\/","url":"https:\/\/oceansignal.com\/cs\/prihlaseni-do-systemu\/","name":"P\u0159ihl\u00e1\u0161en\u00ed do syst\u00e9mu - Ocean Signal","isPartOf":{"@id":"https:\/\/oceansignal.com\/cs\/#website"},"datePublished":"2023-04-04T10:34:10+00:00","description":"Bezpe\u010dn\u00fd p\u0159\u00edstup k p\u0159ihla\u0161ovac\u00edm \u00fadaj\u016fm Ocean Signal pro efektivn\u011bj\u0161\u00ed spr\u00e1vu bezpe\u010dnostn\u00edho vybaven\u00ed. Snadn\u00fd, pohodln\u00fd a spolehliv\u00fd proces p\u0159ihl\u00e1\u0161en\u00ed k \u00fa\u010dtu.","inLanguage":"cs","potentialAction":[{"@type":"ReadAction","target":["https:\/\/oceansignal.com\/cs\/prihlaseni-do-systemu\/"]}]},{"@type":"WebSite","@id":"https:\/\/oceansignal.com\/cs\/#website","url":"https:\/\/oceansignal.com\/cs\/","name":"Ocean Signal","description":"A leading manufacturer of EPIRBs, AIS, SARTs, Personal Locator Beacons, Man Overboard Beacon for the Marine and Outdoor Markets.","potentialAction":[{"@type":"SearchAction","target":{"@type":"EntryPoint","urlTemplate":"https:\/\/oceansignal.com\/cs\/?s={search_term_string}"},"query-input":{"@type":"PropertyValueSpecification","valueRequired":true,"valueName":"search_term_string"}}],"inLanguage":"cs"}]}},"_links":{"self":[{"href":"https:\/\/oceansignal.com\/cs\/wp-json\/wp\/v2\/pages\/7356","targetHints":{"allow":["GET"]}}],"collection":[{"href":"https:\/\/oceansignal.com\/cs\/wp-json\/wp\/v2\/pages"}],"about":[{"href":"https:\/\/oceansignal.com\/cs\/wp-json\/wp\/v2\/types\/page"}],"author":[{"embeddable":true,"href":"https:\/\/oceansignal.com\/cs\/wp-json\/wp\/v2\/users\/1"}],"replies":[{"embeddable":true,"href":"https:\/\/oceansignal.com\/cs\/wp-json\/wp\/v2\/comments?post=7356"}],"version-history":[{"count":0,"href":"https:\/\/oceansignal.com\/cs\/wp-json\/wp\/v2\/pages\/7356\/revisions"}],"wp:attachment":[{"href":"https:\/\/oceansignal.com\/cs\/wp-json\/wp\/v2\/media?parent=7356"}],"curies":[{"name":"wp","href":"https:\/\/api.w.org\/{rel}","templated":true}]}}