{"id":7478,"date":"2023-05-03T12:36:48","date_gmt":"2023-05-03T12:36:48","guid":{"rendered":"https:\/\/oceansignal.com\/politika-a-zarucni-podminky\/"},"modified":"2025-04-17T12:36:32","modified_gmt":"2025-04-17T12:36:32","slug":"politika-a-zarucni-podminky","status":"publish","type":"page","link":"https:\/\/oceansignal.com\/cs\/politika-a-zarucni-podminky\/","title":{"rendered":"Politika a z\u00e1ru\u010dn\u00ed podm\u00ednky"},"content":{"rendered":"\n<div class=\"gb-container-narrow\">\n    <div class=\"gc-container \">\n                \n\n<h4 class=\"wp-block-heading\" id=\"h-purchases-made-online-at-www-oceansignal-com\">N\u00e1kupy uskute\u010dn\u011bn\u00e9 online na www.oceansignal.com<\/h4>\n\n\n\n<p>Za na\u0161imi produkty si stoj\u00edme. Pokud v\u00e1\u0161 n\u00e1kup na www.oceansignal.com nespl\u0148uje va\u0161e o\u010dek\u00e1v\u00e1n\u00ed, m\u016f\u017eete jej vr\u00e1tit a po\u017e\u00e1dat o v\u00fdm\u011bnu nebo vr\u00e1cen\u00ed pen\u011bz (krom\u011b poplatk\u016f za dopravu) do 30 dn\u016f od data n\u00e1kupu, s v\u00fdjimkou n\u00ed\u017ee uveden\u00fdch p\u0159\u00edpad\u016f. Chcete-li zah\u00e1jit vr\u00e1cen\u00ed, p\u0159ihlaste se ke sv\u00e9mu \u00fa\u010dtu na adrese www.oceansignal.com a p\u0159ejd\u011bte na kartu \u201eObjedn\u00e1vky\u201c. Poznamenejte si \u010d\u00edslo sv\u00e9 objedn\u00e1vky a pot\u00e9 p\u0159ejd\u011bte do na\u0161eho <a href=\"https:\/\/oceansignal.com\/support\/#contact-us\">kontaktn\u00edho formul\u00e1\u0159e<\/a> prost\u0159ednictv\u00edm sekce RMA na str\u00e1nce podpory. Do formul\u00e1\u0159e zadejte sv\u00e9 kontaktn\u00ed \u00fadaje, do zpr\u00e1vy uve\u010fte \u010d\u00edslo objedn\u00e1vky a stru\u010dn\u00fd popis, pro\u010d si p\u0159ejete objedn\u00e1vku vr\u00e1tit. \u010clen na\u0161eho t\u00fdmu v\u00e1s bude brzy kontaktovat ohledn\u011b dal\u0161\u00edho postupu.     <\/p>\n\n\n\n<p>Pozn\u00e1mka: Nouzov\u00e9 r\u00e1diov\u00e9 maj\u00e1ky indikuj\u00edc\u00ed polohu (EPIRB) a osobn\u00ed lok\u00e1torov\u00e9 maj\u00e1ky (PLB) lze vr\u00e1tit za plnou n\u00e1hradu do 30 dn\u016f od data n\u00e1kupu, pokud nebyla poru\u0161ena pe\u010de\u0165 na krabici. Krom\u011b toho nesm\u00ed b\u00fdt registrov\u00e1n u registrace n\u00e1rodn\u00edho \u00fa\u0159adu. Jak\u00fdkoli produkt zp\u016fsobil\u00fd pro propaga\u010dn\u00ed nab\u00eddku (hotovostn\u00ed slevy nebo zbo\u017e\u00ed zdarma), kter\u00fd byl uplatn\u011bn, nen\u00ed zp\u016fsobil\u00fd.  <\/p>\n\n\n\n<p>Pokyny pro vr\u00e1cen\u00ed UK a Evropa:<\/p>\n\n\n\n<p>Po z\u00edsk\u00e1n\u00ed autoriza\u010dn\u00edho \u010d\u00edsla Ecommerce RMA pro vr\u00e1cen\u00ed zbo\u017e\u00ed znovu zabalte polo\u017eku do p\u016fvodn\u00edho obalu a ode\u0161lete n\u00e1m polo\u017eky zp\u011bt s va\u0161\u00edm \u010d\u00edslem RMA jasn\u011b napsan\u00fdm na vn\u011bj\u0161\u00edm obalu na n\u00ed\u017ee uvedenou adresu.<\/p>\n\n\n\n<p>Ocean Signal ,<br\/> Jednotka 4, Ocivansk\u00e1 cesta<br\/> Westwood<br\/> Margate<br\/> CT9 4NN<br\/> Spojen\u00e9 kr\u00e1lovstv\u00ed<\/p>\n\n\n\n<p>Pokyny pro vr\u00e1cen\u00ed USA\/Kanada:<\/p>\n\n\n\n<p>Po z\u00edsk\u00e1n\u00ed autoriza\u010dn\u00edho \u010d\u00edsla pro vr\u00e1cen\u00ed materi\u00e1lu Ecommerce RMA znovu zabalte polo\u017eku do p\u016fvodn\u00edho obalu a ode\u0161lete n\u00e1m zbo\u017e\u00ed zp\u011bt s va\u0161\u00edm \u010d\u00edslem RMA jasn\u011b napsan\u00fdm na vn\u011bj\u0161\u00ed stran\u011b obalu na n\u00ed\u017ee uvedenou adresu.  <\/p>\n\n\n\n<div class=\"wp-block-group\"><div class=\"wp-block-group__inner-container is-layout-constrained wp-block-group-is-layout-constrained\">\n<div class=\"wp-block-group is-vertical is-layout-flex wp-container-core-group-is-layout-8cf370e7 wp-block-group-is-layout-flex\">\n<p><strong>Elektronika ACR<\/strong><\/p>\n\n\n\n<p><strong>5757 Ravenswood Road<\/strong><\/p>\n\n\n\n<p><strong>Fort Lauderdale, FL 33312<\/strong><\/p>\n<\/div>\n<\/div><\/div>\n\n\n\n<p>Polo\u017eky obsahuj\u00edc\u00ed nebezpe\u010dn\u00fd materi\u00e1l lze vr\u00e1tit pouze pozemn\u00edmi z\u00e1silkami a mus\u00ed b\u00fdt ozna\u010deny spr\u00e1vnou p\u0159epravn\u00ed dokumentac\u00ed Hazmat (nav\u0161tivte str\u00e1nku produktu a zjist\u011bte, zda v\u00e1\u0161 produkt spl\u0148uje podm\u00ednky).<\/p>\n\n\n\n<p>S v\u00fdjimkou p\u0159\u00edpad\u016f, kdy je vr\u00e1cen\u00ed d\u016fsledkem chyby spole\u010dnosti Ocean Signal nebo zbo\u017e\u00ed doraz\u00ed po\u0161kozen\u00e9 nebo vadn\u00e9, jsou p\u016fvodn\u00ed poplatky za dopravu nevratn\u00e9 a vy nesete odpov\u011bdnost za ve\u0161ker\u00e9 n\u00e1klady na zp\u00e1te\u010dn\u00ed dopravu. Ocean Signal nenese odpov\u011bdnost za vr\u00e1cen\u00e9 zbo\u017e\u00ed, kter\u00e9 se ztrat\u00ed p\u0159i p\u0159eprav\u011b nebo se vr\u00e1t\u00ed na nespr\u00e1vnou adresu; uschovejte si pros\u00edm informace o sledov\u00e1n\u00ed vr\u00e1cen\u00ed. <\/p>\n\n\n\n<p><\/p>\n\n\n\n<h2 class=\"wp-block-heading\">Glob\u00e1ln\u00ed omezen\u00e1 z\u00e1ruka<\/h2>\n\n\n\n<p>Omezen\u00e9 z\u00e1ruky v glob\u00e1ln\u00ed omezen\u00e9 z\u00e1ruce jsou v\u00fdlu\u010dn\u00e9 a nahrazuj\u00ed v\u0161echny ostatn\u00ed z\u00e1ruky v\u00fdslovn\u00e9 nebo p\u0159edpokl\u00e1dan\u00e9 nebo z\u00e1konn\u00e9, v\u010detn\u011b jak\u00e9koli odpov\u011bdnosti vypl\u00fdvaj\u00edc\u00ed z jak\u00e9koli z\u00e1ruky obchodovatelnosti nebo vhodnosti pro ur\u010dit\u00fd \u00fa\u010del, z\u00e1konn\u00e9 nebo jin\u00e9. Tato z\u00e1ruka poskytuje vlastn\u00edkovi specifick\u00e1 z\u00e1konn\u00e1 pr\u00e1va, kter\u00e1 se mohou v jednotliv\u00fdch jurisdikc\u00edch li\u0161it. <\/p>\n\n\n\n<p>Ocean Signal Ltd. nebo jej\u00ed p\u0159idru\u017een\u00e9 spole\u010dnosti v \u017e\u00e1dn\u00e9m p\u0159\u00edpad\u011b nenesou odpov\u011bdnost za jak\u00e9koli n\u00e1hodn\u00e9, zvl\u00e1\u0161tn\u00ed, nep\u0159\u00edm\u00e9 nebo n\u00e1sledn\u00e9 \u0161kody, a\u0165 u\u017e vypl\u00fdvaj\u00edc\u00ed z pou\u017eit\u00ed, nespr\u00e1vn\u00e9ho pou\u017eit\u00ed, nemo\u017enosti pou\u017eit\u00ed, nespr\u00e1vn\u00e9ho spol\u00e9h\u00e1n\u00ed se na produkt nebo z jak\u00fdchkoli z\u00e1vad produktu. N\u011bkter\u00e9 jurisdikce neumo\u017e\u0148uj\u00ed vylou\u010den\u00ed n\u00e1hodn\u00fdch nebo n\u00e1sledn\u00fdch \u0161kod, tak\u017ee v\u00fd\u0161e uveden\u00e9 omezen\u00ed se na v\u00e1s nemus\u00ed vztahovat. <\/p>\n\n\n\n<p>Glob\u00e1ln\u00ed omezen\u00e1 z\u00e1ruka nem\u00e1 vliv na pr\u00e1va z\u00e1kazn\u00edka v\u016f\u010di maloobchodn\u00edkovi vypl\u00fdvaj\u00edc\u00ed z prodejn\u00ed\/kupn\u00ed smlouvy.<\/p>\n\n\n\n<p>Na produkt opraven\u00fd nebo vym\u011bn\u011bn\u00fd v r\u00e1mci z\u00e1ruky se vztahuje z\u00e1ruka pouze po zb\u00fdvaj\u00edc\u00ed zbytek p\u0159\u00edslu\u0161n\u00e9 p\u016fvodn\u00ed z\u00e1ru\u010dn\u00ed doby.<\/p>\n\n\n\n<p>V souladu s podm\u00ednkami, omezen\u00edmi a v\u00fdjimkami v glob\u00e1ln\u00ed omezen\u00e9 z\u00e1ruce se na v\u0161echny produkty Ocean Signal poskytuje z\u00e1ruka na vady materi\u00e1lu nebo zpracov\u00e1n\u00ed po dobu dvou (2) let od data zakoupen\u00ed produktu p\u016fvodn\u00edm z\u00e1kazn\u00edkem (d\u00e1le jen \u201edoba standardn\u00ed omezen\u00e9 z\u00e1ruky\u201c). B\u011bhem tohoto obdob\u00ed a pouze pro p\u016fvodn\u00edho z\u00e1kazn\u00edka Ocean Signal podle vlastn\u00edho uv\u00e1\u017een\u00ed oprav\u00ed nebo vym\u011bn\u00ed jak\u00e9koli sou\u010d\u00e1sti, kter\u00e9 sel\u017eou p\u0159i b\u011b\u017en\u00e9m pou\u017e\u00edv\u00e1n\u00ed, co\u017e bude v p\u0159\u00edpad\u011b neexistence jak\u00e9hokoli platn\u00e9ho z\u00e1kona v opa\u010dn\u00e9m p\u0159\u00edpad\u011b jedin\u00fdm a v\u00fdhradn\u00edm opravn\u00fdm prost\u0159edkem z\u00e1kazn\u00edka v p\u0159\u00edpad\u011b jak\u00e9hokoli poru\u0161en\u00ed z\u00e1ruky. <\/p>\n\n\n\n<p>Pokud se na v\u00e1s vztahuje standardn\u00ed omezen\u00e1 z\u00e1ruka, Ocean Signal v\u00e1m nebude \u00fa\u010dtovat d\u00edly ani pr\u00e1ci p\u0159i z\u00e1ru\u010dn\u00edch oprav\u00e1ch nebo v\u00fdm\u011bn\u00e1ch. N\u00e1klady na p\u0159epravu va\u0161eho produktu, na kter\u00fd se vztahuje z\u00e1ruka, do Ocean Signal za \u00fa\u010delem opravy nebo v\u00fdm\u011bny jsou v\u0161ak va\u0161\u00ed odpov\u011bdnost\u00ed a nejsou kryty spole\u010dnost\u00ed Ocean Signal . <\/p>\n\n\n\n<h2 class=\"wp-block-heading\">Prodlou\u017een\u00e1 omezen\u00e1 z\u00e1ruka<\/h2>\n\n\n\n<p>V souladu s podm\u00ednkami, omezen\u00edmi a v\u00fdjimkami v Glob\u00e1ln\u00ed omezen\u00e9 z\u00e1ruce a s v\u00fdjimkou z\u00e1ru\u010dn\u00edho v\u00fdm\u011bnn\u00e9ho produktu a produkt\u016f pou\u017e\u00edvan\u00fdch pro b\u011b\u017en\u00e9 komer\u010dn\u00ed, vojensk\u00e9, policejn\u00ed nebo souvisej\u00edc\u00ed \u00fa\u010dely, v\u0161echny nov\u00e9 produkty registrovan\u00e9 u Ocean Signal do devades\u00e1ti (90) dn\u016f od data, kdy byl produkt poprv\u00e9 zakoupen p\u016fvodn\u00edm z\u00e1kazn\u00edkem, maj\u00ed z\u00e1ruku, \u017ee neobsahuj\u00ed vady materi\u00e1lu nebo zpracov\u00e1n\u00ed\u201d Z\u00e1ruka na dobu definovanou n\u00ed\u017ee (n\u00ed\u017ee uveden\u00e1 prodlou\u017een\u00e1 z\u00e1ruka):<\/p>\n\n\n\n<figure class=\"wp-block-table\"><table><tbody><tr><td>rescueME produkty ( PLB1 , PLB3 , MOB1, MOB2 , EDF,<br\/> EPIRB1 , EPIRB1Pro, EPIRB2 , EPIRB2 Pro a EPIRB3 )<\/td><td>\u00a0\u2013<\/td><td>Prodlou\u017een\u00e1 z\u00e1ru\u010dn\u00ed doba 5 let<\/td><\/tr><tr><td>produkty safeSEA ( EPIRB3 Pro , V100, M200 a S100)<\/td><td>\u00a0\u2013<\/td><td>Prodlou\u017een\u00e1 z\u00e1ruka nen\u00ed k dispozici<\/td><\/tr><tr><td>Profesion\u00e1ln\u00ed produkty: (M100 a M100X)<\/td><td>\u00a0\u2013<\/td><td>Prodlou\u017een\u00e1 z\u00e1ruka nen\u00ed k dispozici<\/td><\/tr><tr><td>Produkty AIS: (ATB1 a ATA100)<\/td><td>\u00a0\u2013<\/td><td>Prodlou\u017een\u00e1 z\u00e1ru\u010dn\u00ed doba 3 roky<\/td><\/tr><\/tbody><\/table><\/figure>\n\n\n\n<p>B\u011bhem tohoto obdob\u00ed a pro p\u016fvodn\u00edho z\u00e1kazn\u00edka Ocean Signal podle sv\u00e9ho v\u00fdhradn\u00edho uv\u00e1\u017een\u00ed oprav\u00ed nebo vym\u011bn\u00ed jak\u00e9koli sou\u010d\u00e1sti produktu, kter\u00e9 sel\u017eou p\u0159i b\u011b\u017en\u00e9m pou\u017e\u00edv\u00e1n\u00ed, co\u017e bude v p\u0159\u00edpad\u011b neexistence jak\u00e9hokoli platn\u00e9ho z\u00e1kona v opa\u010dn\u00e9m p\u0159\u00edpad\u011b jedin\u00fdm a v\u00fdhradn\u00edm opravn\u00fdm prost\u0159edkem z\u00e1kazn\u00edka v p\u0159\u00edpad\u011b jak\u00e9hokoli poru\u0161en\u00ed z\u00e1ruky.<\/p>\n\n\n\n<p>Po \u00fasp\u011b\u0161n\u00e9 registraci produktu nahrad\u00ed standardn\u00ed omezenou z\u00e1ruku prodlou\u017een\u00e1 omezen\u00e1 z\u00e1ruka.<\/p>\n\n\n\n<p>Pokud se na v\u00e1s vztahuje prodlou\u017een\u00e1 omezen\u00e1 z\u00e1ruka, Ocean Signal v\u00e1m nebude \u00fa\u010dtovat d\u00edly ani pr\u00e1ci p\u0159i z\u00e1ru\u010dn\u00edch oprav\u00e1ch nebo v\u00fdm\u011bn\u00e1ch. N\u00e1klady na p\u0159epravu va\u0161eho produktu, na kter\u00fd se vztahuje z\u00e1ruka, do Ocean Signal za \u00fa\u010delem opravy nebo v\u00fdm\u011bny jsou v\u0161ak va\u0161\u00ed odpov\u011bdnost\u00ed a nejsou kryty spole\u010dnost\u00ed Ocean Signal . <\/p>\n\n\n        <\/div><\/div>\n","protected":false},"excerpt":{"rendered":"","protected":false},"author":1,"featured_media":0,"parent":0,"menu_order":0,"comment_status":"closed","ping_status":"closed","template":"pagetemplate-header-gray.php","meta":{"_acf_changed":false,"om_disable_all_campaigns":false,"footnotes":""},"class_list":["post-7478","page","type-page","status-publish","hentry"],"acf":[],"yoast_head":"<!-- This site is optimized with the Yoast SEO Premium plugin v25.2 (Yoast SEO v26.4) - https:\/\/yoast.com\/wordpress\/plugins\/seo\/ -->\n<title>Politika a z\u00e1ru\u010dn\u00ed podm\u00ednky - Ocean Signal<\/title>\n<meta name=\"description\" content=\"Prozkoumejte str\u00e1nku elektronick\u00e9ho obchodu a z\u00e1ruky spole\u010dnosti Ocean Signal , kde najdete spolehliv\u00e9 vybaven\u00ed pro n\u00e1mo\u0159n\u00ed bezpe\u010dnost. Nakupujte s jistotou d\u00edky na\u0161\u00ed komplexn\u00ed z\u00e1ruce.\" \/>\n<meta name=\"robots\" content=\"index, follow, max-snippet:-1, max-image-preview:large, max-video-preview:-1\" \/>\n<link rel=\"canonical\" href=\"https:\/\/oceansignal.com\/cs\/politika-a-zarucni-podminky\/\" \/>\n<meta property=\"og:locale\" content=\"cs_CZ\" \/>\n<meta property=\"og:type\" content=\"article\" \/>\n<meta property=\"og:title\" content=\"Politika a z\u00e1ru\u010dn\u00ed podm\u00ednky - Ocean Signal\" \/>\n<meta property=\"og:description\" content=\"Prozkoumejte str\u00e1nku elektronick\u00e9ho obchodu a z\u00e1ruky spole\u010dnosti Ocean Signal , kde najdete spolehliv\u00e9 vybaven\u00ed pro n\u00e1mo\u0159n\u00ed bezpe\u010dnost. Nakupujte s jistotou d\u00edky na\u0161\u00ed komplexn\u00ed z\u00e1ruce.\" \/>\n<meta property=\"og:url\" content=\"https:\/\/oceansignal.com\/cs\/politika-a-zarucni-podminky\/\" \/>\n<meta property=\"og:site_name\" content=\"Ocean Signal\" \/>\n<meta property=\"article:modified_time\" content=\"2025-04-17T12:36:32+00:00\" \/>\n<meta property=\"og:image\" content=\"https:\/\/oceansignal.com\/wp-content\/uploads\/2024\/03\/image-social-share-04.jpg\" \/>\n\t<meta property=\"og:image:width\" content=\"1200\" \/>\n\t<meta property=\"og:image:height\" content=\"630\" \/>\n\t<meta property=\"og:image:type\" content=\"image\/jpeg\" \/>\n<meta name=\"twitter:card\" content=\"summary_large_image\" \/>\n<meta name=\"twitter:label1\" content=\"Odhadovan\u00e1 doba \u010dten\u00ed\" \/>\n\t<meta name=\"twitter:data1\" content=\"6 minut\" \/>\n<script type=\"application\/ld+json\" class=\"yoast-schema-graph\">{\"@context\":\"https:\/\/schema.org\",\"@graph\":[{\"@type\":\"WebPage\",\"@id\":\"https:\/\/oceansignal.com\/cs\/politika-a-zarucni-podminky\/\",\"url\":\"https:\/\/oceansignal.com\/cs\/politika-a-zarucni-podminky\/\",\"name\":\"Politika a z\u00e1ru\u010dn\u00ed podm\u00ednky - Ocean Signal\",\"isPartOf\":{\"@id\":\"https:\/\/oceansignal.com\/cs\/#website\"},\"datePublished\":\"2023-05-03T12:36:48+00:00\",\"dateModified\":\"2025-04-17T12:36:32+00:00\",\"description\":\"Prozkoumejte str\u00e1nku elektronick\u00e9ho obchodu a z\u00e1ruky spole\u010dnosti Ocean Signal , kde najdete spolehliv\u00e9 vybaven\u00ed pro n\u00e1mo\u0159n\u00ed bezpe\u010dnost. Nakupujte s jistotou d\u00edky na\u0161\u00ed komplexn\u00ed z\u00e1ruce.\",\"inLanguage\":\"cs\",\"potentialAction\":[{\"@type\":\"ReadAction\",\"target\":[\"https:\/\/oceansignal.com\/cs\/politika-a-zarucni-podminky\/\"]}]},{\"@type\":\"WebSite\",\"@id\":\"https:\/\/oceansignal.com\/cs\/#website\",\"url\":\"https:\/\/oceansignal.com\/cs\/\",\"name\":\"Ocean Signal\",\"description\":\"A leading manufacturer of EPIRBs, AIS, SARTs, Personal Locator Beacons, Man Overboard Beacon for the Marine and Outdoor Markets.\",\"potentialAction\":[{\"@type\":\"SearchAction\",\"target\":{\"@type\":\"EntryPoint\",\"urlTemplate\":\"https:\/\/oceansignal.com\/cs\/?s={search_term_string}\"},\"query-input\":{\"@type\":\"PropertyValueSpecification\",\"valueRequired\":true,\"valueName\":\"search_term_string\"}}],\"inLanguage\":\"cs\"}]}<\/script>\n<!-- \/ Yoast SEO Premium plugin. -->","yoast_head_json":{"title":"Politika a z\u00e1ru\u010dn\u00ed podm\u00ednky - Ocean Signal","description":"Prozkoumejte str\u00e1nku elektronick\u00e9ho obchodu a z\u00e1ruky spole\u010dnosti Ocean Signal , kde najdete spolehliv\u00e9 vybaven\u00ed pro n\u00e1mo\u0159n\u00ed bezpe\u010dnost. Nakupujte s jistotou d\u00edky na\u0161\u00ed komplexn\u00ed z\u00e1ruce.","robots":{"index":"index","follow":"follow","max-snippet":"max-snippet:-1","max-image-preview":"max-image-preview:large","max-video-preview":"max-video-preview:-1"},"canonical":"https:\/\/oceansignal.com\/cs\/politika-a-zarucni-podminky\/","og_locale":"cs_CZ","og_type":"article","og_title":"Politika a z\u00e1ru\u010dn\u00ed podm\u00ednky - Ocean Signal","og_description":"Prozkoumejte str\u00e1nku elektronick\u00e9ho obchodu a z\u00e1ruky spole\u010dnosti Ocean Signal , kde najdete spolehliv\u00e9 vybaven\u00ed pro n\u00e1mo\u0159n\u00ed bezpe\u010dnost. Nakupujte s jistotou d\u00edky na\u0161\u00ed komplexn\u00ed z\u00e1ruce.","og_url":"https:\/\/oceansignal.com\/cs\/politika-a-zarucni-podminky\/","og_site_name":"Ocean Signal","article_modified_time":"2025-04-17T12:36:32+00:00","og_image":[{"width":1200,"height":630,"url":"https:\/\/oceansignal.com\/wp-content\/uploads\/2024\/03\/image-social-share-04.jpg","type":"image\/jpeg"}],"twitter_card":"summary_large_image","twitter_misc":{"Odhadovan\u00e1 doba \u010dten\u00ed":"6 minut"},"schema":{"@context":"https:\/\/schema.org","@graph":[{"@type":"WebPage","@id":"https:\/\/oceansignal.com\/cs\/politika-a-zarucni-podminky\/","url":"https:\/\/oceansignal.com\/cs\/politika-a-zarucni-podminky\/","name":"Politika a z\u00e1ru\u010dn\u00ed podm\u00ednky - Ocean Signal","isPartOf":{"@id":"https:\/\/oceansignal.com\/cs\/#website"},"datePublished":"2023-05-03T12:36:48+00:00","dateModified":"2025-04-17T12:36:32+00:00","description":"Prozkoumejte str\u00e1nku elektronick\u00e9ho obchodu a z\u00e1ruky spole\u010dnosti Ocean Signal , kde najdete spolehliv\u00e9 vybaven\u00ed pro n\u00e1mo\u0159n\u00ed bezpe\u010dnost. Nakupujte s jistotou d\u00edky na\u0161\u00ed komplexn\u00ed z\u00e1ruce.","inLanguage":"cs","potentialAction":[{"@type":"ReadAction","target":["https:\/\/oceansignal.com\/cs\/politika-a-zarucni-podminky\/"]}]},{"@type":"WebSite","@id":"https:\/\/oceansignal.com\/cs\/#website","url":"https:\/\/oceansignal.com\/cs\/","name":"Ocean Signal","description":"A leading manufacturer of EPIRBs, AIS, SARTs, Personal Locator Beacons, Man Overboard Beacon for the Marine and Outdoor Markets.","potentialAction":[{"@type":"SearchAction","target":{"@type":"EntryPoint","urlTemplate":"https:\/\/oceansignal.com\/cs\/?s={search_term_string}"},"query-input":{"@type":"PropertyValueSpecification","valueRequired":true,"valueName":"search_term_string"}}],"inLanguage":"cs"}]}},"_links":{"self":[{"href":"https:\/\/oceansignal.com\/cs\/wp-json\/wp\/v2\/pages\/7478","targetHints":{"allow":["GET"]}}],"collection":[{"href":"https:\/\/oceansignal.com\/cs\/wp-json\/wp\/v2\/pages"}],"about":[{"href":"https:\/\/oceansignal.com\/cs\/wp-json\/wp\/v2\/types\/page"}],"author":[{"embeddable":true,"href":"https:\/\/oceansignal.com\/cs\/wp-json\/wp\/v2\/users\/1"}],"replies":[{"embeddable":true,"href":"https:\/\/oceansignal.com\/cs\/wp-json\/wp\/v2\/comments?post=7478"}],"version-history":[{"count":7,"href":"https:\/\/oceansignal.com\/cs\/wp-json\/wp\/v2\/pages\/7478\/revisions"}],"predecessor-version":[{"id":27330,"href":"https:\/\/oceansignal.com\/cs\/wp-json\/wp\/v2\/pages\/7478\/revisions\/27330"}],"wp:attachment":[{"href":"https:\/\/oceansignal.com\/cs\/wp-json\/wp\/v2\/media?parent=7478"}],"curies":[{"name":"wp","href":"https:\/\/api.w.org\/{rel}","templated":true}]}}