{"id":7546,"date":"2023-03-27T07:24:53","date_gmt":"2023-03-27T07:24:53","guid":{"rendered":"https:\/\/oceansignal.com\/vozik\/"},"modified":"2025-02-21T10:31:51","modified_gmt":"2025-02-21T10:31:51","slug":"vozik","status":"publish","type":"page","link":"https:\/\/oceansignal.com\/cs\/vozik\/","title":{"rendered":"Voz\u00edk"},"content":{"rendered":"\n","protected":false},"excerpt":{"rendered":"","protected":false},"author":1,"featured_media":0,"parent":0,"menu_order":0,"comment_status":"closed","ping_status":"closed","template":"pagetemplate-cart.php","meta":{"_acf_changed":false,"om_disable_all_campaigns":false,"footnotes":""},"class_list":["post-7546","page","type-page","status-publish","hentry"],"acf":[],"yoast_head":"<!-- This site is optimized with the Yoast SEO Premium plugin v25.2 (Yoast SEO v26.4) - https:\/\/yoast.com\/wordpress\/plugins\/seo\/ -->\n<title>Voz\u00edk - Ocean Signal<\/title>\n<meta name=\"description\" content=\"Zefektivn\u011bte sv\u016fj n\u00e1kup n\u00e1mo\u0159n\u00edho bezpe\u010dnostn\u00edho vybaven\u00ed pomoc\u00ed n\u00e1kupn\u00edho ko\u0161\u00edku Ocean Signal. Pohodln\u00e9, bezpe\u010dn\u00e9 a spolehliv\u00e9. Koupit nyn\u00ed.\" \/>\n<meta name=\"robots\" content=\"index, follow, max-snippet:-1, max-image-preview:large, max-video-preview:-1\" \/>\n<link rel=\"canonical\" href=\"https:\/\/oceansignal.com\/cs\/vozik\/\" \/>\n<meta property=\"og:locale\" content=\"cs_CZ\" \/>\n<meta property=\"og:type\" content=\"article\" \/>\n<meta property=\"og:title\" content=\"Voz\u00edk - Ocean Signal\" \/>\n<meta property=\"og:description\" content=\"Zefektivn\u011bte sv\u016fj n\u00e1kup n\u00e1mo\u0159n\u00edho bezpe\u010dnostn\u00edho vybaven\u00ed pomoc\u00ed n\u00e1kupn\u00edho ko\u0161\u00edku Ocean Signal. Pohodln\u00e9, bezpe\u010dn\u00e9 a spolehliv\u00e9. Koupit nyn\u00ed.\" \/>\n<meta property=\"og:url\" content=\"https:\/\/oceansignal.com\/cs\/vozik\/\" \/>\n<meta property=\"og:site_name\" content=\"Ocean Signal\" \/>\n<meta property=\"article:modified_time\" content=\"2025-02-21T10:31:51+00:00\" \/>\n<meta property=\"og:image\" content=\"https:\/\/oceansignal.com\/wp-content\/uploads\/2024\/03\/image-social-share-04.jpg\" \/>\n\t<meta property=\"og:image:width\" content=\"1200\" \/>\n\t<meta property=\"og:image:height\" content=\"630\" \/>\n\t<meta property=\"og:image:type\" content=\"image\/jpeg\" \/>\n<meta name=\"twitter:card\" content=\"summary_large_image\" \/>\n<script type=\"application\/ld+json\" class=\"yoast-schema-graph\">{\"@context\":\"https:\/\/schema.org\",\"@graph\":[{\"@type\":\"WebPage\",\"@id\":\"https:\/\/oceansignal.com\/cs\/vozik\/\",\"url\":\"https:\/\/oceansignal.com\/cs\/vozik\/\",\"name\":\"Voz\u00edk - Ocean Signal\",\"isPartOf\":{\"@id\":\"https:\/\/oceansignal.com\/cs\/#website\"},\"datePublished\":\"2023-03-27T07:24:53+00:00\",\"dateModified\":\"2025-02-21T10:31:51+00:00\",\"description\":\"Zefektivn\u011bte sv\u016fj n\u00e1kup n\u00e1mo\u0159n\u00edho bezpe\u010dnostn\u00edho vybaven\u00ed pomoc\u00ed n\u00e1kupn\u00edho ko\u0161\u00edku Ocean Signal. Pohodln\u00e9, bezpe\u010dn\u00e9 a spolehliv\u00e9. Koupit nyn\u00ed.\",\"inLanguage\":\"cs\",\"potentialAction\":[{\"@type\":\"ReadAction\",\"target\":[\"https:\/\/oceansignal.com\/cs\/vozik\/\"]}]},{\"@type\":\"WebSite\",\"@id\":\"https:\/\/oceansignal.com\/cs\/#website\",\"url\":\"https:\/\/oceansignal.com\/cs\/\",\"name\":\"Ocean Signal\",\"description\":\"A leading manufacturer of EPIRBs, AIS, SARTs, Personal Locator Beacons, Man Overboard Beacon for the Marine and Outdoor Markets.\",\"potentialAction\":[{\"@type\":\"SearchAction\",\"target\":{\"@type\":\"EntryPoint\",\"urlTemplate\":\"https:\/\/oceansignal.com\/cs\/?s={search_term_string}\"},\"query-input\":{\"@type\":\"PropertyValueSpecification\",\"valueRequired\":true,\"valueName\":\"search_term_string\"}}],\"inLanguage\":\"cs\"}]}<\/script>\n<!-- \/ Yoast SEO Premium plugin. -->","yoast_head_json":{"title":"Voz\u00edk - Ocean Signal","description":"Zefektivn\u011bte sv\u016fj n\u00e1kup n\u00e1mo\u0159n\u00edho bezpe\u010dnostn\u00edho vybaven\u00ed pomoc\u00ed n\u00e1kupn\u00edho ko\u0161\u00edku Ocean Signal. Pohodln\u00e9, bezpe\u010dn\u00e9 a spolehliv\u00e9. Koupit nyn\u00ed.","robots":{"index":"index","follow":"follow","max-snippet":"max-snippet:-1","max-image-preview":"max-image-preview:large","max-video-preview":"max-video-preview:-1"},"canonical":"https:\/\/oceansignal.com\/cs\/vozik\/","og_locale":"cs_CZ","og_type":"article","og_title":"Voz\u00edk - Ocean Signal","og_description":"Zefektivn\u011bte sv\u016fj n\u00e1kup n\u00e1mo\u0159n\u00edho bezpe\u010dnostn\u00edho vybaven\u00ed pomoc\u00ed n\u00e1kupn\u00edho ko\u0161\u00edku Ocean Signal. Pohodln\u00e9, bezpe\u010dn\u00e9 a spolehliv\u00e9. Koupit nyn\u00ed.","og_url":"https:\/\/oceansignal.com\/cs\/vozik\/","og_site_name":"Ocean Signal","article_modified_time":"2025-02-21T10:31:51+00:00","og_image":[{"width":1200,"height":630,"url":"https:\/\/oceansignal.com\/wp-content\/uploads\/2024\/03\/image-social-share-04.jpg","type":"image\/jpeg"}],"twitter_card":"summary_large_image","schema":{"@context":"https:\/\/schema.org","@graph":[{"@type":"WebPage","@id":"https:\/\/oceansignal.com\/cs\/vozik\/","url":"https:\/\/oceansignal.com\/cs\/vozik\/","name":"Voz\u00edk - Ocean Signal","isPartOf":{"@id":"https:\/\/oceansignal.com\/cs\/#website"},"datePublished":"2023-03-27T07:24:53+00:00","dateModified":"2025-02-21T10:31:51+00:00","description":"Zefektivn\u011bte sv\u016fj n\u00e1kup n\u00e1mo\u0159n\u00edho bezpe\u010dnostn\u00edho vybaven\u00ed pomoc\u00ed n\u00e1kupn\u00edho ko\u0161\u00edku Ocean Signal. Pohodln\u00e9, bezpe\u010dn\u00e9 a spolehliv\u00e9. Koupit nyn\u00ed.","inLanguage":"cs","potentialAction":[{"@type":"ReadAction","target":["https:\/\/oceansignal.com\/cs\/vozik\/"]}]},{"@type":"WebSite","@id":"https:\/\/oceansignal.com\/cs\/#website","url":"https:\/\/oceansignal.com\/cs\/","name":"Ocean Signal","description":"A leading manufacturer of EPIRBs, AIS, SARTs, Personal Locator Beacons, Man Overboard Beacon for the Marine and Outdoor Markets.","potentialAction":[{"@type":"SearchAction","target":{"@type":"EntryPoint","urlTemplate":"https:\/\/oceansignal.com\/cs\/?s={search_term_string}"},"query-input":{"@type":"PropertyValueSpecification","valueRequired":true,"valueName":"search_term_string"}}],"inLanguage":"cs"}]}},"_links":{"self":[{"href":"https:\/\/oceansignal.com\/cs\/wp-json\/wp\/v2\/pages\/7546","targetHints":{"allow":["GET"]}}],"collection":[{"href":"https:\/\/oceansignal.com\/cs\/wp-json\/wp\/v2\/pages"}],"about":[{"href":"https:\/\/oceansignal.com\/cs\/wp-json\/wp\/v2\/types\/page"}],"author":[{"embeddable":true,"href":"https:\/\/oceansignal.com\/cs\/wp-json\/wp\/v2\/users\/1"}],"replies":[{"embeddable":true,"href":"https:\/\/oceansignal.com\/cs\/wp-json\/wp\/v2\/comments?post=7546"}],"version-history":[{"count":1,"href":"https:\/\/oceansignal.com\/cs\/wp-json\/wp\/v2\/pages\/7546\/revisions"}],"predecessor-version":[{"id":7548,"href":"https:\/\/oceansignal.com\/cs\/wp-json\/wp\/v2\/pages\/7546\/revisions\/7548"}],"wp:attachment":[{"href":"https:\/\/oceansignal.com\/cs\/wp-json\/wp\/v2\/media?parent=7546"}],"curies":[{"name":"wp","href":"https:\/\/api.w.org\/{rel}","templated":true}]}}