{"id":7984,"date":"2023-04-14T09:51:51","date_gmt":"2023-04-14T09:51:51","guid":{"rendered":"https:\/\/oceansignal.com\/programovani-produktu\/"},"modified":"2024-09-30T14:58:31","modified_gmt":"2024-09-30T14:58:31","slug":"programovani-produktu","status":"publish","type":"page","link":"https:\/\/oceansignal.com\/cs\/podpora\/programovani-produktu\/","title":{"rendered":"Programov\u00e1n\u00ed produkt\u016f"},"content":{"rendered":"\n<div class=\"gb-support-block\">\n\t<div class=\"gc-container \">\n    \t\t\t\n\n<div class=\"gb-support-item\">\n\t\t\t\n\n<div class=\"wp-block-column gb-support-item__column gb-support-item__image-container is-layout-flow wp-block-column-is-layout-flow\">\n<div class=\"gb-image\">\n\t\n<div class=\"gc-image \">\n        <img decoding=\"async\" class=\"gc-image__image  \"\n         src=\"http:\/\/oceansignal.com\/wp-content\/uploads\/2023\/04\/image-product-ais-alarm-box.png\"\n         alt=\"\"\n    >\n<\/div><\/div>\n<\/div>\n\n\n\n<div class=\"wp-block-column gb-support-item__column-divider is-layout-flow wp-block-column-is-layout-flow\"><\/div>\n\n\n\n<div class=\"wp-block-column gb-support-item__column gb-support-item__text-container is-layout-flow wp-block-column-is-layout-flow\">\n<h6 class=\"wp-block-heading gb-support-item__text-container__title\" id=\"h-ais-alarm-box\">Alarmov\u00e1 sk\u0159\u00ed\u0148ka AIS<\/h6>\n\n\n\n<p class=\"gb-support-item__text-container__text\">Pro naprogramov\u00e1n\u00ed tohoto produktu vyberte tla\u010d\u00edtko n\u00ed\u017ee.<\/p>\n\n\n\n<a\n\t\t\thref=\"http:\/\/oceansignal.com\/support\/product-programming\/ais-alarm-box-programming\/\"\n\t\tclass=\"gb-button gb-button--primary \"\n\ttarget=\"_self\">\n\t\tProgram product\n<\/a>\n<\/div>\n\n\n\t<\/div>\n\n\n\n<div class=\"gb-support-item\">\n\t\t\t\n\n<div class=\"wp-block-column gb-support-item__column gb-support-item__image-container is-layout-flow wp-block-column-is-layout-flow\">\n<div class=\"gb-image\">\n\t\n<div class=\"gc-image \">\n        <img decoding=\"async\" class=\"gc-image__image  \"\n         src=\"http:\/\/oceansignal.com\/wp-content\/uploads\/2023\/04\/image-product-mob1-1.png\"\n         alt=\"\"\n    >\n<\/div><\/div>\n<\/div>\n\n\n\n<div class=\"wp-block-column gb-support-item__column-divider is-layout-flow wp-block-column-is-layout-flow\"><\/div>\n\n\n\n<div class=\"wp-block-column gb-support-item__column gb-support-item__text-container is-layout-flow wp-block-column-is-layout-flow\">\n<h6 class=\"wp-block-heading gb-support-item__text-container__title\" id=\"h-mob1\">MOB1<\/h6>\n\n\n\n<p class=\"gb-support-item__text-container__text\">Pro naprogramov\u00e1n\u00ed tohoto produktu vyberte tla\u010d\u00edtko n\u00ed\u017ee.<\/p>\n\n\n\n<a\n\t\t\thref=\"http:\/\/oceansignal.com\/support\/product-programming\/mob1-programming\/\"\n\t\tclass=\"gb-button gb-button--primary \"\n\ttarget=\"_self\">\n\t\tProgram product\n<\/a>\n<\/div>\n\n\n\t<\/div>\n\n\n\n<div class=\"gb-support-item\">\n\t\t\t\n\n<div class=\"wp-block-column gb-support-item__column gb-support-item__image-container is-layout-flow wp-block-column-is-layout-flow\">\n<div class=\"gb-image\">\n\t\n<div class=\"gc-image \">\n        <img decoding=\"async\" class=\"gc-image__image  \"\n         src=\"http:\/\/oceansignal.com\/wp-content\/uploads\/2023\/04\/image-products-atb1.png\"\n         alt=\"\"\n    >\n<\/div><\/div>\n<\/div>\n\n\n\n<div class=\"wp-block-column gb-support-item__column-divider is-layout-flow wp-block-column-is-layout-flow\"><\/div>\n\n\n\n<div class=\"wp-block-column gb-support-item__column gb-support-item__text-container is-layout-flow wp-block-column-is-layout-flow\">\n<h6 class=\"wp-block-heading gb-support-item__text-container__title\" id=\"h-atb1-class-b-ais-transceiver\">ATB1 AIS transceiver t\u0159\u00eddy B<\/h6>\n\n\n\n<p class=\"gb-support-item__text-container__text\">Pro naprogramov\u00e1n\u00ed tohoto produktu vyberte tla\u010d\u00edtko n\u00ed\u017ee.<\/p>\n\n\n\n<a\n\t\t\thref=\"http:\/\/oceansignal.com\/support\/product-programming\/atb1-class-b-ais-transceiver-programming\/\"\n\t\tclass=\"gb-button gb-button--primary \"\n\ttarget=\"_self\">\n\t\tProgram product\n<\/a>\n<\/div>\n\n\n\t<\/div>\n\n\n\t\t<\/div><\/div>\n\n<div class=\"gb-container-narrow\">\n    <div class=\"gc-container \">\n                \n\n<p>Spr\u00e1vn\u00e9 naprogramov\u00e1n\u00ed <a href=\"https:\/\/oceansignal.com\/cs\/produkty\/\">produkt\u016f Ocean Signal<\/a> je prvo\u0159ad\u00e9 pro maximalizaci jejich \u00fa\u010dinnosti p\u0159i zaji\u0161\u0165ov\u00e1n\u00ed n\u00e1mo\u0159n\u00ed bezpe\u010dnosti.\nTato za\u0159\u00edzen\u00ed, od nouzov\u00fdch maj\u00e1k\u016f a\u017e po syst\u00e9my AIS, spol\u00e9haj\u00ed na p\u0159esnou konfiguraci, aby optim\u00e1ln\u011b fungovala b\u011bhem mimo\u0159\u00e1dn\u00fdch ud\u00e1lost\u00ed.\nP\u0159esn\u00e9 programov\u00e1n\u00ed zaji\u0161\u0165uje, \u017ee nouzov\u00e9 sign\u00e1ly jsou vys\u00edl\u00e1ny se spr\u00e1vn\u00fdmi informacemi, co\u017e umo\u017e\u0148uje rychlou a p\u0159esnou reakci p\u00e1trac\u00edch a z\u00e1chrann\u00fdch t\u00fdm\u016f.\nProgramov\u00e1n\u00ed nav\u00edc umo\u017e\u0148uje u\u017eivatel\u016fm p\u0159izp\u016fsobit nastaven\u00ed jejich konkr\u00e9tn\u00edmu plavidlu a provozn\u00edm pot\u0159eb\u00e1m, co\u017e zvy\u0161uje spolehlivost a sni\u017euje po\u010det fale\u0161n\u00fdch poplach\u016f.     <\/p>\n\n\n        <\/div><\/div>\n","protected":false},"excerpt":{"rendered":"<p>Chcete-li naprogramovat sv\u016fj produkt, mus\u00edte nejprve vybrat typ produktu.<\/p>\n","protected":false},"author":2,"featured_media":0,"parent":8363,"menu_order":0,"comment_status":"closed","ping_status":"closed","template":"pagetemplate-header-orange.php","meta":{"_acf_changed":false,"om_disable_all_campaigns":false,"footnotes":""},"class_list":["post-7984","page","type-page","status-publish","hentry"],"acf":[],"yoast_head":"<!-- This site is optimized with the Yoast SEO Premium plugin v25.2 (Yoast SEO v26.4) - https:\/\/yoast.com\/wordpress\/plugins\/seo\/ -->\n<title>Programov\u00e1n\u00ed produkt\u016f - Ocean Signal<\/title>\n<meta name=\"description\" content=\"Programov\u00e1n\u00ed produkt\u016f Ocean Signal: P\u0159izp\u016fsobte si sv\u00e1 n\u00e1mo\u0159n\u00ed bezpe\u010dnostn\u00ed za\u0159\u00edzen\u00ed pro optim\u00e1ln\u00ed v\u00fdkon. Zajist\u011bte p\u0159esn\u00e1 nastaven\u00ed pro lep\u0161\u00ed zabezpe\u010den\u00ed na palub\u011b.\" \/>\n<meta name=\"robots\" content=\"index, follow, max-snippet:-1, max-image-preview:large, max-video-preview:-1\" \/>\n<link rel=\"canonical\" href=\"https:\/\/oceansignal.com\/cs\/podpora\/programovani-produktu\/\" \/>\n<meta property=\"og:locale\" content=\"cs_CZ\" \/>\n<meta property=\"og:type\" content=\"article\" \/>\n<meta property=\"og:title\" content=\"Programov\u00e1n\u00ed produkt\u016f - Ocean Signal\" \/>\n<meta property=\"og:description\" content=\"Programov\u00e1n\u00ed produkt\u016f Ocean Signal: P\u0159izp\u016fsobte si sv\u00e1 n\u00e1mo\u0159n\u00ed bezpe\u010dnostn\u00ed za\u0159\u00edzen\u00ed pro optim\u00e1ln\u00ed v\u00fdkon. Zajist\u011bte p\u0159esn\u00e1 nastaven\u00ed pro lep\u0161\u00ed zabezpe\u010den\u00ed na palub\u011b.\" \/>\n<meta property=\"og:url\" content=\"https:\/\/oceansignal.com\/cs\/podpora\/programovani-produktu\/\" \/>\n<meta property=\"og:site_name\" content=\"Ocean Signal\" \/>\n<meta property=\"article:modified_time\" content=\"2024-09-30T14:58:31+00:00\" \/>\n<meta property=\"og:image\" content=\"https:\/\/oceansignal.com\/wp-content\/uploads\/2024\/03\/image-social-share-04.jpg\" \/>\n\t<meta property=\"og:image:width\" content=\"1200\" \/>\n\t<meta property=\"og:image:height\" content=\"630\" \/>\n\t<meta property=\"og:image:type\" content=\"image\/jpeg\" \/>\n<meta name=\"twitter:card\" content=\"summary_large_image\" \/>\n<meta name=\"twitter:label1\" content=\"Odhadovan\u00e1 doba \u010dten\u00ed\" \/>\n\t<meta name=\"twitter:data1\" content=\"1 minuta\" \/>\n<script type=\"application\/ld+json\" class=\"yoast-schema-graph\">{\"@context\":\"https:\/\/schema.org\",\"@graph\":[{\"@type\":\"WebPage\",\"@id\":\"https:\/\/oceansignal.com\/cs\/podpora\/programovani-produktu\/\",\"url\":\"https:\/\/oceansignal.com\/cs\/podpora\/programovani-produktu\/\",\"name\":\"Programov\u00e1n\u00ed produkt\u016f - Ocean Signal\",\"isPartOf\":{\"@id\":\"https:\/\/oceansignal.com\/cs\/#website\"},\"datePublished\":\"2023-04-14T09:51:51+00:00\",\"dateModified\":\"2024-09-30T14:58:31+00:00\",\"description\":\"Programov\u00e1n\u00ed produkt\u016f Ocean Signal: P\u0159izp\u016fsobte si sv\u00e1 n\u00e1mo\u0159n\u00ed bezpe\u010dnostn\u00ed za\u0159\u00edzen\u00ed pro optim\u00e1ln\u00ed v\u00fdkon. Zajist\u011bte p\u0159esn\u00e1 nastaven\u00ed pro lep\u0161\u00ed zabezpe\u010den\u00ed na palub\u011b.\",\"breadcrumb\":{\"@id\":\"https:\/\/oceansignal.com\/cs\/podpora\/programovani-produktu\/#breadcrumb\"},\"inLanguage\":\"cs\",\"potentialAction\":[{\"@type\":\"ReadAction\",\"target\":[\"https:\/\/oceansignal.com\/cs\/podpora\/programovani-produktu\/\"]}]},{\"@type\":\"BreadcrumbList\",\"@id\":\"https:\/\/oceansignal.com\/cs\/podpora\/programovani-produktu\/#breadcrumb\",\"itemListElement\":[{\"@type\":\"ListItem\",\"position\":1,\"name\":\"Podpora\",\"item\":\"https:\/\/oceansignal.com\/cs\/podpora\/\"},{\"@type\":\"ListItem\",\"position\":2,\"name\":\"Programov\u00e1n\u00ed produkt\u016f\"}]},{\"@type\":\"WebSite\",\"@id\":\"https:\/\/oceansignal.com\/cs\/#website\",\"url\":\"https:\/\/oceansignal.com\/cs\/\",\"name\":\"Ocean Signal\",\"description\":\"A leading manufacturer of EPIRBs, AIS, SARTs, Personal Locator Beacons, Man Overboard Beacon for the Marine and Outdoor Markets.\",\"potentialAction\":[{\"@type\":\"SearchAction\",\"target\":{\"@type\":\"EntryPoint\",\"urlTemplate\":\"https:\/\/oceansignal.com\/cs\/?s={search_term_string}\"},\"query-input\":{\"@type\":\"PropertyValueSpecification\",\"valueRequired\":true,\"valueName\":\"search_term_string\"}}],\"inLanguage\":\"cs\"}]}<\/script>\n<!-- \/ Yoast SEO Premium plugin. -->","yoast_head_json":{"title":"Programov\u00e1n\u00ed produkt\u016f - Ocean Signal","description":"Programov\u00e1n\u00ed produkt\u016f Ocean Signal: P\u0159izp\u016fsobte si sv\u00e1 n\u00e1mo\u0159n\u00ed bezpe\u010dnostn\u00ed za\u0159\u00edzen\u00ed pro optim\u00e1ln\u00ed v\u00fdkon. Zajist\u011bte p\u0159esn\u00e1 nastaven\u00ed pro lep\u0161\u00ed zabezpe\u010den\u00ed na palub\u011b.","robots":{"index":"index","follow":"follow","max-snippet":"max-snippet:-1","max-image-preview":"max-image-preview:large","max-video-preview":"max-video-preview:-1"},"canonical":"https:\/\/oceansignal.com\/cs\/podpora\/programovani-produktu\/","og_locale":"cs_CZ","og_type":"article","og_title":"Programov\u00e1n\u00ed produkt\u016f - Ocean Signal","og_description":"Programov\u00e1n\u00ed produkt\u016f Ocean Signal: P\u0159izp\u016fsobte si sv\u00e1 n\u00e1mo\u0159n\u00ed bezpe\u010dnostn\u00ed za\u0159\u00edzen\u00ed pro optim\u00e1ln\u00ed v\u00fdkon. Zajist\u011bte p\u0159esn\u00e1 nastaven\u00ed pro lep\u0161\u00ed zabezpe\u010den\u00ed na palub\u011b.","og_url":"https:\/\/oceansignal.com\/cs\/podpora\/programovani-produktu\/","og_site_name":"Ocean Signal","article_modified_time":"2024-09-30T14:58:31+00:00","og_image":[{"width":1200,"height":630,"url":"https:\/\/oceansignal.com\/wp-content\/uploads\/2024\/03\/image-social-share-04.jpg","type":"image\/jpeg"}],"twitter_card":"summary_large_image","twitter_misc":{"Odhadovan\u00e1 doba \u010dten\u00ed":"1 minuta"},"schema":{"@context":"https:\/\/schema.org","@graph":[{"@type":"WebPage","@id":"https:\/\/oceansignal.com\/cs\/podpora\/programovani-produktu\/","url":"https:\/\/oceansignal.com\/cs\/podpora\/programovani-produktu\/","name":"Programov\u00e1n\u00ed produkt\u016f - Ocean Signal","isPartOf":{"@id":"https:\/\/oceansignal.com\/cs\/#website"},"datePublished":"2023-04-14T09:51:51+00:00","dateModified":"2024-09-30T14:58:31+00:00","description":"Programov\u00e1n\u00ed produkt\u016f Ocean Signal: P\u0159izp\u016fsobte si sv\u00e1 n\u00e1mo\u0159n\u00ed bezpe\u010dnostn\u00ed za\u0159\u00edzen\u00ed pro optim\u00e1ln\u00ed v\u00fdkon. Zajist\u011bte p\u0159esn\u00e1 nastaven\u00ed pro lep\u0161\u00ed zabezpe\u010den\u00ed na palub\u011b.","breadcrumb":{"@id":"https:\/\/oceansignal.com\/cs\/podpora\/programovani-produktu\/#breadcrumb"},"inLanguage":"cs","potentialAction":[{"@type":"ReadAction","target":["https:\/\/oceansignal.com\/cs\/podpora\/programovani-produktu\/"]}]},{"@type":"BreadcrumbList","@id":"https:\/\/oceansignal.com\/cs\/podpora\/programovani-produktu\/#breadcrumb","itemListElement":[{"@type":"ListItem","position":1,"name":"Podpora","item":"https:\/\/oceansignal.com\/cs\/podpora\/"},{"@type":"ListItem","position":2,"name":"Programov\u00e1n\u00ed produkt\u016f"}]},{"@type":"WebSite","@id":"https:\/\/oceansignal.com\/cs\/#website","url":"https:\/\/oceansignal.com\/cs\/","name":"Ocean Signal","description":"A leading manufacturer of EPIRBs, AIS, SARTs, Personal Locator Beacons, Man Overboard Beacon for the Marine and Outdoor Markets.","potentialAction":[{"@type":"SearchAction","target":{"@type":"EntryPoint","urlTemplate":"https:\/\/oceansignal.com\/cs\/?s={search_term_string}"},"query-input":{"@type":"PropertyValueSpecification","valueRequired":true,"valueName":"search_term_string"}}],"inLanguage":"cs"}]}},"_links":{"self":[{"href":"https:\/\/oceansignal.com\/cs\/wp-json\/wp\/v2\/pages\/7984","targetHints":{"allow":["GET"]}}],"collection":[{"href":"https:\/\/oceansignal.com\/cs\/wp-json\/wp\/v2\/pages"}],"about":[{"href":"https:\/\/oceansignal.com\/cs\/wp-json\/wp\/v2\/types\/page"}],"author":[{"embeddable":true,"href":"https:\/\/oceansignal.com\/cs\/wp-json\/wp\/v2\/users\/2"}],"replies":[{"embeddable":true,"href":"https:\/\/oceansignal.com\/cs\/wp-json\/wp\/v2\/comments?post=7984"}],"version-history":[{"count":1,"href":"https:\/\/oceansignal.com\/cs\/wp-json\/wp\/v2\/pages\/7984\/revisions"}],"predecessor-version":[{"id":7986,"href":"https:\/\/oceansignal.com\/cs\/wp-json\/wp\/v2\/pages\/7984\/revisions\/7986"}],"up":[{"embeddable":true,"href":"https:\/\/oceansignal.com\/cs\/wp-json\/wp\/v2\/pages\/8363"}],"wp:attachment":[{"href":"https:\/\/oceansignal.com\/cs\/wp-json\/wp\/v2\/media?parent=7984"}],"curies":[{"name":"wp","href":"https:\/\/api.w.org\/{rel}","templated":true}]}}