{"id":8259,"date":"2023-05-03T12:36:05","date_gmt":"2023-05-03T12:36:05","guid":{"rendered":"https:\/\/oceansignal.com\/zarucni-podminky\/"},"modified":"2025-03-06T13:47:52","modified_gmt":"2025-03-06T13:47:52","slug":"zarucni-podminky","status":"publish","type":"page","link":"https:\/\/oceansignal.com\/cs\/zarucni-podminky\/","title":{"rendered":"Z\u00e1ru\u010dn\u00ed podm\u00ednky"},"content":{"rendered":"\n<div class=\"gb-container-narrow\">\n    <div class=\"gc-container \">\n                \n\n<p><strong>Glob\u00e1ln\u00ed omezen\u00e1 z\u00e1ruka<\/strong><\/p>\n\n\n\n<p>Omezen\u00e9 z\u00e1ruky v glob\u00e1ln\u00ed omezen\u00e9 z\u00e1ruce jsou v\u00fdlu\u010dn\u00e9 a nahrazuj\u00ed v\u0161echny ostatn\u00ed z\u00e1ruky v\u00fdslovn\u00e9 nebo p\u0159edpokl\u00e1dan\u00e9 nebo z\u00e1konn\u00e9, v\u010detn\u011b jak\u00e9koli odpov\u011bdnosti vypl\u00fdvaj\u00edc\u00ed z jak\u00e9koli z\u00e1ruky obchodovatelnosti nebo vhodnosti pro ur\u010dit\u00fd \u00fa\u010del, z\u00e1konn\u00e9 nebo jin\u00e9. Tato z\u00e1ruka poskytuje vlastn\u00edkovi specifick\u00e1 z\u00e1konn\u00e1 pr\u00e1va, kter\u00e1 se mohou v jednotliv\u00fdch jurisdikc\u00edch li\u0161it. <\/p>\n\n\n\n<p>Ocean Signal Ltd. nebo jej\u00ed p\u0159idru\u017een\u00e9 spole\u010dnosti v \u017e\u00e1dn\u00e9m p\u0159\u00edpad\u011b nenesou odpov\u011bdnost za jak\u00e9koli n\u00e1hodn\u00e9, zvl\u00e1\u0161tn\u00ed, nep\u0159\u00edm\u00e9 nebo n\u00e1sledn\u00e9 \u0161kody, a\u0165 u\u017e vypl\u00fdvaj\u00edc\u00ed z pou\u017eit\u00ed, nespr\u00e1vn\u00e9ho pou\u017eit\u00ed, nemo\u017enosti pou\u017eit\u00ed, nespr\u00e1vn\u00e9ho spol\u00e9h\u00e1n\u00ed se na produkt nebo z jak\u00fdchkoli z\u00e1vad produktu. N\u011bkter\u00e9 jurisdikce neumo\u017e\u0148uj\u00ed vylou\u010den\u00ed n\u00e1hodn\u00fdch nebo n\u00e1sledn\u00fdch \u0161kod, tak\u017ee v\u00fd\u0161e uveden\u00e9 omezen\u00ed se na v\u00e1s nemus\u00ed vztahovat. <\/p>\n\n\n\n<p>Glob\u00e1ln\u00ed omezen\u00e1 z\u00e1ruka nem\u00e1 vliv na pr\u00e1va z\u00e1kazn\u00edka v\u016f\u010di maloobchodn\u00edkovi vypl\u00fdvaj\u00edc\u00ed z prodejn\u00ed\/kupn\u00ed smlouvy.<\/p>\n\n\n\n<p>Na produkt opraven\u00fd nebo vym\u011bn\u011bn\u00fd v r\u00e1mci z\u00e1ruky se vztahuje z\u00e1ruka pouze po zb\u00fdvaj\u00edc\u00ed zbytek p\u0159\u00edslu\u0161n\u00e9 p\u016fvodn\u00ed z\u00e1ru\u010dn\u00ed doby.<\/p>\n\n\n\n<p>V souladu s podm\u00ednkami, omezen\u00edmi a v\u00fdjimkami v glob\u00e1ln\u00ed omezen\u00e9 z\u00e1ruce se na v\u0161echny produkty Ocean Signal poskytuje z\u00e1ruka na vady materi\u00e1lu nebo zpracov\u00e1n\u00ed po dobu dvou (2) let od data zakoupen\u00ed produktu p\u016fvodn\u00edm z\u00e1kazn\u00edkem (d\u00e1le jen \u201edoba standardn\u00ed omezen\u00e9 z\u00e1ruky\u201c). B\u011bhem tohoto obdob\u00ed a pouze pro p\u016fvodn\u00edho z\u00e1kazn\u00edka Ocean Signal podle vlastn\u00edho uv\u00e1\u017een\u00ed oprav\u00ed nebo vym\u011bn\u00ed jak\u00e9koli sou\u010d\u00e1sti, kter\u00e9 sel\u017eou p\u0159i b\u011b\u017en\u00e9m pou\u017e\u00edv\u00e1n\u00ed, co\u017e bude v p\u0159\u00edpad\u011b neexistence jak\u00e9hokoli platn\u00e9ho z\u00e1kona v opa\u010dn\u00e9m p\u0159\u00edpad\u011b jedin\u00fdm a v\u00fdhradn\u00edm opravn\u00fdm prost\u0159edkem z\u00e1kazn\u00edka v p\u0159\u00edpad\u011b jak\u00e9hokoli poru\u0161en\u00ed z\u00e1ruky. <\/p>\n\n\n\n<p>Pokud se na v\u00e1s vztahuje standardn\u00ed omezen\u00e1 z\u00e1ruka, Ocean Signal v\u00e1m nebude \u00fa\u010dtovat d\u00edly ani pr\u00e1ci p\u0159i z\u00e1ru\u010dn\u00edch oprav\u00e1ch nebo v\u00fdm\u011bn\u00e1ch. N\u00e1klady na p\u0159epravu va\u0161eho produktu, na kter\u00fd se vztahuje z\u00e1ruka, do Ocean Signal za \u00fa\u010delem opravy nebo v\u00fdm\u011bny jsou v\u0161ak va\u0161\u00ed odpov\u011bdnost\u00ed a nejsou kryty spole\u010dnost\u00ed Ocean Signal . <\/p>\n\n\n\n<p><strong>Prodlou\u017een\u00e1 omezen\u00e1 z\u00e1ruka<\/strong><\/p>\n\n\n\n<p>V souladu s podm\u00ednkami, omezen\u00edmi a v\u00fdjimkami v Glob\u00e1ln\u00ed omezen\u00e9 z\u00e1ruce a s v\u00fdjimkou z\u00e1ru\u010dn\u00edho v\u00fdm\u011bnn\u00e9ho produktu a produkt\u016f pou\u017e\u00edvan\u00fdch pro b\u011b\u017en\u00e9 komer\u010dn\u00ed, vojensk\u00e9, policejn\u00ed nebo souvisej\u00edc\u00ed \u00fa\u010dely, v\u0161echny nov\u00e9 produkty registrovan\u00e9 u Ocean Signal do devades\u00e1ti (90) dn\u016f od data, kdy byl produkt poprv\u00e9 zakoupen p\u016fvodn\u00edm z\u00e1kazn\u00edkem, maj\u00ed z\u00e1ruku, \u017ee neobsahuj\u00ed vady materi\u00e1lu nebo zpracov\u00e1n\u00ed\u201d Z\u00e1ruka na dobu definovanou n\u00ed\u017ee (n\u00ed\u017ee uveden\u00e1 prodlou\u017een\u00e1 z\u00e1ruka):<\/p>\n\n\n\n<ul class=\"wp-block-list\">\n<li>rescueME produkty ( PLB1 , PLB3 , MOB1, EDF, EPIRB1, EPIRB1Pro, EPIRB2, EPIRB2 Pro a EPIRB3) &#8211; Prodlou\u017een\u00e1 z\u00e1ru\u010dn\u00ed doba 5 let<\/li>\n<\/ul>\n\n\n\n<ul class=\"wp-block-list\">\n<li>Produkty safeSEA (EPIRB3 Pro , V100 a S100) \u2013 nen\u00ed k dispozici prodlou\u017een\u00e1 z\u00e1ruka<\/li>\n<\/ul>\n\n\n\n<ul class=\"wp-block-list\">\n<li>Profesion\u00e1ln\u00ed produkty: (M100 a M100X) &#8211; Prodlou\u017een\u00e1 z\u00e1ruka nen\u00ed k dispozici<\/li>\n<\/ul>\n\n\n\n<ul class=\"wp-block-list\">\n<li>Produkty AIS: (ATB1) &#8211; prodlou\u017een\u00e1 z\u00e1ru\u010dn\u00ed doba 3 roky<\/li>\n<\/ul>\n\n\n\n<p>B\u011bhem tohoto obdob\u00ed a pro p\u016fvodn\u00edho z\u00e1kazn\u00edka Ocean Signal podle sv\u00e9ho v\u00fdhradn\u00edho uv\u00e1\u017een\u00ed oprav\u00ed nebo vym\u011bn\u00ed jak\u00e9koli sou\u010d\u00e1sti produktu, kter\u00e9 sel\u017eou p\u0159i b\u011b\u017en\u00e9m pou\u017e\u00edv\u00e1n\u00ed, co\u017e bude v p\u0159\u00edpad\u011b neexistence jak\u00e9hokoli platn\u00e9ho z\u00e1kona v opa\u010dn\u00e9m p\u0159\u00edpad\u011b jedin\u00fdm a v\u00fdhradn\u00edm opravn\u00fdm prost\u0159edkem z\u00e1kazn\u00edka v p\u0159\u00edpad\u011b jak\u00e9hokoli poru\u0161en\u00ed z\u00e1ruky.<\/p>\n\n\n\n<p>Po \u00fasp\u011b\u0161n\u00e9 registraci produktu nahrad\u00ed standardn\u00ed omezenou z\u00e1ruku prodlou\u017een\u00e1 omezen\u00e1 z\u00e1ruka.<\/p>\n\n\n\n<p>Po\u017e\u00e1dejte o prodlou\u017eenou z\u00e1ruku zde: <a href=\"https:\/\/oceansignal.com\/my-account\/products\/\">PRODLU\u017dEN\u00cd<\/a> <a href=\"https:\/\/oceansignal.com\/my-account\/products\/create\/\">Z\u00c1RUKY<\/a> Pokud se na v\u00e1s vztahuje prodlou\u017een\u00e1 omezen\u00e1 z\u00e1ruka, Ocean Signal v\u00e1m nebude \u00fa\u010dtovat d\u00edly ani pr\u00e1ci za z\u00e1ru\u010dn\u00ed opravy nebo v\u00fdm\u011bny. N\u00e1klady na p\u0159epravu va\u0161eho produktu, na kter\u00fd se vztahuje z\u00e1ruka, do Ocean Signal za \u00fa\u010delem opravy nebo v\u00fdm\u011bny jsou v\u0161ak va\u0161\u00ed odpov\u011bdnost\u00ed a nejsou kryty spole\u010dnost\u00ed Ocean Signal . <\/p>\n\n\n        <\/div><\/div>\n","protected":false},"excerpt":{"rendered":"","protected":false},"author":1,"featured_media":0,"parent":0,"menu_order":0,"comment_status":"closed","ping_status":"closed","template":"pagetemplate-header-gray.php","meta":{"_acf_changed":false,"om_disable_all_campaigns":false,"footnotes":""},"class_list":["post-8259","page","type-page","status-publish","hentry"],"acf":[],"yoast_head":"<!-- This site is optimized with the Yoast SEO Premium plugin v25.2 (Yoast SEO v26.4) - https:\/\/yoast.com\/wordpress\/plugins\/seo\/ -->\n<title>Z\u00e1ru\u010dn\u00ed podm\u00ednky - Ocean Signal<\/title>\n<meta name=\"description\" content=\"Objevte komplexn\u00ed z\u00e1ru\u010dn\u00ed politiku spole\u010dnosti Ocean Signal abyste m\u011bli klid na sv\u00e9 bezpe\u010dnostn\u00ed vybaven\u00ed. V\u011b\u0159te v n\u00e1\u0161 z\u00e1vazek kvality.\" \/>\n<meta name=\"robots\" content=\"index, follow, max-snippet:-1, max-image-preview:large, max-video-preview:-1\" \/>\n<link rel=\"canonical\" href=\"https:\/\/oceansignal.com\/cs\/zarucni-podminky\/\" \/>\n<meta property=\"og:locale\" content=\"cs_CZ\" \/>\n<meta property=\"og:type\" content=\"article\" \/>\n<meta property=\"og:title\" content=\"Z\u00e1ru\u010dn\u00ed podm\u00ednky - Ocean Signal\" \/>\n<meta property=\"og:description\" content=\"Objevte komplexn\u00ed z\u00e1ru\u010dn\u00ed politiku spole\u010dnosti Ocean Signal abyste m\u011bli klid na sv\u00e9 bezpe\u010dnostn\u00ed vybaven\u00ed. V\u011b\u0159te v n\u00e1\u0161 z\u00e1vazek kvality.\" \/>\n<meta property=\"og:url\" content=\"https:\/\/oceansignal.com\/cs\/zarucni-podminky\/\" \/>\n<meta property=\"og:site_name\" content=\"Ocean Signal\" \/>\n<meta property=\"article:modified_time\" content=\"2025-03-06T13:47:52+00:00\" \/>\n<meta property=\"og:image\" content=\"https:\/\/oceansignal.com\/wp-content\/uploads\/2024\/03\/image-social-share-04.jpg\" \/>\n\t<meta property=\"og:image:width\" content=\"1200\" \/>\n\t<meta property=\"og:image:height\" content=\"630\" \/>\n\t<meta property=\"og:image:type\" content=\"image\/jpeg\" \/>\n<meta name=\"twitter:card\" content=\"summary_large_image\" \/>\n<meta name=\"twitter:label1\" content=\"Odhadovan\u00e1 doba \u010dten\u00ed\" \/>\n\t<meta name=\"twitter:data1\" content=\"4 minuty\" \/>\n<script type=\"application\/ld+json\" class=\"yoast-schema-graph\">{\"@context\":\"https:\/\/schema.org\",\"@graph\":[{\"@type\":\"WebPage\",\"@id\":\"https:\/\/oceansignal.com\/cs\/zarucni-podminky\/\",\"url\":\"https:\/\/oceansignal.com\/cs\/zarucni-podminky\/\",\"name\":\"Z\u00e1ru\u010dn\u00ed podm\u00ednky - Ocean Signal\",\"isPartOf\":{\"@id\":\"https:\/\/oceansignal.com\/cs\/#website\"},\"datePublished\":\"2023-05-03T12:36:05+00:00\",\"dateModified\":\"2025-03-06T13:47:52+00:00\",\"description\":\"Objevte komplexn\u00ed z\u00e1ru\u010dn\u00ed politiku spole\u010dnosti Ocean Signal abyste m\u011bli klid na sv\u00e9 bezpe\u010dnostn\u00ed vybaven\u00ed. V\u011b\u0159te v n\u00e1\u0161 z\u00e1vazek kvality.\",\"inLanguage\":\"cs\",\"potentialAction\":[{\"@type\":\"ReadAction\",\"target\":[\"https:\/\/oceansignal.com\/cs\/zarucni-podminky\/\"]}]},{\"@type\":\"WebSite\",\"@id\":\"https:\/\/oceansignal.com\/cs\/#website\",\"url\":\"https:\/\/oceansignal.com\/cs\/\",\"name\":\"Ocean Signal\",\"description\":\"A leading manufacturer of EPIRBs, AIS, SARTs, Personal Locator Beacons, Man Overboard Beacon for the Marine and Outdoor Markets.\",\"potentialAction\":[{\"@type\":\"SearchAction\",\"target\":{\"@type\":\"EntryPoint\",\"urlTemplate\":\"https:\/\/oceansignal.com\/cs\/?s={search_term_string}\"},\"query-input\":{\"@type\":\"PropertyValueSpecification\",\"valueRequired\":true,\"valueName\":\"search_term_string\"}}],\"inLanguage\":\"cs\"}]}<\/script>\n<!-- \/ Yoast SEO Premium plugin. -->","yoast_head_json":{"title":"Z\u00e1ru\u010dn\u00ed podm\u00ednky - Ocean Signal","description":"Objevte komplexn\u00ed z\u00e1ru\u010dn\u00ed politiku spole\u010dnosti Ocean Signal abyste m\u011bli klid na sv\u00e9 bezpe\u010dnostn\u00ed vybaven\u00ed. V\u011b\u0159te v n\u00e1\u0161 z\u00e1vazek kvality.","robots":{"index":"index","follow":"follow","max-snippet":"max-snippet:-1","max-image-preview":"max-image-preview:large","max-video-preview":"max-video-preview:-1"},"canonical":"https:\/\/oceansignal.com\/cs\/zarucni-podminky\/","og_locale":"cs_CZ","og_type":"article","og_title":"Z\u00e1ru\u010dn\u00ed podm\u00ednky - Ocean Signal","og_description":"Objevte komplexn\u00ed z\u00e1ru\u010dn\u00ed politiku spole\u010dnosti Ocean Signal abyste m\u011bli klid na sv\u00e9 bezpe\u010dnostn\u00ed vybaven\u00ed. V\u011b\u0159te v n\u00e1\u0161 z\u00e1vazek kvality.","og_url":"https:\/\/oceansignal.com\/cs\/zarucni-podminky\/","og_site_name":"Ocean Signal","article_modified_time":"2025-03-06T13:47:52+00:00","og_image":[{"width":1200,"height":630,"url":"https:\/\/oceansignal.com\/wp-content\/uploads\/2024\/03\/image-social-share-04.jpg","type":"image\/jpeg"}],"twitter_card":"summary_large_image","twitter_misc":{"Odhadovan\u00e1 doba \u010dten\u00ed":"4 minuty"},"schema":{"@context":"https:\/\/schema.org","@graph":[{"@type":"WebPage","@id":"https:\/\/oceansignal.com\/cs\/zarucni-podminky\/","url":"https:\/\/oceansignal.com\/cs\/zarucni-podminky\/","name":"Z\u00e1ru\u010dn\u00ed podm\u00ednky - Ocean Signal","isPartOf":{"@id":"https:\/\/oceansignal.com\/cs\/#website"},"datePublished":"2023-05-03T12:36:05+00:00","dateModified":"2025-03-06T13:47:52+00:00","description":"Objevte komplexn\u00ed z\u00e1ru\u010dn\u00ed politiku spole\u010dnosti Ocean Signal abyste m\u011bli klid na sv\u00e9 bezpe\u010dnostn\u00ed vybaven\u00ed. V\u011b\u0159te v n\u00e1\u0161 z\u00e1vazek kvality.","inLanguage":"cs","potentialAction":[{"@type":"ReadAction","target":["https:\/\/oceansignal.com\/cs\/zarucni-podminky\/"]}]},{"@type":"WebSite","@id":"https:\/\/oceansignal.com\/cs\/#website","url":"https:\/\/oceansignal.com\/cs\/","name":"Ocean Signal","description":"A leading manufacturer of EPIRBs, AIS, SARTs, Personal Locator Beacons, Man Overboard Beacon for the Marine and Outdoor Markets.","potentialAction":[{"@type":"SearchAction","target":{"@type":"EntryPoint","urlTemplate":"https:\/\/oceansignal.com\/cs\/?s={search_term_string}"},"query-input":{"@type":"PropertyValueSpecification","valueRequired":true,"valueName":"search_term_string"}}],"inLanguage":"cs"}]}},"_links":{"self":[{"href":"https:\/\/oceansignal.com\/cs\/wp-json\/wp\/v2\/pages\/8259","targetHints":{"allow":["GET"]}}],"collection":[{"href":"https:\/\/oceansignal.com\/cs\/wp-json\/wp\/v2\/pages"}],"about":[{"href":"https:\/\/oceansignal.com\/cs\/wp-json\/wp\/v2\/types\/page"}],"author":[{"embeddable":true,"href":"https:\/\/oceansignal.com\/cs\/wp-json\/wp\/v2\/users\/1"}],"replies":[{"embeddable":true,"href":"https:\/\/oceansignal.com\/cs\/wp-json\/wp\/v2\/comments?post=8259"}],"version-history":[{"count":4,"href":"https:\/\/oceansignal.com\/cs\/wp-json\/wp\/v2\/pages\/8259\/revisions"}],"predecessor-version":[{"id":25566,"href":"https:\/\/oceansignal.com\/cs\/wp-json\/wp\/v2\/pages\/8259\/revisions\/25566"}],"wp:attachment":[{"href":"https:\/\/oceansignal.com\/cs\/wp-json\/wp\/v2\/media?parent=8259"}],"curies":[{"name":"wp","href":"https:\/\/api.w.org\/{rel}","templated":true}]}}