{"id":8338,"date":"2024-04-29T17:51:04","date_gmt":"2024-04-29T17:51:04","guid":{"rendered":"https:\/\/oceansignal.com\/obchodni-podminky\/"},"modified":"2025-09-16T14:35:31","modified_gmt":"2025-09-16T14:35:31","slug":"obchodni-podminky","status":"publish","type":"page","link":"https:\/\/oceansignal.com\/cs\/obchodni-podminky\/","title":{"rendered":"Obchodn\u00ed podm\u00ednky"},"content":{"rendered":"\n<p>Standardn\u00ed obchodn\u00ed podm\u00ednky Ocean Signal naleznete na n\u00ed\u017ee uveden\u00fdch odkazech.<\/p>\n\n<p><a href=\"https:\/\/oceansignal.com\/wp-content\/uploads\/2025\/09\/OS-Conditions-of-Sale-210921-3.pdf\">VOP pro prodej zbo\u017e\u00ed a poskytov\u00e1n\u00ed slu\u017eeb<\/a><\/p>\n\n<p><a href=\"https:\/\/oceansignal.com\/wp-content\/uploads\/2024\/04\/151116-OS-TERMS-FOR-THE-PURCHASE-OF-GOODS.pdf\">Obchodn\u00ed podm\u00ednky pro n\u00e1kup zbo\u017e\u00ed<\/a><\/p>\n","protected":false},"excerpt":{"rendered":"<p>Standardn\u00ed obchodn\u00ed podm\u00ednky Ocean Signal naleznete na n\u00ed\u017ee uveden\u00fdch odkazech. VOP pro prodej zbo\u017e\u00ed a poskytov\u00e1n\u00ed slu\u017eeb Obchodn\u00ed podm\u00ednky pro n\u00e1kup zbo\u017e\u00ed<\/p>\n","protected":false},"author":4,"featured_media":0,"parent":0,"menu_order":0,"comment_status":"closed","ping_status":"closed","template":"pagetemplate-accordion-archive.php","meta":{"_acf_changed":false,"om_disable_all_campaigns":false,"footnotes":""},"class_list":["post-8338","page","type-page","status-publish","hentry"],"acf":[],"yoast_head":"<!-- This site is optimized with the Yoast SEO Premium plugin v25.2 (Yoast SEO v26.4) - https:\/\/yoast.com\/wordpress\/plugins\/seo\/ -->\n<title>Obchodn\u00ed podm\u00ednky - Ocean Signal<\/title>\n<meta name=\"robots\" content=\"index, follow, max-snippet:-1, max-image-preview:large, max-video-preview:-1\" \/>\n<link rel=\"canonical\" href=\"https:\/\/oceansignal.com\/cs\/obchodni-podminky\/\" \/>\n<meta property=\"og:locale\" content=\"cs_CZ\" \/>\n<meta property=\"og:type\" content=\"article\" \/>\n<meta property=\"og:title\" content=\"Obchodn\u00ed podm\u00ednky - Ocean Signal\" \/>\n<meta property=\"og:description\" content=\"Standardn\u00ed obchodn\u00ed podm\u00ednky Ocean Signal naleznete na n\u00ed\u017ee uveden\u00fdch odkazech. VOP pro prodej zbo\u017e\u00ed a poskytov\u00e1n\u00ed slu\u017eeb Obchodn\u00ed podm\u00ednky pro n\u00e1kup zbo\u017e\u00ed\" \/>\n<meta property=\"og:url\" content=\"https:\/\/oceansignal.com\/cs\/obchodni-podminky\/\" \/>\n<meta property=\"og:site_name\" content=\"Ocean Signal\" \/>\n<meta property=\"article:modified_time\" content=\"2025-09-16T14:35:31+00:00\" \/>\n<meta property=\"og:image\" content=\"https:\/\/oceansignal.com\/wp-content\/uploads\/2024\/03\/image-social-share-04.jpg\" \/>\n\t<meta property=\"og:image:width\" content=\"1200\" \/>\n\t<meta property=\"og:image:height\" content=\"630\" \/>\n\t<meta property=\"og:image:type\" content=\"image\/jpeg\" \/>\n<meta name=\"twitter:card\" content=\"summary_large_image\" \/>\n<script type=\"application\/ld+json\" class=\"yoast-schema-graph\">{\"@context\":\"https:\/\/schema.org\",\"@graph\":[{\"@type\":\"WebPage\",\"@id\":\"https:\/\/oceansignal.com\/cs\/obchodni-podminky\/\",\"url\":\"https:\/\/oceansignal.com\/cs\/obchodni-podminky\/\",\"name\":\"Obchodn\u00ed podm\u00ednky - Ocean Signal\",\"isPartOf\":{\"@id\":\"https:\/\/oceansignal.com\/cs\/#website\"},\"datePublished\":\"2024-04-29T17:51:04+00:00\",\"dateModified\":\"2025-09-16T14:35:31+00:00\",\"inLanguage\":\"cs\",\"potentialAction\":[{\"@type\":\"ReadAction\",\"target\":[\"https:\/\/oceansignal.com\/cs\/obchodni-podminky\/\"]}]},{\"@type\":\"WebSite\",\"@id\":\"https:\/\/oceansignal.com\/cs\/#website\",\"url\":\"https:\/\/oceansignal.com\/cs\/\",\"name\":\"Ocean Signal\",\"description\":\"A leading manufacturer of EPIRBs, AIS, SARTs, Personal Locator Beacons, Man Overboard Beacon for the Marine and Outdoor Markets.\",\"potentialAction\":[{\"@type\":\"SearchAction\",\"target\":{\"@type\":\"EntryPoint\",\"urlTemplate\":\"https:\/\/oceansignal.com\/cs\/?s={search_term_string}\"},\"query-input\":{\"@type\":\"PropertyValueSpecification\",\"valueRequired\":true,\"valueName\":\"search_term_string\"}}],\"inLanguage\":\"cs\"}]}<\/script>\n<!-- \/ Yoast SEO Premium plugin. -->","yoast_head_json":{"title":"Obchodn\u00ed podm\u00ednky - Ocean Signal","robots":{"index":"index","follow":"follow","max-snippet":"max-snippet:-1","max-image-preview":"max-image-preview:large","max-video-preview":"max-video-preview:-1"},"canonical":"https:\/\/oceansignal.com\/cs\/obchodni-podminky\/","og_locale":"cs_CZ","og_type":"article","og_title":"Obchodn\u00ed podm\u00ednky - Ocean Signal","og_description":"Standardn\u00ed obchodn\u00ed podm\u00ednky Ocean Signal naleznete na n\u00ed\u017ee uveden\u00fdch odkazech. VOP pro prodej zbo\u017e\u00ed a poskytov\u00e1n\u00ed slu\u017eeb Obchodn\u00ed podm\u00ednky pro n\u00e1kup zbo\u017e\u00ed","og_url":"https:\/\/oceansignal.com\/cs\/obchodni-podminky\/","og_site_name":"Ocean Signal","article_modified_time":"2025-09-16T14:35:31+00:00","og_image":[{"width":1200,"height":630,"url":"https:\/\/oceansignal.com\/wp-content\/uploads\/2024\/03\/image-social-share-04.jpg","type":"image\/jpeg"}],"twitter_card":"summary_large_image","schema":{"@context":"https:\/\/schema.org","@graph":[{"@type":"WebPage","@id":"https:\/\/oceansignal.com\/cs\/obchodni-podminky\/","url":"https:\/\/oceansignal.com\/cs\/obchodni-podminky\/","name":"Obchodn\u00ed podm\u00ednky - Ocean Signal","isPartOf":{"@id":"https:\/\/oceansignal.com\/cs\/#website"},"datePublished":"2024-04-29T17:51:04+00:00","dateModified":"2025-09-16T14:35:31+00:00","inLanguage":"cs","potentialAction":[{"@type":"ReadAction","target":["https:\/\/oceansignal.com\/cs\/obchodni-podminky\/"]}]},{"@type":"WebSite","@id":"https:\/\/oceansignal.com\/cs\/#website","url":"https:\/\/oceansignal.com\/cs\/","name":"Ocean Signal","description":"A leading manufacturer of EPIRBs, AIS, SARTs, Personal Locator Beacons, Man Overboard Beacon for the Marine and Outdoor Markets.","potentialAction":[{"@type":"SearchAction","target":{"@type":"EntryPoint","urlTemplate":"https:\/\/oceansignal.com\/cs\/?s={search_term_string}"},"query-input":{"@type":"PropertyValueSpecification","valueRequired":true,"valueName":"search_term_string"}}],"inLanguage":"cs"}]}},"_links":{"self":[{"href":"https:\/\/oceansignal.com\/cs\/wp-json\/wp\/v2\/pages\/8338","targetHints":{"allow":["GET"]}}],"collection":[{"href":"https:\/\/oceansignal.com\/cs\/wp-json\/wp\/v2\/pages"}],"about":[{"href":"https:\/\/oceansignal.com\/cs\/wp-json\/wp\/v2\/types\/page"}],"author":[{"embeddable":true,"href":"https:\/\/oceansignal.com\/cs\/wp-json\/wp\/v2\/users\/4"}],"replies":[{"embeddable":true,"href":"https:\/\/oceansignal.com\/cs\/wp-json\/wp\/v2\/comments?post=8338"}],"version-history":[{"count":2,"href":"https:\/\/oceansignal.com\/cs\/wp-json\/wp\/v2\/pages\/8338\/revisions"}],"predecessor-version":[{"id":34598,"href":"https:\/\/oceansignal.com\/cs\/wp-json\/wp\/v2\/pages\/8338\/revisions\/34598"}],"wp:attachment":[{"href":"https:\/\/oceansignal.com\/cs\/wp-json\/wp\/v2\/media?parent=8338"}],"curies":[{"name":"wp","href":"https:\/\/api.w.org\/{rel}","templated":true}]}}