{"id":8363,"date":"2023-03-17T08:00:24","date_gmt":"2023-03-17T08:00:24","guid":{"rendered":"https:\/\/oceansignal.com\/podpora\/"},"modified":"2025-02-27T11:50:07","modified_gmt":"2025-02-27T11:50:07","slug":"podpora","status":"publish","type":"page","link":"https:\/\/oceansignal.com\/cs\/podpora\/","title":{"rendered":"Podpora"},"content":{"rendered":"\n<div class=\"gb-support-block\">\n\t<div class=\"gc-container \">\n    \t\t\t\n\n<div class=\"gb-support-item\">\n\t\t\t\n\n<div class=\"wp-block-column gb-support-item__column gb-support-item__image-container is-layout-flow wp-block-column-is-layout-flow\">\n<div class=\"gb-image\">\n\t\n<div class=\"gc-image \">\n        <img decoding=\"async\" class=\"gc-image__image  \"\n         src=\"http:\/\/oceansignal.com\/wp-content\/uploads\/2023\/03\/icon-product-programming-1.png\"\n         alt=\"Ocean Signal Product Support - Product Programming\"\n    >\n<\/div><\/div>\n<\/div>\n\n\n\n<div class=\"wp-block-column gb-support-item__column-divider is-layout-flow wp-block-column-is-layout-flow\"><\/div>\n\n\n\n<div class=\"wp-block-column gb-support-item__column gb-support-item__text-container is-layout-flow wp-block-column-is-layout-flow\">\n<h6 class=\"wp-block-heading gb-support-item__text-container__title\" id=\"h-product-programming\">Programov\u00e1n\u00ed produkt\u016f<\/h6>\n\n\n\n<p class=\"gb-support-item__text-container__text\">Chcete-li naprogramovat sv\u016fj produkt, budete muset nejprve vybrat typ produktu.<\/p>\n\n\n\n<a\n\t\t\thref=\"http:\/\/oceansignal.com\/support\/product-programming\/\"\n\t\tclass=\"gb-button gb-button--primary \"\n\ttarget=\"_self\">\n\t\tProgram product\n<\/a>\n<\/div>\n\n\n\t<\/div>\n\n\n\n<div class=\"gb-support-item\">\n\t\t\t\n\n<div class=\"wp-block-column gb-support-item__column gb-support-item__image-container is-layout-flow wp-block-column-is-layout-flow\">\n<div class=\"gb-image\">\n\t\n<div class=\"gc-image \">\n        <img decoding=\"async\" class=\"gc-image__image  \"\n         src=\"http:\/\/oceansignal.com\/wp-content\/uploads\/2023\/03\/icon-warranty-1.png\"\n         alt=\"Ocean Signal Product Support - Extend Warranty\"\n    >\n<\/div><\/div>\n<\/div>\n\n\n\n<div class=\"wp-block-column gb-support-item__column-divider is-layout-flow wp-block-column-is-layout-flow\"><\/div>\n\n\n\n<div class=\"wp-block-column gb-support-item__column gb-support-item__text-container is-layout-flow wp-block-column-is-layout-flow\">\n<h6 class=\"wp-block-heading gb-support-item__text-container__title\" id=\"h-extend-warranty\">Prodlou\u017een\u00ed z\u00e1ruky<\/h6>\n\n\n\n<p class=\"gb-support-item__text-container__text\">P\u0159i\u0159a\u010fte z\u00e1ruku k zakoupen\u00e9mu produktu.<\/p>\n\n\n\n<a\n\t\t\thref=\"http:\/\/oceansignal.com\/my-account\/personal-products\"\n\t\tclass=\"gb-button gb-button--primary \"\n\ttarget=\"_self\">\n\t\tExtend warranty\n<\/a>\n<\/div>\n\n\n\t<\/div>\n\n\n\n<div class=\"gb-support-item\">\n\t\t\t\n\n<div class=\"wp-block-column gb-support-item__column gb-support-item__image-container is-layout-flow wp-block-column-is-layout-flow\">\n<div class=\"gb-image\">\n\t\n<div class=\"gc-image \">\n        <img decoding=\"async\" class=\"gc-image__image  \"\n         src=\"http:\/\/oceansignal.com\/wp-content\/uploads\/2023\/03\/icon-national-authority-1.png\"\n         alt=\"Ocean Signal Product Support - Register Product\"\n    >\n<\/div><\/div>\n<\/div>\n\n\n\n<div class=\"wp-block-column gb-support-item__column-divider is-layout-flow wp-block-column-is-layout-flow\"><\/div>\n\n\n\n<div class=\"wp-block-column gb-support-item__column gb-support-item__text-container is-layout-flow wp-block-column-is-layout-flow\">\n<h6 class=\"wp-block-heading gb-support-item__text-container__title\" id=\"h-register-product\">Registrovat produkt<\/h6>\n\n\n\n<p class=\"gb-support-item__text-container__text\">Zaregistrujte sv\u016fj produkt u vnitrost\u00e1tn\u00edho org\u00e1nu ve va\u0161\u00ed domovsk\u00e9 zemi.<\/p>\n\n\n\n<a\n\t\t\thref=\"http:\/\/oceansignal.com\/support\/register-product-with-national-authority\/\"\n\t\tclass=\"gb-button gb-button--primary \"\n\ttarget=\"_self\">\n\t\tRegister product\n<\/a>\n<\/div>\n\n\n\t<\/div>\n\n\n\n<div class=\"gb-support-item\">\n\t\t\t\n\n<div class=\"wp-block-column gb-support-item__column gb-support-item__image-container is-layout-flow wp-block-column-is-layout-flow\">\n<div class=\"gb-image\">\n\t\n<div class=\"gc-image \">\n        <img decoding=\"async\" class=\"gc-image__image  \"\n         src=\"http:\/\/oceansignal.com\/wp-content\/uploads\/2023\/03\/icon-documents-1.png\"\n         alt=\"Ocean Signal Product Support - Documents\"\n    >\n<\/div><\/div>\n<\/div>\n\n\n\n<div class=\"wp-block-column gb-support-item__column-divider is-layout-flow wp-block-column-is-layout-flow\"><\/div>\n\n\n\n<div class=\"wp-block-column gb-support-item__column gb-support-item__text-container is-layout-flow wp-block-column-is-layout-flow\">\n<h6 class=\"wp-block-heading gb-support-item__text-container__title\" id=\"h-documents\">Dokumenty<\/h6>\n\n\n\n<p class=\"gb-support-item__text-container__text\">Jedno m\u00edsto pro dokumentaci k v\u00fdrobku a ve\u0161ker\u00e9 technick\u00e9 materi\u00e1ly<\/p>\n\n\n\n<a\n\t\t\thref=\"http:\/\/oceansignal.com\/support\/documents\/\"\n\t\tclass=\"gb-button gb-button--primary \"\n\ttarget=\"_self\">\n\t\tView resources\n<\/a>\n<\/div>\n\n\n\t<\/div>\n\n\n\n<div class=\"gb-support-item\">\n\t\t\t\n\n<div class=\"wp-block-column gb-support-item__column gb-support-item__image-container is-layout-flow wp-block-column-is-layout-flow\">\n<div class=\"gb-image\">\n\t\n<div class=\"gc-image \">\n        <img decoding=\"async\" class=\"gc-image__image  \"\n         src=\"http:\/\/oceansignal.com\/wp-content\/uploads\/2023\/03\/icon-faqs.png\"\n         alt=\"Ocean Signal Product Support - FAQs\"\n    >\n<\/div><\/div>\n<\/div>\n\n\n\n<div class=\"wp-block-column gb-support-item__column-divider is-layout-flow wp-block-column-is-layout-flow\"><\/div>\n\n\n\n<div class=\"wp-block-column gb-support-item__column gb-support-item__text-container is-layout-flow wp-block-column-is-layout-flow\">\n<h6 class=\"wp-block-heading gb-support-item__text-container__title\" id=\"h-faqs\">Nej\u010dast\u011bj\u0161\u00ed dotazy<\/h6>\n\n\n\n<p class=\"gb-support-item__text-container__text\">Proch\u00e1zejte v\u00fdb\u011br \u010dasto kladen\u00fdch ot\u00e1zek a z\u00edskejte odpov\u011bdi, kter\u00e9 hled\u00e1te.<\/p>\n\n\n\n<a\n\t\t\thref=\"https:\/\/oceansignal.com\/support\/faqs\/?category%5B%5D=general\"\n\t\tclass=\"gb-button gb-button--primary \"\n\ttarget=\"_self\">\n\t\tFind out\n<\/a>\n<\/div>\n\n\n\t<\/div>\n\n\n\n<div class=\"gb-support-item\">\n\t\t\t\n\n<div class=\"wp-block-column gb-support-item__column gb-support-item__image-container is-layout-flow wp-block-column-is-layout-flow\">\n<div class=\"gb-image\">\n\t\n<div class=\"gc-image \">\n        <img decoding=\"async\" class=\"gc-image__image  \"\n         src=\"http:\/\/oceansignal.com\/wp-content\/uploads\/2023\/03\/icon-returns.png\"\n         alt=\"Ocean Signal Product Support - RMA\"\n    >\n<\/div><\/div>\n<\/div>\n\n\n\n<div class=\"wp-block-column gb-support-item__column-divider is-layout-flow wp-block-column-is-layout-flow\"><\/div>\n\n\n\n<div class=\"wp-block-column gb-support-item__column gb-support-item__text-container is-layout-flow wp-block-column-is-layout-flow\">\n<h6 class=\"wp-block-heading gb-support-item__text-container__title\" id=\"h-rma-returns\">RMA \/ Vr\u00e1cen\u00ed zbo\u017e\u00ed<\/h6>\n\n\n\n<p class=\"gb-support-item__text-container__text\">\u017d\u00e1dost o vr\u00e1cen\u00ed zbo\u017e\u00ed Autorizace zasl\u00e1n\u00edm \u017e\u00e1dosti prost\u0159ednictv\u00edm kontaktn\u00edho formul\u00e1\u0159e.<\/p>\n\n\n\n<a\n\t\t\thref=\"http:\/\/oceansignal.com\/support\/#contact-us\"\n\t\tclass=\"gb-button gb-button--primary \"\n\ttarget=\"_self\">\n\t\tContact us\n<\/a>\n<\/div>\n\n\n\t<\/div>\n\n\n\t\t<\/div><\/div>\n\n\n<div class=\"gb-contact-us\" id=\"contact-us\">\n\t<div class=\"gc-container \">\n    \t\t\t\n\n<div class=\"wp-block-column gb-contact-us__column gb-contact-us__text-container is-layout-flow wp-block-column-is-layout-flow\">\n<h1 class=\"wp-block-heading gb-contact-us__text-container__title\" id=\"h-we-are-here-to-help\">Jsme tu, abychom v\u00e1m pomohli<\/h1>\n\n\n\n<p class=\"gb-contact-us__text-container__text\">Po\u0161lete n\u00e1m zpr\u00e1vu a \u010dlen na\u0161eho t\u00fdmu se v\u00e1m ozve.<\/p>\n\n\n\n<div class=\"wp-block-column gb-contact-us__text-container__image is-layout-flow wp-block-column-is-layout-flow\"><\/div>\n<\/div>\n\n\n\n<div class=\"wp-block-column gb-contact-us__column gb-contact-us__form-container is-layout-flow wp-block-column-is-layout-flow\"><div id=\"contact-form\" class=\"gb-contact-form\">\n\t<form class=\"gb-contact-form__form\" method=\"post\">\n\t\t\n\n<div class=\"c-input c-input--fullName \">\n\t<label class=\"c-input__label\" for=\"fullName\">First and last name (optional)<\/label>\n\t<div class=\"c-input__container\">\n\t\t\t\t<input\n\t\t\ttype=\"text\"\n\t\t\tname=\"fullName\"\n\t\t\tid=\"fullName\"\n\t\t\tclass=\"c-input__input\"\n\t\t\tvalue=\"\"\n\t\t\t\n\t\t\tautocomplete=\"off\"\n\t\t\tspellcheck=\"true\"\n\t\t\tplaceholder=\"\"\n\t\t\/>\n\t<\/div>\n\t\t<span class=\"c-input__message\">This field is required.<\/span>\n<\/div>\n\n\t\t\n\n<div class=\"c-input c-input--email \">\n\t<label class=\"c-input__label\" for=\"email\">Email<\/label>\n\t<div class=\"c-input__container\">\n\t\t\t\t<input\n\t\t\ttype=\"email\"\n\t\t\tname=\"email\"\n\t\t\tid=\"email\"\n\t\t\tclass=\"c-input__input\"\n\t\t\tvalue=\"\"\n\t\t\t\n\t\t\tautocomplete=\"off\"\n\t\t\tspellcheck=\"true\"\n\t\t\tplaceholder=\"\"\n\t\t\/>\n\t<\/div>\n\t\t<span class=\"c-input__message\">Email address is in incorrect format.<\/span>\n<\/div>\n\n\t\t\n\n<div class=\"c-input c-input--phone \">\n\t<label class=\"c-input__label\" for=\"phone\">Phone number (optional)<\/label>\n\t<div class=\"c-input__container\">\n\t\t\t\t<input\n\t\t\ttype=\"text\"\n\t\t\tname=\"phone\"\n\t\t\tid=\"phone\"\n\t\t\tclass=\"c-input__input\"\n\t\t\tvalue=\"\"\n\t\t\t\n\t\t\tautocomplete=\"off\"\n\t\t\tspellcheck=\"true\"\n\t\t\tplaceholder=\"\"\n\t\t\/>\n\t<\/div>\n\t\t<span class=\"c-input__message\">This field is required.<\/span>\n<\/div>\n\n\t\t\n\n<div class=\"c-input c-input--country \">\n\t<label class=\"c-input__label\" for=\"country\">Country of origin<\/label>\n\t<div class=\"c-input__container\">\n\t\t\t\t<input\n\t\t\ttype=\"text\"\n\t\t\tname=\"country\"\n\t\t\tid=\"country\"\n\t\t\tclass=\"c-input__input\"\n\t\t\tvalue=\"\"\n\t\t\t\n\t\t\tautocomplete=\"off\"\n\t\t\tspellcheck=\"true\"\n\t\t\tplaceholder=\"\"\n\t\t\/>\n\t<\/div>\n\t\t<span class=\"c-input__message\">This field is required.<\/span>\n<\/div>\n\n\t\t<div class=\"c-input\">\n\t<label class=\"c-input__label\" for=\"message\">your message<\/label>\n\t<textarea\n\t\tname=\"message\"\n\t\tid=\"message\"\n\t\tclass=\"c-input__input\"\n\t\tvalue=\"\"\n\t\t\n\t\tautocomplete=\"off\"\n\t\tspellcheck=\"true\"\n\t><\/textarea>\n\t\t<span class=\"c-input__message\">This field is required.<\/span>\n<\/div>\n\n\t\t\t<span class=\"c-checkbox c-checkbox--secondary\">\n\t<span class=\"c-checkbox__wrapper\">\n\t\t<input class=\"c-checkbox__input\" type=\"checkbox\" name=\"subscribe\" data-id=\"subscribe\" id=\"subscribe\" value=\"subscribe\"  autocomplete=\"on\"\/>\n\t<\/span>\n\t<label class=\"c-checkbox__text\" for=\"subscribe\"> I\u2019d like to receive news and promotions. <\/label>\n<\/span>\n\n\t\t<div class=\"c-recaptcha c-input js-recaptcha\" id=\"js-recaptcha\">\n    <div class=\"g-recaptcha\" data-sitekey=\"6LdypS0pAAAAAPO_gmMi6_T5NelPv7DVFckpx0_9\" data-callback=\"checkRecaptcha\"><\/div>\n    <span class=\"c-input__message\">This field is required.<\/span>\n<\/div>\n\n\t\t<div class=\"gb-contact-form__form__divider\" ><\/div>\n\t\t<button type=\"submit\" class=\"c-button c-button--primary js-submit-button\">Submit request<\/button>\n\t<\/form>\n\t<p id=\"form-message\" class=\"gb-contact-form__message\"><\/p>\n<\/div>\n<\/div>\n\n\n\n<p class=\"gb-contact-us__bottom-text\">Pova\u017eujeme va\u0161e soukrom\u00ed za d\u016fle\u017eit\u00e9, p\u0159e\u010dt\u011bte si pros\u00edm na\u0161e <a href=\"http:\/\/oceansignal.com\/tandc-and-privacy-policy\/\" data-type=\"page\" data-id=\"319\" target=\"_blank\" rel=\"noreferrer noopener\">Z\u00e1sady ochrany osobn\u00edch \u00fadaj\u016f<\/a>.<br\/>Vezm\u011bte pros\u00edm na v\u011bdom\u00ed, \u017ee va\u0161e kontaktn\u00ed \u00fadaje mohou b\u00fdt pou\u017eity v souladu s p\u0159edpisy EU GDPR.\nSpole\u010dnost Ocean Signal nepou\u017eije tyto \u00fadaje pro marketingov\u00e9 \u00fa\u010dely bez va\u0161eho v\u00fdslovn\u00e9ho souhlasu.\nPodrobnosti o na\u0161ich z\u00e1sad\u00e1ch uchov\u00e1v\u00e1n\u00ed \u00fadaj\u016f naleznete v t\u011bchto z\u00e1sad\u00e1ch.  <br\/><br\/>Pro servisn\u00ed podporu se pros\u00edm nejprve obra\u0165te na m\u00edstn\u00edho distributora.<br\/>Informace o prodejci OSL a slu\u017eb\u00e1ch v\u00fdm\u011bny bateri\u00ed OSL naleznete zde.<\/p>\n\n\n\t\t<\/div><\/div>\n","protected":false},"excerpt":{"rendered":"<p>Z\u00edskejte pomoc s produkty a slu\u017ebami Ocean Signal.<\/p>\n","protected":false},"author":2,"featured_media":0,"parent":0,"menu_order":0,"comment_status":"closed","ping_status":"closed","template":"pagetemplate-header-orange.php","meta":{"_acf_changed":false,"om_disable_all_campaigns":false,"footnotes":""},"class_list":["post-8363","page","type-page","status-publish","hentry"],"acf":[],"yoast_head":"<!-- This site is optimized with the Yoast SEO Premium plugin v25.2 (Yoast SEO v26.4) - https:\/\/yoast.com\/wordpress\/plugins\/seo\/ -->\n<title>Podpora - Ocean Signal<\/title>\n<meta name=\"description\" content=\"Najd\u011bte komplexn\u00ed podporu pro sv\u00e9 produkty Ocean Signal. P\u0159\u00edru\u010dky, \u010dast\u00e9 dotazy a kontaktn\u00ed informace najdete na na\u0161\u00ed str\u00e1nce podpory produkt\u016f.\" \/>\n<meta name=\"robots\" content=\"index, follow, max-snippet:-1, max-image-preview:large, max-video-preview:-1\" \/>\n<link rel=\"canonical\" href=\"https:\/\/oceansignal.com\/cs\/podpora\/\" \/>\n<meta property=\"og:locale\" content=\"cs_CZ\" \/>\n<meta property=\"og:type\" content=\"article\" \/>\n<meta property=\"og:title\" content=\"Podpora - Ocean Signal\" \/>\n<meta property=\"og:description\" content=\"Najd\u011bte komplexn\u00ed podporu pro sv\u00e9 produkty Ocean Signal. P\u0159\u00edru\u010dky, \u010dast\u00e9 dotazy a kontaktn\u00ed informace najdete na na\u0161\u00ed str\u00e1nce podpory produkt\u016f.\" \/>\n<meta property=\"og:url\" content=\"https:\/\/oceansignal.com\/cs\/podpora\/\" \/>\n<meta property=\"og:site_name\" content=\"Ocean Signal\" \/>\n<meta property=\"article:modified_time\" content=\"2025-02-27T11:50:07+00:00\" \/>\n<meta property=\"og:image\" content=\"https:\/\/oceansignal.com\/wp-content\/uploads\/2024\/03\/image-social-share-04.jpg\" \/>\n\t<meta property=\"og:image:width\" content=\"1200\" \/>\n\t<meta property=\"og:image:height\" content=\"630\" \/>\n\t<meta property=\"og:image:type\" content=\"image\/jpeg\" \/>\n<meta name=\"twitter:card\" content=\"summary_large_image\" \/>\n<meta name=\"twitter:label1\" content=\"Odhadovan\u00e1 doba \u010dten\u00ed\" \/>\n\t<meta name=\"twitter:data1\" content=\"1 minuta\" \/>\n<script type=\"application\/ld+json\" class=\"yoast-schema-graph\">{\"@context\":\"https:\/\/schema.org\",\"@graph\":[{\"@type\":\"WebPage\",\"@id\":\"https:\/\/oceansignal.com\/cs\/podpora\/\",\"url\":\"https:\/\/oceansignal.com\/cs\/podpora\/\",\"name\":\"Podpora - Ocean Signal\",\"isPartOf\":{\"@id\":\"https:\/\/oceansignal.com\/cs\/#website\"},\"datePublished\":\"2023-03-17T08:00:24+00:00\",\"dateModified\":\"2025-02-27T11:50:07+00:00\",\"description\":\"Najd\u011bte komplexn\u00ed podporu pro sv\u00e9 produkty Ocean Signal. P\u0159\u00edru\u010dky, \u010dast\u00e9 dotazy a kontaktn\u00ed informace najdete na na\u0161\u00ed str\u00e1nce podpory produkt\u016f.\",\"inLanguage\":\"cs\",\"potentialAction\":[{\"@type\":\"ReadAction\",\"target\":[\"https:\/\/oceansignal.com\/cs\/podpora\/\"]}]},{\"@type\":\"WebSite\",\"@id\":\"https:\/\/oceansignal.com\/cs\/#website\",\"url\":\"https:\/\/oceansignal.com\/cs\/\",\"name\":\"Ocean Signal\",\"description\":\"A leading manufacturer of EPIRBs, AIS, SARTs, Personal Locator Beacons, Man Overboard Beacon for the Marine and Outdoor Markets.\",\"potentialAction\":[{\"@type\":\"SearchAction\",\"target\":{\"@type\":\"EntryPoint\",\"urlTemplate\":\"https:\/\/oceansignal.com\/cs\/?s={search_term_string}\"},\"query-input\":{\"@type\":\"PropertyValueSpecification\",\"valueRequired\":true,\"valueName\":\"search_term_string\"}}],\"inLanguage\":\"cs\"}]}<\/script>\n<!-- \/ Yoast SEO Premium plugin. -->","yoast_head_json":{"title":"Podpora - Ocean Signal","description":"Najd\u011bte komplexn\u00ed podporu pro sv\u00e9 produkty Ocean Signal. P\u0159\u00edru\u010dky, \u010dast\u00e9 dotazy a kontaktn\u00ed informace najdete na na\u0161\u00ed str\u00e1nce podpory produkt\u016f.","robots":{"index":"index","follow":"follow","max-snippet":"max-snippet:-1","max-image-preview":"max-image-preview:large","max-video-preview":"max-video-preview:-1"},"canonical":"https:\/\/oceansignal.com\/cs\/podpora\/","og_locale":"cs_CZ","og_type":"article","og_title":"Podpora - Ocean Signal","og_description":"Najd\u011bte komplexn\u00ed podporu pro sv\u00e9 produkty Ocean Signal. P\u0159\u00edru\u010dky, \u010dast\u00e9 dotazy a kontaktn\u00ed informace najdete na na\u0161\u00ed str\u00e1nce podpory produkt\u016f.","og_url":"https:\/\/oceansignal.com\/cs\/podpora\/","og_site_name":"Ocean Signal","article_modified_time":"2025-02-27T11:50:07+00:00","og_image":[{"width":1200,"height":630,"url":"https:\/\/oceansignal.com\/wp-content\/uploads\/2024\/03\/image-social-share-04.jpg","type":"image\/jpeg"}],"twitter_card":"summary_large_image","twitter_misc":{"Odhadovan\u00e1 doba \u010dten\u00ed":"1 minuta"},"schema":{"@context":"https:\/\/schema.org","@graph":[{"@type":"WebPage","@id":"https:\/\/oceansignal.com\/cs\/podpora\/","url":"https:\/\/oceansignal.com\/cs\/podpora\/","name":"Podpora - Ocean Signal","isPartOf":{"@id":"https:\/\/oceansignal.com\/cs\/#website"},"datePublished":"2023-03-17T08:00:24+00:00","dateModified":"2025-02-27T11:50:07+00:00","description":"Najd\u011bte komplexn\u00ed podporu pro sv\u00e9 produkty Ocean Signal. P\u0159\u00edru\u010dky, \u010dast\u00e9 dotazy a kontaktn\u00ed informace najdete na na\u0161\u00ed str\u00e1nce podpory produkt\u016f.","inLanguage":"cs","potentialAction":[{"@type":"ReadAction","target":["https:\/\/oceansignal.com\/cs\/podpora\/"]}]},{"@type":"WebSite","@id":"https:\/\/oceansignal.com\/cs\/#website","url":"https:\/\/oceansignal.com\/cs\/","name":"Ocean Signal","description":"A leading manufacturer of EPIRBs, AIS, SARTs, Personal Locator Beacons, Man Overboard Beacon for the Marine and Outdoor Markets.","potentialAction":[{"@type":"SearchAction","target":{"@type":"EntryPoint","urlTemplate":"https:\/\/oceansignal.com\/cs\/?s={search_term_string}"},"query-input":{"@type":"PropertyValueSpecification","valueRequired":true,"valueName":"search_term_string"}}],"inLanguage":"cs"}]}},"_links":{"self":[{"href":"https:\/\/oceansignal.com\/cs\/wp-json\/wp\/v2\/pages\/8363","targetHints":{"allow":["GET"]}}],"collection":[{"href":"https:\/\/oceansignal.com\/cs\/wp-json\/wp\/v2\/pages"}],"about":[{"href":"https:\/\/oceansignal.com\/cs\/wp-json\/wp\/v2\/types\/page"}],"author":[{"embeddable":true,"href":"https:\/\/oceansignal.com\/cs\/wp-json\/wp\/v2\/users\/2"}],"replies":[{"embeddable":true,"href":"https:\/\/oceansignal.com\/cs\/wp-json\/wp\/v2\/comments?post=8363"}],"version-history":[{"count":1,"href":"https:\/\/oceansignal.com\/cs\/wp-json\/wp\/v2\/pages\/8363\/revisions"}],"predecessor-version":[{"id":8372,"href":"https:\/\/oceansignal.com\/cs\/wp-json\/wp\/v2\/pages\/8363\/revisions\/8372"}],"wp:attachment":[{"href":"https:\/\/oceansignal.com\/cs\/wp-json\/wp\/v2\/media?parent=8363"}],"curies":[{"name":"wp","href":"https:\/\/api.w.org\/{rel}","templated":true}]}}