{"id":12817,"date":"2024-11-12T19:50:16","date_gmt":"2024-11-12T19:50:16","guid":{"rendered":"https:\/\/oceansignal.com\/products\/safesea-m200\/"},"modified":"2026-02-17T15:46:12","modified_gmt":"2026-02-17T15:46:12","slug":"safesea-m200","status":"publish","type":"product","link":"https:\/\/oceansignal.com\/cs\/products\/safesea-m200\/","title":{"rendered":"safeSEA M200"},"content":{"rendered":"<p class=\"ai-optimize-36 ai-optimize-introduction\"><em>Chcete se dozv\u011bd\u011bt o nejnov\u011bj\u0161\u00edch po\u017eadavc\u00edch t\u0159\u00eddy M pro AIS MOB ?  <a href=\"https:\/\/oceansignal.com\/cs\/news\/pochopeni-dopadu-regulace-ais-tridy-m-na-mob\/\">Klikn\u011bte zde<\/a><\/em><\/p>\n<p class=\"ai-optimize-37\"><em>Pouze pro USA: Toto za\u0159\u00edzen\u00ed nebylo autorizov\u00e1no podle pravidel Feder\u00e1ln\u00ed komise pro komunikace. Toto za\u0159\u00edzen\u00ed nen\u00ed a nesm\u00ed b\u00fdt nab\u00edzeno k prodeji ani pron\u00e1jmu, ani prod\u00e1v\u00e1no \u010di pronaj\u00edm\u00e1no, dokud nez\u00edsk\u00e1te povolen\u00ed. Schv\u00e1leno pro prodej v zem\u00edch, kter\u00e9 p\u0159ijaly na\u0159\u00edzen\u00ed ECC\/DEC\/(22)02.  <\/em><\/p>\n<p class=\"ai-optimize-38\"><em><a href=\"https:\/\/www.dropbox.com\/s\/8343nj28z0d7bxa\/Prop%2065%20-%20BPA.pdf?dl=0\">UPOZORN\u011aN\u00cd: PROP 65<\/a><\/em><\/p>\n<h3 class=\"ai-optimize-39\">Shrnut\u00ed<\/h3>\n<p class=\"ai-optimize-40\">Navr\u017eeno tak, aby vyhovovalo pot\u0159eb\u00e1m rekrea\u010dn\u00edch jachta\u0159\u016f i profesion\u00e1ln\u00edho n\u00e1mo\u0159n\u00edho trhu a jeho pracovn\u00edk\u016f na mo\u0159i, lze M200 nasadit na z\u00e1chrannou vestu a automaticky se aktivuje po nafouknut\u00ed vesty. M200 obsahuje n\u011bkolik metod t\u00eds\u0148ov\u00e9ho varov\u00e1n\u00ed a obsahuje du\u00e1ln\u00ed infra\u010derven\u00e9-b\u00edl\u00e9 stroboskopick\u00e9 sv\u011btla a vys\u00edl\u00e1 p\u0159es AIS, DSC a 121,5 MHz pro usnadn\u011bn\u00ed z\u00e1chrann\u00e9ho \u00fasil\u00ed a t\u00edm maximalizuje rychlost a efektivitu z\u00e1chrany. V souladu s na\u0159\u00edzen\u00edm AIS Class M je M200 MOB za\u0159\u00edzen\u00ed t\u0159\u00eddy M DSC (Digital Selective Calling), kter\u00e9 m\u00e1 odoln\u00fd design s tvarov\u00fdm faktorem, kter\u00fd je vhodn\u011bj\u0161\u00ed ne\u017e jin\u00e9 srovnateln\u00e9 modely.  <\/p>\n<p class=\"ai-optimize-41\">safeSEA M200 AIS stav\u00ed na osv\u011bd\u010den\u00e9 z\u00e1kladn\u00ed architektu\u0159e sv\u00e9ho p\u0159edch\u016fdce a z\u016fst\u00e1v\u00e1 v\u011brn\u00fd z\u00e1kladn\u00edm princip\u016fm designu Ocean Signal a dosahuje p\u016fsobiv\u00e9ho v\u00fdkonu spojen\u00edm dal\u0161\u00edch funkc\u00ed do je\u0161t\u011b kompaktn\u011bj\u0161\u00edho proveden\u00ed. Spl\u0148uje na\u0159\u00edzen\u00ed ECC\/DEC\/(22)02, jinak zn\u00e1m\u00e9 jako na\u0159\u00edzen\u00ed AIS t\u0159\u00eddy M, M200 obsahuje p\u0159ij\u00edma\u010d DSC (Digital Selective Calling), kter\u00fd se pou\u017e\u00edv\u00e1 k zastaven\u00ed MOB v pokra\u010dov\u00e1n\u00ed v odes\u00edl\u00e1n\u00ed zpr\u00e1v DSC p\u0159es kan\u00e1l DSC, jakmile je potvrzen nouzov\u00fd sign\u00e1l. Zahrnut\u00ed du\u00e1ln\u00edch infra\u010derven\u00fdch-b\u00edl\u00fdch stroboskopick\u00fdch sv\u011btel v kombinaci s t\u00eds\u0148ov\u00fdm varov\u00e1n\u00edm prost\u0159ednictv\u00edm AIS, DSC a 121,5 MHz umo\u017e\u0148uje maxim\u00e1ln\u00ed detekci pohotovostn\u00edmi slu\u017ebami.  <\/p>\n<p class=\"ai-optimize-42\"><strong>Jak to funguje<\/strong><\/p>\n<p class=\"ai-optimize-43\">Po aktivaci safeSEA M200 AIS za\u010dne vys\u00edlat nav\u00e1d\u011bc\u00ed sign\u00e1l 121,5 MHz a pot\u00e9 bude do 15 sekund vys\u00edl\u00e1na prvn\u00ed individu\u00e1ln\u00ed t\u00edse\u0148. M200 odes\u00edl\u00e1 8 zpr\u00e1v AIS za minutu a jakmile je z\u00edsk\u00e1na oprava GNSS, ka\u017ed\u00e1 sekvence 8 zpr\u00e1v AIS obsahuje sou\u0159adnice GNSS, kter\u00e9 upozorn\u00ed z\u00e1chran\u00e1\u0159e na va\u0161i p\u0159esnou polohu. M200 m\u00e1 tak\u00e9 schopnost odes\u00edlat r\u016fzn\u00e9 typy zpr\u00e1v DSC*. Typ vys\u00edlan\u00fdch zpr\u00e1v DSC (Individual Distress Relay Call, Group Call nebo All Ships Distress Alert) je d\u00e1n specifick\u00fdmi p\u0159edpisy v jednotliv\u00fdch zem\u00edch.   <\/p>\n<p class=\"ai-optimize-44\"><strong>Aplikace p\u0159ipojena<\/strong><\/p>\n<p class=\"ai-optimize-45\">D\u00edky zahrnut\u00ed technologie Near Field Communication (NFC) se um\u00edst\u011bn\u00edm telefonu v bl\u00edzkosti maj\u00e1ku automaticky spust\u00ed aplikace Ocean Signal Product App, kter\u00e1 v\u00e1m poskytne p\u0159\u00edstup k \u0159ad\u011b \u00fadaj\u016f o pou\u017e\u00edv\u00e1n\u00ed. Do M200 lze zadat u\u017eivatelsky specifick\u00e1 data, jako je MMSI plavidla, a z\u00e1rove\u0148 umo\u017enit snadn\u00e9 zobrazen\u00ed d\u016fle\u017eit\u00fdch informac\u00ed, jako je \u017eivotnost baterie a historie autotest\u016f. Pou\u017eit\u00ed NFC tak\u00e9 zaji\u0161\u0165uje maxim\u00e1ln\u00ed \u017eivotnost vnit\u0159n\u00ed baterie z bezpe\u010dnostn\u00edch d\u016fvod\u016f.  <\/p>\n<p class=\"ai-optimize-46\"><strong>Integrace z\u00e1chrann\u00e9 vesty<\/strong><\/p>\n<p class=\"ai-optimize-47\">safeSEA M200 AIS lze aktivovat ru\u010dn\u011b nebo automaticky p\u0159i instalaci do nafukovac\u00ed z\u00e1chrann\u00e9 vesty, kter\u00e1 se automaticky nafoukne. Instalace je jednoduch\u00e1 pomoc\u00ed p\u0159ilo\u017een\u00e9 spony pro \u00fastn\u00ed nafukovac\u00ed hadi\u010dku k p\u0159ipevn\u011bn\u00ed M200 k z\u00e1chrann\u00e9 vest\u011b ve spojen\u00ed s aktiva\u010dn\u00ed p\u00e1skou p\u0159ipojenou kolem vaku z\u00e1chrann\u00e9 vesty**. Po spr\u00e1vn\u00e9 instalaci spust\u00ed nafouknut\u00ed vaku z\u00e1chrann\u00e9 vesty rozta\u017een\u00ed ant\u00e9ny a aktivaci maj\u00e1ku.  <\/p>\n<p class=\"ai-optimize-48\">* Funkce DSC podl\u00e9h\u00e1 p\u0159edpis\u016fm zem\u011b.<\/p>\n<p class=\"ai-optimize-49\"><strong>** <i data-olk-copy-source=\"MailCompose\">P\u0159ed instalac\u00ed se doporu\u010duje konzultace s v\u00fdrobcem z\u00e1chrann\u00fdch vest, proto\u017ee konkr\u00e9tn\u00ed modely mohou m\u00edt sv\u016fj vlastn\u00ed preferovan\u00fd zp\u016fsob mont\u00e1\u017ee nebo doporu\u010den\u00ed pro integraci.<\/i><\/strong><\/p>\n<p>&nbsp;<\/p>\n<p class=\"ai-optimize-50\"><strong>Vlastnosti a v\u00fdhody Ocean Signal safeSEA M200 AIS:<\/strong><\/p>\n<ul>\n<li class=\"ai-optimize-51\">AIS (automatick\u00fd identifika\u010dn\u00ed syst\u00e9m)<\/li>\n<li class=\"ai-optimize-52\">Vyhovuje t\u0159\u00edd\u011b M (p\u0159edpis ECC\/DEC\/(22)02)<\/li>\n<li class=\"ai-optimize-53\">Integrovan\u00fd DSC transceiver Tx a Rx (digit\u00e1ln\u00ed selektivn\u00ed vol\u00e1n\u00ed) *<\/li>\n<li class=\"ai-optimize-54\">LED diody ov\u011b\u0159uj\u00ed p\u0159\u00edjem nouzov\u00e9ho sign\u00e1lu DSC<\/li>\n<li class=\"ai-optimize-55\">o 20 % (typ) men\u0161\u00ed ne\u017e konkurence<\/li>\n<li class=\"ai-optimize-56\">GNSS p\u0159es GPS a Galileo<\/li>\n<li class=\"ai-optimize-57\">Rychl\u00e9 a p\u0159esn\u00e9 polohov\u00e1n\u00ed<\/li>\n<li class=\"ai-optimize-58\">121,5 MHz nav\u00e1d\u011bc\u00ed sign\u00e1l<\/li>\n<li class=\"ai-optimize-59\">IR a b\u00edl\u00e1 stroboskopick\u00e1 sv\u011btla<\/li>\n<li class=\"ai-optimize-60\">LED diody ov\u011b\u0159uj\u00ed p\u0159\u00edjem nouzov\u00e9ho sign\u00e1lu DSC<\/li>\n<li class=\"ai-optimize-61\">Automatick\u00e1 aktivace<\/li>\n<li class=\"ai-optimize-62\">Jednoduch\u00e1 integrace z\u00e1chrann\u00e9 vesty**<\/li>\n<li class=\"ai-optimize-63\">V\u00fddr\u017e baterie 5 let<\/li>\n<li class=\"ai-optimize-64\">Provozn\u00ed \u017eivotnost 12+ hodin<\/li>\n<li class=\"ai-optimize-65\">2let\u00e1 z\u00e1ruka<\/li>\n<li class=\"ai-optimize-66\">Integrovan\u00e1 technologie NFC (Near Field Communication)<\/li>\n<li class=\"ai-optimize-67\">P\u0159ipojen\u00ed smartphonu p\u0159es NFC<\/li>\n<li class=\"ai-optimize-68\">Mobiln\u00ed aplikace Ocean Signal (IOS a Android)<\/li>\n<\/ul>\n<p>&nbsp;<\/p>\n<p class=\"ai-optimize-69\"><strong><em>Kompatibilita:<\/em><\/strong><em>  V\u011bt\u0161ina modern\u00edch plotr\u016f AIS a DSC VHF vyhovuje standard\u016fm po\u017eadovan\u00fdm pro p\u0159\u00edjem vys\u00edl\u00e1n\u00ed MOB . Doporu\u010duje se v\u0161ak, zvl\u00e1\u0161t\u011b pokud pou\u017e\u00edv\u00e1te star\u0161\u00ed za\u0159\u00edzen\u00ed, ov\u011b\u0159it si kompatibilitu u v\u00fdrobce za\u0159\u00edzen\u00ed. <\/em><\/p>\n<p class=\"ai-optimize-70\">Chcete se dozv\u011bd\u011bt o nejnov\u011bj\u0161\u00edch po\u017eadavc\u00edch t\u0159\u00eddy M pro AIS MOB ?  <a href=\"https:\/\/oceansignal.com\/cs\/news\/pochopeni-dopadu-regulace-ais-tridy-m-na-mob\/\">Klikn\u011bte zde<\/a><\/p>\n<p>&nbsp;<\/p>\n","protected":false},"excerpt":{"rendered":"<div class=\"flex max-w-full flex-col flex-grow\">\n<div class=\"min-h-8 text-message relative flex w-full flex-col items-end gap-2 whitespace-normal break-words text-start [.text-message+&amp;]:mt-5\" dir=\"auto\" data-message-author-role=\"assistant\" data-message-id=\"933cc1c1-b547-4ddb-bf48-2e55b6592f46\" data-message-model-slug=\"gpt-4o\">\n<div class=\"flex w-full flex-col gap-1 empty:hidden first:pt-[3px]\">\n<div class=\"markdown prose w-full break-words dark:prose-invert light\">\n<ul data-start=\"81\" data-end=\"826\" data-is-last-node=\"\" data-is-only-node=\"\">\n<li class=\"\" data-start=\"81\" data-end=\"235\">\n<p class=\"\" data-start=\"83\" data-end=\"235\"><strong data-start=\"83\" data-end=\"112\">Pokro\u010dil\u00e9 AIS MOB Alerting<\/strong> \u2013 Vyhovuje t\u0159\u00edd\u011b M (ECC\/DEC\/(22)02) s AIS, DSC a nouzovou signalizac\u00ed 121,5 MHz pro maxim\u00e1ln\u00ed viditelnost pro z\u00e1chran\u00e1\u0159e.<\/p>\n<\/li>\n<li class=\"\" data-start=\"236\" data-end=\"387\">\n<p class=\"\" data-start=\"238\" data-end=\"387\"><strong data-start=\"238\" data-end=\"275\">Rychl\u00e9 a p\u0159esn\u00e9 sledov\u00e1n\u00ed polohy<\/strong> \u2013 Odes\u00edl\u00e1 8 zpr\u00e1v AIS za minutu s p\u0159esn\u00fdm ur\u010dov\u00e1n\u00edm polohy GNSS (GPS a Galileo) pro rychlou reakci na nouzov\u00e9 situace.<\/p>\n<\/li>\n<li class=\"\" data-start=\"388\" data-end=\"530\">\n<p class=\"\" data-start=\"390\" data-end=\"530\"><strong data-start=\"390\" data-end=\"417\">Integrovan\u00fd p\u0159ij\u00edma\u010d DSC<\/strong> \u2013 Zastavuje nouzov\u00e1 upozorn\u011bn\u00ed, jakmile jsou potvrzena, sni\u017euje zbyte\u010dn\u00e9 p\u0159enosy a zvy\u0161uje efektivitu vyhled\u00e1v\u00e1n\u00ed.<\/p>\n<\/li>\n<li class=\"\" data-start=\"531\" data-end=\"678\">\n<p class=\"\" data-start=\"533\" data-end=\"678\"><strong data-start=\"533\" data-end=\"568\">Bezprobl\u00e9mov\u00e1 integrace z\u00e1chrann\u00e9 vesty<\/strong> \u2013 Automatick\u00e1 nebo manu\u00e1ln\u00ed aktivace p\u0159i instalaci do nafukovac\u00ed z\u00e1chrann\u00e9 vesty, kter\u00e1 zaji\u0161\u0165uje ovl\u00e1d\u00e1n\u00ed bez pou\u017eit\u00ed rukou.<\/p>\n<\/li>\n<li class=\"\" data-start=\"679\" data-end=\"826\">\n<p class=\"\" data-start=\"681\" data-end=\"826\"><strong data-start=\"681\" data-end=\"708\">P\u0159ipojen\u00ed k chytr\u00e9mu telefonu<\/strong> \u2013 s podporou NFC pro snadn\u00fd p\u0159\u00edstup ke stavu baterie, historii autotest\u016f a nastaven\u00ed MMSI prost\u0159ednictv\u00edm aplikace Ocean Signal Mobile.<\/p>\n<\/li>\n<li data-start=\"679\" data-end=\"826\">Jednor\u00e1zov\u00fd n\u00e1kup bez m\u011bs\u00ed\u010dn\u00edho p\u0159edplatn\u00e9ho<\/li>\n<\/ul>\n<\/div>\n<\/div>\n<\/div>\n<\/div>\n","protected":false},"featured_media":12395,"template":"","meta":{"_acf_changed":false,"om_disable_all_campaigns":false},"product_brand":[],"product_cat":[389,1978,1076,332],"product_tag":[],"class_list":{"0":"post-12817","1":"product","2":"type-product","3":"status-publish","4":"has-post-thumbnail","6":"product_cat-ais-cs-2","7":"product_cat-kompatibilni-se-zachrannymi-vestami","8":"product_cat-muz-pres-palubu","9":"product_cat-safesea-cs","11":"first","12":"instock","13":"taxable","14":"shipping-taxable","15":"purchasable","16":"product-type-simple"},"acf":[],"yoast_head":"<!-- This site is optimized with the Yoast SEO Premium plugin v25.2 (Yoast SEO v26.4) - https:\/\/yoast.com\/wordpress\/plugins\/seo\/ -->\n<title>safeSEA M200 - Ocean Signal<\/title>\n<meta name=\"description\" content=\"Ocean Signal safeSEA M200 AIS Man Overboard Beacon maximalizuje \u0161ance na z\u00e1chranu sv\u00fdmi 3 zp\u016fsoby nouzov\u00fdch p\u0159enos\u016f - AIS, DSC a 121,5 MHz.\" \/>\n<meta name=\"robots\" content=\"index, follow, max-snippet:-1, max-image-preview:large, max-video-preview:-1\" \/>\n<link rel=\"canonical\" href=\"https:\/\/oceansignal.com\/cs\/products\/safesea-m200\/\" \/>\n<meta property=\"og:locale\" content=\"cs_CZ\" \/>\n<meta property=\"og:type\" content=\"article\" \/>\n<meta property=\"og:title\" content=\"safeSEA M200\" \/>\n<meta property=\"og:description\" content=\"Ocean Signal safeSEA M200 AIS Man Overboard Beacon maximalizuje \u0161ance na z\u00e1chranu sv\u00fdmi 3 zp\u016fsoby nouzov\u00fdch p\u0159enos\u016f - AIS, DSC a 121,5 MHz.\" \/>\n<meta property=\"og:url\" content=\"https:\/\/oceansignal.com\/cs\/products\/safesea-m200\/\" \/>\n<meta property=\"og:site_name\" content=\"Ocean Signal\" \/>\n<meta property=\"article:modified_time\" content=\"2026-02-17T15:46:12+00:00\" \/>\n<meta property=\"og:image\" content=\"https:\/\/oceansignal.com\/wp-content\/uploads\/2024\/11\/M200-Front.png\" \/>\n\t<meta property=\"og:image:width\" content=\"800\" \/>\n\t<meta property=\"og:image:height\" content=\"800\" \/>\n\t<meta property=\"og:image:type\" content=\"image\/png\" \/>\n<meta name=\"twitter:card\" content=\"summary_large_image\" \/>\n<meta name=\"twitter:label1\" content=\"Odhadovan\u00e1 doba \u010dten\u00ed\" \/>\n\t<meta name=\"twitter:data1\" content=\"4 minuty\" \/>\n<script type=\"application\/ld+json\" class=\"yoast-schema-graph\">{\"@context\":\"https:\/\/schema.org\",\"@graph\":[{\"@type\":\"WebPage\",\"@id\":\"https:\/\/oceansignal.com\/cs\/products\/safesea-m200\/\",\"url\":\"https:\/\/oceansignal.com\/cs\/products\/safesea-m200\/\",\"name\":\"safeSEA M200 - Ocean Signal\",\"isPartOf\":{\"@id\":\"https:\/\/oceansignal.com\/cs\/#website\"},\"primaryImageOfPage\":{\"@id\":\"https:\/\/oceansignal.com\/cs\/products\/safesea-m200\/#primaryimage\"},\"image\":{\"@id\":\"https:\/\/oceansignal.com\/cs\/products\/safesea-m200\/#primaryimage\"},\"thumbnailUrl\":\"https:\/\/oceansignal.com\/wp-content\/uploads\/2024\/11\/M200-Front.png\",\"datePublished\":\"2024-11-12T19:50:16+00:00\",\"dateModified\":\"2026-02-17T15:46:12+00:00\",\"description\":\"Ocean Signal safeSEA M200 AIS Man Overboard Beacon maximalizuje \u0161ance na z\u00e1chranu sv\u00fdmi 3 zp\u016fsoby nouzov\u00fdch p\u0159enos\u016f - AIS, DSC a 121,5 MHz.\",\"breadcrumb\":{\"@id\":\"https:\/\/oceansignal.com\/cs\/products\/safesea-m200\/#breadcrumb\"},\"inLanguage\":\"cs\",\"potentialAction\":[{\"@type\":\"ReadAction\",\"target\":[\"https:\/\/oceansignal.com\/cs\/products\/safesea-m200\/\"]}]},{\"@type\":\"ImageObject\",\"inLanguage\":\"cs\",\"@id\":\"https:\/\/oceansignal.com\/cs\/products\/safesea-m200\/#primaryimage\",\"url\":\"https:\/\/oceansignal.com\/wp-content\/uploads\/2024\/11\/M200-Front.png\",\"contentUrl\":\"https:\/\/oceansignal.com\/wp-content\/uploads\/2024\/11\/M200-Front.png\",\"width\":800,\"height\":800},{\"@type\":\"BreadcrumbList\",\"@id\":\"https:\/\/oceansignal.com\/cs\/products\/safesea-m200\/#breadcrumb\",\"itemListElement\":[{\"@type\":\"ListItem\",\"position\":1,\"name\":\"Produkty\",\"item\":\"https:\/\/oceansignal.com\/cs\/produkty\/\"},{\"@type\":\"ListItem\",\"position\":2,\"name\":\"safeSEA M200\"}]},{\"@type\":\"WebSite\",\"@id\":\"https:\/\/oceansignal.com\/cs\/#website\",\"url\":\"https:\/\/oceansignal.com\/cs\/\",\"name\":\"Ocean Signal\",\"description\":\"A leading manufacturer of EPIRBs, AIS, SARTs, Personal Locator Beacons, Man Overboard Beacon for the Marine and Outdoor Markets.\",\"potentialAction\":[{\"@type\":\"SearchAction\",\"target\":{\"@type\":\"EntryPoint\",\"urlTemplate\":\"https:\/\/oceansignal.com\/cs\/?s={search_term_string}\"},\"query-input\":{\"@type\":\"PropertyValueSpecification\",\"valueRequired\":true,\"valueName\":\"search_term_string\"}}],\"inLanguage\":\"cs\"}]}<\/script>\n<!-- \/ Yoast SEO Premium plugin. -->","yoast_head_json":{"title":"safeSEA M200 - Ocean Signal","description":"Ocean Signal safeSEA M200 AIS Man Overboard Beacon maximalizuje \u0161ance na z\u00e1chranu sv\u00fdmi 3 zp\u016fsoby nouzov\u00fdch p\u0159enos\u016f - AIS, DSC a 121,5 MHz.","robots":{"index":"index","follow":"follow","max-snippet":"max-snippet:-1","max-image-preview":"max-image-preview:large","max-video-preview":"max-video-preview:-1"},"canonical":"https:\/\/oceansignal.com\/cs\/products\/safesea-m200\/","og_locale":"cs_CZ","og_type":"article","og_title":"safeSEA M200","og_description":"Ocean Signal safeSEA M200 AIS Man Overboard Beacon maximalizuje \u0161ance na z\u00e1chranu sv\u00fdmi 3 zp\u016fsoby nouzov\u00fdch p\u0159enos\u016f - AIS, DSC a 121,5 MHz.","og_url":"https:\/\/oceansignal.com\/cs\/products\/safesea-m200\/","og_site_name":"Ocean Signal","article_modified_time":"2026-02-17T15:46:12+00:00","og_image":[{"width":800,"height":800,"url":"https:\/\/oceansignal.com\/wp-content\/uploads\/2024\/11\/M200-Front.png","type":"image\/png"}],"twitter_card":"summary_large_image","twitter_misc":{"Odhadovan\u00e1 doba \u010dten\u00ed":"4 minuty"},"schema":{"@context":"https:\/\/schema.org","@graph":[{"@type":"WebPage","@id":"https:\/\/oceansignal.com\/cs\/products\/safesea-m200\/","url":"https:\/\/oceansignal.com\/cs\/products\/safesea-m200\/","name":"safeSEA M200 - Ocean Signal","isPartOf":{"@id":"https:\/\/oceansignal.com\/cs\/#website"},"primaryImageOfPage":{"@id":"https:\/\/oceansignal.com\/cs\/products\/safesea-m200\/#primaryimage"},"image":{"@id":"https:\/\/oceansignal.com\/cs\/products\/safesea-m200\/#primaryimage"},"thumbnailUrl":"https:\/\/oceansignal.com\/wp-content\/uploads\/2024\/11\/M200-Front.png","datePublished":"2024-11-12T19:50:16+00:00","dateModified":"2026-02-17T15:46:12+00:00","description":"Ocean Signal safeSEA M200 AIS Man Overboard Beacon maximalizuje \u0161ance na z\u00e1chranu sv\u00fdmi 3 zp\u016fsoby nouzov\u00fdch p\u0159enos\u016f - AIS, DSC a 121,5 MHz.","breadcrumb":{"@id":"https:\/\/oceansignal.com\/cs\/products\/safesea-m200\/#breadcrumb"},"inLanguage":"cs","potentialAction":[{"@type":"ReadAction","target":["https:\/\/oceansignal.com\/cs\/products\/safesea-m200\/"]}]},{"@type":"ImageObject","inLanguage":"cs","@id":"https:\/\/oceansignal.com\/cs\/products\/safesea-m200\/#primaryimage","url":"https:\/\/oceansignal.com\/wp-content\/uploads\/2024\/11\/M200-Front.png","contentUrl":"https:\/\/oceansignal.com\/wp-content\/uploads\/2024\/11\/M200-Front.png","width":800,"height":800},{"@type":"BreadcrumbList","@id":"https:\/\/oceansignal.com\/cs\/products\/safesea-m200\/#breadcrumb","itemListElement":[{"@type":"ListItem","position":1,"name":"Produkty","item":"https:\/\/oceansignal.com\/cs\/produkty\/"},{"@type":"ListItem","position":2,"name":"safeSEA M200"}]},{"@type":"WebSite","@id":"https:\/\/oceansignal.com\/cs\/#website","url":"https:\/\/oceansignal.com\/cs\/","name":"Ocean Signal","description":"A leading manufacturer of EPIRBs, AIS, SARTs, Personal Locator Beacons, Man Overboard Beacon for the Marine and Outdoor Markets.","potentialAction":[{"@type":"SearchAction","target":{"@type":"EntryPoint","urlTemplate":"https:\/\/oceansignal.com\/cs\/?s={search_term_string}"},"query-input":{"@type":"PropertyValueSpecification","valueRequired":true,"valueName":"search_term_string"}}],"inLanguage":"cs"}]}},"_links":{"self":[{"href":"https:\/\/oceansignal.com\/cs\/wp-json\/wp\/v2\/product\/12817","targetHints":{"allow":["GET"]}}],"collection":[{"href":"https:\/\/oceansignal.com\/cs\/wp-json\/wp\/v2\/product"}],"about":[{"href":"https:\/\/oceansignal.com\/cs\/wp-json\/wp\/v2\/types\/product"}],"wp:featuredmedia":[{"embeddable":true,"href":"https:\/\/oceansignal.com\/cs\/wp-json\/wp\/v2\/media\/12395"}],"wp:attachment":[{"href":"https:\/\/oceansignal.com\/cs\/wp-json\/wp\/v2\/media?parent=12817"}],"wp:term":[{"taxonomy":"product_brand","embeddable":true,"href":"https:\/\/oceansignal.com\/cs\/wp-json\/wp\/v2\/product_brand?post=12817"},{"taxonomy":"product_cat","embeddable":true,"href":"https:\/\/oceansignal.com\/cs\/wp-json\/wp\/v2\/product_cat?post=12817"},{"taxonomy":"product_tag","embeddable":true,"href":"https:\/\/oceansignal.com\/cs\/wp-json\/wp\/v2\/product_tag?post=12817"}],"curies":[{"name":"wp","href":"https:\/\/api.w.org\/{rel}","templated":true}]}}