{"id":12824,"date":"2024-10-30T20:20:15","date_gmt":"2024-10-30T20:20:15","guid":{"rendered":"https:\/\/oceansignal.com\/products\/rescueme-edf2-flare\/"},"modified":"2025-11-24T16:36:41","modified_gmt":"2025-11-24T16:36:41","slug":"rescueme-edf2-flare","status":"publish","type":"product","link":"https:\/\/oceansignal.com\/cs\/products\/rescueme-edf2-flare\/","title":{"rendered":"rescueME EDF2 Flare"},"content":{"rendered":"<p><img loading=\"lazy\" decoding=\"async\" class=\"alignnone wp-image-26922 size-full\" src=\"https:\/\/oceansignal.com\/wp-content\/uploads\/2024\/10\/OSL-EDF2-Features-Group-001.jpeg\" alt=\"EDF2 Electronic Distress Flare IR LED STROBE, u\u017eivatelsky vym\u011bniteln\u00e1 baterie, viditelnost 360\" width=\"550\" height=\"310\" srcset=\"https:\/\/oceansignal.com\/wp-content\/uploads\/2024\/10\/OSL-EDF2-Features-Group-001.jpeg 550w, https:\/\/oceansignal.com\/wp-content\/uploads\/2024\/10\/OSL-EDF2-Features-Group-001-300x169.jpeg 300w, https:\/\/oceansignal.com\/wp-content\/uploads\/2024\/10\/OSL-EDF2-Features-Group-001-60x34.jpeg 60w, https:\/\/oceansignal.com\/wp-content\/uploads\/2024\/10\/OSL-EDF2-Features-Group-001-110x62.jpeg 110w\" sizes=\"auto, (max-width: 550px) 100vw, 550px\" \/><\/p>\n<p><img loading=\"lazy\" decoding=\"async\" class=\"alignnone wp-image-26938 size-full\" src=\"https:\/\/oceansignal.com\/wp-content\/uploads\/2024\/10\/OSL-EDF2-Features-Group-002.jpeg\" alt=\"EDF2 Rodinn\u00fd trezor\" width=\"550\" height=\"310\" srcset=\"https:\/\/oceansignal.com\/wp-content\/uploads\/2024\/10\/OSL-EDF2-Features-Group-002.jpeg 550w, https:\/\/oceansignal.com\/wp-content\/uploads\/2024\/10\/OSL-EDF2-Features-Group-002-300x169.jpeg 300w, https:\/\/oceansignal.com\/wp-content\/uploads\/2024\/10\/OSL-EDF2-Features-Group-002-60x34.jpeg 60w, https:\/\/oceansignal.com\/wp-content\/uploads\/2024\/10\/OSL-EDF2-Features-Group-002-110x62.jpeg 110w\" sizes=\"auto, (max-width: 550px) 100vw, 550px\" \/><\/p>\n<p><img loading=\"lazy\" decoding=\"async\" class=\"alignnone wp-image-26954 size-full\" src=\"https:\/\/oceansignal.com\/wp-content\/uploads\/2024\/10\/OSL-EDF2-Features-Group-003.jpeg\" alt=\"EDF2 Vestav\u011bn\u00e1 vysokotlak\u00e1 LED dioda\" width=\"550\" height=\"310\" srcset=\"https:\/\/oceansignal.com\/wp-content\/uploads\/2024\/10\/OSL-EDF2-Features-Group-003.jpeg 550w, https:\/\/oceansignal.com\/wp-content\/uploads\/2024\/10\/OSL-EDF2-Features-Group-003-300x169.jpeg 300w, https:\/\/oceansignal.com\/wp-content\/uploads\/2024\/10\/OSL-EDF2-Features-Group-003-60x34.jpeg 60w, https:\/\/oceansignal.com\/wp-content\/uploads\/2024\/10\/OSL-EDF2-Features-Group-003-110x62.jpeg 110w\" sizes=\"auto, (max-width: 550px) 100vw, 550px\" \/><\/p>\n<p><strong>Shrnut\u00ed:<\/strong><\/p>\n<p>Jako dal\u0161\u00ed pokrok v elektronick\u00fdch nouzov\u00fdch sv\u011btlic\u00edch p\u0159edstavuje EDF2 Electronic Boat Flare \u0161pi\u010dkovou technologii t\u00eds\u0148ov\u00e9 signalizace SOS. D\u00edky pou\u017eit\u00ed \u010derveno-oran\u017eov\u00fdch a azurov\u00fdch LED v kombinaci s infra\u010dervenou (IR) komponentou nab\u00edz\u00ed EDF2 zna\u010dnou provozn\u00ed \u017eivotnost (dobu ho\u0159en\u00ed) a z\u00e1rove\u0148 v\u00fdrazn\u011b zlep\u0161uje \u00farove\u0148 viditelnosti. <\/p>\n<p>Prod\u00e1v\u00e1 se s p\u0159ilo\u017eenou denn\u00ed t\u00eds\u0148ovou vlajkou, EDF2 a doprovodn\u00e1 vlajka jsou certifikov\u00e1ny tak, aby spl\u0148ovaly platn\u00e9 po\u017eadavky americk\u00e9 pob\u0159e\u017en\u00ed str\u00e1\u017ee, co\u017e umo\u017e\u0148uje jejich no\u0161en\u00ed m\u00edsto tradi\u010dn\u00edch pyrotechnick\u00fdch sv\u011btlic v USA.<\/p>\n<p><strong>Popis:<\/strong><\/p>\n<p>Vzn\u00e1\u0161ej\u00edc\u00ed se elektronick\u00e1 lodn\u00ed sv\u011btlice EDF2, kter\u00e1 spl\u0148uje po\u017eadavky RTCM 13200.00, je klasifikov\u00e1na jako za\u0159\u00edzen\u00ed elektronick\u00e9ho vizu\u00e1ln\u00edho t\u00eds\u0148ov\u00e9ho sign\u00e1lu (eVDSD) a vyu\u017e\u00edv\u00e1 v\u00edcebarevnou t\u00eds\u0148ovou signalizaci SOS pro dosa\u017een\u00ed vy\u0161\u0161\u00ed sv\u00edtivosti s podstatn\u011b lep\u0161\u00ed distribuc\u00ed sv\u011btla. Pou\u017eit\u00ed \u010derveno-oran\u017eov\u00fdch a azurov\u00fdch LED diod umo\u017e\u0148uje lep\u0161\u00ed viditelnost na vod\u011b, zat\u00edmco p\u0159id\u00e1n\u00ed infra\u010derven\u00e9 (IR) slo\u017eky vede k je\u0161t\u011b lep\u0161\u00ed viditelnosti, kdy\u017e za\u0159\u00edzen\u00ed pro no\u010dn\u00ed vid\u011bn\u00ed pou\u017e\u00edv\u00e1 p\u00e1trac\u00ed a z\u00e1chrann\u00e1 slu\u017eba. <\/p>\n<p>EDF2 usnad\u0148uje z\u00e1chranu t\u00edm, \u017ee vyd\u00e1v\u00e1 z\u00e1bleskovou charakteristiku pro mezin\u00e1rodn\u00ed Morseovu abecedu pro SOS, kde prvn\u00ed \u201eS\u201c je reprezentov\u00e1no t\u0159emi \u010derveno-oran\u017eov\u00fdmi bliknut\u00edmi LED, n\u00e1sleduje \u201eO\u201c, kter\u00e9 je reprezentov\u00e1no t\u0159emi azurov\u00fdmi LED bliknut\u00edmi, a posledn\u00ed \u201eS\u201c, kter\u00e9 je reprezentov\u00e1no dal\u0161\u00edmi t\u0159emi \u010derveno-oran\u017eov\u00fdmi LED bliknut\u00edmi. Sou\u010dasn\u011b s viditeln\u00fdmi \u010derveno-oran\u017eov\u00fdmi a azurov\u00fdmi blikaj\u00edc\u00edmi diodami LED blik\u00e1 IR komponenta stejn\u00fdm vzorem SOS, kter\u00fd je optimalizov\u00e1n pro viditelnost prost\u0159ednictv\u00edm br\u00fdl\u00ed pro no\u010dn\u00ed vid\u011bn\u00ed (NVG). Snad nejp\u016fsobiv\u011bj\u0161\u00ed, dokonce i s velk\u00fdm mno\u017estv\u00edm viditeln\u00fdch a IR z\u00e1blesk\u016f, vysokou \u00farovn\u00ed produkovan\u00e9ho sv\u011btla a v\u00fdznamn\u00fdm dosahem dosahovan\u00e9ho rozsahu distribuce sv\u011btla (sv\u011bteln\u00fd \u00fahel \u2265 180\u00b0), EDF2 st\u00e1le dosahuje p\u016fsobiv\u00e9 provozn\u00ed \u017eivotnosti nejm\u00e9n\u011b t\u0159i hodiny (o 50 % p\u0159ekra\u010duje po\u017eadavky RTCM).  <\/p>\n<p><strong>POZN\u00c1MKA: P\u0159ed instalac\u00ed bateri\u00ed p\u0159ipevn\u011bte horn\u00ed \u010d\u00e1st t\u011bla k upev\u0148ovac\u00edmu bodu, kter\u00fd se nach\u00e1z\u00ed ve spodn\u00ed \u010d\u00e1sti p\u0159ihr\u00e1dky na baterie, pomoc\u00ed p\u0159ilo\u017een\u00e9ho lanka (nach\u00e1z\u00ed se pod such\u00fdm zipem).<\/strong><\/p>\n<h4>Co je zahrnuto<\/h4>\n<p>Elektronick\u00e1 lodn\u00ed sv\u011btlice EDF2, kter\u00e1 spl\u0148uje po\u017eadavky normy <a href=\"https:\/\/www.ecfr.gov\/current\/title-46\/chapter-I\/subchapter-Q\/part-161\/subpart-161.013?toc=1\">46 CFR 161.013<\/a> , je klasifikov\u00e1na jako schv\u00e1len\u00fd no\u010dn\u00ed vizu\u00e1ln\u00ed nouzov\u00fd sign\u00e1l. Vzhledem k tomu, \u017ee sou\u010d\u00e1st\u00ed balen\u00ed ka\u017ed\u00e9ho plavidla EDF2 je nouzov\u00e1 vlajka spl\u0148uj\u00edc\u00ed po\u017eadavky <a href=\"https:\/\/www.ecfr.gov\/current\/title-46\/chapter-I\/subchapter-Q\/part-160\/subpart-160.072\">46 CFR 160.072<\/a> , jsou u\u017eivatel\u00e9 tak\u00e9 vybaveni schv\u00e1len\u00fdm denn\u00edm vizu\u00e1ln\u00edm nouzov\u00fdm sign\u00e1lem (po\u017eadavek na p\u0159epravu schv\u00e1len\u00fdch denn\u00edch a no\u010dn\u00edch vizu\u00e1ln\u00edch nouzov\u00fdch sign\u00e1l\u016f lze nal\u00e9zt v 33 CFR \u010d\u00e1st 175). Dod\u00e1van\u00e1 nouzov\u00e1 vlajka nab\u00edz\u00ed \u0159adu mo\u017enost\u00ed signalizace za denn\u00edho sv\u011btla. Vlajku lze vyv\u011bsit p\u0159ipevn\u011bn\u00edm ke sto\u017e\u00e1ru nebo jednodu\u0161e vyv\u011bsit na nejvy\u0161\u0161\u00ed mo\u017en\u00fd bod. Lze jej tak\u00e9 vystavit ru\u010dn\u011b, p\u0159iv\u00e1zat k p\u0159edm\u011bt\u016fm, jako je lodn\u00ed h\u00e1k, p\u00e1dlo nebo ryb\u00e1\u0159sk\u00fd prut, a pot\u00e9 s n\u00edm m\u00e1vat, nebo jej lze polo\u017eit naplocho na palubu, aby p\u0159il\u00e1kal letadla. Vlajka by m\u011bla b\u00fdt pou\u017e\u00edv\u00e1na pouze jako denn\u00ed sign\u00e1l a p\u0159i spr\u00e1vn\u00e9m vyv\u011b\u0161en\u00ed by m\u011bl b\u00fdt \u010dern\u00fd \u010dtverec nad \u010dern\u00fdm kruhem.<\/p>\n<p>Krom\u011b t\u00eds\u0148ov\u00e9ho praporku je zahrnut tak\u00e9 dr\u017e\u00e1k a odpov\u00eddaj\u00edc\u00ed mont\u00e1\u017en\u00ed hardware, kter\u00fd u\u017eivatel\u016fm umo\u017e\u0148uje pohodln\u011b namontovat produkt na n\u00e1dobu, tak\u017ee EDF2 je v\u017edy v p\u0159\u00edpad\u011b pot\u0159eby p\u0159\u00edstupn\u00fd. Pod \u010dern\u00fdm p\u00e1skem na such\u00fd zip kolem st\u0159edn\u00ed \u010d\u00e1sti produktu lze tak\u00e9 nal\u00e9zt 1metrovou \u0161\u0148\u016frku. Toto lano lze pou\u017e\u00edt k p\u0159iv\u00e1z\u00e1n\u00ed EDF2 k osob\u011b nebo z\u00e1chrann\u00e9mu \u010dlunu v nouzov\u00e9 situaci.  <\/p>\n<h4>Po\u017eadavky na p\u0159epravu<\/h4>\n<p>V USA* spole\u010dn\u00e9 p\u0159en\u00e1\u0161en\u00ed lodn\u00ed sv\u011btlice EDF2 a t\u00eds\u0148ov\u00e9 vlajky umo\u017e\u0148uje jachta\u0159\u016fm vzd\u00e1t se po\u017eadavku na tradi\u010dn\u00ed pyrotechnick\u00e9 sv\u011btlice na rekrea\u010dn\u00edch plavidlech o d\u00e9lce a\u017e 65&#8242;, p\u0159i plavb\u011b na Velk\u00fdch jezerech, do 12 mil od vod USA nebo na jak\u00e9koli vodn\u00ed plo\u0161e s pr\u016fchodem do mo\u0159e o \u0161\u00ed\u0159ce alespo\u0148 dv\u011b m\u00edle. Plavidla men\u0161\u00ed ne\u017e 16&#8242; nemus\u00ed n\u00e9st denn\u00ed vizu\u00e1ln\u00ed nouzov\u00fd sign\u00e1l, ale mus\u00ed st\u00e1le n\u00e9st no\u010dn\u00ed vizu\u00e1ln\u00ed nouzov\u00fd sign\u00e1l, co\u017e z EDF2 \u010din\u00ed v\u00edce ne\u017e \u017eivotaschopnou alternativu k pyrotechnick\u00fdm sv\u011btlic\u00e1m i pro plavidla t\u00e9to velikosti. Pozn\u00e1mka: V Kanad\u011b lze EDF2 p\u0159epravovat na rekrea\u010dn\u00edch plavidlech m\u00edsto pyrotechnick\u00fdch sv\u011btlic (Policy TP 13585 E), pokud jsou p\u0159epravov\u00e1ny se schv\u00e1len\u00fdm kou\u0159ov\u00fdm sign\u00e1lem (pro denn\u00ed varov\u00e1n\u00ed).  <\/p>\n<p>S konzistentn\u00edm rozlo\u017een\u00edm sv\u011btla ve zna\u010dn\u00e9m rozsahu** a dobou ho\u0159en\u00ed 15kr\u00e1t del\u0161\u00ed ne\u017e pr\u016fm\u011brn\u00e9 pyrotechnick\u00e9 sv\u011btlice*** je EDF2 jednozna\u010dn\u011b \u201enejjasn\u011bj\u0161\u00ed\u201c volbou, jakou m\u016f\u017eete ud\u011blat.<\/p>\n<p>&nbsp;<\/p>\n<p>*Ohledn\u011b schv\u00e1len\u00ed v jin\u00fdch zem\u00edch viz po\u017eadavky p\u0159\u00edslu\u0161n\u00e9ho n\u00e1rodn\u00edho \u00fa\u0159adu<\/p>\n<p>jejich konkr\u00e9tn\u00ed p\u0159ijet\u00ed setk\u00e1n\u00ed eVDSD RTCM 13200.00<\/p>\n<p>**Sv\u011bteln\u00fd \u00fahel \u2265 180\u00b0<\/p>\n<p>***Na z\u00e1klad\u011b p\u0159epravy 4 pyrotechnick\u00fdch sv\u011btlic p\u0159i pr\u016fm\u011brn\u00e9 dob\u011b ho\u0159en\u00ed ka\u017ed\u00e9 3 minuty<\/p>\n<p>&nbsp;<\/p>\n<h4><strong>Vlastnosti a v\u00fdhody:<\/strong><\/h4>\n<ul>\n<li>Spl\u0148uje standard RTCM 13200.0 pro eVDSD<\/li>\n<li>Elektronick\u00e1 lodn\u00ed sv\u011btlice EDF2 a p\u0159ilo\u017een\u00e1 nouzov\u00e1 vlajka, pokud se nos\u00ed spole\u010dn\u011b, jsou zp\u016fsobil\u00e9 jako n\u00e1hrada za p\u0159epravu pyrotechnick\u00fdch sv\u011btlic USCG (pouze USA)<\/li>\n<li>Jasn\u00e9 sv\u011btlo ve v\u0161ech sm\u011brech (viditelnost 360\u00b0 a \u00fahel svitu \u2265 180\u00b0)<\/li>\n<li>Automaticky se naprav\u00ed a plave, kdy\u017e je ve vod\u011b (nen\u00ed nutn\u00fd \u017e\u00e1dn\u00fd vztlakov\u00fd\/flota\u010dn\u00ed krou\u017eek)<\/li>\n<li>Viditeln\u00e9 na 8 mil<\/li>\n<li>U\u017eivatelsky vym\u011bniteln\u00e9 123 lithiov\u00e9 baterie (x8 \u2013 nejsou sou\u010d\u00e1st\u00ed dod\u00e1vky)<\/li>\n<li>Maxim\u00e1ln\u00ed intenzita sv\u011btla&gt; 170 cd<\/li>\n<li>Pr\u016fm\u011brn\u00e1 efektivn\u00ed intenzita sv\u011btla 50 cd<\/li>\n<li>Provozn\u00ed \u017eivotnost 3 hodiny (p\u0159i minim\u00e1ln\u00ed pr\u016fm\u011brn\u00e9 efektivn\u00ed intenzit\u011b sv\u011btla 50 cd) p\u0159ekra\u010duje po\u017eadavky RTCM o 50 %<\/li>\n<li>Odoln\u00fd design: Testov\u00e1no podle p\u0159\u00edslu\u0161n\u00fdch norem ochrany \u017eivotn\u00edho prost\u0159ed\u00ed t\u00fdkaj\u00edc\u00ed se such\u00e9ho tepla, vlhk\u00e9ho tepla, n\u00edzk\u00e9 teploty, tepeln\u00e9ho \u0161oku, p\u00e1du, vibrac\u00ed, slune\u010dn\u00edho z\u00e1\u0159en\u00ed, de\u0161t\u011b a spreje, koroze a EMC (podle IEC 60945)<\/li>\n<li>Vodot\u011bsn\u00fd (IP67)<\/li>\n<li>Certifikov\u00e1no podle USCG 161.013 jako no\u010dn\u00ed vizu\u00e1ln\u00ed t\u00eds\u0148ov\u00fd sign\u00e1l<\/li>\n<li>Zahrnuje t\u00eds\u0148ovou vlajku (certifikovanou podle USCG 160.072 jako denn\u00ed vizu\u00e1ln\u00ed t\u00eds\u0148ov\u00fd sign\u00e1l), mont\u00e1\u017en\u00ed dr\u017e\u00e1k a 1 m \u0161\u0148\u016frku (skrytou pod p\u00e1skem na such\u00fd zip)<\/li>\n<\/ul>\n<p>&nbsp;<\/p>\n<h4><strong>V\u00fdhody<\/strong> <strong>EDF2 Electronic Boat Flare<\/strong> <strong>vs. Tradi\u010dn\u00ed pyrotechnick\u00e9 sv\u011btlice:<\/strong><\/h4>\n<ul>\n<li>\u017d\u00e1dn\u00e9 datum vypr\u0161en\u00ed platnosti<\/li>\n<li>Vhodn\u00e9 pro rodinu (\u017e\u00e1dn\u00fd ho\u0159\u00edc\u00ed plamen)<\/li>\n<li>Snadn\u00e1 obsluha (tak\u017ee ji v p\u0159\u00edpad\u011b nouze mohou ovl\u00e1dat i va\u0161e d\u011bti a za\u010d\u00ednaj\u00edc\u00ed vod\u00e1ci)<\/li>\n<li>\u017d\u00e1dn\u00e9 probl\u00e9my se st\u00e1vaj\u00edc\u00edmi p\u0159\u00edsn\u00fdmi povinn\u00fdmi po\u017eadavky na likvidaci pyrotechnick\u00fdch sv\u011btlic (pr\u00e1vn\u011b pova\u017eovan\u00fdch za nebezpe\u010dn\u00e9 materi\u00e1ly)<\/li>\n<li>Vodot\u011bsn\u00e9 a nadn\u00e1\u0161ej\u00edc\u00ed<\/li>\n<li>Jednor\u00e1zov\u00fd n\u00e1kup (ni\u017e\u0161\u00ed n\u00e1klady po dobu \u017eivotnosti produktu)<\/li>\n<li>2 odli\u0161n\u00e9 metody t\u00eds\u0148ov\u00e9 signalizace v jednom produktu \u2013 v\u00edcebarevn\u00fd LED blesk a infra\u010derven\u00fd LED blesk<\/li>\n<li>Schopnost prodlou\u017eit \u017eivotnost produktu v nouzov\u00e9 situaci v\u00fdm\u011bnou bateri\u00ed<\/li>\n<\/ul>\n<p>&nbsp;<\/p>\n<p>Informace o dal\u0161\u00edch z\u00e1kladn\u00edch produktech pro n\u00e1mo\u0159n\u00ed bezpe\u010dnost, kter\u00e9 roz\u0161i\u0159uj\u00ed va\u0161i p\u0159epravu lodi EDF2, naleznete v na\u0161em blogu na t\u00e9ma <a href=\"https:\/\/oceansignal.com\/cs\/news\/strategie-pro-bezpecnejsi-plavebni-sezonu-od-ocean-signal\/\">Strategie pro bezpe\u010dn\u011bj\u0161\u00ed plavebn\u00ed sez\u00f3nu<\/a> .<\/p>\n","protected":false},"excerpt":{"rendered":"<p>EDF2: Kone\u010dn\u00e1 alternativa k tradi\u010dn\u00edm pyrotechnick\u00fdm sv\u011btlic\u00edm<\/p>\n<ul>\n<li>Dlouh\u00e1 \u017eivotnost a hospod\u00e1rnost \u2013 Bez data expirace, jednor\u00e1zov\u00fd n\u00e1kup a u\u017eivatelsky vym\u011bniteln\u00e9 lithiov\u00e9 baterie prodlu\u017euj\u00ed provozn\u00ed \u017eivotnost v p\u0159\u00edpad\u011b nouze<\/li>\n<li>Bezpe\u010dn\u00e9 a snadn\u00e9 pou\u017eit\u00ed \u2013 Bez plamen\u016f, vhodn\u00e9 pro rodinu a jednoduch\u00e9 ovl\u00e1d\u00e1n\u00ed pro v\u0161echny u\u017eivatele, v\u010detn\u011b d\u011bt\u00ed a za\u010d\u00ednaj\u00edc\u00edch vod\u00e1k\u016f.<\/li>\n<li>Vynikaj\u00edc\u00ed viditelnost \u2013 Jasn\u00e9 360\u00b0 sv\u011btlo, viditeln\u00e9 na vzd\u00e1lenost 8 mil a p\u0159ekra\u010duje po\u017eadavky na provozn\u00ed \u017eivotnost RTCM o 50 %.<\/li>\n<li>Vodot\u011bsn\u00fd a plovouc\u00ed \u2013 automaticky se vyrovn\u00e1 a plave bez flota\u010dn\u00edho krou\u017eku.<\/li>\n<li>Odoln\u00fd design: Testov\u00e1no podle p\u0159\u00edslu\u0161n\u00fdch norem ochrany \u017eivotn\u00edho prost\u0159ed\u00ed t\u00fdkaj\u00edc\u00ed se such\u00e9ho tepla, vlhk\u00e9ho tepla, n\u00edzk\u00e9 teploty, tepeln\u00e9ho \u0161oku, p\u00e1du, vibrac\u00ed, slune\u010dn\u00edho z\u00e1\u0159en\u00ed, de\u0161t\u011b a spreje, koroze a EMC (podle IEC 60945)<\/li>\n<\/ul>\n<p><a href=\"https:\/\/www.dropbox.com\/s\/0ezw0kexbm120vv\/Prop%2065%20-%20Lead%20and%20Lead%20Compounds.pdf?dl=0\">UPOZORN\u011aN\u00cd: PROP 65<\/a><\/p>\n","protected":false},"featured_media":38626,"template":"","meta":{"_acf_changed":false,"om_disable_all_campaigns":false},"product_brand":[],"product_cat":[1201,475],"product_tag":[1244,1203,1245],"class_list":{"0":"post-12824","1":"product","2":"type-product","3":"status-publish","4":"has-post-thumbnail","6":"product_cat-elektronicka-signalizace-a-nouzove-flare","7":"product_cat-rescueme-cs-2","8":"product_tag-edf2-cs","9":"product_tag-elektronicka-nouzova-flare","10":"product_tag-signalizacni-majak","12":"first","13":"instock","14":"taxable","15":"shipping-taxable","16":"purchasable","17":"product-type-simple"},"acf":[],"yoast_head":"<!-- This site is optimized with the Yoast SEO Premium plugin v25.2 (Yoast SEO v26.4) - https:\/\/yoast.com\/wordpress\/plugins\/seo\/ -->\n<title>rescueME EDF2 Flare - Ocean Signal EDF2 Electronic Boat Flare Schv\u00e1leno USCG RTCM | Ocean Signal<\/title>\n<meta name=\"description\" content=\"Z\u016fsta\u0148te v bezpe\u010d\u00ed s elektronickou lodn\u00ed sv\u011btlic\u00ed Ocean Signal EDF2, v\u00fdkonnou elektronickou nouzovou sv\u011btlic\u00ed navr\u017eenou pro optim\u00e1ln\u00ed viditelnost a spolehlivost v nouzov\u00fdch situac\u00edch. Kompaktn\u00ed a odoln\u00fd EDF2 je perfektn\u00ed volbou pro jachta\u0159e, kte\u0159\u00ed hledaj\u00ed bezpe\u010dn\u011bj\u0161\u00ed a ekologicky \u0161etrn\u011bj\u0161\u00ed alternativu k tradi\u010dn\u00edm sv\u011btlic\u00e1m.\" \/>\n<meta name=\"robots\" content=\"index, follow, max-snippet:-1, max-image-preview:large, max-video-preview:-1\" \/>\n<link rel=\"canonical\" href=\"https:\/\/oceansignal.com\/cs\/products\/rescueme-edf2-flare\/\" \/>\n<meta property=\"og:locale\" content=\"cs_CZ\" \/>\n<meta property=\"og:type\" content=\"article\" \/>\n<meta property=\"og:title\" content=\"rescueME EDF2 Flare\" \/>\n<meta property=\"og:description\" content=\"Z\u016fsta\u0148te v bezpe\u010d\u00ed s elektronickou lodn\u00ed sv\u011btlic\u00ed Ocean Signal EDF2, v\u00fdkonnou elektronickou nouzovou sv\u011btlic\u00ed navr\u017eenou pro optim\u00e1ln\u00ed viditelnost a spolehlivost v nouzov\u00fdch situac\u00edch. Kompaktn\u00ed a odoln\u00fd EDF2 je perfektn\u00ed volbou pro jachta\u0159e, kte\u0159\u00ed hledaj\u00ed bezpe\u010dn\u011bj\u0161\u00ed a ekologicky \u0161etrn\u011bj\u0161\u00ed alternativu k tradi\u010dn\u00edm sv\u011btlic\u00e1m.\" \/>\n<meta property=\"og:url\" content=\"https:\/\/oceansignal.com\/cs\/products\/rescueme-edf2-flare\/\" \/>\n<meta property=\"og:site_name\" content=\"Ocean Signal\" \/>\n<meta property=\"article:modified_time\" content=\"2025-11-24T16:36:41+00:00\" \/>\n<meta property=\"og:image\" content=\"https:\/\/oceansignal.com\/wp-content\/uploads\/2025\/06\/EDF2-FRONT-e1752085297427.png\" \/>\n\t<meta property=\"og:image:width\" content=\"782\" \/>\n\t<meta property=\"og:image:height\" content=\"782\" \/>\n\t<meta property=\"og:image:type\" content=\"image\/png\" \/>\n<meta name=\"twitter:card\" content=\"summary_large_image\" \/>\n<meta name=\"twitter:label1\" content=\"Odhadovan\u00e1 doba \u010dten\u00ed\" \/>\n\t<meta name=\"twitter:data1\" content=\"7 minut\" \/>\n<script type=\"application\/ld+json\" class=\"yoast-schema-graph\">{\"@context\":\"https:\/\/schema.org\",\"@graph\":[{\"@type\":\"WebPage\",\"@id\":\"https:\/\/oceansignal.com\/cs\/products\/rescueme-edf2-flare\/\",\"url\":\"https:\/\/oceansignal.com\/cs\/products\/rescueme-edf2-flare\/\",\"name\":\"rescueME EDF2 Flare - Ocean Signal EDF2 Electronic Boat Flare Schv\u00e1leno USCG RTCM | Ocean Signal\",\"isPartOf\":{\"@id\":\"https:\/\/oceansignal.com\/cs\/#website\"},\"primaryImageOfPage\":{\"@id\":\"https:\/\/oceansignal.com\/cs\/products\/rescueme-edf2-flare\/#primaryimage\"},\"image\":{\"@id\":\"https:\/\/oceansignal.com\/cs\/products\/rescueme-edf2-flare\/#primaryimage\"},\"thumbnailUrl\":\"https:\/\/oceansignal.com\/wp-content\/uploads\/2024\/10\/EDF2-FRONT_2025.png\",\"datePublished\":\"2024-10-30T20:20:15+00:00\",\"dateModified\":\"2025-11-24T16:36:41+00:00\",\"description\":\"Z\u016fsta\u0148te v bezpe\u010d\u00ed s elektronickou lodn\u00ed sv\u011btlic\u00ed Ocean Signal EDF2, v\u00fdkonnou elektronickou nouzovou sv\u011btlic\u00ed navr\u017eenou pro optim\u00e1ln\u00ed viditelnost a spolehlivost v nouzov\u00fdch situac\u00edch. Kompaktn\u00ed a odoln\u00fd EDF2 je perfektn\u00ed volbou pro jachta\u0159e, kte\u0159\u00ed hledaj\u00ed bezpe\u010dn\u011bj\u0161\u00ed a ekologicky \u0161etrn\u011bj\u0161\u00ed alternativu k tradi\u010dn\u00edm sv\u011btlic\u00e1m.\",\"breadcrumb\":{\"@id\":\"https:\/\/oceansignal.com\/cs\/products\/rescueme-edf2-flare\/#breadcrumb\"},\"inLanguage\":\"cs\",\"potentialAction\":[{\"@type\":\"ReadAction\",\"target\":[\"https:\/\/oceansignal.com\/cs\/products\/rescueme-edf2-flare\/\"]}]},{\"@type\":\"ImageObject\",\"inLanguage\":\"cs\",\"@id\":\"https:\/\/oceansignal.com\/cs\/products\/rescueme-edf2-flare\/#primaryimage\",\"url\":\"https:\/\/oceansignal.com\/wp-content\/uploads\/2024\/10\/EDF2-FRONT_2025.png\",\"contentUrl\":\"https:\/\/oceansignal.com\/wp-content\/uploads\/2024\/10\/EDF2-FRONT_2025.png\",\"width\":1000,\"height\":1000},{\"@type\":\"BreadcrumbList\",\"@id\":\"https:\/\/oceansignal.com\/cs\/products\/rescueme-edf2-flare\/#breadcrumb\",\"itemListElement\":[{\"@type\":\"ListItem\",\"position\":1,\"name\":\"Produkty\",\"item\":\"https:\/\/oceansignal.com\/cs\/produkty\/\"},{\"@type\":\"ListItem\",\"position\":2,\"name\":\"rescueME EDF2 Flare\"}]},{\"@type\":\"WebSite\",\"@id\":\"https:\/\/oceansignal.com\/cs\/#website\",\"url\":\"https:\/\/oceansignal.com\/cs\/\",\"name\":\"Ocean Signal\",\"description\":\"A leading manufacturer of EPIRBs, AIS, SARTs, Personal Locator Beacons, Man Overboard Beacon for the Marine and Outdoor Markets.\",\"potentialAction\":[{\"@type\":\"SearchAction\",\"target\":{\"@type\":\"EntryPoint\",\"urlTemplate\":\"https:\/\/oceansignal.com\/cs\/?s={search_term_string}\"},\"query-input\":{\"@type\":\"PropertyValueSpecification\",\"valueRequired\":true,\"valueName\":\"search_term_string\"}}],\"inLanguage\":\"cs\"}]}<\/script>\n<!-- \/ Yoast SEO Premium plugin. -->","yoast_head_json":{"title":"rescueME EDF2 Flare - Ocean Signal EDF2 Electronic Boat Flare Schv\u00e1leno USCG RTCM | Ocean Signal","description":"Z\u016fsta\u0148te v bezpe\u010d\u00ed s elektronickou lodn\u00ed sv\u011btlic\u00ed Ocean Signal EDF2, v\u00fdkonnou elektronickou nouzovou sv\u011btlic\u00ed navr\u017eenou pro optim\u00e1ln\u00ed viditelnost a spolehlivost v nouzov\u00fdch situac\u00edch. Kompaktn\u00ed a odoln\u00fd EDF2 je perfektn\u00ed volbou pro jachta\u0159e, kte\u0159\u00ed hledaj\u00ed bezpe\u010dn\u011bj\u0161\u00ed a ekologicky \u0161etrn\u011bj\u0161\u00ed alternativu k tradi\u010dn\u00edm sv\u011btlic\u00e1m.","robots":{"index":"index","follow":"follow","max-snippet":"max-snippet:-1","max-image-preview":"max-image-preview:large","max-video-preview":"max-video-preview:-1"},"canonical":"https:\/\/oceansignal.com\/cs\/products\/rescueme-edf2-flare\/","og_locale":"cs_CZ","og_type":"article","og_title":"rescueME EDF2 Flare","og_description":"Z\u016fsta\u0148te v bezpe\u010d\u00ed s elektronickou lodn\u00ed sv\u011btlic\u00ed Ocean Signal EDF2, v\u00fdkonnou elektronickou nouzovou sv\u011btlic\u00ed navr\u017eenou pro optim\u00e1ln\u00ed viditelnost a spolehlivost v nouzov\u00fdch situac\u00edch. Kompaktn\u00ed a odoln\u00fd EDF2 je perfektn\u00ed volbou pro jachta\u0159e, kte\u0159\u00ed hledaj\u00ed bezpe\u010dn\u011bj\u0161\u00ed a ekologicky \u0161etrn\u011bj\u0161\u00ed alternativu k tradi\u010dn\u00edm sv\u011btlic\u00e1m.","og_url":"https:\/\/oceansignal.com\/cs\/products\/rescueme-edf2-flare\/","og_site_name":"Ocean Signal","article_modified_time":"2025-11-24T16:36:41+00:00","og_image":[{"width":782,"height":782,"url":"https:\/\/oceansignal.com\/wp-content\/uploads\/2025\/06\/EDF2-FRONT-e1752085297427.png","type":"image\/png"}],"twitter_card":"summary_large_image","twitter_misc":{"Odhadovan\u00e1 doba \u010dten\u00ed":"7 minut"},"schema":{"@context":"https:\/\/schema.org","@graph":[{"@type":"WebPage","@id":"https:\/\/oceansignal.com\/cs\/products\/rescueme-edf2-flare\/","url":"https:\/\/oceansignal.com\/cs\/products\/rescueme-edf2-flare\/","name":"rescueME EDF2 Flare - Ocean Signal EDF2 Electronic Boat Flare Schv\u00e1leno USCG RTCM | Ocean Signal","isPartOf":{"@id":"https:\/\/oceansignal.com\/cs\/#website"},"primaryImageOfPage":{"@id":"https:\/\/oceansignal.com\/cs\/products\/rescueme-edf2-flare\/#primaryimage"},"image":{"@id":"https:\/\/oceansignal.com\/cs\/products\/rescueme-edf2-flare\/#primaryimage"},"thumbnailUrl":"https:\/\/oceansignal.com\/wp-content\/uploads\/2024\/10\/EDF2-FRONT_2025.png","datePublished":"2024-10-30T20:20:15+00:00","dateModified":"2025-11-24T16:36:41+00:00","description":"Z\u016fsta\u0148te v bezpe\u010d\u00ed s elektronickou lodn\u00ed sv\u011btlic\u00ed Ocean Signal EDF2, v\u00fdkonnou elektronickou nouzovou sv\u011btlic\u00ed navr\u017eenou pro optim\u00e1ln\u00ed viditelnost a spolehlivost v nouzov\u00fdch situac\u00edch. Kompaktn\u00ed a odoln\u00fd EDF2 je perfektn\u00ed volbou pro jachta\u0159e, kte\u0159\u00ed hledaj\u00ed bezpe\u010dn\u011bj\u0161\u00ed a ekologicky \u0161etrn\u011bj\u0161\u00ed alternativu k tradi\u010dn\u00edm sv\u011btlic\u00e1m.","breadcrumb":{"@id":"https:\/\/oceansignal.com\/cs\/products\/rescueme-edf2-flare\/#breadcrumb"},"inLanguage":"cs","potentialAction":[{"@type":"ReadAction","target":["https:\/\/oceansignal.com\/cs\/products\/rescueme-edf2-flare\/"]}]},{"@type":"ImageObject","inLanguage":"cs","@id":"https:\/\/oceansignal.com\/cs\/products\/rescueme-edf2-flare\/#primaryimage","url":"https:\/\/oceansignal.com\/wp-content\/uploads\/2024\/10\/EDF2-FRONT_2025.png","contentUrl":"https:\/\/oceansignal.com\/wp-content\/uploads\/2024\/10\/EDF2-FRONT_2025.png","width":1000,"height":1000},{"@type":"BreadcrumbList","@id":"https:\/\/oceansignal.com\/cs\/products\/rescueme-edf2-flare\/#breadcrumb","itemListElement":[{"@type":"ListItem","position":1,"name":"Produkty","item":"https:\/\/oceansignal.com\/cs\/produkty\/"},{"@type":"ListItem","position":2,"name":"rescueME EDF2 Flare"}]},{"@type":"WebSite","@id":"https:\/\/oceansignal.com\/cs\/#website","url":"https:\/\/oceansignal.com\/cs\/","name":"Ocean Signal","description":"A leading manufacturer of EPIRBs, AIS, SARTs, Personal Locator Beacons, Man Overboard Beacon for the Marine and Outdoor Markets.","potentialAction":[{"@type":"SearchAction","target":{"@type":"EntryPoint","urlTemplate":"https:\/\/oceansignal.com\/cs\/?s={search_term_string}"},"query-input":{"@type":"PropertyValueSpecification","valueRequired":true,"valueName":"search_term_string"}}],"inLanguage":"cs"}]}},"_links":{"self":[{"href":"https:\/\/oceansignal.com\/cs\/wp-json\/wp\/v2\/product\/12824","targetHints":{"allow":["GET"]}}],"collection":[{"href":"https:\/\/oceansignal.com\/cs\/wp-json\/wp\/v2\/product"}],"about":[{"href":"https:\/\/oceansignal.com\/cs\/wp-json\/wp\/v2\/types\/product"}],"wp:featuredmedia":[{"embeddable":true,"href":"https:\/\/oceansignal.com\/cs\/wp-json\/wp\/v2\/media\/38626"}],"wp:attachment":[{"href":"https:\/\/oceansignal.com\/cs\/wp-json\/wp\/v2\/media?parent=12824"}],"wp:term":[{"taxonomy":"product_brand","embeddable":true,"href":"https:\/\/oceansignal.com\/cs\/wp-json\/wp\/v2\/product_brand?post=12824"},{"taxonomy":"product_cat","embeddable":true,"href":"https:\/\/oceansignal.com\/cs\/wp-json\/wp\/v2\/product_cat?post=12824"},{"taxonomy":"product_tag","embeddable":true,"href":"https:\/\/oceansignal.com\/cs\/wp-json\/wp\/v2\/product_tag?post=12824"}],"curies":[{"name":"wp","href":"https:\/\/api.w.org\/{rel}","templated":true}]}}