{"id":28563,"date":"2025-05-22T10:05:48","date_gmt":"2025-05-22T10:05:48","guid":{"rendered":"https:\/\/oceansignal.com\/?post_type=product&#038;p=28563"},"modified":"2025-07-24T15:19:05","modified_gmt":"2025-07-24T15:19:05","slug":"ocean-signal-grab-bag-2","status":"publish","type":"product","link":"https:\/\/oceansignal.com\/cs\/products\/ocean-signal-grab-bag-2\/","title":{"rendered":"Ocean Signal Grab Bag"},"content":{"rendered":"<h3 data-start=\"3285\" data-end=\"3337\"><strong data-start=\"3292\" data-end=\"3337\"><img loading=\"lazy\" decoding=\"async\" class=\"alignnone size-full wp-image-32359\" src=\"https:\/\/oceansignal.com\/wp-content\/uploads\/2025\/07\/View-New-Safety-Kits.png\" alt=\"\" width=\"300\" height=\"75\" srcset=\"https:\/\/oceansignal.com\/wp-content\/uploads\/2025\/07\/View-New-Safety-Kits.png 300w, https:\/\/oceansignal.com\/wp-content\/uploads\/2025\/07\/View-New-Safety-Kits-60x15.png 60w, https:\/\/oceansignal.com\/wp-content\/uploads\/2025\/07\/View-New-Safety-Kits-110x28.png 110w\" sizes=\"auto, (max-width: 300px) 100vw, 300px\" \/><\/strong><\/h3>\n<p><b><span data-contrast=\"auto\">Ocean Signal Grab Bag \u2013 vyrobena pro bezpe\u010dnost na mo\u0159i<\/span><\/b><span data-ccp-props=\"{}\"> <\/span><\/p>\n<p><span data-contrast=\"auto\">Kdy\u017e dojde k nouzov\u00fdm situac\u00edm na mo\u0159i, po\u010d\u00edt\u00e1 se ka\u017ed\u00e1 vte\u0159ina. Ta\u0161ka Ocean Signal Grab Bag je navr\u017eena tak, aby v\u00e1m pomohla z\u016fstat p\u0159ipraveni a rychle reagovat, a poskytuje v\u00e1m bezpe\u010dn\u00e9 a snadno dostupn\u00e9 m\u00edsto pro ulo\u017een\u00ed va\u0161eho nezbytn\u00e9ho bezpe\u010dnostn\u00edho vybaven\u00ed. A\u0165 u\u017e plujete na pob\u0159e\u017en\u00ed lodi nebo m\u00ed\u0159\u00edte na pob\u0159e\u017e\u00ed, specializovan\u00e1 ta\u0161ka m\u016f\u017ee b\u00fdt rozd\u00edlem mezi panikou a p\u0159ipravenost\u00ed.  <\/span><span data-ccp-props=\"{}\"> <\/span><\/p>\n<p><span data-contrast=\"auto\">Ta\u0161ka Ocean Signal Grab Bag, navr\u017een\u00e1 ve spolupr\u00e1ci t\u00fdmu Ocean Signal Engineering a profesion\u00e1ln\u00edho n\u00e1vrh\u00e1\u0159e jachta\u0159sk\u00fdch a ta\u0161kov\u00fdch vybaven\u00ed se s\u00eddlem v Southamptonu ve Velk\u00e9 Brit\u00e1nii, je formov\u00e1na na z\u00e1klad\u011b zku\u0161enost\u00ed z re\u00e1ln\u00e9ho sv\u011bta. Je dostate\u010dn\u011b kompaktn\u00ed, aby se ve\u0161la i do t\u011bch neju\u017e\u0161\u00edch prostor na palub\u011b, ale z\u00e1rove\u0148 dostate\u010dn\u011b prostorn\u00e1, aby unesla va\u0161e nezbytn\u00e9 nouzov\u00e9 vybaven\u00ed \u2013 EPIRB, PLB, VHF vys\u00edla\u010dky, sv\u011btlice a dal\u0161\u00ed. <\/span><span data-ccp-props=\"{}\"> <\/span><\/p>\n<p><b><span data-contrast=\"auto\">Pro\u010d pot\u0159ebujete cestovn\u00ed ta\u0161ku:<\/span><\/b><br \/>\n<span data-contrast=\"auto\">V p\u0159\u00edpad\u011b nouze \u2013 jako je po\u017e\u00e1r, z\u00e1plava nebo opu\u0161t\u011bn\u00ed domu \u2013 nem\u00e1te \u010das p\u0159em\u00fd\u0161let, co si vz\u00edt. S \u0159\u00e1dn\u011b z\u00e1sobenou ta\u0161kou m\u00e1te v\u0161echny nezbytnosti ji\u017e sbalen\u00e9 a p\u0159ipraven\u00e9. Je to va\u0161e z\u00e1chrann\u00e9 lano, kdy\u017e se v\u0161echno ostatn\u00ed pokaz\u00ed.  <\/span><span data-ccp-props=\"{}\"> <\/span><\/p>\n<p><b><span data-contrast=\"auto\">Rysy:<\/span><\/b><span data-ccp-props=\"{}\"> <\/span><\/p>\n<ul>\n<li data-leveltext=\"\uf0b7\" data-font=\"Symbol\" data-listid=\"2\" data-list-defn-props=\"{\"335552541\":1,\"335559685\":720,\"335559991\":360,\"469769226\":\"Symbol\",\"469769242\":[8226],\"469777803\":\"left\",\"469777804\":\"\uf0b7\",\"469777815\":\"multilevel\"}\" data-aria-posinset=\"1\" data-aria-level=\"1\"><b><span data-contrast=\"auto\">Prostorn\u00fd hlavn\u00ed prostor<\/span><\/b> <span data-contrast=\"auto\">\u2013 s vnit\u0159n\u00ed kapacitou 9 litr\u016f \u2013 velk\u00fd vnit\u0159n\u00ed prostor pro nezbytnosti, jako jsou sv\u011btlice, potravinov\u00e9 d\u00e1vky, plaveck\u00e9 zbran\u011b, l\u00e9k\u00e1rni\u010dky a dal\u0161\u00ed.<\/span><span data-ccp-props=\"{}\"> <\/span><\/li>\n<\/ul>\n<ul>\n<li data-leveltext=\"\uf0b7\" data-font=\"Symbol\" data-listid=\"2\" data-list-defn-props=\"{\"335552541\":1,\"335559685\":720,\"335559991\":360,\"469769226\":\"Symbol\",\"469769242\":[8226],\"469777803\":\"left\",\"469777804\":\"\uf0b7\",\"469777815\":\"multilevel\"}\" data-aria-posinset=\"2\" data-aria-level=\"1\"><b><span data-contrast=\"auto\">Vnit\u0159n\u00ed \u00fachytn\u00e1 li\u0161ta \u2013<\/span><\/b> <span data-contrast=\"auto\">umo\u017e\u0148uje p\u0159ipevn\u011bn\u00ed kl\u00ed\u010dov\u00fdch p\u0159edm\u011bt\u016f pomoc\u00ed \u0161\u0148\u016frky nebo karabiny,<\/span> <span data-ccp-props=\"{}\"> <\/span><\/li>\n<\/ul>\n<ul>\n<li data-leveltext=\"\uf0b7\" data-font=\"Symbol\" data-listid=\"2\" data-list-defn-props=\"{\"335552541\":1,\"335559685\":720,\"335559991\":360,\"469769226\":\"Symbol\",\"469769242\":[8226],\"469777803\":\"left\",\"469777804\":\"\uf0b7\",\"469777815\":\"multilevel\"}\" data-aria-posinset=\"3\" data-aria-level=\"1\"><b><span data-contrast=\"auto\">2 vn\u011bj\u0161\u00ed kapsy<\/span><\/b> <span data-contrast=\"auto\">\u2013 Navr\u017eeny pro bezpe\u010dn\u00e9 ulo\u017een\u00ed EPIRB nebo VHF r\u00e1dia jak\u00e9koli velikosti<\/span><span data-ccp-props=\"{}\"> <\/span><\/li>\n<\/ul>\n<ul>\n<li data-leveltext=\"\uf0b7\" data-font=\"Symbol\" data-listid=\"2\" data-list-defn-props=\"{\"335552541\":1,\"335559685\":720,\"335559991\":360,\"469769226\":\"Symbol\",\"469769242\":[8226],\"469777803\":\"left\",\"469777804\":\"\uf0b7\",\"469777815\":\"multilevel\"}\" data-aria-posinset=\"4\" data-aria-level=\"1\"><b><span data-contrast=\"auto\">Kompaktn\u00ed a praktick\u00e9 rozm\u011bry<\/span><\/b> <span data-contrast=\"auto\">\u2013 \u0160 42 cm x V 29 cm x H 17 cm po slo\u017een\u00ed; snadno se vejde do mal\u00fdch sk\u0159\u00ed\u0148ek a pod sedadla.<\/span><span data-ccp-props=\"{}\"> <\/span><\/li>\n<\/ul>\n<ul>\n<li data-leveltext=\"\uf0b7\" data-font=\"Symbol\" data-listid=\"2\" data-list-defn-props=\"{\"335552541\":1,\"335559685\":720,\"335559991\":360,\"469769226\":\"Symbol\",\"469769242\":[8226],\"469777803\":\"left\",\"469777804\":\"\uf0b7\",\"469777815\":\"multilevel\"}\" data-aria-posinset=\"5\" data-aria-level=\"1\"><b><span data-contrast=\"auto\">Vod\u011bodoln\u00fd a lehk\u00fd<\/span><\/b> <span data-contrast=\"auto\">\u2013 Vyroben tak, aby p\u0159e\u017eil drsn\u00e9 mo\u0159sk\u00e9 podm\u00ednky a snadno se p\u0159en\u00e1\u0161\u00ed k z\u00e1chrann\u00e9mu voru.<\/span><\/li>\n<\/ul>\n<ul>\n<li data-leveltext=\"\uf0b7\" data-font=\"Symbol\" data-listid=\"2\" data-list-defn-props=\"{\"335552541\":1,\"335559685\":720,\"335559991\":360,\"469769226\":\"Symbol\",\"469769242\":[8226],\"469777803\":\"left\",\"469777804\":\"\uf0b7\",\"469777815\":\"multilevel\"}\" data-aria-posinset=\"6\" data-aria-level=\"1\"><b><span data-contrast=\"auto\">Sv\u011btl\u00fd, omyvateln\u00fd vn\u011bj\u0161\u00ed povrch<\/span><\/b> <span data-contrast=\"auto\">\u2013 Vysoce viditeln\u00fd materi\u00e1l odol\u00e1v\u00e1 pl\u00edsn\u00edm a snadno se \u010dist\u00ed.<\/span><span data-ccp-props=\"{}\"> <\/span><\/li>\n<\/ul>\n<ul>\n<li data-leveltext=\"\uf0b7\" data-font=\"Symbol\" data-listid=\"2\" data-list-defn-props=\"{\"335552541\":1,\"335559685\":720,\"335559991\":360,\"469769226\":\"Symbol\",\"469769242\":[8226],\"469777803\":\"left\",\"469777804\":\"\uf0b7\",\"469777815\":\"multilevel\"}\" data-aria-posinset=\"7\" data-aria-level=\"1\"><b><span data-contrast=\"auto\">Reflexn\u00ed p\u00e1ska schv\u00e1len\u00e1 \u00famluvou SOLAS<\/span><\/b> <span data-contrast=\"auto\">\u2013 Zlep\u0161uje viditelnost za zhor\u0161en\u00fdch sv\u011bteln\u00fdch podm\u00ednek nebo v z\u00e1chrann\u00fdch situac\u00edch.<\/span><span data-ccp-props=\"{}\"> <\/span><\/li>\n<\/ul>\n<ul>\n<li data-leveltext=\"\uf0b7\" data-font=\"Symbol\" data-listid=\"2\" data-list-defn-props=\"{\"335552541\":1,\"335559685\":720,\"335559991\":360,\"469769226\":\"Symbol\",\"469769242\":[8226],\"469777803\":\"left\",\"469777804\":\"\uf0b7\",\"469777815\":\"multilevel\"}\" data-aria-posinset=\"8\" data-aria-level=\"1\"><b><span data-contrast=\"auto\">Plovouc\u00ed konstrukce<\/span><\/b> <span data-contrast=\"auto\">\u2013 Udr\u017e\u00ed vybaven\u00ed na hladin\u011b, pokud spadne nebo se pono\u0159\u00ed.<\/span><span data-ccp-props=\"{}\"> <\/span><\/li>\n<\/ul>\n<ul>\n<li data-leveltext=\"\uf0b7\" data-font=\"Symbol\" data-listid=\"2\" data-list-defn-props=\"{\"335552541\":1,\"335559685\":720,\"335559991\":360,\"469769226\":\"Symbol\",\"469769242\":[8226],\"469777803\":\"left\",\"469777804\":\"\uf0b7\",\"469777815\":\"multilevel\"}\" data-aria-posinset=\"9\" data-aria-level=\"1\"><b><span data-contrast=\"auto\">Odn\u00edmateln\u00fd, nastaviteln\u00fd ramenn\u00ed popruh<\/span><\/b> <span data-contrast=\"auto\">\u2013 pro rychl\u00e9 a pohodln\u00e9 no\u0161en\u00ed.<\/span><span data-ccp-props=\"{}\"> <\/span><\/li>\n<\/ul>\n<ul>\n<li data-leveltext=\"\uf0b7\" data-font=\"Symbol\" data-listid=\"2\" data-list-defn-props=\"{\"335552541\":1,\"335559685\":720,\"335559991\":360,\"469769226\":\"Symbol\",\"469769242\":[8226],\"469777803\":\"left\",\"469777804\":\"\uf0b7\",\"469777815\":\"multilevel\"}\" data-aria-posinset=\"10\" data-aria-level=\"1\"><b><span data-contrast=\"auto\">Velk\u00e1 pole pro jm\u00e9no\/volac\u00ed znak\/MMSI na zadn\u00ed stran\u011b<\/span><\/b><span data-ccp-props=\"{}\"> <\/span><\/li>\n<\/ul>\n","protected":false},"excerpt":{"rendered":"<p>Ta\u0161ka Ocean Signal Grab Bag, navr\u017een\u00e1 ve spolupr\u00e1ci s profesion\u00e1ln\u00edmi jachta\u0159i, je va\u0161\u00edm nezbytn\u00fdm \u0159e\u0161en\u00edm pro ulo\u017een\u00ed nouzov\u00e9ho vybaven\u00ed. Je kompaktn\u00ed, ale prostorn\u00e1, nab\u00edz\u00ed vnit\u0159n\u00ed kapacitu 9 litr\u016f a dv\u011b velk\u00e9 vn\u011bj\u0161\u00ed kapsy pro EPIRB a VHF. Je vyrobena tak, aby byla vod\u011bodoln\u00e1, vztlakov\u00e1, snadno se ot\u00edrala a dala se rychle vyndat. Je vybavena reflexn\u00ed p\u00e1skou schv\u00e1lenou \u00famluvou SOLAS, vnit\u0159n\u00edmi \u00fachyty pro upevn\u011bn\u00ed a velk\u00fdm zadn\u00edm panelem pro ulo\u017een\u00ed informac\u00ed o plavidle.  <\/p>\n","protected":false},"featured_media":31554,"template":"","meta":{"_acf_changed":false,"om_disable_all_campaigns":false},"product_brand":[],"product_cat":[1665,475],"product_tag":[1703,1667],"class_list":{"0":"post-28563","1":"product","2":"type-product","3":"status-publish","4":"has-post-thumbnail","6":"product_cat-bezpecnostni-sady","7":"product_cat-rescueme-cs-2","8":"product_tag-prikopovy-pytel","9":"product_tag-taska-na-sberny-papir","11":"first","12":"outofstock","13":"taxable","14":"shipping-taxable","15":"purchasable","16":"product-type-simple"},"acf":[],"yoast_head":"<!-- This site is optimized with the Yoast SEO Premium plugin v25.2 (Yoast SEO v26.4) - https:\/\/yoast.com\/wordpress\/plugins\/seo\/ -->\n<title>Ocean Signal Grab Bag - Ocean Signal<\/title>\n<meta name=\"robots\" content=\"index, follow, max-snippet:-1, max-image-preview:large, max-video-preview:-1\" \/>\n<link rel=\"canonical\" href=\"https:\/\/oceansignal.com\/cs\/products\/ocean-signal-grab-bag-2\/\" \/>\n<meta property=\"og:locale\" content=\"cs_CZ\" \/>\n<meta property=\"og:type\" content=\"article\" \/>\n<meta property=\"og:title\" content=\"Ocean Signal Grab Bag\" \/>\n<meta property=\"og:description\" content=\"Ta\u0161ka Ocean Signal Grab Bag, navr\u017een\u00e1 ve spolupr\u00e1ci s profesion\u00e1ln\u00edmi jachta\u0159i, je va\u0161\u00edm nezbytn\u00fdm \u0159e\u0161en\u00edm pro ulo\u017een\u00ed nouzov\u00e9ho vybaven\u00ed. Je kompaktn\u00ed, ale prostorn\u00e1, nab\u00edz\u00ed vnit\u0159n\u00ed kapacitu 9 litr\u016f a dv\u011b velk\u00e9 vn\u011bj\u0161\u00ed kapsy pro EPIRB a VHF. Je vyrobena tak, aby byla vod\u011bodoln\u00e1, vztlakov\u00e1, snadno se ot\u00edrala a dala se rychle vyndat. Je vybavena reflexn\u00ed p\u00e1skou schv\u00e1lenou \u00famluvou SOLAS, vnit\u0159n\u00edmi \u00fachyty pro upevn\u011bn\u00ed a velk\u00fdm zadn\u00edm panelem pro ulo\u017een\u00ed informac\u00ed o plavidle.\" \/>\n<meta property=\"og:url\" content=\"https:\/\/oceansignal.com\/cs\/products\/ocean-signal-grab-bag-2\/\" \/>\n<meta property=\"og:site_name\" content=\"Ocean Signal\" \/>\n<meta property=\"article:modified_time\" content=\"2025-07-24T15:19:05+00:00\" \/>\n<meta property=\"og:image\" content=\"https:\/\/oceansignal.com\/wp-content\/uploads\/2025\/06\/Grab_Bag-copy.jpg\" \/>\n\t<meta property=\"og:image:width\" content=\"1120\" \/>\n\t<meta property=\"og:image:height\" content=\"756\" \/>\n\t<meta property=\"og:image:type\" content=\"image\/jpeg\" \/>\n<meta name=\"twitter:card\" content=\"summary_large_image\" \/>\n<meta name=\"twitter:label1\" content=\"Odhadovan\u00e1 doba \u010dten\u00ed\" \/>\n\t<meta name=\"twitter:data1\" content=\"2 minuty\" \/>\n<script type=\"application\/ld+json\" class=\"yoast-schema-graph\">{\"@context\":\"https:\/\/schema.org\",\"@graph\":[{\"@type\":\"WebPage\",\"@id\":\"https:\/\/oceansignal.com\/cs\/products\/ocean-signal-grab-bag-2\/\",\"url\":\"https:\/\/oceansignal.com\/cs\/products\/ocean-signal-grab-bag-2\/\",\"name\":\"Ocean Signal Grab Bag - Ocean Signal\",\"isPartOf\":{\"@id\":\"https:\/\/oceansignal.com\/cs\/#website\"},\"primaryImageOfPage\":{\"@id\":\"https:\/\/oceansignal.com\/cs\/products\/ocean-signal-grab-bag-2\/#primaryimage\"},\"image\":{\"@id\":\"https:\/\/oceansignal.com\/cs\/products\/ocean-signal-grab-bag-2\/#primaryimage\"},\"thumbnailUrl\":\"https:\/\/oceansignal.com\/wp-content\/uploads\/2025\/06\/Grab_Bag-copy.jpg\",\"datePublished\":\"2025-05-22T10:05:48+00:00\",\"dateModified\":\"2025-07-24T15:19:05+00:00\",\"breadcrumb\":{\"@id\":\"https:\/\/oceansignal.com\/cs\/products\/ocean-signal-grab-bag-2\/#breadcrumb\"},\"inLanguage\":\"cs\",\"potentialAction\":[{\"@type\":\"ReadAction\",\"target\":[\"https:\/\/oceansignal.com\/cs\/products\/ocean-signal-grab-bag-2\/\"]}]},{\"@type\":\"ImageObject\",\"inLanguage\":\"cs\",\"@id\":\"https:\/\/oceansignal.com\/cs\/products\/ocean-signal-grab-bag-2\/#primaryimage\",\"url\":\"https:\/\/oceansignal.com\/wp-content\/uploads\/2025\/06\/Grab_Bag-copy.jpg\",\"contentUrl\":\"https:\/\/oceansignal.com\/wp-content\/uploads\/2025\/06\/Grab_Bag-copy.jpg\",\"width\":1120,\"height\":756},{\"@type\":\"BreadcrumbList\",\"@id\":\"https:\/\/oceansignal.com\/cs\/products\/ocean-signal-grab-bag-2\/#breadcrumb\",\"itemListElement\":[{\"@type\":\"ListItem\",\"position\":1,\"name\":\"Produkty\",\"item\":\"https:\/\/oceansignal.com\/cs\/produkty\/\"},{\"@type\":\"ListItem\",\"position\":2,\"name\":\"Ocean Signal Grab Bag\"}]},{\"@type\":\"WebSite\",\"@id\":\"https:\/\/oceansignal.com\/cs\/#website\",\"url\":\"https:\/\/oceansignal.com\/cs\/\",\"name\":\"Ocean Signal\",\"description\":\"A leading manufacturer of EPIRBs, AIS, SARTs, Personal Locator Beacons, Man Overboard Beacon for the Marine and Outdoor Markets.\",\"potentialAction\":[{\"@type\":\"SearchAction\",\"target\":{\"@type\":\"EntryPoint\",\"urlTemplate\":\"https:\/\/oceansignal.com\/cs\/?s={search_term_string}\"},\"query-input\":{\"@type\":\"PropertyValueSpecification\",\"valueRequired\":true,\"valueName\":\"search_term_string\"}}],\"inLanguage\":\"cs\"}]}<\/script>\n<!-- \/ Yoast SEO Premium plugin. -->","yoast_head_json":{"title":"Ocean Signal Grab Bag - Ocean Signal","robots":{"index":"index","follow":"follow","max-snippet":"max-snippet:-1","max-image-preview":"max-image-preview:large","max-video-preview":"max-video-preview:-1"},"canonical":"https:\/\/oceansignal.com\/cs\/products\/ocean-signal-grab-bag-2\/","og_locale":"cs_CZ","og_type":"article","og_title":"Ocean Signal Grab Bag","og_description":"Ta\u0161ka Ocean Signal Grab Bag, navr\u017een\u00e1 ve spolupr\u00e1ci s profesion\u00e1ln\u00edmi jachta\u0159i, je va\u0161\u00edm nezbytn\u00fdm \u0159e\u0161en\u00edm pro ulo\u017een\u00ed nouzov\u00e9ho vybaven\u00ed. Je kompaktn\u00ed, ale prostorn\u00e1, nab\u00edz\u00ed vnit\u0159n\u00ed kapacitu 9 litr\u016f a dv\u011b velk\u00e9 vn\u011bj\u0161\u00ed kapsy pro EPIRB a VHF. Je vyrobena tak, aby byla vod\u011bodoln\u00e1, vztlakov\u00e1, snadno se ot\u00edrala a dala se rychle vyndat. Je vybavena reflexn\u00ed p\u00e1skou schv\u00e1lenou \u00famluvou SOLAS, vnit\u0159n\u00edmi \u00fachyty pro upevn\u011bn\u00ed a velk\u00fdm zadn\u00edm panelem pro ulo\u017een\u00ed informac\u00ed o plavidle.","og_url":"https:\/\/oceansignal.com\/cs\/products\/ocean-signal-grab-bag-2\/","og_site_name":"Ocean Signal","article_modified_time":"2025-07-24T15:19:05+00:00","og_image":[{"width":1120,"height":756,"url":"https:\/\/oceansignal.com\/wp-content\/uploads\/2025\/06\/Grab_Bag-copy.jpg","type":"image\/jpeg"}],"twitter_card":"summary_large_image","twitter_misc":{"Odhadovan\u00e1 doba \u010dten\u00ed":"2 minuty"},"schema":{"@context":"https:\/\/schema.org","@graph":[{"@type":"WebPage","@id":"https:\/\/oceansignal.com\/cs\/products\/ocean-signal-grab-bag-2\/","url":"https:\/\/oceansignal.com\/cs\/products\/ocean-signal-grab-bag-2\/","name":"Ocean Signal Grab Bag - Ocean Signal","isPartOf":{"@id":"https:\/\/oceansignal.com\/cs\/#website"},"primaryImageOfPage":{"@id":"https:\/\/oceansignal.com\/cs\/products\/ocean-signal-grab-bag-2\/#primaryimage"},"image":{"@id":"https:\/\/oceansignal.com\/cs\/products\/ocean-signal-grab-bag-2\/#primaryimage"},"thumbnailUrl":"https:\/\/oceansignal.com\/wp-content\/uploads\/2025\/06\/Grab_Bag-copy.jpg","datePublished":"2025-05-22T10:05:48+00:00","dateModified":"2025-07-24T15:19:05+00:00","breadcrumb":{"@id":"https:\/\/oceansignal.com\/cs\/products\/ocean-signal-grab-bag-2\/#breadcrumb"},"inLanguage":"cs","potentialAction":[{"@type":"ReadAction","target":["https:\/\/oceansignal.com\/cs\/products\/ocean-signal-grab-bag-2\/"]}]},{"@type":"ImageObject","inLanguage":"cs","@id":"https:\/\/oceansignal.com\/cs\/products\/ocean-signal-grab-bag-2\/#primaryimage","url":"https:\/\/oceansignal.com\/wp-content\/uploads\/2025\/06\/Grab_Bag-copy.jpg","contentUrl":"https:\/\/oceansignal.com\/wp-content\/uploads\/2025\/06\/Grab_Bag-copy.jpg","width":1120,"height":756},{"@type":"BreadcrumbList","@id":"https:\/\/oceansignal.com\/cs\/products\/ocean-signal-grab-bag-2\/#breadcrumb","itemListElement":[{"@type":"ListItem","position":1,"name":"Produkty","item":"https:\/\/oceansignal.com\/cs\/produkty\/"},{"@type":"ListItem","position":2,"name":"Ocean Signal Grab Bag"}]},{"@type":"WebSite","@id":"https:\/\/oceansignal.com\/cs\/#website","url":"https:\/\/oceansignal.com\/cs\/","name":"Ocean Signal","description":"A leading manufacturer of EPIRBs, AIS, SARTs, Personal Locator Beacons, Man Overboard Beacon for the Marine and Outdoor Markets.","potentialAction":[{"@type":"SearchAction","target":{"@type":"EntryPoint","urlTemplate":"https:\/\/oceansignal.com\/cs\/?s={search_term_string}"},"query-input":{"@type":"PropertyValueSpecification","valueRequired":true,"valueName":"search_term_string"}}],"inLanguage":"cs"}]}},"_links":{"self":[{"href":"https:\/\/oceansignal.com\/cs\/wp-json\/wp\/v2\/product\/28563","targetHints":{"allow":["GET"]}}],"collection":[{"href":"https:\/\/oceansignal.com\/cs\/wp-json\/wp\/v2\/product"}],"about":[{"href":"https:\/\/oceansignal.com\/cs\/wp-json\/wp\/v2\/types\/product"}],"wp:featuredmedia":[{"embeddable":true,"href":"https:\/\/oceansignal.com\/cs\/wp-json\/wp\/v2\/media\/31554"}],"wp:attachment":[{"href":"https:\/\/oceansignal.com\/cs\/wp-json\/wp\/v2\/media?parent=28563"}],"wp:term":[{"taxonomy":"product_brand","embeddable":true,"href":"https:\/\/oceansignal.com\/cs\/wp-json\/wp\/v2\/product_brand?post=28563"},{"taxonomy":"product_cat","embeddable":true,"href":"https:\/\/oceansignal.com\/cs\/wp-json\/wp\/v2\/product_cat?post=28563"},{"taxonomy":"product_tag","embeddable":true,"href":"https:\/\/oceansignal.com\/cs\/wp-json\/wp\/v2\/product_tag?post=28563"}],"curies":[{"name":"wp","href":"https:\/\/api.w.org\/{rel}","templated":true}]}}