{"id":29730,"date":"2025-11-12T22:31:39","date_gmt":"2025-11-12T22:31:39","guid":{"rendered":"https:\/\/oceansignal.com\/?post_type=product&#038;p=29730"},"modified":"2026-03-24T17:41:07","modified_gmt":"2026-03-24T17:41:07","slug":"vhf-radio-ocean-signal-safesea-v200","status":"publish","type":"product","link":"https:\/\/oceansignal.com\/cs\/products\/vhf-radio-ocean-signal-safesea-v200\/","title":{"rendered":"VHF r\u00e1dio safeSEA V200"},"content":{"rendered":"<p>Ocean Signal V200, nab\u00edzen\u00e1 ve dvou praktick\u00fdch form\u00e1tech, jako v\u00fdhradn\u011b nouzov\u00e1 VHF radiostanice GMDSS pro nouzov\u00e9 pou\u017eit\u00ed nebo jako kompletn\u00ed sada pro v\u0161eobecn\u00e9 ka\u017edodenn\u00ed pou\u017eit\u00ed a\/nebo nouzov\u00e9 pou\u017eit\u00ed, slou\u017e\u00ed jako komplexn\u00ed \u0159e\u0161en\u00ed pro v\u0161echny va\u0161e pot\u0159eby v n\u00e1mo\u0159n\u00ed komunikaci.<\/p>\n<p>Nouzov\u00e1 VHF GMDSS je dod\u00e1v\u00e1na s prim\u00e1rn\u00ed lithiovou bateri\u00ed, kter\u00e1 je opat\u0159ena \u0161t\u00edtkem s potvrzen\u00edm o stavu baterie, tak\u017ee nikdy nevzniknou pochybnosti o tom, zda byla prim\u00e1rn\u00ed baterie pou\u017eita \u010di nikoli. Po odstran\u011bn\u00ed \u0161t\u00edtku se r\u00e1dio po p\u0159ipojen\u00ed baterie automaticky zapne a jednotka se tak\u00e9 automaticky p\u0159epne do provozn\u00edho re\u017eimu GMDSS s n\u00e1sleduj\u00edc\u00edmi p\u0159ednastaven\u00fdmi nastaven\u00edmi: kan\u00e1l 16, \u00farove\u0148 hlasitosti 8 a \u0161um na 2. <\/p>\n<p>Kompletn\u00ed sada obsahuje prim\u00e1rn\u00ed lithiovou baterii, jak je pops\u00e1no, a tak\u00e9 lithium-iontovou dob\u00edjec\u00ed baterii a nab\u00edjec\u00ed z\u00e1kladnu. Standardn\u00ed p\u0159\u00edslu\u0161enstv\u00ed dod\u00e1van\u00e9 jak se samostatnou volbou nouzov\u00e9ho VHF GMDSS, tak s kompletn\u00ed sadou zahrnuje flexibiln\u00ed gumovou ant\u00e9nu, sponu na opasek a \u0161\u0148\u016frku na z\u00e1p\u011bst\u00ed. <\/p>\n<p>Model V200, navr\u017een\u00fd s ohledem na snadn\u00e9 pou\u017eit\u00ed jako prioritu designu, je vhodn\u00fd pro provoz v rukavic\u00edch ur\u010den\u00fdch pro p\u0159e\u017eit\u00ed a je vybaven snadno \u010diteln\u00fdm digit\u00e1ln\u00edm displejem. Displej i kl\u00e1vesnice jsou podsv\u00edcen\u00e9, co\u017e usnad\u0148uje ovl\u00e1d\u00e1n\u00ed i za zhor\u0161en\u00fdch sv\u011bteln\u00fdch podm\u00ednek. Model V200 je tak\u00e9 vybaven technologi\u00ed NFC (Near Field Communication), kter\u00e1 umo\u017e\u0148uje p\u0159\u00edstup k datu v\u00fdm\u011bny baterie a informac\u00edm o produktu na mobiln\u00edm za\u0159\u00edzen\u00ed.  <\/p>\n<p>Odoln\u00e1 konstrukce modelu V200 jej \u010din\u00ed vhodn\u00fdm pro v\u0161echny n\u00e1mo\u0159n\u00ed aplikace a ide\u00e1ln\u00ed volbou pro povinnou i dobrovolnou p\u0159epravu. D\u00edky rozs\u00e1hl\u00fdm zku\u0161enostem v oblasti technologi\u00ed n\u00e1mo\u0159n\u00ed bezpe\u010dnosti a neust\u00e1l\u00e9mu z\u00e1vazku ke kvalit\u011b a inovac\u00edm poskytuje V200 bezkonkuren\u010dn\u00ed v\u00fdkon, kter\u00fd n\u00e1mo\u0159n\u00edci po cel\u00e9m sv\u011bt\u011b o\u010dek\u00e1vaj\u00ed od v\u0161ech produkt\u016f Ocean Signal . <\/p>\n<p>&nbsp;<\/p>\n","protected":false},"excerpt":{"rendered":"<p>Marine GMDSS VHF r\u00e1dio Ocean Signal V200 je navr\u017eeno s ohledem na flexibilitu a nab\u00edz\u00ed u\u017eivatel\u016fm pohodln\u00e9 mo\u017enosti pro usnadn\u011bn\u00ed komunikace na mo\u0159i bez ohledu na okolnosti. Toto vodot\u011bsn\u00e9 VHF r\u00e1dio, navr\u017een\u00e9 jako produkt GMDSS (Glob\u00e1ln\u00ed n\u00e1mo\u0159n\u00ed t\u00eds\u0148ov\u00fd a bezpe\u010dnostn\u00ed syst\u00e9m), je pln\u011b certifikov\u00e1no podle p\u0159edpis\u016f IMO a SOLAS a bezprobl\u00e9mov\u011b poskytuje z\u00e1kladn\u00ed komunika\u010dn\u00ed podporu jak v kritick\u00fdch situac\u00edch, tak b\u011bhem ka\u017edodenn\u00edch rutinn\u00edch n\u00e1mo\u0159n\u00edch operac\u00ed. <\/p>\n<p>&nbsp;<\/p>\n","protected":false},"featured_media":29736,"template":"","meta":{"_acf_changed":false,"om_disable_all_campaigns":false},"product_brand":[],"product_cat":[332],"product_tag":[],"class_list":{"0":"post-29730","1":"product","2":"type-product","3":"status-publish","4":"has-post-thumbnail","6":"product_cat-safesea-cs","8":"first","9":"instock","10":"taxable","11":"shipping-taxable","12":"product-type-simple"},"acf":[],"yoast_head":"<!-- This site is optimized with the Yoast SEO Premium plugin v25.2 (Yoast SEO v26.4) - https:\/\/yoast.com\/wordpress\/plugins\/seo\/ -->\n<title>VHF r\u00e1dio safeSEA V200 nouzov\u00e9 VHF radiostanice Ocean Signal V200 GMDSS, - Ocean Signal<\/title>\n<meta name=\"description\" content=\"Z\u016fsta\u0148te v bezpe\u010d\u00ed na mo\u0159i s nouzovou VHF r\u00e1di\u00ed Ocean Signal V200 GMDSS. Je navr\u017eena pro nouzov\u00e9 i ka\u017edodenn\u00ed pou\u017eit\u00ed na mo\u0159i, disponuje automatick\u00fdm re\u017eimem GMDSS, ovl\u00e1d\u00e1n\u00edm v rukavic\u00edch a je odoln\u00e1.\" \/>\n<meta name=\"robots\" content=\"index, follow, max-snippet:-1, max-image-preview:large, max-video-preview:-1\" \/>\n<link rel=\"canonical\" href=\"https:\/\/oceansignal.com\/cs\/products\/vhf-radio-ocean-signal-safesea-v200\/\" \/>\n<meta property=\"og:locale\" content=\"cs_CZ\" \/>\n<meta property=\"og:type\" content=\"article\" \/>\n<meta property=\"og:title\" content=\"VHF r\u00e1dio safeSEA V200\" \/>\n<meta property=\"og:description\" content=\"Z\u016fsta\u0148te v bezpe\u010d\u00ed na mo\u0159i s nouzovou VHF r\u00e1di\u00ed Ocean Signal V200 GMDSS. Je navr\u017eena pro nouzov\u00e9 i ka\u017edodenn\u00ed pou\u017eit\u00ed na mo\u0159i, disponuje automatick\u00fdm re\u017eimem GMDSS, ovl\u00e1d\u00e1n\u00edm v rukavic\u00edch a je odoln\u00e1.\" \/>\n<meta property=\"og:url\" content=\"https:\/\/oceansignal.com\/cs\/products\/vhf-radio-ocean-signal-safesea-v200\/\" \/>\n<meta property=\"og:site_name\" content=\"Ocean Signal\" \/>\n<meta property=\"article:modified_time\" content=\"2026-03-24T17:41:07+00:00\" \/>\n<meta property=\"og:image\" content=\"https:\/\/oceansignal.com\/wp-content\/uploads\/2025\/06\/OSL-V200-Front-2.png\" \/>\n\t<meta property=\"og:image:width\" content=\"2000\" \/>\n\t<meta property=\"og:image:height\" content=\"2000\" \/>\n\t<meta property=\"og:image:type\" content=\"image\/png\" \/>\n<meta name=\"twitter:card\" content=\"summary_large_image\" \/>\n<meta name=\"twitter:label1\" content=\"Odhadovan\u00e1 doba \u010dten\u00ed\" \/>\n\t<meta name=\"twitter:data1\" content=\"2 minuty\" \/>\n<script type=\"application\/ld+json\" class=\"yoast-schema-graph\">{\"@context\":\"https:\/\/schema.org\",\"@graph\":[{\"@type\":\"WebPage\",\"@id\":\"https:\/\/oceansignal.com\/cs\/products\/vhf-radio-ocean-signal-safesea-v200\/\",\"url\":\"https:\/\/oceansignal.com\/cs\/products\/vhf-radio-ocean-signal-safesea-v200\/\",\"name\":\"VHF r\u00e1dio safeSEA V200 nouzov\u00e9 VHF radiostanice Ocean Signal V200 GMDSS, - Ocean Signal\",\"isPartOf\":{\"@id\":\"https:\/\/oceansignal.com\/cs\/#website\"},\"primaryImageOfPage\":{\"@id\":\"https:\/\/oceansignal.com\/cs\/products\/vhf-radio-ocean-signal-safesea-v200\/#primaryimage\"},\"image\":{\"@id\":\"https:\/\/oceansignal.com\/cs\/products\/vhf-radio-ocean-signal-safesea-v200\/#primaryimage\"},\"thumbnailUrl\":\"https:\/\/oceansignal.com\/wp-content\/uploads\/2025\/06\/OSL-V200-Front-2.png\",\"datePublished\":\"2025-11-12T22:31:39+00:00\",\"dateModified\":\"2026-03-24T17:41:07+00:00\",\"description\":\"Z\u016fsta\u0148te v bezpe\u010d\u00ed na mo\u0159i s nouzovou VHF r\u00e1di\u00ed Ocean Signal V200 GMDSS. Je navr\u017eena pro nouzov\u00e9 i ka\u017edodenn\u00ed pou\u017eit\u00ed na mo\u0159i, disponuje automatick\u00fdm re\u017eimem GMDSS, ovl\u00e1d\u00e1n\u00edm v rukavic\u00edch a je odoln\u00e1.\",\"breadcrumb\":{\"@id\":\"https:\/\/oceansignal.com\/cs\/products\/vhf-radio-ocean-signal-safesea-v200\/#breadcrumb\"},\"inLanguage\":\"cs\",\"potentialAction\":[{\"@type\":\"ReadAction\",\"target\":[\"https:\/\/oceansignal.com\/cs\/products\/vhf-radio-ocean-signal-safesea-v200\/\"]}]},{\"@type\":\"ImageObject\",\"inLanguage\":\"cs\",\"@id\":\"https:\/\/oceansignal.com\/cs\/products\/vhf-radio-ocean-signal-safesea-v200\/#primaryimage\",\"url\":\"https:\/\/oceansignal.com\/wp-content\/uploads\/2025\/06\/OSL-V200-Front-2.png\",\"contentUrl\":\"https:\/\/oceansignal.com\/wp-content\/uploads\/2025\/06\/OSL-V200-Front-2.png\",\"width\":2000,\"height\":2000},{\"@type\":\"BreadcrumbList\",\"@id\":\"https:\/\/oceansignal.com\/cs\/products\/vhf-radio-ocean-signal-safesea-v200\/#breadcrumb\",\"itemListElement\":[{\"@type\":\"ListItem\",\"position\":1,\"name\":\"Produkty\",\"item\":\"https:\/\/oceansignal.com\/cs\/produkty\/\"},{\"@type\":\"ListItem\",\"position\":2,\"name\":\"VHF r\u00e1dio safeSEA V200\"}]},{\"@type\":\"WebSite\",\"@id\":\"https:\/\/oceansignal.com\/cs\/#website\",\"url\":\"https:\/\/oceansignal.com\/cs\/\",\"name\":\"Ocean Signal\",\"description\":\"A leading manufacturer of EPIRBs, AIS, SARTs, Personal Locator Beacons, Man Overboard Beacon for the Marine and Outdoor Markets.\",\"potentialAction\":[{\"@type\":\"SearchAction\",\"target\":{\"@type\":\"EntryPoint\",\"urlTemplate\":\"https:\/\/oceansignal.com\/cs\/?s={search_term_string}\"},\"query-input\":{\"@type\":\"PropertyValueSpecification\",\"valueRequired\":true,\"valueName\":\"search_term_string\"}}],\"inLanguage\":\"cs\"}]}<\/script>\n<!-- \/ Yoast SEO Premium plugin. -->","yoast_head_json":{"title":"VHF r\u00e1dio safeSEA V200 nouzov\u00e9 VHF radiostanice Ocean Signal V200 GMDSS, - Ocean Signal","description":"Z\u016fsta\u0148te v bezpe\u010d\u00ed na mo\u0159i s nouzovou VHF r\u00e1di\u00ed Ocean Signal V200 GMDSS. Je navr\u017eena pro nouzov\u00e9 i ka\u017edodenn\u00ed pou\u017eit\u00ed na mo\u0159i, disponuje automatick\u00fdm re\u017eimem GMDSS, ovl\u00e1d\u00e1n\u00edm v rukavic\u00edch a je odoln\u00e1.","robots":{"index":"index","follow":"follow","max-snippet":"max-snippet:-1","max-image-preview":"max-image-preview:large","max-video-preview":"max-video-preview:-1"},"canonical":"https:\/\/oceansignal.com\/cs\/products\/vhf-radio-ocean-signal-safesea-v200\/","og_locale":"cs_CZ","og_type":"article","og_title":"VHF r\u00e1dio safeSEA V200","og_description":"Z\u016fsta\u0148te v bezpe\u010d\u00ed na mo\u0159i s nouzovou VHF r\u00e1di\u00ed Ocean Signal V200 GMDSS. Je navr\u017eena pro nouzov\u00e9 i ka\u017edodenn\u00ed pou\u017eit\u00ed na mo\u0159i, disponuje automatick\u00fdm re\u017eimem GMDSS, ovl\u00e1d\u00e1n\u00edm v rukavic\u00edch a je odoln\u00e1.","og_url":"https:\/\/oceansignal.com\/cs\/products\/vhf-radio-ocean-signal-safesea-v200\/","og_site_name":"Ocean Signal","article_modified_time":"2026-03-24T17:41:07+00:00","og_image":[{"width":2000,"height":2000,"url":"https:\/\/oceansignal.com\/wp-content\/uploads\/2025\/06\/OSL-V200-Front-2.png","type":"image\/png"}],"twitter_card":"summary_large_image","twitter_misc":{"Odhadovan\u00e1 doba \u010dten\u00ed":"2 minuty"},"schema":{"@context":"https:\/\/schema.org","@graph":[{"@type":"WebPage","@id":"https:\/\/oceansignal.com\/cs\/products\/vhf-radio-ocean-signal-safesea-v200\/","url":"https:\/\/oceansignal.com\/cs\/products\/vhf-radio-ocean-signal-safesea-v200\/","name":"VHF r\u00e1dio safeSEA V200 nouzov\u00e9 VHF radiostanice Ocean Signal V200 GMDSS, - Ocean Signal","isPartOf":{"@id":"https:\/\/oceansignal.com\/cs\/#website"},"primaryImageOfPage":{"@id":"https:\/\/oceansignal.com\/cs\/products\/vhf-radio-ocean-signal-safesea-v200\/#primaryimage"},"image":{"@id":"https:\/\/oceansignal.com\/cs\/products\/vhf-radio-ocean-signal-safesea-v200\/#primaryimage"},"thumbnailUrl":"https:\/\/oceansignal.com\/wp-content\/uploads\/2025\/06\/OSL-V200-Front-2.png","datePublished":"2025-11-12T22:31:39+00:00","dateModified":"2026-03-24T17:41:07+00:00","description":"Z\u016fsta\u0148te v bezpe\u010d\u00ed na mo\u0159i s nouzovou VHF r\u00e1di\u00ed Ocean Signal V200 GMDSS. Je navr\u017eena pro nouzov\u00e9 i ka\u017edodenn\u00ed pou\u017eit\u00ed na mo\u0159i, disponuje automatick\u00fdm re\u017eimem GMDSS, ovl\u00e1d\u00e1n\u00edm v rukavic\u00edch a je odoln\u00e1.","breadcrumb":{"@id":"https:\/\/oceansignal.com\/cs\/products\/vhf-radio-ocean-signal-safesea-v200\/#breadcrumb"},"inLanguage":"cs","potentialAction":[{"@type":"ReadAction","target":["https:\/\/oceansignal.com\/cs\/products\/vhf-radio-ocean-signal-safesea-v200\/"]}]},{"@type":"ImageObject","inLanguage":"cs","@id":"https:\/\/oceansignal.com\/cs\/products\/vhf-radio-ocean-signal-safesea-v200\/#primaryimage","url":"https:\/\/oceansignal.com\/wp-content\/uploads\/2025\/06\/OSL-V200-Front-2.png","contentUrl":"https:\/\/oceansignal.com\/wp-content\/uploads\/2025\/06\/OSL-V200-Front-2.png","width":2000,"height":2000},{"@type":"BreadcrumbList","@id":"https:\/\/oceansignal.com\/cs\/products\/vhf-radio-ocean-signal-safesea-v200\/#breadcrumb","itemListElement":[{"@type":"ListItem","position":1,"name":"Produkty","item":"https:\/\/oceansignal.com\/cs\/produkty\/"},{"@type":"ListItem","position":2,"name":"VHF r\u00e1dio safeSEA V200"}]},{"@type":"WebSite","@id":"https:\/\/oceansignal.com\/cs\/#website","url":"https:\/\/oceansignal.com\/cs\/","name":"Ocean Signal","description":"A leading manufacturer of EPIRBs, AIS, SARTs, Personal Locator Beacons, Man Overboard Beacon for the Marine and Outdoor Markets.","potentialAction":[{"@type":"SearchAction","target":{"@type":"EntryPoint","urlTemplate":"https:\/\/oceansignal.com\/cs\/?s={search_term_string}"},"query-input":{"@type":"PropertyValueSpecification","valueRequired":true,"valueName":"search_term_string"}}],"inLanguage":"cs"}]}},"_links":{"self":[{"href":"https:\/\/oceansignal.com\/cs\/wp-json\/wp\/v2\/product\/29730","targetHints":{"allow":["GET"]}}],"collection":[{"href":"https:\/\/oceansignal.com\/cs\/wp-json\/wp\/v2\/product"}],"about":[{"href":"https:\/\/oceansignal.com\/cs\/wp-json\/wp\/v2\/types\/product"}],"wp:featuredmedia":[{"embeddable":true,"href":"https:\/\/oceansignal.com\/cs\/wp-json\/wp\/v2\/media\/29736"}],"wp:attachment":[{"href":"https:\/\/oceansignal.com\/cs\/wp-json\/wp\/v2\/media?parent=29730"}],"wp:term":[{"taxonomy":"product_brand","embeddable":true,"href":"https:\/\/oceansignal.com\/cs\/wp-json\/wp\/v2\/product_brand?post=29730"},{"taxonomy":"product_cat","embeddable":true,"href":"https:\/\/oceansignal.com\/cs\/wp-json\/wp\/v2\/product_cat?post=29730"},{"taxonomy":"product_tag","embeddable":true,"href":"https:\/\/oceansignal.com\/cs\/wp-json\/wp\/v2\/product_tag?post=29730"}],"curies":[{"name":"wp","href":"https:\/\/api.w.org\/{rel}","templated":true}]}}