{"id":29837,"date":"2025-11-12T21:58:44","date_gmt":"2025-11-12T21:58:44","guid":{"rendered":"https:\/\/oceansignal.com\/?post_type=product&#038;p=29837"},"modified":"2026-03-24T16:22:55","modified_gmt":"2026-03-24T16:22:55","slug":"safesea-s200-ais-sart","status":"publish","type":"product","link":"https:\/\/oceansignal.com\/cs\/products\/safesea-s200-ais-sart\/","title":{"rendered":"safeSEA S200 AIS SART"},"content":{"rendered":"<p>Za\u0159\u00edzen\u00ed S200 SART, postaven\u00e9 na osv\u011bd\u010den\u00e9 konstrukci S100, nab\u00edz\u00ed vylep\u0161en\u00e9 nouzov\u00e9 varov\u00e1n\u00ed prost\u0159ednictv\u00edm technologie automatick\u00e9ho identifika\u010dn\u00edho syst\u00e9mu (AIS), kter\u00e9 p\u0159ekra\u010duje r\u00e1mec tradi\u010dn\u00edch radarov\u00fdch syst\u00e9m\u016f. Toto \u0161pi\u010dkov\u00e9 za\u0159\u00edzen\u00ed odes\u00edl\u00e1 p\u0159esn\u00e9 sou\u0159adnice satelitn\u00ed polohy GNSS\/GPS v\u0161em plavidl\u016fm vybaven\u00fdm AIS v dosahu VHF, \u010d\u00edm\u017e zaji\u0161\u0165uje rychl\u00e9 nasazen\u00ed nouzov\u00e9 pomoci v p\u0159\u00edpad\u011b pot\u0159eby. <\/p>\n<p>S pr\u016fm\u011brn\u00fdm detek\u010dn\u00edm dosahem 5 n\u00e1mo\u0159n\u00edch mil je S200 vybaven technologi\u00ed Near Field Communication (NFC) pro snadnou registraci produkt\u016f a p\u0159\u00edstup k testovac\u00edm dat\u016fm. Jeho vysoce v\u00fdkonn\u00e1 lithiov\u00e1 baterie poskytuje a\u017e 96 hodin provozn\u00ed \u017eivotnosti, co\u017e zaji\u0161\u0165uje del\u0161\u00ed spolehlivost i v t\u011bch nejn\u00e1ro\u010dn\u011bj\u0161\u00edch podm\u00ednk\u00e1ch. Syst\u00e9m zalo\u017een\u00fd na AIS tak\u00e9 poskytuje vynikaj\u00edc\u00ed v\u00fdkon za nep\u0159\u00edzniv\u00e9ho po\u010das\u00ed se sn\u00ed\u017eenou n\u00e1chylnost\u00ed k ru\u0161en\u00ed siln\u00fdm de\u0161t\u011bm nebo mlhou.  <\/p>\n<p>Model S200, navr\u017een\u00fd s ohledem na pohodl\u00ed, je vybaven elegantn\u00edm n\u00e1st\u011bnn\u00fdm dr\u017e\u00e1kem pro snadn\u00fd p\u0159\u00edstup v p\u0159\u00edpad\u011b nouze. Volitelnou teleskopickou ty\u010d s v\u00fdsuvem 1 metr lze p\u0159ipevnit pro maxim\u00e1ln\u00ed v\u00fd\u0161ku a viditelnost p\u0159i vysunut\u00ed ze z\u00e1chrann\u00e9ho plavidla a SART lze zav\u011bsit uvnit\u0159 plavidla pro pou\u017eit\u00ed bez pou\u017eit\u00ed rukou. <\/p>\n<p>S200, postaven\u00fd tak, aby vydr\u017eel i to nejn\u00e1ro\u010dn\u011bj\u0161\u00ed mo\u0159sk\u00e9 prost\u0159ed\u00ed, je spolehliv\u00fdm partnerem v jak\u00e9koli nouzi a zaji\u0161\u0165uje, \u017ee v\u00e1\u0161 nouzov\u00fd sign\u00e1l dos\u00e1hne jak\u00e9koli lodi vybaven\u00e9 AIS v dosahu. Jeho robustn\u00ed konstrukce zaru\u010duje, \u017ee bude funk\u010dn\u00ed, kdy\u017e ho nejv\u00edce pot\u0159ebujete, a poskytne v\u00e1m tak klid na vod\u011b. <\/p>\n<p><strong>Po\u017eadavky na p\u0159epravu<\/strong><\/p>\n<ul>\n<li>V\u0161echna plavidla IMO SOLAS na mezin\u00e1rodn\u00edch plavb\u00e1ch mus\u00ed m\u00edt na palub\u011b za\u0159\u00edzen\u00ed SART.<\/li>\n<li>300-500 hrub\u00e9 registrovan\u00e9 prostornosti (GRT) mus\u00ed n\u00e9st minim\u00e1ln\u011b 1 SART<\/li>\n<li>Nad 500 hrub\u00fdch registrovan\u00fdch tun (GRT) mus\u00ed n\u00e9st minim\u00e1ln\u011b 2 SARTy.<\/li>\n<li>1 SART na ka\u017ed\u00e9 \u010dty\u0159i z\u00e1chrann\u00e9 vory na osobn\u00edch lod\u00edch Ro-Ro<\/li>\n<li>Osobn\u00ed lod\u011b jak\u00e9koli velikosti mus\u00ed p\u0159epravovat minim\u00e1ln\u011b 2 rakety SART bez ohledu na jejich prostornost.<\/li>\n<li>Z\u00e1chrann\u00e9 \u010dluny: \u00damluva SOLAS vy\u017eaduje, aby v ka\u017ed\u00e9m z\u00e1chrann\u00e9m plavidle byl k dispozici alespo\u0148 1 z\u00e1chrann\u00fd \u010dlun SART.<\/li>\n<li>Z\u00e1chrann\u00e9 vory: V p\u0159\u00edpad\u011b osobn\u00edch lod\u00ed, pokud je na nich v\u00edce ne\u017e 2 z\u00e1chrann\u00e9 vory, by m\u011bly b\u00fdt k dispozici dal\u0161\u00ed z\u00e1chrann\u00e9 vory (SART), aby na ka\u017ed\u00e9 2 z\u00e1chrann\u00e9 vory byl k dispozici alespo\u0148 jeden SART.<\/li>\n<\/ul>\n<p>&nbsp;<\/p>\n","protected":false},"excerpt":{"rendered":"<p>S200 SART je vys\u00edla\u010d AIS pro p\u00e1tr\u00e1n\u00ed a z\u00e1chranu (SART) kompatibiln\u00ed s \u00fa\u0159edn\u00ed p\u0159edpisem IMO SOLAS, kter\u00fd poskytuje plavidl\u016fm, kter\u00e1 mus\u00ed dodr\u017eovat p\u0159edpisy GMDSS, spolehliv\u00e9 \u0159e\u0161en\u00ed pro spln\u011bn\u00ed povinn\u00fdch po\u017eadavk\u016f na vybaven\u00ed SART. S200 vyu\u017e\u00edv\u00e1 hl\u00e1\u0161en\u00ed polohy t\u0159\u00eddy A AIS a vys\u00edl\u00e1 osm zpr\u00e1v s hl\u00e1\u0161en\u00edm polohy za minutu, co\u017e umo\u017e\u0148uje sledov\u00e1n\u00ed v re\u00e1ln\u00e9m \u010dase v kritick\u00fdch situac\u00edch. <\/p>\n<p><strong>Toto za\u0159\u00edzen\u00ed nebylo autorizov\u00e1no v souladu s p\u0159edpisy FCC. Toto za\u0159\u00edzen\u00ed nen\u00ed a nesm\u00ed b\u00fdt nab\u00edzeno k prodeji ani leasingu, ani prod\u00e1v\u00e1no \u010di pronaj\u00edm\u00e1no ve Spojen\u00fdch st\u00e1tech, dokud nebude z\u00edsk\u00e1no autorizace. <\/strong><\/p>\n<p><a href=\"https:\/\/www.dropbox.com\/s\/fk04stqsp2hgk5f\/Prop%2065%20-%20DEHP.pdf?dl=0\">UPOZORN\u011aN\u00cd: PROP 65<\/a><\/p>\n<p>&nbsp;<\/p>\n","protected":false},"featured_media":29801,"template":"","meta":{"_acf_changed":false,"om_disable_all_campaigns":false},"product_brand":[],"product_cat":[332],"product_tag":[],"class_list":{"0":"post-29837","1":"product","2":"type-product","3":"status-publish","4":"has-post-thumbnail","6":"product_cat-safesea-cs","8":"first","9":"instock","10":"taxable","11":"shipping-taxable","12":"purchasable","13":"product-type-simple"},"acf":[],"yoast_head":"<!-- This site is optimized with the Yoast SEO Premium plugin v25.2 (Yoast SEO v26.4) - https:\/\/yoast.com\/wordpress\/plugins\/seo\/ -->\n<title>Ocean Signal safeSEA S200 AIS SART - Ocean Signal<\/title>\n<meta name=\"description\" content=\"Vys\u00edla\u010d S200 AIS SART neboli p\u00e1trac\u00ed a z\u00e1chrann\u00fd vys\u00edla\u010d pro plavidla GMDSS a SOLAS zlep\u0161uje n\u00e1mo\u0159n\u00ed bezpe\u010dnost a komunikaci v nouzov\u00fdch situac\u00edch.\" \/>\n<meta name=\"robots\" content=\"index, follow, max-snippet:-1, max-image-preview:large, max-video-preview:-1\" \/>\n<link rel=\"canonical\" href=\"https:\/\/oceansignal.com\/cs\/products\/safesea-s200-ais-sart\/\" \/>\n<meta property=\"og:locale\" content=\"cs_CZ\" \/>\n<meta property=\"og:type\" content=\"article\" \/>\n<meta property=\"og:title\" content=\"safeSEA S200 AIS SART\" \/>\n<meta property=\"og:description\" content=\"Vys\u00edla\u010d S200 AIS SART neboli p\u00e1trac\u00ed a z\u00e1chrann\u00fd vys\u00edla\u010d pro plavidla GMDSS a SOLAS zlep\u0161uje n\u00e1mo\u0159n\u00ed bezpe\u010dnost a komunikaci v nouzov\u00fdch situac\u00edch.\" \/>\n<meta property=\"og:url\" content=\"https:\/\/oceansignal.com\/cs\/products\/safesea-s200-ais-sart\/\" \/>\n<meta property=\"og:site_name\" content=\"Ocean Signal\" \/>\n<meta property=\"article:modified_time\" content=\"2026-03-24T16:22:55+00:00\" \/>\n<meta property=\"og:image\" content=\"https:\/\/oceansignal.com\/wp-content\/uploads\/2025\/06\/OSL-AIS-SART-Front-1024x1024.png\" \/>\n\t<meta property=\"og:image:width\" content=\"1024\" \/>\n\t<meta property=\"og:image:height\" content=\"1024\" \/>\n\t<meta property=\"og:image:type\" content=\"image\/png\" \/>\n<meta name=\"twitter:card\" content=\"summary_large_image\" \/>\n<meta name=\"twitter:label1\" content=\"Odhadovan\u00e1 doba \u010dten\u00ed\" \/>\n\t<meta name=\"twitter:data1\" content=\"2 minuty\" \/>\n<script type=\"application\/ld+json\" class=\"yoast-schema-graph\">{\"@context\":\"https:\/\/schema.org\",\"@graph\":[{\"@type\":\"WebPage\",\"@id\":\"https:\/\/oceansignal.com\/cs\/products\/safesea-s200-ais-sart\/\",\"url\":\"https:\/\/oceansignal.com\/cs\/products\/safesea-s200-ais-sart\/\",\"name\":\"Ocean Signal safeSEA S200 AIS SART - Ocean Signal\",\"isPartOf\":{\"@id\":\"https:\/\/oceansignal.com\/cs\/#website\"},\"primaryImageOfPage\":{\"@id\":\"https:\/\/oceansignal.com\/cs\/products\/safesea-s200-ais-sart\/#primaryimage\"},\"image\":{\"@id\":\"https:\/\/oceansignal.com\/cs\/products\/safesea-s200-ais-sart\/#primaryimage\"},\"thumbnailUrl\":\"https:\/\/oceansignal.com\/wp-content\/uploads\/2025\/06\/OSL-AIS-SART-Front.png\",\"datePublished\":\"2025-11-12T21:58:44+00:00\",\"dateModified\":\"2026-03-24T16:22:55+00:00\",\"description\":\"Vys\u00edla\u010d S200 AIS SART neboli p\u00e1trac\u00ed a z\u00e1chrann\u00fd vys\u00edla\u010d pro plavidla GMDSS a SOLAS zlep\u0161uje n\u00e1mo\u0159n\u00ed bezpe\u010dnost a komunikaci v nouzov\u00fdch situac\u00edch.\",\"breadcrumb\":{\"@id\":\"https:\/\/oceansignal.com\/cs\/products\/safesea-s200-ais-sart\/#breadcrumb\"},\"inLanguage\":\"cs\",\"potentialAction\":[{\"@type\":\"ReadAction\",\"target\":[\"https:\/\/oceansignal.com\/cs\/products\/safesea-s200-ais-sart\/\"]}]},{\"@type\":\"ImageObject\",\"inLanguage\":\"cs\",\"@id\":\"https:\/\/oceansignal.com\/cs\/products\/safesea-s200-ais-sart\/#primaryimage\",\"url\":\"https:\/\/oceansignal.com\/wp-content\/uploads\/2025\/06\/OSL-AIS-SART-Front.png\",\"contentUrl\":\"https:\/\/oceansignal.com\/wp-content\/uploads\/2025\/06\/OSL-AIS-SART-Front.png\",\"width\":3850,\"height\":3850,\"caption\":\"Vys\u00edla\u010d S200 AIS SART neboli p\u00e1trac\u00ed a z\u00e1chrann\u00fd vys\u00edla\u010d pro plavidla GMDSS a SOLAS\"},{\"@type\":\"BreadcrumbList\",\"@id\":\"https:\/\/oceansignal.com\/cs\/products\/safesea-s200-ais-sart\/#breadcrumb\",\"itemListElement\":[{\"@type\":\"ListItem\",\"position\":1,\"name\":\"Produkty\",\"item\":\"https:\/\/oceansignal.com\/cs\/produkty\/\"},{\"@type\":\"ListItem\",\"position\":2,\"name\":\"safeSEA S200 AIS SART\"}]},{\"@type\":\"WebSite\",\"@id\":\"https:\/\/oceansignal.com\/cs\/#website\",\"url\":\"https:\/\/oceansignal.com\/cs\/\",\"name\":\"Ocean Signal\",\"description\":\"A leading manufacturer of EPIRBs, AIS, SARTs, Personal Locator Beacons, Man Overboard Beacon for the Marine and Outdoor Markets.\",\"potentialAction\":[{\"@type\":\"SearchAction\",\"target\":{\"@type\":\"EntryPoint\",\"urlTemplate\":\"https:\/\/oceansignal.com\/cs\/?s={search_term_string}\"},\"query-input\":{\"@type\":\"PropertyValueSpecification\",\"valueRequired\":true,\"valueName\":\"search_term_string\"}}],\"inLanguage\":\"cs\"}]}<\/script>\n<!-- \/ Yoast SEO Premium plugin. -->","yoast_head_json":{"title":"Ocean Signal safeSEA S200 AIS SART - Ocean Signal","description":"Vys\u00edla\u010d S200 AIS SART neboli p\u00e1trac\u00ed a z\u00e1chrann\u00fd vys\u00edla\u010d pro plavidla GMDSS a SOLAS zlep\u0161uje n\u00e1mo\u0159n\u00ed bezpe\u010dnost a komunikaci v nouzov\u00fdch situac\u00edch.","robots":{"index":"index","follow":"follow","max-snippet":"max-snippet:-1","max-image-preview":"max-image-preview:large","max-video-preview":"max-video-preview:-1"},"canonical":"https:\/\/oceansignal.com\/cs\/products\/safesea-s200-ais-sart\/","og_locale":"cs_CZ","og_type":"article","og_title":"safeSEA S200 AIS SART","og_description":"Vys\u00edla\u010d S200 AIS SART neboli p\u00e1trac\u00ed a z\u00e1chrann\u00fd vys\u00edla\u010d pro plavidla GMDSS a SOLAS zlep\u0161uje n\u00e1mo\u0159n\u00ed bezpe\u010dnost a komunikaci v nouzov\u00fdch situac\u00edch.","og_url":"https:\/\/oceansignal.com\/cs\/products\/safesea-s200-ais-sart\/","og_site_name":"Ocean Signal","article_modified_time":"2026-03-24T16:22:55+00:00","og_image":[{"width":1024,"height":1024,"url":"https:\/\/oceansignal.com\/wp-content\/uploads\/2025\/06\/OSL-AIS-SART-Front-1024x1024.png","type":"image\/png"}],"twitter_card":"summary_large_image","twitter_misc":{"Odhadovan\u00e1 doba \u010dten\u00ed":"2 minuty"},"schema":{"@context":"https:\/\/schema.org","@graph":[{"@type":"WebPage","@id":"https:\/\/oceansignal.com\/cs\/products\/safesea-s200-ais-sart\/","url":"https:\/\/oceansignal.com\/cs\/products\/safesea-s200-ais-sart\/","name":"Ocean Signal safeSEA S200 AIS SART - Ocean Signal","isPartOf":{"@id":"https:\/\/oceansignal.com\/cs\/#website"},"primaryImageOfPage":{"@id":"https:\/\/oceansignal.com\/cs\/products\/safesea-s200-ais-sart\/#primaryimage"},"image":{"@id":"https:\/\/oceansignal.com\/cs\/products\/safesea-s200-ais-sart\/#primaryimage"},"thumbnailUrl":"https:\/\/oceansignal.com\/wp-content\/uploads\/2025\/06\/OSL-AIS-SART-Front.png","datePublished":"2025-11-12T21:58:44+00:00","dateModified":"2026-03-24T16:22:55+00:00","description":"Vys\u00edla\u010d S200 AIS SART neboli p\u00e1trac\u00ed a z\u00e1chrann\u00fd vys\u00edla\u010d pro plavidla GMDSS a SOLAS zlep\u0161uje n\u00e1mo\u0159n\u00ed bezpe\u010dnost a komunikaci v nouzov\u00fdch situac\u00edch.","breadcrumb":{"@id":"https:\/\/oceansignal.com\/cs\/products\/safesea-s200-ais-sart\/#breadcrumb"},"inLanguage":"cs","potentialAction":[{"@type":"ReadAction","target":["https:\/\/oceansignal.com\/cs\/products\/safesea-s200-ais-sart\/"]}]},{"@type":"ImageObject","inLanguage":"cs","@id":"https:\/\/oceansignal.com\/cs\/products\/safesea-s200-ais-sart\/#primaryimage","url":"https:\/\/oceansignal.com\/wp-content\/uploads\/2025\/06\/OSL-AIS-SART-Front.png","contentUrl":"https:\/\/oceansignal.com\/wp-content\/uploads\/2025\/06\/OSL-AIS-SART-Front.png","width":3850,"height":3850,"caption":"Vys\u00edla\u010d S200 AIS SART neboli p\u00e1trac\u00ed a z\u00e1chrann\u00fd vys\u00edla\u010d pro plavidla GMDSS a SOLAS"},{"@type":"BreadcrumbList","@id":"https:\/\/oceansignal.com\/cs\/products\/safesea-s200-ais-sart\/#breadcrumb","itemListElement":[{"@type":"ListItem","position":1,"name":"Produkty","item":"https:\/\/oceansignal.com\/cs\/produkty\/"},{"@type":"ListItem","position":2,"name":"safeSEA S200 AIS SART"}]},{"@type":"WebSite","@id":"https:\/\/oceansignal.com\/cs\/#website","url":"https:\/\/oceansignal.com\/cs\/","name":"Ocean Signal","description":"A leading manufacturer of EPIRBs, AIS, SARTs, Personal Locator Beacons, Man Overboard Beacon for the Marine and Outdoor Markets.","potentialAction":[{"@type":"SearchAction","target":{"@type":"EntryPoint","urlTemplate":"https:\/\/oceansignal.com\/cs\/?s={search_term_string}"},"query-input":{"@type":"PropertyValueSpecification","valueRequired":true,"valueName":"search_term_string"}}],"inLanguage":"cs"}]}},"_links":{"self":[{"href":"https:\/\/oceansignal.com\/cs\/wp-json\/wp\/v2\/product\/29837","targetHints":{"allow":["GET"]}}],"collection":[{"href":"https:\/\/oceansignal.com\/cs\/wp-json\/wp\/v2\/product"}],"about":[{"href":"https:\/\/oceansignal.com\/cs\/wp-json\/wp\/v2\/types\/product"}],"wp:featuredmedia":[{"embeddable":true,"href":"https:\/\/oceansignal.com\/cs\/wp-json\/wp\/v2\/media\/29801"}],"wp:attachment":[{"href":"https:\/\/oceansignal.com\/cs\/wp-json\/wp\/v2\/media?parent=29837"}],"wp:term":[{"taxonomy":"product_brand","embeddable":true,"href":"https:\/\/oceansignal.com\/cs\/wp-json\/wp\/v2\/product_brand?post=29837"},{"taxonomy":"product_cat","embeddable":true,"href":"https:\/\/oceansignal.com\/cs\/wp-json\/wp\/v2\/product_cat?post=29837"},{"taxonomy":"product_tag","embeddable":true,"href":"https:\/\/oceansignal.com\/cs\/wp-json\/wp\/v2\/product_tag?post=29837"}],"curies":[{"name":"wp","href":"https:\/\/api.w.org\/{rel}","templated":true}]}}