{"id":31899,"date":"2025-07-17T08:59:49","date_gmt":"2025-07-17T08:59:49","guid":{"rendered":"https:\/\/oceansignal.com\/products\/bezpecnostni-sada-epirb2-plus\/"},"modified":"2026-03-12T09:18:45","modified_gmt":"2026-03-12T09:18:45","slug":"bezpecnostni-sada-epirb2-plus","status":"publish","type":"product","link":"https:\/\/oceansignal.com\/cs\/products\/bezpecnostni-sada-epirb2-plus\/","title":{"rendered":"Sada pro bezpe\u010dnost plavby EPIRB2 Plus"},"content":{"rendered":"<h3 data-start=\"3285\" data-end=\"3337\"><strong data-start=\"3292\" data-end=\"3337\"><img loading=\"lazy\" decoding=\"async\" class=\"alignnone size-full wp-image-32359\" src=\"https:\/\/oceansignal.com\/wp-content\/uploads\/2025\/07\/View-New-Safety-Kits.png\" alt=\"\" width=\"300\" height=\"75\" srcset=\"https:\/\/oceansignal.com\/wp-content\/uploads\/2025\/07\/View-New-Safety-Kits.png 300w, https:\/\/oceansignal.com\/wp-content\/uploads\/2025\/07\/View-New-Safety-Kits-60x15.png 60w, https:\/\/oceansignal.com\/wp-content\/uploads\/2025\/07\/View-New-Safety-Kits-110x28.png 110w\" sizes=\"auto, (max-width: 300px) 100vw, 300px\" \/><\/strong><\/h3>\n<h3 data-start=\"3285\" data-end=\"3337\"><strong data-start=\"3292\" data-end=\"3337\">Pro\u010d zvolit bezpe\u010dnostn\u00ed sadu EPIRB2 Plus?<\/strong><\/h3>\n<p data-start=\"195\" data-end=\"642\">Bezpe\u010dnostn\u00ed sada EPIRB2 Safety Kit Plus nab\u00edz\u00ed dokonalou rovnov\u00e1hu mezi v\u00fdkonem, cenou a p\u0159ipravenost\u00ed na budoucnost. Je navr\u017eena pro EPIRB2 nov\u00e9 generace od Ocean Signal s NFC a obsahuje elektronickou nouzovou sv\u011btlici EDF2 a kl\u00ed\u010dov\u00e9 z\u00e1lo\u017en\u00ed vizu\u00e1ln\u00ed n\u00e1stroje, to v\u0161e zabalen\u00e9 ve vodot\u011bsn\u00e9, plovouc\u00ed ta\u0161ce. A\u0165 u\u017e plav\u00edte po pob\u0159e\u017e\u00ed nebo p\u0159ekra\u010dujete kan\u00e1l La Manche, tato sada v\u00e1s p\u0159iprav\u00ed na skute\u010dn\u00e9 n\u00e1mo\u0159n\u00ed nouzov\u00e9 situace \u2013 bez kompromis\u016f.  <\/p>\n<p data-start=\"644\" data-end=\"692\">Chyt\u0159ej\u0161\u00ed bezpe\u010dnost. Modern\u00ed technologie. \u017d\u00e1dn\u00e9 dohady.  <\/p>\n<h3 data-start=\"2903\" data-end=\"2924\"><strong data-start=\"2910\" data-end=\"2924\">Ide\u00e1ln\u00ed pro:<\/strong><\/h3>\n<ul>\n<li data-start=\"717\" data-end=\"786\">Navig\u00e1to\u0159i na mo\u0159i a pob\u0159e\u017e\u00ed hledaj\u00edc\u00ed kompletn\u00ed bezpe\u010dnostn\u00ed \u0159e\u0161en\u00ed<\/li>\n<li data-start=\"717\" data-end=\"786\">Majitel\u00e9 jachet se p\u0159ipravuj\u00ed na del\u0161\u00ed plavby (maximalizace bezpe\u010dnosti bez nutnosti spl\u0148ovat v\u0161echny zvl\u00e1\u0161tn\u00ed p\u0159edpisy kategorie 0 pro plavbu po mo\u0159i)<\/li>\n<li data-start=\"717\" data-end=\"786\">K\u0159i\u017en\u00edky modernizuj\u00edc\u00ed se z tradi\u010dn\u00ed pyrotechniky<\/li>\n<li data-start=\"717\" data-end=\"786\">Kandid\u00e1ti na RYA Yachtmaster buduj\u00ed bezpe\u010dnostn\u00ed syst\u00e9m p\u0159ipraven\u00fd na budoucnost<\/li>\n<li data-start=\"717\" data-end=\"786\">Pos\u00e1dky nahrazuj\u00ed pro\u0161l\u00e9 sv\u011btlice opakovan\u011b pou\u017eiteln\u00fdmi a udr\u017eiteln\u00fdmi alternativami<\/li>\n<\/ul>\n<h3 data-start=\"661\" data-end=\"706\"><strong data-start=\"668\" data-end=\"706\">Co je zahrnuto a pro\u010d je to d\u016fle\u017eit\u00e9?<\/strong><\/h3>\n<h4 data-start=\"708\" data-end=\"751\"><strong data-start=\"713\" data-end=\"749\">1 \u00d7 Ocean Signal EPIRB2 s NFC<\/strong><\/h4>\n<p data-start=\"752\" data-end=\"775\">Z\u00edsk\u00e1te satelitn\u00ed pokryt\u00ed pro glob\u00e1ln\u00ed z\u00e1chranu a RLS pro klid \u2013 to v\u0161e v kompaktn\u00edm maj\u00e1ku spl\u0148uj\u00edc\u00edm p\u0159edpisy.<br \/>\n<img loading=\"lazy\" decoding=\"async\" class=\"alignnone size-medium wp-image-31423\" src=\"https:\/\/oceansignal.com\/wp-content\/uploads\/2025\/06\/EPIRB2-FRONT-300-300x300.png\" alt=\"\" width=\"300\" height=\"300\" srcset=\"https:\/\/oceansignal.com\/wp-content\/uploads\/2025\/06\/EPIRB2-FRONT-300-300x300.png 300w, https:\/\/oceansignal.com\/wp-content\/uploads\/2025\/06\/EPIRB2-FRONT-300-150x150.png 150w, https:\/\/oceansignal.com\/wp-content\/uploads\/2025\/06\/EPIRB2-FRONT-300-100x100.png 100w, https:\/\/oceansignal.com\/wp-content\/uploads\/2025\/06\/EPIRB2-FRONT-300-60x60.png 60w, https:\/\/oceansignal.com\/wp-content\/uploads\/2025\/06\/EPIRB2-FRONT-300-110x110.png 110w, https:\/\/oceansignal.com\/wp-content\/uploads\/2025\/06\/EPIRB2-FRONT-300.png 411w\" sizes=\"auto, (max-width: 300px) 100vw, 300px\" \/><br \/>\n Tato EPIRB nejnov\u011bj\u0161\u00ed generace kategorie II kombinuje satelitn\u00ed signalizaci 406 MHz se slu\u017ebou Return Link Service (RLS) a nastaven\u00edm chytr\u00e9ho telefonu prost\u0159ednictv\u00edm NFC p\u0159ipojen\u00ed.<\/p>\n<ul data-start=\"954\" data-end=\"1273\">\n<li data-start=\"954\" data-end=\"1004\">\n<p data-start=\"956\" data-end=\"1004\"><strong data-start=\"956\" data-end=\"984\">Glob\u00e1ln\u00ed t\u00eds\u0148ov\u00e9 varov\u00e1n\u00ed<\/strong> prost\u0159ednictv\u00edm satelitn\u00ed s\u00edt\u011b Cospas-Sarsat<\/p>\n<\/li>\n<li data-start=\"1064\" data-end=\"1131\">\n<p data-start=\"1066\" data-end=\"1131\"><strong data-start=\"1066\" data-end=\"1095\">Slu\u017eba zp\u011btn\u00e9ho spojen\u00ed (RLS)<\/strong> potvrzuje, \u017ee v\u00e1\u0161 sign\u00e1l byl p\u0159ijat<\/p>\n<\/li>\n<li data-start=\"1132\" data-end=\"1210\">\n<p data-start=\"1134\" data-end=\"1210\"><strong data-start=\"1134\" data-end=\"1166\">Nastaven\u00ed a testov\u00e1n\u00ed chytr\u00e9ho telefonu<\/strong> prost\u0159ednictv\u00edm bezplatn\u00e9 aplikace Ocean Signal (iOS a Android)<\/p>\n<\/li>\n<li data-start=\"1211\" data-end=\"1273\">\n<p data-start=\"1213\" data-end=\"1273\"><strong data-start=\"1213\" data-end=\"1251\">Ru\u010dn\u00ed dr\u017e\u00e1k (Cat II)<\/strong> pro flexibiln\u00ed mont\u00e1\u017e je sou\u010d\u00e1st\u00ed balen\u00ed<\/p>\n<\/li>\n<\/ul>\n<hr data-start=\"2026\" data-end=\"2029\">\n<h4 data-start=\"2031\" data-end=\"2073\"><strong data-start=\"2036\" data-end=\"2071\">1 \u00d7<\/strong> <strong data-start=\"2191\" data-end=\"2242\">Elektronick\u00e1 nouzov\u00e1 sv\u011btlice Ocean Signal EDF2<\/strong><\/h4>\n<p data-start=\"2245\" data-end=\"2268\">Sv\u011btlice, na kterou se m\u016f\u017eete spolehnout \u2013 bez data spot\u0159eby, rizika po\u017e\u00e1ru nebo probl\u00e9m\u016f s likvidac\u00ed.<br \/>\n Maloobchodn\u00ed cena: 229,99 GBP<br \/>\n<img loading=\"lazy\" decoding=\"async\" class=\"alignnone wp-image-31439 size-medium\" src=\"https:\/\/oceansignal.com\/wp-content\/uploads\/2025\/06\/EDF2-FRONT-e1752085297427-198x300.png\" alt=\"\" width=\"198\" height=\"300\" srcset=\"https:\/\/oceansignal.com\/wp-content\/uploads\/2025\/06\/EDF2-FRONT-e1752085297427-198x300.png 198w, https:\/\/oceansignal.com\/wp-content\/uploads\/2025\/06\/EDF2-FRONT-e1752085297427-60x91.png 60w, https:\/\/oceansignal.com\/wp-content\/uploads\/2025\/06\/EDF2-FRONT-e1752085297427-110x166.png 110w, https:\/\/oceansignal.com\/wp-content\/uploads\/2025\/06\/EDF2-FRONT-e1752085297427.png 424w\" sizes=\"auto, (max-width: 198px) 100vw, 198px\" \/><br \/>\nVysoce intenzivn\u00ed, v\u00edcebarevn\u00e1 a IR LED sv\u011btlice. Viditeln\u00e1 v noci na vzd\u00e1lenost p\u0159es 13 km. Opakovan\u011b pou\u017eiteln\u00e1 a bezpe\u010dn\u011bj\u0161\u00ed ne\u017e pyrotechnika.  <\/p>\n<ul data-start=\"2183\" data-end=\"2300\">\n<li data-start=\"2183\" data-end=\"2216\">\n<p data-start=\"2185\" data-end=\"2216\">Vyd\u00e1v\u00e1 z\u00e1blesky charakteristick\u00e9 pro mezin\u00e1rodn\u00ed Morseovu abecedu pro SOS<\/p>\n<\/li>\n<li data-start=\"2183\" data-end=\"2216\">V\u010detn\u011b denn\u00ed nouzov\u00e9 vlajky a mont\u00e1\u017en\u00edho dr\u017e\u00e1ku<\/li>\n<li data-start=\"2217\" data-end=\"2261\">\n<p data-start=\"2219\" data-end=\"2261\">Plov\u00e1 a sv\u00edt\u00ed 3 hodiny p\u0159i po\u017eadovan\u00e9 intenzit\u011b sv\u011btla<\/p>\n<\/li>\n<li data-start=\"2217\" data-end=\"2261\">\n<p data-start=\"2219\" data-end=\"2261\">Opakovan\u011b pou\u017eiteln\u00e1, bezpe\u010dnostn\u00ed nap\u00e1jen\u00e1 z baterie<\/p>\n<\/li>\n<li data-start=\"2217\" data-end=\"2261\">Sv\u011bteln\u00fd \u00fahel \u2265180\u00b0 p\u0159i \u226550 cd pro vysokou viditelnost Range Plus<\/li>\n<\/ul>\n<hr data-start=\"2026\" data-end=\"2029\">\n<h4 data-start=\"2031\" data-end=\"2073\"><strong data-start=\"2036\" data-end=\"2071\">1 \u00d7 Zrc\u00e1tko a p\u00ed\u0161\u0165alka ACR Signal<\/strong><\/h4>\n<p data-start=\"2074\" data-end=\"2096\">P\u0159id\u00e1v\u00e1 z\u00e1lo\u017en\u00ed signalizaci do va\u0161\u00ed v\u00fdbavy \u2013 obzvl\u00e1\u0161t\u011b u\u017eite\u010dn\u00e1, kdy\u017e jsou p\u00e1trac\u00ed a z\u00e1chrann\u00e1 letadla nebo plavidla v dohledu, ale je\u0161t\u011b neur\u010dili va\u0161i polohu.<br \/>\n Maloobchodn\u00ed cena: 10,99 GBP<br \/>\n<img loading=\"lazy\" decoding=\"async\" class=\"alignnone wp-image-31407 size-medium\" src=\"https:\/\/oceansignal.com\/wp-content\/uploads\/2025\/06\/Grab_Bag_EPIRB1_Kit-e1752085331562-300x131.png\" alt=\"\" width=\"300\" height=\"131\" srcset=\"https:\/\/oceansignal.com\/wp-content\/uploads\/2025\/06\/Grab_Bag_EPIRB1_Kit-e1752085331562-300x131.png 300w, https:\/\/oceansignal.com\/wp-content\/uploads\/2025\/06\/Grab_Bag_EPIRB1_Kit-e1752085331562-60x26.png 60w, https:\/\/oceansignal.com\/wp-content\/uploads\/2025\/06\/Grab_Bag_EPIRB1_Kit-e1752085331562-110x48.png 110w, https:\/\/oceansignal.com\/wp-content\/uploads\/2025\/06\/Grab_Bag_EPIRB1_Kit-e1752085331562.png 344w\" sizes=\"auto, (max-width: 300px) 100vw, 300px\" \/><br \/>\n Jednoduch\u00e9 n\u00e1stroje, osv\u011bd\u010den\u00e9 po cel\u00e9m sv\u011bt\u011b, pro signalizaci na bl\u00edzko, kdy\u017e je d\u016fle\u017eit\u00e1 viditelnost.<\/p>\n<ul data-start=\"2183\" data-end=\"2300\">\n<li data-start=\"2183\" data-end=\"2216\">\n<p data-start=\"2185\" data-end=\"2216\">Vysoce reflexn\u00ed kompaktn\u00ed zrcadlo pro denn\u00ed vizu\u00e1ln\u00ed sign\u00e1ly &#8211; Navr\u017eeno tak, aby odr\u00e1\u017eelo slune\u010dn\u00ed sv\u011btlo na velk\u00e9 vzd\u00e1lenosti, ide\u00e1ln\u00ed pro upout\u00e1n\u00ed pozornosti proj\u00ed\u017ed\u011bj\u00edc\u00edch plavidel nebo letadel<\/p>\n<\/li>\n<li data-start=\"2217\" data-end=\"2261\">\n<p data-start=\"2219\" data-end=\"2261\">Vysoce decibelov\u00e1 p\u00ed\u0161\u0165alka pro zvukovou signalizaci<\/p>\n<\/li>\n<li data-start=\"2262\" data-end=\"2300\">\n<p data-start=\"2264\" data-end=\"2300\">Kompaktn\u00ed, bez\u00fadr\u017ebov\u00e9 z\u00e1kladn\u00ed vybaven\u00ed<\/p>\n<\/li>\n<\/ul>\n<hr data-start=\"2461\" data-end=\"2464\">\n<h4 data-start=\"2466\" data-end=\"2513\"><strong data-start=\"2471\" data-end=\"2511\">1 \u00d7 Vod\u011bodoln\u00e1 ta\u0161ka Ocean Signal<\/strong><\/h4>\n<p data-start=\"2514\" data-end=\"2536\">Nouzov\u00e9 situace jsou chaotick\u00e9 \u2013 tato ta\u0161ka zajist\u00ed, \u017ee va\u0161e nejlep\u0161\u00ed vybaven\u00ed z\u016fstane such\u00e9, pohromad\u011b, viditeln\u00e9 a snadno dostupn\u00e9.<br \/>\n Maloobchodn\u00ed cena: 129,99 GBP<br \/>\n<img loading=\"lazy\" decoding=\"async\" class=\"alignnone wp-image-31488 size-medium\" src=\"https:\/\/oceansignal.com\/wp-content\/uploads\/2025\/06\/Grab_Bag-1-241x300.webp\" alt=\"\" width=\"241\" height=\"300\" srcset=\"https:\/\/oceansignal.com\/wp-content\/uploads\/2025\/06\/Grab_Bag-1-241x300.webp 241w, https:\/\/oceansignal.com\/wp-content\/uploads\/2025\/06\/Grab_Bag-1-60x75.webp 60w, https:\/\/oceansignal.com\/wp-content\/uploads\/2025\/06\/Grab_Bag-1-110x137.webp 110w, https:\/\/oceansignal.com\/wp-content\/uploads\/2025\/06\/Grab_Bag-1.webp 489w\" sizes=\"auto, (max-width: 241px) 100vw, 241px\" \/><\/p>\n<p data-start=\"2538\" data-end=\"2634\">Tato sv\u011btl\u00e1, plovouc\u00ed ta\u0161ka na z\u00e1dech m\u00e1 nap\u0159\u00edklad tyto vlastnosti:<\/p>\n<ul data-start=\"2636\" data-end=\"2778\">\n<li data-start=\"2636\" data-end=\"2669\">\n<p data-start=\"2638\" data-end=\"2669\">Lehk\u00fd a snadno skladovateln\u00fd<\/p>\n<\/li>\n<li data-start=\"2670\" data-end=\"2722\">\n<p data-start=\"2672\" data-end=\"2722\">Plave a chr\u00e1n\u00ed obsah i v n\u00e1ro\u010dn\u00fdch podm\u00ednk\u00e1ch<\/p>\n<\/li>\n<li data-start=\"2723\" data-end=\"2778\">\n<p data-start=\"2725\" data-end=\"2778\">Umo\u017e\u0148uje rychl\u00e9 a bezprobl\u00e9mov\u00e9 sh\u00e1n\u011bn\u00ed nezbytnost\u00ed<\/p>\n<\/li>\n<\/ul>\n<p data-start=\"2780\" data-end=\"2896\">\n","protected":false},"excerpt":{"rendered":"<ul>\n<li>Bu\u010fte p\u0159ipraveni, kdy\u017e se po\u010d\u00edt\u00e1 ka\u017ed\u00e1 vte\u0159ina, s <strong data-start=\"43\" data-end=\"89\">bezpe\u010dnostn\u00ed sadou Ocean Signal EPIRB2 Safety Kit Plus<\/strong> \u2013 nezbytn\u00fdm nouzov\u00fdm \u0159e\u0161en\u00edm pro jachta\u0159e, kte\u0159\u00ed si stav\u00ed sv\u016fj prvn\u00ed z\u00e1chrann\u00fd vak.<\/li>\n<p> \t<\/p>\n<li>Tato sada, ulo\u017een\u00e1 v robustn\u00edm, plovouc\u00edm <strong data-start=\"195\" data-end=\"220\">vaku Ocean Signal Grab Bag<\/strong> , obsahuje pokro\u010dil\u00fd <strong data-start=\"253\" data-end=\"263\">EPIRB2<\/strong> s GPS polohov\u00e1n\u00edm, slu\u017ebou Return Link Service (RLS) pro potvrzen\u00ed p\u0159ijet\u00ed nouzov\u00e9ho sign\u00e1lu, du\u00e1ln\u00edmi stroboskopick\u00fdmi sv\u011btly (viditeln\u00fdm a infra\u010derven\u00fdm) a diagnostikou smartphonu p\u0159es NFC.<\/li>\n<p> \t<\/p>\n<li>Sou\u010d\u00e1st\u00ed je tak\u00e9 v\u00fdkonn\u00e1 <strong data-start=\"444\" data-end=\"478\">elektronick\u00e1 nouzov\u00e1 sv\u011btlice EDF2<\/strong> s 360\u00b0 viditelnost\u00ed d\u00edky intenzivn\u00edm v\u00edcebarevn\u00fdm a infra\u010derven\u00fdm LED diod\u00e1m \u2013 ide\u00e1ln\u00ed pro upout\u00e1n\u00ed pozornosti za slab\u00e9ho osv\u011btlen\u00ed nebo p\u0159i \u0161patn\u00e9 viditelnosti. Tato sada je kompaktn\u00ed, vodot\u011bsn\u00e1 a vyroben\u00e1 pro skute\u010dn\u00e9 z\u00e1chrann\u00e9 situace, tak\u017ee v\u00e1m pom\u016f\u017ee zajistit, \u017ee v\u00e1s rychle uvid\u00ed, najdou a p\u0159ivedou dom\u016f. <\/li>\n<p> \t<\/p>\n<li>Celkov\u00e1 hodnota sady p\u0159i doporu\u010den\u00e9 maloobchodn\u00ed cen\u011b: 920,96 GBP. U\u0161et\u0159ete s touto sadou 170 GBP! <\/li>\n<\/ul>\n","protected":false},"featured_media":31355,"template":"","meta":{"_acf_changed":false,"om_disable_all_campaigns":false},"product_brand":[],"product_cat":[1665,1201,475],"product_tag":[1697,1667],"class_list":{"0":"post-31899","1":"product","2":"type-product","3":"status-publish","4":"has-post-thumbnail","6":"product_cat-bezpecnostni-sady","7":"product_cat-elektronicka-signalizace-a-nouzove-flare","8":"product_cat-rescueme-cs-2","9":"product_tag-bezpecnostni-sady","10":"product_tag-taska-na-sberny-papir","12":"first","13":"instock","14":"taxable","15":"shipping-taxable","16":"purchasable","17":"product-type-simple"},"acf":[],"yoast_head":"<!-- This site is optimized with the Yoast SEO Premium plugin v25.2 (Yoast SEO v26.4) - https:\/\/yoast.com\/wordpress\/plugins\/seo\/ -->\n<title>Sada pro bezpe\u010dnost plavby EPIRB2 Plus - Ocean Signal<\/title>\n<meta name=\"robots\" content=\"index, follow, max-snippet:-1, max-image-preview:large, max-video-preview:-1\" \/>\n<link rel=\"canonical\" href=\"https:\/\/oceansignal.com\/cs\/products\/bezpecnostni-sada-epirb2-plus\/\" \/>\n<meta property=\"og:locale\" content=\"cs_CZ\" \/>\n<meta property=\"og:type\" content=\"article\" \/>\n<meta property=\"og:title\" content=\"Sada pro bezpe\u010dnost plavby EPIRB2 Plus\" \/>\n<meta property=\"og:description\" content=\"Bu\u010fte p\u0159ipraveni, kdy\u017e se po\u010d\u00edt\u00e1 ka\u017ed\u00e1 vte\u0159ina, s bezpe\u010dnostn\u00ed sadou Ocean Signal EPIRB2 Safety Kit Plus \u2013 nezbytn\u00fdm nouzov\u00fdm \u0159e\u0161en\u00edm pro jachta\u0159e, kte\u0159\u00ed si stav\u00ed sv\u016fj prvn\u00ed z\u00e1chrann\u00fd vak. Tato sada, ulo\u017een\u00e1 v robustn\u00edm, plovouc\u00edm vaku Ocean Signal Grab Bag , obsahuje pokro\u010dil\u00fd EPIRB2 s GPS polohov\u00e1n\u00edm, slu\u017ebou Return Link Service (RLS) pro potvrzen\u00ed p\u0159ijet\u00ed nouzov\u00e9ho sign\u00e1lu, du\u00e1ln\u00edmi stroboskopick\u00fdmi sv\u011btly (viditeln\u00fdm a infra\u010derven\u00fdm) a diagnostikou smartphonu p\u0159es NFC. Sou\u010d\u00e1st\u00ed je tak\u00e9 v\u00fdkonn\u00e1 elektronick\u00e1 nouzov\u00e1 sv\u011btlice EDF2 s 360\u00b0 viditelnost\u00ed d\u00edky intenzivn\u00edm v\u00edcebarevn\u00fdm a infra\u010derven\u00fdm LED diod\u00e1m \u2013 ide\u00e1ln\u00ed pro upout\u00e1n\u00ed pozornosti za slab\u00e9ho osv\u011btlen\u00ed nebo p\u0159i \u0161patn\u00e9 viditelnosti. Tato sada je kompaktn\u00ed, vodot\u011bsn\u00e1 a vyroben\u00e1 pro skute\u010dn\u00e9 z\u00e1chrann\u00e9 situace, tak\u017ee v\u00e1m pom\u016f\u017ee zajistit, \u017ee v\u00e1s rychle uvid\u00ed, najdou a p\u0159ivedou dom\u016f.  Celkov\u00e1 hodnota sady p\u0159i doporu\u010den\u00e9 maloobchodn\u00ed cen\u011b: 920,96 GBP. U\u0161et\u0159ete s touto sadou 170 GBP!\" \/>\n<meta property=\"og:url\" content=\"https:\/\/oceansignal.com\/cs\/products\/bezpecnostni-sada-epirb2-plus\/\" \/>\n<meta property=\"og:site_name\" content=\"Ocean Signal\" \/>\n<meta property=\"article:modified_time\" content=\"2026-03-12T09:18:45+00:00\" \/>\n<meta property=\"og:image\" content=\"https:\/\/oceansignal.com\/wp-content\/uploads\/2025\/06\/Grab_Bag_EPIRB2_Safety_Kit_Plus-2.jpg\" \/>\n\t<meta property=\"og:image:width\" content=\"911\" \/>\n\t<meta property=\"og:image:height\" content=\"805\" \/>\n\t<meta property=\"og:image:type\" content=\"image\/jpeg\" \/>\n<meta name=\"twitter:card\" content=\"summary_large_image\" \/>\n<meta name=\"twitter:label1\" content=\"Odhadovan\u00e1 doba \u010dten\u00ed\" \/>\n\t<meta name=\"twitter:data1\" content=\"3 minuty\" \/>\n<script type=\"application\/ld+json\" class=\"yoast-schema-graph\">{\"@context\":\"https:\/\/schema.org\",\"@graph\":[{\"@type\":\"WebPage\",\"@id\":\"https:\/\/oceansignal.com\/cs\/products\/bezpecnostni-sada-epirb2-plus\/\",\"url\":\"https:\/\/oceansignal.com\/cs\/products\/bezpecnostni-sada-epirb2-plus\/\",\"name\":\"Sada pro bezpe\u010dnost plavby EPIRB2 Plus - Ocean Signal\",\"isPartOf\":{\"@id\":\"https:\/\/oceansignal.com\/cs\/#website\"},\"primaryImageOfPage\":{\"@id\":\"https:\/\/oceansignal.com\/cs\/products\/bezpecnostni-sada-epirb2-plus\/#primaryimage\"},\"image\":{\"@id\":\"https:\/\/oceansignal.com\/cs\/products\/bezpecnostni-sada-epirb2-plus\/#primaryimage\"},\"thumbnailUrl\":\"https:\/\/oceansignal.com\/wp-content\/uploads\/2025\/06\/Grab_Bag_EPIRB2_Safety_Kit_Plus-2.jpg\",\"datePublished\":\"2025-07-17T08:59:49+00:00\",\"dateModified\":\"2026-03-12T09:18:45+00:00\",\"breadcrumb\":{\"@id\":\"https:\/\/oceansignal.com\/cs\/products\/bezpecnostni-sada-epirb2-plus\/#breadcrumb\"},\"inLanguage\":\"cs\",\"potentialAction\":[{\"@type\":\"ReadAction\",\"target\":[\"https:\/\/oceansignal.com\/cs\/products\/bezpecnostni-sada-epirb2-plus\/\"]}]},{\"@type\":\"ImageObject\",\"inLanguage\":\"cs\",\"@id\":\"https:\/\/oceansignal.com\/cs\/products\/bezpecnostni-sada-epirb2-plus\/#primaryimage\",\"url\":\"https:\/\/oceansignal.com\/wp-content\/uploads\/2025\/06\/Grab_Bag_EPIRB2_Safety_Kit_Plus-2.jpg\",\"contentUrl\":\"https:\/\/oceansignal.com\/wp-content\/uploads\/2025\/06\/Grab_Bag_EPIRB2_Safety_Kit_Plus-2.jpg\",\"width\":911,\"height\":805,\"caption\":\"Bezpe\u010dnostn\u00ed sada pro plavbu na lod\u00edch Ocean Signal je nyn\u00ed k dispozici\"},{\"@type\":\"BreadcrumbList\",\"@id\":\"https:\/\/oceansignal.com\/cs\/products\/bezpecnostni-sada-epirb2-plus\/#breadcrumb\",\"itemListElement\":[{\"@type\":\"ListItem\",\"position\":1,\"name\":\"Produkty\",\"item\":\"https:\/\/oceansignal.com\/cs\/produkty\/\"},{\"@type\":\"ListItem\",\"position\":2,\"name\":\"Sada pro bezpe\u010dnost plavby EPIRB2 Plus\"}]},{\"@type\":\"WebSite\",\"@id\":\"https:\/\/oceansignal.com\/cs\/#website\",\"url\":\"https:\/\/oceansignal.com\/cs\/\",\"name\":\"Ocean Signal\",\"description\":\"A leading manufacturer of EPIRBs, AIS, SARTs, Personal Locator Beacons, Man Overboard Beacon for the Marine and Outdoor Markets.\",\"potentialAction\":[{\"@type\":\"SearchAction\",\"target\":{\"@type\":\"EntryPoint\",\"urlTemplate\":\"https:\/\/oceansignal.com\/cs\/?s={search_term_string}\"},\"query-input\":{\"@type\":\"PropertyValueSpecification\",\"valueRequired\":true,\"valueName\":\"search_term_string\"}}],\"inLanguage\":\"cs\"}]}<\/script>\n<!-- \/ Yoast SEO Premium plugin. -->","yoast_head_json":{"title":"Sada pro bezpe\u010dnost plavby EPIRB2 Plus - Ocean Signal","robots":{"index":"index","follow":"follow","max-snippet":"max-snippet:-1","max-image-preview":"max-image-preview:large","max-video-preview":"max-video-preview:-1"},"canonical":"https:\/\/oceansignal.com\/cs\/products\/bezpecnostni-sada-epirb2-plus\/","og_locale":"cs_CZ","og_type":"article","og_title":"Sada pro bezpe\u010dnost plavby EPIRB2 Plus","og_description":"Bu\u010fte p\u0159ipraveni, kdy\u017e se po\u010d\u00edt\u00e1 ka\u017ed\u00e1 vte\u0159ina, s bezpe\u010dnostn\u00ed sadou Ocean Signal EPIRB2 Safety Kit Plus \u2013 nezbytn\u00fdm nouzov\u00fdm \u0159e\u0161en\u00edm pro jachta\u0159e, kte\u0159\u00ed si stav\u00ed sv\u016fj prvn\u00ed z\u00e1chrann\u00fd vak. Tato sada, ulo\u017een\u00e1 v robustn\u00edm, plovouc\u00edm vaku Ocean Signal Grab Bag , obsahuje pokro\u010dil\u00fd EPIRB2 s GPS polohov\u00e1n\u00edm, slu\u017ebou Return Link Service (RLS) pro potvrzen\u00ed p\u0159ijet\u00ed nouzov\u00e9ho sign\u00e1lu, du\u00e1ln\u00edmi stroboskopick\u00fdmi sv\u011btly (viditeln\u00fdm a infra\u010derven\u00fdm) a diagnostikou smartphonu p\u0159es NFC. Sou\u010d\u00e1st\u00ed je tak\u00e9 v\u00fdkonn\u00e1 elektronick\u00e1 nouzov\u00e1 sv\u011btlice EDF2 s 360\u00b0 viditelnost\u00ed d\u00edky intenzivn\u00edm v\u00edcebarevn\u00fdm a infra\u010derven\u00fdm LED diod\u00e1m \u2013 ide\u00e1ln\u00ed pro upout\u00e1n\u00ed pozornosti za slab\u00e9ho osv\u011btlen\u00ed nebo p\u0159i \u0161patn\u00e9 viditelnosti. Tato sada je kompaktn\u00ed, vodot\u011bsn\u00e1 a vyroben\u00e1 pro skute\u010dn\u00e9 z\u00e1chrann\u00e9 situace, tak\u017ee v\u00e1m pom\u016f\u017ee zajistit, \u017ee v\u00e1s rychle uvid\u00ed, najdou a p\u0159ivedou dom\u016f.  Celkov\u00e1 hodnota sady p\u0159i doporu\u010den\u00e9 maloobchodn\u00ed cen\u011b: 920,96 GBP. U\u0161et\u0159ete s touto sadou 170 GBP!","og_url":"https:\/\/oceansignal.com\/cs\/products\/bezpecnostni-sada-epirb2-plus\/","og_site_name":"Ocean Signal","article_modified_time":"2026-03-12T09:18:45+00:00","og_image":[{"width":911,"height":805,"url":"https:\/\/oceansignal.com\/wp-content\/uploads\/2025\/06\/Grab_Bag_EPIRB2_Safety_Kit_Plus-2.jpg","type":"image\/jpeg"}],"twitter_card":"summary_large_image","twitter_misc":{"Odhadovan\u00e1 doba \u010dten\u00ed":"3 minuty"},"schema":{"@context":"https:\/\/schema.org","@graph":[{"@type":"WebPage","@id":"https:\/\/oceansignal.com\/cs\/products\/bezpecnostni-sada-epirb2-plus\/","url":"https:\/\/oceansignal.com\/cs\/products\/bezpecnostni-sada-epirb2-plus\/","name":"Sada pro bezpe\u010dnost plavby EPIRB2 Plus - Ocean Signal","isPartOf":{"@id":"https:\/\/oceansignal.com\/cs\/#website"},"primaryImageOfPage":{"@id":"https:\/\/oceansignal.com\/cs\/products\/bezpecnostni-sada-epirb2-plus\/#primaryimage"},"image":{"@id":"https:\/\/oceansignal.com\/cs\/products\/bezpecnostni-sada-epirb2-plus\/#primaryimage"},"thumbnailUrl":"https:\/\/oceansignal.com\/wp-content\/uploads\/2025\/06\/Grab_Bag_EPIRB2_Safety_Kit_Plus-2.jpg","datePublished":"2025-07-17T08:59:49+00:00","dateModified":"2026-03-12T09:18:45+00:00","breadcrumb":{"@id":"https:\/\/oceansignal.com\/cs\/products\/bezpecnostni-sada-epirb2-plus\/#breadcrumb"},"inLanguage":"cs","potentialAction":[{"@type":"ReadAction","target":["https:\/\/oceansignal.com\/cs\/products\/bezpecnostni-sada-epirb2-plus\/"]}]},{"@type":"ImageObject","inLanguage":"cs","@id":"https:\/\/oceansignal.com\/cs\/products\/bezpecnostni-sada-epirb2-plus\/#primaryimage","url":"https:\/\/oceansignal.com\/wp-content\/uploads\/2025\/06\/Grab_Bag_EPIRB2_Safety_Kit_Plus-2.jpg","contentUrl":"https:\/\/oceansignal.com\/wp-content\/uploads\/2025\/06\/Grab_Bag_EPIRB2_Safety_Kit_Plus-2.jpg","width":911,"height":805,"caption":"Bezpe\u010dnostn\u00ed sada pro plavbu na lod\u00edch Ocean Signal je nyn\u00ed k dispozici"},{"@type":"BreadcrumbList","@id":"https:\/\/oceansignal.com\/cs\/products\/bezpecnostni-sada-epirb2-plus\/#breadcrumb","itemListElement":[{"@type":"ListItem","position":1,"name":"Produkty","item":"https:\/\/oceansignal.com\/cs\/produkty\/"},{"@type":"ListItem","position":2,"name":"Sada pro bezpe\u010dnost plavby EPIRB2 Plus"}]},{"@type":"WebSite","@id":"https:\/\/oceansignal.com\/cs\/#website","url":"https:\/\/oceansignal.com\/cs\/","name":"Ocean Signal","description":"A leading manufacturer of EPIRBs, AIS, SARTs, Personal Locator Beacons, Man Overboard Beacon for the Marine and Outdoor Markets.","potentialAction":[{"@type":"SearchAction","target":{"@type":"EntryPoint","urlTemplate":"https:\/\/oceansignal.com\/cs\/?s={search_term_string}"},"query-input":{"@type":"PropertyValueSpecification","valueRequired":true,"valueName":"search_term_string"}}],"inLanguage":"cs"}]}},"_links":{"self":[{"href":"https:\/\/oceansignal.com\/cs\/wp-json\/wp\/v2\/product\/31899","targetHints":{"allow":["GET"]}}],"collection":[{"href":"https:\/\/oceansignal.com\/cs\/wp-json\/wp\/v2\/product"}],"about":[{"href":"https:\/\/oceansignal.com\/cs\/wp-json\/wp\/v2\/types\/product"}],"wp:featuredmedia":[{"embeddable":true,"href":"https:\/\/oceansignal.com\/cs\/wp-json\/wp\/v2\/media\/31355"}],"wp:attachment":[{"href":"https:\/\/oceansignal.com\/cs\/wp-json\/wp\/v2\/media?parent=31899"}],"wp:term":[{"taxonomy":"product_brand","embeddable":true,"href":"https:\/\/oceansignal.com\/cs\/wp-json\/wp\/v2\/product_brand?post=31899"},{"taxonomy":"product_cat","embeddable":true,"href":"https:\/\/oceansignal.com\/cs\/wp-json\/wp\/v2\/product_cat?post=31899"},{"taxonomy":"product_tag","embeddable":true,"href":"https:\/\/oceansignal.com\/cs\/wp-json\/wp\/v2\/product_tag?post=31899"}],"curies":[{"name":"wp","href":"https:\/\/api.w.org\/{rel}","templated":true}]}}