{"id":31933,"date":"2025-06-24T09:48:12","date_gmt":"2025-06-24T09:48:12","guid":{"rendered":"https:\/\/oceansignal.com\/products\/bezpecnostni-sada-epirb3\/"},"modified":"2026-03-26T15:13:33","modified_gmt":"2026-03-26T15:13:33","slug":"bezpecnostni-sada-epirb3","status":"publish","type":"product","link":"https:\/\/oceansignal.com\/cs\/products\/bezpecnostni-sada-epirb3\/","title":{"rendered":"Sada pro bezpe\u010dnost plavby EPIRB3"},"content":{"rendered":"<h3 class=\"ai-optimize-42\" data-start=\"3285\" data-end=\"3337\"><strong data-start=\"3292\" data-end=\"3337\"><img loading=\"lazy\" decoding=\"async\" class=\"alignnone size-full wp-image-32359\" src=\"https:\/\/oceansignal.com\/wp-content\/uploads\/2025\/07\/View-New-Safety-Kits.png\" alt=\"\" width=\"300\" height=\"75\" srcset=\"https:\/\/oceansignal.com\/wp-content\/uploads\/2025\/07\/View-New-Safety-Kits.png 300w, https:\/\/oceansignal.com\/wp-content\/uploads\/2025\/07\/View-New-Safety-Kits-60x15.png 60w, https:\/\/oceansignal.com\/wp-content\/uploads\/2025\/07\/View-New-Safety-Kits-110x28.png 110w\" sizes=\"auto, (max-width: 300px) 100vw, 300px\" \/><\/strong><\/h3>\n<h3 class=\"ai-optimize-43\" data-start=\"2673\" data-end=\"2727\"><strong data-start=\"2680\" data-end=\"2727\">Pro\u010d si vybrat sadu EPIRB3?<\/strong><\/h3>\n<p class=\"ai-optimize-44 ai-optimize-introduction\" data-start=\"2729\" data-end=\"3018\">Sada EPIRB3 je nejpokro\u010dilej\u0161\u00ed z\u00e1kladn\u00ed sada, jakou si m\u016f\u017eete po\u0159\u00eddit. D\u00edky \u0161pi\u010dkov\u00e9 technologii EPIRB, intuitivn\u00edmu nastaven\u00ed pomoc\u00ed chytr\u00e9ho telefonu a lok\u00e1ln\u00ed i glob\u00e1ln\u00ed viditelnosti z\u00e1chrann\u00fdch akc\u00ed je ide\u00e1ln\u00ed pro ka\u017ed\u00e9ho, kdo chce klid, shodu s p\u0159edpisy a modern\u00ed funkce integrovan\u00e9 od sam\u00e9ho za\u010d\u00e1tku. <\/p>\n<p class=\"ai-optimize-45\" data-start=\"3020\" data-end=\"3075\">V\u00e1\u0161 nejlep\u0161\u00ed start v oblasti bezpe\u010dnosti na mo\u0159i. \u017d\u00e1dn\u00e9 kompromisy. <\/p>\n<h3 class=\"ai-optimize-46\" data-start=\"2313\" data-end=\"2334\"><strong data-start=\"2320\" data-end=\"2334\">Ide\u00e1ln\u00ed pro:<\/strong><\/h3>\n<ul data-start=\"2335\" data-end=\"2600\">\n<li class=\"ai-optimize-47\" data-start=\"2335\" data-end=\"2389\">\n<p class=\"ai-optimize-48\" data-start=\"2337\" data-end=\"2389\">Na mo\u0159i, majitel\u00e9 jachet a oce\u00e1n\u0161t\u00ed k\u0159i\u017en\u00edci<\/p>\n<\/li>\n<li class=\"ai-optimize-49\" data-start=\"2390\" data-end=\"2456\">\n<p class=\"ai-optimize-50\" data-start=\"2392\" data-end=\"2456\">Pos\u00e1dky p\u0159ipravuj\u00edc\u00ed se na z\u00e1vody kategorie 1 na mo\u0159i nebo na plavby po modr\u00e9 vod\u011b<\/p>\n<\/li>\n<li class=\"ai-optimize-51\" data-start=\"2457\" data-end=\"2532\">\n<p class=\"ai-optimize-52\" data-start=\"2459\" data-end=\"2532\">Kapit\u00e1ni dbaj\u00edc\u00ed na bezpe\u010dnost hledaj\u00ed \u0161pi\u010dkovou technologii EPIRB<\/p>\n<\/li>\n<li class=\"ai-optimize-53\" data-start=\"2533\" data-end=\"2600\">\n<p class=\"ai-optimize-54\" data-start=\"2535\" data-end=\"2600\">N\u00e1mo\u0159n\u00edci nahrazuj\u00ed star\u0161\u00ed EPIRBy modern\u00edm vybaven\u00edm p\u0159ipraven\u00fdm k regulaci<\/p>\n<\/li>\n<\/ul>\n<h3 class=\"ai-optimize-55\" data-start=\"673\" data-end=\"726\"><strong data-start=\"680\" data-end=\"726\">Co je sou\u010d\u00e1st\u00ed balen\u00ed a jak to podporuje z\u00e1chranu?<\/strong><\/h3>\n<h4 class=\"ai-optimize-56\" data-start=\"728\" data-end=\"762\"><strong data-start=\"733\" data-end=\"760\">1 \u00d7 Oce\u00e1nsk\u00fd sign\u00e1l EPIRB3<\/strong><\/h4>\n<p class=\"ai-optimize-57\" data-start=\"763\" data-end=\"786\">Lze jej sledovat lok\u00e1ln\u011b (plavidla s transceivery AIS) i glob\u00e1ln\u011b (zpr\u00e1vy 406 MHz doru\u010dovan\u00e9 p\u00e1trac\u00edm a z\u00e1chrann\u00fdm operac\u00edm), p\u0159esn\u011b sledovat (AIS) a uji\u0161\u0165ovat se o jeho pohybu pomoc\u00ed potvrzen\u00ed v re\u00e1ln\u00e9m \u010dase (RLS) \u2013 to v\u0161e v jednom za\u0159\u00edzen\u00ed.<br \/>\n Maloobchodn\u00ed cena: 840,95 GBP<\/p>\n<p data-start=\"763\" data-end=\"786\"><img loading=\"lazy\" decoding=\"async\" class=\"alignnone size-medium wp-image-2147\" src=\"https:\/\/oceansignal.com\/wp-content\/uploads\/2024\/03\/EPIRB3-Front-300-RLS-on-1-300x300.png\" alt=\"Ocean Signal EPIRB3 s rozsv\u00edcen\u00fdm modr\u00fdm sv\u011btlem slu\u017eby Return Link.\" width=\"300\" height=\"300\" srcset=\"https:\/\/oceansignal.com\/wp-content\/uploads\/2024\/03\/EPIRB3-Front-300-RLS-on-1-300x300.png 300w, https:\/\/oceansignal.com\/wp-content\/uploads\/2024\/03\/EPIRB3-Front-300-RLS-on-1-150x150.png 150w, https:\/\/oceansignal.com\/wp-content\/uploads\/2024\/03\/EPIRB3-Front-300-RLS-on-1-100x100.png 100w, https:\/\/oceansignal.com\/wp-content\/uploads\/2024\/03\/EPIRB3-Front-300-RLS-on-1.png 411w\" sizes=\"auto, (max-width: 300px) 100vw, 300px\" \/><\/p>\n<p class=\"ai-optimize-58\" data-start=\"788\" data-end=\"915\">Vlajkov\u00e1 lo\u010f EPIRB spole\u010dnosti Ocean Signal, postaven\u00e1 tak, aby spl\u0148ovala nejnov\u011bj\u0161\u00ed mezin\u00e1rodn\u00ed standardy a vybaven\u00e1 funkcemi pro z\u00e1chranu \u017eivota, v\u010detn\u011b:<\/p>\n<ul data-start=\"917\" data-end=\"1359\">\n<li class=\"ai-optimize-59\" data-start=\"917\" data-end=\"965\">\n<p class=\"ai-optimize-60\" data-start=\"919\" data-end=\"965\"><strong>Satelitn\u00ed v\u00fdstrahy Cospas-Sarsat 406 MHz<\/strong><\/p>\n<\/li>\n<li class=\"ai-optimize-61\" data-start=\"966\" data-end=\"1014\">\n<p class=\"ai-optimize-62\" data-start=\"968\" data-end=\"1014\"><strong>Vys\u00edl\u00e1n\u00ed AIS na bl\u00edzk\u00e1 plavidla pomoc\u00ed transceiver\u016f AIS<\/strong><\/p>\n<\/li>\n<li class=\"ai-optimize-63\" data-start=\"1015\" data-end=\"1097\">\n<p class=\"ai-optimize-64\" data-start=\"1017\" data-end=\"1097\"><strong>Slu\u017eba zp\u011btn\u00e9ho spojen\u00ed (RLS): potvrzuje, \u017ee byl p\u0159ijat v\u00e1\u0161 nouzov\u00fd sign\u00e1l<\/strong><\/p>\n<\/li>\n<li class=\"ai-optimize-65\" data-start=\"1098\" data-end=\"1148\">\n<p class=\"ai-optimize-66\" data-start=\"1100\" data-end=\"1148\"><strong>GNSS (GPS + Galileo) pro p\u0159esnost s vysokou p\u0159esnost\u00ed<\/strong><\/p>\n<\/li>\n<li class=\"ai-optimize-67\" data-start=\"1149\" data-end=\"1186\">\n<p class=\"ai-optimize-68\" data-start=\"1151\" data-end=\"1186\"><strong>Lok\u00e1ln\u00ed nav\u00e1d\u011bc\u00ed sign\u00e1l 121,5 MHz<\/strong><\/p>\n<\/li>\n<li class=\"ai-optimize-69\" data-start=\"1187\" data-end=\"1239\">\n<p class=\"ai-optimize-70\" data-start=\"1189\" data-end=\"1239\"><strong>Viditeln\u00e9 + infra\u010derven\u00e9 z\u00e1bleskov\u00e9 sv\u011btlo pro vizu\u00e1ln\u00ed detekci za zhor\u0161en\u00fdch sv\u011bteln\u00fdch podm\u00ednek<\/strong><\/p>\n<\/li>\n<li class=\"ai-optimize-71\" data-start=\"1240\" data-end=\"1299\">\n<p class=\"ai-optimize-72\" data-start=\"1242\" data-end=\"1299\"><strong>Nastaven\u00ed NFC smartphonu s bezplatnou aplikac\u00ed Ocean Signal<\/strong><\/p>\n<\/li>\n<li class=\"ai-optimize-73\" data-start=\"1300\" data-end=\"1359\">\n<p class=\"ai-optimize-74\" data-start=\"1302\" data-end=\"1359\"><strong>Ru\u010dn\u00ed dr\u017e\u00e1k (kat. II) pro flexibiln\u00ed mont\u00e1\u017e<\/strong><\/p>\n<\/li>\n<\/ul>\n<hr data-start=\"1511\" data-end=\"1514\">\n<h4 class=\"ai-optimize-75\" data-start=\"1516\" data-end=\"1558\"><strong data-start=\"1521\" data-end=\"1556\">1 \u00d7 Zrc\u00e1tko a p\u00ed\u0161\u0165alka ACR Signal<\/strong><\/h4>\n<p class=\"ai-optimize-76\" data-start=\"1559\" data-end=\"1581\">Ide\u00e1ln\u00ed, kdy\u017e jsou z\u00e1chrann\u00e9 t\u00fdmy v bl\u00edzkosti a pot\u0159ebujete rychle a jasn\u011b upoutat jejich pozornost.<br \/>\n Maloobchodn\u00ed cena: 10,99 GBP<\/p>\n<p data-start=\"1559\" data-end=\"1581\"><img loading=\"lazy\" decoding=\"async\" class=\"alignnone wp-image-31407 size-medium\" src=\"https:\/\/oceansignal.com\/wp-content\/uploads\/2025\/06\/Grab_Bag_EPIRB1_Kit-e1752085331562-300x131.png\" alt=\"\" width=\"300\" height=\"131\" srcset=\"https:\/\/oceansignal.com\/wp-content\/uploads\/2025\/06\/Grab_Bag_EPIRB1_Kit-e1752085331562-300x131.png 300w, https:\/\/oceansignal.com\/wp-content\/uploads\/2025\/06\/Grab_Bag_EPIRB1_Kit-e1752085331562-60x26.png 60w, https:\/\/oceansignal.com\/wp-content\/uploads\/2025\/06\/Grab_Bag_EPIRB1_Kit-e1752085331562-110x48.png 110w, https:\/\/oceansignal.com\/wp-content\/uploads\/2025\/06\/Grab_Bag_EPIRB1_Kit-e1752085331562.png 344w\" sizes=\"auto, (max-width: 300px) 100vw, 300px\" \/><\/p>\n<p class=\"ai-optimize-77\" data-start=\"1583\" data-end=\"1691\">Toto bez\u00fadr\u017ebov\u00e9 n\u00e1\u0159ad\u00ed p\u0159id\u00e1v\u00e1 cennou dodate\u010dnou viditelnost a zvukovou signalizaci v z\u00e1v\u011bre\u010dn\u00fdch f\u00e1z\u00edch z\u00e1chrany.<\/p>\n<ul data-start=\"1693\" data-end=\"1791\">\n<li class=\"ai-optimize-78\" data-start=\"1693\" data-end=\"1734\">\n<p class=\"ai-optimize-79\" data-start=\"1695\" data-end=\"1734\"><strong>Vysoce reflexn\u00ed kompaktn\u00ed zrcadlo pro denn\u00ed vizu\u00e1ln\u00ed sign\u00e1ly &#8211; Navr\u017eeno tak, aby odr\u00e1\u017eelo slune\u010dn\u00ed sv\u011btlo na velk\u00e9 vzd\u00e1lenosti, ide\u00e1ln\u00ed pro upout\u00e1n\u00ed pozornosti proj\u00ed\u017ed\u011bj\u00edc\u00edch plavidel nebo letadel<\/strong><\/p>\n<\/li>\n<li class=\"ai-optimize-80\" data-start=\"1735\" data-end=\"1791\">\n<p class=\"ai-optimize-81\" data-start=\"1737\" data-end=\"1791\"><strong>Hlasit\u00e9, bezhlu\u010dn\u00e9 p\u00edsk\u00e1n\u00ed pro upout\u00e1n\u00ed pozornosti zbl\u00edzka<\/strong><\/p>\n<\/li>\n<\/ul>\n<hr data-start=\"1909\" data-end=\"1912\">\n<h4 class=\"ai-optimize-82\" data-start=\"1914\" data-end=\"1961\"><strong data-start=\"1919\" data-end=\"1959\">1 \u00d7 Vod\u011bodoln\u00e1 ta\u0161ka Ocean Signal<\/strong><\/h4>\n<p class=\"ai-optimize-83\" data-start=\"1962\" data-end=\"1985\"><em data-start=\"1962\" data-end=\"1985\">Kdy\u017e se po\u010d\u00edt\u00e1 ka\u017ed\u00e1 vte\u0159ina, je m\u00edt v\u0161e na jednom such\u00e9m a viditeln\u00e9m m\u00edst\u011b kl\u00ed\u010dov\u00e9.<br \/>\n Maloobchodn\u00ed cena: 129,99 GBP<\/em><\/p>\n<p data-start=\"1962\" data-end=\"1985\"><img loading=\"lazy\" decoding=\"async\" class=\"alignnone wp-image-31488 size-medium\" src=\"https:\/\/oceansignal.com\/wp-content\/uploads\/2025\/06\/Grab_Bag-1-241x300.webp\" alt=\"\" width=\"241\" height=\"300\" srcset=\"https:\/\/oceansignal.com\/wp-content\/uploads\/2025\/06\/Grab_Bag-1-241x300.webp 241w, https:\/\/oceansignal.com\/wp-content\/uploads\/2025\/06\/Grab_Bag-1-60x75.webp 60w, https:\/\/oceansignal.com\/wp-content\/uploads\/2025\/06\/Grab_Bag-1-110x137.webp 110w, https:\/\/oceansignal.com\/wp-content\/uploads\/2025\/06\/Grab_Bag-1.webp 489w\" sizes=\"auto, (max-width: 241px) 100vw, 241px\" \/><\/p>\n<p class=\"ai-optimize-84\" data-start=\"1987\" data-end=\"2079\">Tato odoln\u00e1, plovouc\u00ed ta\u0161ka udr\u017e\u00ed va\u0161i nezbytnou v\u00fdbavu pohromad\u011b \u2013 v suchu, chr\u00e1n\u011bn\u00e1 a p\u0159ipraven\u00e1 k pou\u017eit\u00ed.<\/p>\n<ul data-start=\"2081\" data-end=\"2190\">\n<li class=\"ai-optimize-85\" data-start=\"2081\" data-end=\"2107\">\n<p class=\"ai-optimize-86\" data-start=\"2083\" data-end=\"2107\"><strong>Vysoce viditeln\u00e1 barva<\/strong><\/p>\n<\/li>\n<li class=\"ai-optimize-87\" data-start=\"2108\" data-end=\"2131\">\n<p class=\"ai-optimize-88\" data-start=\"2110\" data-end=\"2131\"><strong>Vzn\u00e1\u0161ej\u00edc\u00ed se<\/strong><\/p>\n<\/li>\n<li class=\"ai-optimize-89\" data-start=\"2132\" data-end=\"2190\">\n<p class=\"ai-optimize-90\" data-start=\"2134\" data-end=\"2190\"><strong>Ide\u00e1ln\u00ed velikost pro EPIRB, jak\u00e9koli dal\u0161\u00ed bezpe\u010dnostn\u00ed vybaven\u00ed a kl\u00ed\u010dov\u00e9 dokumenty<\/strong><\/p>\n<\/li>\n<\/ul>\n","protected":false},"excerpt":{"rendered":"<ul>\n<li class=\"ai-optimize-38\">Sada EPIRB3 je \u0161pi\u010dkov\u00e9 komplexn\u00ed bezpe\u010dnostn\u00ed \u0159e\u0161en\u00ed ur\u010den\u00e9 pro jachta\u0159e, kte\u0159\u00ed cht\u011bj\u00ed nejpokro\u010dilej\u0161\u00ed dostupn\u00e9 funkce EPIRB \u2013 hned od za\u010d\u00e1tku.<\/li>\n<li class=\"ai-optimize-39\">D\u00edky AIS, slu\u017eb\u011b Return Link, ur\u010dov\u00e1n\u00ed polohy GNSS a glob\u00e1ln\u00edmu varov\u00e1n\u00ed Cospas-Sarsat poskytuje EPIRB3 s\u00f3lov\u00fdm i pos\u00e1dkov\u00fdm jachta\u0159\u016fm bezpe\u010dnostn\u00ed nastaven\u00ed p\u0159ipraven\u00e9 na budoucnost od prvn\u00edho dne.<\/li>\n<li class=\"ai-optimize-40\">Sou\u010d\u00e1st\u00ed sady je i bra\u0161na na ulo\u017een\u00ed EPIRB3, sign\u00e1ln\u00edho zrc\u00e1tka a p\u00ed\u0161\u0165alky, kter\u00e1 je dob\u0159e viditeln\u00e1 a z\u00e1rove\u0148 bezpe\u010dn\u00e1.<\/li>\n<\/ul>\n<p class=\"ai-optimize-41\">Celkov\u00e1 hodnota sady p\u0159i doporu\u010den\u00e9 maloobchodn\u00ed cen\u011b: 990,97 GBP. U\u0161et\u0159ete s touto sadou 129,98 GBP! <\/p>\n","protected":false},"featured_media":31570,"template":"","meta":{"_acf_changed":false,"om_disable_all_campaigns":false},"product_brand":[],"product_cat":[1665,475],"product_tag":[1697,696,699,1667],"class_list":{"0":"post-31933","1":"product","2":"type-product","3":"status-publish","4":"has-post-thumbnail","6":"product_cat-bezpecnostni-sady","7":"product_cat-rescueme-cs-2","8":"product_tag-bezpecnostni-sady","9":"product_tag-epirb-cs","10":"product_tag-epirb3-cs","11":"product_tag-taska-na-sberny-papir","13":"first","14":"instock","15":"taxable","16":"shipping-taxable","17":"purchasable","18":"product-type-simple"},"acf":[],"yoast_head":"<!-- This site is optimized with the Yoast SEO Premium plugin v25.2 (Yoast SEO v26.4) - https:\/\/yoast.com\/wordpress\/plugins\/seo\/ -->\n<title>Sada pro bezpe\u010dnost plavby EPIRB3 - Ocean Signal<\/title>\n<meta name=\"robots\" content=\"index, follow, max-snippet:-1, max-image-preview:large, max-video-preview:-1\" \/>\n<link rel=\"canonical\" href=\"https:\/\/oceansignal.com\/cs\/products\/bezpecnostni-sada-epirb3\/\" \/>\n<meta property=\"og:locale\" content=\"cs_CZ\" \/>\n<meta property=\"og:type\" content=\"article\" \/>\n<meta property=\"og:title\" content=\"Sada pro bezpe\u010dnost plavby EPIRB3\" \/>\n<meta property=\"og:description\" content=\"Sada EPIRB3 je \u0161pi\u010dkov\u00e9 komplexn\u00ed bezpe\u010dnostn\u00ed \u0159e\u0161en\u00ed ur\u010den\u00e9 pro jachta\u0159e, kte\u0159\u00ed cht\u011bj\u00ed nejpokro\u010dilej\u0161\u00ed dostupn\u00e9 funkce EPIRB \u2013 hned od za\u010d\u00e1tku.  D\u00edky AIS, slu\u017eb\u011b Return Link, ur\u010dov\u00e1n\u00ed polohy GNSS a glob\u00e1ln\u00edmu varov\u00e1n\u00ed Cospas-Sarsat poskytuje EPIRB3 s\u00f3lov\u00fdm i pos\u00e1dkov\u00fdm jachta\u0159\u016fm bezpe\u010dnostn\u00ed nastaven\u00ed p\u0159ipraven\u00e9 na budoucnost od prvn\u00edho dne.  Sou\u010d\u00e1st\u00ed sady je i bra\u0161na na ulo\u017een\u00ed EPIRB3, sign\u00e1ln\u00edho zrc\u00e1tka a p\u00ed\u0161\u0165alky, kter\u00e1 je dob\u0159e viditeln\u00e1 a z\u00e1rove\u0148 bezpe\u010dn\u00e1. Celkov\u00e1 hodnota sady p\u0159i doporu\u010den\u00e9 maloobchodn\u00ed cen\u011b: 990,97 GBP. U\u0161et\u0159ete s touto sadou 129,98 GBP!\" \/>\n<meta property=\"og:url\" content=\"https:\/\/oceansignal.com\/cs\/products\/bezpecnostni-sada-epirb3\/\" \/>\n<meta property=\"og:site_name\" content=\"Ocean Signal\" \/>\n<meta property=\"article:modified_time\" content=\"2026-03-26T15:13:33+00:00\" \/>\n<meta property=\"og:image\" content=\"https:\/\/oceansignal.com\/wp-content\/uploads\/2025\/06\/Grab_Bag_EPIRB3_Kit-1.jpg\" \/>\n\t<meta property=\"og:image:width\" content=\"911\" \/>\n\t<meta property=\"og:image:height\" content=\"805\" \/>\n\t<meta property=\"og:image:type\" content=\"image\/jpeg\" \/>\n<meta name=\"twitter:card\" content=\"summary_large_image\" \/>\n<meta name=\"twitter:label1\" content=\"Odhadovan\u00e1 doba \u010dten\u00ed\" \/>\n\t<meta name=\"twitter:data1\" content=\"3 minuty\" \/>\n<script type=\"application\/ld+json\" class=\"yoast-schema-graph\">{\"@context\":\"https:\/\/schema.org\",\"@graph\":[{\"@type\":\"WebPage\",\"@id\":\"https:\/\/oceansignal.com\/cs\/products\/bezpecnostni-sada-epirb3\/\",\"url\":\"https:\/\/oceansignal.com\/cs\/products\/bezpecnostni-sada-epirb3\/\",\"name\":\"Sada pro bezpe\u010dnost plavby EPIRB3 - Ocean Signal\",\"isPartOf\":{\"@id\":\"https:\/\/oceansignal.com\/cs\/#website\"},\"primaryImageOfPage\":{\"@id\":\"https:\/\/oceansignal.com\/cs\/products\/bezpecnostni-sada-epirb3\/#primaryimage\"},\"image\":{\"@id\":\"https:\/\/oceansignal.com\/cs\/products\/bezpecnostni-sada-epirb3\/#primaryimage\"},\"thumbnailUrl\":\"https:\/\/oceansignal.com\/wp-content\/uploads\/2025\/06\/Grab_Bag_EPIRB3_Kit-1.jpg\",\"datePublished\":\"2025-06-24T09:48:12+00:00\",\"dateModified\":\"2026-03-26T15:13:33+00:00\",\"breadcrumb\":{\"@id\":\"https:\/\/oceansignal.com\/cs\/products\/bezpecnostni-sada-epirb3\/#breadcrumb\"},\"inLanguage\":\"cs\",\"potentialAction\":[{\"@type\":\"ReadAction\",\"target\":[\"https:\/\/oceansignal.com\/cs\/products\/bezpecnostni-sada-epirb3\/\"]}]},{\"@type\":\"ImageObject\",\"inLanguage\":\"cs\",\"@id\":\"https:\/\/oceansignal.com\/cs\/products\/bezpecnostni-sada-epirb3\/#primaryimage\",\"url\":\"https:\/\/oceansignal.com\/wp-content\/uploads\/2025\/06\/Grab_Bag_EPIRB3_Kit-1.jpg\",\"contentUrl\":\"https:\/\/oceansignal.com\/wp-content\/uploads\/2025\/06\/Grab_Bag_EPIRB3_Kit-1.jpg\",\"width\":911,\"height\":805},{\"@type\":\"BreadcrumbList\",\"@id\":\"https:\/\/oceansignal.com\/cs\/products\/bezpecnostni-sada-epirb3\/#breadcrumb\",\"itemListElement\":[{\"@type\":\"ListItem\",\"position\":1,\"name\":\"Produkty\",\"item\":\"https:\/\/oceansignal.com\/cs\/produkty\/\"},{\"@type\":\"ListItem\",\"position\":2,\"name\":\"Sada pro bezpe\u010dnost plavby EPIRB3\"}]},{\"@type\":\"WebSite\",\"@id\":\"https:\/\/oceansignal.com\/cs\/#website\",\"url\":\"https:\/\/oceansignal.com\/cs\/\",\"name\":\"Ocean Signal\",\"description\":\"A leading manufacturer of EPIRBs, AIS, SARTs, Personal Locator Beacons, Man Overboard Beacon for the Marine and Outdoor Markets.\",\"potentialAction\":[{\"@type\":\"SearchAction\",\"target\":{\"@type\":\"EntryPoint\",\"urlTemplate\":\"https:\/\/oceansignal.com\/cs\/?s={search_term_string}\"},\"query-input\":{\"@type\":\"PropertyValueSpecification\",\"valueRequired\":true,\"valueName\":\"search_term_string\"}}],\"inLanguage\":\"cs\"}]}<\/script>\n<!-- \/ Yoast SEO Premium plugin. -->","yoast_head_json":{"title":"Sada pro bezpe\u010dnost plavby EPIRB3 - Ocean Signal","robots":{"index":"index","follow":"follow","max-snippet":"max-snippet:-1","max-image-preview":"max-image-preview:large","max-video-preview":"max-video-preview:-1"},"canonical":"https:\/\/oceansignal.com\/cs\/products\/bezpecnostni-sada-epirb3\/","og_locale":"cs_CZ","og_type":"article","og_title":"Sada pro bezpe\u010dnost plavby EPIRB3","og_description":"Sada EPIRB3 je \u0161pi\u010dkov\u00e9 komplexn\u00ed bezpe\u010dnostn\u00ed \u0159e\u0161en\u00ed ur\u010den\u00e9 pro jachta\u0159e, kte\u0159\u00ed cht\u011bj\u00ed nejpokro\u010dilej\u0161\u00ed dostupn\u00e9 funkce EPIRB \u2013 hned od za\u010d\u00e1tku.  D\u00edky AIS, slu\u017eb\u011b Return Link, ur\u010dov\u00e1n\u00ed polohy GNSS a glob\u00e1ln\u00edmu varov\u00e1n\u00ed Cospas-Sarsat poskytuje EPIRB3 s\u00f3lov\u00fdm i pos\u00e1dkov\u00fdm jachta\u0159\u016fm bezpe\u010dnostn\u00ed nastaven\u00ed p\u0159ipraven\u00e9 na budoucnost od prvn\u00edho dne.  Sou\u010d\u00e1st\u00ed sady je i bra\u0161na na ulo\u017een\u00ed EPIRB3, sign\u00e1ln\u00edho zrc\u00e1tka a p\u00ed\u0161\u0165alky, kter\u00e1 je dob\u0159e viditeln\u00e1 a z\u00e1rove\u0148 bezpe\u010dn\u00e1. Celkov\u00e1 hodnota sady p\u0159i doporu\u010den\u00e9 maloobchodn\u00ed cen\u011b: 990,97 GBP. U\u0161et\u0159ete s touto sadou 129,98 GBP!","og_url":"https:\/\/oceansignal.com\/cs\/products\/bezpecnostni-sada-epirb3\/","og_site_name":"Ocean Signal","article_modified_time":"2026-03-26T15:13:33+00:00","og_image":[{"width":911,"height":805,"url":"https:\/\/oceansignal.com\/wp-content\/uploads\/2025\/06\/Grab_Bag_EPIRB3_Kit-1.jpg","type":"image\/jpeg"}],"twitter_card":"summary_large_image","twitter_misc":{"Odhadovan\u00e1 doba \u010dten\u00ed":"3 minuty"},"schema":{"@context":"https:\/\/schema.org","@graph":[{"@type":"WebPage","@id":"https:\/\/oceansignal.com\/cs\/products\/bezpecnostni-sada-epirb3\/","url":"https:\/\/oceansignal.com\/cs\/products\/bezpecnostni-sada-epirb3\/","name":"Sada pro bezpe\u010dnost plavby EPIRB3 - Ocean Signal","isPartOf":{"@id":"https:\/\/oceansignal.com\/cs\/#website"},"primaryImageOfPage":{"@id":"https:\/\/oceansignal.com\/cs\/products\/bezpecnostni-sada-epirb3\/#primaryimage"},"image":{"@id":"https:\/\/oceansignal.com\/cs\/products\/bezpecnostni-sada-epirb3\/#primaryimage"},"thumbnailUrl":"https:\/\/oceansignal.com\/wp-content\/uploads\/2025\/06\/Grab_Bag_EPIRB3_Kit-1.jpg","datePublished":"2025-06-24T09:48:12+00:00","dateModified":"2026-03-26T15:13:33+00:00","breadcrumb":{"@id":"https:\/\/oceansignal.com\/cs\/products\/bezpecnostni-sada-epirb3\/#breadcrumb"},"inLanguage":"cs","potentialAction":[{"@type":"ReadAction","target":["https:\/\/oceansignal.com\/cs\/products\/bezpecnostni-sada-epirb3\/"]}]},{"@type":"ImageObject","inLanguage":"cs","@id":"https:\/\/oceansignal.com\/cs\/products\/bezpecnostni-sada-epirb3\/#primaryimage","url":"https:\/\/oceansignal.com\/wp-content\/uploads\/2025\/06\/Grab_Bag_EPIRB3_Kit-1.jpg","contentUrl":"https:\/\/oceansignal.com\/wp-content\/uploads\/2025\/06\/Grab_Bag_EPIRB3_Kit-1.jpg","width":911,"height":805},{"@type":"BreadcrumbList","@id":"https:\/\/oceansignal.com\/cs\/products\/bezpecnostni-sada-epirb3\/#breadcrumb","itemListElement":[{"@type":"ListItem","position":1,"name":"Produkty","item":"https:\/\/oceansignal.com\/cs\/produkty\/"},{"@type":"ListItem","position":2,"name":"Sada pro bezpe\u010dnost plavby EPIRB3"}]},{"@type":"WebSite","@id":"https:\/\/oceansignal.com\/cs\/#website","url":"https:\/\/oceansignal.com\/cs\/","name":"Ocean Signal","description":"A leading manufacturer of EPIRBs, AIS, SARTs, Personal Locator Beacons, Man Overboard Beacon for the Marine and Outdoor Markets.","potentialAction":[{"@type":"SearchAction","target":{"@type":"EntryPoint","urlTemplate":"https:\/\/oceansignal.com\/cs\/?s={search_term_string}"},"query-input":{"@type":"PropertyValueSpecification","valueRequired":true,"valueName":"search_term_string"}}],"inLanguage":"cs"}]}},"_links":{"self":[{"href":"https:\/\/oceansignal.com\/cs\/wp-json\/wp\/v2\/product\/31933","targetHints":{"allow":["GET"]}}],"collection":[{"href":"https:\/\/oceansignal.com\/cs\/wp-json\/wp\/v2\/product"}],"about":[{"href":"https:\/\/oceansignal.com\/cs\/wp-json\/wp\/v2\/types\/product"}],"wp:featuredmedia":[{"embeddable":true,"href":"https:\/\/oceansignal.com\/cs\/wp-json\/wp\/v2\/media\/31570"}],"wp:attachment":[{"href":"https:\/\/oceansignal.com\/cs\/wp-json\/wp\/v2\/media?parent=31933"}],"wp:term":[{"taxonomy":"product_brand","embeddable":true,"href":"https:\/\/oceansignal.com\/cs\/wp-json\/wp\/v2\/product_brand?post=31933"},{"taxonomy":"product_cat","embeddable":true,"href":"https:\/\/oceansignal.com\/cs\/wp-json\/wp\/v2\/product_cat?post=31933"},{"taxonomy":"product_tag","embeddable":true,"href":"https:\/\/oceansignal.com\/cs\/wp-json\/wp\/v2\/product_tag?post=31933"}],"curies":[{"name":"wp","href":"https:\/\/api.w.org\/{rel}","templated":true}]}}