{"id":31938,"date":"2025-06-17T12:56:37","date_gmt":"2025-06-17T12:56:37","guid":{"rendered":"https:\/\/oceansignal.com\/products\/bezpecnostni-sada-epirb1\/"},"modified":"2025-08-21T14:04:36","modified_gmt":"2025-08-21T14:04:36","slug":"bezpecnostni-sada-epirb1","status":"publish","type":"product","link":"https:\/\/oceansignal.com\/cs\/products\/bezpecnostni-sada-epirb1\/","title":{"rendered":"Bezpe\u010dnostn\u00ed sada EPIRB1"},"content":{"rendered":"<h3><img loading=\"lazy\" decoding=\"async\" class=\"alignnone size-full wp-image-32359\" src=\"https:\/\/oceansignal.com\/wp-content\/uploads\/2025\/07\/View-New-Safety-Kits.png\" alt=\"\" width=\"300\" height=\"75\" srcset=\"https:\/\/oceansignal.com\/wp-content\/uploads\/2025\/07\/View-New-Safety-Kits.png 300w, https:\/\/oceansignal.com\/wp-content\/uploads\/2025\/07\/View-New-Safety-Kits-60x15.png 60w, https:\/\/oceansignal.com\/wp-content\/uploads\/2025\/07\/View-New-Safety-Kits-110x28.png 110w\" sizes=\"auto, (max-width: 300px) 100vw, 300px\" \/><\/h3>\n<h3>Pro\u010d zvolit bezpe\u010dnostn\u00ed sadu EPIRB1?<\/h3>\n<p>Tato sada byla vytvo\u0159ena s ohledem na re\u00e1ln\u00e9 mimo\u0159\u00e1dn\u00e9 ud\u00e1losti: ztr\u00e1tu st\u011b\u017en\u011b, po\u017e\u00e1r, potopen\u00ed nebo n\u00e1hl\u00e9 opu\u0161t\u011bn\u00ed lodi. A\u0165 u\u017e p\u0159ekra\u010dujete Laman\u0161sk\u00fd pr\u016fliv nebo se vyd\u00e1v\u00e1te d\u00e1le na pob\u0159e\u017e\u00ed, <em>bezpe\u010dnostn\u00ed sada EPIRB1<\/em> v\u00e1m poskytne zna\u010dn\u00fd n\u00e1skok v nejhor\u0161\u00edm p\u0159\u00edpad\u011b \u2013 a mohla by v\u00e1m zachr\u00e1nit \u017eivot. <\/p>\n<p>Bezpe\u010dnostn\u00ed sada EPIRB1 je kompaktn\u00ed sada pro nouzov\u00e9 z\u00e1chrann\u00e9 akce, kterou si m\u016f\u017eete vz\u00edt s sebou a pou\u017e\u00edt ji, ur\u010den\u00e1 pro s\u00f3lov\u00e9 jachta\u0159e, v\u00e1\u0161niv\u00e9 ryb\u00e1\u0159e a pob\u0159e\u017en\u00ed jachta\u0159e, kte\u0159\u00ed cht\u011bj\u00ed profesion\u00e1ln\u00ed vybaven\u00ed s minim\u00e1ln\u00edm nastaven\u00edm. Spojuje t\u0159i z\u00e1kladn\u00ed n\u00e1stroje do jednoho vysoce hodnotn\u00e9ho bal\u00ed\u010dku, p\u0159i\u010dem\u017e ka\u017ed\u00fd z nich je vybr\u00e1n tak, aby zv\u00fd\u0161il va\u0161e \u0161ance na rychlou a koordinovanou z\u00e1chranu. <\/p>\n<h3><strong>Ur\u010deno pro:<\/strong><\/h3>\n<ul>\n<li>S\u00f3lov\u00ed n\u00e1mo\u0159n\u00edci na mo\u0159i<\/li>\n<li>Majitel\u00e9 jachet hledaj\u00ed kompatibiln\u00ed zavazadla<\/li>\n<li>Pob\u0159e\u017en\u00ed lod\u011b a kapit\u00e1ni doru\u010dovac\u00edch lod\u00ed<\/li>\n<li>Rekrea\u010dn\u00ed ryb\u00e1\u0159i<\/li>\n<li>Nov\u00e1\u010dci, kte\u0159\u00ed si uv\u011bdomuj\u00ed bezpe\u010dnost a poprv\u00e9 vybavuj\u00ed svou lo\u010f<\/li>\n<\/ul>\n<h3><strong>Co je zahrnuto a pro\u010d je to d\u016fle\u017eit\u00e9<\/strong><\/h3>\n<h4><strong>1 \u00d7 Nouzov\u00fd maj\u00e1k Ocean Signal EPIRB1 kategorie II<\/strong><\/h4>\n<p><img loading=\"lazy\" decoding=\"async\" class=\"alignnone wp-image-31391 size-medium\" src=\"https:\/\/oceansignal.com\/wp-content\/uploads\/2025\/06\/EPIRB-1.2-153x300.png\" alt=\"\" width=\"153\" height=\"300\" srcset=\"https:\/\/oceansignal.com\/wp-content\/uploads\/2025\/06\/EPIRB-1.2-153x300.png 153w, https:\/\/oceansignal.com\/wp-content\/uploads\/2025\/06\/EPIRB-1.2-522x1024.png 522w, https:\/\/oceansignal.com\/wp-content\/uploads\/2025\/06\/EPIRB-1.2-768x1507.png 768w, https:\/\/oceansignal.com\/wp-content\/uploads\/2025\/06\/EPIRB-1.2-783x1536.png 783w, https:\/\/oceansignal.com\/wp-content\/uploads\/2025\/06\/EPIRB-1.2-600x1177.png 600w, https:\/\/oceansignal.com\/wp-content\/uploads\/2025\/06\/EPIRB-1.2-60x118.png 60w, https:\/\/oceansignal.com\/wp-content\/uploads\/2025\/06\/EPIRB-1.2-110x216.png 110w, https:\/\/oceansignal.com\/wp-content\/uploads\/2025\/06\/EPIRB-1.2.png 822w\" sizes=\"auto, (max-width: 153px) 100vw, 153px\" \/><\/p>\n<p>EPIRB jsou nej\u00fa\u010dinn\u011bj\u0161\u00edm zp\u016fsobem, jak p\u0159ivolat glob\u00e1ln\u00ed p\u00e1trac\u00ed a z\u00e1chrannou slu\u017ebu (SAR) v p\u0159\u00edpad\u011b nouzov\u00fdch situac\u00ed na mo\u0159i.<br \/>\n Maloobchodn\u00ed cena: 484,99 GBP<\/p>\n<p>Srdcem sady je 406MHz EPIRB (nouzov\u00fd r\u00e1diomaj\u00e1k s indikac\u00ed polohy), kter\u00fd po aktivaci automaticky vys\u00edl\u00e1 va\u0161i polohu na glob\u00e1ln\u00ed p\u00e1trac\u00ed a z\u00e1chrann\u00e9 satelity. EPIRB1 vyu\u017e\u00edv\u00e1 GPS a satelitn\u00ed s\u00ed\u0165 COSPAS-SARSAT k ur\u010den\u00ed va\u0161\u00ed polohy kdekoli na sv\u011bt\u011b, co\u017e zaji\u0161\u0165uje, \u017ee pomoc bude p\u0159ivol\u00e1na b\u011bhem n\u011bkolika minut. <\/p>\n<ul>\n<li><strong>Vysoce p\u0159esn\u00e1 GPS<\/strong> zaji\u0161\u0165uje, \u017ee z\u00e1chran\u00e1\u0159i dost\u00e1vaj\u00ed p\u0159esn\u00e9 aktualizace o poloze.<\/li>\n<li><strong>V\u00fddr\u017e baterie 48+ hodin<\/strong> d\u00e1v\u00e1 p\u00e1trac\u00edm t\u00fdm\u016fm dlouhou dobu na to, aby v\u00e1s na\u0161li.<\/li>\n<li><strong>Ru\u010dn\u00ed dr\u017e\u00e1k (kat. II)<\/strong> umo\u017e\u0148uje snadnou mont\u00e1\u017e na desku.<\/li>\n<\/ul>\n<hr>\n<h4><strong>1 \u00d7 Zrc\u00e1tko a p\u00ed\u0161\u0165alka ACR Signal<\/strong><\/h4>\n<p><img loading=\"lazy\" decoding=\"async\" class=\"alignnone wp-image-31407 size-medium\" src=\"https:\/\/oceansignal.com\/wp-content\/uploads\/2025\/06\/Grab_Bag_EPIRB1_Kit-300x218.png\" alt=\"\" width=\"300\" height=\"218\"><\/p>\n<p>Jakmile jsou z\u00e1chran\u00e1\u0159i nabl\u00edzku, je nezbytn\u00e9 b\u00fdt schopen signalizovat svou p\u0159esnou polohu vizu\u00e1ln\u011b nebo zvukov\u011b \u2013 zejm\u00e9na na rozbou\u0159en\u00e9m mo\u0159i nebo za n\u00edzk\u00e9 viditelnosti. <em><br \/>\nMaloobchodn\u00ed cena: 10,99 GBP<\/em><\/p>\n<p>Jednoduch\u00e1, ale \u00fa\u010dinn\u00e1 kombinace vizu\u00e1ln\u00ed a zvukov\u00e9 signalizace, kter\u00e1 m\u016f\u017ee znamenat rozd\u00edl mezi t\u00edm, zda v\u00e1s z\u00e1chrann\u00e9 letadlo nebo plavidlo spat\u0159\u00ed nebo p\u0159ehl\u00e9dne.<\/p>\n<ul>\n<li><strong>Sign\u00e1ln\u00ed zrcadlo:<\/strong> <strong>Navr\u017eeno tak, aby odr\u00e1\u017eelo slune\u010dn\u00ed sv\u011btlo na velk\u00e9 vzd\u00e1lenosti, ide\u00e1ln\u00ed pro upout\u00e1n\u00ed pozornosti proj\u00ed\u017ed\u011bj\u00edc\u00edch plavidel nebo letadel.<\/strong><\/li>\n<li><strong>P\u00ed\u0161\u0165alka: Vyd\u00e1v\u00e1 ostr\u00e9 zvukov\u00e9 sign\u00e1ly, kter\u00e9 dok\u00e1\u017e\u00ed prohlu\u0161it hluk v\u011btru a vln.<\/strong><\/li>\n<\/ul>\n<hr>\n<h4><strong>1 \u00d7 Vod\u011bodoln\u00e1 ta\u0161ka Ocean Signal<\/strong><\/h4>\n<p><img loading=\"lazy\" decoding=\"async\" class=\"alignnone wp-image-31488 size-medium\" src=\"https:\/\/oceansignal.com\/wp-content\/uploads\/2025\/06\/Grab_Bag-1-241x300.webp\" alt=\"\" width=\"241\" height=\"300\" srcset=\"https:\/\/oceansignal.com\/wp-content\/uploads\/2025\/06\/Grab_Bag-1-241x300.webp 241w, https:\/\/oceansignal.com\/wp-content\/uploads\/2025\/06\/Grab_Bag-1-60x75.webp 60w, https:\/\/oceansignal.com\/wp-content\/uploads\/2025\/06\/Grab_Bag-1-110x137.webp 110w, https:\/\/oceansignal.com\/wp-content\/uploads\/2025\/06\/Grab_Bag-1.webp 489w\" sizes=\"auto, (max-width: 241px) 100vw, 241px\" \/><\/p>\n<p>V chaosu nouze v\u00e1m tato cestovn\u00ed ta\u0161ka umo\u017en\u00ed rychl\u00fd pohyb se v\u0161\u00edm, co pot\u0159ebujete \u2013 such\u00e1, uspo\u0159\u00e1dan\u00e1 a snadno se d\u00e1 vz\u00edt s sebou.<br \/>\n Maloobchodn\u00ed cena: 129,99 GBP<\/p>\n<p>Odoln\u00fd nepromokav\u00fd vak pro n\u00e1mo\u0159n\u00ed pou\u017eit\u00ed ur\u010den\u00fd k p\u0159eprav\u011b EPIRB, signaliza\u010dn\u00edho vybaven\u00ed, dokument\u016f a dal\u0161\u00edho bezpe\u010dnostn\u00edho vybaven\u00ed a nezbytnost\u00ed. Vyroben tak, aby plaval a z\u016fstal such\u00fd v n\u00e1ro\u010dn\u00e9m mo\u0159sk\u00e9m prost\u0159ed\u00ed. <\/p>\n<ul>\n<li><strong>Jasn\u00e1, dob\u0159e viditeln\u00e1 barva pro rychl\u00e9 nalezen\u00ed.<\/strong><\/li>\n<li><strong>Bezpe\u010dn\u00e9 uzav\u0159en\u00ed udr\u017euje obsah such\u00fd a chr\u00e1n\u011bn\u00fd.<\/strong><\/li>\n<li><strong>Snadno p\u0159enosn\u00e1 rukoje\u0165 pro rychlou evakuaci.<\/strong><\/li>\n<\/ul>\n","protected":false},"excerpt":{"rendered":"<p>Bezpe\u010dnostn\u00ed sada EPIRB 1 je p\u0159ipraven\u00e1 bra\u0161na s kritick\u00fdm nouzov\u00fdm vybaven\u00edm. Tato d\u016fle\u017eit\u00e1 sada, postaven\u00e1 na ultrakompaktn\u00edm maj\u00e1ku EPIRB1 kategorie II od spole\u010dnosti Ocean Signal, obsahuje tak\u00e9 sign\u00e1ln\u00ed zrc\u00e1tko a p\u00ed\u0161\u0165alku, tak\u017ee m\u00e1te k dispozici nejd\u016fle\u017eit\u011bj\u0161\u00ed bezpe\u010dnostn\u00ed vybaven\u00ed. <\/p>\n<p>Ide\u00e1ln\u00ed pro s\u00f3lov\u00e9 jachta\u0159e, pob\u0159e\u017en\u00ed jachta\u0159e nebo ty, kte\u0159\u00ed si vybavuj\u00ed svou prvn\u00ed bezpe\u010dnostn\u00ed sadu.<\/p>\n<p>Celkov\u00e1 hodnota sady p\u0159i doporu\u010den\u00e9 maloobchodn\u00ed cen\u011b: 625,97 GBP. U\u0161et\u0159ete s touto sadou 95,98 GBP! <\/p>\n","protected":false},"featured_media":31290,"template":"","meta":{"_acf_changed":false,"om_disable_all_campaigns":false},"product_brand":[],"product_cat":[1665,475],"product_tag":[],"class_list":{"0":"post-31938","1":"product","2":"type-product","3":"status-publish","4":"has-post-thumbnail","6":"product_cat-bezpecnostni-sady","7":"product_cat-rescueme-cs-2","9":"first","10":"instock","11":"taxable","12":"shipping-taxable","13":"purchasable","14":"product-type-simple"},"acf":[],"yoast_head":"<!-- This site is optimized with the Yoast SEO Premium plugin v25.2 (Yoast SEO v26.4) - https:\/\/yoast.com\/wordpress\/plugins\/seo\/ -->\n<title>Bezpe\u010dnostn\u00ed sada EPIRB1 - Ocean Signal<\/title>\n<meta name=\"robots\" content=\"index, follow, max-snippet:-1, max-image-preview:large, max-video-preview:-1\" \/>\n<link rel=\"canonical\" href=\"https:\/\/oceansignal.com\/cs\/products\/bezpecnostni-sada-epirb1\/\" \/>\n<meta property=\"og:locale\" content=\"cs_CZ\" \/>\n<meta property=\"og:type\" content=\"article\" \/>\n<meta property=\"og:title\" content=\"Bezpe\u010dnostn\u00ed sada EPIRB1\" \/>\n<meta property=\"og:description\" content=\"Bezpe\u010dnostn\u00ed sada EPIRB 1 je p\u0159ipraven\u00e1 bra\u0161na s kritick\u00fdm nouzov\u00fdm vybaven\u00edm. Tato d\u016fle\u017eit\u00e1 sada, postaven\u00e1 na ultrakompaktn\u00edm maj\u00e1ku EPIRB1 kategorie II od spole\u010dnosti Ocean Signal, obsahuje tak\u00e9 sign\u00e1ln\u00ed zrc\u00e1tko a p\u00ed\u0161\u0165alku, tak\u017ee m\u00e1te k dispozici nejd\u016fle\u017eit\u011bj\u0161\u00ed bezpe\u010dnostn\u00ed vybaven\u00ed.  Ide\u00e1ln\u00ed pro s\u00f3lov\u00e9 jachta\u0159e, pob\u0159e\u017en\u00ed jachta\u0159e nebo ty, kte\u0159\u00ed si vybavuj\u00ed svou prvn\u00ed bezpe\u010dnostn\u00ed sadu. Celkov\u00e1 hodnota sady p\u0159i doporu\u010den\u00e9 maloobchodn\u00ed cen\u011b: 625,97 GBP. U\u0161et\u0159ete s touto sadou 95,98 GBP!\" \/>\n<meta property=\"og:url\" content=\"https:\/\/oceansignal.com\/cs\/products\/bezpecnostni-sada-epirb1\/\" \/>\n<meta property=\"og:site_name\" content=\"Ocean Signal\" \/>\n<meta property=\"article:modified_time\" content=\"2025-08-21T14:04:36+00:00\" \/>\n<meta property=\"og:image\" content=\"https:\/\/oceansignal.com\/wp-content\/uploads\/2025\/06\/Grab_Bag_EPIRB1_Kit-1.jpg\" \/>\n\t<meta property=\"og:image:width\" content=\"911\" \/>\n\t<meta property=\"og:image:height\" content=\"805\" \/>\n\t<meta property=\"og:image:type\" content=\"image\/jpeg\" \/>\n<meta name=\"twitter:card\" content=\"summary_large_image\" \/>\n<meta name=\"twitter:label1\" content=\"Odhadovan\u00e1 doba \u010dten\u00ed\" \/>\n\t<meta name=\"twitter:data1\" content=\"3 minuty\" \/>\n<script type=\"application\/ld+json\" class=\"yoast-schema-graph\">{\"@context\":\"https:\/\/schema.org\",\"@graph\":[{\"@type\":\"WebPage\",\"@id\":\"https:\/\/oceansignal.com\/cs\/products\/bezpecnostni-sada-epirb1\/\",\"url\":\"https:\/\/oceansignal.com\/cs\/products\/bezpecnostni-sada-epirb1\/\",\"name\":\"Bezpe\u010dnostn\u00ed sada EPIRB1 - Ocean Signal\",\"isPartOf\":{\"@id\":\"https:\/\/oceansignal.com\/cs\/#website\"},\"primaryImageOfPage\":{\"@id\":\"https:\/\/oceansignal.com\/cs\/products\/bezpecnostni-sada-epirb1\/#primaryimage\"},\"image\":{\"@id\":\"https:\/\/oceansignal.com\/cs\/products\/bezpecnostni-sada-epirb1\/#primaryimage\"},\"thumbnailUrl\":\"https:\/\/oceansignal.com\/wp-content\/uploads\/2025\/06\/Grab_Bag_EPIRB1_Kit-1.jpg\",\"datePublished\":\"2025-06-17T12:56:37+00:00\",\"dateModified\":\"2025-08-21T14:04:36+00:00\",\"breadcrumb\":{\"@id\":\"https:\/\/oceansignal.com\/cs\/products\/bezpecnostni-sada-epirb1\/#breadcrumb\"},\"inLanguage\":\"cs\",\"potentialAction\":[{\"@type\":\"ReadAction\",\"target\":[\"https:\/\/oceansignal.com\/cs\/products\/bezpecnostni-sada-epirb1\/\"]}]},{\"@type\":\"ImageObject\",\"inLanguage\":\"cs\",\"@id\":\"https:\/\/oceansignal.com\/cs\/products\/bezpecnostni-sada-epirb1\/#primaryimage\",\"url\":\"https:\/\/oceansignal.com\/wp-content\/uploads\/2025\/06\/Grab_Bag_EPIRB1_Kit-1.jpg\",\"contentUrl\":\"https:\/\/oceansignal.com\/wp-content\/uploads\/2025\/06\/Grab_Bag_EPIRB1_Kit-1.jpg\",\"width\":911,\"height\":805},{\"@type\":\"BreadcrumbList\",\"@id\":\"https:\/\/oceansignal.com\/cs\/products\/bezpecnostni-sada-epirb1\/#breadcrumb\",\"itemListElement\":[{\"@type\":\"ListItem\",\"position\":1,\"name\":\"Produkty\",\"item\":\"https:\/\/oceansignal.com\/cs\/produkty\/\"},{\"@type\":\"ListItem\",\"position\":2,\"name\":\"Bezpe\u010dnostn\u00ed sada EPIRB1\"}]},{\"@type\":\"WebSite\",\"@id\":\"https:\/\/oceansignal.com\/cs\/#website\",\"url\":\"https:\/\/oceansignal.com\/cs\/\",\"name\":\"Ocean Signal\",\"description\":\"A leading manufacturer of EPIRBs, AIS, SARTs, Personal Locator Beacons, Man Overboard Beacon for the Marine and Outdoor Markets.\",\"potentialAction\":[{\"@type\":\"SearchAction\",\"target\":{\"@type\":\"EntryPoint\",\"urlTemplate\":\"https:\/\/oceansignal.com\/cs\/?s={search_term_string}\"},\"query-input\":{\"@type\":\"PropertyValueSpecification\",\"valueRequired\":true,\"valueName\":\"search_term_string\"}}],\"inLanguage\":\"cs\"}]}<\/script>\n<!-- \/ Yoast SEO Premium plugin. -->","yoast_head_json":{"title":"Bezpe\u010dnostn\u00ed sada EPIRB1 - Ocean Signal","robots":{"index":"index","follow":"follow","max-snippet":"max-snippet:-1","max-image-preview":"max-image-preview:large","max-video-preview":"max-video-preview:-1"},"canonical":"https:\/\/oceansignal.com\/cs\/products\/bezpecnostni-sada-epirb1\/","og_locale":"cs_CZ","og_type":"article","og_title":"Bezpe\u010dnostn\u00ed sada EPIRB1","og_description":"Bezpe\u010dnostn\u00ed sada EPIRB 1 je p\u0159ipraven\u00e1 bra\u0161na s kritick\u00fdm nouzov\u00fdm vybaven\u00edm. Tato d\u016fle\u017eit\u00e1 sada, postaven\u00e1 na ultrakompaktn\u00edm maj\u00e1ku EPIRB1 kategorie II od spole\u010dnosti Ocean Signal, obsahuje tak\u00e9 sign\u00e1ln\u00ed zrc\u00e1tko a p\u00ed\u0161\u0165alku, tak\u017ee m\u00e1te k dispozici nejd\u016fle\u017eit\u011bj\u0161\u00ed bezpe\u010dnostn\u00ed vybaven\u00ed.  Ide\u00e1ln\u00ed pro s\u00f3lov\u00e9 jachta\u0159e, pob\u0159e\u017en\u00ed jachta\u0159e nebo ty, kte\u0159\u00ed si vybavuj\u00ed svou prvn\u00ed bezpe\u010dnostn\u00ed sadu. Celkov\u00e1 hodnota sady p\u0159i doporu\u010den\u00e9 maloobchodn\u00ed cen\u011b: 625,97 GBP. U\u0161et\u0159ete s touto sadou 95,98 GBP!","og_url":"https:\/\/oceansignal.com\/cs\/products\/bezpecnostni-sada-epirb1\/","og_site_name":"Ocean Signal","article_modified_time":"2025-08-21T14:04:36+00:00","og_image":[{"width":911,"height":805,"url":"https:\/\/oceansignal.com\/wp-content\/uploads\/2025\/06\/Grab_Bag_EPIRB1_Kit-1.jpg","type":"image\/jpeg"}],"twitter_card":"summary_large_image","twitter_misc":{"Odhadovan\u00e1 doba \u010dten\u00ed":"3 minuty"},"schema":{"@context":"https:\/\/schema.org","@graph":[{"@type":"WebPage","@id":"https:\/\/oceansignal.com\/cs\/products\/bezpecnostni-sada-epirb1\/","url":"https:\/\/oceansignal.com\/cs\/products\/bezpecnostni-sada-epirb1\/","name":"Bezpe\u010dnostn\u00ed sada EPIRB1 - Ocean Signal","isPartOf":{"@id":"https:\/\/oceansignal.com\/cs\/#website"},"primaryImageOfPage":{"@id":"https:\/\/oceansignal.com\/cs\/products\/bezpecnostni-sada-epirb1\/#primaryimage"},"image":{"@id":"https:\/\/oceansignal.com\/cs\/products\/bezpecnostni-sada-epirb1\/#primaryimage"},"thumbnailUrl":"https:\/\/oceansignal.com\/wp-content\/uploads\/2025\/06\/Grab_Bag_EPIRB1_Kit-1.jpg","datePublished":"2025-06-17T12:56:37+00:00","dateModified":"2025-08-21T14:04:36+00:00","breadcrumb":{"@id":"https:\/\/oceansignal.com\/cs\/products\/bezpecnostni-sada-epirb1\/#breadcrumb"},"inLanguage":"cs","potentialAction":[{"@type":"ReadAction","target":["https:\/\/oceansignal.com\/cs\/products\/bezpecnostni-sada-epirb1\/"]}]},{"@type":"ImageObject","inLanguage":"cs","@id":"https:\/\/oceansignal.com\/cs\/products\/bezpecnostni-sada-epirb1\/#primaryimage","url":"https:\/\/oceansignal.com\/wp-content\/uploads\/2025\/06\/Grab_Bag_EPIRB1_Kit-1.jpg","contentUrl":"https:\/\/oceansignal.com\/wp-content\/uploads\/2025\/06\/Grab_Bag_EPIRB1_Kit-1.jpg","width":911,"height":805},{"@type":"BreadcrumbList","@id":"https:\/\/oceansignal.com\/cs\/products\/bezpecnostni-sada-epirb1\/#breadcrumb","itemListElement":[{"@type":"ListItem","position":1,"name":"Produkty","item":"https:\/\/oceansignal.com\/cs\/produkty\/"},{"@type":"ListItem","position":2,"name":"Bezpe\u010dnostn\u00ed sada EPIRB1"}]},{"@type":"WebSite","@id":"https:\/\/oceansignal.com\/cs\/#website","url":"https:\/\/oceansignal.com\/cs\/","name":"Ocean Signal","description":"A leading manufacturer of EPIRBs, AIS, SARTs, Personal Locator Beacons, Man Overboard Beacon for the Marine and Outdoor Markets.","potentialAction":[{"@type":"SearchAction","target":{"@type":"EntryPoint","urlTemplate":"https:\/\/oceansignal.com\/cs\/?s={search_term_string}"},"query-input":{"@type":"PropertyValueSpecification","valueRequired":true,"valueName":"search_term_string"}}],"inLanguage":"cs"}]}},"_links":{"self":[{"href":"https:\/\/oceansignal.com\/cs\/wp-json\/wp\/v2\/product\/31938","targetHints":{"allow":["GET"]}}],"collection":[{"href":"https:\/\/oceansignal.com\/cs\/wp-json\/wp\/v2\/product"}],"about":[{"href":"https:\/\/oceansignal.com\/cs\/wp-json\/wp\/v2\/types\/product"}],"wp:featuredmedia":[{"embeddable":true,"href":"https:\/\/oceansignal.com\/cs\/wp-json\/wp\/v2\/media\/31290"}],"wp:attachment":[{"href":"https:\/\/oceansignal.com\/cs\/wp-json\/wp\/v2\/media?parent=31938"}],"wp:term":[{"taxonomy":"product_brand","embeddable":true,"href":"https:\/\/oceansignal.com\/cs\/wp-json\/wp\/v2\/product_brand?post=31938"},{"taxonomy":"product_cat","embeddable":true,"href":"https:\/\/oceansignal.com\/cs\/wp-json\/wp\/v2\/product_cat?post=31938"},{"taxonomy":"product_tag","embeddable":true,"href":"https:\/\/oceansignal.com\/cs\/wp-json\/wp\/v2\/product_tag?post=31938"}],"curies":[{"name":"wp","href":"https:\/\/api.w.org\/{rel}","templated":true}]}}