{"id":31947,"date":"2025-06-24T09:31:27","date_gmt":"2025-06-24T09:31:27","guid":{"rendered":"https:\/\/oceansignal.com\/products\/bezpecnostni-sada-plb1\/"},"modified":"2026-03-18T16:38:25","modified_gmt":"2026-03-18T16:38:25","slug":"bezpecnostni-sada-plb1","status":"publish","type":"product","link":"https:\/\/oceansignal.com\/cs\/products\/bezpecnostni-sada-plb1\/","title":{"rendered":"Bezpe\u010dnostn\u00ed sada PLB1"},"content":{"rendered":"<h3 data-start=\"3285\" data-end=\"3337\"><strong data-start=\"3292\" data-end=\"3337\"><img loading=\"lazy\" decoding=\"async\" class=\"alignnone size-full wp-image-32359\" src=\"https:\/\/oceansignal.com\/wp-content\/uploads\/2025\/07\/View-New-Safety-Kits.png\" alt=\"\" width=\"300\" height=\"75\" srcset=\"https:\/\/oceansignal.com\/wp-content\/uploads\/2025\/07\/View-New-Safety-Kits.png 300w, https:\/\/oceansignal.com\/wp-content\/uploads\/2025\/07\/View-New-Safety-Kits-60x15.png 60w, https:\/\/oceansignal.com\/wp-content\/uploads\/2025\/07\/View-New-Safety-Kits-110x28.png 110w\" sizes=\"auto, (max-width: 300px) 100vw, 300px\" \/><\/strong><\/h3>\n<h3 data-start=\"3116\" data-end=\"3164\"><strong data-start=\"3123\" data-end=\"3164\">Pro\u010d zvolit bezpe\u010dnostn\u00ed sadu PLB1?<\/strong><\/h3>\n<p data-start=\"3166\" data-end=\"3448\">Tato sada, navr\u017een\u00e1 pro nez\u00e1vislost, d\u00e1v\u00e1 n\u00e1mo\u0159n\u00edk\u016fm nebo letc\u016fm mo\u017enost chr\u00e1nit sebe i svou pos\u00e1dku prost\u0159ednictv\u00edm profesion\u00e1ln\u00edho bezpe\u010dnostn\u00edho za\u0159\u00edzen\u00ed, kter\u00e9 je kompaktn\u00ed, cenov\u011b dostupn\u00e9 a spl\u0148uje p\u0159edpisy. Je ide\u00e1ln\u00ed pro ty, kte\u0159\u00ed EPIRB je\u0161t\u011b nepot\u0159ebuj\u00ed, ale cht\u011bj\u00ed b\u00fdt vid\u011bt, sly\u0161et a nalezeni, kdy\u017e na tom nejv\u00edce z\u00e1le\u017e\u00ed. <\/p>\n<p data-start=\"3450\" data-end=\"3536\">A\u0165 u\u017e upravujete plachty nebo l\u00e9t\u00e1te s nohama, toto je va\u0161e osobn\u00ed bezpe\u010dnostn\u00ed z\u00e1loha.<\/p>\n<h3 data-start=\"2760\" data-end=\"2781\"><strong data-start=\"2767\" data-end=\"2781\">Ide\u00e1ln\u00ed pro:<\/strong><\/h3>\n<ul data-start=\"2782\" data-end=\"3037\">\n<li data-start=\"2782\" data-end=\"2842\">\n<p data-start=\"2784\" data-end=\"2842\">S\u00f3lov\u00ed jachta\u0159i, studenti RYA (Royal Yachting Association), v\u00edkendov\u00ed pob\u0159e\u017en\u00ed jachta\u0159i a profesion\u00e1ln\u00ed jachta\u0159i<\/p>\n<\/li>\n<li data-start=\"2843\" data-end=\"2895\">\n<p data-start=\"2845\" data-end=\"2895\">Soukrom\u00ed piloti<\/p>\n<\/li>\n<li data-start=\"2896\" data-end=\"2965\">\n<p data-start=\"2898\" data-end=\"2965\">Dobrodru\u017en\u00ed cestovatel\u00e9, majitel\u00e9 lehk\u00fdch letadel a piloti ultralehk\u00fdch letadel<\/p>\n<\/li>\n<li data-start=\"2966\" data-end=\"3037\">\n<p data-start=\"2968\" data-end=\"3037\">Ka\u017ed\u00fd n\u00e1mo\u0159n\u00edk bez pevn\u00e9ho EPIRB, kter\u00fd pot\u0159ebuje lehk\u00e9 nouzov\u00e9 kryt\u00ed<\/p>\n<\/li>\n<\/ul>\n<h3 data-start=\"699\" data-end=\"752\"><strong data-start=\"706\" data-end=\"752\">Co je sou\u010d\u00e1st\u00ed balen\u00ed a jak to podporuje z\u00e1chranu?<\/strong><\/h3>\n<h4 data-start=\"754\" data-end=\"810\"><strong data-start=\"759\" data-end=\"808\">1 \u00d7 Osobn\u00ed loka\u010dn\u00ed maj\u00e1k Ocean Signal PLB1<\/strong><\/h4>\n<p data-start=\"811\" data-end=\"834\">A\u0165 u\u017e jste na mo\u0159i nebo nad odlehlou pevninou, PLB1 v\u00e1s spoj\u00ed p\u0159\u00edmo s glob\u00e1ln\u00edmi z\u00e1chrann\u00fdmi slu\u017ebami \u2013 i kdy\u017e jste mimo dosah VHF nebo mobiln\u00edch r\u00e1di\u00ed.<br \/>\n Maloobchodn\u00ed cena: 279,99 GBP<br \/>\n<img loading=\"lazy\" decoding=\"async\" class=\"alignnone size-medium wp-image-31618\" src=\"https:\/\/oceansignal.com\/wp-content\/uploads\/2025\/06\/PLB1-straight-on-2.png\" alt=\"\" width=\"172\" height=\"246\" srcset=\"https:\/\/oceansignal.com\/wp-content\/uploads\/2025\/06\/PLB1-straight-on-2.png 172w, https:\/\/oceansignal.com\/wp-content\/uploads\/2025\/06\/PLB1-straight-on-2-60x86.png 60w, https:\/\/oceansignal.com\/wp-content\/uploads\/2025\/06\/PLB1-straight-on-2-110x157.png 110w\" sizes=\"auto, (max-width: 172px) 100vw, 172px\" \/><\/p>\n<p data-start=\"836\" data-end=\"1027\">Tento ultrakompaktn\u00ed satelitn\u00ed maj\u00e1k s frekvenc\u00ed 406 MHz p\u0159en\u00e1\u0161\u00ed va\u0161i GPS polohu do glob\u00e1ln\u00ed satelitn\u00ed s\u00edt\u011b Cospas-Sarsat a nav\u00edc vys\u00edl\u00e1 lok\u00e1ln\u00ed nav\u00e1d\u011bc\u00ed sign\u00e1l s frekvenc\u00ed 121,5 MHz, kter\u00fd pom\u00e1h\u00e1 p\u00e1trac\u00edm t\u00fdm\u016fm rychle se zam\u011b\u0159it.<\/p>\n<ul data-start=\"1029\" data-end=\"1218\">\n<li data-start=\"1029\" data-end=\"1065\">\n<p data-start=\"1031\" data-end=\"1065\">Glob\u00e1ln\u00ed satelitn\u00ed t\u00eds\u0148ov\u00e9 v\u00fdstrahy<\/p>\n<\/li>\n<li data-start=\"1066\" data-end=\"1101\">\n<p data-start=\"1068\" data-end=\"1101\">GPS polohov\u00e1n\u00ed + nav\u00e1d\u011bc\u00ed maj\u00e1k<\/p>\n<\/li>\n<li data-start=\"1102\" data-end=\"1152\">\n<p data-start=\"1104\" data-end=\"1152\">Dostate\u010dn\u011b mal\u00fd, aby se ve\u0161el do kapsy nebo leteck\u00e9 vesty<\/p>\n<\/li>\n<li data-start=\"1153\" data-end=\"1181\">\n<p data-start=\"1155\" data-end=\"1181\">Nen\u00ed vy\u017eadov\u00e1no \u017e\u00e1dn\u00e9 p\u0159edplatn\u00e9<\/p>\n<\/li>\n<li data-start=\"1182\" data-end=\"1218\">\n<p data-start=\"1184\" data-end=\"1218\">7let\u00e1 \u017eivotnost baterie, provoz 24+ hodin<\/p>\n<\/li>\n<\/ul>\n<hr data-start=\"1389\" data-end=\"1392\">\n<h4 data-start=\"1394\" data-end=\"1452\"><strong data-start=\"1399\" data-end=\"1450\">1 \u00d7 Elektronick\u00e1 nouzov\u00e1 sv\u011btlice Ocean Signal EDF1<\/strong><\/h4>\n<p data-start=\"1453\" data-end=\"1476\">Efektivn\u00ed signalizace pro p\u00e1trac\u00ed letadla nebo bl\u00edzk\u00e9 z\u00e1chran\u00e1\u0159e \u2013 ide\u00e1ln\u00ed pro sest\u0159elen\u00e9 piloty nebo n\u00e1mo\u0159n\u00edky \u010dekaj\u00edc\u00ed na z\u00e1chranu.<br \/>\n Maloobchodn\u00ed cena: 149,99 GBP<br \/>\n<img loading=\"lazy\" decoding=\"async\" class=\"alignnone size-medium wp-image-31601\" src=\"https:\/\/oceansignal.com\/wp-content\/uploads\/2025\/06\/EDF1-cutout-70x300.png\" alt=\"\" width=\"70\" height=\"300\" srcset=\"https:\/\/oceansignal.com\/wp-content\/uploads\/2025\/06\/EDF1-cutout-70x300.png 70w, https:\/\/oceansignal.com\/wp-content\/uploads\/2025\/06\/EDF1-cutout-60x258.png 60w, https:\/\/oceansignal.com\/wp-content\/uploads\/2025\/06\/EDF1-cutout-110x473.png 110w, https:\/\/oceansignal.com\/wp-content\/uploads\/2025\/06\/EDF1-cutout.png 180w\" sizes=\"auto, (max-width: 70px) 100vw, 70px\" \/><\/p>\n<p data-start=\"1478\" data-end=\"1641\">Opakovan\u011b pou\u017eiteln\u00e1 nouzov\u00e1 sv\u011btlice nap\u00e1jen\u00e1 z bateri\u00ed s LED diodami, kter\u00e1 nahrazuje pyrotechniku \u200b\u200bbezpe\u010dn\u011bj\u0161\u00ed a vydr\u017e\u00ed alternativou \u2013 ide\u00e1ln\u00ed pro no\u010dn\u00ed viditelnost na sou\u0161i i na mo\u0159i.<\/p>\n<ul data-start=\"1643\" data-end=\"1796\">\n<li data-start=\"1643\" data-end=\"1685\">\n<p data-start=\"1645\" data-end=\"1685\">360\u00b0 viditelnost v noci a\u017e do vzd\u00e1lenosti 7 mil<\/p>\n<\/li>\n<li data-start=\"1686\" data-end=\"1727\">\n<p data-start=\"1688\" data-end=\"1727\">Charakteristika z\u00e1blesku SOS vyza\u0159ovan\u00e9ho v jednom ze \u010dty\u0159 voliteln\u00fdch re\u017eim\u016f (\u00dasporn\u00fd, Jasn\u00fd, Ultra a Paprsek)<\/p>\n<\/li>\n<li data-start=\"1728\" data-end=\"1765\">\n<p data-start=\"1730\" data-end=\"1765\">Vod\u011bodoln\u00fd, plovouc\u00ed a robustn\u00ed<\/p>\n<\/li>\n<li data-start=\"1766\" data-end=\"1796\">\n<p data-start=\"1768\" data-end=\"1796\">Bez rizika po\u017e\u00e1ru a data spot\u0159eby<\/p>\n<\/li>\n<\/ul>\n<hr data-start=\"1933\" data-end=\"1936\">\n<h4 data-start=\"1938\" data-end=\"1980\"><strong data-start=\"1943\" data-end=\"1978\">1 \u00d7 Zrc\u00e1tko a p\u00ed\u0161\u0165alka ACR Signal<\/strong><\/h4>\n<p data-start=\"1981\" data-end=\"2003\">D\u016fle\u017eit\u00e1 z\u00e1loha, kdy\u017e sel\u017eou jin\u00e9 n\u00e1stroje \u2013 ide\u00e1ln\u00ed pro upout\u00e1n\u00ed posledn\u00ed pozornosti vrtuln\u00edk\u016f, z\u00e1chrann\u00fdch \u010dlun\u016f nebo pozemn\u00edch p\u00e1trac\u00edch a z\u00e1chrann\u00fdch t\u00fdm\u016f.<br \/>\n Maloobchodn\u00ed cena: 10,99 GBP<br \/>\n<img loading=\"lazy\" decoding=\"async\" class=\"alignnone size-medium wp-image-31407\" src=\"https:\/\/oceansignal.com\/wp-content\/uploads\/2025\/06\/Grab_Bag_EPIRB1_Kit-e1752085331562-300x131.png\" alt=\"\" width=\"300\" height=\"131\" srcset=\"https:\/\/oceansignal.com\/wp-content\/uploads\/2025\/06\/Grab_Bag_EPIRB1_Kit-e1752085331562-300x131.png 300w, https:\/\/oceansignal.com\/wp-content\/uploads\/2025\/06\/Grab_Bag_EPIRB1_Kit-e1752085331562-60x26.png 60w, https:\/\/oceansignal.com\/wp-content\/uploads\/2025\/06\/Grab_Bag_EPIRB1_Kit-e1752085331562-110x48.png 110w, https:\/\/oceansignal.com\/wp-content\/uploads\/2025\/06\/Grab_Bag_EPIRB1_Kit-e1752085331562.png 344w\" sizes=\"auto, (max-width: 300px) 100vw, 300px\" \/><br \/>\n Jednoduch\u00e9 a lehk\u00e9 n\u00e1stroje, kter\u00e9 v\u00e1m umo\u017en\u00ed vizu\u00e1ln\u011b i zvukov\u011b p\u0159il\u00e1kat z\u00e1chran\u00e1\u0159e, kdy\u017e jsou v dosahu.<\/p>\n<ul>\n<li><strong>Vysoce reflexn\u00ed kompaktn\u00ed zrcadlo pro denn\u00ed vizu\u00e1ln\u00ed sign\u00e1ly &#8211; Navr\u017eeno tak, aby odr\u00e1\u017eelo slune\u010dn\u00ed sv\u011btlo na velk\u00e9 vzd\u00e1lenosti, ide\u00e1ln\u00ed pro upout\u00e1n\u00ed pozornosti proj\u00ed\u017ed\u011bj\u00edc\u00edch plavidel nebo letadel<\/strong><\/li>\n<li><strong>Hlasit\u00e9, bezhlu\u010dn\u00e9 p\u00edsk\u00e1n\u00ed pro upout\u00e1n\u00ed pozornosti zbl\u00edzka<\/strong><\/li>\n<li><strong>\u017d\u00e1dn\u00e9 baterie, \u017e\u00e1dn\u00e1 \u00fadr\u017eba<\/strong><\/li>\n<\/ul>\n<hr data-start=\"1933\" data-end=\"1936\">\n<p><strong data-start=\"2380\" data-end=\"2420\">1 \u00d7 Vod\u011bodoln\u00e1 ta\u0161ka Ocean Signal<\/strong><\/p>\n<p data-start=\"2423\" data-end=\"2445\">Udr\u017euje va\u0161i z\u00e1chrannou sadu chr\u00e1n\u011bnou, viditelnou a p\u0159ipravenou k rychl\u00e9mu nasazen\u00ed v p\u0159\u00edpad\u011b nouze.<br \/>\n Maloobchodn\u00ed cena: 99,99 GBP<br \/>\n<img loading=\"lazy\" decoding=\"async\" class=\"alignnone size-medium wp-image-31488\" src=\"https:\/\/oceansignal.com\/wp-content\/uploads\/2025\/06\/Grab_Bag-1-241x300.webp\" alt=\"\" width=\"241\" height=\"300\" srcset=\"https:\/\/oceansignal.com\/wp-content\/uploads\/2025\/06\/Grab_Bag-1-241x300.webp 241w, https:\/\/oceansignal.com\/wp-content\/uploads\/2025\/06\/Grab_Bag-1-60x75.webp 60w, https:\/\/oceansignal.com\/wp-content\/uploads\/2025\/06\/Grab_Bag-1-110x137.webp 110w, https:\/\/oceansignal.com\/wp-content\/uploads\/2025\/06\/Grab_Bag-1.webp 489w\" sizes=\"auto, (max-width: 241px) 100vw, 241px\" \/><\/p>\n<p data-start=\"2447\" data-end=\"2517\">Sv\u011btl\u00e1, plovouc\u00ed ta\u0161ka pro ulo\u017een\u00ed v\u0161ech bezpe\u010dnostn\u00edch nezbytnost\u00ed na jednom m\u00edst\u011b.<\/p>\n<ul data-start=\"2519\" data-end=\"2641\">\n<li data-start=\"2519\" data-end=\"2570\">\n<p data-start=\"2521\" data-end=\"2570\"><strong>Snadn\u00e9 ulo\u017een\u00ed do \u00falo\u017en\u00e9ho prostoru v kokpitu nebo bra\u0161ny v kokpitu<\/strong><\/p>\n<\/li>\n<li data-start=\"2571\" data-end=\"2616\">\n<p data-start=\"2573\" data-end=\"2616\"><strong>Vzn\u00e1\u0161ej\u00edc\u00ed se<\/strong><\/p>\n<\/li>\n<li data-start=\"2617\" data-end=\"2641\">\n<p data-start=\"2619\" data-end=\"2641\"><strong>Design s vysokou viditelnost\u00ed<\/strong><\/p>\n<\/li>\n<\/ul>\n","protected":false},"excerpt":{"rendered":"<p>Bezpe\u010dnostn\u00ed sada PLB1 je spolehliv\u00fd a cenov\u011b dostupn\u00fd bal\u00ed\u010dek pro jachta\u0159e a piloty, kte\u0159\u00ed pracuj\u00ed samostatn\u011b a oce\u0148uj\u00ed lehk\u00e9 a samostatn\u00e9 bezpe\u010dnostn\u00ed vybaven\u00ed. A\u0165 u\u017e podnik\u00e1te kr\u00e1tk\u00fd p\u0159esun k pob\u0159e\u017e\u00ed nebo p\u0159el\u00e9t\u00e1te odlehl\u00fd ter\u00e9n, tato sada v\u00e1m zajist\u00ed, \u017ee budete p\u0159ipraveni na neo\u010dek\u00e1van\u00e9 situace. <\/p>\n<p>Celkov\u00e1 hodnota sady p\u0159i doporu\u010den\u00e9 maloobchodn\u00ed cen\u011b: 595,99 GBP U\u0161et\u0159ete s touto sadou 115,97 GBP!<\/p>\n","protected":false},"featured_media":31587,"template":"","meta":{"_acf_changed":false,"om_disable_all_campaigns":false},"product_brand":[],"product_cat":[1665,1978,475],"product_tag":[1697,1667],"class_list":{"0":"post-31947","1":"product","2":"type-product","3":"status-publish","4":"has-post-thumbnail","6":"product_cat-bezpecnostni-sady","7":"product_cat-kompatibilni-se-zachrannymi-vestami","8":"product_cat-rescueme-cs-2","9":"product_tag-bezpecnostni-sady","10":"product_tag-taska-na-sberny-papir","12":"first","13":"instock","14":"taxable","15":"shipping-taxable","16":"purchasable","17":"product-type-simple"},"acf":[],"yoast_head":"<!-- This site is optimized with the Yoast SEO Premium plugin v25.2 (Yoast SEO v26.4) - https:\/\/yoast.com\/wordpress\/plugins\/seo\/ -->\n<title>Bezpe\u010dnostn\u00ed sada PLB1 - Ocean Signal<\/title>\n<meta name=\"robots\" content=\"index, follow, max-snippet:-1, max-image-preview:large, max-video-preview:-1\" \/>\n<link rel=\"canonical\" href=\"https:\/\/oceansignal.com\/cs\/products\/bezpecnostni-sada-plb1\/\" \/>\n<meta property=\"og:locale\" content=\"cs_CZ\" \/>\n<meta property=\"og:type\" content=\"article\" \/>\n<meta property=\"og:title\" content=\"Bezpe\u010dnostn\u00ed sada PLB1\" \/>\n<meta property=\"og:description\" content=\"Bezpe\u010dnostn\u00ed sada PLB1 je spolehliv\u00fd a cenov\u011b dostupn\u00fd bal\u00ed\u010dek pro jachta\u0159e a piloty, kte\u0159\u00ed pracuj\u00ed samostatn\u011b a oce\u0148uj\u00ed lehk\u00e9 a samostatn\u00e9 bezpe\u010dnostn\u00ed vybaven\u00ed. A\u0165 u\u017e podnik\u00e1te kr\u00e1tk\u00fd p\u0159esun k pob\u0159e\u017e\u00ed nebo p\u0159el\u00e9t\u00e1te odlehl\u00fd ter\u00e9n, tato sada v\u00e1m zajist\u00ed, \u017ee budete p\u0159ipraveni na neo\u010dek\u00e1van\u00e9 situace.  Celkov\u00e1 hodnota sady p\u0159i doporu\u010den\u00e9 maloobchodn\u00ed cen\u011b: 595,99 GBP U\u0161et\u0159ete s touto sadou 115,97 GBP!\" \/>\n<meta property=\"og:url\" content=\"https:\/\/oceansignal.com\/cs\/products\/bezpecnostni-sada-plb1\/\" \/>\n<meta property=\"og:site_name\" content=\"Ocean Signal\" \/>\n<meta property=\"article:modified_time\" content=\"2026-03-18T16:38:25+00:00\" \/>\n<meta property=\"og:image\" content=\"https:\/\/oceansignal.com\/wp-content\/uploads\/2025\/06\/Grab_Bag_PLB1_Kit-1.jpg\" \/>\n\t<meta property=\"og:image:width\" content=\"911\" \/>\n\t<meta property=\"og:image:height\" content=\"805\" \/>\n\t<meta property=\"og:image:type\" content=\"image\/jpeg\" \/>\n<meta name=\"twitter:card\" content=\"summary_large_image\" \/>\n<meta name=\"twitter:label1\" content=\"Odhadovan\u00e1 doba \u010dten\u00ed\" \/>\n\t<meta name=\"twitter:data1\" content=\"3 minuty\" \/>\n<script type=\"application\/ld+json\" class=\"yoast-schema-graph\">{\"@context\":\"https:\/\/schema.org\",\"@graph\":[{\"@type\":\"WebPage\",\"@id\":\"https:\/\/oceansignal.com\/cs\/products\/bezpecnostni-sada-plb1\/\",\"url\":\"https:\/\/oceansignal.com\/cs\/products\/bezpecnostni-sada-plb1\/\",\"name\":\"Bezpe\u010dnostn\u00ed sada PLB1 - Ocean Signal\",\"isPartOf\":{\"@id\":\"https:\/\/oceansignal.com\/cs\/#website\"},\"primaryImageOfPage\":{\"@id\":\"https:\/\/oceansignal.com\/cs\/products\/bezpecnostni-sada-plb1\/#primaryimage\"},\"image\":{\"@id\":\"https:\/\/oceansignal.com\/cs\/products\/bezpecnostni-sada-plb1\/#primaryimage\"},\"thumbnailUrl\":\"https:\/\/oceansignal.com\/wp-content\/uploads\/2025\/06\/Grab_Bag_PLB1_Kit-1.jpg\",\"datePublished\":\"2025-06-24T09:31:27+00:00\",\"dateModified\":\"2026-03-18T16:38:25+00:00\",\"breadcrumb\":{\"@id\":\"https:\/\/oceansignal.com\/cs\/products\/bezpecnostni-sada-plb1\/#breadcrumb\"},\"inLanguage\":\"cs\",\"potentialAction\":[{\"@type\":\"ReadAction\",\"target\":[\"https:\/\/oceansignal.com\/cs\/products\/bezpecnostni-sada-plb1\/\"]}]},{\"@type\":\"ImageObject\",\"inLanguage\":\"cs\",\"@id\":\"https:\/\/oceansignal.com\/cs\/products\/bezpecnostni-sada-plb1\/#primaryimage\",\"url\":\"https:\/\/oceansignal.com\/wp-content\/uploads\/2025\/06\/Grab_Bag_PLB1_Kit-1.jpg\",\"contentUrl\":\"https:\/\/oceansignal.com\/wp-content\/uploads\/2025\/06\/Grab_Bag_PLB1_Kit-1.jpg\",\"width\":911,\"height\":805},{\"@type\":\"BreadcrumbList\",\"@id\":\"https:\/\/oceansignal.com\/cs\/products\/bezpecnostni-sada-plb1\/#breadcrumb\",\"itemListElement\":[{\"@type\":\"ListItem\",\"position\":1,\"name\":\"Produkty\",\"item\":\"https:\/\/oceansignal.com\/cs\/produkty\/\"},{\"@type\":\"ListItem\",\"position\":2,\"name\":\"Bezpe\u010dnostn\u00ed sada PLB1\"}]},{\"@type\":\"WebSite\",\"@id\":\"https:\/\/oceansignal.com\/cs\/#website\",\"url\":\"https:\/\/oceansignal.com\/cs\/\",\"name\":\"Ocean Signal\",\"description\":\"A leading manufacturer of EPIRBs, AIS, SARTs, Personal Locator Beacons, Man Overboard Beacon for the Marine and Outdoor Markets.\",\"potentialAction\":[{\"@type\":\"SearchAction\",\"target\":{\"@type\":\"EntryPoint\",\"urlTemplate\":\"https:\/\/oceansignal.com\/cs\/?s={search_term_string}\"},\"query-input\":{\"@type\":\"PropertyValueSpecification\",\"valueRequired\":true,\"valueName\":\"search_term_string\"}}],\"inLanguage\":\"cs\"}]}<\/script>\n<!-- \/ Yoast SEO Premium plugin. -->","yoast_head_json":{"title":"Bezpe\u010dnostn\u00ed sada PLB1 - Ocean Signal","robots":{"index":"index","follow":"follow","max-snippet":"max-snippet:-1","max-image-preview":"max-image-preview:large","max-video-preview":"max-video-preview:-1"},"canonical":"https:\/\/oceansignal.com\/cs\/products\/bezpecnostni-sada-plb1\/","og_locale":"cs_CZ","og_type":"article","og_title":"Bezpe\u010dnostn\u00ed sada PLB1","og_description":"Bezpe\u010dnostn\u00ed sada PLB1 je spolehliv\u00fd a cenov\u011b dostupn\u00fd bal\u00ed\u010dek pro jachta\u0159e a piloty, kte\u0159\u00ed pracuj\u00ed samostatn\u011b a oce\u0148uj\u00ed lehk\u00e9 a samostatn\u00e9 bezpe\u010dnostn\u00ed vybaven\u00ed. A\u0165 u\u017e podnik\u00e1te kr\u00e1tk\u00fd p\u0159esun k pob\u0159e\u017e\u00ed nebo p\u0159el\u00e9t\u00e1te odlehl\u00fd ter\u00e9n, tato sada v\u00e1m zajist\u00ed, \u017ee budete p\u0159ipraveni na neo\u010dek\u00e1van\u00e9 situace.  Celkov\u00e1 hodnota sady p\u0159i doporu\u010den\u00e9 maloobchodn\u00ed cen\u011b: 595,99 GBP U\u0161et\u0159ete s touto sadou 115,97 GBP!","og_url":"https:\/\/oceansignal.com\/cs\/products\/bezpecnostni-sada-plb1\/","og_site_name":"Ocean Signal","article_modified_time":"2026-03-18T16:38:25+00:00","og_image":[{"width":911,"height":805,"url":"https:\/\/oceansignal.com\/wp-content\/uploads\/2025\/06\/Grab_Bag_PLB1_Kit-1.jpg","type":"image\/jpeg"}],"twitter_card":"summary_large_image","twitter_misc":{"Odhadovan\u00e1 doba \u010dten\u00ed":"3 minuty"},"schema":{"@context":"https:\/\/schema.org","@graph":[{"@type":"WebPage","@id":"https:\/\/oceansignal.com\/cs\/products\/bezpecnostni-sada-plb1\/","url":"https:\/\/oceansignal.com\/cs\/products\/bezpecnostni-sada-plb1\/","name":"Bezpe\u010dnostn\u00ed sada PLB1 - Ocean Signal","isPartOf":{"@id":"https:\/\/oceansignal.com\/cs\/#website"},"primaryImageOfPage":{"@id":"https:\/\/oceansignal.com\/cs\/products\/bezpecnostni-sada-plb1\/#primaryimage"},"image":{"@id":"https:\/\/oceansignal.com\/cs\/products\/bezpecnostni-sada-plb1\/#primaryimage"},"thumbnailUrl":"https:\/\/oceansignal.com\/wp-content\/uploads\/2025\/06\/Grab_Bag_PLB1_Kit-1.jpg","datePublished":"2025-06-24T09:31:27+00:00","dateModified":"2026-03-18T16:38:25+00:00","breadcrumb":{"@id":"https:\/\/oceansignal.com\/cs\/products\/bezpecnostni-sada-plb1\/#breadcrumb"},"inLanguage":"cs","potentialAction":[{"@type":"ReadAction","target":["https:\/\/oceansignal.com\/cs\/products\/bezpecnostni-sada-plb1\/"]}]},{"@type":"ImageObject","inLanguage":"cs","@id":"https:\/\/oceansignal.com\/cs\/products\/bezpecnostni-sada-plb1\/#primaryimage","url":"https:\/\/oceansignal.com\/wp-content\/uploads\/2025\/06\/Grab_Bag_PLB1_Kit-1.jpg","contentUrl":"https:\/\/oceansignal.com\/wp-content\/uploads\/2025\/06\/Grab_Bag_PLB1_Kit-1.jpg","width":911,"height":805},{"@type":"BreadcrumbList","@id":"https:\/\/oceansignal.com\/cs\/products\/bezpecnostni-sada-plb1\/#breadcrumb","itemListElement":[{"@type":"ListItem","position":1,"name":"Produkty","item":"https:\/\/oceansignal.com\/cs\/produkty\/"},{"@type":"ListItem","position":2,"name":"Bezpe\u010dnostn\u00ed sada PLB1"}]},{"@type":"WebSite","@id":"https:\/\/oceansignal.com\/cs\/#website","url":"https:\/\/oceansignal.com\/cs\/","name":"Ocean Signal","description":"A leading manufacturer of EPIRBs, AIS, SARTs, Personal Locator Beacons, Man Overboard Beacon for the Marine and Outdoor Markets.","potentialAction":[{"@type":"SearchAction","target":{"@type":"EntryPoint","urlTemplate":"https:\/\/oceansignal.com\/cs\/?s={search_term_string}"},"query-input":{"@type":"PropertyValueSpecification","valueRequired":true,"valueName":"search_term_string"}}],"inLanguage":"cs"}]}},"_links":{"self":[{"href":"https:\/\/oceansignal.com\/cs\/wp-json\/wp\/v2\/product\/31947","targetHints":{"allow":["GET"]}}],"collection":[{"href":"https:\/\/oceansignal.com\/cs\/wp-json\/wp\/v2\/product"}],"about":[{"href":"https:\/\/oceansignal.com\/cs\/wp-json\/wp\/v2\/types\/product"}],"wp:featuredmedia":[{"embeddable":true,"href":"https:\/\/oceansignal.com\/cs\/wp-json\/wp\/v2\/media\/31587"}],"wp:attachment":[{"href":"https:\/\/oceansignal.com\/cs\/wp-json\/wp\/v2\/media?parent=31947"}],"wp:term":[{"taxonomy":"product_brand","embeddable":true,"href":"https:\/\/oceansignal.com\/cs\/wp-json\/wp\/v2\/product_brand?post=31947"},{"taxonomy":"product_cat","embeddable":true,"href":"https:\/\/oceansignal.com\/cs\/wp-json\/wp\/v2\/product_cat?post=31947"},{"taxonomy":"product_tag","embeddable":true,"href":"https:\/\/oceansignal.com\/cs\/wp-json\/wp\/v2\/product_tag?post=31947"}],"curies":[{"name":"wp","href":"https:\/\/api.w.org\/{rel}","templated":true}]}}