{"id":31977,"date":"2025-06-24T09:45:57","date_gmt":"2025-06-24T09:45:57","guid":{"rendered":"https:\/\/oceansignal.com\/products\/bezpecnostni-sada-epirb2\/"},"modified":"2025-10-01T07:56:34","modified_gmt":"2025-10-01T07:56:34","slug":"bezpecnostni-sada-epirb2","status":"publish","type":"product","link":"https:\/\/oceansignal.com\/cs\/products\/bezpecnostni-sada-epirb2\/","title":{"rendered":"Bezpe\u010dnostn\u00ed sada pro plavbu EPIRB2"},"content":{"rendered":"<h3 data-start=\"3285\" data-end=\"3337\"><strong data-start=\"3292\" data-end=\"3337\"><img loading=\"lazy\" decoding=\"async\" class=\"alignnone size-full wp-image-32359\" src=\"https:\/\/oceansignal.com\/wp-content\/uploads\/2025\/07\/View-New-Safety-Kits.png\" alt=\"\" width=\"300\" height=\"75\" srcset=\"https:\/\/oceansignal.com\/wp-content\/uploads\/2025\/07\/View-New-Safety-Kits.png 300w, https:\/\/oceansignal.com\/wp-content\/uploads\/2025\/07\/View-New-Safety-Kits-60x15.png 60w, https:\/\/oceansignal.com\/wp-content\/uploads\/2025\/07\/View-New-Safety-Kits-110x28.png 110w\" sizes=\"auto, (max-width: 300px) 100vw, 300px\" \/><\/strong><\/h3>\n<h3 data-start=\"2553\" data-end=\"2604\"><strong data-start=\"2560\" data-end=\"2604\">Pro\u010d si vybrat bezpe\u010dnostn\u00ed sadu EPIRB2?<\/strong><\/h3>\n<p data-start=\"2606\" data-end=\"2880\">Jednoduch\u00e1, kompatibiln\u00ed a d\u016fv\u011bryhodn\u00e1 sada EPIRB2 v\u00e1m poskytuje ochranu na \u00farovni satelit\u016f s minim\u00e1ln\u00edm nastaven\u00edm a z\u00e1rove\u0148 nab\u00edz\u00ed klid, kter\u00fd nab\u00edz\u00ed funkce Return Link Service (RLS). Zahrnut\u00ed RLS poskytuje u\u017eivatel\u016fm potvrzen\u00ed, \u017ee jejich t\u00eds\u0148ov\u00e1 zpr\u00e1va byla odesl\u00e1na a p\u0159ijata. D\u00edky p\u0159ilo\u017een\u00e9mu zavazadlu je tato sada ide\u00e1ln\u00ed pro jachta\u0159e, kte\u0159\u00ed cht\u011bj\u00ed spl\u0148ovat p\u0159\u00edsn\u00e9 bezpe\u010dnostn\u00ed standardy, ani\u017e by museli p\u0159estavovat nebo utr\u00e1cet p\u0159\u00edli\u0161 mnoho pen\u011bz. Je to praktick\u00e1 volba pro skute\u010dn\u00e1 dobrodru\u017estv\u00ed na vod\u011b.  <\/p>\n<p data-start=\"2882\" data-end=\"2932\">Skute\u010dn\u00e1 bezpe\u010dnost. \u017d\u00e1dn\u00e9 dopl\u0148ky. P\u0159esn\u011b to, co pot\u0159ebujete.  <\/p>\n<h3 data-start=\"2206\" data-end=\"2227\"><strong data-start=\"2213\" data-end=\"2227\">Ide\u00e1ln\u00ed pro:<\/strong><\/h3>\n<ul data-start=\"2228\" data-end=\"2474\">\n<li data-start=\"2228\" data-end=\"2281\">\n<p data-start=\"2230\" data-end=\"2281\">N\u00e1mo\u0159n\u00edci se p\u0159ipravuj\u00ed na plavbu na mo\u0159i<\/p>\n<\/li>\n<li data-start=\"2282\" data-end=\"2347\">\n<p data-start=\"2284\" data-end=\"2347\">Pob\u0159e\u017en\u00ed lod\u011b hledaj\u00edc\u00ed bezpe\u010dnost a ochranu spojenou s EPIRB na palub\u011b<\/p>\n<\/li>\n<li data-start=\"2348\" data-end=\"2418\">\n<p data-start=\"2350\" data-end=\"2418\">Pos\u00e1dky vylep\u0161uj\u00edc\u00ed bezpe\u010dnostn\u00ed vybaven\u00ed, aby spl\u0148ovaly po\u017eadavky z\u00e1vodu nebo poji\u0161t\u011bn\u00ed<\/p>\n<\/li>\n<li data-start=\"2419\" data-end=\"2474\">\n<p data-start=\"2421\" data-end=\"2474\">Studenti RYA a majitel\u00e9 jachet bez vestav\u011bn\u00fdch EPIRB<\/p>\n<\/li>\n<\/ul>\n<h3 data-start=\"727\" data-end=\"780\"><strong data-start=\"734\" data-end=\"780\">Co je sou\u010d\u00e1st\u00ed balen\u00ed a jak to podporuje z\u00e1chranu<\/strong><\/h3>\n<h4 data-start=\"782\" data-end=\"825\"><strong data-start=\"787\" data-end=\"823\">1 \u00d7 Ocean Signal EPIRB2 s NFC<\/strong><\/h4>\n<p data-start=\"826\" data-end=\"849\">A\u0165 u\u017e se nach\u00e1z\u00edte na pob\u0159e\u017e\u00ed nebo se vyd\u00e1v\u00e1te na mo\u0159skou hladinu, tento EPIRB v\u00e1m zajist\u00ed glob\u00e1ln\u00ed dosah d\u00edky modern\u00edm technologi\u00edm, to v\u0161e v kompaktn\u00ed a snadno instalovateln\u00e9 jednotce.<br \/>\n Maloobchodn\u00ed cena: 549,99 GBP<\/p>\n<p data-start=\"826\" data-end=\"849\"><img loading=\"lazy\" decoding=\"async\" class=\"alignnone size-medium wp-image-1118\" src=\"https:\/\/oceansignal.com\/wp-content\/uploads\/2023\/09\/EPIRB2-FRONT-72-300x300.png\" alt=\"Ocean Signal rescueME EPIRB2 se slu\u017ebou Return Link Service \u2013 pom\u00e1h\u00e1 p\u0159i efektivn\u00edch z\u00e1chrann\u00fdch operac\u00edch\" width=\"300\" height=\"300\" srcset=\"https:\/\/oceansignal.com\/wp-content\/uploads\/2023\/09\/EPIRB2-FRONT-72-300x300.png 300w, https:\/\/oceansignal.com\/wp-content\/uploads\/2023\/09\/EPIRB2-FRONT-72-150x150.png 150w, https:\/\/oceansignal.com\/wp-content\/uploads\/2023\/09\/EPIRB2-FRONT-72-100x100.png 100w, https:\/\/oceansignal.com\/wp-content\/uploads\/2023\/09\/EPIRB2-FRONT-72.png 411w\" sizes=\"auto, (max-width: 300px) 100vw, 300px\" \/><\/p>\n<p data-start=\"851\" data-end=\"1068\">V\u00fdkonn\u00fd nouzov\u00fd maj\u00e1k kategorie II 406 MHz, kter\u00fd v\u00e1s b\u011bhem n\u011bkolika minut p\u0159ipoj\u00ed ke glob\u00e1ln\u00ed satelitn\u00ed s\u00edti Cospas-Sarsat. Zahrnuje slu\u017ebu Return Link Service (RLS) a p\u0159ipojen\u00ed chytr\u00e9ho telefonu p\u0159es NFC. <\/p>\n<ul data-start=\"1070\" data-end=\"1259\">\n<li data-start=\"1070\" data-end=\"1096\">\n<p data-start=\"1072\" data-end=\"1096\">Celosv\u011btov\u00e9 varov\u00e1n\u00ed p\u0159ed SAR<\/p>\n<\/li>\n<li data-start=\"1131\" data-end=\"1181\">\n<p data-start=\"1133\" data-end=\"1181\">RLS potvrzuje, \u017ee byl p\u0159ijat v\u00e1\u0161 nouzov\u00fd sign\u00e1l<\/p>\n<\/li>\n<li data-start=\"1182\" data-end=\"1222\">\n<p data-start=\"1184\" data-end=\"1222\">Aplikace pro chytr\u00e9 telefony pro testov\u00e1n\u00ed a nastaven\u00ed<\/p>\n<\/li>\n<li data-start=\"1223\" data-end=\"1259\">\n<p data-start=\"1225\" data-end=\"1259\">Ru\u010dn\u00ed dr\u017e\u00e1k (kat. II) je sou\u010d\u00e1st\u00ed balen\u00ed<\/p>\n<\/li>\n<\/ul>\n<hr data-start=\"1423\" data-end=\"1426\">\n<h4 data-start=\"1428\" data-end=\"1470\"><strong data-start=\"1433\" data-end=\"1468\">1 \u00d7 Zrc\u00e1tko a p\u00ed\u0161\u0165alka ACR Signal<\/strong><\/h4>\n<p data-start=\"1471\" data-end=\"1493\">Kl\u00ed\u010dov\u00e9 n\u00e1stroje pro usnadn\u011bn\u00ed identifikace kone\u010dn\u00e9 polohy, jakmile je pomoc na m\u00edst\u011b.<br \/>\n Maloobchodn\u00ed cena: 10,99 GBP<\/p>\n<p data-start=\"1471\" data-end=\"1493\"><img loading=\"lazy\" decoding=\"async\" class=\"alignnone wp-image-31407 size-medium\" src=\"https:\/\/oceansignal.com\/wp-content\/uploads\/2025\/06\/Grab_Bag_EPIRB1_Kit-e1752085331562-300x131.png\" alt=\"\" width=\"300\" height=\"131\" srcset=\"https:\/\/oceansignal.com\/wp-content\/uploads\/2025\/06\/Grab_Bag_EPIRB1_Kit-e1752085331562-300x131.png 300w, https:\/\/oceansignal.com\/wp-content\/uploads\/2025\/06\/Grab_Bag_EPIRB1_Kit-e1752085331562-60x26.png 60w, https:\/\/oceansignal.com\/wp-content\/uploads\/2025\/06\/Grab_Bag_EPIRB1_Kit-e1752085331562-110x48.png 110w, https:\/\/oceansignal.com\/wp-content\/uploads\/2025\/06\/Grab_Bag_EPIRB1_Kit-e1752085331562.png 344w\" sizes=\"auto, (max-width: 300px) 100vw, 300px\" \/><\/p>\n<p data-start=\"1495\" data-end=\"1589\">Jednoduch\u00e9, ale \u00fa\u010dinn\u00e9 vizu\u00e1ln\u00ed a zvukov\u00e9 signaliza\u010dn\u00ed n\u00e1stroje, skv\u011bl\u00e9 pro z\u00e1chranu na bl\u00edzko.<\/p>\n<ul data-start=\"1591\" data-end=\"1704\">\n<li data-start=\"1591\" data-end=\"1650\">\n<p data-start=\"1593\" data-end=\"1650\">Vysoce reflexn\u00ed kompaktn\u00ed zrcadlo pro denn\u00ed vizu\u00e1ln\u00ed sign\u00e1l &#8211; Navr\u017eeno tak, aby odr\u00e1\u017eelo slune\u010dn\u00ed sv\u011btlo na velk\u00e9 vzd\u00e1lenosti, ide\u00e1ln\u00ed pro upout\u00e1n\u00ed pozornosti proj\u00ed\u017ed\u011bj\u00edc\u00edch plavidel nebo letadel<\/p>\n<\/li>\n<li data-start=\"1651\" data-end=\"1704\">\n<p data-start=\"1653\" data-end=\"1704\">Hlasit\u00e1, bezhlu\u010dn\u00e1 p\u00ed\u0161\u0165alka pro zvukov\u00e9 upozorn\u011bn\u00ed na kr\u00e1tkou vzd\u00e1lenost<\/p>\n<\/li>\n<\/ul>\n<hr data-start=\"1810\" data-end=\"1813\">\n<h4 data-start=\"1815\" data-end=\"1862\"><strong data-start=\"1820\" data-end=\"1860\">1 \u00d7 Vod\u011bodoln\u00e1 ta\u0161ka Ocean Signal<\/strong><\/h4>\n<p data-start=\"1863\" data-end=\"1886\"><em data-start=\"1863\" data-end=\"1886\">Nouzov\u00e9 situace se vy\u0159e\u0161\u00ed rychle \u2013 s touto ta\u0161kou to zvl\u00e1dnete i vy.<br \/>\n Maloobchodn\u00ed cena: 129,99 GBP<\/em><\/p>\n<p data-start=\"1863\" data-end=\"1886\"><img loading=\"lazy\" decoding=\"async\" class=\"alignnone wp-image-31455 \" src=\"https:\/\/oceansignal.com\/wp-content\/uploads\/2025\/06\/Grab_Bag-300x200.webp\" alt=\"\" width=\"387\" height=\"258\" srcset=\"https:\/\/oceansignal.com\/wp-content\/uploads\/2025\/06\/Grab_Bag-300x200.webp 300w, https:\/\/oceansignal.com\/wp-content\/uploads\/2025\/06\/Grab_Bag-1024x683.webp 1024w, https:\/\/oceansignal.com\/wp-content\/uploads\/2025\/06\/Grab_Bag-768x512.webp 768w, https:\/\/oceansignal.com\/wp-content\/uploads\/2025\/06\/Grab_Bag-600x400.webp 600w, https:\/\/oceansignal.com\/wp-content\/uploads\/2025\/06\/Grab_Bag-60x40.webp 60w, https:\/\/oceansignal.com\/wp-content\/uploads\/2025\/06\/Grab_Bag-110x73.webp 110w, https:\/\/oceansignal.com\/wp-content\/uploads\/2025\/06\/Grab_Bag.webp 1234w\" sizes=\"auto, (max-width: 387px) 100vw, 387px\" \/><\/p>\n<p data-start=\"1888\" data-end=\"2000\">Odoln\u00fd, vodot\u011bsn\u00fd a nepromokav\u00fd vak, kter\u00fd udr\u017e\u00ed va\u0161e nouzov\u00e9 vybaven\u00ed pohromad\u011b, such\u00e9 a p\u0159\u00edstupn\u00e9, kdy\u017e ho nejv\u00edce pot\u0159ebujete.<\/p>\n<ul data-start=\"2002\" data-end=\"2122\">\n<li data-start=\"2002\" data-end=\"2039\">\n<p data-start=\"2004\" data-end=\"2039\">Plovouc\u00ed, dob\u0159e viditeln\u00fd design<\/p>\n<\/li>\n<li data-start=\"2040\" data-end=\"2075\">\n<p data-start=\"2042\" data-end=\"2075\">Odoln\u00fd pro pob\u0159e\u017en\u00ed podm\u00ednky<\/p>\n<\/li>\n<li data-start=\"2076\" data-end=\"2122\">\n<p data-start=\"2078\" data-end=\"2122\">M\u00edsto pro EPIRB, elektronick\u00e9 sv\u011btlice, dokumenty a dal\u0161\u00ed<\/p>\n<\/li>\n<\/ul>\n","protected":false},"excerpt":{"rendered":"<p><strong data-start=\"336\" data-end=\"374\">Solidn\u00ed vstup do seri\u00f3zn\u00edho bezpe\u010d\u00ed.<br \/>\n<\/strong><br data-start=\"374\" data-end=\"377\"> <strong data-start=\"381\" data-end=\"395\">Sada EPIRB2<\/strong> je chytr\u00e1 a efektivn\u00ed nouzov\u00e1 sada pro jachta\u0159e, kte\u0159\u00ed cht\u011bj\u00ed nen\u00e1ro\u010dn\u00e9 a v souladu s p\u0159edpisy vybaven\u00e9 nejnov\u011bj\u0161\u00edm EPIRB od Ocean Signal s NFC p\u0159ipojen\u00edm. A\u0165 u\u017e se p\u0159ipravujete na svou prvn\u00ed plavbu na mo\u0159i, nebo vylep\u0161ujete zastaral\u00e9 za\u0159\u00edzen\u00ed, tato sada pokr\u00fdv\u00e1 z\u00e1kladn\u00ed prvky \u2013 bez zbyte\u010dn\u00fdch komplikac\u00ed. <\/p>\n<p>Celkov\u00e1 hodnota sady p\u0159i doporu\u010den\u00e9 maloobchodn\u00ed prodejn\u00ed cen\u011b: 690,97 GBP U\u0161et\u0159ete s touto sadou 110 GBP!<\/p>\n","protected":false},"featured_media":31371,"template":"","meta":{"_acf_changed":false,"om_disable_all_campaigns":false},"product_brand":[],"product_cat":[1665,475],"product_tag":[1697,1667],"class_list":{"0":"post-31977","1":"product","2":"type-product","3":"status-publish","4":"has-post-thumbnail","6":"product_cat-bezpecnostni-sady","7":"product_cat-rescueme-cs-2","8":"product_tag-bezpecnostni-sady","9":"product_tag-taska-na-sberny-papir","11":"first","12":"instock","13":"taxable","14":"shipping-taxable","15":"purchasable","16":"product-type-simple"},"acf":[],"yoast_head":"<!-- This site is optimized with the Yoast SEO Premium plugin v25.2 (Yoast SEO v26.4) - https:\/\/yoast.com\/wordpress\/plugins\/seo\/ -->\n<title>Bezpe\u010dnostn\u00ed sada pro plavbu EPIRB2 - Ocean Signal<\/title>\n<meta name=\"robots\" content=\"index, follow, max-snippet:-1, max-image-preview:large, max-video-preview:-1\" \/>\n<link rel=\"canonical\" href=\"https:\/\/oceansignal.com\/cs\/products\/bezpecnostni-sada-epirb2\/\" \/>\n<meta property=\"og:locale\" content=\"cs_CZ\" \/>\n<meta property=\"og:type\" content=\"article\" \/>\n<meta property=\"og:title\" content=\"Bezpe\u010dnostn\u00ed sada pro plavbu EPIRB2\" \/>\n<meta property=\"og:description\" content=\"Solidn\u00ed vstup do seri\u00f3zn\u00edho bezpe\u010d\u00ed. Sada EPIRB2 je chytr\u00e1 a efektivn\u00ed nouzov\u00e1 sada pro jachta\u0159e, kte\u0159\u00ed cht\u011bj\u00ed nen\u00e1ro\u010dn\u00e9 a v souladu s p\u0159edpisy vybaven\u00e9 nejnov\u011bj\u0161\u00edm EPIRB od Ocean Signal s NFC p\u0159ipojen\u00edm. A\u0165 u\u017e se p\u0159ipravujete na svou prvn\u00ed plavbu na mo\u0159i, nebo vylep\u0161ujete zastaral\u00e9 za\u0159\u00edzen\u00ed, tato sada pokr\u00fdv\u00e1 z\u00e1kladn\u00ed prvky \u2013 bez zbyte\u010dn\u00fdch komplikac\u00ed.  Celkov\u00e1 hodnota sady p\u0159i doporu\u010den\u00e9 maloobchodn\u00ed prodejn\u00ed cen\u011b: 690,97 GBP U\u0161et\u0159ete s touto sadou 110 GBP!\" \/>\n<meta property=\"og:url\" content=\"https:\/\/oceansignal.com\/cs\/products\/bezpecnostni-sada-epirb2\/\" \/>\n<meta property=\"og:site_name\" content=\"Ocean Signal\" \/>\n<meta property=\"article:modified_time\" content=\"2025-10-01T07:56:34+00:00\" \/>\n<meta property=\"og:image\" content=\"https:\/\/oceansignal.com\/wp-content\/uploads\/2025\/06\/Grab_Bag_EPIRB2_Kit-1.jpg\" \/>\n\t<meta property=\"og:image:width\" content=\"911\" \/>\n\t<meta property=\"og:image:height\" content=\"805\" \/>\n\t<meta property=\"og:image:type\" content=\"image\/jpeg\" \/>\n<meta name=\"twitter:card\" content=\"summary_large_image\" \/>\n<meta name=\"twitter:label1\" content=\"Odhadovan\u00e1 doba \u010dten\u00ed\" \/>\n\t<meta name=\"twitter:data1\" content=\"2 minuty\" \/>\n<script type=\"application\/ld+json\" class=\"yoast-schema-graph\">{\"@context\":\"https:\/\/schema.org\",\"@graph\":[{\"@type\":\"WebPage\",\"@id\":\"https:\/\/oceansignal.com\/cs\/products\/bezpecnostni-sada-epirb2\/\",\"url\":\"https:\/\/oceansignal.com\/cs\/products\/bezpecnostni-sada-epirb2\/\",\"name\":\"Bezpe\u010dnostn\u00ed sada pro plavbu EPIRB2 - Ocean Signal\",\"isPartOf\":{\"@id\":\"https:\/\/oceansignal.com\/cs\/#website\"},\"primaryImageOfPage\":{\"@id\":\"https:\/\/oceansignal.com\/cs\/products\/bezpecnostni-sada-epirb2\/#primaryimage\"},\"image\":{\"@id\":\"https:\/\/oceansignal.com\/cs\/products\/bezpecnostni-sada-epirb2\/#primaryimage\"},\"thumbnailUrl\":\"https:\/\/oceansignal.com\/wp-content\/uploads\/2025\/06\/Grab_Bag_EPIRB2_Kit-1.jpg\",\"datePublished\":\"2025-06-24T09:45:57+00:00\",\"dateModified\":\"2025-10-01T07:56:34+00:00\",\"breadcrumb\":{\"@id\":\"https:\/\/oceansignal.com\/cs\/products\/bezpecnostni-sada-epirb2\/#breadcrumb\"},\"inLanguage\":\"cs\",\"potentialAction\":[{\"@type\":\"ReadAction\",\"target\":[\"https:\/\/oceansignal.com\/cs\/products\/bezpecnostni-sada-epirb2\/\"]}]},{\"@type\":\"ImageObject\",\"inLanguage\":\"cs\",\"@id\":\"https:\/\/oceansignal.com\/cs\/products\/bezpecnostni-sada-epirb2\/#primaryimage\",\"url\":\"https:\/\/oceansignal.com\/wp-content\/uploads\/2025\/06\/Grab_Bag_EPIRB2_Kit-1.jpg\",\"contentUrl\":\"https:\/\/oceansignal.com\/wp-content\/uploads\/2025\/06\/Grab_Bag_EPIRB2_Kit-1.jpg\",\"width\":911,\"height\":805},{\"@type\":\"BreadcrumbList\",\"@id\":\"https:\/\/oceansignal.com\/cs\/products\/bezpecnostni-sada-epirb2\/#breadcrumb\",\"itemListElement\":[{\"@type\":\"ListItem\",\"position\":1,\"name\":\"Produkty\",\"item\":\"https:\/\/oceansignal.com\/cs\/produkty\/\"},{\"@type\":\"ListItem\",\"position\":2,\"name\":\"Bezpe\u010dnostn\u00ed sada pro plavbu EPIRB2\"}]},{\"@type\":\"WebSite\",\"@id\":\"https:\/\/oceansignal.com\/cs\/#website\",\"url\":\"https:\/\/oceansignal.com\/cs\/\",\"name\":\"Ocean Signal\",\"description\":\"A leading manufacturer of EPIRBs, AIS, SARTs, Personal Locator Beacons, Man Overboard Beacon for the Marine and Outdoor Markets.\",\"potentialAction\":[{\"@type\":\"SearchAction\",\"target\":{\"@type\":\"EntryPoint\",\"urlTemplate\":\"https:\/\/oceansignal.com\/cs\/?s={search_term_string}\"},\"query-input\":{\"@type\":\"PropertyValueSpecification\",\"valueRequired\":true,\"valueName\":\"search_term_string\"}}],\"inLanguage\":\"cs\"}]}<\/script>\n<!-- \/ Yoast SEO Premium plugin. -->","yoast_head_json":{"title":"Bezpe\u010dnostn\u00ed sada pro plavbu EPIRB2 - Ocean Signal","robots":{"index":"index","follow":"follow","max-snippet":"max-snippet:-1","max-image-preview":"max-image-preview:large","max-video-preview":"max-video-preview:-1"},"canonical":"https:\/\/oceansignal.com\/cs\/products\/bezpecnostni-sada-epirb2\/","og_locale":"cs_CZ","og_type":"article","og_title":"Bezpe\u010dnostn\u00ed sada pro plavbu EPIRB2","og_description":"Solidn\u00ed vstup do seri\u00f3zn\u00edho bezpe\u010d\u00ed. Sada EPIRB2 je chytr\u00e1 a efektivn\u00ed nouzov\u00e1 sada pro jachta\u0159e, kte\u0159\u00ed cht\u011bj\u00ed nen\u00e1ro\u010dn\u00e9 a v souladu s p\u0159edpisy vybaven\u00e9 nejnov\u011bj\u0161\u00edm EPIRB od Ocean Signal s NFC p\u0159ipojen\u00edm. A\u0165 u\u017e se p\u0159ipravujete na svou prvn\u00ed plavbu na mo\u0159i, nebo vylep\u0161ujete zastaral\u00e9 za\u0159\u00edzen\u00ed, tato sada pokr\u00fdv\u00e1 z\u00e1kladn\u00ed prvky \u2013 bez zbyte\u010dn\u00fdch komplikac\u00ed.  Celkov\u00e1 hodnota sady p\u0159i doporu\u010den\u00e9 maloobchodn\u00ed prodejn\u00ed cen\u011b: 690,97 GBP U\u0161et\u0159ete s touto sadou 110 GBP!","og_url":"https:\/\/oceansignal.com\/cs\/products\/bezpecnostni-sada-epirb2\/","og_site_name":"Ocean Signal","article_modified_time":"2025-10-01T07:56:34+00:00","og_image":[{"width":911,"height":805,"url":"https:\/\/oceansignal.com\/wp-content\/uploads\/2025\/06\/Grab_Bag_EPIRB2_Kit-1.jpg","type":"image\/jpeg"}],"twitter_card":"summary_large_image","twitter_misc":{"Odhadovan\u00e1 doba \u010dten\u00ed":"2 minuty"},"schema":{"@context":"https:\/\/schema.org","@graph":[{"@type":"WebPage","@id":"https:\/\/oceansignal.com\/cs\/products\/bezpecnostni-sada-epirb2\/","url":"https:\/\/oceansignal.com\/cs\/products\/bezpecnostni-sada-epirb2\/","name":"Bezpe\u010dnostn\u00ed sada pro plavbu EPIRB2 - Ocean Signal","isPartOf":{"@id":"https:\/\/oceansignal.com\/cs\/#website"},"primaryImageOfPage":{"@id":"https:\/\/oceansignal.com\/cs\/products\/bezpecnostni-sada-epirb2\/#primaryimage"},"image":{"@id":"https:\/\/oceansignal.com\/cs\/products\/bezpecnostni-sada-epirb2\/#primaryimage"},"thumbnailUrl":"https:\/\/oceansignal.com\/wp-content\/uploads\/2025\/06\/Grab_Bag_EPIRB2_Kit-1.jpg","datePublished":"2025-06-24T09:45:57+00:00","dateModified":"2025-10-01T07:56:34+00:00","breadcrumb":{"@id":"https:\/\/oceansignal.com\/cs\/products\/bezpecnostni-sada-epirb2\/#breadcrumb"},"inLanguage":"cs","potentialAction":[{"@type":"ReadAction","target":["https:\/\/oceansignal.com\/cs\/products\/bezpecnostni-sada-epirb2\/"]}]},{"@type":"ImageObject","inLanguage":"cs","@id":"https:\/\/oceansignal.com\/cs\/products\/bezpecnostni-sada-epirb2\/#primaryimage","url":"https:\/\/oceansignal.com\/wp-content\/uploads\/2025\/06\/Grab_Bag_EPIRB2_Kit-1.jpg","contentUrl":"https:\/\/oceansignal.com\/wp-content\/uploads\/2025\/06\/Grab_Bag_EPIRB2_Kit-1.jpg","width":911,"height":805},{"@type":"BreadcrumbList","@id":"https:\/\/oceansignal.com\/cs\/products\/bezpecnostni-sada-epirb2\/#breadcrumb","itemListElement":[{"@type":"ListItem","position":1,"name":"Produkty","item":"https:\/\/oceansignal.com\/cs\/produkty\/"},{"@type":"ListItem","position":2,"name":"Bezpe\u010dnostn\u00ed sada pro plavbu EPIRB2"}]},{"@type":"WebSite","@id":"https:\/\/oceansignal.com\/cs\/#website","url":"https:\/\/oceansignal.com\/cs\/","name":"Ocean Signal","description":"A leading manufacturer of EPIRBs, AIS, SARTs, Personal Locator Beacons, Man Overboard Beacon for the Marine and Outdoor Markets.","potentialAction":[{"@type":"SearchAction","target":{"@type":"EntryPoint","urlTemplate":"https:\/\/oceansignal.com\/cs\/?s={search_term_string}"},"query-input":{"@type":"PropertyValueSpecification","valueRequired":true,"valueName":"search_term_string"}}],"inLanguage":"cs"}]}},"_links":{"self":[{"href":"https:\/\/oceansignal.com\/cs\/wp-json\/wp\/v2\/product\/31977","targetHints":{"allow":["GET"]}}],"collection":[{"href":"https:\/\/oceansignal.com\/cs\/wp-json\/wp\/v2\/product"}],"about":[{"href":"https:\/\/oceansignal.com\/cs\/wp-json\/wp\/v2\/types\/product"}],"wp:featuredmedia":[{"embeddable":true,"href":"https:\/\/oceansignal.com\/cs\/wp-json\/wp\/v2\/media\/31371"}],"wp:attachment":[{"href":"https:\/\/oceansignal.com\/cs\/wp-json\/wp\/v2\/media?parent=31977"}],"wp:term":[{"taxonomy":"product_brand","embeddable":true,"href":"https:\/\/oceansignal.com\/cs\/wp-json\/wp\/v2\/product_brand?post=31977"},{"taxonomy":"product_cat","embeddable":true,"href":"https:\/\/oceansignal.com\/cs\/wp-json\/wp\/v2\/product_cat?post=31977"},{"taxonomy":"product_tag","embeddable":true,"href":"https:\/\/oceansignal.com\/cs\/wp-json\/wp\/v2\/product_tag?post=31977"}],"curies":[{"name":"wp","href":"https:\/\/api.w.org\/{rel}","templated":true}]}}