{"id":34707,"date":"2025-09-18T12:42:18","date_gmt":"2025-09-18T12:42:18","guid":{"rendered":"https:\/\/oceansignal.com\/?post_type=product&#038;p=34707"},"modified":"2026-04-01T15:59:55","modified_gmt":"2026-04-01T15:59:55","slug":"plovaci-vak-plb1-copy","status":"publish","type":"product","link":"https:\/\/oceansignal.com\/cs\/products\/plovaci-vak-plb1-copy\/","title":{"rendered":"Plovac\u00ed vak PLB3"},"content":{"rendered":"<ul>\n<li>Zvy\u0161uje vztlak z\u00e1chrann\u00e9ho pouzdra rescueME PLB3 po nasazen\u00ed.<\/li>\n<li>Pohodln\u011b padne a udr\u017e\u00ed v\u00e1\u0161 PLB3 v provozuschopn\u00e9m stavu<\/li>\n<li>Kompatibiln\u00ed s Ocean Signal rescueME PLB3 (730S-01261)<\/li>\n<\/ul>\n","protected":false},"excerpt":{"rendered":"<p>Plovac\u00ed vak rescueME PLB3* zvy\u0161uje vztlak va\u0161eho PLB3, tak\u017ee se vzn\u00e1\u0161\u00ed a umo\u017e\u0148uje jeho z\u00e1chranu p\u0159i p\u00e1du do vody. S nasazen\u00fdm plovac\u00edm vakem z\u016fst\u00e1v\u00e1 v\u00e1\u0161 PLB3 pln\u011b funk\u010dn\u00ed. <\/p>\n<p><em>*RescueMe PLB3 zobrazen\u00fd na obr\u00e1zku nen\u00ed sou\u010d\u00e1st\u00ed balen\u00ed a prod\u00e1v\u00e1 se samostatn\u011b.<\/em><\/p>\n","protected":false},"featured_media":34803,"template":"","meta":{"_acf_changed":false,"om_disable_all_campaigns":false},"product_brand":[],"product_cat":[1787,475],"product_tag":[1052,1791,1843],"class_list":{"0":"post-34707","1":"product","2":"type-product","3":"status-publish","4":"has-post-thumbnail","6":"product_cat-prislusenstvi","7":"product_cat-rescueme-cs-2","8":"product_tag-plb3-cs","9":"product_tag-plovaci-vak","10":"product_tag-pouzdro-plb3","12":"first","13":"instock","14":"taxable","15":"shipping-taxable","16":"purchasable","17":"product-type-simple"},"acf":[],"yoast_head":"<!-- This site is optimized with the Yoast SEO Premium plugin v25.2 (Yoast SEO v26.4) - https:\/\/yoast.com\/wordpress\/plugins\/seo\/ -->\n<title>Plovac\u00ed vak PLB3 - Ocean Signal<\/title>\n<meta name=\"robots\" content=\"index, follow, max-snippet:-1, max-image-preview:large, max-video-preview:-1\" \/>\n<link rel=\"canonical\" href=\"https:\/\/oceansignal.com\/cs\/products\/plovaci-vak-plb1-copy\/\" \/>\n<meta property=\"og:locale\" content=\"cs_CZ\" \/>\n<meta property=\"og:type\" content=\"article\" \/>\n<meta property=\"og:title\" content=\"Plovac\u00ed vak PLB3\" \/>\n<meta property=\"og:description\" content=\"Plovac\u00ed vak rescueME PLB3* zvy\u0161uje vztlak va\u0161eho PLB3, tak\u017ee se vzn\u00e1\u0161\u00ed a umo\u017e\u0148uje jeho z\u00e1chranu p\u0159i p\u00e1du do vody. S nasazen\u00fdm plovac\u00edm vakem z\u016fst\u00e1v\u00e1 v\u00e1\u0161 PLB3 pln\u011b funk\u010dn\u00ed.  *RescueMe PLB3 zobrazen\u00fd na obr\u00e1zku nen\u00ed sou\u010d\u00e1st\u00ed balen\u00ed a prod\u00e1v\u00e1 se samostatn\u011b.\" \/>\n<meta property=\"og:url\" content=\"https:\/\/oceansignal.com\/cs\/products\/plovaci-vak-plb1-copy\/\" \/>\n<meta property=\"og:site_name\" content=\"Ocean Signal\" \/>\n<meta property=\"article:modified_time\" content=\"2026-04-01T15:59:55+00:00\" \/>\n<meta property=\"og:image\" content=\"https:\/\/oceansignal.com\/wp-content\/uploads\/2025\/09\/OSL-PLB3-Pouch-Right-Angle.jpg\" \/>\n\t<meta property=\"og:image:width\" content=\"2000\" \/>\n\t<meta property=\"og:image:height\" content=\"2000\" \/>\n\t<meta property=\"og:image:type\" content=\"image\/jpeg\" \/>\n<meta name=\"twitter:card\" content=\"summary_large_image\" \/>\n<script type=\"application\/ld+json\" class=\"yoast-schema-graph\">{\"@context\":\"https:\/\/schema.org\",\"@graph\":[{\"@type\":\"WebPage\",\"@id\":\"https:\/\/oceansignal.com\/cs\/products\/plovaci-vak-plb1-copy\/\",\"url\":\"https:\/\/oceansignal.com\/cs\/products\/plovaci-vak-plb1-copy\/\",\"name\":\"Plovac\u00ed vak PLB3 - Ocean Signal\",\"isPartOf\":{\"@id\":\"https:\/\/oceansignal.com\/cs\/#website\"},\"primaryImageOfPage\":{\"@id\":\"https:\/\/oceansignal.com\/cs\/products\/plovaci-vak-plb1-copy\/#primaryimage\"},\"image\":{\"@id\":\"https:\/\/oceansignal.com\/cs\/products\/plovaci-vak-plb1-copy\/#primaryimage\"},\"thumbnailUrl\":\"https:\/\/oceansignal.com\/wp-content\/uploads\/2025\/09\/OSL-PLB3-Pouch-Right-Angle.jpg\",\"datePublished\":\"2025-09-18T12:42:18+00:00\",\"dateModified\":\"2026-04-01T15:59:55+00:00\",\"breadcrumb\":{\"@id\":\"https:\/\/oceansignal.com\/cs\/products\/plovaci-vak-plb1-copy\/#breadcrumb\"},\"inLanguage\":\"cs\",\"potentialAction\":[{\"@type\":\"ReadAction\",\"target\":[\"https:\/\/oceansignal.com\/cs\/products\/plovaci-vak-plb1-copy\/\"]}]},{\"@type\":\"ImageObject\",\"inLanguage\":\"cs\",\"@id\":\"https:\/\/oceansignal.com\/cs\/products\/plovaci-vak-plb1-copy\/#primaryimage\",\"url\":\"https:\/\/oceansignal.com\/wp-content\/uploads\/2025\/09\/OSL-PLB3-Pouch-Right-Angle.jpg\",\"contentUrl\":\"https:\/\/oceansignal.com\/wp-content\/uploads\/2025\/09\/OSL-PLB3-Pouch-Right-Angle.jpg\",\"width\":2000,\"height\":2000},{\"@type\":\"BreadcrumbList\",\"@id\":\"https:\/\/oceansignal.com\/cs\/products\/plovaci-vak-plb1-copy\/#breadcrumb\",\"itemListElement\":[{\"@type\":\"ListItem\",\"position\":1,\"name\":\"Produkty\",\"item\":\"https:\/\/oceansignal.com\/cs\/produkty\/\"},{\"@type\":\"ListItem\",\"position\":2,\"name\":\"Plovac\u00ed vak PLB3\"}]},{\"@type\":\"WebSite\",\"@id\":\"https:\/\/oceansignal.com\/cs\/#website\",\"url\":\"https:\/\/oceansignal.com\/cs\/\",\"name\":\"Ocean Signal\",\"description\":\"A leading manufacturer of EPIRBs, AIS, SARTs, Personal Locator Beacons, Man Overboard Beacon for the Marine and Outdoor Markets.\",\"potentialAction\":[{\"@type\":\"SearchAction\",\"target\":{\"@type\":\"EntryPoint\",\"urlTemplate\":\"https:\/\/oceansignal.com\/cs\/?s={search_term_string}\"},\"query-input\":{\"@type\":\"PropertyValueSpecification\",\"valueRequired\":true,\"valueName\":\"search_term_string\"}}],\"inLanguage\":\"cs\"}]}<\/script>\n<!-- \/ Yoast SEO Premium plugin. -->","yoast_head_json":{"title":"Plovac\u00ed vak PLB3 - Ocean Signal","robots":{"index":"index","follow":"follow","max-snippet":"max-snippet:-1","max-image-preview":"max-image-preview:large","max-video-preview":"max-video-preview:-1"},"canonical":"https:\/\/oceansignal.com\/cs\/products\/plovaci-vak-plb1-copy\/","og_locale":"cs_CZ","og_type":"article","og_title":"Plovac\u00ed vak PLB3","og_description":"Plovac\u00ed vak rescueME PLB3* zvy\u0161uje vztlak va\u0161eho PLB3, tak\u017ee se vzn\u00e1\u0161\u00ed a umo\u017e\u0148uje jeho z\u00e1chranu p\u0159i p\u00e1du do vody. S nasazen\u00fdm plovac\u00edm vakem z\u016fst\u00e1v\u00e1 v\u00e1\u0161 PLB3 pln\u011b funk\u010dn\u00ed.  *RescueMe PLB3 zobrazen\u00fd na obr\u00e1zku nen\u00ed sou\u010d\u00e1st\u00ed balen\u00ed a prod\u00e1v\u00e1 se samostatn\u011b.","og_url":"https:\/\/oceansignal.com\/cs\/products\/plovaci-vak-plb1-copy\/","og_site_name":"Ocean Signal","article_modified_time":"2026-04-01T15:59:55+00:00","og_image":[{"width":2000,"height":2000,"url":"https:\/\/oceansignal.com\/wp-content\/uploads\/2025\/09\/OSL-PLB3-Pouch-Right-Angle.jpg","type":"image\/jpeg"}],"twitter_card":"summary_large_image","schema":{"@context":"https:\/\/schema.org","@graph":[{"@type":"WebPage","@id":"https:\/\/oceansignal.com\/cs\/products\/plovaci-vak-plb1-copy\/","url":"https:\/\/oceansignal.com\/cs\/products\/plovaci-vak-plb1-copy\/","name":"Plovac\u00ed vak PLB3 - Ocean Signal","isPartOf":{"@id":"https:\/\/oceansignal.com\/cs\/#website"},"primaryImageOfPage":{"@id":"https:\/\/oceansignal.com\/cs\/products\/plovaci-vak-plb1-copy\/#primaryimage"},"image":{"@id":"https:\/\/oceansignal.com\/cs\/products\/plovaci-vak-plb1-copy\/#primaryimage"},"thumbnailUrl":"https:\/\/oceansignal.com\/wp-content\/uploads\/2025\/09\/OSL-PLB3-Pouch-Right-Angle.jpg","datePublished":"2025-09-18T12:42:18+00:00","dateModified":"2026-04-01T15:59:55+00:00","breadcrumb":{"@id":"https:\/\/oceansignal.com\/cs\/products\/plovaci-vak-plb1-copy\/#breadcrumb"},"inLanguage":"cs","potentialAction":[{"@type":"ReadAction","target":["https:\/\/oceansignal.com\/cs\/products\/plovaci-vak-plb1-copy\/"]}]},{"@type":"ImageObject","inLanguage":"cs","@id":"https:\/\/oceansignal.com\/cs\/products\/plovaci-vak-plb1-copy\/#primaryimage","url":"https:\/\/oceansignal.com\/wp-content\/uploads\/2025\/09\/OSL-PLB3-Pouch-Right-Angle.jpg","contentUrl":"https:\/\/oceansignal.com\/wp-content\/uploads\/2025\/09\/OSL-PLB3-Pouch-Right-Angle.jpg","width":2000,"height":2000},{"@type":"BreadcrumbList","@id":"https:\/\/oceansignal.com\/cs\/products\/plovaci-vak-plb1-copy\/#breadcrumb","itemListElement":[{"@type":"ListItem","position":1,"name":"Produkty","item":"https:\/\/oceansignal.com\/cs\/produkty\/"},{"@type":"ListItem","position":2,"name":"Plovac\u00ed vak PLB3"}]},{"@type":"WebSite","@id":"https:\/\/oceansignal.com\/cs\/#website","url":"https:\/\/oceansignal.com\/cs\/","name":"Ocean Signal","description":"A leading manufacturer of EPIRBs, AIS, SARTs, Personal Locator Beacons, Man Overboard Beacon for the Marine and Outdoor Markets.","potentialAction":[{"@type":"SearchAction","target":{"@type":"EntryPoint","urlTemplate":"https:\/\/oceansignal.com\/cs\/?s={search_term_string}"},"query-input":{"@type":"PropertyValueSpecification","valueRequired":true,"valueName":"search_term_string"}}],"inLanguage":"cs"}]}},"_links":{"self":[{"href":"https:\/\/oceansignal.com\/cs\/wp-json\/wp\/v2\/product\/34707","targetHints":{"allow":["GET"]}}],"collection":[{"href":"https:\/\/oceansignal.com\/cs\/wp-json\/wp\/v2\/product"}],"about":[{"href":"https:\/\/oceansignal.com\/cs\/wp-json\/wp\/v2\/types\/product"}],"wp:featuredmedia":[{"embeddable":true,"href":"https:\/\/oceansignal.com\/cs\/wp-json\/wp\/v2\/media\/34803"}],"wp:attachment":[{"href":"https:\/\/oceansignal.com\/cs\/wp-json\/wp\/v2\/media?parent=34707"}],"wp:term":[{"taxonomy":"product_brand","embeddable":true,"href":"https:\/\/oceansignal.com\/cs\/wp-json\/wp\/v2\/product_brand?post=34707"},{"taxonomy":"product_cat","embeddable":true,"href":"https:\/\/oceansignal.com\/cs\/wp-json\/wp\/v2\/product_cat?post=34707"},{"taxonomy":"product_tag","embeddable":true,"href":"https:\/\/oceansignal.com\/cs\/wp-json\/wp\/v2\/product_tag?post=34707"}],"curies":[{"name":"wp","href":"https:\/\/api.w.org\/{rel}","templated":true}]}}