{"id":34834,"date":"2025-09-18T15:01:27","date_gmt":"2025-09-18T15:01:27","guid":{"rendered":"https:\/\/oceansignal.com\/?post_type=product&#038;p=34834"},"modified":"2025-09-18T15:29:58","modified_gmt":"2025-09-18T15:29:58","slug":"plovaci-vak-plb3-copy","status":"publish","type":"product","link":"https:\/\/oceansignal.com\/cs\/products\/plovaci-vak-plb3-copy\/","title":{"rendered":"Sada kov\u00e1n\u00ed MOB1"},"content":{"rendered":"<p>Sada p\u0159\u00edslu\u0161enstv\u00ed MOB1 obsahuje:<\/p>\n<ul>\n<li><span data-teams=\"true\">Kryt aktiva\u010dn\u00edho posuvn\u00edku<\/span><\/li>\n<li><span data-teams=\"true\">Dr\u017e\u00e1k \u00fastn\u00ed mont\u00e1\u017en\u00ed trubice<\/span><\/li>\n<li><span data-teams=\"true\">N\u00e1stroj pro p\u0159ev\u00edjen\u00ed ant\u00e9ny<\/span><\/li>\n<li><span data-teams=\"true\">Programovac\u00ed adapt\u00e9r<\/span><\/li>\n<li><span data-teams=\"true\">Aktiva\u010dn\u00ed p\u00e1ska<\/span><\/li>\n<li><span data-teams=\"true\">D\u00e9lka kabelu pro upevn\u011bn\u00ed MOB1<\/span><\/li>\n<\/ul>\n<p>Pro pou\u017eit\u00ed s \u200b\u200bproduktem SKU: <span class=\"sku\">740S-01551 (Ocean Signal rescueME MOB1)<\/span><\/p>\n","protected":false},"excerpt":{"rendered":"<p>Sada p\u0159\u00edslu\u0161enstv\u00ed MOB1 obsahuje v\u0161echny z\u00e1kladn\u00ed d\u00edly, kter\u00e9 pot\u0159ebujete k udr\u017een\u00ed va\u0161eho MOB1 v provozu.<\/p>\n<p> Pro pou\u017eit\u00ed s <a href=\"https:\/\/oceansignal.com\/products\/mob1\/\">\u200b\u200brescueME MOB1 &#8211; <span class=\"sku\">740S-01551<\/span><\/a><\/p>\n","protected":false},"featured_media":34850,"template":"","meta":{"_acf_changed":false,"om_disable_all_campaigns":false},"product_brand":[],"product_cat":[1787,475],"product_tag":[1052,1791,1843],"class_list":{"0":"post-34834","1":"product","2":"type-product","3":"status-publish","4":"has-post-thumbnail","6":"product_cat-prislusenstvi","7":"product_cat-rescueme-cs-2","8":"product_tag-plb3-cs","9":"product_tag-plovaci-vak","10":"product_tag-pouzdro-plb3","12":"first","13":"instock","14":"taxable","15":"shipping-taxable","16":"purchasable","17":"product-type-simple"},"acf":[],"yoast_head":"<!-- This site is optimized with the Yoast SEO Premium plugin v25.2 (Yoast SEO v26.4) - https:\/\/yoast.com\/wordpress\/plugins\/seo\/ -->\n<title>Sada kov\u00e1n\u00ed MOB1 - Ocean Signal<\/title>\n<meta name=\"robots\" content=\"index, follow, max-snippet:-1, max-image-preview:large, max-video-preview:-1\" \/>\n<link rel=\"canonical\" href=\"https:\/\/oceansignal.com\/cs\/products\/plovaci-vak-plb3-copy\/\" \/>\n<meta property=\"og:locale\" content=\"cs_CZ\" \/>\n<meta property=\"og:type\" content=\"article\" \/>\n<meta property=\"og:title\" content=\"Sada kov\u00e1n\u00ed MOB1\" \/>\n<meta property=\"og:description\" content=\"Sada p\u0159\u00edslu\u0161enstv\u00ed MOB1 obsahuje v\u0161echny z\u00e1kladn\u00ed d\u00edly, kter\u00e9 pot\u0159ebujete k udr\u017een\u00ed va\u0161eho MOB1 v provozu.  Pro pou\u017eit\u00ed s \u200b\u200brescueME MOB1 - 740S-01551\" \/>\n<meta property=\"og:url\" content=\"https:\/\/oceansignal.com\/cs\/products\/plovaci-vak-plb3-copy\/\" \/>\n<meta property=\"og:site_name\" content=\"Ocean Signal\" \/>\n<meta property=\"article:modified_time\" content=\"2025-09-18T15:29:58+00:00\" \/>\n<meta property=\"og:image\" content=\"https:\/\/oceansignal.com\/wp-content\/uploads\/2025\/09\/OSL-MOB1-Accessory-Kit.jpg\" \/>\n\t<meta property=\"og:image:width\" content=\"2000\" \/>\n\t<meta property=\"og:image:height\" content=\"2000\" \/>\n\t<meta property=\"og:image:type\" content=\"image\/jpeg\" \/>\n<meta name=\"twitter:card\" content=\"summary_large_image\" \/>\n<script type=\"application\/ld+json\" class=\"yoast-schema-graph\">{\"@context\":\"https:\/\/schema.org\",\"@graph\":[{\"@type\":\"WebPage\",\"@id\":\"https:\/\/oceansignal.com\/cs\/products\/plovaci-vak-plb3-copy\/\",\"url\":\"https:\/\/oceansignal.com\/cs\/products\/plovaci-vak-plb3-copy\/\",\"name\":\"Sada kov\u00e1n\u00ed MOB1 - Ocean Signal\",\"isPartOf\":{\"@id\":\"https:\/\/oceansignal.com\/cs\/#website\"},\"primaryImageOfPage\":{\"@id\":\"https:\/\/oceansignal.com\/cs\/products\/plovaci-vak-plb3-copy\/#primaryimage\"},\"image\":{\"@id\":\"https:\/\/oceansignal.com\/cs\/products\/plovaci-vak-plb3-copy\/#primaryimage\"},\"thumbnailUrl\":\"https:\/\/oceansignal.com\/wp-content\/uploads\/2025\/09\/OSL-MOB1-Accessory-Kit.jpg\",\"datePublished\":\"2025-09-18T15:01:27+00:00\",\"dateModified\":\"2025-09-18T15:29:58+00:00\",\"breadcrumb\":{\"@id\":\"https:\/\/oceansignal.com\/cs\/products\/plovaci-vak-plb3-copy\/#breadcrumb\"},\"inLanguage\":\"cs\",\"potentialAction\":[{\"@type\":\"ReadAction\",\"target\":[\"https:\/\/oceansignal.com\/cs\/products\/plovaci-vak-plb3-copy\/\"]}]},{\"@type\":\"ImageObject\",\"inLanguage\":\"cs\",\"@id\":\"https:\/\/oceansignal.com\/cs\/products\/plovaci-vak-plb3-copy\/#primaryimage\",\"url\":\"https:\/\/oceansignal.com\/wp-content\/uploads\/2025\/09\/OSL-MOB1-Accessory-Kit.jpg\",\"contentUrl\":\"https:\/\/oceansignal.com\/wp-content\/uploads\/2025\/09\/OSL-MOB1-Accessory-Kit.jpg\",\"width\":2000,\"height\":2000},{\"@type\":\"BreadcrumbList\",\"@id\":\"https:\/\/oceansignal.com\/cs\/products\/plovaci-vak-plb3-copy\/#breadcrumb\",\"itemListElement\":[{\"@type\":\"ListItem\",\"position\":1,\"name\":\"Produkty\",\"item\":\"https:\/\/oceansignal.com\/cs\/produkty\/\"},{\"@type\":\"ListItem\",\"position\":2,\"name\":\"Sada kov\u00e1n\u00ed MOB1\"}]},{\"@type\":\"WebSite\",\"@id\":\"https:\/\/oceansignal.com\/cs\/#website\",\"url\":\"https:\/\/oceansignal.com\/cs\/\",\"name\":\"Ocean Signal\",\"description\":\"A leading manufacturer of EPIRBs, AIS, SARTs, Personal Locator Beacons, Man Overboard Beacon for the Marine and Outdoor Markets.\",\"potentialAction\":[{\"@type\":\"SearchAction\",\"target\":{\"@type\":\"EntryPoint\",\"urlTemplate\":\"https:\/\/oceansignal.com\/cs\/?s={search_term_string}\"},\"query-input\":{\"@type\":\"PropertyValueSpecification\",\"valueRequired\":true,\"valueName\":\"search_term_string\"}}],\"inLanguage\":\"cs\"}]}<\/script>\n<!-- \/ Yoast SEO Premium plugin. -->","yoast_head_json":{"title":"Sada kov\u00e1n\u00ed MOB1 - Ocean Signal","robots":{"index":"index","follow":"follow","max-snippet":"max-snippet:-1","max-image-preview":"max-image-preview:large","max-video-preview":"max-video-preview:-1"},"canonical":"https:\/\/oceansignal.com\/cs\/products\/plovaci-vak-plb3-copy\/","og_locale":"cs_CZ","og_type":"article","og_title":"Sada kov\u00e1n\u00ed MOB1","og_description":"Sada p\u0159\u00edslu\u0161enstv\u00ed MOB1 obsahuje v\u0161echny z\u00e1kladn\u00ed d\u00edly, kter\u00e9 pot\u0159ebujete k udr\u017een\u00ed va\u0161eho MOB1 v provozu.  Pro pou\u017eit\u00ed s \u200b\u200brescueME MOB1 - 740S-01551","og_url":"https:\/\/oceansignal.com\/cs\/products\/plovaci-vak-plb3-copy\/","og_site_name":"Ocean Signal","article_modified_time":"2025-09-18T15:29:58+00:00","og_image":[{"width":2000,"height":2000,"url":"https:\/\/oceansignal.com\/wp-content\/uploads\/2025\/09\/OSL-MOB1-Accessory-Kit.jpg","type":"image\/jpeg"}],"twitter_card":"summary_large_image","schema":{"@context":"https:\/\/schema.org","@graph":[{"@type":"WebPage","@id":"https:\/\/oceansignal.com\/cs\/products\/plovaci-vak-plb3-copy\/","url":"https:\/\/oceansignal.com\/cs\/products\/plovaci-vak-plb3-copy\/","name":"Sada kov\u00e1n\u00ed MOB1 - Ocean Signal","isPartOf":{"@id":"https:\/\/oceansignal.com\/cs\/#website"},"primaryImageOfPage":{"@id":"https:\/\/oceansignal.com\/cs\/products\/plovaci-vak-plb3-copy\/#primaryimage"},"image":{"@id":"https:\/\/oceansignal.com\/cs\/products\/plovaci-vak-plb3-copy\/#primaryimage"},"thumbnailUrl":"https:\/\/oceansignal.com\/wp-content\/uploads\/2025\/09\/OSL-MOB1-Accessory-Kit.jpg","datePublished":"2025-09-18T15:01:27+00:00","dateModified":"2025-09-18T15:29:58+00:00","breadcrumb":{"@id":"https:\/\/oceansignal.com\/cs\/products\/plovaci-vak-plb3-copy\/#breadcrumb"},"inLanguage":"cs","potentialAction":[{"@type":"ReadAction","target":["https:\/\/oceansignal.com\/cs\/products\/plovaci-vak-plb3-copy\/"]}]},{"@type":"ImageObject","inLanguage":"cs","@id":"https:\/\/oceansignal.com\/cs\/products\/plovaci-vak-plb3-copy\/#primaryimage","url":"https:\/\/oceansignal.com\/wp-content\/uploads\/2025\/09\/OSL-MOB1-Accessory-Kit.jpg","contentUrl":"https:\/\/oceansignal.com\/wp-content\/uploads\/2025\/09\/OSL-MOB1-Accessory-Kit.jpg","width":2000,"height":2000},{"@type":"BreadcrumbList","@id":"https:\/\/oceansignal.com\/cs\/products\/plovaci-vak-plb3-copy\/#breadcrumb","itemListElement":[{"@type":"ListItem","position":1,"name":"Produkty","item":"https:\/\/oceansignal.com\/cs\/produkty\/"},{"@type":"ListItem","position":2,"name":"Sada kov\u00e1n\u00ed MOB1"}]},{"@type":"WebSite","@id":"https:\/\/oceansignal.com\/cs\/#website","url":"https:\/\/oceansignal.com\/cs\/","name":"Ocean Signal","description":"A leading manufacturer of EPIRBs, AIS, SARTs, Personal Locator Beacons, Man Overboard Beacon for the Marine and Outdoor Markets.","potentialAction":[{"@type":"SearchAction","target":{"@type":"EntryPoint","urlTemplate":"https:\/\/oceansignal.com\/cs\/?s={search_term_string}"},"query-input":{"@type":"PropertyValueSpecification","valueRequired":true,"valueName":"search_term_string"}}],"inLanguage":"cs"}]}},"_links":{"self":[{"href":"https:\/\/oceansignal.com\/cs\/wp-json\/wp\/v2\/product\/34834","targetHints":{"allow":["GET"]}}],"collection":[{"href":"https:\/\/oceansignal.com\/cs\/wp-json\/wp\/v2\/product"}],"about":[{"href":"https:\/\/oceansignal.com\/cs\/wp-json\/wp\/v2\/types\/product"}],"wp:featuredmedia":[{"embeddable":true,"href":"https:\/\/oceansignal.com\/cs\/wp-json\/wp\/v2\/media\/34850"}],"wp:attachment":[{"href":"https:\/\/oceansignal.com\/cs\/wp-json\/wp\/v2\/media?parent=34834"}],"wp:term":[{"taxonomy":"product_brand","embeddable":true,"href":"https:\/\/oceansignal.com\/cs\/wp-json\/wp\/v2\/product_brand?post=34834"},{"taxonomy":"product_cat","embeddable":true,"href":"https:\/\/oceansignal.com\/cs\/wp-json\/wp\/v2\/product_cat?post=34834"},{"taxonomy":"product_tag","embeddable":true,"href":"https:\/\/oceansignal.com\/cs\/wp-json\/wp\/v2\/product_tag?post=34834"}],"curies":[{"name":"wp","href":"https:\/\/api.w.org\/{rel}","templated":true}]}}