{"id":34962,"date":"2025-09-18T15:31:56","date_gmt":"2025-09-18T15:31:56","guid":{"rendered":"https:\/\/oceansignal.com\/?post_type=product&#038;p=34962"},"modified":"2025-09-18T16:12:26","modified_gmt":"2025-09-18T16:12:26","slug":"sada-kovani-mob1-copy","status":"publish","type":"product","link":"https:\/\/oceansignal.com\/cs\/products\/sada-kovani-mob1-copy\/","title":{"rendered":"Sada kov\u00e1n\u00ed MOB2"},"content":{"rendered":"<p>Sada p\u0159\u00edslu\u0161enstv\u00ed MOB2 obsahuje:<\/p>\n<ul>\n<li><span data-teams=\"true\">Ochrann\u00fd kryt \u201eARMED\u201c<\/span><\/li>\n<li><span data-teams=\"true\">  Dr\u017e\u00e1k \u00fastn\u00ed trubice<\/span><\/li>\n<li><span data-teams=\"true\">  Aktiva\u010dn\u00ed p\u00e1ska<\/span><\/li>\n<li><span data-teams=\"true\">  \u0160\u0148\u016fra<\/span><\/li>\n<li><span data-teams=\"true\">  Lepic\u00ed p\u0159ezka<\/span><\/li>\n<li><span data-teams=\"true\">  Upev\u0148ovac\u00ed spona<\/span><\/li>\n<li><span data-teams=\"true\">  Nav\u00edje\u010d ant\u00e9ny<\/span><\/li>\n<\/ul>\n<p>Pro pou\u017eit\u00ed s \u200b\u200bproduktem SKU: 744S-05485 <span class=\"sku\">(Ocean Signal rescueME MOB2)<\/span><\/p>\n","protected":false},"excerpt":{"rendered":"<p>Sada p\u0159\u00edslu\u0161enstv\u00ed MOB2 obsahuje v\u0161echny z\u00e1kladn\u00ed d\u00edly, kter\u00e9 pot\u0159ebujete k udr\u017een\u00ed va\u0161eho MOB2 v provozu.<\/p>\n<p> Pro pou\u017eit\u00ed s <a href=\"https:\/\/oceansignal.com\/products\/mob2\/\">\u200b\u200brescueME MOB2-744S-05485<\/a> <\/p>\n","protected":false},"featured_media":34978,"template":"","meta":{"_acf_changed":false,"om_disable_all_campaigns":false},"product_brand":[],"product_cat":[1787,475],"product_tag":[1052,1791,1843],"class_list":{"0":"post-34962","1":"product","2":"type-product","3":"status-publish","4":"has-post-thumbnail","6":"product_cat-prislusenstvi","7":"product_cat-rescueme-cs-2","8":"product_tag-plb3-cs","9":"product_tag-plovaci-vak","10":"product_tag-pouzdro-plb3","12":"first","13":"instock","14":"taxable","15":"shipping-taxable","16":"purchasable","17":"product-type-simple"},"acf":[],"yoast_head":"<!-- This site is optimized with the Yoast SEO Premium plugin v25.2 (Yoast SEO v26.4) - https:\/\/yoast.com\/wordpress\/plugins\/seo\/ -->\n<title>Sada kov\u00e1n\u00ed MOB2 - Ocean Signal<\/title>\n<meta name=\"robots\" content=\"index, follow, max-snippet:-1, max-image-preview:large, max-video-preview:-1\" \/>\n<link rel=\"canonical\" href=\"https:\/\/oceansignal.com\/cs\/products\/sada-kovani-mob1-copy\/\" \/>\n<meta property=\"og:locale\" content=\"cs_CZ\" \/>\n<meta property=\"og:type\" content=\"article\" \/>\n<meta property=\"og:title\" content=\"Sada kov\u00e1n\u00ed MOB2\" \/>\n<meta property=\"og:description\" content=\"Sada p\u0159\u00edslu\u0161enstv\u00ed MOB2 obsahuje v\u0161echny z\u00e1kladn\u00ed d\u00edly, kter\u00e9 pot\u0159ebujete k udr\u017een\u00ed va\u0161eho MOB2 v provozu.  Pro pou\u017eit\u00ed s \u200b\u200brescueME MOB2-744S-05485\" \/>\n<meta property=\"og:url\" content=\"https:\/\/oceansignal.com\/cs\/products\/sada-kovani-mob1-copy\/\" \/>\n<meta property=\"og:site_name\" content=\"Ocean Signal\" \/>\n<meta property=\"article:modified_time\" content=\"2025-09-18T16:12:26+00:00\" \/>\n<meta property=\"og:image\" content=\"https:\/\/oceansignal.com\/wp-content\/uploads\/2025\/09\/OSL-MOB1-Accessory-Kit.jpg\" \/>\n\t<meta property=\"og:image:width\" content=\"2000\" \/>\n\t<meta property=\"og:image:height\" content=\"2000\" \/>\n\t<meta property=\"og:image:type\" content=\"image\/jpeg\" \/>\n<meta name=\"twitter:card\" content=\"summary_large_image\" \/>\n<script type=\"application\/ld+json\" class=\"yoast-schema-graph\">{\"@context\":\"https:\/\/schema.org\",\"@graph\":[{\"@type\":\"WebPage\",\"@id\":\"https:\/\/oceansignal.com\/cs\/products\/sada-kovani-mob1-copy\/\",\"url\":\"https:\/\/oceansignal.com\/cs\/products\/sada-kovani-mob1-copy\/\",\"name\":\"Sada kov\u00e1n\u00ed MOB2 - Ocean Signal\",\"isPartOf\":{\"@id\":\"https:\/\/oceansignal.com\/cs\/#website\"},\"primaryImageOfPage\":{\"@id\":\"https:\/\/oceansignal.com\/cs\/products\/sada-kovani-mob1-copy\/#primaryimage\"},\"image\":{\"@id\":\"https:\/\/oceansignal.com\/cs\/products\/sada-kovani-mob1-copy\/#primaryimage\"},\"thumbnailUrl\":\"https:\/\/oceansignal.com\/wp-content\/uploads\/2025\/09\/OSL-MOB2-Accessory-Kit.jpg\",\"datePublished\":\"2025-09-18T15:31:56+00:00\",\"dateModified\":\"2025-09-18T16:12:26+00:00\",\"breadcrumb\":{\"@id\":\"https:\/\/oceansignal.com\/cs\/products\/sada-kovani-mob1-copy\/#breadcrumb\"},\"inLanguage\":\"cs\",\"potentialAction\":[{\"@type\":\"ReadAction\",\"target\":[\"https:\/\/oceansignal.com\/cs\/products\/sada-kovani-mob1-copy\/\"]}]},{\"@type\":\"ImageObject\",\"inLanguage\":\"cs\",\"@id\":\"https:\/\/oceansignal.com\/cs\/products\/sada-kovani-mob1-copy\/#primaryimage\",\"url\":\"https:\/\/oceansignal.com\/wp-content\/uploads\/2025\/09\/OSL-MOB2-Accessory-Kit.jpg\",\"contentUrl\":\"https:\/\/oceansignal.com\/wp-content\/uploads\/2025\/09\/OSL-MOB2-Accessory-Kit.jpg\",\"width\":2000,\"height\":2000},{\"@type\":\"BreadcrumbList\",\"@id\":\"https:\/\/oceansignal.com\/cs\/products\/sada-kovani-mob1-copy\/#breadcrumb\",\"itemListElement\":[{\"@type\":\"ListItem\",\"position\":1,\"name\":\"Produkty\",\"item\":\"https:\/\/oceansignal.com\/cs\/produkty\/\"},{\"@type\":\"ListItem\",\"position\":2,\"name\":\"Sada kov\u00e1n\u00ed MOB2\"}]},{\"@type\":\"WebSite\",\"@id\":\"https:\/\/oceansignal.com\/cs\/#website\",\"url\":\"https:\/\/oceansignal.com\/cs\/\",\"name\":\"Ocean Signal\",\"description\":\"A leading manufacturer of EPIRBs, AIS, SARTs, Personal Locator Beacons, Man Overboard Beacon for the Marine and Outdoor Markets.\",\"potentialAction\":[{\"@type\":\"SearchAction\",\"target\":{\"@type\":\"EntryPoint\",\"urlTemplate\":\"https:\/\/oceansignal.com\/cs\/?s={search_term_string}\"},\"query-input\":{\"@type\":\"PropertyValueSpecification\",\"valueRequired\":true,\"valueName\":\"search_term_string\"}}],\"inLanguage\":\"cs\"}]}<\/script>\n<!-- \/ Yoast SEO Premium plugin. -->","yoast_head_json":{"title":"Sada kov\u00e1n\u00ed MOB2 - Ocean Signal","robots":{"index":"index","follow":"follow","max-snippet":"max-snippet:-1","max-image-preview":"max-image-preview:large","max-video-preview":"max-video-preview:-1"},"canonical":"https:\/\/oceansignal.com\/cs\/products\/sada-kovani-mob1-copy\/","og_locale":"cs_CZ","og_type":"article","og_title":"Sada kov\u00e1n\u00ed MOB2","og_description":"Sada p\u0159\u00edslu\u0161enstv\u00ed MOB2 obsahuje v\u0161echny z\u00e1kladn\u00ed d\u00edly, kter\u00e9 pot\u0159ebujete k udr\u017een\u00ed va\u0161eho MOB2 v provozu.  Pro pou\u017eit\u00ed s \u200b\u200brescueME MOB2-744S-05485","og_url":"https:\/\/oceansignal.com\/cs\/products\/sada-kovani-mob1-copy\/","og_site_name":"Ocean Signal","article_modified_time":"2025-09-18T16:12:26+00:00","og_image":[{"width":2000,"height":2000,"url":"https:\/\/oceansignal.com\/wp-content\/uploads\/2025\/09\/OSL-MOB1-Accessory-Kit.jpg","type":"image\/jpeg"}],"twitter_card":"summary_large_image","schema":{"@context":"https:\/\/schema.org","@graph":[{"@type":"WebPage","@id":"https:\/\/oceansignal.com\/cs\/products\/sada-kovani-mob1-copy\/","url":"https:\/\/oceansignal.com\/cs\/products\/sada-kovani-mob1-copy\/","name":"Sada kov\u00e1n\u00ed MOB2 - Ocean Signal","isPartOf":{"@id":"https:\/\/oceansignal.com\/cs\/#website"},"primaryImageOfPage":{"@id":"https:\/\/oceansignal.com\/cs\/products\/sada-kovani-mob1-copy\/#primaryimage"},"image":{"@id":"https:\/\/oceansignal.com\/cs\/products\/sada-kovani-mob1-copy\/#primaryimage"},"thumbnailUrl":"https:\/\/oceansignal.com\/wp-content\/uploads\/2025\/09\/OSL-MOB2-Accessory-Kit.jpg","datePublished":"2025-09-18T15:31:56+00:00","dateModified":"2025-09-18T16:12:26+00:00","breadcrumb":{"@id":"https:\/\/oceansignal.com\/cs\/products\/sada-kovani-mob1-copy\/#breadcrumb"},"inLanguage":"cs","potentialAction":[{"@type":"ReadAction","target":["https:\/\/oceansignal.com\/cs\/products\/sada-kovani-mob1-copy\/"]}]},{"@type":"ImageObject","inLanguage":"cs","@id":"https:\/\/oceansignal.com\/cs\/products\/sada-kovani-mob1-copy\/#primaryimage","url":"https:\/\/oceansignal.com\/wp-content\/uploads\/2025\/09\/OSL-MOB2-Accessory-Kit.jpg","contentUrl":"https:\/\/oceansignal.com\/wp-content\/uploads\/2025\/09\/OSL-MOB2-Accessory-Kit.jpg","width":2000,"height":2000},{"@type":"BreadcrumbList","@id":"https:\/\/oceansignal.com\/cs\/products\/sada-kovani-mob1-copy\/#breadcrumb","itemListElement":[{"@type":"ListItem","position":1,"name":"Produkty","item":"https:\/\/oceansignal.com\/cs\/produkty\/"},{"@type":"ListItem","position":2,"name":"Sada kov\u00e1n\u00ed MOB2"}]},{"@type":"WebSite","@id":"https:\/\/oceansignal.com\/cs\/#website","url":"https:\/\/oceansignal.com\/cs\/","name":"Ocean Signal","description":"A leading manufacturer of EPIRBs, AIS, SARTs, Personal Locator Beacons, Man Overboard Beacon for the Marine and Outdoor Markets.","potentialAction":[{"@type":"SearchAction","target":{"@type":"EntryPoint","urlTemplate":"https:\/\/oceansignal.com\/cs\/?s={search_term_string}"},"query-input":{"@type":"PropertyValueSpecification","valueRequired":true,"valueName":"search_term_string"}}],"inLanguage":"cs"}]}},"_links":{"self":[{"href":"https:\/\/oceansignal.com\/cs\/wp-json\/wp\/v2\/product\/34962","targetHints":{"allow":["GET"]}}],"collection":[{"href":"https:\/\/oceansignal.com\/cs\/wp-json\/wp\/v2\/product"}],"about":[{"href":"https:\/\/oceansignal.com\/cs\/wp-json\/wp\/v2\/types\/product"}],"wp:featuredmedia":[{"embeddable":true,"href":"https:\/\/oceansignal.com\/cs\/wp-json\/wp\/v2\/media\/34978"}],"wp:attachment":[{"href":"https:\/\/oceansignal.com\/cs\/wp-json\/wp\/v2\/media?parent=34962"}],"wp:term":[{"taxonomy":"product_brand","embeddable":true,"href":"https:\/\/oceansignal.com\/cs\/wp-json\/wp\/v2\/product_brand?post=34962"},{"taxonomy":"product_cat","embeddable":true,"href":"https:\/\/oceansignal.com\/cs\/wp-json\/wp\/v2\/product_cat?post=34962"},{"taxonomy":"product_tag","embeddable":true,"href":"https:\/\/oceansignal.com\/cs\/wp-json\/wp\/v2\/product_tag?post=34962"}],"curies":[{"name":"wp","href":"https:\/\/api.w.org\/{rel}","templated":true}]}}