{"id":38007,"date":"2025-11-07T11:01:43","date_gmt":"2025-11-07T11:01:43","guid":{"rendered":"https:\/\/oceansignal.com\/?post_type=product&#038;p=38007"},"modified":"2026-03-17T17:02:03","modified_gmt":"2026-03-17T17:02:03","slug":"sada-pro-bezpecnost-plavby-epirb3-copy-2","status":"publish","type":"product","link":"https:\/\/oceansignal.com\/cs\/products\/sada-pro-bezpecnost-plavby-epirb3-copy-2\/","title":{"rendered":"Bezpe\u010dnostn\u00ed sada pro plavbu PLB3"},"content":{"rendered":"<h3 data-start=\"3285\" data-end=\"3337\"><strong data-start=\"3292\" data-end=\"3337\"><img loading=\"lazy\" decoding=\"async\" class=\"alignnone size-full wp-image-32359\" src=\"https:\/\/oceansignal.com\/wp-content\/uploads\/2025\/07\/View-New-Safety-Kits.png\" alt=\"\" width=\"300\" height=\"75\" srcset=\"https:\/\/oceansignal.com\/wp-content\/uploads\/2025\/07\/View-New-Safety-Kits.png 300w, https:\/\/oceansignal.com\/wp-content\/uploads\/2025\/07\/View-New-Safety-Kits-60x15.png 60w, https:\/\/oceansignal.com\/wp-content\/uploads\/2025\/07\/View-New-Safety-Kits-110x28.png 110w\" sizes=\"auto, (max-width: 300px) 100vw, 300px\" \/><\/strong><\/h3>\n<h3 data-start=\"2673\" data-end=\"2727\"><strong data-start=\"2680\" data-end=\"2727\">Pro\u010d si vybrat sadu PLB3?<\/strong><\/h3>\n<ul>\n<li data-start=\"308\" data-end=\"559\">Vytvo\u0159eno pro sob\u011bsta\u010dn\u00e9 jachta\u0159e &#8211; A\u0165 u\u017e plav\u00edte sami nebo s malou pos\u00e1dkou, ka\u017ed\u00e1 \u010d\u00e1st v\u00fdstroje mus\u00ed fungovat bezchybn\u011b. Sada PLB3 poskytuje profesion\u00e1ln\u00ed ochranu ur\u010denou pro ty, kte\u0159\u00ed se spol\u00e9haj\u00ed pouze na sebe a sv\u00e9 vybaven\u00ed. <\/li>\n<li data-start=\"308\" data-end=\"559\">Nejmodern\u011bj\u0161\u00ed osobn\u00ed maj\u00e1k na sv\u011bt\u011b RescueME PLB3 kombinuje 406 MHz satelitn\u00ed t\u00eds\u0148ov\u00e9 vys\u00edl\u00e1n\u00ed, m\u00edstn\u00ed v\u00fdstrahy AIS a potvrzen\u00ed slu\u017ebou Return Link Service (RLS) \u2013 tak\u017ee v\u00edte, \u017ee va\u0161e vol\u00e1n\u00ed o pomoc bylo p\u0159ijato. AIS vys\u00edl\u00e1 va\u0161i polohu bl\u00edzk\u00fdm plavidl\u016fm pro okam\u017eit\u00e9 zji\u0161t\u011bn\u00ed m\u00edstn\u00edho stavu. <\/li>\n<li data-start=\"308\" data-end=\"559\">Kompletn\u00ed, kompaktn\u00ed bezpe\u010dnostn\u00ed \u0159e\u0161en\u00ed. Sada Ocean Signal Grab Bag s p\u00e1skou schv\u00e1lenou SOLAS a sadou zrcadel a p\u00ed\u0161\u0165alek ACR zaji\u0161\u0165uje, \u017ee spl\u0148ujete po\u017eadavky na mo\u0159sk\u00fdch lod\u00edch a z\u00e1rove\u0148 z\u016fstanete lehk\u00ed, organizovan\u00ed a p\u0159ipraveni k okam\u017eit\u00e9mu nasazen\u00ed.<\/li>\n<li data-start=\"308\" data-end=\"559\">Osv\u011bd\u010den\u00e1 technologie od spole\u010dnost\u00ed Ocean Signal a ACR Electronics. D\u016fv\u011b\u0159uj\u00ed j\u00ed oce\u00e1n\u0161t\u00ed z\u00e1vodn\u00edci, kapit\u00e1ni doru\u010dovac\u00edch lod\u00ed a d\u00e1lkov\u00e9 k\u0159i\u017en\u00edky po cel\u00e9m sv\u011bt\u011b \u2013 tato sada p\u0159edstavuje v\u011bdu o p\u0159e\u017eit\u00ed v t\u00e9 nejspolehliv\u011bj\u0161\u00ed podob\u011b.<\/li>\n<\/ul>\n<h3 data-start=\"2313\" data-end=\"2334\"><strong data-start=\"2320\" data-end=\"2334\">Ide\u00e1ln\u00ed pro:<\/strong><\/h3>\n<ul>\n<li data-start=\"181\" data-end=\"379\">S\u00f3lov\u00ed jachta\u0159i a pos\u00e1dky s omezen\u00fdm po\u010dtem \u010dlen\u016f. Navr\u017eeno pro ty, kte\u0159\u00ed pluj\u00ed samostatn\u011b nebo s minim\u00e1ln\u00ed pos\u00e1dkou \u2013 nab\u00edz\u00ed spolehlivou dvouvrstvou komunikaci a jistotu z\u00e1chrany kdekoli na sv\u011bt\u011b.<\/li>\n<li data-start=\"181\" data-end=\"379\">Dobrodruzi na mo\u0159i a v mo\u0159i Ide\u00e1ln\u00ed pro jachta\u0159e k\u0159i\u017euj\u00edc\u00ed oce\u00e1ny nebo objevuj\u00edc\u00ed odlehl\u00e1 pob\u0159e\u017e\u00ed, kde je nezbytn\u00e1 sob\u011bsta\u010dnost a kompaktn\u00ed bezpe\u010dnostn\u00ed vybaven\u00ed schv\u00e1len\u00e9 \u00famluvou SOLAS.<\/li>\n<li data-start=\"181\" data-end=\"379\">Kapit\u00e1ni a instrukto\u0159i dod\u00e1vek Ide\u00e1ln\u00ed pro profesion\u00e1ln\u00ed kapit\u00e1ny odpov\u011bdn\u00e9 za p\u0159esuny plavidel nebo \u0161kolen\u00ed \u2013 zaji\u0161\u0165uj\u00ed dodr\u017eov\u00e1n\u00ed p\u0159edpis\u016f a osobn\u00ed ochranu za v\u0161ech okolnost\u00ed.<\/li>\n<\/ul>\n<p>&nbsp;<\/p>\n<h3 data-start=\"673\" data-end=\"726\"><strong data-start=\"680\" data-end=\"726\">Co je sou\u010d\u00e1st\u00ed balen\u00ed a jak to podporuje z\u00e1chranu?<\/strong><\/h3>\n<h4 data-start=\"728\" data-end=\"762\"><strong data-start=\"733\" data-end=\"760\">2 \u00d7 z\u00e1chrann\u00e1 lo\u010f Ocean Signal PLB3<\/strong><\/h4>\n<p data-start=\"763\" data-end=\"786\">Lze jej sledovat lok\u00e1ln\u011b (plavidla s transceivery AIS) i glob\u00e1ln\u011b (zpr\u00e1vy 406 MHz doru\u010dovan\u00e9 p\u00e1trac\u00edm a z\u00e1chrann\u00fdm operac\u00edm), p\u0159esn\u011b sledovat (AIS) a uji\u0161\u0165ovat se o jeho pohybu pomoc\u00ed potvrzen\u00ed v re\u00e1ln\u00e9m \u010dase (RLS) \u2013 to v\u0161e v jednom za\u0159\u00edzen\u00ed.<br \/>\n Maloobchodn\u00ed cena: 849,99 GBP<\/p>\n<p data-start=\"763\" data-end=\"786\"><img loading=\"lazy\" decoding=\"async\" class=\"alignnone size-medium wp-image-11815\" src=\"https:\/\/oceansignal.com\/wp-content\/uploads\/2023\/09\/OSL-PLB3-Front-Antenna-Deployed-300x300.png\" alt=\"\" width=\"300\" height=\"300\" srcset=\"https:\/\/oceansignal.com\/wp-content\/uploads\/2023\/09\/OSL-PLB3-Front-Antenna-Deployed-300x300.png 300w, https:\/\/oceansignal.com\/wp-content\/uploads\/2023\/09\/OSL-PLB3-Front-Antenna-Deployed-1024x1024.png 1024w, https:\/\/oceansignal.com\/wp-content\/uploads\/2023\/09\/OSL-PLB3-Front-Antenna-Deployed-150x150.png 150w, https:\/\/oceansignal.com\/wp-content\/uploads\/2023\/09\/OSL-PLB3-Front-Antenna-Deployed-768x768.png 768w, https:\/\/oceansignal.com\/wp-content\/uploads\/2023\/09\/OSL-PLB3-Front-Antenna-Deployed-1536x1536.png 1536w, https:\/\/oceansignal.com\/wp-content\/uploads\/2023\/09\/OSL-PLB3-Front-Antenna-Deployed-600x600.png 600w, https:\/\/oceansignal.com\/wp-content\/uploads\/2023\/09\/OSL-PLB3-Front-Antenna-Deployed-100x100.png 100w, https:\/\/oceansignal.com\/wp-content\/uploads\/2023\/09\/OSL-PLB3-Front-Antenna-Deployed-60x60.png 60w, https:\/\/oceansignal.com\/wp-content\/uploads\/2023\/09\/OSL-PLB3-Front-Antenna-Deployed-110x110.png 110w, https:\/\/oceansignal.com\/wp-content\/uploads\/2023\/09\/OSL-PLB3-Front-Antenna-Deployed.png 2000w\" sizes=\"auto, (max-width: 300px) 100vw, 300px\" \/><\/p>\n<ul data-start=\"917\" data-end=\"1359\">\n<li data-start=\"917\" data-end=\"965\">PRVN\u00cd PLB na sv\u011bt\u011b s AIS a PRVN\u00cd PLB na sv\u011bt\u011b s NFC a mobiln\u00ed aplikac\u00ed\n<ul>\n<li data-start=\"71\" data-end=\"199\">\n<p data-start=\"73\" data-end=\"199\">Trojit\u00fd v\u00fdstra\u017en\u00fd syst\u00e9m: Vys\u00edl\u00e1 glob\u00e1ln\u00ed nouzov\u00fd sign\u00e1l 406 MHz, AIS pro bl\u00edzk\u00e1 plavidla a nav\u00e1d\u011bc\u00ed sign\u00e1l 121,5 MHz pro glob\u00e1ln\u00ed z\u00e1chrann\u00e9 t\u00fdmy<\/p>\n<\/li>\n<li data-start=\"71\" data-end=\"199\">Design p\u0159ipraven\u00fd k pou\u017eit\u00ed pro z\u00e1chrann\u00e9 vesty: Sou\u010d\u00e1st\u00ed je multifunk\u010dn\u00ed klip a je navr\u017een tak, aby se bezprobl\u00e9mov\u011b integroval s v\u011bt\u0161inou nafukovac\u00edch z\u00e1chrann\u00fdch vest.<\/li>\n<li data-start=\"200\" data-end=\"302\">\n<p data-start=\"202\" data-end=\"302\">Chytr\u00e9 a p\u0159ipojen\u00e9: NFC pro nastaven\u00ed a kontrolu stavu prost\u0159ednictv\u00edm bezplatn\u00e9 mobiln\u00ed aplikace (iOS a Android)<\/p>\n<\/li>\n<li data-start=\"303\" data-end=\"403\">\n<p data-start=\"305\" data-end=\"403\">\u017d\u00e1dn\u00e9 p\u0159edplatn\u00e9: Jednor\u00e1zov\u00fd n\u00e1kup s 6letou v\u00fddr\u017e\u00ed baterie a 24+ hodinami aktiva\u010dn\u00edho b\u011bhu<\/p>\n<\/li>\n<li data-start=\"303\" data-end=\"403\"><a href=\"https:\/\/oceansignal.com\/cs\/news\/ocean-signal-ziskava-celkove-oceneni-dame-design-award-2022-za-rescueme-plb3-ais-personal-locator-beacon\/\">V\u00edt\u011bz: Celkov\u00e1 cena DAME Design 2022<\/a><\/li>\n<\/ul>\n<p data-start=\"919\" data-end=\"965\">\n<\/li>\n<\/ul>\n<h4 data-start=\"1516\" data-end=\"1558\"><strong data-start=\"1521\" data-end=\"1556\">1 \u00d7 Zrc\u00e1tko a p\u00ed\u0161\u0165alka ACR Signal<\/strong><\/h4>\n<p data-start=\"1559\" data-end=\"1581\">Ide\u00e1ln\u00ed, kdy\u017e jsou z\u00e1chrann\u00e9 t\u00fdmy v bl\u00edzkosti a pot\u0159ebujete rychle a jasn\u011b upoutat jejich pozornost.<br \/>\n Maloobchodn\u00ed cena: 10,99 GBP<\/p>\n<p data-start=\"1559\" data-end=\"1581\"><img loading=\"lazy\" decoding=\"async\" class=\"alignnone wp-image-31407 size-medium\" src=\"https:\/\/oceansignal.com\/wp-content\/uploads\/2025\/06\/Grab_Bag_EPIRB1_Kit-e1752085331562-300x131.png\" alt=\"\" width=\"300\" height=\"131\" srcset=\"https:\/\/oceansignal.com\/wp-content\/uploads\/2025\/06\/Grab_Bag_EPIRB1_Kit-e1752085331562-300x131.png 300w, https:\/\/oceansignal.com\/wp-content\/uploads\/2025\/06\/Grab_Bag_EPIRB1_Kit-e1752085331562-60x26.png 60w, https:\/\/oceansignal.com\/wp-content\/uploads\/2025\/06\/Grab_Bag_EPIRB1_Kit-e1752085331562-110x48.png 110w, https:\/\/oceansignal.com\/wp-content\/uploads\/2025\/06\/Grab_Bag_EPIRB1_Kit-e1752085331562.png 344w\" sizes=\"auto, (max-width: 300px) 100vw, 300px\" \/><\/p>\n<p data-start=\"1583\" data-end=\"1691\">Toto bez\u00fadr\u017ebov\u00e9 n\u00e1\u0159ad\u00ed p\u0159id\u00e1v\u00e1 cennou dodate\u010dnou viditelnost a zvukovou signalizaci v z\u00e1v\u011bre\u010dn\u00fdch f\u00e1z\u00edch z\u00e1chrany.<\/p>\n<ul data-start=\"1693\" data-end=\"1791\">\n<li data-start=\"1693\" data-end=\"1734\">\n<p data-start=\"1695\" data-end=\"1734\"><strong>Vysoce reflexn\u00ed kompaktn\u00ed zrcadlo pro denn\u00ed vizu\u00e1ln\u00ed sign\u00e1ly &#8211; Navr\u017eeno tak, aby odr\u00e1\u017eelo slune\u010dn\u00ed sv\u011btlo na velk\u00e9 vzd\u00e1lenosti, ide\u00e1ln\u00ed pro upout\u00e1n\u00ed pozornosti proj\u00ed\u017ed\u011bj\u00edc\u00edch plavidel nebo letadel<\/strong><\/p>\n<\/li>\n<li data-start=\"1735\" data-end=\"1791\">\n<p data-start=\"1737\" data-end=\"1791\"><strong>Hlasit\u00e9, bezhlu\u010dn\u00e9 p\u00edsk\u00e1n\u00ed pro upout\u00e1n\u00ed pozornosti zbl\u00edzka<\/strong><\/p>\n<\/li>\n<\/ul>\n<h4 data-start=\"1914\" data-end=\"1961\"><\/h4>\n<h4 data-start=\"1914\" data-end=\"1961\"><strong data-start=\"1919\" data-end=\"1959\">1 \u00d7 Vod\u011bodoln\u00e1 ta\u0161ka Ocean Signal<\/strong><\/h4>\n<p data-start=\"1962\" data-end=\"1985\"><em data-start=\"1962\" data-end=\"1985\">Kdy\u017e se po\u010d\u00edt\u00e1 ka\u017ed\u00e1 vte\u0159ina, je m\u00edt v\u0161e na jednom such\u00e9m a viditeln\u00e9m m\u00edst\u011b kl\u00ed\u010dov\u00e9.<br \/>\n Maloobchodn\u00ed cena: 129,99 GBP<\/em><\/p>\n<p data-start=\"1962\" data-end=\"1985\"><img loading=\"lazy\" decoding=\"async\" class=\"alignnone wp-image-31488 size-medium\" src=\"https:\/\/oceansignal.com\/wp-content\/uploads\/2025\/06\/Grab_Bag-1-241x300.webp\" alt=\"\" width=\"241\" height=\"300\" srcset=\"https:\/\/oceansignal.com\/wp-content\/uploads\/2025\/06\/Grab_Bag-1-241x300.webp 241w, https:\/\/oceansignal.com\/wp-content\/uploads\/2025\/06\/Grab_Bag-1-60x75.webp 60w, https:\/\/oceansignal.com\/wp-content\/uploads\/2025\/06\/Grab_Bag-1-110x137.webp 110w, https:\/\/oceansignal.com\/wp-content\/uploads\/2025\/06\/Grab_Bag-1.webp 489w\" sizes=\"auto, (max-width: 241px) 100vw, 241px\" \/><\/p>\n<p data-start=\"1987\" data-end=\"2079\">Tato odoln\u00e1, plovouc\u00ed ta\u0161ka udr\u017e\u00ed va\u0161i nezbytnou v\u00fdbavu pohromad\u011b \u2013 v suchu, chr\u00e1n\u011bn\u00e1 a p\u0159ipraven\u00e1 k pou\u017eit\u00ed.<\/p>\n<ul data-start=\"2081\" data-end=\"2190\">\n<li data-start=\"2081\" data-end=\"2107\">\n<p data-start=\"2083\" data-end=\"2107\"><strong>Vysoce viditeln\u00e1 barva<\/strong><\/p>\n<\/li>\n<li data-start=\"2108\" data-end=\"2131\">\n<p data-start=\"2110\" data-end=\"2131\"><strong>Vzn\u00e1\u0161ej\u00edc\u00ed se<\/strong><\/p>\n<\/li>\n<li data-start=\"2132\" data-end=\"2190\">\n<p data-start=\"2134\" data-end=\"2190\"><strong>Ide\u00e1ln\u00ed velikost pro EPIRB, jak\u00e9koli dal\u0161\u00ed bezpe\u010dnostn\u00ed vybaven\u00ed a kl\u00ed\u010dov\u00e9 dokumenty<\/strong><\/p>\n<\/li>\n<\/ul>\n","protected":false},"excerpt":{"rendered":"<ul>\n<li data-start=\"250\" data-end=\"437\">Navr\u017eeno pro s\u00f3lov\u00e9 a mal\u00e9 n\u00e1mo\u0159n\u00edky: Dva maj\u00e1ky Ocean Signal PLB3 poskytuj\u00ed du\u00e1ln\u00ed t\u00eds\u0148ov\u00e9 upozorn\u011bn\u00ed 406 MHz + AIS, co\u017e zaji\u0161\u0165uje glob\u00e1ln\u00ed z\u00e1chrannou reakci a okam\u017eitou m\u00edstn\u00ed viditelnost.<\/li>\n<li data-start=\"250\" data-end=\"437\">Kompaktn\u00ed konstrukce p\u0159ipraven\u00e1 pro pou\u017eit\u00ed na mo\u0159i. Sou\u010d\u00e1st\u00ed balen\u00ed je bra\u0161na na sign\u00e1ly Ocean s p\u00e1skou schv\u00e1lenou SOLAS a zrc\u00e1tka a p\u00ed\u0161\u0165alky ACR pro nezbytnou signalizaci a dodr\u017eov\u00e1n\u00ed p\u0159edpis\u016f na mo\u0159i.<\/li>\n<li data-start=\"250\" data-end=\"437\">Spolehlivost a osv\u011bd\u010den\u00e1 spolehlivost: Vyvinuto spole\u010dnostmi Ocean Signal a ACR Electronics \u2013 profesion\u00e1ln\u00ed bezpe\u010dnost, kter\u00e9 d\u016fv\u011b\u0159uj\u00ed skipperov\u00e9 na voln\u00e9 vod\u011b i dobrodruzi po cel\u00e9m sv\u011bt\u011b<\/li>\n<\/ul>\n<p>Celkov\u00e1 hodnota sady p\u0159i doporu\u010den\u00e9 maloobchodn\u00ed prodejn\u00ed cen\u011b: 1201 GBP. U\u0161et\u0159ete s touto sadou 160 GBP! <\/p>\n","protected":false},"featured_media":38039,"template":"","meta":{"_acf_changed":false,"om_disable_all_campaigns":false},"product_brand":[],"product_cat":[1665,475],"product_tag":[1697,1667],"class_list":{"0":"post-38007","1":"product","2":"type-product","3":"status-publish","4":"has-post-thumbnail","6":"product_cat-bezpecnostni-sady","7":"product_cat-rescueme-cs-2","8":"product_tag-bezpecnostni-sady","9":"product_tag-taska-na-sberny-papir","11":"first","12":"instock","13":"taxable","14":"shipping-taxable","15":"purchasable","16":"product-type-simple"},"acf":[],"yoast_head":"<!-- This site is optimized with the Yoast SEO Premium plugin v25.2 (Yoast SEO v26.4) - https:\/\/yoast.com\/wordpress\/plugins\/seo\/ -->\n<title>Bezpe\u010dnostn\u00ed sada pro plavbu PLB3 - Ocean Signal<\/title>\n<meta name=\"robots\" content=\"index, follow, max-snippet:-1, max-image-preview:large, max-video-preview:-1\" \/>\n<link rel=\"canonical\" href=\"https:\/\/oceansignal.com\/cs\/products\/sada-pro-bezpecnost-plavby-epirb3-copy-2\/\" \/>\n<meta property=\"og:locale\" content=\"cs_CZ\" \/>\n<meta property=\"og:type\" content=\"article\" \/>\n<meta property=\"og:title\" content=\"Bezpe\u010dnostn\u00ed sada pro plavbu PLB3\" \/>\n<meta property=\"og:description\" content=\"Navr\u017eeno pro s\u00f3lov\u00e9 a mal\u00e9 n\u00e1mo\u0159n\u00edky: Dva maj\u00e1ky Ocean Signal PLB3 poskytuj\u00ed du\u00e1ln\u00ed t\u00eds\u0148ov\u00e9 upozorn\u011bn\u00ed 406 MHz + AIS, co\u017e zaji\u0161\u0165uje glob\u00e1ln\u00ed z\u00e1chrannou reakci a okam\u017eitou m\u00edstn\u00ed viditelnost.  Kompaktn\u00ed konstrukce p\u0159ipraven\u00e1 pro pou\u017eit\u00ed na mo\u0159i. Sou\u010d\u00e1st\u00ed balen\u00ed je bra\u0161na na sign\u00e1ly Ocean s p\u00e1skou schv\u00e1lenou SOLAS a zrc\u00e1tka a p\u00ed\u0161\u0165alky ACR pro nezbytnou signalizaci a dodr\u017eov\u00e1n\u00ed p\u0159edpis\u016f na mo\u0159i.  Spolehlivost a osv\u011bd\u010den\u00e1 spolehlivost: Vyvinuto spole\u010dnostmi Ocean Signal a ACR Electronics \u2013 profesion\u00e1ln\u00ed bezpe\u010dnost, kter\u00e9 d\u016fv\u011b\u0159uj\u00ed skipperov\u00e9 na voln\u00e9 vod\u011b i dobrodruzi po cel\u00e9m sv\u011bt\u011b Celkov\u00e1 hodnota sady p\u0159i doporu\u010den\u00e9 maloobchodn\u00ed prodejn\u00ed cen\u011b: 1201 GBP. U\u0161et\u0159ete s touto sadou 160 GBP!\" \/>\n<meta property=\"og:url\" content=\"https:\/\/oceansignal.com\/cs\/products\/sada-pro-bezpecnost-plavby-epirb3-copy-2\/\" \/>\n<meta property=\"og:site_name\" content=\"Ocean Signal\" \/>\n<meta property=\"article:modified_time\" content=\"2026-03-17T17:02:03+00:00\" \/>\n<meta property=\"og:image\" content=\"https:\/\/oceansignal.com\/wp-content\/uploads\/2025\/11\/Grab_Bag_PLB3_Safety_Kit.jpg\" \/>\n\t<meta property=\"og:image:width\" content=\"504\" \/>\n\t<meta property=\"og:image:height\" content=\"497\" \/>\n\t<meta property=\"og:image:type\" content=\"image\/jpeg\" \/>\n<meta name=\"twitter:card\" content=\"summary_large_image\" \/>\n<meta name=\"twitter:label1\" content=\"Odhadovan\u00e1 doba \u010dten\u00ed\" \/>\n\t<meta name=\"twitter:data1\" content=\"4 minuty\" \/>\n<script type=\"application\/ld+json\" class=\"yoast-schema-graph\">{\"@context\":\"https:\/\/schema.org\",\"@graph\":[{\"@type\":\"WebPage\",\"@id\":\"https:\/\/oceansignal.com\/cs\/products\/sada-pro-bezpecnost-plavby-epirb3-copy-2\/\",\"url\":\"https:\/\/oceansignal.com\/cs\/products\/sada-pro-bezpecnost-plavby-epirb3-copy-2\/\",\"name\":\"Bezpe\u010dnostn\u00ed sada pro plavbu PLB3 - Ocean Signal\",\"isPartOf\":{\"@id\":\"https:\/\/oceansignal.com\/cs\/#website\"},\"primaryImageOfPage\":{\"@id\":\"https:\/\/oceansignal.com\/cs\/products\/sada-pro-bezpecnost-plavby-epirb3-copy-2\/#primaryimage\"},\"image\":{\"@id\":\"https:\/\/oceansignal.com\/cs\/products\/sada-pro-bezpecnost-plavby-epirb3-copy-2\/#primaryimage\"},\"thumbnailUrl\":\"https:\/\/oceansignal.com\/wp-content\/uploads\/2025\/11\/Grab_Bag_PLB3_Safety_Kit.jpg\",\"datePublished\":\"2025-11-07T11:01:43+00:00\",\"dateModified\":\"2026-03-17T17:02:03+00:00\",\"breadcrumb\":{\"@id\":\"https:\/\/oceansignal.com\/cs\/products\/sada-pro-bezpecnost-plavby-epirb3-copy-2\/#breadcrumb\"},\"inLanguage\":\"cs\",\"potentialAction\":[{\"@type\":\"ReadAction\",\"target\":[\"https:\/\/oceansignal.com\/cs\/products\/sada-pro-bezpecnost-plavby-epirb3-copy-2\/\"]}]},{\"@type\":\"ImageObject\",\"inLanguage\":\"cs\",\"@id\":\"https:\/\/oceansignal.com\/cs\/products\/sada-pro-bezpecnost-plavby-epirb3-copy-2\/#primaryimage\",\"url\":\"https:\/\/oceansignal.com\/wp-content\/uploads\/2025\/11\/Grab_Bag_PLB3_Safety_Kit.jpg\",\"contentUrl\":\"https:\/\/oceansignal.com\/wp-content\/uploads\/2025\/11\/Grab_Bag_PLB3_Safety_Kit.jpg\",\"width\":504,\"height\":497},{\"@type\":\"BreadcrumbList\",\"@id\":\"https:\/\/oceansignal.com\/cs\/products\/sada-pro-bezpecnost-plavby-epirb3-copy-2\/#breadcrumb\",\"itemListElement\":[{\"@type\":\"ListItem\",\"position\":1,\"name\":\"Produkty\",\"item\":\"https:\/\/oceansignal.com\/cs\/produkty\/\"},{\"@type\":\"ListItem\",\"position\":2,\"name\":\"Bezpe\u010dnostn\u00ed sada pro plavbu PLB3\"}]},{\"@type\":\"WebSite\",\"@id\":\"https:\/\/oceansignal.com\/cs\/#website\",\"url\":\"https:\/\/oceansignal.com\/cs\/\",\"name\":\"Ocean Signal\",\"description\":\"A leading manufacturer of EPIRBs, AIS, SARTs, Personal Locator Beacons, Man Overboard Beacon for the Marine and Outdoor Markets.\",\"potentialAction\":[{\"@type\":\"SearchAction\",\"target\":{\"@type\":\"EntryPoint\",\"urlTemplate\":\"https:\/\/oceansignal.com\/cs\/?s={search_term_string}\"},\"query-input\":{\"@type\":\"PropertyValueSpecification\",\"valueRequired\":true,\"valueName\":\"search_term_string\"}}],\"inLanguage\":\"cs\"}]}<\/script>\n<!-- \/ Yoast SEO Premium plugin. -->","yoast_head_json":{"title":"Bezpe\u010dnostn\u00ed sada pro plavbu PLB3 - Ocean Signal","robots":{"index":"index","follow":"follow","max-snippet":"max-snippet:-1","max-image-preview":"max-image-preview:large","max-video-preview":"max-video-preview:-1"},"canonical":"https:\/\/oceansignal.com\/cs\/products\/sada-pro-bezpecnost-plavby-epirb3-copy-2\/","og_locale":"cs_CZ","og_type":"article","og_title":"Bezpe\u010dnostn\u00ed sada pro plavbu PLB3","og_description":"Navr\u017eeno pro s\u00f3lov\u00e9 a mal\u00e9 n\u00e1mo\u0159n\u00edky: Dva maj\u00e1ky Ocean Signal PLB3 poskytuj\u00ed du\u00e1ln\u00ed t\u00eds\u0148ov\u00e9 upozorn\u011bn\u00ed 406 MHz + AIS, co\u017e zaji\u0161\u0165uje glob\u00e1ln\u00ed z\u00e1chrannou reakci a okam\u017eitou m\u00edstn\u00ed viditelnost.  Kompaktn\u00ed konstrukce p\u0159ipraven\u00e1 pro pou\u017eit\u00ed na mo\u0159i. Sou\u010d\u00e1st\u00ed balen\u00ed je bra\u0161na na sign\u00e1ly Ocean s p\u00e1skou schv\u00e1lenou SOLAS a zrc\u00e1tka a p\u00ed\u0161\u0165alky ACR pro nezbytnou signalizaci a dodr\u017eov\u00e1n\u00ed p\u0159edpis\u016f na mo\u0159i.  Spolehlivost a osv\u011bd\u010den\u00e1 spolehlivost: Vyvinuto spole\u010dnostmi Ocean Signal a ACR Electronics \u2013 profesion\u00e1ln\u00ed bezpe\u010dnost, kter\u00e9 d\u016fv\u011b\u0159uj\u00ed skipperov\u00e9 na voln\u00e9 vod\u011b i dobrodruzi po cel\u00e9m sv\u011bt\u011b Celkov\u00e1 hodnota sady p\u0159i doporu\u010den\u00e9 maloobchodn\u00ed prodejn\u00ed cen\u011b: 1201 GBP. U\u0161et\u0159ete s touto sadou 160 GBP!","og_url":"https:\/\/oceansignal.com\/cs\/products\/sada-pro-bezpecnost-plavby-epirb3-copy-2\/","og_site_name":"Ocean Signal","article_modified_time":"2026-03-17T17:02:03+00:00","og_image":[{"width":504,"height":497,"url":"https:\/\/oceansignal.com\/wp-content\/uploads\/2025\/11\/Grab_Bag_PLB3_Safety_Kit.jpg","type":"image\/jpeg"}],"twitter_card":"summary_large_image","twitter_misc":{"Odhadovan\u00e1 doba \u010dten\u00ed":"4 minuty"},"schema":{"@context":"https:\/\/schema.org","@graph":[{"@type":"WebPage","@id":"https:\/\/oceansignal.com\/cs\/products\/sada-pro-bezpecnost-plavby-epirb3-copy-2\/","url":"https:\/\/oceansignal.com\/cs\/products\/sada-pro-bezpecnost-plavby-epirb3-copy-2\/","name":"Bezpe\u010dnostn\u00ed sada pro plavbu PLB3 - Ocean Signal","isPartOf":{"@id":"https:\/\/oceansignal.com\/cs\/#website"},"primaryImageOfPage":{"@id":"https:\/\/oceansignal.com\/cs\/products\/sada-pro-bezpecnost-plavby-epirb3-copy-2\/#primaryimage"},"image":{"@id":"https:\/\/oceansignal.com\/cs\/products\/sada-pro-bezpecnost-plavby-epirb3-copy-2\/#primaryimage"},"thumbnailUrl":"https:\/\/oceansignal.com\/wp-content\/uploads\/2025\/11\/Grab_Bag_PLB3_Safety_Kit.jpg","datePublished":"2025-11-07T11:01:43+00:00","dateModified":"2026-03-17T17:02:03+00:00","breadcrumb":{"@id":"https:\/\/oceansignal.com\/cs\/products\/sada-pro-bezpecnost-plavby-epirb3-copy-2\/#breadcrumb"},"inLanguage":"cs","potentialAction":[{"@type":"ReadAction","target":["https:\/\/oceansignal.com\/cs\/products\/sada-pro-bezpecnost-plavby-epirb3-copy-2\/"]}]},{"@type":"ImageObject","inLanguage":"cs","@id":"https:\/\/oceansignal.com\/cs\/products\/sada-pro-bezpecnost-plavby-epirb3-copy-2\/#primaryimage","url":"https:\/\/oceansignal.com\/wp-content\/uploads\/2025\/11\/Grab_Bag_PLB3_Safety_Kit.jpg","contentUrl":"https:\/\/oceansignal.com\/wp-content\/uploads\/2025\/11\/Grab_Bag_PLB3_Safety_Kit.jpg","width":504,"height":497},{"@type":"BreadcrumbList","@id":"https:\/\/oceansignal.com\/cs\/products\/sada-pro-bezpecnost-plavby-epirb3-copy-2\/#breadcrumb","itemListElement":[{"@type":"ListItem","position":1,"name":"Produkty","item":"https:\/\/oceansignal.com\/cs\/produkty\/"},{"@type":"ListItem","position":2,"name":"Bezpe\u010dnostn\u00ed sada pro plavbu PLB3"}]},{"@type":"WebSite","@id":"https:\/\/oceansignal.com\/cs\/#website","url":"https:\/\/oceansignal.com\/cs\/","name":"Ocean Signal","description":"A leading manufacturer of EPIRBs, AIS, SARTs, Personal Locator Beacons, Man Overboard Beacon for the Marine and Outdoor Markets.","potentialAction":[{"@type":"SearchAction","target":{"@type":"EntryPoint","urlTemplate":"https:\/\/oceansignal.com\/cs\/?s={search_term_string}"},"query-input":{"@type":"PropertyValueSpecification","valueRequired":true,"valueName":"search_term_string"}}],"inLanguage":"cs"}]}},"_links":{"self":[{"href":"https:\/\/oceansignal.com\/cs\/wp-json\/wp\/v2\/product\/38007","targetHints":{"allow":["GET"]}}],"collection":[{"href":"https:\/\/oceansignal.com\/cs\/wp-json\/wp\/v2\/product"}],"about":[{"href":"https:\/\/oceansignal.com\/cs\/wp-json\/wp\/v2\/types\/product"}],"wp:featuredmedia":[{"embeddable":true,"href":"https:\/\/oceansignal.com\/cs\/wp-json\/wp\/v2\/media\/38039"}],"wp:attachment":[{"href":"https:\/\/oceansignal.com\/cs\/wp-json\/wp\/v2\/media?parent=38007"}],"wp:term":[{"taxonomy":"product_brand","embeddable":true,"href":"https:\/\/oceansignal.com\/cs\/wp-json\/wp\/v2\/product_brand?post=38007"},{"taxonomy":"product_cat","embeddable":true,"href":"https:\/\/oceansignal.com\/cs\/wp-json\/wp\/v2\/product_cat?post=38007"},{"taxonomy":"product_tag","embeddable":true,"href":"https:\/\/oceansignal.com\/cs\/wp-json\/wp\/v2\/product_tag?post=38007"}],"curies":[{"name":"wp","href":"https:\/\/api.w.org\/{rel}","templated":true}]}}