{"id":38771,"date":"2025-10-23T12:51:41","date_gmt":"2025-10-23T12:51:41","guid":{"rendered":"https:\/\/oceansignal.com\/products\/suchy-vak-ocean-signal\/"},"modified":"2025-10-23T12:51:41","modified_gmt":"2025-10-23T12:51:41","slug":"suchy-vak-ocean-signal","status":"publish","type":"product","link":"https:\/\/oceansignal.com\/cs\/products\/suchy-vak-ocean-signal\/","title":{"rendered":"Such\u00fd vak Ocean Signal"},"content":{"rendered":"<p><strong>Kompaktn\u00ed vodot\u011bsn\u00fd such\u00fd vak<\/strong><\/p>\n<p data-start=\"201\" data-end=\"599\">Tato mal\u00e1 nepromokav\u00e1 ta\u0161ka, ide\u00e1ln\u00ed pro paddleboarding, j\u00edzdu na kajaku, v\u00fdlety na pl\u00e1\u017e nebo jak\u00e9koli outdoorov\u00e9 dobrodru\u017estv\u00ed, udr\u017e\u00ed va\u0161e nezbytnosti v bezpe\u010d\u00ed, suchu a chr\u00e1n\u011bn\u00e9 p\u0159ed nep\u0159\u00edzn\u00ed po\u010das\u00ed. Je vyrobena z odoln\u00fdch, nepromokav\u00fdch materi\u00e1l\u016f a m\u00e1 rolovac\u00ed uz\u00e1v\u011br, kter\u00fd nepropou\u0161t\u00ed vodu, p\u00edsek a ne\u010distoty. Je lehk\u00e1 a dob\u0159e nadn\u00e1\u0161\u00ed, tak\u017ee i p\u0159i p\u00e1du do vody z\u016fst\u00e1v\u00e1 na hladin\u011b \u2013 ide\u00e1ln\u00ed pro pou\u017eit\u00ed na jezerech, \u0159ek\u00e1ch nebo oce\u00e1nu.  <\/p>\n<p data-start=\"601\" data-end=\"838\">A\u0165 u\u017e si bal\u00edte telefon, kl\u00ed\u010de, sva\u010dinu nebo n\u00e1hradn\u00ed oble\u010den\u00ed, tento nepromokav\u00fd vak je navr\u017een pro va\u0161e pohodl\u00ed a klid. P\u0159ipn\u011bte si ho na vybaven\u00ed nebo ho noste samostatn\u011b \u2013 va\u0161e v\u011bci z\u016fstanou such\u00e9, a\u0165 u\u017e v\u00e1s cesta zavede kamkoli. <\/p>\n<p data-start=\"840\" data-end=\"857\"><strong data-start=\"840\" data-end=\"857\">Kl\u00ed\u010dov\u00e9 vlastnosti:<\/strong><\/p>\n<ul data-start=\"858\" data-end=\"1135\">\n<li data-start=\"858\" data-end=\"913\">\n<p data-start=\"860\" data-end=\"913\">100% vodot\u011bsn\u00e9 proveden\u00ed s bezpe\u010dn\u00fdm rolovac\u00edm uz\u00e1v\u011brem<\/p>\n<\/li>\n<li data-start=\"981\" data-end=\"1024\">\n<p data-start=\"983\" data-end=\"1024\">Lehk\u00fd a kompaktn\u00ed pro snadn\u00e9 cestov\u00e1n\u00ed<\/p>\n<\/li>\n<li data-start=\"1025\" data-end=\"1078\">\n<p data-start=\"1027\" data-end=\"1078\">Odoln\u00e1 konstrukce ur\u010den\u00e1 pro venkovn\u00ed podm\u00ednky<\/p>\n<\/li>\n<li data-start=\"1079\" data-end=\"1135\">\n<p data-start=\"1081\" data-end=\"1135\">Ide\u00e1ln\u00ed pro uchov\u00e1n\u00ed cennost\u00ed v suchu b\u011bhem jak\u00e9hokoli dobrodru\u017estv\u00ed<\/p>\n<\/li>\n<li data-start=\"1079\" data-end=\"1135\">Rozm\u011bry: 7,5 x 14,75 (palc\u016f)<\/li>\n<\/ul>\n","protected":false},"excerpt":{"rendered":"<p>Uchovejte si sv\u00e9 nezbytnosti v suchu a bezpe\u010d\u00ed v tomto kompaktn\u00edm, <strong>nepromokav\u00e9m<\/strong> such\u00e9m vaku \u2013 ide\u00e1ln\u00edm pro paddleboarding, j\u00edzdu na kajaku, v\u00fdlety na pl\u00e1\u017e a v\u0161echna va\u0161e outdoorov\u00e1 dobrodru\u017estv\u00ed. Toto nepromokav\u00e9 \u00falo\u017en\u00e9 \u0159e\u0161en\u00ed slou\u017e\u00ed z\u00e1rove\u0148 jako plovouc\u00ed vak na vybaven\u00ed a nab\u00edz\u00ed lehkou ochranu bez objemu. Je vyroben z odoln\u00e9ho materi\u00e1lu pro jakoukoli cestu a je to odoln\u00fd cestovn\u00ed spole\u010dn\u00edk, na kter\u00e9ho se m\u016f\u017eete spolehnout. A\u0165 u\u017e vyr\u00e1\u017e\u00edte na vodu nebo na stezky, je to nezbytn\u00fd kus dobrodru\u017en\u00e9ho vybaven\u00ed, kter\u00fd se nos\u00ed na hladin\u011b pro v\u011bt\u0161\u00ed klid.   <\/p>\n","protected":false},"featured_media":37435,"template":"","meta":{"_acf_changed":false,"om_disable_all_campaigns":false},"product_brand":[],"product_cat":[1787],"product_tag":[1703,1955],"class_list":{"0":"post-38771","1":"product","2":"type-product","3":"status-publish","4":"has-post-thumbnail","6":"product_cat-prislusenstvi","7":"product_tag-prikopovy-pytel","8":"product_tag-suchy-vak","10":"first","11":"outofstock","12":"taxable","13":"shipping-taxable","14":"purchasable","15":"product-type-simple"},"acf":[],"yoast_head":"<!-- This site is optimized with the Yoast SEO Premium plugin v25.2 (Yoast SEO v26.4) - https:\/\/yoast.com\/wordpress\/plugins\/seo\/ -->\n<title>Such\u00fd vak Ocean Signal - Ocean Signal<\/title>\n<meta name=\"robots\" content=\"index, follow, max-snippet:-1, max-image-preview:large, max-video-preview:-1\" \/>\n<link rel=\"canonical\" href=\"https:\/\/oceansignal.com\/cs\/products\/suchy-vak-ocean-signal\/\" \/>\n<meta property=\"og:locale\" content=\"cs_CZ\" \/>\n<meta property=\"og:type\" content=\"article\" \/>\n<meta property=\"og:title\" content=\"Such\u00fd vak Ocean Signal\" \/>\n<meta property=\"og:description\" content=\"Uchovejte si sv\u00e9 nezbytnosti v suchu a bezpe\u010d\u00ed v tomto kompaktn\u00edm, nepromokav\u00e9m such\u00e9m vaku \u2013 ide\u00e1ln\u00edm pro paddleboarding, j\u00edzdu na kajaku, v\u00fdlety na pl\u00e1\u017e a v\u0161echna va\u0161e outdoorov\u00e1 dobrodru\u017estv\u00ed. Toto nepromokav\u00e9 \u00falo\u017en\u00e9 \u0159e\u0161en\u00ed slou\u017e\u00ed z\u00e1rove\u0148 jako plovouc\u00ed vak na vybaven\u00ed a nab\u00edz\u00ed lehkou ochranu bez objemu. Je vyroben z odoln\u00e9ho materi\u00e1lu pro jakoukoli cestu a je to odoln\u00fd cestovn\u00ed spole\u010dn\u00edk, na kter\u00e9ho se m\u016f\u017eete spolehnout. A\u0165 u\u017e vyr\u00e1\u017e\u00edte na vodu nebo na stezky, je to nezbytn\u00fd kus dobrodru\u017en\u00e9ho vybaven\u00ed, kter\u00fd se nos\u00ed na hladin\u011b pro v\u011bt\u0161\u00ed klid.\" \/>\n<meta property=\"og:url\" content=\"https:\/\/oceansignal.com\/cs\/products\/suchy-vak-ocean-signal\/\" \/>\n<meta property=\"og:site_name\" content=\"Ocean Signal\" \/>\n<meta property=\"og:image\" content=\"https:\/\/oceansignal.com\/wp-content\/uploads\/2025\/10\/Multi-Brand-Dry-Bag-Front-Closed.jpg\" \/>\n\t<meta property=\"og:image:width\" content=\"2000\" \/>\n\t<meta property=\"og:image:height\" content=\"2000\" \/>\n\t<meta property=\"og:image:type\" content=\"image\/jpeg\" \/>\n<meta name=\"twitter:card\" content=\"summary_large_image\" \/>\n<meta name=\"twitter:label1\" content=\"Odhadovan\u00e1 doba \u010dten\u00ed\" \/>\n\t<meta name=\"twitter:data1\" content=\"1 minuta\" \/>\n<script type=\"application\/ld+json\" class=\"yoast-schema-graph\">{\"@context\":\"https:\/\/schema.org\",\"@graph\":[{\"@type\":\"WebPage\",\"@id\":\"https:\/\/oceansignal.com\/cs\/products\/suchy-vak-ocean-signal\/\",\"url\":\"https:\/\/oceansignal.com\/cs\/products\/suchy-vak-ocean-signal\/\",\"name\":\"Such\u00fd vak Ocean Signal - Ocean Signal\",\"isPartOf\":{\"@id\":\"https:\/\/oceansignal.com\/cs\/#website\"},\"primaryImageOfPage\":{\"@id\":\"https:\/\/oceansignal.com\/cs\/products\/suchy-vak-ocean-signal\/#primaryimage\"},\"image\":{\"@id\":\"https:\/\/oceansignal.com\/cs\/products\/suchy-vak-ocean-signal\/#primaryimage\"},\"thumbnailUrl\":\"https:\/\/oceansignal.com\/wp-content\/uploads\/2025\/10\/Multi-Brand-Dry-Bag-Front-Closed.jpg\",\"datePublished\":\"2025-10-23T12:51:41+00:00\",\"breadcrumb\":{\"@id\":\"https:\/\/oceansignal.com\/cs\/products\/suchy-vak-ocean-signal\/#breadcrumb\"},\"inLanguage\":\"cs\",\"potentialAction\":[{\"@type\":\"ReadAction\",\"target\":[\"https:\/\/oceansignal.com\/cs\/products\/suchy-vak-ocean-signal\/\"]}]},{\"@type\":\"ImageObject\",\"inLanguage\":\"cs\",\"@id\":\"https:\/\/oceansignal.com\/cs\/products\/suchy-vak-ocean-signal\/#primaryimage\",\"url\":\"https:\/\/oceansignal.com\/wp-content\/uploads\/2025\/10\/Multi-Brand-Dry-Bag-Front-Closed.jpg\",\"contentUrl\":\"https:\/\/oceansignal.com\/wp-content\/uploads\/2025\/10\/Multi-Brand-Dry-Bag-Front-Closed.jpg\",\"width\":2000,\"height\":2000},{\"@type\":\"BreadcrumbList\",\"@id\":\"https:\/\/oceansignal.com\/cs\/products\/suchy-vak-ocean-signal\/#breadcrumb\",\"itemListElement\":[{\"@type\":\"ListItem\",\"position\":1,\"name\":\"Produkty\",\"item\":\"https:\/\/oceansignal.com\/cs\/produkty\/\"},{\"@type\":\"ListItem\",\"position\":2,\"name\":\"Such\u00fd vak Ocean Signal\"}]},{\"@type\":\"WebSite\",\"@id\":\"https:\/\/oceansignal.com\/cs\/#website\",\"url\":\"https:\/\/oceansignal.com\/cs\/\",\"name\":\"Ocean Signal\",\"description\":\"A leading manufacturer of EPIRBs, AIS, SARTs, Personal Locator Beacons, Man Overboard Beacon for the Marine and Outdoor Markets.\",\"potentialAction\":[{\"@type\":\"SearchAction\",\"target\":{\"@type\":\"EntryPoint\",\"urlTemplate\":\"https:\/\/oceansignal.com\/cs\/?s={search_term_string}\"},\"query-input\":{\"@type\":\"PropertyValueSpecification\",\"valueRequired\":true,\"valueName\":\"search_term_string\"}}],\"inLanguage\":\"cs\"}]}<\/script>\n<!-- \/ Yoast SEO Premium plugin. -->","yoast_head_json":{"title":"Such\u00fd vak Ocean Signal - Ocean Signal","robots":{"index":"index","follow":"follow","max-snippet":"max-snippet:-1","max-image-preview":"max-image-preview:large","max-video-preview":"max-video-preview:-1"},"canonical":"https:\/\/oceansignal.com\/cs\/products\/suchy-vak-ocean-signal\/","og_locale":"cs_CZ","og_type":"article","og_title":"Such\u00fd vak Ocean Signal","og_description":"Uchovejte si sv\u00e9 nezbytnosti v suchu a bezpe\u010d\u00ed v tomto kompaktn\u00edm, nepromokav\u00e9m such\u00e9m vaku \u2013 ide\u00e1ln\u00edm pro paddleboarding, j\u00edzdu na kajaku, v\u00fdlety na pl\u00e1\u017e a v\u0161echna va\u0161e outdoorov\u00e1 dobrodru\u017estv\u00ed. Toto nepromokav\u00e9 \u00falo\u017en\u00e9 \u0159e\u0161en\u00ed slou\u017e\u00ed z\u00e1rove\u0148 jako plovouc\u00ed vak na vybaven\u00ed a nab\u00edz\u00ed lehkou ochranu bez objemu. Je vyroben z odoln\u00e9ho materi\u00e1lu pro jakoukoli cestu a je to odoln\u00fd cestovn\u00ed spole\u010dn\u00edk, na kter\u00e9ho se m\u016f\u017eete spolehnout. A\u0165 u\u017e vyr\u00e1\u017e\u00edte na vodu nebo na stezky, je to nezbytn\u00fd kus dobrodru\u017en\u00e9ho vybaven\u00ed, kter\u00fd se nos\u00ed na hladin\u011b pro v\u011bt\u0161\u00ed klid.","og_url":"https:\/\/oceansignal.com\/cs\/products\/suchy-vak-ocean-signal\/","og_site_name":"Ocean Signal","og_image":[{"width":2000,"height":2000,"url":"https:\/\/oceansignal.com\/wp-content\/uploads\/2025\/10\/Multi-Brand-Dry-Bag-Front-Closed.jpg","type":"image\/jpeg"}],"twitter_card":"summary_large_image","twitter_misc":{"Odhadovan\u00e1 doba \u010dten\u00ed":"1 minuta"},"schema":{"@context":"https:\/\/schema.org","@graph":[{"@type":"WebPage","@id":"https:\/\/oceansignal.com\/cs\/products\/suchy-vak-ocean-signal\/","url":"https:\/\/oceansignal.com\/cs\/products\/suchy-vak-ocean-signal\/","name":"Such\u00fd vak Ocean Signal - Ocean Signal","isPartOf":{"@id":"https:\/\/oceansignal.com\/cs\/#website"},"primaryImageOfPage":{"@id":"https:\/\/oceansignal.com\/cs\/products\/suchy-vak-ocean-signal\/#primaryimage"},"image":{"@id":"https:\/\/oceansignal.com\/cs\/products\/suchy-vak-ocean-signal\/#primaryimage"},"thumbnailUrl":"https:\/\/oceansignal.com\/wp-content\/uploads\/2025\/10\/Multi-Brand-Dry-Bag-Front-Closed.jpg","datePublished":"2025-10-23T12:51:41+00:00","breadcrumb":{"@id":"https:\/\/oceansignal.com\/cs\/products\/suchy-vak-ocean-signal\/#breadcrumb"},"inLanguage":"cs","potentialAction":[{"@type":"ReadAction","target":["https:\/\/oceansignal.com\/cs\/products\/suchy-vak-ocean-signal\/"]}]},{"@type":"ImageObject","inLanguage":"cs","@id":"https:\/\/oceansignal.com\/cs\/products\/suchy-vak-ocean-signal\/#primaryimage","url":"https:\/\/oceansignal.com\/wp-content\/uploads\/2025\/10\/Multi-Brand-Dry-Bag-Front-Closed.jpg","contentUrl":"https:\/\/oceansignal.com\/wp-content\/uploads\/2025\/10\/Multi-Brand-Dry-Bag-Front-Closed.jpg","width":2000,"height":2000},{"@type":"BreadcrumbList","@id":"https:\/\/oceansignal.com\/cs\/products\/suchy-vak-ocean-signal\/#breadcrumb","itemListElement":[{"@type":"ListItem","position":1,"name":"Produkty","item":"https:\/\/oceansignal.com\/cs\/produkty\/"},{"@type":"ListItem","position":2,"name":"Such\u00fd vak Ocean Signal"}]},{"@type":"WebSite","@id":"https:\/\/oceansignal.com\/cs\/#website","url":"https:\/\/oceansignal.com\/cs\/","name":"Ocean Signal","description":"A leading manufacturer of EPIRBs, AIS, SARTs, Personal Locator Beacons, Man Overboard Beacon for the Marine and Outdoor Markets.","potentialAction":[{"@type":"SearchAction","target":{"@type":"EntryPoint","urlTemplate":"https:\/\/oceansignal.com\/cs\/?s={search_term_string}"},"query-input":{"@type":"PropertyValueSpecification","valueRequired":true,"valueName":"search_term_string"}}],"inLanguage":"cs"}]}},"_links":{"self":[{"href":"https:\/\/oceansignal.com\/cs\/wp-json\/wp\/v2\/product\/38771","targetHints":{"allow":["GET"]}}],"collection":[{"href":"https:\/\/oceansignal.com\/cs\/wp-json\/wp\/v2\/product"}],"about":[{"href":"https:\/\/oceansignal.com\/cs\/wp-json\/wp\/v2\/types\/product"}],"wp:featuredmedia":[{"embeddable":true,"href":"https:\/\/oceansignal.com\/cs\/wp-json\/wp\/v2\/media\/37435"}],"wp:attachment":[{"href":"https:\/\/oceansignal.com\/cs\/wp-json\/wp\/v2\/media?parent=38771"}],"wp:term":[{"taxonomy":"product_brand","embeddable":true,"href":"https:\/\/oceansignal.com\/cs\/wp-json\/wp\/v2\/product_brand?post=38771"},{"taxonomy":"product_cat","embeddable":true,"href":"https:\/\/oceansignal.com\/cs\/wp-json\/wp\/v2\/product_cat?post=38771"},{"taxonomy":"product_tag","embeddable":true,"href":"https:\/\/oceansignal.com\/cs\/wp-json\/wp\/v2\/product_tag?post=38771"}],"curies":[{"name":"wp","href":"https:\/\/api.w.org\/{rel}","templated":true}]}}