{"id":6545,"date":"2024-03-15T17:33:28","date_gmt":"2024-03-15T17:33:28","guid":{"rendered":"https:\/\/oceansignal.com\/products\/ocean-signal-hr1e-nahradni-hydrostaticka-uvolnovaci-jednotka\/"},"modified":"2025-07-08T09:36:31","modified_gmt":"2025-07-08T09:36:31","slug":"ocean-signal-hr1e-nahradni-hydrostaticka-uvolnovaci-jednotka","status":"publish","type":"product","link":"https:\/\/oceansignal.com\/cs\/products\/ocean-signal-hr1e-nahradni-hydrostaticka-uvolnovaci-jednotka\/","title":{"rendered":"Ocean Signal HR1E Replacement Hydrostatic Release Unit"},"content":{"rendered":"<p id=\"title\" class=\"a-size-large a-spacing-none\"><span id=\"productTitle\" class=\"a-size-large product-title-word-break\">Ocean Signal HR1E Replacement Hydrostatic Release Unit bez plovouc\u00edch dr\u017e\u00e1k\u016f EPIRB<\/span> .<\/p>\n<p class=\"a-size-large a-spacing-none\">Toto za\u0159\u00edzen\u00ed je navr\u017eeno tak, aby po pono\u0159en\u00ed do vody automaticky uvolnilo nouzov\u00fd radiov\u00fd maj\u00e1k indikuj\u00edc\u00ed polohu Ocean Signal ( EPIRB ) z mont\u00e1\u017en\u00edho dr\u017e\u00e1ku bez plav\u00e1n\u00ed (kategorie 1), zaji\u0161\u0165uje rychlou aktivaci nouzov\u00fdch sign\u00e1l\u016f v nouzov\u00fdch situac\u00edch.<\/p>\n<p>Funguje to takto: HR1E je vybaven hydrostatick\u00fdm mechanismem, kter\u00fd reaguje na tlak vody. P\u0159i pono\u0159en\u00ed do ur\u010dit\u00e9 hloubky, obvykle kolem 1,5 a\u017e 4 metr\u016f, hydrostatick\u00fd tlak spust\u00ed uvol\u0148ovac\u00ed mechanismus a umo\u017en\u00ed EPIRB voln\u011b se vzn\u00e1\u0161et z mont\u00e1\u017en\u00ed konzoly. Jakmile se EPIRB uvoln\u00ed, za\u010dne vys\u00edlat sv\u016fj nouzov\u00fd sign\u00e1l, kter\u00fd zachyt\u00ed bl\u00edzk\u00e9 p\u00e1trac\u00ed a z\u00e1chrann\u00e9 org\u00e1ny, co\u017e jim umo\u017en\u00ed rychle naj\u00edt a pomoci t\u011bm, kte\u0159\u00ed to pot\u0159ebuj\u00ed.  <\/p>\n<p>HR1E je navr\u017een s p\u0159esnost\u00ed a spolehlivost\u00ed a vyroben ve Spojen\u00e9m kr\u00e1lovstv\u00ed, co\u017e zaji\u0161\u0165uje, \u017ee bude efektivn\u011b fungovat i v t\u011bch nejn\u00e1ro\u010dn\u011bj\u0161\u00edch n\u00e1mo\u0159n\u00edch podm\u00ednk\u00e1ch. Automatickou aktivac\u00ed EPIRB p\u0159i pono\u0159en\u00ed HR1E v\u00fdrazn\u011b zvy\u0161uje \u0161ance na rychlou reakci na nouzov\u00e9 situace, co\u017e v kone\u010dn\u00e9m d\u016fsledku zachra\u0148uje \u017eivoty na mo\u0159i. <\/p>\n<p>Pro v\u00fdm\u011bnu hydrostatick\u00e9 uvol\u0148ovac\u00ed jednotky je nutn\u00e9 <strong>ka\u017ed\u00e9 2 roky prov\u00e9st plov\u00e1kov\u00e9 voln\u00e9 konzoly kategorie 1.<\/strong><\/p>\n<ul class=\"a-unordered-list a-vertical a-spacing-mini\">\n<li class=\"a-spacing-mini\"><span class=\"a-list-item\">P\u0159\u00edm\u00e1 n\u00e1hrada za v\u0161echna pouzdra s automatick\u00fdm uvol\u0148ov\u00e1n\u00edm Ocean Signal <a href=\"https:\/\/www.cospas-sarsat.int\/en\/\">EPIRB<\/a> (kategorie 1 bez plovouc\u00edch dr\u017e\u00e1k\u016f)<\/span><\/li>\n<li class=\"a-spacing-mini\"><span class=\"a-list-item\">Obsahuje HR1E HRU, pokyny a n\u00e1hradn\u00ed hardware<\/span><\/li>\n<li class=\"a-spacing-mini\"><span class=\"a-list-item\">Hrd\u011b navr\u017eeno a vyrobeno ve Velk\u00e9 Brit\u00e1nii<\/span><\/li>\n<li class=\"a-spacing-mini\"><span class=\"a-list-item\">Instalace je rychl\u00e1 a snadn\u00e1<\/span><\/li>\n<\/ul>\n<p>Kompatibiln\u00ed s n\u00e1sleduj\u00edc\u00edmi EPIRB bez plav\u00e1n\u00ed kategorie 1<\/p>\n<ul>\n<li><a href=\"https:\/\/oceansignal.com\/cs\/products\/e100-e100g\/\">SafeSea E100<\/a><\/li>\n<li><a href=\"https:\/\/oceansignal.com\/cs\/products\/e100-e100g\/\">SafeSea E100G<\/a><\/li>\n<li><a href=\"https:\/\/oceansignal.com\/cs\/products\/rescueme-epirb1-pro\/\">rescueME EPIRB1 Pro (d\u0159\u00edve zna\u010dkov\u00fd SafeSea EPIRB1 Pro )<\/a><\/li>\n<li><a href=\"https:\/\/oceansignal.com\/cs\/products\/rescueme-epirb2-pro\/\">rescueME EPIRB2 Pro<\/a><\/li>\n<li><a href=\"https:\/\/oceansignal.com\/cs\/products\/safesea-epirb3-pro\/\">SafeSea EPIRB3 Pro<\/a><\/li>\n<li><a href=\"https:\/\/oceansignal.com\/cs\/products\/e101v\/\">SafeSea E101V VDR<\/a><\/li>\n<\/ul>\n","protected":false},"excerpt":{"rendered":"<p>P\u0159edstavujeme hydrostatickou uvol\u0148ovac\u00ed jednotku SafeSea HR1E pro Ocean Signal EPIRB \u2013 va\u0161i nepostradatelnou ochranu pro n\u00e1mo\u0159n\u00ed nouzov\u00e9 situace. Toto za\u0159\u00edzen\u00ed je navr\u017eeno tak, aby po pono\u0159en\u00ed do vody automaticky uvolnilo nouzov\u00fd radiov\u00fd maj\u00e1k indikuj\u00edc\u00ed polohu ( EPIRB ) z mont\u00e1\u017en\u00edho dr\u017e\u00e1ku a zaji\u0161\u0165uje rychlou aktivaci t\u00eds\u0148ov\u00fdch sign\u00e1l\u016f, kdy\u017e se po\u010d\u00edt\u00e1 ka\u017ed\u00e1 sekunda. HR1E, navr\u017een\u00fd s p\u0159esnost\u00ed a spolehlivost\u00ed, nab\u00edz\u00ed klid pro n\u00e1mo\u0159n\u00edky a n\u00e1mo\u0159n\u00edky a zvy\u0161uje \u0161ance na rychlou reakci v kritick\u00fdch situac\u00edch. Ned\u011blejte kompromisy v bezpe\u010dnosti \u2013 vybavte sv\u00e9 plavidlo hydrostatickou uvol\u0148ovac\u00ed jednotkou Ocean Signal SafeSea HR1E pro EPIRB a plujte s d\u016fv\u011brou s v\u011bdom\u00edm, \u017ee pomoc je jen sign\u00e1l pry\u010d, kdy\u017e ji nejv\u00edce pot\u0159ebujete.   <\/p>\n<p><a href=\"https:\/\/www.dropbox.com\/s\/fk04stqsp2hgk5f\/Prop%2065%20-%20DEHP.pdf?dl=0\">UPOZORN\u011aN\u00cd: PROP 65<\/a><\/p>\n","protected":false},"featured_media":22872,"template":"","meta":{"_acf_changed":false,"om_disable_all_campaigns":false},"product_brand":[],"product_cat":[694,332],"product_tag":[],"class_list":{"0":"post-6545","1":"product","2":"type-product","3":"status-publish","4":"has-post-thumbnail","6":"product_cat-epirb-cs","7":"product_cat-safesea-cs","9":"first","10":"instock","11":"taxable","12":"shipping-taxable","13":"purchasable","14":"product-type-simple"},"acf":[],"yoast_head":"<!-- This site is optimized with the Yoast SEO Premium plugin v25.2 (Yoast SEO v26.4) - https:\/\/yoast.com\/wordpress\/plugins\/seo\/ -->\n<title>Ocean Signal HR1E Replacement Hydrostatic Release Unit - Ocean Signal<\/title>\n<meta name=\"description\" content=\"N\u00e1hradn\u00ed hydrostatick\u00e1 uvol\u0148ovac\u00ed jednotka Ocean Signal SafeSea HR1E nebo HRU pro SafeSea a rescueME EPIRB. Kupte si EPIRB HRU n\u00e1hradn\u00ed je\u0161t\u011b dnes.\" \/>\n<meta name=\"robots\" content=\"index, follow, max-snippet:-1, max-image-preview:large, max-video-preview:-1\" \/>\n<link rel=\"canonical\" href=\"https:\/\/oceansignal.com\/cs\/products\/ocean-signal-hr1e-nahradni-hydrostaticka-uvolnovaci-jednotka\/\" \/>\n<meta property=\"og:locale\" content=\"cs_CZ\" \/>\n<meta property=\"og:type\" content=\"article\" \/>\n<meta property=\"og:title\" content=\"Ocean Signal HR1E Replacement Hydrostatic Release Unit\" \/>\n<meta property=\"og:description\" content=\"N\u00e1hradn\u00ed hydrostatick\u00e1 uvol\u0148ovac\u00ed jednotka Ocean Signal SafeSea HR1E nebo HRU pro SafeSea a rescueME EPIRB. Kupte si EPIRB HRU n\u00e1hradn\u00ed je\u0161t\u011b dnes.\" \/>\n<meta property=\"og:url\" content=\"https:\/\/oceansignal.com\/cs\/products\/ocean-signal-hr1e-nahradni-hydrostaticka-uvolnovaci-jednotka\/\" \/>\n<meta property=\"og:site_name\" content=\"Ocean Signal\" \/>\n<meta property=\"article:modified_time\" content=\"2025-07-08T09:36:31+00:00\" \/>\n<meta property=\"og:image\" content=\"https:\/\/oceansignal.com\/wp-content\/uploads\/2024\/03\/HR1E_Front-1024x1024.png\" \/>\n\t<meta property=\"og:image:width\" content=\"1024\" \/>\n\t<meta property=\"og:image:height\" content=\"1024\" \/>\n\t<meta property=\"og:image:type\" content=\"image\/png\" \/>\n<meta name=\"twitter:card\" content=\"summary_large_image\" \/>\n<meta name=\"twitter:label1\" content=\"Odhadovan\u00e1 doba \u010dten\u00ed\" \/>\n\t<meta name=\"twitter:data1\" content=\"2 minuty\" \/>\n<script type=\"application\/ld+json\" class=\"yoast-schema-graph\">{\"@context\":\"https:\/\/schema.org\",\"@graph\":[{\"@type\":\"WebPage\",\"@id\":\"https:\/\/oceansignal.com\/cs\/products\/ocean-signal-hr1e-nahradni-hydrostaticka-uvolnovaci-jednotka\/\",\"url\":\"https:\/\/oceansignal.com\/cs\/products\/ocean-signal-hr1e-nahradni-hydrostaticka-uvolnovaci-jednotka\/\",\"name\":\"Ocean Signal HR1E Replacement Hydrostatic Release Unit - Ocean Signal\",\"isPartOf\":{\"@id\":\"https:\/\/oceansignal.com\/cs\/#website\"},\"primaryImageOfPage\":{\"@id\":\"https:\/\/oceansignal.com\/cs\/products\/ocean-signal-hr1e-nahradni-hydrostaticka-uvolnovaci-jednotka\/#primaryimage\"},\"image\":{\"@id\":\"https:\/\/oceansignal.com\/cs\/products\/ocean-signal-hr1e-nahradni-hydrostaticka-uvolnovaci-jednotka\/#primaryimage\"},\"thumbnailUrl\":\"https:\/\/oceansignal.com\/wp-content\/uploads\/2024\/03\/HR1E_Front.png\",\"datePublished\":\"2024-03-15T17:33:28+00:00\",\"dateModified\":\"2025-07-08T09:36:31+00:00\",\"description\":\"N\u00e1hradn\u00ed hydrostatick\u00e1 uvol\u0148ovac\u00ed jednotka Ocean Signal SafeSea HR1E nebo HRU pro SafeSea a rescueME EPIRB. Kupte si EPIRB HRU n\u00e1hradn\u00ed je\u0161t\u011b dnes.\",\"breadcrumb\":{\"@id\":\"https:\/\/oceansignal.com\/cs\/products\/ocean-signal-hr1e-nahradni-hydrostaticka-uvolnovaci-jednotka\/#breadcrumb\"},\"inLanguage\":\"cs\",\"potentialAction\":[{\"@type\":\"ReadAction\",\"target\":[\"https:\/\/oceansignal.com\/cs\/products\/ocean-signal-hr1e-nahradni-hydrostaticka-uvolnovaci-jednotka\/\"]}]},{\"@type\":\"ImageObject\",\"inLanguage\":\"cs\",\"@id\":\"https:\/\/oceansignal.com\/cs\/products\/ocean-signal-hr1e-nahradni-hydrostaticka-uvolnovaci-jednotka\/#primaryimage\",\"url\":\"https:\/\/oceansignal.com\/wp-content\/uploads\/2024\/03\/HR1E_Front.png\",\"contentUrl\":\"https:\/\/oceansignal.com\/wp-content\/uploads\/2024\/03\/HR1E_Front.png\",\"width\":2147,\"height\":2147,\"caption\":\"Hydrostatick\u00e1 uvol\u0148ovac\u00ed jednotka Ocean Signal SafeSea HR1E - nezbytn\u00e9 n\u00e1mo\u0159n\u00ed bezpe\u010dnostn\u00ed vybaven\u00ed pro automatickou aktivaci z\u00e1chrann\u00fdch \u010dlun\u016f\"},{\"@type\":\"BreadcrumbList\",\"@id\":\"https:\/\/oceansignal.com\/cs\/products\/ocean-signal-hr1e-nahradni-hydrostaticka-uvolnovaci-jednotka\/#breadcrumb\",\"itemListElement\":[{\"@type\":\"ListItem\",\"position\":1,\"name\":\"Produkty\",\"item\":\"https:\/\/oceansignal.com\/cs\/produkty\/\"},{\"@type\":\"ListItem\",\"position\":2,\"name\":\"Ocean Signal HR1E Replacement Hydrostatic Release Unit\"}]},{\"@type\":\"WebSite\",\"@id\":\"https:\/\/oceansignal.com\/cs\/#website\",\"url\":\"https:\/\/oceansignal.com\/cs\/\",\"name\":\"Ocean Signal\",\"description\":\"A leading manufacturer of EPIRBs, AIS, SARTs, Personal Locator Beacons, Man Overboard Beacon for the Marine and Outdoor Markets.\",\"potentialAction\":[{\"@type\":\"SearchAction\",\"target\":{\"@type\":\"EntryPoint\",\"urlTemplate\":\"https:\/\/oceansignal.com\/cs\/?s={search_term_string}\"},\"query-input\":{\"@type\":\"PropertyValueSpecification\",\"valueRequired\":true,\"valueName\":\"search_term_string\"}}],\"inLanguage\":\"cs\"}]}<\/script>\n<!-- \/ Yoast SEO Premium plugin. -->","yoast_head_json":{"title":"Ocean Signal HR1E Replacement Hydrostatic Release Unit - Ocean Signal","description":"N\u00e1hradn\u00ed hydrostatick\u00e1 uvol\u0148ovac\u00ed jednotka Ocean Signal SafeSea HR1E nebo HRU pro SafeSea a rescueME EPIRB. Kupte si EPIRB HRU n\u00e1hradn\u00ed je\u0161t\u011b dnes.","robots":{"index":"index","follow":"follow","max-snippet":"max-snippet:-1","max-image-preview":"max-image-preview:large","max-video-preview":"max-video-preview:-1"},"canonical":"https:\/\/oceansignal.com\/cs\/products\/ocean-signal-hr1e-nahradni-hydrostaticka-uvolnovaci-jednotka\/","og_locale":"cs_CZ","og_type":"article","og_title":"Ocean Signal HR1E Replacement Hydrostatic Release Unit","og_description":"N\u00e1hradn\u00ed hydrostatick\u00e1 uvol\u0148ovac\u00ed jednotka Ocean Signal SafeSea HR1E nebo HRU pro SafeSea a rescueME EPIRB. Kupte si EPIRB HRU n\u00e1hradn\u00ed je\u0161t\u011b dnes.","og_url":"https:\/\/oceansignal.com\/cs\/products\/ocean-signal-hr1e-nahradni-hydrostaticka-uvolnovaci-jednotka\/","og_site_name":"Ocean Signal","article_modified_time":"2025-07-08T09:36:31+00:00","og_image":[{"width":1024,"height":1024,"url":"https:\/\/oceansignal.com\/wp-content\/uploads\/2024\/03\/HR1E_Front-1024x1024.png","type":"image\/png"}],"twitter_card":"summary_large_image","twitter_misc":{"Odhadovan\u00e1 doba \u010dten\u00ed":"2 minuty"},"schema":{"@context":"https:\/\/schema.org","@graph":[{"@type":"WebPage","@id":"https:\/\/oceansignal.com\/cs\/products\/ocean-signal-hr1e-nahradni-hydrostaticka-uvolnovaci-jednotka\/","url":"https:\/\/oceansignal.com\/cs\/products\/ocean-signal-hr1e-nahradni-hydrostaticka-uvolnovaci-jednotka\/","name":"Ocean Signal HR1E Replacement Hydrostatic Release Unit - Ocean Signal","isPartOf":{"@id":"https:\/\/oceansignal.com\/cs\/#website"},"primaryImageOfPage":{"@id":"https:\/\/oceansignal.com\/cs\/products\/ocean-signal-hr1e-nahradni-hydrostaticka-uvolnovaci-jednotka\/#primaryimage"},"image":{"@id":"https:\/\/oceansignal.com\/cs\/products\/ocean-signal-hr1e-nahradni-hydrostaticka-uvolnovaci-jednotka\/#primaryimage"},"thumbnailUrl":"https:\/\/oceansignal.com\/wp-content\/uploads\/2024\/03\/HR1E_Front.png","datePublished":"2024-03-15T17:33:28+00:00","dateModified":"2025-07-08T09:36:31+00:00","description":"N\u00e1hradn\u00ed hydrostatick\u00e1 uvol\u0148ovac\u00ed jednotka Ocean Signal SafeSea HR1E nebo HRU pro SafeSea a rescueME EPIRB. Kupte si EPIRB HRU n\u00e1hradn\u00ed je\u0161t\u011b dnes.","breadcrumb":{"@id":"https:\/\/oceansignal.com\/cs\/products\/ocean-signal-hr1e-nahradni-hydrostaticka-uvolnovaci-jednotka\/#breadcrumb"},"inLanguage":"cs","potentialAction":[{"@type":"ReadAction","target":["https:\/\/oceansignal.com\/cs\/products\/ocean-signal-hr1e-nahradni-hydrostaticka-uvolnovaci-jednotka\/"]}]},{"@type":"ImageObject","inLanguage":"cs","@id":"https:\/\/oceansignal.com\/cs\/products\/ocean-signal-hr1e-nahradni-hydrostaticka-uvolnovaci-jednotka\/#primaryimage","url":"https:\/\/oceansignal.com\/wp-content\/uploads\/2024\/03\/HR1E_Front.png","contentUrl":"https:\/\/oceansignal.com\/wp-content\/uploads\/2024\/03\/HR1E_Front.png","width":2147,"height":2147,"caption":"Hydrostatick\u00e1 uvol\u0148ovac\u00ed jednotka Ocean Signal SafeSea HR1E - nezbytn\u00e9 n\u00e1mo\u0159n\u00ed bezpe\u010dnostn\u00ed vybaven\u00ed pro automatickou aktivaci z\u00e1chrann\u00fdch \u010dlun\u016f"},{"@type":"BreadcrumbList","@id":"https:\/\/oceansignal.com\/cs\/products\/ocean-signal-hr1e-nahradni-hydrostaticka-uvolnovaci-jednotka\/#breadcrumb","itemListElement":[{"@type":"ListItem","position":1,"name":"Produkty","item":"https:\/\/oceansignal.com\/cs\/produkty\/"},{"@type":"ListItem","position":2,"name":"Ocean Signal HR1E Replacement Hydrostatic Release Unit"}]},{"@type":"WebSite","@id":"https:\/\/oceansignal.com\/cs\/#website","url":"https:\/\/oceansignal.com\/cs\/","name":"Ocean Signal","description":"A leading manufacturer of EPIRBs, AIS, SARTs, Personal Locator Beacons, Man Overboard Beacon for the Marine and Outdoor Markets.","potentialAction":[{"@type":"SearchAction","target":{"@type":"EntryPoint","urlTemplate":"https:\/\/oceansignal.com\/cs\/?s={search_term_string}"},"query-input":{"@type":"PropertyValueSpecification","valueRequired":true,"valueName":"search_term_string"}}],"inLanguage":"cs"}]}},"_links":{"self":[{"href":"https:\/\/oceansignal.com\/cs\/wp-json\/wp\/v2\/product\/6545","targetHints":{"allow":["GET"]}}],"collection":[{"href":"https:\/\/oceansignal.com\/cs\/wp-json\/wp\/v2\/product"}],"about":[{"href":"https:\/\/oceansignal.com\/cs\/wp-json\/wp\/v2\/types\/product"}],"wp:featuredmedia":[{"embeddable":true,"href":"https:\/\/oceansignal.com\/cs\/wp-json\/wp\/v2\/media\/22872"}],"wp:attachment":[{"href":"https:\/\/oceansignal.com\/cs\/wp-json\/wp\/v2\/media?parent=6545"}],"wp:term":[{"taxonomy":"product_brand","embeddable":true,"href":"https:\/\/oceansignal.com\/cs\/wp-json\/wp\/v2\/product_brand?post=6545"},{"taxonomy":"product_cat","embeddable":true,"href":"https:\/\/oceansignal.com\/cs\/wp-json\/wp\/v2\/product_cat?post=6545"},{"taxonomy":"product_tag","embeddable":true,"href":"https:\/\/oceansignal.com\/cs\/wp-json\/wp\/v2\/product_tag?post=6545"}],"curies":[{"name":"wp","href":"https:\/\/api.w.org\/{rel}","templated":true}]}}