{"id":6901,"date":"2023-09-08T13:57:50","date_gmt":"2023-09-08T13:57:50","guid":{"rendered":"https:\/\/oceansignal.com\/products\/e100-e100g\/"},"modified":"2026-01-21T20:27:24","modified_gmt":"2026-01-21T20:27:24","slug":"e100-e100g","status":"publish","type":"product","link":"https:\/\/oceansignal.com\/cs\/products\/e100-e100g\/","title":{"rendered":"safeSEA E100\/E100G"},"content":{"rendered":"<p>EPIRBy safeSEA pracuj\u00ed v p\u00e1smu 406 MHz monitorovan\u00e9m mezin\u00e1rodn\u00edm satelitn\u00edm oper\u00e1torem Cospas-Sarsat, co\u017e zaji\u0161\u0165uje, \u017ee sign\u00e1l m\u016f\u017ee b\u00fdt lokalizov\u00e1n kdekoli na sv\u011bt\u011b. EPIRBy safeSEA jsou tak\u00e9 vybaveny nav\u00e1d\u011bc\u00edm maj\u00e1kem 121,5 MHz a vysoce jasn\u00fdm LED z\u00e1bleskov\u00fdm sv\u011btlem pro rychlou lokalizaci na m\u00edst\u011b \u010dinu. <\/p>\n<p>&nbsp;<\/p>\n<p>EPIRB safeSEA E100G t\u011b\u017e\u00ed z vestav\u011bn\u00e9ho GPS, kter\u00fd odes\u00edl\u00e1 vysoce p\u0159esnou polohu, \u010d\u00edm\u017e v\u00fdrazn\u011b zkracuje dobu vyhled\u00e1v\u00e1n\u00ed.<\/p>\n<p>&nbsp;<\/p>\n<p>D\u00edky nejvy\u0161\u0161\u00ed provozn\u00ed \u017eivotnosti bateri\u00ed EPIRB safeSEA v oboru udr\u017euje Ocean Signal EPIRB z\u00e1chrann\u00e9 slo\u017eky v obraze o va\u0161\u00ed poloze d\u00e9le.<\/p>\n<p>&nbsp;<\/p>\n<p><strong>Rysy:<\/strong><\/p>\n<p>&nbsp;<\/p>\n<ul>\n<li>V\u00fdb\u011br model\u016f s GPS a bez GPS\n<ul>\n<li>EPIRB E100G obsahuje nejmodern\u011bj\u0161\u00ed 50kan\u00e1lov\u00fd GPS p\u0159ij\u00edma\u010d pro rychl\u00e9 a p\u0159esn\u00e9 z\u00edsk\u00e1v\u00e1n\u00ed polohy<\/li>\n<\/ul>\n<\/li>\n<li>Mo\u017enosti ru\u010dn\u00edho dr\u017e\u00e1ku, pouzdra s ru\u010dn\u00edm uvoln\u011bn\u00edm a pouzdra s voln\u00fdm plov\u00e1kem<\/li>\n<li>Extr\u00e9mn\u00ed v\u00fddr\u017e baterie i p\u0159i n\u00edzk\u00fdch teplot\u00e1ch\n<ul>\n<li>V\u00edce ne\u017e 96 hodin provozu<\/li>\n<\/ul>\n<\/li>\n<li>U\u017eivatelsky vym\u011bniteln\u00e9 baterie s p\u011btilet\u00fdm intervalem v\u00fdm\u011bny<\/li>\n<li>Intuitivn\u00ed ovl\u00e1dac\u00ed prvky chr\u00e1n\u011bn\u00e9 p\u0159ed necht\u011bnou aktivac\u00ed<\/li>\n<li>Spl\u0148uje nebo p\u0159ekra\u010duje v\u0161echny mezin\u00e1rodn\u00ed standardy<\/li>\n<li>EPIRB t\u0159\u00eddy 2 (-20 \u00b0C \u2013 +55 \u00b0C) pro v\u0161eobecn\u00e9 pou\u017eit\u00ed<\/li>\n<li>Nebezpe\u010dn\u00e1 baterie<\/li>\n<\/ul>\n<p>&nbsp;<\/p>\n<p><strong>D\u016fle\u017eit\u00e9:<\/strong> P\u0159e\u010dt\u011bte si pros\u00edm tento <a href=\"http:\/\/oceansignal.com\/wp-content\/uploads\/2023\/09\/Service-Information-Letter-Ocean-Signal-E100-Self-Test-and-exchange.pdf\">servisn\u00ed bulletin<\/a> s doporu\u010den\u00edm prov\u00e9st autotest va\u0161eho EPIRB safeSEA.<\/p>\n<p>&nbsp;<\/p>\n<p><strong>D\u016fle\u017eit\u00e9:<\/strong> Veuillez lire svp ce <a href=\"http:\/\/oceansignal.com\/wp-content\/uploads\/2023\/09\/Bulletin-Technique-DInformation-Auto-Test-EPIRB-Ocean-Signal-E100-June.pdf\">bulletin d&#8217;information<\/a> qui recommande de faire un auto-test de la balise Ocean Signal E100\/E100G de la gamme safeSEA.<\/p>\n","protected":false},"excerpt":{"rendered":"<p>EPIRBy safeSEA E100 a E100G byly navr\u017eeny a zkonstruov\u00e1ny tak, aby spl\u0148ovaly pot\u0159eby v\u0161ech komer\u010dn\u00edch, ryb\u00e1\u0159sk\u00fdch a rekrea\u010dn\u00edch plavidel na mo\u0159i.<\/p>\n<p> <strong>V\u00fdroba EPIRBS safeSEA E100 a E100G se ukon\u010duje.<\/strong><\/p>\n","protected":false},"featured_media":20801,"template":"","meta":{"_acf_changed":false,"om_disable_all_campaigns":false},"product_brand":[],"product_cat":[348],"product_tag":[],"class_list":{"0":"post-6901","1":"product","2":"type-product","3":"status-publish","4":"has-post-thumbnail","6":"product_cat-vybehovy","8":"first","9":"outofstock","10":"taxable","11":"shipping-taxable","12":"product-type-simple"},"acf":[],"yoast_head":"<!-- This site is optimized with the Yoast SEO Premium plugin v25.2 (Yoast SEO v26.4) - https:\/\/yoast.com\/wordpress\/plugins\/seo\/ -->\n<title>safeSEA E100\/E100G - Ocean Signal<\/title>\n<meta name=\"description\" content=\"Ocean Signal E100 EPIRB: Nezbytn\u00fd pro n\u00e1mo\u0159n\u00ed bezpe\u010dnost. Okam\u017eit\u00e1 nouzov\u00e1 signalizace pro rychlou reakci. Zvy\u0161uje bezpe\u010dnost na palub\u011b.\" \/>\n<meta name=\"robots\" content=\"index, follow, max-snippet:-1, max-image-preview:large, max-video-preview:-1\" \/>\n<link rel=\"canonical\" href=\"https:\/\/oceansignal.com\/cs\/products\/e100-e100g\/\" \/>\n<meta property=\"og:locale\" content=\"cs_CZ\" \/>\n<meta property=\"og:type\" content=\"article\" \/>\n<meta property=\"og:title\" content=\"safeSEA E100\/E100G\" \/>\n<meta property=\"og:description\" content=\"Ocean Signal E100 EPIRB: Nezbytn\u00fd pro n\u00e1mo\u0159n\u00ed bezpe\u010dnost. Okam\u017eit\u00e1 nouzov\u00e1 signalizace pro rychlou reakci. Zvy\u0161uje bezpe\u010dnost na palub\u011b.\" \/>\n<meta property=\"og:url\" content=\"https:\/\/oceansignal.com\/cs\/products\/e100-e100g\/\" \/>\n<meta property=\"og:site_name\" content=\"Ocean Signal\" \/>\n<meta property=\"article:modified_time\" content=\"2026-01-21T20:27:24+00:00\" \/>\n<meta property=\"og:image\" content=\"https:\/\/oceansignal.com\/wp-content\/uploads\/2023\/09\/OSL-E100-360_600x600.gif\" \/>\n\t<meta property=\"og:image:width\" content=\"600\" \/>\n\t<meta property=\"og:image:height\" content=\"600\" \/>\n\t<meta property=\"og:image:type\" content=\"image\/gif\" \/>\n<meta name=\"twitter:card\" content=\"summary_large_image\" \/>\n<meta name=\"twitter:label1\" content=\"Odhadovan\u00e1 doba \u010dten\u00ed\" \/>\n\t<meta name=\"twitter:data1\" content=\"1 minuta\" \/>\n<script type=\"application\/ld+json\" class=\"yoast-schema-graph\">{\"@context\":\"https:\/\/schema.org\",\"@graph\":[{\"@type\":\"WebPage\",\"@id\":\"https:\/\/oceansignal.com\/cs\/products\/e100-e100g\/\",\"url\":\"https:\/\/oceansignal.com\/cs\/products\/e100-e100g\/\",\"name\":\"safeSEA E100\/E100G - Ocean Signal\",\"isPartOf\":{\"@id\":\"https:\/\/oceansignal.com\/cs\/#website\"},\"primaryImageOfPage\":{\"@id\":\"https:\/\/oceansignal.com\/cs\/products\/e100-e100g\/#primaryimage\"},\"image\":{\"@id\":\"https:\/\/oceansignal.com\/cs\/products\/e100-e100g\/#primaryimage\"},\"thumbnailUrl\":\"https:\/\/oceansignal.com\/wp-content\/uploads\/2023\/09\/OSL-E100-360_600x600.gif\",\"datePublished\":\"2023-09-08T13:57:50+00:00\",\"dateModified\":\"2026-01-21T20:27:24+00:00\",\"description\":\"Ocean Signal E100 EPIRB: Nezbytn\u00fd pro n\u00e1mo\u0159n\u00ed bezpe\u010dnost. Okam\u017eit\u00e1 nouzov\u00e1 signalizace pro rychlou reakci. Zvy\u0161uje bezpe\u010dnost na palub\u011b.\",\"breadcrumb\":{\"@id\":\"https:\/\/oceansignal.com\/cs\/products\/e100-e100g\/#breadcrumb\"},\"inLanguage\":\"cs\",\"potentialAction\":[{\"@type\":\"ReadAction\",\"target\":[\"https:\/\/oceansignal.com\/cs\/products\/e100-e100g\/\"]}]},{\"@type\":\"ImageObject\",\"inLanguage\":\"cs\",\"@id\":\"https:\/\/oceansignal.com\/cs\/products\/e100-e100g\/#primaryimage\",\"url\":\"https:\/\/oceansignal.com\/wp-content\/uploads\/2023\/09\/OSL-E100-360_600x600.gif\",\"contentUrl\":\"https:\/\/oceansignal.com\/wp-content\/uploads\/2023\/09\/OSL-E100-360_600x600.gif\",\"width\":600,\"height\":600},{\"@type\":\"BreadcrumbList\",\"@id\":\"https:\/\/oceansignal.com\/cs\/products\/e100-e100g\/#breadcrumb\",\"itemListElement\":[{\"@type\":\"ListItem\",\"position\":1,\"name\":\"Produkty\",\"item\":\"https:\/\/oceansignal.com\/cs\/produkty\/\"},{\"@type\":\"ListItem\",\"position\":2,\"name\":\"safeSEA E100\/E100G\"}]},{\"@type\":\"WebSite\",\"@id\":\"https:\/\/oceansignal.com\/cs\/#website\",\"url\":\"https:\/\/oceansignal.com\/cs\/\",\"name\":\"Ocean Signal\",\"description\":\"A leading manufacturer of EPIRBs, AIS, SARTs, Personal Locator Beacons, Man Overboard Beacon for the Marine and Outdoor Markets.\",\"potentialAction\":[{\"@type\":\"SearchAction\",\"target\":{\"@type\":\"EntryPoint\",\"urlTemplate\":\"https:\/\/oceansignal.com\/cs\/?s={search_term_string}\"},\"query-input\":{\"@type\":\"PropertyValueSpecification\",\"valueRequired\":true,\"valueName\":\"search_term_string\"}}],\"inLanguage\":\"cs\"}]}<\/script>\n<!-- \/ Yoast SEO Premium plugin. -->","yoast_head_json":{"title":"safeSEA E100\/E100G - Ocean Signal","description":"Ocean Signal E100 EPIRB: Nezbytn\u00fd pro n\u00e1mo\u0159n\u00ed bezpe\u010dnost. Okam\u017eit\u00e1 nouzov\u00e1 signalizace pro rychlou reakci. Zvy\u0161uje bezpe\u010dnost na palub\u011b.","robots":{"index":"index","follow":"follow","max-snippet":"max-snippet:-1","max-image-preview":"max-image-preview:large","max-video-preview":"max-video-preview:-1"},"canonical":"https:\/\/oceansignal.com\/cs\/products\/e100-e100g\/","og_locale":"cs_CZ","og_type":"article","og_title":"safeSEA E100\/E100G","og_description":"Ocean Signal E100 EPIRB: Nezbytn\u00fd pro n\u00e1mo\u0159n\u00ed bezpe\u010dnost. Okam\u017eit\u00e1 nouzov\u00e1 signalizace pro rychlou reakci. Zvy\u0161uje bezpe\u010dnost na palub\u011b.","og_url":"https:\/\/oceansignal.com\/cs\/products\/e100-e100g\/","og_site_name":"Ocean Signal","article_modified_time":"2026-01-21T20:27:24+00:00","og_image":[{"url":"https:\/\/oceansignal.com\/wp-content\/uploads\/2023\/09\/OSL-E100-360_600x600.gif","width":600,"height":600,"type":"image\/gif"}],"twitter_card":"summary_large_image","twitter_misc":{"Odhadovan\u00e1 doba \u010dten\u00ed":"1 minuta"},"schema":{"@context":"https:\/\/schema.org","@graph":[{"@type":"WebPage","@id":"https:\/\/oceansignal.com\/cs\/products\/e100-e100g\/","url":"https:\/\/oceansignal.com\/cs\/products\/e100-e100g\/","name":"safeSEA E100\/E100G - Ocean Signal","isPartOf":{"@id":"https:\/\/oceansignal.com\/cs\/#website"},"primaryImageOfPage":{"@id":"https:\/\/oceansignal.com\/cs\/products\/e100-e100g\/#primaryimage"},"image":{"@id":"https:\/\/oceansignal.com\/cs\/products\/e100-e100g\/#primaryimage"},"thumbnailUrl":"https:\/\/oceansignal.com\/wp-content\/uploads\/2023\/09\/OSL-E100-360_600x600.gif","datePublished":"2023-09-08T13:57:50+00:00","dateModified":"2026-01-21T20:27:24+00:00","description":"Ocean Signal E100 EPIRB: Nezbytn\u00fd pro n\u00e1mo\u0159n\u00ed bezpe\u010dnost. Okam\u017eit\u00e1 nouzov\u00e1 signalizace pro rychlou reakci. Zvy\u0161uje bezpe\u010dnost na palub\u011b.","breadcrumb":{"@id":"https:\/\/oceansignal.com\/cs\/products\/e100-e100g\/#breadcrumb"},"inLanguage":"cs","potentialAction":[{"@type":"ReadAction","target":["https:\/\/oceansignal.com\/cs\/products\/e100-e100g\/"]}]},{"@type":"ImageObject","inLanguage":"cs","@id":"https:\/\/oceansignal.com\/cs\/products\/e100-e100g\/#primaryimage","url":"https:\/\/oceansignal.com\/wp-content\/uploads\/2023\/09\/OSL-E100-360_600x600.gif","contentUrl":"https:\/\/oceansignal.com\/wp-content\/uploads\/2023\/09\/OSL-E100-360_600x600.gif","width":600,"height":600},{"@type":"BreadcrumbList","@id":"https:\/\/oceansignal.com\/cs\/products\/e100-e100g\/#breadcrumb","itemListElement":[{"@type":"ListItem","position":1,"name":"Produkty","item":"https:\/\/oceansignal.com\/cs\/produkty\/"},{"@type":"ListItem","position":2,"name":"safeSEA E100\/E100G"}]},{"@type":"WebSite","@id":"https:\/\/oceansignal.com\/cs\/#website","url":"https:\/\/oceansignal.com\/cs\/","name":"Ocean Signal","description":"A leading manufacturer of EPIRBs, AIS, SARTs, Personal Locator Beacons, Man Overboard Beacon for the Marine and Outdoor Markets.","potentialAction":[{"@type":"SearchAction","target":{"@type":"EntryPoint","urlTemplate":"https:\/\/oceansignal.com\/cs\/?s={search_term_string}"},"query-input":{"@type":"PropertyValueSpecification","valueRequired":true,"valueName":"search_term_string"}}],"inLanguage":"cs"}]}},"_links":{"self":[{"href":"https:\/\/oceansignal.com\/cs\/wp-json\/wp\/v2\/product\/6901","targetHints":{"allow":["GET"]}}],"collection":[{"href":"https:\/\/oceansignal.com\/cs\/wp-json\/wp\/v2\/product"}],"about":[{"href":"https:\/\/oceansignal.com\/cs\/wp-json\/wp\/v2\/types\/product"}],"wp:featuredmedia":[{"embeddable":true,"href":"https:\/\/oceansignal.com\/cs\/wp-json\/wp\/v2\/media\/20801"}],"wp:attachment":[{"href":"https:\/\/oceansignal.com\/cs\/wp-json\/wp\/v2\/media?parent=6901"}],"wp:term":[{"taxonomy":"product_brand","embeddable":true,"href":"https:\/\/oceansignal.com\/cs\/wp-json\/wp\/v2\/product_brand?post=6901"},{"taxonomy":"product_cat","embeddable":true,"href":"https:\/\/oceansignal.com\/cs\/wp-json\/wp\/v2\/product_cat?post=6901"},{"taxonomy":"product_tag","embeddable":true,"href":"https:\/\/oceansignal.com\/cs\/wp-json\/wp\/v2\/product_tag?post=6901"}],"curies":[{"name":"wp","href":"https:\/\/api.w.org\/{rel}","templated":true}]}}