{"id":7050,"date":"2023-09-08T12:03:59","date_gmt":"2023-09-08T12:03:59","guid":{"rendered":"https:\/\/oceansignal.com\/products\/ais-atb1-trida-b-ais-transceiver\/"},"modified":"2025-09-23T15:44:09","modified_gmt":"2025-09-23T15:44:09","slug":"ais-atb1-trida-b-ais-transceiver","status":"publish","type":"product","link":"https:\/\/oceansignal.com\/cs\/products\/ais-atb1-trida-b-ais-transceiver\/","title":{"rendered":"AIS ATB1 t\u0159\u00edda B+ AIS Transceiver"},"content":{"rendered":"<p><strong><span class=\"fontstyle0\">ATB1 mus\u00ed b\u00fdt nakonfigurov\u00e1n u\u017eivatelem pro zad\u00e1n\u00ed \u010d\u00edsla MMSI plavidla a dal\u0161\u00edch podrobnost\u00ed.<\/span><\/strong><br \/>\n<strong><span class=\"fontstyle0\">To lze prov\u00e9st pomoc\u00ed mobiln\u00ed aplikace nebo webov\u00e9ho programu. Chcete-li zah\u00e1jit konfiguraci, vyberte odkaz Programov\u00e1n\u00ed produktu pod n\u00e1zvem produktu.<br \/>\n<\/span><\/strong><\/p>\n<p>&nbsp;<\/p>\n<ul>\n<li>AIS Factsheet: <a href=\"http:\/\/oceansignal.com\/wp-content\/uploads\/2023\/09\/AIS_Message_Structure.pdf\" target=\"_blank\" rel=\"noopener\">Struktura zpr\u00e1v AIS<\/a>, <a href=\"http:\/\/oceansignal.com\/wp-content\/uploads\/2023\/09\/AIS_Multiplexing.pdf\" target=\"_blank\" rel=\"noopener\">multiplexov\u00e1n\u00ed AIS<\/a>, <a href=\"http:\/\/oceansignal.com\/wp-content\/uploads\/2023\/09\/AIS_with_LRM_Explained.pdf\" target=\"_blank\" rel=\"noopener\">vysv\u011btlen\u00ed AIS s LRM<\/a><\/li>\n<\/ul>\n<p>&nbsp;<\/p>\n<p><span class=\"fontstyle0\">Informace o va\u0161em plavidle, jako je poloha, rychlost, kurz a kurz, se zji\u0161\u0165uj\u00ed automaticky a nep\u0159etr\u017eit\u011b pomoc\u00ed p\u016fsobiv\u00e9ho intern\u00edho multi-GPS p\u0159ij\u00edma\u010de pro p\u0159esn\u00e9 glob\u00e1ln\u00ed<\/span> ur\u010dov\u00e1n\u00ed polohy. Tato pokro\u010dil\u00e1 technologie, kter\u00e1 se m\u016f\u017ee pochlubit 99 akvizi\u010dn\u00edmi kan\u00e1ly a 33 sledovac\u00edmi kan\u00e1ly, zaji\u0161\u0165uje, \u017ee p\u0159enosy AIS poskytuj\u00ed v\u017edy nejp\u0159esn\u011bj\u0161\u00ed indikaci polohy va\u0161eho plavidla. <\/p>\n<p>&nbsp;<\/p>\n<p><span class=\"fontstyle0\">Dal\u0161\u00ed informace o plavidle, jako je n\u00e1zev plavidla, volac\u00ed znak, typ a rozm\u011bry, stejn\u011b jako MMSI jsou tak\u00e9 p\u0159en\u00e1\u0161eny automaticky z ATB1. Tyto informace jsou nahr\u00e1ny do ATB1 p\u0159es WiFi p\u0159\u00edmo z u\u017eivatelsky p\u0159\u00edv\u011btiv\u00e9 mobiln\u00ed aplikace nebo webov\u00e9 str\u00e1nky Ocean Signal . Jakmile jsou tyto informace nahr\u00e1ny, z\u016fst\u00e1vaj\u00ed ulo\u017eeny v energeticky nez\u00e1visl\u00e9 pam\u011bti jednotky, i kdy\u017e je vypnuta po dlouhou dobu.  <\/span><\/p>\n<p>&nbsp;<\/p>\n<p><span class=\"fontstyle0\">ATB1 tak\u00e9 p\u0159ij\u00edm\u00e1 a interpretuje zpr\u00e1vy AIS od jin\u00fdch plavidel vybaven\u00fdch AIS v dosahu, kter\u00e9 pak mohou b\u00fdt bez n\u00e1mahy p\u0159ed\u00e1ny do jin\u00fdch naviga\u010dn\u00edch za\u0159\u00edzen\u00ed, jako jsou mapov\u00e9 plotry, notebooky nebo mobiln\u00ed telefony pomoc\u00ed v\u00fdstup\u016f ATB1 NMEA 0183, NMEA 2000<\/span><span class=\"fontstyle0\">\u00ae<\/span><span class=\"fontstyle0\">, USB nebo WiFi.<\/span><\/p>\n<p>&nbsp;<\/p>\n<p><span class=\"fontstyle0\">Pou\u017eit\u00ed nad\u0159azen\u00e9ho p\u0159\u00edstupov\u00e9ho sch\u00e9matu SOTDMA* odli\u0161uje ATB1 od dostupn\u00fdch produkt\u016f CSTDMA** t\u0159\u00eddy B. Tato jednotka Ocean Signal t\u0159\u00eddy B+ m\u00e1 stejnou prioritu p\u0159enosu AIS jako jednotka t\u0159\u00eddy A, co\u017e poskytuje dodate\u010dnou jistotu, \u017ee nedojde ke ztr\u00e1t\u011b nebo zpo\u017ed\u011bn\u00ed p\u0159enosu, a to ani v oblastech s vysok\u00fdm provozem. <\/span><\/p>\n<p>&nbsp;<\/p>\n<p><span class=\"fontstyle0\">ATB1 m\u00e1 tak\u00e9 rychlej\u0161\u00ed rychlost hl\u00e1\u0161en\u00ed a vy\u0161\u0161\u00ed v\u00fdstupn\u00ed v\u00fdkon ne\u017e jednotky CSTDMA t\u0159\u00eddy B.  <\/span><span class=\"fontstyle0\">Odes\u00edl\u00e1 AIS p\u0159enosy ka\u017ed\u00fdch 5 sekund nam\u00edsto maxim\u00e1ln\u00edch dvou p\u0159enos\u016f za minutu a v\u00fdstupn\u00ed v\u00fdkon 5W m\u00edsto 2W umo\u017e\u0148uje va\u0161im p\u0159enos\u016fm dos\u00e1hnout d\u00e1le.<\/span><\/p>\n<p>&nbsp;<\/p>\n<p><span class=\"fontstyle0\">V\u00edcebarevn\u00e1 LED kontrolka na ATB1 signalizuje prob\u00edhaj\u00edc\u00ed provozn\u00ed stav jednotky. Tato dal\u0161\u00ed bezpe\u010dnostn\u00ed funkce v\u00e1m poskytuje jistotu, \u017ee ATB1 m\u00e1 nep\u0159etr\u017eit\u00fd p\u0159enos AIS a optim\u00e1ln\u00ed v\u00fdkon. ATB1 m\u00e1 elegantn\u00ed, ale odoln\u00fd vodot\u011bsn\u00fd design, kter\u00fd m\u00e1 vysok\u00fd v\u00fdkon a n\u00edzkou spot\u0159ebu energie.    <\/span><\/p>\n<p>&nbsp;<\/p>\n<p><span class=\"fontstyle0\">Instalace je rychl\u00e1 a jednoduch\u00e1 a je dod\u00e1v\u00e1na s extern\u00ed<\/span> <span class=\"fontstyle0\">GPS ant\u00e9nou, co\u017e znamen\u00e1, \u017ee v\u0161e, co pot\u0159ebujete, je pou\u017eit\u00ed vhodn\u00e9ho za\u0159\u00edzen\u00ed (mobiln\u00ed telefon, tablet nebo PC) k nahr\u00e1n\u00ed informac\u00ed o va\u0161em plavidle a<\/span> <span class=\"fontstyle0\">b\u011bhem n\u011bkolika minut m\u016f\u017eete za\u010d\u00edt vys\u00edlat zpr\u00e1vy AIS.<\/span><\/p>\n<p>&nbsp;<\/p>\n<p><span class=\"fontstyle0\">Spole\u010dnost Ocean Signal kter\u00e1 je l\u00eddrem v oblasti \u017eivot zachra\u0148uj\u00edc\u00edch n\u00e1mo\u0159n\u00edch produkt\u016f pro profesion\u00e1ln\u00ed a volno\u010dasov\u00e9 trhy, op\u011bt poskytuje maxim\u00e1ln\u00ed bezpe\u010dnost a klid s transceiverem ATB1 t\u0159\u00eddy B.<\/span><\/p>\n<p>&nbsp;<\/p>\n<p><em><span class=\"fontstyle0\">* Samoorganizovan\u00fd v\u00edcen\u00e1sobn\u00fd p\u0159\u00edstup k \u010dasov\u00e9mu d\u011blen\u00ed<br \/>\n ** V\u00edcen\u00e1sobn\u00fd p\u0159\u00edstup s \u010dasov\u00fdm d\u011blen\u00edm podle Carrier Sense<\/span><\/em><\/p>\n<p>&nbsp;<\/p>\n<p>Aktualizace firmwaru ATB1 a historii reviz\u00ed naleznete na <strong><a href=\"http:\/\/oceansignal.com\/support\/product-programming\/atb1-class-b-ais-transceiver-programming\/software-updates\/\">t\u00e9to str\u00e1nce<\/a><\/strong> .<\/p>\n","protected":false},"excerpt":{"rendered":"<p><span class=\"fontstyle0\">Vys\u00edla\u010d\/p\u0159ij\u00edma\u010d Ocean Signal <span class=\"fontstyle2\">ATB1<\/span> t\u0159\u00eddy B+ AIS zahrnuj\u00edc\u00ed vynikaj\u00edc\u00ed p\u0159\u00edstupov\u00e9 sch\u00e9ma <span class=\"fontstyle2\">SOTDMA<\/span> poskytuje zv\u00fd\u0161enou viditelnost a bezpe\u010dnost na mo\u0159i.<\/span><\/p>\n<p> <span class=\"fontstyle0\">Pln\u011b vyhovuj\u00edc\u00ed ATB1 t\u0159\u00edda B+ (SOTDMA) AIS transceiver od Ocean Signal je nejnov\u011bj\u0161\u00ed z dlouh\u00e9 \u0159ady z\u00e1kladn\u00edho vybaven\u00ed pro n\u00e1mo\u0159n\u00ed bezpe\u010dnost vyvinut\u00e9ho a vyroben\u00e9ho ve Spojen\u00e9m kr\u00e1lovstv\u00ed pro<\/span> n\u00e1mo\u0159n\u00ed trh.<\/p>\n<p> <span class=\"fontstyle0\">Navr\u017eeno jako pom\u016fcka pro zabr\u00e1n\u011bn\u00ed kolizi, poskytuje v\u00fdznamnou v\u00fdhodu v naviga\u010dn\u00ed bezpe\u010dnosti a poskytuje v\u00e1m klid, \u017ee va\u0161e plavidlo bude vid\u011bt ve dne i v noci, bez ohledu na po\u010das\u00ed, na dne\u0161n\u00edch ru\u0161n\u00fdch vodn\u00edch cest\u00e1ch.<\/span><\/p>\n","protected":false},"featured_media":20884,"template":"","meta":{"_acf_changed":false,"om_disable_all_campaigns":false},"product_brand":[],"product_cat":[348],"product_tag":[],"class_list":{"0":"post-7050","1":"product","2":"type-product","3":"status-publish","4":"has-post-thumbnail","6":"product_cat-vybehovy","8":"first","9":"outofstock","10":"taxable","11":"shipping-taxable","12":"product-type-simple"},"acf":[],"yoast_head":"<!-- This site is optimized with the Yoast SEO Premium plugin v25.2 (Yoast SEO v26.4) - https:\/\/yoast.com\/wordpress\/plugins\/seo\/ -->\n<title>AIS ATB1 t\u0159\u00edda B+ AIS Transceiver - Ocean Signal<\/title>\n<meta name=\"robots\" content=\"index, follow, max-snippet:-1, max-image-preview:large, max-video-preview:-1\" \/>\n<link rel=\"canonical\" href=\"https:\/\/oceansignal.com\/cs\/products\/ais-atb1-trida-b-ais-transceiver\/\" \/>\n<meta property=\"og:locale\" content=\"cs_CZ\" \/>\n<meta property=\"og:type\" content=\"article\" \/>\n<meta property=\"og:title\" content=\"AIS ATB1 t\u0159\u00edda B+ AIS Transceiver\" \/>\n<meta property=\"og:description\" content=\"Vys\u00edla\u010d\/p\u0159ij\u00edma\u010d Ocean Signal ATB1 t\u0159\u00eddy B+ AIS zahrnuj\u00edc\u00ed vynikaj\u00edc\u00ed p\u0159\u00edstupov\u00e9 sch\u00e9ma SOTDMA poskytuje zv\u00fd\u0161enou viditelnost a bezpe\u010dnost na mo\u0159i.  Pln\u011b vyhovuj\u00edc\u00ed ATB1 t\u0159\u00edda B+ (SOTDMA) AIS transceiver od Ocean Signal je nejnov\u011bj\u0161\u00ed z dlouh\u00e9 \u0159ady z\u00e1kladn\u00edho vybaven\u00ed pro n\u00e1mo\u0159n\u00ed bezpe\u010dnost vyvinut\u00e9ho a vyroben\u00e9ho ve Spojen\u00e9m kr\u00e1lovstv\u00ed pro n\u00e1mo\u0159n\u00ed trh.  Navr\u017eeno jako pom\u016fcka pro zabr\u00e1n\u011bn\u00ed kolizi, poskytuje v\u00fdznamnou v\u00fdhodu v naviga\u010dn\u00ed bezpe\u010dnosti a poskytuje v\u00e1m klid, \u017ee va\u0161e plavidlo bude vid\u011bt ve dne i v noci, bez ohledu na po\u010das\u00ed, na dne\u0161n\u00edch ru\u0161n\u00fdch vodn\u00edch cest\u00e1ch.\" \/>\n<meta property=\"og:url\" content=\"https:\/\/oceansignal.com\/cs\/products\/ais-atb1-trida-b-ais-transceiver\/\" \/>\n<meta property=\"og:site_name\" content=\"Ocean Signal\" \/>\n<meta property=\"article:modified_time\" content=\"2025-09-23T15:44:09+00:00\" \/>\n<meta property=\"og:image\" content=\"https:\/\/oceansignal.com\/wp-content\/uploads\/2023\/09\/OSL-ATB1-Bundle-360_600x600-1.gif\" \/>\n\t<meta property=\"og:image:width\" content=\"600\" \/>\n\t<meta property=\"og:image:height\" content=\"600\" \/>\n\t<meta property=\"og:image:type\" content=\"image\/gif\" \/>\n<meta name=\"twitter:card\" content=\"summary_large_image\" \/>\n<meta name=\"twitter:label1\" content=\"Odhadovan\u00e1 doba \u010dten\u00ed\" \/>\n\t<meta name=\"twitter:data1\" content=\"3 minuty\" \/>\n<script type=\"application\/ld+json\" class=\"yoast-schema-graph\">{\"@context\":\"https:\/\/schema.org\",\"@graph\":[{\"@type\":\"WebPage\",\"@id\":\"https:\/\/oceansignal.com\/cs\/products\/ais-atb1-trida-b-ais-transceiver\/\",\"url\":\"https:\/\/oceansignal.com\/cs\/products\/ais-atb1-trida-b-ais-transceiver\/\",\"name\":\"AIS ATB1 t\u0159\u00edda B+ AIS Transceiver - Ocean Signal\",\"isPartOf\":{\"@id\":\"https:\/\/oceansignal.com\/cs\/#website\"},\"primaryImageOfPage\":{\"@id\":\"https:\/\/oceansignal.com\/cs\/products\/ais-atb1-trida-b-ais-transceiver\/#primaryimage\"},\"image\":{\"@id\":\"https:\/\/oceansignal.com\/cs\/products\/ais-atb1-trida-b-ais-transceiver\/#primaryimage\"},\"thumbnailUrl\":\"https:\/\/oceansignal.com\/wp-content\/uploads\/2023\/09\/OSL-ATB1-Bundle-360_600x600-1.gif\",\"datePublished\":\"2023-09-08T12:03:59+00:00\",\"dateModified\":\"2025-09-23T15:44:09+00:00\",\"breadcrumb\":{\"@id\":\"https:\/\/oceansignal.com\/cs\/products\/ais-atb1-trida-b-ais-transceiver\/#breadcrumb\"},\"inLanguage\":\"cs\",\"potentialAction\":[{\"@type\":\"ReadAction\",\"target\":[\"https:\/\/oceansignal.com\/cs\/products\/ais-atb1-trida-b-ais-transceiver\/\"]}]},{\"@type\":\"ImageObject\",\"inLanguage\":\"cs\",\"@id\":\"https:\/\/oceansignal.com\/cs\/products\/ais-atb1-trida-b-ais-transceiver\/#primaryimage\",\"url\":\"https:\/\/oceansignal.com\/wp-content\/uploads\/2023\/09\/OSL-ATB1-Bundle-360_600x600-1.gif\",\"contentUrl\":\"https:\/\/oceansignal.com\/wp-content\/uploads\/2023\/09\/OSL-ATB1-Bundle-360_600x600-1.gif\",\"width\":600,\"height\":600},{\"@type\":\"BreadcrumbList\",\"@id\":\"https:\/\/oceansignal.com\/cs\/products\/ais-atb1-trida-b-ais-transceiver\/#breadcrumb\",\"itemListElement\":[{\"@type\":\"ListItem\",\"position\":1,\"name\":\"Produkty\",\"item\":\"https:\/\/oceansignal.com\/cs\/produkty\/\"},{\"@type\":\"ListItem\",\"position\":2,\"name\":\"AIS ATB1 t\u0159\u00edda B+ AIS Transceiver\"}]},{\"@type\":\"WebSite\",\"@id\":\"https:\/\/oceansignal.com\/cs\/#website\",\"url\":\"https:\/\/oceansignal.com\/cs\/\",\"name\":\"Ocean Signal\",\"description\":\"A leading manufacturer of EPIRBs, AIS, SARTs, Personal Locator Beacons, Man Overboard Beacon for the Marine and Outdoor Markets.\",\"potentialAction\":[{\"@type\":\"SearchAction\",\"target\":{\"@type\":\"EntryPoint\",\"urlTemplate\":\"https:\/\/oceansignal.com\/cs\/?s={search_term_string}\"},\"query-input\":{\"@type\":\"PropertyValueSpecification\",\"valueRequired\":true,\"valueName\":\"search_term_string\"}}],\"inLanguage\":\"cs\"}]}<\/script>\n<!-- \/ Yoast SEO Premium plugin. -->","yoast_head_json":{"title":"AIS ATB1 t\u0159\u00edda B+ AIS Transceiver - Ocean Signal","robots":{"index":"index","follow":"follow","max-snippet":"max-snippet:-1","max-image-preview":"max-image-preview:large","max-video-preview":"max-video-preview:-1"},"canonical":"https:\/\/oceansignal.com\/cs\/products\/ais-atb1-trida-b-ais-transceiver\/","og_locale":"cs_CZ","og_type":"article","og_title":"AIS ATB1 t\u0159\u00edda B+ AIS Transceiver","og_description":"Vys\u00edla\u010d\/p\u0159ij\u00edma\u010d Ocean Signal ATB1 t\u0159\u00eddy B+ AIS zahrnuj\u00edc\u00ed vynikaj\u00edc\u00ed p\u0159\u00edstupov\u00e9 sch\u00e9ma SOTDMA poskytuje zv\u00fd\u0161enou viditelnost a bezpe\u010dnost na mo\u0159i.  Pln\u011b vyhovuj\u00edc\u00ed ATB1 t\u0159\u00edda B+ (SOTDMA) AIS transceiver od Ocean Signal je nejnov\u011bj\u0161\u00ed z dlouh\u00e9 \u0159ady z\u00e1kladn\u00edho vybaven\u00ed pro n\u00e1mo\u0159n\u00ed bezpe\u010dnost vyvinut\u00e9ho a vyroben\u00e9ho ve Spojen\u00e9m kr\u00e1lovstv\u00ed pro n\u00e1mo\u0159n\u00ed trh.  Navr\u017eeno jako pom\u016fcka pro zabr\u00e1n\u011bn\u00ed kolizi, poskytuje v\u00fdznamnou v\u00fdhodu v naviga\u010dn\u00ed bezpe\u010dnosti a poskytuje v\u00e1m klid, \u017ee va\u0161e plavidlo bude vid\u011bt ve dne i v noci, bez ohledu na po\u010das\u00ed, na dne\u0161n\u00edch ru\u0161n\u00fdch vodn\u00edch cest\u00e1ch.","og_url":"https:\/\/oceansignal.com\/cs\/products\/ais-atb1-trida-b-ais-transceiver\/","og_site_name":"Ocean Signal","article_modified_time":"2025-09-23T15:44:09+00:00","og_image":[{"url":"https:\/\/oceansignal.com\/wp-content\/uploads\/2023\/09\/OSL-ATB1-Bundle-360_600x600-1.gif","width":600,"height":600,"type":"image\/gif"}],"twitter_card":"summary_large_image","twitter_misc":{"Odhadovan\u00e1 doba \u010dten\u00ed":"3 minuty"},"schema":{"@context":"https:\/\/schema.org","@graph":[{"@type":"WebPage","@id":"https:\/\/oceansignal.com\/cs\/products\/ais-atb1-trida-b-ais-transceiver\/","url":"https:\/\/oceansignal.com\/cs\/products\/ais-atb1-trida-b-ais-transceiver\/","name":"AIS ATB1 t\u0159\u00edda B+ AIS Transceiver - Ocean Signal","isPartOf":{"@id":"https:\/\/oceansignal.com\/cs\/#website"},"primaryImageOfPage":{"@id":"https:\/\/oceansignal.com\/cs\/products\/ais-atb1-trida-b-ais-transceiver\/#primaryimage"},"image":{"@id":"https:\/\/oceansignal.com\/cs\/products\/ais-atb1-trida-b-ais-transceiver\/#primaryimage"},"thumbnailUrl":"https:\/\/oceansignal.com\/wp-content\/uploads\/2023\/09\/OSL-ATB1-Bundle-360_600x600-1.gif","datePublished":"2023-09-08T12:03:59+00:00","dateModified":"2025-09-23T15:44:09+00:00","breadcrumb":{"@id":"https:\/\/oceansignal.com\/cs\/products\/ais-atb1-trida-b-ais-transceiver\/#breadcrumb"},"inLanguage":"cs","potentialAction":[{"@type":"ReadAction","target":["https:\/\/oceansignal.com\/cs\/products\/ais-atb1-trida-b-ais-transceiver\/"]}]},{"@type":"ImageObject","inLanguage":"cs","@id":"https:\/\/oceansignal.com\/cs\/products\/ais-atb1-trida-b-ais-transceiver\/#primaryimage","url":"https:\/\/oceansignal.com\/wp-content\/uploads\/2023\/09\/OSL-ATB1-Bundle-360_600x600-1.gif","contentUrl":"https:\/\/oceansignal.com\/wp-content\/uploads\/2023\/09\/OSL-ATB1-Bundle-360_600x600-1.gif","width":600,"height":600},{"@type":"BreadcrumbList","@id":"https:\/\/oceansignal.com\/cs\/products\/ais-atb1-trida-b-ais-transceiver\/#breadcrumb","itemListElement":[{"@type":"ListItem","position":1,"name":"Produkty","item":"https:\/\/oceansignal.com\/cs\/produkty\/"},{"@type":"ListItem","position":2,"name":"AIS ATB1 t\u0159\u00edda B+ AIS Transceiver"}]},{"@type":"WebSite","@id":"https:\/\/oceansignal.com\/cs\/#website","url":"https:\/\/oceansignal.com\/cs\/","name":"Ocean Signal","description":"A leading manufacturer of EPIRBs, AIS, SARTs, Personal Locator Beacons, Man Overboard Beacon for the Marine and Outdoor Markets.","potentialAction":[{"@type":"SearchAction","target":{"@type":"EntryPoint","urlTemplate":"https:\/\/oceansignal.com\/cs\/?s={search_term_string}"},"query-input":{"@type":"PropertyValueSpecification","valueRequired":true,"valueName":"search_term_string"}}],"inLanguage":"cs"}]}},"_links":{"self":[{"href":"https:\/\/oceansignal.com\/cs\/wp-json\/wp\/v2\/product\/7050","targetHints":{"allow":["GET"]}}],"collection":[{"href":"https:\/\/oceansignal.com\/cs\/wp-json\/wp\/v2\/product"}],"about":[{"href":"https:\/\/oceansignal.com\/cs\/wp-json\/wp\/v2\/types\/product"}],"wp:featuredmedia":[{"embeddable":true,"href":"https:\/\/oceansignal.com\/cs\/wp-json\/wp\/v2\/media\/20884"}],"wp:attachment":[{"href":"https:\/\/oceansignal.com\/cs\/wp-json\/wp\/v2\/media?parent=7050"}],"wp:term":[{"taxonomy":"product_brand","embeddable":true,"href":"https:\/\/oceansignal.com\/cs\/wp-json\/wp\/v2\/product_brand?post=7050"},{"taxonomy":"product_cat","embeddable":true,"href":"https:\/\/oceansignal.com\/cs\/wp-json\/wp\/v2\/product_cat?post=7050"},{"taxonomy":"product_tag","embeddable":true,"href":"https:\/\/oceansignal.com\/cs\/wp-json\/wp\/v2\/product_tag?post=7050"}],"curies":[{"name":"wp","href":"https:\/\/api.w.org\/{rel}","templated":true}]}}