{"id":7063,"date":"2023-09-08T12:12:42","date_gmt":"2023-09-08T12:12:42","guid":{"rendered":"https:\/\/oceansignal.com\/products\/ais-atb1-trida-b-balicek-ais\/"},"modified":"2025-07-30T12:31:52","modified_gmt":"2025-07-30T12:31:52","slug":"ais-atb1-trida-b-balicek-ais","status":"publish","type":"product","link":"https:\/\/oceansignal.com\/cs\/products\/ais-atb1-trida-b-balicek-ais\/","title":{"rendered":"AIS ATB1 t\u0159\u00edda B+ Bal\u00ed\u010dek AIS"},"content":{"rendered":"<p>&nbsp;<\/p>\n<table>\n<tbody>\n<tr>\n<th><\/th>\n<th class=\"content-entry\">Kompaktn\u00ed MOB1, kter\u00fd se snadno integruje do z\u00e1chrann\u00e9 vesty, komunikuje s ATB1, stejn\u011b jako s \u010dluny vybaven\u00fdmi AIS v dosahu asi p\u011bti mil, a poskytne dva zp\u016fsoby rychl\u00e9ho p\u0159enosu polohy mu\u017ee p\u0159es palubu v p\u0159\u00edpad\u011b nouze. Za prv\u00e9, vys\u00edl\u00e1 v\u00fdstrahu v\u0161em p\u0159ij\u00edma\u010d\u016fm AIS a plotr\u016fm s AIS v okol\u00ed. Za druh\u00e9, MOB1 aktivuje alarm DSC na VHF r\u00e1diu plavidla, aby upozornil ostatn\u00ed \u010dleny pos\u00e1dky. D\u00edky tomu, \u017ee pos\u00e1dka m\u016f\u017ee b\u011bhem zotavov\u00e1n\u00ed sledovat polohu osoby, integrovan\u00e9 stroboskopick\u00e9 sv\u011btlo s tvarovanou \u010do\u010dkou pak zaji\u0161\u0165uje, \u017ee p\u0159e\u017eiv\u0161\u00ed bude snadno spat\u0159en za \u0161patn\u00fdch sv\u011bteln\u00fdch podm\u00ednek.   <\/th>\n<\/tr>\n<tr>\n<th><\/th>\n<th><a href=\"https:\/\/oceansignal.com\/cs\/products\/rescueme-mob1\/\">Kliknut\u00edm sem zobraz\u00edte dal\u0161\u00ed podrobnosti o MOB1<\/a><\/p>\n<p>&nbsp;<\/th>\n<\/tr>\n<tr>\n<th><\/th>\n<th><\/th>\n<\/tr>\n<tr>\n<th><\/th>\n<th>Pokro\u010dil\u00fd transpond\u00e9r ATB1 AIS spole\u010dnosti Ocean Signal t\u0159\u00eddy B+ (SOTDMA) je navr\u017een tak, aby majitel\u016fm lod\u00ed nab\u00eddl zv\u00fd\u0161enou viditelnost a bezpe\u010dnost plavby. D\u00edky za\u010dlen\u011bn\u00ed \u0161pi\u010dkov\u00e9 technologie SOTDMA nab\u00edz\u00ed ATB1 v\u00fdznamn\u00e9 v\u00fdhody v\u010detn\u011b zv\u00fd\u0161en\u00e9 priority pro hl\u00e1\u0161en\u00ed o poloze bez ztr\u00e1ty nebo zpo\u017ed\u011bn\u00ed p\u0159enosu, co\u017e zvy\u0161uje schopnost u\u017eivatele b\u00fdt vid\u011bn jin\u00fdmi plavidly v ru\u0161n\u00fdch vod\u00e1ch a vyhnout se koliz\u00edm ve dne i v noci bez ohledu na podm\u00ednky. M\u00e1 vy\u0161\u0161\u00ed rychlost hl\u00e1\u0161en\u00ed a vy\u0161\u0161\u00ed v\u00fdstupn\u00ed v\u00fdkon ne\u017e standardn\u00ed jednotky CSTDMA t\u0159\u00eddy B, odes\u00edl\u00e1 p\u0159enosy AIS ka\u017ed\u00fdch p\u011bt sekund m\u00edsto CSTDMA dva p\u0159enosy za minutu. V\u00fdstupn\u00ed v\u00fdkon jednotky 5W ve srovn\u00e1n\u00ed se standardn\u00edmi 2W umo\u017e\u0148uje p\u0159enos\u016fm dos\u00e1hnout d\u00e1le.   <\/th>\n<\/tr>\n<tr>\n<th><\/th>\n<th><a href=\"https:\/\/oceansignal.com\/products\/atb1\/\">Klikn\u011bte zde pro v\u00edce informac\u00ed o ATB1<\/a><\/th>\n<\/tr>\n<\/tbody>\n<\/table>\n","protected":false},"excerpt":{"rendered":"<p>Nov\u00fd bal\u00ed\u010dek Ocean Signal ATB1 AIS spojuje nejnov\u011bj\u0161\u00ed technologii AIS t\u0159\u00eddy B+ v transpond\u00e9ru ATB1 se dv\u011bma ocen\u011bn\u00fdmi rescueME MOB1 mu\u017esk\u00fdmi maj\u00e1ky p\u0159es palubu, aby byla zaji\u0161t\u011bna nejlep\u0161\u00ed \u0161ance na rychlou z\u00e1chranu bu\u010f z vlastn\u00edho plavidla p\u0159e\u017eiv\u0161\u00edho, nebo jin\u00fdch plavidel v bl\u00edzkosti, pokud n\u011bkdo spadne do vody, sada AIS posouv\u00e1 bezpe\u010dnost na palub\u011b na novou \u00farove\u0148.<\/p>\n","protected":false},"featured_media":19205,"template":"","meta":{"_acf_changed":false,"om_disable_all_campaigns":false},"product_brand":[],"product_cat":[348],"product_tag":[],"class_list":{"0":"post-7063","1":"product","2":"type-product","3":"status-publish","4":"has-post-thumbnail","6":"product_cat-vybehovy","8":"first","9":"instock","10":"taxable","11":"shipping-taxable","12":"product-type-simple"},"acf":[],"yoast_head":"<!-- This site is optimized with the Yoast SEO Premium plugin v25.2 (Yoast SEO v26.4) - https:\/\/yoast.com\/wordpress\/plugins\/seo\/ -->\n<title>AIS ATB1 t\u0159\u00edda B+ Bal\u00ed\u010dek AIS - Ocean Signal<\/title>\n<meta name=\"robots\" content=\"index, follow, max-snippet:-1, max-image-preview:large, max-video-preview:-1\" \/>\n<link rel=\"canonical\" href=\"https:\/\/oceansignal.com\/cs\/products\/ais-atb1-trida-b-balicek-ais\/\" \/>\n<meta property=\"og:locale\" content=\"cs_CZ\" \/>\n<meta property=\"og:type\" content=\"article\" \/>\n<meta property=\"og:title\" content=\"AIS ATB1 t\u0159\u00edda B+ Bal\u00ed\u010dek AIS\" \/>\n<meta property=\"og:description\" content=\"Nov\u00fd bal\u00ed\u010dek Ocean Signal ATB1 AIS spojuje nejnov\u011bj\u0161\u00ed technologii AIS t\u0159\u00eddy B+ v transpond\u00e9ru ATB1 se dv\u011bma ocen\u011bn\u00fdmi rescueME MOB1 mu\u017esk\u00fdmi maj\u00e1ky p\u0159es palubu, aby byla zaji\u0161t\u011bna nejlep\u0161\u00ed \u0161ance na rychlou z\u00e1chranu bu\u010f z vlastn\u00edho plavidla p\u0159e\u017eiv\u0161\u00edho, nebo jin\u00fdch plavidel v bl\u00edzkosti, pokud n\u011bkdo spadne do vody, sada AIS posouv\u00e1 bezpe\u010dnost na palub\u011b na novou \u00farove\u0148.\" \/>\n<meta property=\"og:url\" content=\"https:\/\/oceansignal.com\/cs\/products\/ais-atb1-trida-b-balicek-ais\/\" \/>\n<meta property=\"og:site_name\" content=\"Ocean Signal\" \/>\n<meta property=\"article:modified_time\" content=\"2025-07-30T12:31:52+00:00\" \/>\n<meta property=\"og:image\" content=\"https:\/\/oceansignal.com\/wp-content\/uploads\/2023\/09\/OSL-ATB1-MOB-Bundle1-Left-Angle.png\" \/>\n\t<meta property=\"og:image:width\" content=\"720\" \/>\n\t<meta property=\"og:image:height\" content=\"720\" \/>\n\t<meta property=\"og:image:type\" content=\"image\/png\" \/>\n<meta name=\"twitter:card\" content=\"summary_large_image\" \/>\n<meta name=\"twitter:label1\" content=\"Odhadovan\u00e1 doba \u010dten\u00ed\" \/>\n\t<meta name=\"twitter:data1\" content=\"2 minuty\" \/>\n<script type=\"application\/ld+json\" class=\"yoast-schema-graph\">{\"@context\":\"https:\/\/schema.org\",\"@graph\":[{\"@type\":\"WebPage\",\"@id\":\"https:\/\/oceansignal.com\/cs\/products\/ais-atb1-trida-b-balicek-ais\/\",\"url\":\"https:\/\/oceansignal.com\/cs\/products\/ais-atb1-trida-b-balicek-ais\/\",\"name\":\"AIS ATB1 t\u0159\u00edda B+ Bal\u00ed\u010dek AIS - Ocean Signal\",\"isPartOf\":{\"@id\":\"https:\/\/oceansignal.com\/cs\/#website\"},\"primaryImageOfPage\":{\"@id\":\"https:\/\/oceansignal.com\/cs\/products\/ais-atb1-trida-b-balicek-ais\/#primaryimage\"},\"image\":{\"@id\":\"https:\/\/oceansignal.com\/cs\/products\/ais-atb1-trida-b-balicek-ais\/#primaryimage\"},\"thumbnailUrl\":\"https:\/\/oceansignal.com\/wp-content\/uploads\/2023\/09\/OSL-ATB1-MOB-Bundle1-Left-Angle.png\",\"datePublished\":\"2023-09-08T12:12:42+00:00\",\"dateModified\":\"2025-07-30T12:31:52+00:00\",\"breadcrumb\":{\"@id\":\"https:\/\/oceansignal.com\/cs\/products\/ais-atb1-trida-b-balicek-ais\/#breadcrumb\"},\"inLanguage\":\"cs\",\"potentialAction\":[{\"@type\":\"ReadAction\",\"target\":[\"https:\/\/oceansignal.com\/cs\/products\/ais-atb1-trida-b-balicek-ais\/\"]}]},{\"@type\":\"ImageObject\",\"inLanguage\":\"cs\",\"@id\":\"https:\/\/oceansignal.com\/cs\/products\/ais-atb1-trida-b-balicek-ais\/#primaryimage\",\"url\":\"https:\/\/oceansignal.com\/wp-content\/uploads\/2023\/09\/OSL-ATB1-MOB-Bundle1-Left-Angle.png\",\"contentUrl\":\"https:\/\/oceansignal.com\/wp-content\/uploads\/2023\/09\/OSL-ATB1-MOB-Bundle1-Left-Angle.png\",\"width\":720,\"height\":720},{\"@type\":\"BreadcrumbList\",\"@id\":\"https:\/\/oceansignal.com\/cs\/products\/ais-atb1-trida-b-balicek-ais\/#breadcrumb\",\"itemListElement\":[{\"@type\":\"ListItem\",\"position\":1,\"name\":\"Produkty\",\"item\":\"https:\/\/oceansignal.com\/cs\/produkty\/\"},{\"@type\":\"ListItem\",\"position\":2,\"name\":\"AIS ATB1 t\u0159\u00edda B+ Bal\u00ed\u010dek AIS\"}]},{\"@type\":\"WebSite\",\"@id\":\"https:\/\/oceansignal.com\/cs\/#website\",\"url\":\"https:\/\/oceansignal.com\/cs\/\",\"name\":\"Ocean Signal\",\"description\":\"A leading manufacturer of EPIRBs, AIS, SARTs, Personal Locator Beacons, Man Overboard Beacon for the Marine and Outdoor Markets.\",\"potentialAction\":[{\"@type\":\"SearchAction\",\"target\":{\"@type\":\"EntryPoint\",\"urlTemplate\":\"https:\/\/oceansignal.com\/cs\/?s={search_term_string}\"},\"query-input\":{\"@type\":\"PropertyValueSpecification\",\"valueRequired\":true,\"valueName\":\"search_term_string\"}}],\"inLanguage\":\"cs\"}]}<\/script>\n<!-- \/ Yoast SEO Premium plugin. -->","yoast_head_json":{"title":"AIS ATB1 t\u0159\u00edda B+ Bal\u00ed\u010dek AIS - Ocean Signal","robots":{"index":"index","follow":"follow","max-snippet":"max-snippet:-1","max-image-preview":"max-image-preview:large","max-video-preview":"max-video-preview:-1"},"canonical":"https:\/\/oceansignal.com\/cs\/products\/ais-atb1-trida-b-balicek-ais\/","og_locale":"cs_CZ","og_type":"article","og_title":"AIS ATB1 t\u0159\u00edda B+ Bal\u00ed\u010dek AIS","og_description":"Nov\u00fd bal\u00ed\u010dek Ocean Signal ATB1 AIS spojuje nejnov\u011bj\u0161\u00ed technologii AIS t\u0159\u00eddy B+ v transpond\u00e9ru ATB1 se dv\u011bma ocen\u011bn\u00fdmi rescueME MOB1 mu\u017esk\u00fdmi maj\u00e1ky p\u0159es palubu, aby byla zaji\u0161t\u011bna nejlep\u0161\u00ed \u0161ance na rychlou z\u00e1chranu bu\u010f z vlastn\u00edho plavidla p\u0159e\u017eiv\u0161\u00edho, nebo jin\u00fdch plavidel v bl\u00edzkosti, pokud n\u011bkdo spadne do vody, sada AIS posouv\u00e1 bezpe\u010dnost na palub\u011b na novou \u00farove\u0148.","og_url":"https:\/\/oceansignal.com\/cs\/products\/ais-atb1-trida-b-balicek-ais\/","og_site_name":"Ocean Signal","article_modified_time":"2025-07-30T12:31:52+00:00","og_image":[{"width":720,"height":720,"url":"https:\/\/oceansignal.com\/wp-content\/uploads\/2023\/09\/OSL-ATB1-MOB-Bundle1-Left-Angle.png","type":"image\/png"}],"twitter_card":"summary_large_image","twitter_misc":{"Odhadovan\u00e1 doba \u010dten\u00ed":"2 minuty"},"schema":{"@context":"https:\/\/schema.org","@graph":[{"@type":"WebPage","@id":"https:\/\/oceansignal.com\/cs\/products\/ais-atb1-trida-b-balicek-ais\/","url":"https:\/\/oceansignal.com\/cs\/products\/ais-atb1-trida-b-balicek-ais\/","name":"AIS ATB1 t\u0159\u00edda B+ Bal\u00ed\u010dek AIS - Ocean Signal","isPartOf":{"@id":"https:\/\/oceansignal.com\/cs\/#website"},"primaryImageOfPage":{"@id":"https:\/\/oceansignal.com\/cs\/products\/ais-atb1-trida-b-balicek-ais\/#primaryimage"},"image":{"@id":"https:\/\/oceansignal.com\/cs\/products\/ais-atb1-trida-b-balicek-ais\/#primaryimage"},"thumbnailUrl":"https:\/\/oceansignal.com\/wp-content\/uploads\/2023\/09\/OSL-ATB1-MOB-Bundle1-Left-Angle.png","datePublished":"2023-09-08T12:12:42+00:00","dateModified":"2025-07-30T12:31:52+00:00","breadcrumb":{"@id":"https:\/\/oceansignal.com\/cs\/products\/ais-atb1-trida-b-balicek-ais\/#breadcrumb"},"inLanguage":"cs","potentialAction":[{"@type":"ReadAction","target":["https:\/\/oceansignal.com\/cs\/products\/ais-atb1-trida-b-balicek-ais\/"]}]},{"@type":"ImageObject","inLanguage":"cs","@id":"https:\/\/oceansignal.com\/cs\/products\/ais-atb1-trida-b-balicek-ais\/#primaryimage","url":"https:\/\/oceansignal.com\/wp-content\/uploads\/2023\/09\/OSL-ATB1-MOB-Bundle1-Left-Angle.png","contentUrl":"https:\/\/oceansignal.com\/wp-content\/uploads\/2023\/09\/OSL-ATB1-MOB-Bundle1-Left-Angle.png","width":720,"height":720},{"@type":"BreadcrumbList","@id":"https:\/\/oceansignal.com\/cs\/products\/ais-atb1-trida-b-balicek-ais\/#breadcrumb","itemListElement":[{"@type":"ListItem","position":1,"name":"Produkty","item":"https:\/\/oceansignal.com\/cs\/produkty\/"},{"@type":"ListItem","position":2,"name":"AIS ATB1 t\u0159\u00edda B+ Bal\u00ed\u010dek AIS"}]},{"@type":"WebSite","@id":"https:\/\/oceansignal.com\/cs\/#website","url":"https:\/\/oceansignal.com\/cs\/","name":"Ocean Signal","description":"A leading manufacturer of EPIRBs, AIS, SARTs, Personal Locator Beacons, Man Overboard Beacon for the Marine and Outdoor Markets.","potentialAction":[{"@type":"SearchAction","target":{"@type":"EntryPoint","urlTemplate":"https:\/\/oceansignal.com\/cs\/?s={search_term_string}"},"query-input":{"@type":"PropertyValueSpecification","valueRequired":true,"valueName":"search_term_string"}}],"inLanguage":"cs"}]}},"_links":{"self":[{"href":"https:\/\/oceansignal.com\/cs\/wp-json\/wp\/v2\/product\/7063","targetHints":{"allow":["GET"]}}],"collection":[{"href":"https:\/\/oceansignal.com\/cs\/wp-json\/wp\/v2\/product"}],"about":[{"href":"https:\/\/oceansignal.com\/cs\/wp-json\/wp\/v2\/types\/product"}],"wp:featuredmedia":[{"embeddable":true,"href":"https:\/\/oceansignal.com\/cs\/wp-json\/wp\/v2\/media\/19205"}],"wp:attachment":[{"href":"https:\/\/oceansignal.com\/cs\/wp-json\/wp\/v2\/media?parent=7063"}],"wp:term":[{"taxonomy":"product_brand","embeddable":true,"href":"https:\/\/oceansignal.com\/cs\/wp-json\/wp\/v2\/product_brand?post=7063"},{"taxonomy":"product_cat","embeddable":true,"href":"https:\/\/oceansignal.com\/cs\/wp-json\/wp\/v2\/product_cat?post=7063"},{"taxonomy":"product_tag","embeddable":true,"href":"https:\/\/oceansignal.com\/cs\/wp-json\/wp\/v2\/product_tag?post=7063"}],"curies":[{"name":"wp","href":"https:\/\/api.w.org\/{rel}","templated":true}]}}