{"id":7077,"date":"2023-09-08T11:21:17","date_gmt":"2023-09-08T11:21:17","guid":{"rendered":"https:\/\/oceansignal.com\/products\/ais-ata100\/"},"modified":"2025-03-06T13:36:49","modified_gmt":"2025-03-06T13:36:49","slug":"ais-ata100","status":"publish","type":"product","link":"https:\/\/oceansignal.com\/cs\/products\/ais-ata100\/","title":{"rendered":"AIS ATA100"},"content":{"rendered":"<p>Funkce odes\u00edl\u00e1n\u00ed zpr\u00e1v AIS se snadno pou\u017e\u00edv\u00e1 a zaji\u0161\u0165uje, \u017ee zpr\u00e1vy souvisej\u00edc\u00ed s bezpe\u010dnost\u00ed mohou b\u00fdt rychle doru\u010deny nebo p\u0159ijaty u\u017eivatelem s velmi mal\u00fdm \u00fasil\u00edm. Funkce okam\u017eit\u00fdch zpr\u00e1v a alarmu poskytuje okam\u017eit\u00e9 upozorn\u011bn\u00ed na jak\u00e9koli potenci\u00e1ln\u00ed probl\u00e9my nebo nebezpe\u010d\u00ed, v\u010detn\u011b nasazen\u00ed MOB1 spole\u010dnosti Ocean Signal , nejmen\u0161\u00edho za\u0159\u00edzen\u00ed Man Overboard AIS\/DSC na sv\u011bt\u011b. Je tak\u00e9 kompatibiln\u00ed se v\u0161emi ostatn\u00edmi za\u0159\u00edzen\u00edmi AIS Man Overboard v\u010detn\u011b <a href=\"https:\/\/www.acrartex.com\/products\/aislink-personal-ais-mob-beacon\/\">ACR AISLink MOB<\/a> .&#8216;  <\/p>\n<p>&nbsp;<\/p>\n<p>Dynamick\u00e1 data, jako je poloha, rychlost nad zem\u00ed a kurz nad zem\u00ed, se vypo\u010d\u00edt\u00e1vaj\u00ed automaticky pomoc\u00ed integrovan\u00e9ho 99kan\u00e1lov\u00e9ho p\u0159ij\u00edma\u010de GPS, zat\u00edmco statick\u00e1 data a data souvisej\u00edc\u00ed s plavbou, jako je MMSI, volac\u00ed znak a jm\u00e9no, typ lodi, c\u00edl, ETA atd., se snadno naprogramuj\u00ed do transpond\u00e9ru AIS pomoc\u00ed u\u017eivatelsky p\u0159\u00edv\u011btiv\u00e9ho rozhran\u00ed nab\u00eddky.<\/p>\n<p>&nbsp;<\/p>\n<p>Toto jednojednotkov\u00e9 \u0159e\u0161en\u00ed spl\u0148uj\u00edc\u00ed po\u017eadavky AIS zaji\u0161\u0165uje minim\u00e1ln\u00ed vyu\u017eit\u00ed prostoru mostu a mo\u017enosti jeho povrchov\u00e9 nebo voln\u011b stoj\u00edc\u00ed mont\u00e1\u017ee umo\u017e\u0148uj\u00ed snadnou instalaci do t\u00e9m\u011b\u0159 jak\u00e9koli polohy nebo um\u00edst\u011bn\u00ed. Obsahuje tak\u00e9 n\u011bkolik mo\u017enost\u00ed p\u0159ipojen\u00ed v\u010detn\u011b WiFi, USB portu, s\u00e9riov\u00e9ho a pilotn\u00edho konektoru. <\/p>\n<p>&nbsp;<\/p>\n<p>Jednotka transpond\u00e9ru ATA100 AIS t\u0159\u00eddy A od Ocean Signal spl\u0148uje po\u017eadavky sm\u011brnice EU MED (Wheelmark) a p\u0159edpis\u016f USCG\/FCC. Rovn\u011b\u017e spl\u0148uje normu EU pro vnitrozemsk\u00e9 vodn\u00ed cesty, kterou spravuje CCNR. <\/p>\n<p>&nbsp;<\/p>\n<section class=\"content-entry\">\n<ul class=\"columns\">\n<li>Kompaktn\u00ed \u0159e\u0161en\u00ed pro jednu jednotku s pln\u011b barevn\u00fdm displejem<\/li>\n<li>Barevn\u00e1 mapa pob\u0159e\u017e\u00ed<\/li>\n<li>V souladu se standardem EU pro vnitrozemsk\u00e9 vodn\u00ed cesty<\/li>\n<li>Zobrazen\u00ed radaru a seznamu c\u00edl\u016f<\/li>\n<li>Voliteln\u00e1 orientace grafu<\/li>\n<li>Zobrazen\u00ed p\u0159\u00edchoz\u00ed zpr\u00e1vy a alarmu<\/li>\n<li>Alarmov\u00fd v\u00fdstup pro detekci AIS SART, MOB a EPIRB<\/li>\n<li>Mo\u017enosti povrchov\u00e9 mont\u00e1\u017ee a dr\u017e\u00e1ku<\/li>\n<li>Dod\u00e1v\u00e1no s ant\u00e9nou GPS<\/li>\n<li>Kontinu\u00e1ln\u00ed autotestov\u00e1n\u00ed s alarmov\u00fdmi notifikacemi<\/li>\n<li>Jednoduch\u00e9 pou\u017eit\u00ed<\/li>\n<li>Funkce odes\u00edl\u00e1n\u00ed zpr\u00e1v<\/li>\n<li>V souladu s p\u0159edpisy<\/li>\n<li>WiFi a USB rozhran\u00ed pro p\u0159ipojen\u00ed PC a tabletu<\/li>\n<li>Pilotn\u00ed z\u00e1str\u010dka<\/li>\n<li>Vodot\u011bsn\u00fd podle IPx7<\/li>\n<li>Izolovan\u00e9 kontakty rel\u00e9 alarmu<\/li>\n<li>Programovateln\u00e9 a\u017e pro 30 jednotek MOB<\/li>\n<li>Jednoduch\u00e1 instalace<\/li>\n<\/ul>\n<p>&nbsp;<\/p>\n<p>Pot\u0159ebujete AIS Man Overboard nebo Personal Locator Beacons? Pod\u00edvejte se na MOB1 a <a href=\"https:\/\/oceansignal.com\/products\/rescueme-plb3-ais-plb\/\">PLB3<\/a> <\/p>\n<p><em>N\u00e1sleduj\u00edc\u00ed prohl\u00e1\u0161en\u00ed je ur\u010deno pouze pro z\u00e1kazn\u00edky v USA:<\/em> Toto za\u0159\u00edzen\u00ed nebylo autorizov\u00e1no v souladu s pravidly Feder\u00e1ln\u00ed komise pro komunikace. Toto za\u0159\u00edzen\u00ed nen\u00ed a nesm\u00ed b\u00fdt nab\u00edzeno k prodeji nebo pron\u00e1jmu, ani prod\u00e1v\u00e1no \u010di pronaj\u00edm\u00e1no, dokud nez\u00edsk\u00e1te povolen\u00ed. <\/p>\n<p>&nbsp;<\/p>\n<\/section>\n","protected":false},"excerpt":{"rendered":"<p>Transpond\u00e9r ATA100 AIS je pln\u011b vyhovuj\u00edc\u00ed transceiver t\u0159\u00eddy A navr\u017een\u00fd tak, aby dopl\u0148oval st\u00e1vaj\u00edc\u00ed \u0159adu n\u00e1mo\u0159n\u00edch bezpe\u010dnostn\u00edch za\u0159\u00edzen\u00ed od Ocean Signal . ATA100, kter\u00fd se pou\u017e\u00edv\u00e1 jako pom\u016fcka pro p\u0159edch\u00e1zen\u00ed koliz\u00edm, kombinuje d\u016fv\u011bryhodnou technologii a design tekut\u00fdch produkt\u016f, kter\u00e9 se staly synonymem pro produkty Ocean Signal . <\/p>\n<p>&nbsp;<\/p>\n<p>Toto kompaktn\u00ed \u0159e\u0161en\u00ed s jednou jednotkou je schopno vym\u011b\u0148ovat dynamick\u00e1 a statick\u00e1 data lodi s jin\u00fdmi syst\u00e9my AIS. Informace o n\u00e1mo\u0159n\u00ed doprav\u011b v re\u00e1ln\u00e9m \u010dase jsou nep\u0159etr\u017eit\u011b interpretov\u00e1ny pomoc\u00ed v\u00fdkonn\u00e9ho intern\u00edho procesoru a zobrazov\u00e1ny na 7\u201d plnobarevn\u00e9m LCD s rychlou odezvou. Zobrazen\u00ed mapy pob\u0159e\u017e\u00ed a radarov\u00e9 zobrazen\u00ed maj\u00ed r\u016fzn\u00e9 mo\u017enosti zobrazen\u00ed orientace umo\u017e\u0148uj\u00edc\u00ed u\u017eivateli preference, zat\u00edmco standardn\u00ed zobrazen\u00ed seznamu c\u00edl\u016f poskytuje okam\u017eit\u00e9 podrobn\u00e9 seznamy bl\u00edzk\u00fdch plavidel, kter\u00e9 lze t\u0159\u00eddit podle p\u0159\u00e1n\u00ed majitele.  <\/p>\n","protected":false},"featured_media":18309,"template":"","meta":{"_acf_changed":false,"om_disable_all_campaigns":false},"product_brand":[],"product_cat":[348],"product_tag":[],"class_list":{"0":"post-7077","1":"product","2":"type-product","3":"status-publish","4":"has-post-thumbnail","6":"product_cat-vybehovy","8":"first","9":"outofstock","10":"taxable","11":"shipping-taxable","12":"product-type-simple"},"acf":[],"yoast_head":"<!-- This site is optimized with the Yoast SEO Premium plugin v25.2 (Yoast SEO v26.4) - https:\/\/yoast.com\/wordpress\/plugins\/seo\/ -->\n<title>AIS ATA100 - Ocean Signal<\/title>\n<meta name=\"description\" content=\"Ocean Signal t\u0159\u00eddy A AIS ATA100: Pokro\u010dil\u00e9 sledov\u00e1n\u00ed a monitorov\u00e1n\u00ed pro bezpe\u010dnost plavidel. Nezbytn\u00e9 n\u00e1mo\u0159n\u00ed vybaven\u00ed. Kupte nyn\u00ed pro lep\u0161\u00ed zabezpe\u010den\u00ed na palub\u011b!\" \/>\n<meta name=\"robots\" content=\"index, follow, max-snippet:-1, max-image-preview:large, max-video-preview:-1\" \/>\n<link rel=\"canonical\" href=\"https:\/\/oceansignal.com\/cs\/products\/ais-ata100\/\" \/>\n<meta property=\"og:locale\" content=\"cs_CZ\" \/>\n<meta property=\"og:type\" content=\"article\" \/>\n<meta property=\"og:title\" content=\"AIS ATA100\" \/>\n<meta property=\"og:description\" content=\"Ocean Signal t\u0159\u00eddy A AIS ATA100: Pokro\u010dil\u00e9 sledov\u00e1n\u00ed a monitorov\u00e1n\u00ed pro bezpe\u010dnost plavidel. Nezbytn\u00e9 n\u00e1mo\u0159n\u00ed vybaven\u00ed. Kupte nyn\u00ed pro lep\u0161\u00ed zabezpe\u010den\u00ed na palub\u011b!\" \/>\n<meta property=\"og:url\" content=\"https:\/\/oceansignal.com\/cs\/products\/ais-ata100\/\" \/>\n<meta property=\"og:site_name\" content=\"Ocean Signal\" \/>\n<meta property=\"article:modified_time\" content=\"2025-03-06T13:36:49+00:00\" \/>\n<meta property=\"og:image\" content=\"https:\/\/oceansignal.com\/wp-content\/uploads\/2023\/09\/ATA100-cover_RGB-976x1024-1.jpg\" \/>\n\t<meta property=\"og:image:width\" content=\"976\" \/>\n\t<meta property=\"og:image:height\" content=\"1024\" \/>\n\t<meta property=\"og:image:type\" content=\"image\/jpeg\" \/>\n<meta name=\"twitter:card\" content=\"summary_large_image\" \/>\n<meta name=\"twitter:label1\" content=\"Odhadovan\u00e1 doba \u010dten\u00ed\" \/>\n\t<meta name=\"twitter:data1\" content=\"2 minuty\" \/>\n<script type=\"application\/ld+json\" class=\"yoast-schema-graph\">{\"@context\":\"https:\/\/schema.org\",\"@graph\":[{\"@type\":\"WebPage\",\"@id\":\"https:\/\/oceansignal.com\/cs\/products\/ais-ata100\/\",\"url\":\"https:\/\/oceansignal.com\/cs\/products\/ais-ata100\/\",\"name\":\"AIS ATA100 - Ocean Signal\",\"isPartOf\":{\"@id\":\"https:\/\/oceansignal.com\/cs\/#website\"},\"primaryImageOfPage\":{\"@id\":\"https:\/\/oceansignal.com\/cs\/products\/ais-ata100\/#primaryimage\"},\"image\":{\"@id\":\"https:\/\/oceansignal.com\/cs\/products\/ais-ata100\/#primaryimage\"},\"thumbnailUrl\":\"https:\/\/oceansignal.com\/wp-content\/uploads\/2023\/09\/ATA100-cover_RGB-976x1024-1.jpg\",\"datePublished\":\"2023-09-08T11:21:17+00:00\",\"dateModified\":\"2025-03-06T13:36:49+00:00\",\"description\":\"Ocean Signal t\u0159\u00eddy A AIS ATA100: Pokro\u010dil\u00e9 sledov\u00e1n\u00ed a monitorov\u00e1n\u00ed pro bezpe\u010dnost plavidel. Nezbytn\u00e9 n\u00e1mo\u0159n\u00ed vybaven\u00ed. Kupte nyn\u00ed pro lep\u0161\u00ed zabezpe\u010den\u00ed na palub\u011b!\",\"breadcrumb\":{\"@id\":\"https:\/\/oceansignal.com\/cs\/products\/ais-ata100\/#breadcrumb\"},\"inLanguage\":\"cs\",\"potentialAction\":[{\"@type\":\"ReadAction\",\"target\":[\"https:\/\/oceansignal.com\/cs\/products\/ais-ata100\/\"]}]},{\"@type\":\"ImageObject\",\"inLanguage\":\"cs\",\"@id\":\"https:\/\/oceansignal.com\/cs\/products\/ais-ata100\/#primaryimage\",\"url\":\"https:\/\/oceansignal.com\/wp-content\/uploads\/2023\/09\/ATA100-cover_RGB-976x1024-1.jpg\",\"contentUrl\":\"https:\/\/oceansignal.com\/wp-content\/uploads\/2023\/09\/ATA100-cover_RGB-976x1024-1.jpg\",\"width\":976,\"height\":1024},{\"@type\":\"BreadcrumbList\",\"@id\":\"https:\/\/oceansignal.com\/cs\/products\/ais-ata100\/#breadcrumb\",\"itemListElement\":[{\"@type\":\"ListItem\",\"position\":1,\"name\":\"Produkty\",\"item\":\"https:\/\/oceansignal.com\/cs\/produkty\/\"},{\"@type\":\"ListItem\",\"position\":2,\"name\":\"AIS ATA100\"}]},{\"@type\":\"WebSite\",\"@id\":\"https:\/\/oceansignal.com\/cs\/#website\",\"url\":\"https:\/\/oceansignal.com\/cs\/\",\"name\":\"Ocean Signal\",\"description\":\"A leading manufacturer of EPIRBs, AIS, SARTs, Personal Locator Beacons, Man Overboard Beacon for the Marine and Outdoor Markets.\",\"potentialAction\":[{\"@type\":\"SearchAction\",\"target\":{\"@type\":\"EntryPoint\",\"urlTemplate\":\"https:\/\/oceansignal.com\/cs\/?s={search_term_string}\"},\"query-input\":{\"@type\":\"PropertyValueSpecification\",\"valueRequired\":true,\"valueName\":\"search_term_string\"}}],\"inLanguage\":\"cs\"}]}<\/script>\n<!-- \/ Yoast SEO Premium plugin. -->","yoast_head_json":{"title":"AIS ATA100 - Ocean Signal","description":"Ocean Signal t\u0159\u00eddy A AIS ATA100: Pokro\u010dil\u00e9 sledov\u00e1n\u00ed a monitorov\u00e1n\u00ed pro bezpe\u010dnost plavidel. Nezbytn\u00e9 n\u00e1mo\u0159n\u00ed vybaven\u00ed. Kupte nyn\u00ed pro lep\u0161\u00ed zabezpe\u010den\u00ed na palub\u011b!","robots":{"index":"index","follow":"follow","max-snippet":"max-snippet:-1","max-image-preview":"max-image-preview:large","max-video-preview":"max-video-preview:-1"},"canonical":"https:\/\/oceansignal.com\/cs\/products\/ais-ata100\/","og_locale":"cs_CZ","og_type":"article","og_title":"AIS ATA100","og_description":"Ocean Signal t\u0159\u00eddy A AIS ATA100: Pokro\u010dil\u00e9 sledov\u00e1n\u00ed a monitorov\u00e1n\u00ed pro bezpe\u010dnost plavidel. Nezbytn\u00e9 n\u00e1mo\u0159n\u00ed vybaven\u00ed. Kupte nyn\u00ed pro lep\u0161\u00ed zabezpe\u010den\u00ed na palub\u011b!","og_url":"https:\/\/oceansignal.com\/cs\/products\/ais-ata100\/","og_site_name":"Ocean Signal","article_modified_time":"2025-03-06T13:36:49+00:00","og_image":[{"width":976,"height":1024,"url":"https:\/\/oceansignal.com\/wp-content\/uploads\/2023\/09\/ATA100-cover_RGB-976x1024-1.jpg","type":"image\/jpeg"}],"twitter_card":"summary_large_image","twitter_misc":{"Odhadovan\u00e1 doba \u010dten\u00ed":"2 minuty"},"schema":{"@context":"https:\/\/schema.org","@graph":[{"@type":"WebPage","@id":"https:\/\/oceansignal.com\/cs\/products\/ais-ata100\/","url":"https:\/\/oceansignal.com\/cs\/products\/ais-ata100\/","name":"AIS ATA100 - Ocean Signal","isPartOf":{"@id":"https:\/\/oceansignal.com\/cs\/#website"},"primaryImageOfPage":{"@id":"https:\/\/oceansignal.com\/cs\/products\/ais-ata100\/#primaryimage"},"image":{"@id":"https:\/\/oceansignal.com\/cs\/products\/ais-ata100\/#primaryimage"},"thumbnailUrl":"https:\/\/oceansignal.com\/wp-content\/uploads\/2023\/09\/ATA100-cover_RGB-976x1024-1.jpg","datePublished":"2023-09-08T11:21:17+00:00","dateModified":"2025-03-06T13:36:49+00:00","description":"Ocean Signal t\u0159\u00eddy A AIS ATA100: Pokro\u010dil\u00e9 sledov\u00e1n\u00ed a monitorov\u00e1n\u00ed pro bezpe\u010dnost plavidel. Nezbytn\u00e9 n\u00e1mo\u0159n\u00ed vybaven\u00ed. Kupte nyn\u00ed pro lep\u0161\u00ed zabezpe\u010den\u00ed na palub\u011b!","breadcrumb":{"@id":"https:\/\/oceansignal.com\/cs\/products\/ais-ata100\/#breadcrumb"},"inLanguage":"cs","potentialAction":[{"@type":"ReadAction","target":["https:\/\/oceansignal.com\/cs\/products\/ais-ata100\/"]}]},{"@type":"ImageObject","inLanguage":"cs","@id":"https:\/\/oceansignal.com\/cs\/products\/ais-ata100\/#primaryimage","url":"https:\/\/oceansignal.com\/wp-content\/uploads\/2023\/09\/ATA100-cover_RGB-976x1024-1.jpg","contentUrl":"https:\/\/oceansignal.com\/wp-content\/uploads\/2023\/09\/ATA100-cover_RGB-976x1024-1.jpg","width":976,"height":1024},{"@type":"BreadcrumbList","@id":"https:\/\/oceansignal.com\/cs\/products\/ais-ata100\/#breadcrumb","itemListElement":[{"@type":"ListItem","position":1,"name":"Produkty","item":"https:\/\/oceansignal.com\/cs\/produkty\/"},{"@type":"ListItem","position":2,"name":"AIS ATA100"}]},{"@type":"WebSite","@id":"https:\/\/oceansignal.com\/cs\/#website","url":"https:\/\/oceansignal.com\/cs\/","name":"Ocean Signal","description":"A leading manufacturer of EPIRBs, AIS, SARTs, Personal Locator Beacons, Man Overboard Beacon for the Marine and Outdoor Markets.","potentialAction":[{"@type":"SearchAction","target":{"@type":"EntryPoint","urlTemplate":"https:\/\/oceansignal.com\/cs\/?s={search_term_string}"},"query-input":{"@type":"PropertyValueSpecification","valueRequired":true,"valueName":"search_term_string"}}],"inLanguage":"cs"}]}},"_links":{"self":[{"href":"https:\/\/oceansignal.com\/cs\/wp-json\/wp\/v2\/product\/7077","targetHints":{"allow":["GET"]}}],"collection":[{"href":"https:\/\/oceansignal.com\/cs\/wp-json\/wp\/v2\/product"}],"about":[{"href":"https:\/\/oceansignal.com\/cs\/wp-json\/wp\/v2\/types\/product"}],"wp:featuredmedia":[{"embeddable":true,"href":"https:\/\/oceansignal.com\/cs\/wp-json\/wp\/v2\/media\/18309"}],"wp:attachment":[{"href":"https:\/\/oceansignal.com\/cs\/wp-json\/wp\/v2\/media?parent=7077"}],"wp:term":[{"taxonomy":"product_brand","embeddable":true,"href":"https:\/\/oceansignal.com\/cs\/wp-json\/wp\/v2\/product_brand?post=7077"},{"taxonomy":"product_cat","embeddable":true,"href":"https:\/\/oceansignal.com\/cs\/wp-json\/wp\/v2\/product_cat?post=7077"},{"taxonomy":"product_tag","embeddable":true,"href":"https:\/\/oceansignal.com\/cs\/wp-json\/wp\/v2\/product_tag?post=7077"}],"curies":[{"name":"wp","href":"https:\/\/api.w.org\/{rel}","templated":true}]}}