{"id":7175,"date":"2023-09-08T12:47:59","date_gmt":"2023-09-08T12:47:59","guid":{"rendered":"https:\/\/oceansignal.com\/products\/ais-alarm\/"},"modified":"2025-11-26T08:54:55","modified_gmt":"2025-11-26T08:54:55","slug":"ais-alarm","status":"publish","type":"product","link":"https:\/\/oceansignal.com\/cs\/products\/ais-alarm\/","title":{"rendered":"AIS Alarm"},"content":{"rendered":"<p>Alarm Ocean Signal AIS Alarm je vodot\u011bsn\u00fd a umo\u017e\u0148uje v p\u0159\u00edpad\u011b pot\u0159eby extern\u00ed mont\u00e1\u017e a m\u00e1 schopnost u\u017eivatele naprogramovat a\u017e 30 individu\u00e1ln\u00edch \u010d\u00edsel MMSI pro zaji\u0161t\u011bn\u00ed vizu\u00e1ln\u00edch a zvukov\u00fdch alarm\u016f (zvukov\u00e9 alarmy maj\u00ed v\u00edce t\u00f3n\u016f k identifikaci zdroje sign\u00e1lu AIS &#8211; MOB nebo SART).  <span class=\"fontstyle0\">Mo\u017enost integrovan\u00e9ho rel\u00e9 umo\u017e\u0148uje p\u0159ipojen\u00ed k extern\u00edmu alarmu nebo sp\u00edna\u010di vypnut\u00ed motoru plavidla. Rel\u00e9 lze naprogramovat tak, aby se v p\u0159\u00edpad\u011b pot\u0159eby aktivovalo. <\/span><\/p>\n<p>Sp\u00e1rujte s Ocean Signal AIS <a href=\"https:\/\/oceansignal.com\/cs\/products\/rescueme-mob1\/\">MOB1<\/a> nebo <a href=\"https:\/\/oceansignal.com\/products\/rescueme-plb3-ais-plb\/\">PLB3<\/a> , abyste upozornili pos\u00e1dku v kabin\u011b va\u0161eho Man Overboard Alarm.<\/p>\n<p>Konfigurace AIS Alarm lze prov\u00e9st sta\u017een\u00edm softwaru na n\u00ed\u017ee uveden\u00e9m odkazu:<\/p>\n<p>&nbsp;<\/p>\n<p><a href=\"https:\/\/oceansignal.com\/cs\/podpora\/programovani-produktu\/programovani-alarmove-skrinky-ais\/\">Konfigurace AIS Alarm<\/a><\/p>\n<p>&nbsp;<\/p>\n<p><em>P\u0159esto\u017ee bylo vynalo\u017eeno ve\u0161ker\u00e9 \u00fasil\u00ed k zaji\u0161t\u011bn\u00ed p\u0159esnosti informac\u00ed na t\u00e9to str\u00e1nce, produkty a specifikace se mohou bez upozorn\u011bn\u00ed zm\u011bnit.<\/em><\/p>\n","protected":false},"excerpt":{"rendered":"<p><strong>Poplachov\u00e1 sk\u0159\u00ed\u0148 AIS<\/strong> je navr\u017eena tak, aby zajistila, \u017ee v okam\u017eiku, kdy je p\u0159ijat jak\u00fdkoli sign\u00e1l AIS MOB nebo AIS SART, spust\u00ed se akustick\u00fd alarm 87 dB, kter\u00fd zajist\u00ed, \u017ee ka\u017ed\u00fd na lodi bude upozorn\u011bn na mo\u017en\u00fd MOB nebo pos\u00e1dku, kter\u00e1 pot\u0159ebuje z\u00e1chranu. Jeho jednoduch\u00fd design, kompaktn\u00ed povaha a pou\u017eit\u00ed NMEA 0183 znamen\u00e1, \u017ee integrace AIS Alarm Box do va\u0161eho p\u0159ij\u00edma\u010de AIS a st\u00e1vaj\u00edc\u00ed s\u00edt\u011b je p\u0159\u00edmo\u010dar\u00e1. <\/p>\n<p><a href=\"https:\/\/www.dropbox.com\/s\/fk04stqsp2hgk5f\/Prop%2065%20-%20DEHP.pdf?dl=0\">UPOZORN\u011aN\u00cd: PROP 65<\/a><\/p>\n","protected":false},"featured_media":20773,"template":"","meta":{"_acf_changed":false,"om_disable_all_campaigns":false},"product_brand":[],"product_cat":[389],"product_tag":[],"class_list":{"0":"post-7175","1":"product","2":"type-product","3":"status-publish","4":"has-post-thumbnail","6":"product_cat-ais-cs-2","8":"first","9":"instock","10":"taxable","11":"shipping-taxable","12":"purchasable","13":"product-type-simple"},"acf":[],"yoast_head":"<!-- This site is optimized with the Yoast SEO Premium plugin v25.2 (Yoast SEO v26.4) - https:\/\/yoast.com\/wordpress\/plugins\/seo\/ -->\n<title>AIS Alarm - Ocean Signal<\/title>\n<meta name=\"description\" content=\"Ocean Signal Alarm Box: Spolehliv\u00e9 \u0159e\u0161en\u00ed n\u00e1mo\u0159n\u00ed bezpe\u010dnosti pro okam\u017eit\u00e1 upozorn\u011bn\u00ed na nouzovou situaci mu\u017ee AIS p\u0159es palubu. Zajist\u011bte rychlou reakci v nouzov\u00fdch situac\u00edch.\" \/>\n<meta name=\"robots\" content=\"index, follow, max-snippet:-1, max-image-preview:large, max-video-preview:-1\" \/>\n<link rel=\"canonical\" href=\"https:\/\/oceansignal.com\/cs\/products\/ais-alarm\/\" \/>\n<meta property=\"og:locale\" content=\"cs_CZ\" \/>\n<meta property=\"og:type\" content=\"article\" \/>\n<meta property=\"og:title\" content=\"AIS Alarm\" \/>\n<meta property=\"og:description\" content=\"Ocean Signal Alarm Box: Spolehliv\u00e9 \u0159e\u0161en\u00ed n\u00e1mo\u0159n\u00ed bezpe\u010dnosti pro okam\u017eit\u00e1 upozorn\u011bn\u00ed na nouzovou situaci mu\u017ee AIS p\u0159es palubu. Zajist\u011bte rychlou reakci v nouzov\u00fdch situac\u00edch.\" \/>\n<meta property=\"og:url\" content=\"https:\/\/oceansignal.com\/cs\/products\/ais-alarm\/\" \/>\n<meta property=\"og:site_name\" content=\"Ocean Signal\" \/>\n<meta property=\"article:modified_time\" content=\"2025-11-26T08:54:55+00:00\" \/>\n<meta property=\"og:image\" content=\"https:\/\/oceansignal.com\/wp-content\/uploads\/2023\/09\/OSL-AIS-Alarm-360_600x600.gif\" \/>\n\t<meta property=\"og:image:width\" content=\"600\" \/>\n\t<meta property=\"og:image:height\" content=\"600\" \/>\n\t<meta property=\"og:image:type\" content=\"image\/gif\" \/>\n<meta name=\"twitter:card\" content=\"summary_large_image\" \/>\n<meta name=\"twitter:label1\" content=\"Odhadovan\u00e1 doba \u010dten\u00ed\" \/>\n\t<meta name=\"twitter:data1\" content=\"1 minuta\" \/>\n<script type=\"application\/ld+json\" class=\"yoast-schema-graph\">{\"@context\":\"https:\/\/schema.org\",\"@graph\":[{\"@type\":\"WebPage\",\"@id\":\"https:\/\/oceansignal.com\/cs\/products\/ais-alarm\/\",\"url\":\"https:\/\/oceansignal.com\/cs\/products\/ais-alarm\/\",\"name\":\"AIS Alarm - Ocean Signal\",\"isPartOf\":{\"@id\":\"https:\/\/oceansignal.com\/cs\/#website\"},\"primaryImageOfPage\":{\"@id\":\"https:\/\/oceansignal.com\/cs\/products\/ais-alarm\/#primaryimage\"},\"image\":{\"@id\":\"https:\/\/oceansignal.com\/cs\/products\/ais-alarm\/#primaryimage\"},\"thumbnailUrl\":\"https:\/\/oceansignal.com\/wp-content\/uploads\/2023\/09\/OSL-AIS-Alarm-360_600x600.gif\",\"datePublished\":\"2023-09-08T12:47:59+00:00\",\"dateModified\":\"2025-11-26T08:54:55+00:00\",\"description\":\"Ocean Signal Alarm Box: Spolehliv\u00e9 \u0159e\u0161en\u00ed n\u00e1mo\u0159n\u00ed bezpe\u010dnosti pro okam\u017eit\u00e1 upozorn\u011bn\u00ed na nouzovou situaci mu\u017ee AIS p\u0159es palubu. Zajist\u011bte rychlou reakci v nouzov\u00fdch situac\u00edch.\",\"breadcrumb\":{\"@id\":\"https:\/\/oceansignal.com\/cs\/products\/ais-alarm\/#breadcrumb\"},\"inLanguage\":\"cs\",\"potentialAction\":[{\"@type\":\"ReadAction\",\"target\":[\"https:\/\/oceansignal.com\/cs\/products\/ais-alarm\/\"]}]},{\"@type\":\"ImageObject\",\"inLanguage\":\"cs\",\"@id\":\"https:\/\/oceansignal.com\/cs\/products\/ais-alarm\/#primaryimage\",\"url\":\"https:\/\/oceansignal.com\/wp-content\/uploads\/2023\/09\/OSL-AIS-Alarm-360_600x600.gif\",\"contentUrl\":\"https:\/\/oceansignal.com\/wp-content\/uploads\/2023\/09\/OSL-AIS-Alarm-360_600x600.gif\",\"width\":600,\"height\":600},{\"@type\":\"BreadcrumbList\",\"@id\":\"https:\/\/oceansignal.com\/cs\/products\/ais-alarm\/#breadcrumb\",\"itemListElement\":[{\"@type\":\"ListItem\",\"position\":1,\"name\":\"Produkty\",\"item\":\"https:\/\/oceansignal.com\/cs\/produkty\/\"},{\"@type\":\"ListItem\",\"position\":2,\"name\":\"AIS Alarm\"}]},{\"@type\":\"WebSite\",\"@id\":\"https:\/\/oceansignal.com\/cs\/#website\",\"url\":\"https:\/\/oceansignal.com\/cs\/\",\"name\":\"Ocean Signal\",\"description\":\"A leading manufacturer of EPIRBs, AIS, SARTs, Personal Locator Beacons, Man Overboard Beacon for the Marine and Outdoor Markets.\",\"potentialAction\":[{\"@type\":\"SearchAction\",\"target\":{\"@type\":\"EntryPoint\",\"urlTemplate\":\"https:\/\/oceansignal.com\/cs\/?s={search_term_string}\"},\"query-input\":{\"@type\":\"PropertyValueSpecification\",\"valueRequired\":true,\"valueName\":\"search_term_string\"}}],\"inLanguage\":\"cs\"}]}<\/script>\n<!-- \/ Yoast SEO Premium plugin. -->","yoast_head_json":{"title":"AIS Alarm - Ocean Signal","description":"Ocean Signal Alarm Box: Spolehliv\u00e9 \u0159e\u0161en\u00ed n\u00e1mo\u0159n\u00ed bezpe\u010dnosti pro okam\u017eit\u00e1 upozorn\u011bn\u00ed na nouzovou situaci mu\u017ee AIS p\u0159es palubu. Zajist\u011bte rychlou reakci v nouzov\u00fdch situac\u00edch.","robots":{"index":"index","follow":"follow","max-snippet":"max-snippet:-1","max-image-preview":"max-image-preview:large","max-video-preview":"max-video-preview:-1"},"canonical":"https:\/\/oceansignal.com\/cs\/products\/ais-alarm\/","og_locale":"cs_CZ","og_type":"article","og_title":"AIS Alarm","og_description":"Ocean Signal Alarm Box: Spolehliv\u00e9 \u0159e\u0161en\u00ed n\u00e1mo\u0159n\u00ed bezpe\u010dnosti pro okam\u017eit\u00e1 upozorn\u011bn\u00ed na nouzovou situaci mu\u017ee AIS p\u0159es palubu. Zajist\u011bte rychlou reakci v nouzov\u00fdch situac\u00edch.","og_url":"https:\/\/oceansignal.com\/cs\/products\/ais-alarm\/","og_site_name":"Ocean Signal","article_modified_time":"2025-11-26T08:54:55+00:00","og_image":[{"url":"https:\/\/oceansignal.com\/wp-content\/uploads\/2023\/09\/OSL-AIS-Alarm-360_600x600.gif","width":600,"height":600,"type":"image\/gif"}],"twitter_card":"summary_large_image","twitter_misc":{"Odhadovan\u00e1 doba \u010dten\u00ed":"1 minuta"},"schema":{"@context":"https:\/\/schema.org","@graph":[{"@type":"WebPage","@id":"https:\/\/oceansignal.com\/cs\/products\/ais-alarm\/","url":"https:\/\/oceansignal.com\/cs\/products\/ais-alarm\/","name":"AIS Alarm - Ocean Signal","isPartOf":{"@id":"https:\/\/oceansignal.com\/cs\/#website"},"primaryImageOfPage":{"@id":"https:\/\/oceansignal.com\/cs\/products\/ais-alarm\/#primaryimage"},"image":{"@id":"https:\/\/oceansignal.com\/cs\/products\/ais-alarm\/#primaryimage"},"thumbnailUrl":"https:\/\/oceansignal.com\/wp-content\/uploads\/2023\/09\/OSL-AIS-Alarm-360_600x600.gif","datePublished":"2023-09-08T12:47:59+00:00","dateModified":"2025-11-26T08:54:55+00:00","description":"Ocean Signal Alarm Box: Spolehliv\u00e9 \u0159e\u0161en\u00ed n\u00e1mo\u0159n\u00ed bezpe\u010dnosti pro okam\u017eit\u00e1 upozorn\u011bn\u00ed na nouzovou situaci mu\u017ee AIS p\u0159es palubu. Zajist\u011bte rychlou reakci v nouzov\u00fdch situac\u00edch.","breadcrumb":{"@id":"https:\/\/oceansignal.com\/cs\/products\/ais-alarm\/#breadcrumb"},"inLanguage":"cs","potentialAction":[{"@type":"ReadAction","target":["https:\/\/oceansignal.com\/cs\/products\/ais-alarm\/"]}]},{"@type":"ImageObject","inLanguage":"cs","@id":"https:\/\/oceansignal.com\/cs\/products\/ais-alarm\/#primaryimage","url":"https:\/\/oceansignal.com\/wp-content\/uploads\/2023\/09\/OSL-AIS-Alarm-360_600x600.gif","contentUrl":"https:\/\/oceansignal.com\/wp-content\/uploads\/2023\/09\/OSL-AIS-Alarm-360_600x600.gif","width":600,"height":600},{"@type":"BreadcrumbList","@id":"https:\/\/oceansignal.com\/cs\/products\/ais-alarm\/#breadcrumb","itemListElement":[{"@type":"ListItem","position":1,"name":"Produkty","item":"https:\/\/oceansignal.com\/cs\/produkty\/"},{"@type":"ListItem","position":2,"name":"AIS Alarm"}]},{"@type":"WebSite","@id":"https:\/\/oceansignal.com\/cs\/#website","url":"https:\/\/oceansignal.com\/cs\/","name":"Ocean Signal","description":"A leading manufacturer of EPIRBs, AIS, SARTs, Personal Locator Beacons, Man Overboard Beacon for the Marine and Outdoor Markets.","potentialAction":[{"@type":"SearchAction","target":{"@type":"EntryPoint","urlTemplate":"https:\/\/oceansignal.com\/cs\/?s={search_term_string}"},"query-input":{"@type":"PropertyValueSpecification","valueRequired":true,"valueName":"search_term_string"}}],"inLanguage":"cs"}]}},"_links":{"self":[{"href":"https:\/\/oceansignal.com\/cs\/wp-json\/wp\/v2\/product\/7175","targetHints":{"allow":["GET"]}}],"collection":[{"href":"https:\/\/oceansignal.com\/cs\/wp-json\/wp\/v2\/product"}],"about":[{"href":"https:\/\/oceansignal.com\/cs\/wp-json\/wp\/v2\/types\/product"}],"wp:featuredmedia":[{"embeddable":true,"href":"https:\/\/oceansignal.com\/cs\/wp-json\/wp\/v2\/media\/20773"}],"wp:attachment":[{"href":"https:\/\/oceansignal.com\/cs\/wp-json\/wp\/v2\/media?parent=7175"}],"wp:term":[{"taxonomy":"product_brand","embeddable":true,"href":"https:\/\/oceansignal.com\/cs\/wp-json\/wp\/v2\/product_brand?post=7175"},{"taxonomy":"product_cat","embeddable":true,"href":"https:\/\/oceansignal.com\/cs\/wp-json\/wp\/v2\/product_cat?post=7175"},{"taxonomy":"product_tag","embeddable":true,"href":"https:\/\/oceansignal.com\/cs\/wp-json\/wp\/v2\/product_tag?post=7175"}],"curies":[{"name":"wp","href":"https:\/\/api.w.org\/{rel}","templated":true}]}}