{"id":7343,"date":"2023-09-08T13:06:06","date_gmt":"2023-09-08T13:06:06","guid":{"rendered":"https:\/\/oceansignal.com\/products\/m100-m100x\/"},"modified":"2026-02-25T13:51:42","modified_gmt":"2026-02-25T13:51:42","slug":"m100-m100x","status":"publish","type":"product","link":"https:\/\/oceansignal.com\/cs\/products\/m100-m100x\/","title":{"rendered":"M100\/M100X"},"content":{"rendered":"<p class=\"ai-optimize-36 ai-optimize-introduction\">Integrovan\u00e1 66kan\u00e1lov\u00e1 GPS zaji\u0161\u0165uje aktualizaci polohy ka\u017edou minutu prost\u0159ednictv\u00edm AIS. Rozd\u00edl mezi Ocean Signal M100 a M100X je v tom, \u017ee M100X je navr\u017een tak, aby spl\u0148oval evropskou sm\u011brnici ATEX a m\u00e1 schv\u00e1len\u00ed IECEx pro pou\u017eit\u00ed ve v\u00fdbu\u0161n\u00e9m prost\u0159ed\u00ed z\u00f3ny 2. <\/p>\n<p class=\"ai-optimize-37\">Chcete MOB s 406 MHz? Pod\u00edvejte se na nov\u00fd <a href=\"https:\/\/oceansignal.com\/products\/rescueme-plb3-ais-plb\/\">rescueME PLB3<\/a> <\/p>\n<p class=\"ai-optimize-38\"><em>N\u00e1sleduj\u00edc\u00ed prohl\u00e1\u0161en\u00ed je ur\u010deno pouze pro z\u00e1kazn\u00edky v USA: Toto za\u0159\u00edzen\u00ed nebylo autorizov\u00e1no v souladu s pravidly Feder\u00e1ln\u00ed komise pro komunikace. Toto za\u0159\u00edzen\u00ed nen\u00ed a nesm\u00ed b\u00fdt nab\u00edzeno k prodeji ani pron\u00e1jmu, ani prod\u00e1v\u00e1no \u010di pronaj\u00edm\u00e1no, dokud nez\u00edsk\u00e1te povolen\u00ed. <\/em><\/p>\n<p>&nbsp;<\/p>\n<p class=\"ai-optimize-46\"><strong>Integrace z\u00e1chrann\u00e9 vesty<\/strong><\/p>\n<p class=\"ai-optimize-47\">Za\u0159\u00edzen\u00ed safeSEA M100 AIS lze aktivovat ru\u010dn\u011b nebo automaticky, pokud je instalov\u00e1no v nafukovac\u00ed z\u00e1chrann\u00e9 vest\u011b, kter\u00e1 se automaticky nafukuje. Instalace je jednoduch\u00e1 pomoc\u00ed p\u0159ilo\u017een\u00e9 spony na nafukovac\u00ed trubici, kter\u00e1 p\u0159ipevn\u00ed M100 k z\u00e1chrann\u00e9 vest\u011b ve spojen\u00ed s aktiva\u010dn\u00ed p\u00e1skou p\u0159ipevn\u011bnou kolem vaku z\u00e1chrann\u00e9 vesty**. Po spr\u00e1vn\u00e9 instalaci spust\u00ed nafouknut\u00ed vaku z\u00e1chrann\u00e9 vesty rozta\u017een\u00ed ant\u00e9ny a aktivaci maj\u00e1ku.  <\/p>\n<p class=\"ai-optimize-48\">* Funkce DSC podl\u00e9h\u00e1 p\u0159edpis\u016fm zem\u011b.<\/p>\n<p class=\"ai-optimize-49\"><strong>** <i data-olk-copy-source=\"MailCompose\">P\u0159ed instalac\u00ed se doporu\u010duje konzultace s v\u00fdrobcem z\u00e1chrann\u00fdch vest, proto\u017ee konkr\u00e9tn\u00ed modely mohou m\u00edt sv\u016fj vlastn\u00ed preferovan\u00fd zp\u016fsob mont\u00e1\u017ee nebo doporu\u010den\u00ed pro integraci.<\/i><\/strong><\/p>\n<p>&nbsp;<\/p>\n<p>&nbsp;<\/p>\n","protected":false},"excerpt":{"rendered":"<p>Ocean Signal M100 a M100X MSLD (Maritime Survivor Locating Device) byl navr\u017een tak, aby vyhovoval pot\u0159eb\u00e1m profesion\u00e1ln\u00edho n\u00e1mo\u0159n\u00edho trhu a jeho pracovn\u00edk\u016f na mo\u0159i. M100 a M100X lze nasadit na z\u00e1chrannou vestu* a automaticky se aktivuj\u00ed p\u0159i nafouknut\u00ed vesty. Po aktivaci M100 a M100X vys\u00edlaj\u00ed v\u00fdstrahu v\u0161em p\u0159ij\u00edma\u010d\u016fm AIS a plotr\u016fm s AIS v okol\u00ed. M100 a M100X krom\u011b AIS vys\u00edlaj\u00ed tak\u00e9 nav\u00e1d\u011bc\u00ed sign\u00e1l 121,5 MHz.   <\/p>\n<p><strong>POZN\u00c1MKA:<\/strong> \u0158ada evropsk\u00fdch zem\u00ed zavedla na\u0159\u00edzen\u00ed ECC\/DEC\/(22)02, zn\u00e1m\u00e9 tak\u00e9 jako na\u0159\u00edzen\u00ed AIS t\u0159\u00eddy M. V\u00fdznam zaveden\u00ed tohoto na\u0159\u00edzen\u00ed pro st\u00e1vaj\u00edc\u00ed majitele M100\/M100X spo\u010d\u00edv\u00e1 v tom, \u017ee maj\u00e1ky M100\/M100X ji\u017e nesm\u00ed b\u00fdt pou\u017e\u00edv\u00e1ny v zem\u00edch, kter\u00e9 nov\u00e9 na\u0159\u00edzen\u00ed zavedly. <u><a id=\"OWA2977fb01-e554-25c9-9cd1-9f900cdee827\" class=\"OWAAutoLink\" title=\"https:\/\/docdb.cept.org\/implementation\/28560\" href=\"https:\/\/nam11.safelinks.protection.outlook.com\/?url=https%3A%2F%2Fdocdb.cept.org%2Fimplementation%2F28560&amp;data=05%7C02%7CShawn.Pariaug%40acrartex.com%7Cfac5ae1571d7439f772608de6eeddfec%7Ce41f30dccabc4c87b052e2df2064afce%7C0%7C0%7C639070165436538226%7CUnknown%7CTWFpbGZsb3d8eyJFbXB0eU1hcGkiOnRydWUsIlYiOiIwLjAuMDAwMCIsIlAiOiJXaW4zMiIsIkFOIjoiTWFpbCIsIldUIjoyfQ%3D%3D%7C0%7C%7C%7C&amp;sdata=lN5EEnoNasBM5aShoSlvMT1BCE61no1Ff9nSDKwp0Ko%3D&amp;reserved=0\" data-auth=\"NotApplicable\">Kliknut\u00edm sem<\/a><\/u> zobraz\u00edte seznam evropsk\u00fdch zem\u00ed s uveden\u00edm, kde bylo na\u0159\u00edzen\u00ed ECC\/DEC\/(22)02 zavedeno. Je d\u016fle\u017eit\u00e9 si uv\u011bdomit, \u017ee omezen\u00ed pou\u017e\u00edv\u00e1n\u00ed M100\/M100X v konkr\u00e9tn\u00edch evropsk\u00fdch zem\u00edch nen\u00ed d\u016fsledkem \u017e\u00e1dn\u00fdch vad produktu, ale sp\u00ed\u0161e p\u0159\u00edm\u00fdm d\u016fsledkem zm\u011bn p\u0159edpis\u016f iniciovan\u00fdch nez\u00e1visl\u00fdm regula\u010dn\u00edm org\u00e1nem.  <\/p>\n<p>&nbsp;<\/p>\n<p><span style=\"color: #c22f2f;\"><em>* P\u0159ed instalac\u00ed tohoto produktu p\u0159\u00edmo na z\u00e1chrannou vestu se v\u017edy obra\u0165te na v\u00fdrobce.<\/em><\/span><\/p>\n","protected":false},"featured_media":12481,"template":"","meta":{"_acf_changed":false,"om_disable_all_campaigns":false},"product_brand":[],"product_cat":[412],"product_tag":[1220],"class_list":{"0":"post-7343","1":"product","2":"type-product","3":"status-publish","4":"has-post-thumbnail","6":"product_cat-professional-cs","7":"product_tag-m100-cs","9":"first","10":"outofstock","11":"taxable","12":"shipping-taxable","13":"product-type-simple"},"acf":[],"yoast_head":"<!-- This site is optimized with the Yoast SEO Premium plugin v25.2 (Yoast SEO v26.4) - https:\/\/yoast.com\/wordpress\/plugins\/seo\/ -->\n<title>M100\/M100X - Ocean Signal<\/title>\n<meta name=\"description\" content=\"Ocean Signal M100 a M100X AIS a 121,5 Man Overboard Beacon: Spolehliv\u00fd komer\u010dn\u00ed MOB pro rychlou z\u00e1chranu. Z\u00e1kladn\u00ed n\u00e1mo\u0159n\u00ed bezpe\u010dnostn\u00ed za\u0159\u00edzen\u00ed.\" \/>\n<meta name=\"robots\" content=\"index, follow, max-snippet:-1, max-image-preview:large, max-video-preview:-1\" \/>\n<link rel=\"canonical\" href=\"https:\/\/oceansignal.com\/cs\/products\/m100-m100x\/\" \/>\n<meta property=\"og:locale\" content=\"cs_CZ\" \/>\n<meta property=\"og:type\" content=\"article\" \/>\n<meta property=\"og:title\" content=\"M100\/M100X\" \/>\n<meta property=\"og:description\" content=\"Ocean Signal M100 a M100X AIS a 121,5 Man Overboard Beacon: Spolehliv\u00fd komer\u010dn\u00ed MOB pro rychlou z\u00e1chranu. Z\u00e1kladn\u00ed n\u00e1mo\u0159n\u00ed bezpe\u010dnostn\u00ed za\u0159\u00edzen\u00ed.\" \/>\n<meta property=\"og:url\" content=\"https:\/\/oceansignal.com\/cs\/products\/m100-m100x\/\" \/>\n<meta property=\"og:site_name\" content=\"Ocean Signal\" \/>\n<meta property=\"article:modified_time\" content=\"2026-02-25T13:51:42+00:00\" \/>\n<meta property=\"og:image\" content=\"https:\/\/oceansignal.com\/wp-content\/uploads\/2023\/09\/M100-Front.png\" \/>\n\t<meta property=\"og:image:width\" content=\"800\" \/>\n\t<meta property=\"og:image:height\" content=\"800\" \/>\n\t<meta property=\"og:image:type\" content=\"image\/png\" \/>\n<meta name=\"twitter:card\" content=\"summary_large_image\" \/>\n<meta name=\"twitter:label1\" content=\"Odhadovan\u00e1 doba \u010dten\u00ed\" \/>\n\t<meta name=\"twitter:data1\" content=\"1 minuta\" \/>\n<script type=\"application\/ld+json\" class=\"yoast-schema-graph\">{\"@context\":\"https:\/\/schema.org\",\"@graph\":[{\"@type\":\"WebPage\",\"@id\":\"https:\/\/oceansignal.com\/cs\/products\/m100-m100x\/\",\"url\":\"https:\/\/oceansignal.com\/cs\/products\/m100-m100x\/\",\"name\":\"M100\/M100X - Ocean Signal\",\"isPartOf\":{\"@id\":\"https:\/\/oceansignal.com\/cs\/#website\"},\"primaryImageOfPage\":{\"@id\":\"https:\/\/oceansignal.com\/cs\/products\/m100-m100x\/#primaryimage\"},\"image\":{\"@id\":\"https:\/\/oceansignal.com\/cs\/products\/m100-m100x\/#primaryimage\"},\"thumbnailUrl\":\"https:\/\/oceansignal.com\/wp-content\/uploads\/2023\/09\/M100-Front.png\",\"datePublished\":\"2023-09-08T13:06:06+00:00\",\"dateModified\":\"2026-02-25T13:51:42+00:00\",\"description\":\"Ocean Signal M100 a M100X AIS a 121,5 Man Overboard Beacon: Spolehliv\u00fd komer\u010dn\u00ed MOB pro rychlou z\u00e1chranu. Z\u00e1kladn\u00ed n\u00e1mo\u0159n\u00ed bezpe\u010dnostn\u00ed za\u0159\u00edzen\u00ed.\",\"breadcrumb\":{\"@id\":\"https:\/\/oceansignal.com\/cs\/products\/m100-m100x\/#breadcrumb\"},\"inLanguage\":\"cs\",\"potentialAction\":[{\"@type\":\"ReadAction\",\"target\":[\"https:\/\/oceansignal.com\/cs\/products\/m100-m100x\/\"]}]},{\"@type\":\"ImageObject\",\"inLanguage\":\"cs\",\"@id\":\"https:\/\/oceansignal.com\/cs\/products\/m100-m100x\/#primaryimage\",\"url\":\"https:\/\/oceansignal.com\/wp-content\/uploads\/2023\/09\/M100-Front.png\",\"contentUrl\":\"https:\/\/oceansignal.com\/wp-content\/uploads\/2023\/09\/M100-Front.png\",\"width\":800,\"height\":800},{\"@type\":\"BreadcrumbList\",\"@id\":\"https:\/\/oceansignal.com\/cs\/products\/m100-m100x\/#breadcrumb\",\"itemListElement\":[{\"@type\":\"ListItem\",\"position\":1,\"name\":\"Produkty\",\"item\":\"https:\/\/oceansignal.com\/cs\/produkty\/\"},{\"@type\":\"ListItem\",\"position\":2,\"name\":\"M100\/M100X\"}]},{\"@type\":\"WebSite\",\"@id\":\"https:\/\/oceansignal.com\/cs\/#website\",\"url\":\"https:\/\/oceansignal.com\/cs\/\",\"name\":\"Ocean Signal\",\"description\":\"A leading manufacturer of EPIRBs, AIS, SARTs, Personal Locator Beacons, Man Overboard Beacon for the Marine and Outdoor Markets.\",\"potentialAction\":[{\"@type\":\"SearchAction\",\"target\":{\"@type\":\"EntryPoint\",\"urlTemplate\":\"https:\/\/oceansignal.com\/cs\/?s={search_term_string}\"},\"query-input\":{\"@type\":\"PropertyValueSpecification\",\"valueRequired\":true,\"valueName\":\"search_term_string\"}}],\"inLanguage\":\"cs\"}]}<\/script>\n<!-- \/ Yoast SEO Premium plugin. -->","yoast_head_json":{"title":"M100\/M100X - Ocean Signal","description":"Ocean Signal M100 a M100X AIS a 121,5 Man Overboard Beacon: Spolehliv\u00fd komer\u010dn\u00ed MOB pro rychlou z\u00e1chranu. Z\u00e1kladn\u00ed n\u00e1mo\u0159n\u00ed bezpe\u010dnostn\u00ed za\u0159\u00edzen\u00ed.","robots":{"index":"index","follow":"follow","max-snippet":"max-snippet:-1","max-image-preview":"max-image-preview:large","max-video-preview":"max-video-preview:-1"},"canonical":"https:\/\/oceansignal.com\/cs\/products\/m100-m100x\/","og_locale":"cs_CZ","og_type":"article","og_title":"M100\/M100X","og_description":"Ocean Signal M100 a M100X AIS a 121,5 Man Overboard Beacon: Spolehliv\u00fd komer\u010dn\u00ed MOB pro rychlou z\u00e1chranu. Z\u00e1kladn\u00ed n\u00e1mo\u0159n\u00ed bezpe\u010dnostn\u00ed za\u0159\u00edzen\u00ed.","og_url":"https:\/\/oceansignal.com\/cs\/products\/m100-m100x\/","og_site_name":"Ocean Signal","article_modified_time":"2026-02-25T13:51:42+00:00","og_image":[{"width":800,"height":800,"url":"https:\/\/oceansignal.com\/wp-content\/uploads\/2023\/09\/M100-Front.png","type":"image\/png"}],"twitter_card":"summary_large_image","twitter_misc":{"Odhadovan\u00e1 doba \u010dten\u00ed":"1 minuta"},"schema":{"@context":"https:\/\/schema.org","@graph":[{"@type":"WebPage","@id":"https:\/\/oceansignal.com\/cs\/products\/m100-m100x\/","url":"https:\/\/oceansignal.com\/cs\/products\/m100-m100x\/","name":"M100\/M100X - Ocean Signal","isPartOf":{"@id":"https:\/\/oceansignal.com\/cs\/#website"},"primaryImageOfPage":{"@id":"https:\/\/oceansignal.com\/cs\/products\/m100-m100x\/#primaryimage"},"image":{"@id":"https:\/\/oceansignal.com\/cs\/products\/m100-m100x\/#primaryimage"},"thumbnailUrl":"https:\/\/oceansignal.com\/wp-content\/uploads\/2023\/09\/M100-Front.png","datePublished":"2023-09-08T13:06:06+00:00","dateModified":"2026-02-25T13:51:42+00:00","description":"Ocean Signal M100 a M100X AIS a 121,5 Man Overboard Beacon: Spolehliv\u00fd komer\u010dn\u00ed MOB pro rychlou z\u00e1chranu. Z\u00e1kladn\u00ed n\u00e1mo\u0159n\u00ed bezpe\u010dnostn\u00ed za\u0159\u00edzen\u00ed.","breadcrumb":{"@id":"https:\/\/oceansignal.com\/cs\/products\/m100-m100x\/#breadcrumb"},"inLanguage":"cs","potentialAction":[{"@type":"ReadAction","target":["https:\/\/oceansignal.com\/cs\/products\/m100-m100x\/"]}]},{"@type":"ImageObject","inLanguage":"cs","@id":"https:\/\/oceansignal.com\/cs\/products\/m100-m100x\/#primaryimage","url":"https:\/\/oceansignal.com\/wp-content\/uploads\/2023\/09\/M100-Front.png","contentUrl":"https:\/\/oceansignal.com\/wp-content\/uploads\/2023\/09\/M100-Front.png","width":800,"height":800},{"@type":"BreadcrumbList","@id":"https:\/\/oceansignal.com\/cs\/products\/m100-m100x\/#breadcrumb","itemListElement":[{"@type":"ListItem","position":1,"name":"Produkty","item":"https:\/\/oceansignal.com\/cs\/produkty\/"},{"@type":"ListItem","position":2,"name":"M100\/M100X"}]},{"@type":"WebSite","@id":"https:\/\/oceansignal.com\/cs\/#website","url":"https:\/\/oceansignal.com\/cs\/","name":"Ocean Signal","description":"A leading manufacturer of EPIRBs, AIS, SARTs, Personal Locator Beacons, Man Overboard Beacon for the Marine and Outdoor Markets.","potentialAction":[{"@type":"SearchAction","target":{"@type":"EntryPoint","urlTemplate":"https:\/\/oceansignal.com\/cs\/?s={search_term_string}"},"query-input":{"@type":"PropertyValueSpecification","valueRequired":true,"valueName":"search_term_string"}}],"inLanguage":"cs"}]}},"_links":{"self":[{"href":"https:\/\/oceansignal.com\/cs\/wp-json\/wp\/v2\/product\/7343","targetHints":{"allow":["GET"]}}],"collection":[{"href":"https:\/\/oceansignal.com\/cs\/wp-json\/wp\/v2\/product"}],"about":[{"href":"https:\/\/oceansignal.com\/cs\/wp-json\/wp\/v2\/types\/product"}],"wp:featuredmedia":[{"embeddable":true,"href":"https:\/\/oceansignal.com\/cs\/wp-json\/wp\/v2\/media\/12481"}],"wp:attachment":[{"href":"https:\/\/oceansignal.com\/cs\/wp-json\/wp\/v2\/media?parent=7343"}],"wp:term":[{"taxonomy":"product_brand","embeddable":true,"href":"https:\/\/oceansignal.com\/cs\/wp-json\/wp\/v2\/product_brand?post=7343"},{"taxonomy":"product_cat","embeddable":true,"href":"https:\/\/oceansignal.com\/cs\/wp-json\/wp\/v2\/product_cat?post=7343"},{"taxonomy":"product_tag","embeddable":true,"href":"https:\/\/oceansignal.com\/cs\/wp-json\/wp\/v2\/product_tag?post=7343"}],"curies":[{"name":"wp","href":"https:\/\/api.w.org\/{rel}","templated":true}]}}