{"id":7503,"date":"2023-09-08T13:27:28","date_gmt":"2023-09-08T13:27:28","guid":{"rendered":"https:\/\/oceansignal.com\/products\/e101v\/"},"modified":"2025-03-06T13:41:14","modified_gmt":"2025-03-06T13:41:14","slug":"e101v","status":"publish","type":"product","link":"https:\/\/oceansignal.com\/cs\/products\/e101v\/","title":{"rendered":"E101V"},"content":{"rendered":"<div class=\"flex-1 overflow-hidden\">\n<div class=\"react-scroll-to-bottom--css-zrcmn-79elbk h-full\">\n<div class=\"react-scroll-to-bottom--css-zrcmn-1n7m0yu\">\n<div class=\"flex flex-col text-sm pb-9\">\n<div class=\"w-full text-token-text-primary\" data-testid=\"conversation-turn-15\">\n<div class=\"px-4 py-2 justify-center text-base md:gap-6 m-auto\">\n<div class=\"flex flex-1 text-base mx-auto gap-3 md:px-5 lg:px-1 xl:px-5 md:max-w-3xl lg:max-w-[40rem] xl:max-w-[48rem] group final-completion\">\n<div class=\"relative flex w-full flex-col agent-turn\">\n<div class=\"flex-col gap-1 md:gap-3\">\n<div class=\"flex flex-grow flex-col max-w-full\">\n<div class=\"min-h-[20px] text-message flex flex-col items-start gap-3 whitespace-pre-wrap break-words [.text-message+&amp;]:mt-5 overflow-x-auto\" data-message-author-role=\"assistant\" data-message-id=\"4b317025-e2b7-4139-8616-da7404b62033\">\n<div class=\"markdown prose w-full break-words dark:prose-invert light\">\n<p>P\u0159edstavujeme Ocean Signal E101V Voyage Data Recorder, \u0161pi\u010dkov\u00e9 \u0159e\u0161en\u00ed n\u00e1mo\u0159n\u00ed bezpe\u010dnosti navr\u017een\u00e9 ke zlep\u0161en\u00ed monitorov\u00e1n\u00ed plavidel a schopnost\u00ed reakce na mimo\u0159\u00e1dn\u00e9 ud\u00e1losti. Toto nejmodern\u011bj\u0161\u00ed za\u0159\u00edzen\u00ed pracuje na spolehliv\u00fdch 406 MHz <a href=\"https:\/\/www.cospas-sarsat.int\/en\/\">satelitech Cospas Sarsat<\/a> , kter\u00e9 zaji\u0161\u0165uj\u00ed okam\u017eitou nouzovou signalizaci v p\u0159\u00edpad\u011b nouze na mo\u0159i. D\u00edky pokro\u010dil\u00e9 funkci z\u00e1znamu dat umo\u017e\u0148uje E101V komplexn\u00ed sledov\u00e1n\u00ed d\u016fle\u017eit\u00fdch \u00fadaj\u016f o plavb\u011b, v\u010detn\u011b polohy plavidla, rychlosti a kurzu.  <\/p>\n<\/div>\n<\/div>\n<\/div>\n<\/div>\n<\/div>\n<\/div>\n<\/div>\n<\/div>\n<\/div>\n<\/div>\n<\/div>\n<\/div>\n<p>E101V obsahuje po\u017eadovan\u00fd 64GB pam\u011b\u0165ov\u00fd form\u00e1t v kompaktn\u00edm lehk\u00e9m <a href=\"https:\/\/oceansignal.com\/cs\/products\/safesea-epirb3-pro\/\">EPIRB<\/a> , kter\u00fd po aktivaci bude nep\u0159etr\u017eit\u011b p\u0159en\u00e1\u0161et data o poloze d\u00e9le ne\u017e 168 hodin.<\/p>\n<p>&nbsp;<\/p>\n<p>Ocean Signal E101V je k dispozici na z\u00e1klad\u011b OEM vybran\u00fdm v\u00fdrobc\u016fm a dodavatel\u016fm VDR pro integraci s jejich vlastn\u00edmi syst\u00e9my VDR.<\/p>\n<p>&nbsp;<\/p>\n<p>&nbsp;<\/p>\n","protected":false},"excerpt":{"rendered":"<p>E101V Cospas Sarsat a schv\u00e1len\u00fd MED bezplovouc\u00ed nouzov\u00fd r\u00e1diov\u00fd maj\u00e1k s indikac\u00ed polohy obsahuj\u00edc\u00ed pam\u011b\u0165ovou kapsli Voyage Data Recorder podle po\u017eadavk\u016f IMO Resolution MSC.333(90).<\/p>\n<p>&nbsp;<\/p>\n<p><strong><em>E101V je pouze OEM produkt. Zainteresovan\u00ed v\u00fdrobci VDR by m\u011bli kontaktovat p\u0159\u00edmo Ocean Signal pro v\u00edce informac\u00ed. <\/em><\/strong><\/p>\n<p>&nbsp;<\/p>\n<p>&nbsp;<\/p>\n","protected":false},"featured_media":19765,"template":"","meta":{"_acf_changed":false,"om_disable_all_campaigns":false},"product_brand":[],"product_cat":[348],"product_tag":[],"class_list":{"0":"post-7503","1":"product","2":"type-product","3":"status-publish","4":"has-post-thumbnail","6":"product_cat-vybehovy","8":"first","9":"instock","10":"taxable","11":"shipping-taxable","12":"product-type-simple"},"acf":[],"yoast_head":"<!-- This site is optimized with the Yoast SEO Premium plugin v25.2 (Yoast SEO v26.4) - https:\/\/yoast.com\/wordpress\/plugins\/seo\/ -->\n<title>E101V - Ocean Signal<\/title>\n<meta name=\"description\" content=\"Ocean Signal E101V VDR: Z\u00e1kladn\u00ed z\u00e1znam n\u00e1mo\u0159n\u00edch dat pro bezpe\u010dnost plavidla. Vylep\u0161ete sledov\u00e1n\u00ed plavby a reakci na nouzov\u00e9 situace.\" \/>\n<meta name=\"robots\" content=\"index, follow, max-snippet:-1, max-image-preview:large, max-video-preview:-1\" \/>\n<link rel=\"canonical\" href=\"https:\/\/oceansignal.com\/cs\/products\/e101v\/\" \/>\n<meta property=\"og:locale\" content=\"cs_CZ\" \/>\n<meta property=\"og:type\" content=\"article\" \/>\n<meta property=\"og:title\" content=\"E101V\" \/>\n<meta property=\"og:description\" content=\"Ocean Signal E101V VDR: Z\u00e1kladn\u00ed z\u00e1znam n\u00e1mo\u0159n\u00edch dat pro bezpe\u010dnost plavidla. Vylep\u0161ete sledov\u00e1n\u00ed plavby a reakci na nouzov\u00e9 situace.\" \/>\n<meta property=\"og:url\" content=\"https:\/\/oceansignal.com\/cs\/products\/e101v\/\" \/>\n<meta property=\"og:site_name\" content=\"Ocean Signal\" \/>\n<meta property=\"article:modified_time\" content=\"2025-03-06T13:41:14+00:00\" \/>\n<meta property=\"og:image\" content=\"https:\/\/oceansignal.com\/wp-content\/uploads\/2023\/09\/EPIRB-VDR-in-Housing-1-687x1024-1.jpg\" \/>\n\t<meta property=\"og:image:width\" content=\"687\" \/>\n\t<meta property=\"og:image:height\" content=\"1024\" \/>\n\t<meta property=\"og:image:type\" content=\"image\/jpeg\" \/>\n<meta name=\"twitter:card\" content=\"summary_large_image\" \/>\n<meta name=\"twitter:label1\" content=\"Odhadovan\u00e1 doba \u010dten\u00ed\" \/>\n\t<meta name=\"twitter:data1\" content=\"1 minuta\" \/>\n<script type=\"application\/ld+json\" class=\"yoast-schema-graph\">{\"@context\":\"https:\/\/schema.org\",\"@graph\":[{\"@type\":\"WebPage\",\"@id\":\"https:\/\/oceansignal.com\/cs\/products\/e101v\/\",\"url\":\"https:\/\/oceansignal.com\/cs\/products\/e101v\/\",\"name\":\"E101V - Ocean Signal\",\"isPartOf\":{\"@id\":\"https:\/\/oceansignal.com\/cs\/#website\"},\"primaryImageOfPage\":{\"@id\":\"https:\/\/oceansignal.com\/cs\/products\/e101v\/#primaryimage\"},\"image\":{\"@id\":\"https:\/\/oceansignal.com\/cs\/products\/e101v\/#primaryimage\"},\"thumbnailUrl\":\"https:\/\/oceansignal.com\/wp-content\/uploads\/2023\/09\/EPIRB-VDR-in-Housing-1-687x1024-1.jpg\",\"datePublished\":\"2023-09-08T13:27:28+00:00\",\"dateModified\":\"2025-03-06T13:41:14+00:00\",\"description\":\"Ocean Signal E101V VDR: Z\u00e1kladn\u00ed z\u00e1znam n\u00e1mo\u0159n\u00edch dat pro bezpe\u010dnost plavidla. Vylep\u0161ete sledov\u00e1n\u00ed plavby a reakci na nouzov\u00e9 situace.\",\"breadcrumb\":{\"@id\":\"https:\/\/oceansignal.com\/cs\/products\/e101v\/#breadcrumb\"},\"inLanguage\":\"cs\",\"potentialAction\":[{\"@type\":\"ReadAction\",\"target\":[\"https:\/\/oceansignal.com\/cs\/products\/e101v\/\"]}]},{\"@type\":\"ImageObject\",\"inLanguage\":\"cs\",\"@id\":\"https:\/\/oceansignal.com\/cs\/products\/e101v\/#primaryimage\",\"url\":\"https:\/\/oceansignal.com\/wp-content\/uploads\/2023\/09\/EPIRB-VDR-in-Housing-1-687x1024-1.jpg\",\"contentUrl\":\"https:\/\/oceansignal.com\/wp-content\/uploads\/2023\/09\/EPIRB-VDR-in-Housing-1-687x1024-1.jpg\",\"width\":687,\"height\":1024,\"caption\":\"Ocean Signal E101V 406 MHz Voyage Data Recorder vyu\u017e\u00edvaj\u00edc\u00ed Cospas-Sarsat\"},{\"@type\":\"BreadcrumbList\",\"@id\":\"https:\/\/oceansignal.com\/cs\/products\/e101v\/#breadcrumb\",\"itemListElement\":[{\"@type\":\"ListItem\",\"position\":1,\"name\":\"Produkty\",\"item\":\"https:\/\/oceansignal.com\/cs\/produkty\/\"},{\"@type\":\"ListItem\",\"position\":2,\"name\":\"E101V\"}]},{\"@type\":\"WebSite\",\"@id\":\"https:\/\/oceansignal.com\/cs\/#website\",\"url\":\"https:\/\/oceansignal.com\/cs\/\",\"name\":\"Ocean Signal\",\"description\":\"A leading manufacturer of EPIRBs, AIS, SARTs, Personal Locator Beacons, Man Overboard Beacon for the Marine and Outdoor Markets.\",\"potentialAction\":[{\"@type\":\"SearchAction\",\"target\":{\"@type\":\"EntryPoint\",\"urlTemplate\":\"https:\/\/oceansignal.com\/cs\/?s={search_term_string}\"},\"query-input\":{\"@type\":\"PropertyValueSpecification\",\"valueRequired\":true,\"valueName\":\"search_term_string\"}}],\"inLanguage\":\"cs\"}]}<\/script>\n<!-- \/ Yoast SEO Premium plugin. -->","yoast_head_json":{"title":"E101V - Ocean Signal","description":"Ocean Signal E101V VDR: Z\u00e1kladn\u00ed z\u00e1znam n\u00e1mo\u0159n\u00edch dat pro bezpe\u010dnost plavidla. Vylep\u0161ete sledov\u00e1n\u00ed plavby a reakci na nouzov\u00e9 situace.","robots":{"index":"index","follow":"follow","max-snippet":"max-snippet:-1","max-image-preview":"max-image-preview:large","max-video-preview":"max-video-preview:-1"},"canonical":"https:\/\/oceansignal.com\/cs\/products\/e101v\/","og_locale":"cs_CZ","og_type":"article","og_title":"E101V","og_description":"Ocean Signal E101V VDR: Z\u00e1kladn\u00ed z\u00e1znam n\u00e1mo\u0159n\u00edch dat pro bezpe\u010dnost plavidla. Vylep\u0161ete sledov\u00e1n\u00ed plavby a reakci na nouzov\u00e9 situace.","og_url":"https:\/\/oceansignal.com\/cs\/products\/e101v\/","og_site_name":"Ocean Signal","article_modified_time":"2025-03-06T13:41:14+00:00","og_image":[{"width":687,"height":1024,"url":"https:\/\/oceansignal.com\/wp-content\/uploads\/2023\/09\/EPIRB-VDR-in-Housing-1-687x1024-1.jpg","type":"image\/jpeg"}],"twitter_card":"summary_large_image","twitter_misc":{"Odhadovan\u00e1 doba \u010dten\u00ed":"1 minuta"},"schema":{"@context":"https:\/\/schema.org","@graph":[{"@type":"WebPage","@id":"https:\/\/oceansignal.com\/cs\/products\/e101v\/","url":"https:\/\/oceansignal.com\/cs\/products\/e101v\/","name":"E101V - Ocean Signal","isPartOf":{"@id":"https:\/\/oceansignal.com\/cs\/#website"},"primaryImageOfPage":{"@id":"https:\/\/oceansignal.com\/cs\/products\/e101v\/#primaryimage"},"image":{"@id":"https:\/\/oceansignal.com\/cs\/products\/e101v\/#primaryimage"},"thumbnailUrl":"https:\/\/oceansignal.com\/wp-content\/uploads\/2023\/09\/EPIRB-VDR-in-Housing-1-687x1024-1.jpg","datePublished":"2023-09-08T13:27:28+00:00","dateModified":"2025-03-06T13:41:14+00:00","description":"Ocean Signal E101V VDR: Z\u00e1kladn\u00ed z\u00e1znam n\u00e1mo\u0159n\u00edch dat pro bezpe\u010dnost plavidla. Vylep\u0161ete sledov\u00e1n\u00ed plavby a reakci na nouzov\u00e9 situace.","breadcrumb":{"@id":"https:\/\/oceansignal.com\/cs\/products\/e101v\/#breadcrumb"},"inLanguage":"cs","potentialAction":[{"@type":"ReadAction","target":["https:\/\/oceansignal.com\/cs\/products\/e101v\/"]}]},{"@type":"ImageObject","inLanguage":"cs","@id":"https:\/\/oceansignal.com\/cs\/products\/e101v\/#primaryimage","url":"https:\/\/oceansignal.com\/wp-content\/uploads\/2023\/09\/EPIRB-VDR-in-Housing-1-687x1024-1.jpg","contentUrl":"https:\/\/oceansignal.com\/wp-content\/uploads\/2023\/09\/EPIRB-VDR-in-Housing-1-687x1024-1.jpg","width":687,"height":1024,"caption":"Ocean Signal E101V 406 MHz Voyage Data Recorder vyu\u017e\u00edvaj\u00edc\u00ed Cospas-Sarsat"},{"@type":"BreadcrumbList","@id":"https:\/\/oceansignal.com\/cs\/products\/e101v\/#breadcrumb","itemListElement":[{"@type":"ListItem","position":1,"name":"Produkty","item":"https:\/\/oceansignal.com\/cs\/produkty\/"},{"@type":"ListItem","position":2,"name":"E101V"}]},{"@type":"WebSite","@id":"https:\/\/oceansignal.com\/cs\/#website","url":"https:\/\/oceansignal.com\/cs\/","name":"Ocean Signal","description":"A leading manufacturer of EPIRBs, AIS, SARTs, Personal Locator Beacons, Man Overboard Beacon for the Marine and Outdoor Markets.","potentialAction":[{"@type":"SearchAction","target":{"@type":"EntryPoint","urlTemplate":"https:\/\/oceansignal.com\/cs\/?s={search_term_string}"},"query-input":{"@type":"PropertyValueSpecification","valueRequired":true,"valueName":"search_term_string"}}],"inLanguage":"cs"}]}},"_links":{"self":[{"href":"https:\/\/oceansignal.com\/cs\/wp-json\/wp\/v2\/product\/7503","targetHints":{"allow":["GET"]}}],"collection":[{"href":"https:\/\/oceansignal.com\/cs\/wp-json\/wp\/v2\/product"}],"about":[{"href":"https:\/\/oceansignal.com\/cs\/wp-json\/wp\/v2\/types\/product"}],"wp:featuredmedia":[{"embeddable":true,"href":"https:\/\/oceansignal.com\/cs\/wp-json\/wp\/v2\/media\/19765"}],"wp:attachment":[{"href":"https:\/\/oceansignal.com\/cs\/wp-json\/wp\/v2\/media?parent=7503"}],"wp:term":[{"taxonomy":"product_brand","embeddable":true,"href":"https:\/\/oceansignal.com\/cs\/wp-json\/wp\/v2\/product_brand?post=7503"},{"taxonomy":"product_cat","embeddable":true,"href":"https:\/\/oceansignal.com\/cs\/wp-json\/wp\/v2\/product_cat?post=7503"},{"taxonomy":"product_tag","embeddable":true,"href":"https:\/\/oceansignal.com\/cs\/wp-json\/wp\/v2\/product_tag?post=7503"}],"curies":[{"name":"wp","href":"https:\/\/api.w.org\/{rel}","templated":true}]}}