{"id":7776,"date":"2023-09-07T14:09:53","date_gmt":"2023-09-07T14:09:53","guid":{"rendered":"https:\/\/oceansignal.com\/products\/rescueme-plb3\/"},"modified":"2026-03-26T11:51:56","modified_gmt":"2026-03-26T11:51:56","slug":"rescueme-plb3","status":"publish","type":"product","link":"https:\/\/oceansignal.com\/cs\/products\/rescueme-plb3\/","title":{"rendered":"rescueME PLB3"},"content":{"rendered":"<p class=\"ai-optimize-42 ai-optimize-introduction\">P\u0159edstavujeme <a href=\"https:\/\/oceansignal.com\/cs\/news\/ocean-signal-ziskava-celkove-oceneni-dame-design-award-2022-za-rescueme-plb3-ais-personal-locator-beacon\/\">ocen\u011bnou<\/a> aplikaci Ocean Signal rescueME PLB3 AIS Personal Locator Beacon, nyn\u00ed bezplatnou mobiln\u00ed aplikaci. PLB3 vys\u00edl\u00e1 na celosv\u011btov\u00e9m satelitn\u00edm syst\u00e9mu <a href=\"https:\/\/www.cospas-sarsat.int\/en\/\">Cospas Sarsat<\/a> , kter\u00fd zahrnuje 3 r\u016fzn\u00e9 konstelace, aby zajistil, \u017ee v\u00e1\u0161 nouzov\u00fd sign\u00e1l 406 MHz okam\u017eit\u011b dos\u00e1hne celosv\u011btov\u00e9 s\u00edt\u011b p\u00e1trac\u00edch a z\u00e1chrann\u00fdch sil s p\u0159esnost\u00ed va\u0161\u00ed polohy na 100 metr\u016f. D\u00edky v\u00edce \u00farovn\u00edm integrovan\u00e9 signaliza\u010dn\u00ed technologie v\u010detn\u011b 406 MHz a GNSS (GPS, <a href=\"https:\/\/www.euspa.europa.eu\/european-space\/galileo\/services\/search-and-rescue-sar-galileo-service\">Galileo<\/a> , Glonass) ur\u010dov\u00e1n\u00ed polohy vys\u00edl\u00e1 PLB3 tak\u00e9 nav\u00e1d\u011bc\u00ed sign\u00e1l 121,5 MHz, kter\u00fd nav\u00e1d\u00ed p\u00e1trac\u00ed a z\u00e1chrann\u00e9 slu\u017eby do aktu\u00e1ln\u00ed polohy maj\u00e1ku, kdy\u017e doraz\u00ed na sc\u00e9nu, proto\u017ee maj\u00e1k se mohl odch\u00fdlit od p\u016fvodn\u011b vys\u00edlan\u00e9 polohy. P\u0159id\u00e1n\u00ed p\u0159enos\u016f AIS (Automatic Identification System) znamen\u00e1, \u017ee PLB3 AIS Personal Locator Beacon sou\u010dasn\u011b upozorn\u00ed v\u0161echna plavidla vybaven\u00e1 AIS transpond\u00e9ry v dosahu VHF r\u00e1dia na nouzovou pozici PLB . To zna\u010dn\u011b zvy\u0161uje jak pravd\u011bpodobnost, tak rychlost z\u00e1chrany, proto\u017ee bl\u00edzk\u00e1 plavidla obdr\u017e\u00ed v\u00fdstrahy. Ihned po nasazen\u00ed maj\u00e1ku se na jak\u00e9koli obrazovce AIS v dosahu zobraz\u00ed bezpe\u010dnostn\u00ed zpr\u00e1va AIS nebo MOB poplach s MMSI maj\u00e1ku a um\u00edst\u011bn\u00edm. To usnad\u0148uje bl\u00edzk\u00fdm plavidl\u016fm narazit na maj\u00e1k, proto\u017ee je to aktivn\u00ed c\u00edl AIS na jejich obrazovk\u00e1ch.      <\/p>\n<p class=\"ai-optimize-44\">PLB3 osv\u011btl\u00ed cestu, kdy\u017e z\u00e1chran\u00e1\u0159 doraz\u00ed na sc\u00e9nu, pomoc\u00ed b\u00edl\u00e9ho viditeln\u00e9ho blesku a infra\u010derven\u00e9ho blesku, kter\u00e9 z\u00e1chran\u00e1\u0159\u016fm poskytne vizu\u00e1ln\u00ed reference, kter\u00e9 pot\u0159ebuj\u00ed b\u011bhem no\u010dn\u00edch nebo jin\u00fdch z\u00e1chrann\u00fdch operac\u00ed za sn\u00ed\u017een\u00e9 viditelnosti.<\/p>\n<p class=\"ai-optimize-45\"><strong>P\u0159ipojen\u00ed smartphonu pomoc\u00ed technologie NFC (Near Field Communication)<\/strong><\/p>\n<p class=\"ai-optimize-46\">Integrace <a href=\"https:\/\/www.youtube.com\/watch?v=MRXLii6r3n4\">technologie NFC<\/a> poskytuje u\u017eivatel\u016fm mo\u017enost pohodln\u00e9ho p\u0159\u00edstupu k dat\u016fm maj\u00e1ku ze sv\u00e9ho mobiln\u00edho telefonu. Jednoduch\u00fdm polo\u017een\u00edm telefonu do bl\u00edzkosti maj\u00e1ku se automaticky otev\u0159e aplikace Ocean Signal Product App a poskytne p\u0159\u00edstup k velk\u00e9mu mno\u017estv\u00ed \u00fadaj\u016f o pou\u017e\u00edv\u00e1n\u00ed v\u010detn\u011b aktu\u00e1ln\u00ed v\u00fddr\u017ee baterie, po\u010dtu dokon\u010den\u00fdch autotest\u016f, po\u010dtu dokon\u010den\u00fdch test\u016f GNSS a p\u0159\u00edpadn\u011b doby, po kterou byl maj\u00e1k aktivov\u00e1n. Na p\u0159\u00e1n\u00ed jsou k dispozici tak\u00e9 podrobn\u00e9 informace o ka\u017ed\u00e9m autotestu a testu GNSS proveden\u00e9m maj\u00e1kem. U ka\u017ed\u00e9ho \u00fasp\u011b\u0161n\u00e9ho testu GNSS si u\u017eivatel\u00e9 mohou zobrazit mapu, kter\u00e1 p\u0159esn\u011b ukazuje, kde byl test proveden, datum a \u010das testu, \u010das, za kter\u00fd maj\u00e1k z\u00edskal opravu va\u0161ich sou\u0159adnic GNSS, po\u010det satelit\u016f, kter\u00e9 maj\u00e1k pou\u017eil k z\u00edsk\u00e1n\u00ed t\u00e9to opravy, a p\u0159esnost polohy.   <\/p>\n<p class=\"ai-optimize-47\"><strong> <\/strong><\/p>\n<p class=\"ai-optimize-48\"><strong>Slu\u017eba zp\u011btn\u00e9ho odkazu<\/strong><\/p>\n<p class=\"ai-optimize-49\">Funkce Return Link Service nebo RLS funguje, kdy\u017e Search and Rescue ode\u0161le sign\u00e1l zp\u011bt p\u0159es <a href=\"https:\/\/www.euspa.europa.eu\/european-space\/galileo\/services\/search-and-rescue-sar-galileo-service\">satelitn\u00ed s\u00ed\u0165 Galileo,<\/a> aby potvrdil u\u017eivateli maj\u00e1ku, \u017ee byla p\u0159ijata jeho nouzov\u00e1 zpr\u00e1va a byla zji\u0161t\u011bna jeho poloha. Potvrzen\u00ed u\u017eivatele je z\u0159eteln\u011b indikov\u00e1no blikaj\u00edc\u00edm modr\u00fdm sv\u011btlem na PLB3 . Krom\u011b komplexn\u00ed sady funkc\u00ed je PLB3 AIS Personal Locator Beacon vytvo\u0159en pro pohodl\u00ed. U\u017eijte si klid s v\u011bdom\u00edm, \u017ee va\u0161e t\u00eds\u0148ov\u00e1 zpr\u00e1va byla \u00fasp\u011b\u0161n\u011b doru\u010dena a \u017ee pomoc je na cest\u011b.   <\/p>\n<p>&nbsp;<\/p>\n<p class=\"ai-optimize-50\"><strong>Integrace z\u00e1chrann\u00e9 vesty<\/strong><\/p>\n<p class=\"ai-optimize-51\">PLB3 je navr\u017een pro instalaci do z\u00e1chrann\u00e9 vesty a aktivaci po nafouknut\u00ed vesty (poloautomatick\u00fd). <a href=\"https:\/\/www.youtube.com\/watch?v=eeTKOFMkfxM\">Instalace je jednoduch\u00e1<\/a> pomoc\u00ed p\u0159ilo\u017een\u00e9 spony pro \u00fastn\u00ed nafukovac\u00ed hadi\u010dku k p\u0159ipevn\u011bn\u00ed PLB3 k z\u00e1chrann\u00e9 vest\u011b pomoc\u00ed p\u00e1sky p\u0159ipojen\u00e9 kolem vaku z\u00e1chrann\u00e9 vesty. Po spr\u00e1vn\u00e9 instalaci spust\u00ed nafouknut\u00ed z\u00e1chrann\u00e9 vesty rozta\u017een\u00ed ant\u00e9ny a aktivaci maj\u00e1ku. <\/p>\n<p class=\"ai-optimize-36\"><strong>P\u0159ed instalac\u00ed se doporu\u010duje konzultace s v\u00fdrobcem z\u00e1chrann\u00fdch vest, proto\u017ee konkr\u00e9tn\u00ed modely mohou m\u00edt sv\u016fj vlastn\u00ed preferovan\u00fd zp\u016fsob mont\u00e1\u017ee nebo doporu\u010den\u00ed pro integraci.<\/strong><\/p>\n<p class=\"ai-optimize-52\">U\u017eivatel\u00e9, kte\u0159\u00ed si nep\u0159ej\u00ed instalovat PLB3 do z\u00e1chrann\u00e9 vesty, maj\u00ed mo\u017enost vyu\u017e\u00edt p\u0159ilo\u017eenou popruhovou sponu k p\u0159ipevn\u011bn\u00ed maj\u00e1ku k opasku vhodn\u00e9 velikosti nebo popruhu p\u0159irozen\u011b plovouc\u00ed z\u00e1chrann\u00e9 vesty.<\/p>\n<p>&nbsp;<\/p>\n<p class=\"ai-optimize-53\"><strong>Rysy:<\/strong><\/p>\n<ul>\n<li class=\"ai-optimize-54\">Nen\u00ed vy\u017eadov\u00e1no \u017e\u00e1dn\u00e9 p\u0159edplatn\u00e9<\/li>\n<li class=\"ai-optimize-55\">406 MHz <a href=\"https:\/\/www.cospas-sarsat.int\/en\/\">nouzov\u00fd sign\u00e1l Cospas Sarsat<\/a> (kompatibiln\u00ed s MEOSAR)<\/li>\n<li class=\"ai-optimize-56\">121.5 MHz Lok\u00e1ln\u00ed Nav\u00e1d\u011bc\u00ed Sign\u00e1l<\/li>\n<li class=\"ai-optimize-57\">Lokaliza\u010dn\u00ed sign\u00e1l AIS (automatick\u00fd identifika\u010dn\u00ed syst\u00e9m)<\/li>\n<li class=\"ai-optimize-58\">P\u0159ipojen\u00ed chytr\u00e9ho telefonu p\u0159es NFC (Near Field Communication)<\/li>\n<li class=\"ai-optimize-59\">Bezplatn\u00e1 mobiln\u00ed aplikace Ocean Signal Beacon (IOS a Android)<\/li>\n<li class=\"ai-optimize-60\">Funkce slu\u017eby Return Link Service (RLS)<\/li>\n<li class=\"ai-optimize-61\">GNSS prost\u0159ednictv\u00edm satelit\u016f GPS a <a href=\"https:\/\/www.euspa.europa.eu\/european-space\/galileo\/services\/search-and-rescue-sar-galileo-service\">Galileo<\/a><\/li>\n<li class=\"ai-optimize-62\">Stroboskopick\u00e9 a infra\u010derven\u00e9 stroboskopick\u00e9 sv\u011btlo<\/li>\n<li class=\"ai-optimize-63\">Glob\u00e1ln\u00ed pokryt\u00ed<\/li>\n<li class=\"ai-optimize-64\">Jednoduch\u00e9 uchycen\u00ed PFD<\/li>\n<li class=\"ai-optimize-65\">Navr\u017eeno pro integraci s b\u011b\u017en\u00fdmi nafukovac\u00edmi PFD<\/li>\n<li class=\"ai-optimize-66\">V\u010detn\u011b multifunk\u010dn\u00edho klipov\u00e9ho syst\u00e9mu<\/li>\n<li class=\"ai-optimize-67\">Mal\u00fd a lehk\u00fd<\/li>\n<li class=\"ai-optimize-68\">\u017divotnost baterie: 6 let od data v\u00fdroby nebo 5 let po uveden\u00ed maj\u00e1ku do provozu.<\/li>\n<li class=\"ai-optimize-69\">Provozn\u00ed \u017eivotnost p\u0159es 24 hodin<\/li>\n<\/ul>\n<p>&nbsp;<\/p>\n","protected":false},"excerpt":{"rendered":"<p class=\"ai-optimize-37\"><strong>PRVN\u00cd<\/strong> PLB na sv\u011bt\u011b s AIS a <strong>PRVN\u00cd<\/strong> PLB na sv\u011bt\u011b obsahuj\u00edc\u00ed NFC a mobiln\u00ed aplikaci<\/p>\n<ul>\n<li class=\"ai-optimize-38\" data-start=\"71\" data-end=\"199\">\n<p class=\"ai-optimize-39\" data-start=\"73\" data-end=\"199\"><strong data-start=\"73\" data-end=\"97\">Trojit\u00fd v\u00fdstra\u017en\u00fd syst\u00e9m:<\/strong> Vys\u00edl\u00e1 glob\u00e1ln\u00ed nouzov\u00fd sign\u00e1l 406 MHz, AIS pro bl\u00edzk\u00e1 plavidla a nav\u00e1d\u011bc\u00ed sign\u00e1l 121,5 MHz pro glob\u00e1ln\u00ed z\u00e1chrann\u00e9 t\u00fdmy<\/p>\n<\/li>\n<li class=\"ai-optimize-40\" data-start=\"71\" data-end=\"199\"><strong data-start=\"406\" data-end=\"427\">Proveden\u00ed vhodn\u00e9 pro z\u00e1chrann\u00e9 vesty:<\/strong> Sou\u010d\u00e1st\u00ed je multifunk\u010dn\u00ed klip a je navr\u017eeno pro bezprobl\u00e9movou integraci s v\u011bt\u0161inou nafukovac\u00edch z\u00e1chrann\u00fdch vest.<\/li>\n<li class=\"ai-optimize-41\" data-start=\"200\" data-end=\"302\">\n<p class=\"ai-optimize-42\" data-start=\"202\" data-end=\"302\"><strong data-start=\"202\" data-end=\"224\">Chytr\u00e9 a p\u0159ipojen\u00e9:<\/strong> NFC pro nastaven\u00ed a kontrolu stavu prost\u0159ednictv\u00edm bezplatn\u00e9 mobiln\u00ed aplikace (iOS a Android)<\/p>\n<\/li>\n<li class=\"ai-optimize-43\" data-start=\"303\" data-end=\"403\">\n<p class=\"ai-optimize-44\" data-start=\"305\" data-end=\"403\"><strong data-start=\"305\" data-end=\"326\">\u017d\u00e1dn\u00e9 p\u0159edplatn\u00e9:<\/strong> Jednor\u00e1zov\u00fd n\u00e1kup s 6letou v\u00fddr\u017e\u00ed baterie a 24+ hodinami aktiva\u010dn\u00edho b\u011bhu<\/p>\n<\/li>\n<li class=\"ai-optimize-45\" data-start=\"303\" data-end=\"403\"><strong>Nab\u00eddka: <a href=\"https:\/\/oceansignal.com\/cs\/products\/plovaci-vak-plb1-copy\/\">Plovac\u00ed pouzdro PLB3<\/a> ZDARMA<\/strong> ke ka\u017ed\u00e9mu PLB3. P\u0159i placen\u00ed pou\u017eijte k\u00f3d: PLB3Pouch. <\/li>\n<\/ul>\n","protected":false},"featured_media":11865,"template":"","meta":{"_acf_changed":false,"om_disable_all_campaigns":false},"product_brand":[],"product_cat":[1978,841,475],"product_tag":[1053,843,697,842,1052,698],"class_list":{"0":"post-7776","1":"product","2":"type-product","3":"status-publish","4":"has-post-thumbnail","6":"product_cat-kompatibilni-se-zachrannymi-vestami","7":"product_cat-majaky-osobniho-lokatoru","8":"product_cat-rescueme-cs-2","9":"product_tag-406-mhz-cs","10":"product_tag-majak-osobniho-lokatoru","11":"product_tag-nfc-cs","12":"product_tag-plb-cs","13":"product_tag-plb3-cs","14":"product_tag-rls-cs","16":"first","17":"instock","18":"taxable","19":"shipping-taxable","20":"purchasable","21":"product-type-simple"},"acf":[],"yoast_head":"<!-- This site is optimized with the Yoast SEO Premium plugin v25.2 (Yoast SEO v26.4) - https:\/\/yoast.com\/wordpress\/plugins\/seo\/ -->\n<title>rescueME PLB3 - Ocean Signal<\/title>\n<meta name=\"description\" content=\"Ocean Signal rescueME PLB3 AIS Personal Locator Beacon je prvn\u00ed a jedin\u00e9 PLB se 406 MHz, slu\u017ebou Return Link a mobiln\u00ed aplikac\u00ed. Koupit hned.\" \/>\n<meta name=\"robots\" content=\"index, follow, max-snippet:-1, max-image-preview:large, max-video-preview:-1\" \/>\n<link rel=\"canonical\" href=\"https:\/\/oceansignal.com\/cs\/products\/rescueme-plb3\/\" \/>\n<meta property=\"og:locale\" content=\"cs_CZ\" \/>\n<meta property=\"og:type\" content=\"article\" \/>\n<meta property=\"og:title\" content=\"rescueME PLB3\" \/>\n<meta property=\"og:description\" content=\"Ocean Signal rescueME PLB3 AIS Personal Locator Beacon je prvn\u00ed a jedin\u00e9 PLB se 406 MHz, slu\u017ebou Return Link a mobiln\u00ed aplikac\u00ed. Koupit hned.\" \/>\n<meta property=\"og:url\" content=\"https:\/\/oceansignal.com\/cs\/products\/rescueme-plb3\/\" \/>\n<meta property=\"og:site_name\" content=\"Ocean Signal\" \/>\n<meta property=\"article:modified_time\" content=\"2026-03-26T11:51:56+00:00\" \/>\n<meta property=\"og:image\" content=\"https:\/\/oceansignal.com\/wp-content\/uploads\/2023\/09\/OSL-PLB3-Front.png\" \/>\n\t<meta property=\"og:image:width\" content=\"2000\" \/>\n\t<meta property=\"og:image:height\" content=\"2000\" \/>\n\t<meta property=\"og:image:type\" content=\"image\/png\" \/>\n<meta name=\"twitter:card\" content=\"summary_large_image\" \/>\n<meta name=\"twitter:label1\" content=\"Odhadovan\u00e1 doba \u010dten\u00ed\" \/>\n\t<meta name=\"twitter:data1\" content=\"4 minuty\" \/>\n<script type=\"application\/ld+json\" class=\"yoast-schema-graph\">{\"@context\":\"https:\/\/schema.org\",\"@graph\":[{\"@type\":\"WebPage\",\"@id\":\"https:\/\/oceansignal.com\/cs\/products\/rescueme-plb3\/\",\"url\":\"https:\/\/oceansignal.com\/cs\/products\/rescueme-plb3\/\",\"name\":\"rescueME PLB3 - Ocean Signal\",\"isPartOf\":{\"@id\":\"https:\/\/oceansignal.com\/cs\/#website\"},\"primaryImageOfPage\":{\"@id\":\"https:\/\/oceansignal.com\/cs\/products\/rescueme-plb3\/#primaryimage\"},\"image\":{\"@id\":\"https:\/\/oceansignal.com\/cs\/products\/rescueme-plb3\/#primaryimage\"},\"thumbnailUrl\":\"https:\/\/oceansignal.com\/wp-content\/uploads\/2023\/09\/OSL-PLB3-Front.png\",\"datePublished\":\"2023-09-07T14:09:53+00:00\",\"dateModified\":\"2026-03-26T11:51:56+00:00\",\"description\":\"Ocean Signal rescueME PLB3 AIS Personal Locator Beacon je prvn\u00ed a jedin\u00e9 PLB se 406 MHz, slu\u017ebou Return Link a mobiln\u00ed aplikac\u00ed. Koupit hned.\",\"breadcrumb\":{\"@id\":\"https:\/\/oceansignal.com\/cs\/products\/rescueme-plb3\/#breadcrumb\"},\"inLanguage\":\"cs\",\"potentialAction\":[{\"@type\":\"ReadAction\",\"target\":[\"https:\/\/oceansignal.com\/cs\/products\/rescueme-plb3\/\"]}]},{\"@type\":\"ImageObject\",\"inLanguage\":\"cs\",\"@id\":\"https:\/\/oceansignal.com\/cs\/products\/rescueme-plb3\/#primaryimage\",\"url\":\"https:\/\/oceansignal.com\/wp-content\/uploads\/2023\/09\/OSL-PLB3-Front.png\",\"contentUrl\":\"https:\/\/oceansignal.com\/wp-content\/uploads\/2023\/09\/OSL-PLB3-Front.png\",\"width\":2000,\"height\":2000},{\"@type\":\"BreadcrumbList\",\"@id\":\"https:\/\/oceansignal.com\/cs\/products\/rescueme-plb3\/#breadcrumb\",\"itemListElement\":[{\"@type\":\"ListItem\",\"position\":1,\"name\":\"Produkty\",\"item\":\"https:\/\/oceansignal.com\/cs\/produkty\/\"},{\"@type\":\"ListItem\",\"position\":2,\"name\":\"rescueME PLB3\"}]},{\"@type\":\"WebSite\",\"@id\":\"https:\/\/oceansignal.com\/cs\/#website\",\"url\":\"https:\/\/oceansignal.com\/cs\/\",\"name\":\"Ocean Signal\",\"description\":\"A leading manufacturer of EPIRBs, AIS, SARTs, Personal Locator Beacons, Man Overboard Beacon for the Marine and Outdoor Markets.\",\"potentialAction\":[{\"@type\":\"SearchAction\",\"target\":{\"@type\":\"EntryPoint\",\"urlTemplate\":\"https:\/\/oceansignal.com\/cs\/?s={search_term_string}\"},\"query-input\":{\"@type\":\"PropertyValueSpecification\",\"valueRequired\":true,\"valueName\":\"search_term_string\"}}],\"inLanguage\":\"cs\"}]}<\/script>\n<!-- \/ Yoast SEO Premium plugin. -->","yoast_head_json":{"title":"rescueME PLB3 - Ocean Signal","description":"Ocean Signal rescueME PLB3 AIS Personal Locator Beacon je prvn\u00ed a jedin\u00e9 PLB se 406 MHz, slu\u017ebou Return Link a mobiln\u00ed aplikac\u00ed. Koupit hned.","robots":{"index":"index","follow":"follow","max-snippet":"max-snippet:-1","max-image-preview":"max-image-preview:large","max-video-preview":"max-video-preview:-1"},"canonical":"https:\/\/oceansignal.com\/cs\/products\/rescueme-plb3\/","og_locale":"cs_CZ","og_type":"article","og_title":"rescueME PLB3","og_description":"Ocean Signal rescueME PLB3 AIS Personal Locator Beacon je prvn\u00ed a jedin\u00e9 PLB se 406 MHz, slu\u017ebou Return Link a mobiln\u00ed aplikac\u00ed. Koupit hned.","og_url":"https:\/\/oceansignal.com\/cs\/products\/rescueme-plb3\/","og_site_name":"Ocean Signal","article_modified_time":"2026-03-26T11:51:56+00:00","og_image":[{"width":2000,"height":2000,"url":"https:\/\/oceansignal.com\/wp-content\/uploads\/2023\/09\/OSL-PLB3-Front.png","type":"image\/png"}],"twitter_card":"summary_large_image","twitter_misc":{"Odhadovan\u00e1 doba \u010dten\u00ed":"4 minuty"},"schema":{"@context":"https:\/\/schema.org","@graph":[{"@type":"WebPage","@id":"https:\/\/oceansignal.com\/cs\/products\/rescueme-plb3\/","url":"https:\/\/oceansignal.com\/cs\/products\/rescueme-plb3\/","name":"rescueME PLB3 - Ocean Signal","isPartOf":{"@id":"https:\/\/oceansignal.com\/cs\/#website"},"primaryImageOfPage":{"@id":"https:\/\/oceansignal.com\/cs\/products\/rescueme-plb3\/#primaryimage"},"image":{"@id":"https:\/\/oceansignal.com\/cs\/products\/rescueme-plb3\/#primaryimage"},"thumbnailUrl":"https:\/\/oceansignal.com\/wp-content\/uploads\/2023\/09\/OSL-PLB3-Front.png","datePublished":"2023-09-07T14:09:53+00:00","dateModified":"2026-03-26T11:51:56+00:00","description":"Ocean Signal rescueME PLB3 AIS Personal Locator Beacon je prvn\u00ed a jedin\u00e9 PLB se 406 MHz, slu\u017ebou Return Link a mobiln\u00ed aplikac\u00ed. Koupit hned.","breadcrumb":{"@id":"https:\/\/oceansignal.com\/cs\/products\/rescueme-plb3\/#breadcrumb"},"inLanguage":"cs","potentialAction":[{"@type":"ReadAction","target":["https:\/\/oceansignal.com\/cs\/products\/rescueme-plb3\/"]}]},{"@type":"ImageObject","inLanguage":"cs","@id":"https:\/\/oceansignal.com\/cs\/products\/rescueme-plb3\/#primaryimage","url":"https:\/\/oceansignal.com\/wp-content\/uploads\/2023\/09\/OSL-PLB3-Front.png","contentUrl":"https:\/\/oceansignal.com\/wp-content\/uploads\/2023\/09\/OSL-PLB3-Front.png","width":2000,"height":2000},{"@type":"BreadcrumbList","@id":"https:\/\/oceansignal.com\/cs\/products\/rescueme-plb3\/#breadcrumb","itemListElement":[{"@type":"ListItem","position":1,"name":"Produkty","item":"https:\/\/oceansignal.com\/cs\/produkty\/"},{"@type":"ListItem","position":2,"name":"rescueME PLB3"}]},{"@type":"WebSite","@id":"https:\/\/oceansignal.com\/cs\/#website","url":"https:\/\/oceansignal.com\/cs\/","name":"Ocean Signal","description":"A leading manufacturer of EPIRBs, AIS, SARTs, Personal Locator Beacons, Man Overboard Beacon for the Marine and Outdoor Markets.","potentialAction":[{"@type":"SearchAction","target":{"@type":"EntryPoint","urlTemplate":"https:\/\/oceansignal.com\/cs\/?s={search_term_string}"},"query-input":{"@type":"PropertyValueSpecification","valueRequired":true,"valueName":"search_term_string"}}],"inLanguage":"cs"}]}},"_links":{"self":[{"href":"https:\/\/oceansignal.com\/cs\/wp-json\/wp\/v2\/product\/7776","targetHints":{"allow":["GET"]}}],"collection":[{"href":"https:\/\/oceansignal.com\/cs\/wp-json\/wp\/v2\/product"}],"about":[{"href":"https:\/\/oceansignal.com\/cs\/wp-json\/wp\/v2\/types\/product"}],"wp:featuredmedia":[{"embeddable":true,"href":"https:\/\/oceansignal.com\/cs\/wp-json\/wp\/v2\/media\/11865"}],"wp:attachment":[{"href":"https:\/\/oceansignal.com\/cs\/wp-json\/wp\/v2\/media?parent=7776"}],"wp:term":[{"taxonomy":"product_brand","embeddable":true,"href":"https:\/\/oceansignal.com\/cs\/wp-json\/wp\/v2\/product_brand?post=7776"},{"taxonomy":"product_cat","embeddable":true,"href":"https:\/\/oceansignal.com\/cs\/wp-json\/wp\/v2\/product_cat?post=7776"},{"taxonomy":"product_tag","embeddable":true,"href":"https:\/\/oceansignal.com\/cs\/wp-json\/wp\/v2\/product_tag?post=7776"}],"curies":[{"name":"wp","href":"https:\/\/api.w.org\/{rel}","templated":true}]}}