{"id":7787,"date":"2023-09-07T13:28:52","date_gmt":"2023-09-07T13:28:52","guid":{"rendered":"https:\/\/oceansignal.com\/products\/rescueme-plb1\/"},"modified":"2025-11-12T10:41:10","modified_gmt":"2025-11-12T10:41:10","slug":"rescueme-plb1","status":"publish","type":"product","link":"https:\/\/oceansignal.com\/cs\/products\/rescueme-plb1\/","title":{"rendered":"rescueME PLB1 Personal Locator Beacon"},"content":{"rendered":"<p>PRO Z\u00c1KAZN\u00cdKY Z USA\/KALIFORNIE: <a href=\"https:\/\/www.dropbox.com\/s\/fk04stqsp2hgk5f\/Prop%2065%20-%20DEHP.pdf?dl=0\">VAROV\u00c1N\u00cd: PROP 65<\/a><\/p>\n<h3>Ke ka\u017ed\u00e9 objedn\u00e1vce PLB1 ZDARMA <a href=\"https:\/\/oceansignal.com\/cs\/products\/plovaci-vak-plb1\/\">plovac\u00ed vak PLB1<\/a> v hodnot\u011b 19,99. V ko\u0161\u00edku pou\u017eijte k\u00f3d: Pouch2025. <\/h3>\n<p><img loading=\"lazy\" decoding=\"async\" class=\"\" src=\"https:\/\/oceansignal.com\/wp-content\/uploads\/2025\/10\/Free-PLB1-Floatation-Pouch-with-every-order-Ocean-Signal.png\" width=\"129\" height=\"179\"><\/p>\n<p>&nbsp;<\/p>\n<p><strong>RescueMe PLB1<\/strong> lze ovl\u00e1dat jednou rukou i v t\u011bch nejn\u00e1ro\u010dn\u011bj\u0161\u00edch situac\u00edch. Jednoduch\u00e1 pru\u017einov\u00e1 klapka zakr\u00fdv\u00e1 aktiva\u010dn\u00ed tla\u010d\u00edtko a zabra\u0148uje necht\u011bn\u00e9mu pou\u017eit\u00ed. Integrovan\u00e9 ultra jasn\u00e9 stroboskopick\u00e9 sv\u011btlo zaji\u0161\u0165uje maxim\u00e1ln\u00ed viditelnost a nasazen\u00ed ant\u00e9ny nem\u016f\u017ee b\u00fdt jednodu\u0161\u0161\u00ed, jemn\u00fdm zata\u017een\u00edm se ant\u00e9na uvoln\u00ed.  <\/p>\n<p><strong>rescueME PLB1<\/strong> spolupracuje s jedinou ofici\u00e1ln\u011b uzn\u00e1vanou celosv\u011btovou specializovanou vyhled\u00e1vac\u00ed a z\u00e1chrannou satelitn\u00ed s\u00edt\u00ed (provozovanou spole\u010dnost\u00ed Cospas Sarsat). Vzhledem k tomu, \u017ee je tato slu\u017eba financov\u00e1na vl\u00e1dami, neplat\u00ed se za ni \u017d\u00c1DN\u00c9 POPLATKY. Kdy\u017e je aktivov\u00e1n, Personal Locator Beacon p\u0159en\u00e1\u0161\u00ed va\u0161i polohu a va\u0161e ID do z\u00e1chrann\u00e9ho koordina\u010dn\u00edho centra p\u0159es satelitn\u00ed spojen\u00ed. Z\u00e1chrann\u00e9 slu\u017eby, kter\u00e9 jsou v\u00e1m nejbl\u00ed\u017ee, jsou okam\u017eit\u011b informov\u00e1ny o va\u0161\u00ed nouzi a pravideln\u011b informov\u00e1ny o va\u0161\u00ed aktu\u00e1ln\u00ed poloze, aby pomohly rychl\u00e9 z\u00e1chran\u011b.   <\/p>\n<p><strong>Rysy:<\/strong><\/p>\n<ul>\n<li>Zdarma k pou\u017eit\u00ed, \u017e\u00e1dn\u00e9 poplatky za p\u0159edplatn\u00e9<\/li>\n<li>O 30 % men\u0161\u00ed (typ) co do objemu<\/li>\n<li>Vodot\u011bsn\u00e9 do 15 metr\u016f<\/li>\n<li>V\u00e1\u017e\u00ed 116 gram\u016f<\/li>\n<li>Snadno se vejde do z\u00e1chrann\u00e9 vesty*<\/li>\n<li>V\u00fdsuvn\u00e1 ant\u00e9na<\/li>\n<li>V\u00fddr\u017e baterie 7 let<\/li>\n<li>Provozn\u00ed \u017eivotnost 24+ hodin<\/li>\n<li>Z\u00e1bleskov\u00e9 sv\u011btlo &gt;s vysok\u00fdm jasem 1candela<\/li>\n<li>66 kan\u00e1lov\u00fd GPS p\u0159ij\u00edma\u010d<\/li>\n<li>Unik\u00e1tn\u00ed mont\u00e1\u017en\u00ed klip<\/li>\n<li>Pracuje v glob\u00e1ln\u00edm z\u00e1chrann\u00e9m syst\u00e9mu Cospas Sarsat<\/li>\n<\/ul>\n<p>rescueME PLB1 m\u00e1 voliteln\u00fd plovouc\u00ed vak**, kter\u00fd mu umo\u017e\u0148uje plavat. Vezm\u011bte pros\u00edm na v\u011bdom\u00ed, \u017ee PLB nebude plavat v provozn\u00ed poloze ve s\u00e1\u010dku. Ujist\u011bte se, \u017ee je PLB pevn\u011b p\u0159ipojeno k pouzdru pomoc\u00ed dodan\u00e9ho lanka pomoc\u00ed vhodn\u00fdch samosvorn\u00fdch uzl\u016f.  <\/p>\n<p><em>* P\u0159ed instalac\u00ed tohoto produktu p\u0159\u00edmo na z\u00e1chrannou vestu se v\u017edy obra\u0165te na v\u00fdrobce.<br \/>\n** Aby byly v souladu s n\u00e1rodn\u00edmi p\u0159edpisy, maj\u00e1ky PLB1 dod\u00e1van\u00e9 do Austr\u00e1lie a na Nov\u00fd Z\u00e9land maj\u00ed trvale p\u0159ipojen\u00fd plovouc\u00ed vak<br \/>\n<\/em><\/p>\n","protected":false},"excerpt":{"rendered":"<p>Nejkompaktn\u011bj\u0161\u00ed PLB na sv\u011bt\u011b. Hrd\u011b navr\u017eeno a vyrobeno ve Velk\u00e9 Brit\u00e1nii. <\/p>\n<ul>\n<li style=\"list-style-type: none;\">\n<ul>\n<li><strong>Zdarma k pou\u017eit\u00ed, \u017e\u00e1dn\u00e9 poplatky za p\u0159edplatn\u00e9. Glob\u00e1ln\u00ed pokryt\u00ed 24 hodin denn\u011b, 7 dn\u00ed v t\u00fddnu, 365 dn\u00ed v roce. <\/strong><\/li>\n<\/ul>\n<\/li>\n<\/ul>\n<ul>\n<li style=\"list-style-type: none;\">\n<ul>\n<li><strong>Vhodn\u00e9 pro n\u00e1mo\u0159n\u00ed, leteck\u00e9 a venkovn\u00ed pou\u017eit\u00ed<\/strong><\/li>\n<\/ul>\n<\/li>\n<\/ul>\n<ul>\n<li style=\"list-style-type: none;\">\n<ul>\n<li><strong>Nav\u00e1d\u011bc\u00ed maj\u00e1k 121,5 MHz + vyhrazen\u00fd t\u00eds\u0148ov\u00fd sign\u00e1l 406 MHz s 66kan\u00e1lov\u00fdm GPS<\/strong><\/li>\n<\/ul>\n<\/li>\n<\/ul>\n<ul>\n<li style=\"list-style-type: none;\">\n<ul>\n<li><strong>Provozn\u00ed \u017eivotnost 24+ hodin po aktivaci<\/strong><\/li>\n<\/ul>\n<\/li>\n<\/ul>\n<ul>\n<li style=\"list-style-type: none;\">\n<ul>\n<li><strong>Robustn\u00ed, vodot\u011bsn\u00fd do 15 m<\/strong><\/li>\n<\/ul>\n<\/li>\n<\/ul>\n","protected":false},"featured_media":12448,"template":"","meta":{"_acf_changed":false,"om_disable_all_campaigns":false},"product_brand":[],"product_cat":[1978,841,475],"product_tag":[843,845,842,844],"class_list":{"0":"post-7787","1":"product","2":"type-product","3":"status-publish","4":"has-post-thumbnail","6":"product_cat-kompatibilni-se-zachrannymi-vestami","7":"product_cat-majaky-osobniho-lokatoru","8":"product_cat-rescueme-cs-2","9":"product_tag-majak-osobniho-lokatoru","10":"product_tag-meosar-cs","11":"product_tag-plb-cs","12":"product_tag-plb1-cs","14":"first","15":"instock","16":"taxable","17":"shipping-taxable","18":"purchasable","19":"product-type-simple"},"acf":[],"yoast_head":"<!-- This site is optimized with the Yoast SEO Premium plugin v25.2 (Yoast SEO v26.4) - https:\/\/yoast.com\/wordpress\/plugins\/seo\/ -->\n<title>rescueME PLB1 Personal Locator Beacon - Ocean Signal<\/title>\n<meta name=\"description\" content=\"Ocean Signal rescueME PLB1 : V\u00e1\u0161 kompaktn\u00ed osobn\u00ed loka\u010dn\u00ed maj\u00e1k pro venkovn\u00ed dobrodru\u017estv\u00ed. D\u016fv\u011bryhodn\u00e1 technologie maj\u00e1ku pro spolehlivou nouzovou signalizaci. Kup te\u010f!\" \/>\n<meta name=\"robots\" content=\"index, follow, max-snippet:-1, max-image-preview:large, max-video-preview:-1\" \/>\n<link rel=\"canonical\" href=\"https:\/\/oceansignal.com\/cs\/products\/rescueme-plb1\/\" \/>\n<meta property=\"og:locale\" content=\"cs_CZ\" \/>\n<meta property=\"og:type\" content=\"article\" \/>\n<meta property=\"og:title\" content=\"rescueME PLB1 Personal Locator Beacon\" \/>\n<meta property=\"og:description\" content=\"Ocean Signal rescueME PLB1 : V\u00e1\u0161 kompaktn\u00ed osobn\u00ed loka\u010dn\u00ed maj\u00e1k pro venkovn\u00ed dobrodru\u017estv\u00ed. D\u016fv\u011bryhodn\u00e1 technologie maj\u00e1ku pro spolehlivou nouzovou signalizaci. Kup te\u010f!\" \/>\n<meta property=\"og:url\" content=\"https:\/\/oceansignal.com\/cs\/products\/rescueme-plb1\/\" \/>\n<meta property=\"og:site_name\" content=\"Ocean Signal\" \/>\n<meta property=\"article:modified_time\" content=\"2025-11-12T10:41:10+00:00\" \/>\n<meta property=\"og:image\" content=\"https:\/\/oceansignal.com\/wp-content\/uploads\/2023\/09\/Ocean-Signal-PLB1-Front-2.png\" \/>\n\t<meta property=\"og:image:width\" content=\"800\" \/>\n\t<meta property=\"og:image:height\" content=\"800\" \/>\n\t<meta property=\"og:image:type\" content=\"image\/png\" \/>\n<meta name=\"twitter:card\" content=\"summary_large_image\" \/>\n<meta name=\"twitter:label1\" content=\"Odhadovan\u00e1 doba \u010dten\u00ed\" \/>\n\t<meta name=\"twitter:data1\" content=\"2 minuty\" \/>\n<script type=\"application\/ld+json\" class=\"yoast-schema-graph\">{\"@context\":\"https:\/\/schema.org\",\"@graph\":[{\"@type\":\"WebPage\",\"@id\":\"https:\/\/oceansignal.com\/cs\/products\/rescueme-plb1\/\",\"url\":\"https:\/\/oceansignal.com\/cs\/products\/rescueme-plb1\/\",\"name\":\"rescueME PLB1 Personal Locator Beacon - Ocean Signal\",\"isPartOf\":{\"@id\":\"https:\/\/oceansignal.com\/cs\/#website\"},\"primaryImageOfPage\":{\"@id\":\"https:\/\/oceansignal.com\/cs\/products\/rescueme-plb1\/#primaryimage\"},\"image\":{\"@id\":\"https:\/\/oceansignal.com\/cs\/products\/rescueme-plb1\/#primaryimage\"},\"thumbnailUrl\":\"https:\/\/oceansignal.com\/wp-content\/uploads\/2023\/09\/Ocean-Signal-PLB1-Front-2.png\",\"datePublished\":\"2023-09-07T13:28:52+00:00\",\"dateModified\":\"2025-11-12T10:41:10+00:00\",\"description\":\"Ocean Signal rescueME PLB1 : V\u00e1\u0161 kompaktn\u00ed osobn\u00ed loka\u010dn\u00ed maj\u00e1k pro venkovn\u00ed dobrodru\u017estv\u00ed. D\u016fv\u011bryhodn\u00e1 technologie maj\u00e1ku pro spolehlivou nouzovou signalizaci. Kup te\u010f!\",\"breadcrumb\":{\"@id\":\"https:\/\/oceansignal.com\/cs\/products\/rescueme-plb1\/#breadcrumb\"},\"inLanguage\":\"cs\",\"potentialAction\":[{\"@type\":\"ReadAction\",\"target\":[\"https:\/\/oceansignal.com\/cs\/products\/rescueme-plb1\/\"]}]},{\"@type\":\"ImageObject\",\"inLanguage\":\"cs\",\"@id\":\"https:\/\/oceansignal.com\/cs\/products\/rescueme-plb1\/#primaryimage\",\"url\":\"https:\/\/oceansignal.com\/wp-content\/uploads\/2023\/09\/Ocean-Signal-PLB1-Front-2.png\",\"contentUrl\":\"https:\/\/oceansignal.com\/wp-content\/uploads\/2023\/09\/Ocean-Signal-PLB1-Front-2.png\",\"width\":800,\"height\":800},{\"@type\":\"BreadcrumbList\",\"@id\":\"https:\/\/oceansignal.com\/cs\/products\/rescueme-plb1\/#breadcrumb\",\"itemListElement\":[{\"@type\":\"ListItem\",\"position\":1,\"name\":\"Produkty\",\"item\":\"https:\/\/oceansignal.com\/cs\/produkty\/\"},{\"@type\":\"ListItem\",\"position\":2,\"name\":\"rescueME PLB1 Personal Locator Beacon\"}]},{\"@type\":\"WebSite\",\"@id\":\"https:\/\/oceansignal.com\/cs\/#website\",\"url\":\"https:\/\/oceansignal.com\/cs\/\",\"name\":\"Ocean Signal\",\"description\":\"A leading manufacturer of EPIRBs, AIS, SARTs, Personal Locator Beacons, Man Overboard Beacon for the Marine and Outdoor Markets.\",\"potentialAction\":[{\"@type\":\"SearchAction\",\"target\":{\"@type\":\"EntryPoint\",\"urlTemplate\":\"https:\/\/oceansignal.com\/cs\/?s={search_term_string}\"},\"query-input\":{\"@type\":\"PropertyValueSpecification\",\"valueRequired\":true,\"valueName\":\"search_term_string\"}}],\"inLanguage\":\"cs\"}]}<\/script>\n<!-- \/ Yoast SEO Premium plugin. -->","yoast_head_json":{"title":"rescueME PLB1 Personal Locator Beacon - Ocean Signal","description":"Ocean Signal rescueME PLB1 : V\u00e1\u0161 kompaktn\u00ed osobn\u00ed loka\u010dn\u00ed maj\u00e1k pro venkovn\u00ed dobrodru\u017estv\u00ed. D\u016fv\u011bryhodn\u00e1 technologie maj\u00e1ku pro spolehlivou nouzovou signalizaci. Kup te\u010f!","robots":{"index":"index","follow":"follow","max-snippet":"max-snippet:-1","max-image-preview":"max-image-preview:large","max-video-preview":"max-video-preview:-1"},"canonical":"https:\/\/oceansignal.com\/cs\/products\/rescueme-plb1\/","og_locale":"cs_CZ","og_type":"article","og_title":"rescueME PLB1 Personal Locator Beacon","og_description":"Ocean Signal rescueME PLB1 : V\u00e1\u0161 kompaktn\u00ed osobn\u00ed loka\u010dn\u00ed maj\u00e1k pro venkovn\u00ed dobrodru\u017estv\u00ed. D\u016fv\u011bryhodn\u00e1 technologie maj\u00e1ku pro spolehlivou nouzovou signalizaci. Kup te\u010f!","og_url":"https:\/\/oceansignal.com\/cs\/products\/rescueme-plb1\/","og_site_name":"Ocean Signal","article_modified_time":"2025-11-12T10:41:10+00:00","og_image":[{"width":800,"height":800,"url":"https:\/\/oceansignal.com\/wp-content\/uploads\/2023\/09\/Ocean-Signal-PLB1-Front-2.png","type":"image\/png"}],"twitter_card":"summary_large_image","twitter_misc":{"Odhadovan\u00e1 doba \u010dten\u00ed":"2 minuty"},"schema":{"@context":"https:\/\/schema.org","@graph":[{"@type":"WebPage","@id":"https:\/\/oceansignal.com\/cs\/products\/rescueme-plb1\/","url":"https:\/\/oceansignal.com\/cs\/products\/rescueme-plb1\/","name":"rescueME PLB1 Personal Locator Beacon - Ocean Signal","isPartOf":{"@id":"https:\/\/oceansignal.com\/cs\/#website"},"primaryImageOfPage":{"@id":"https:\/\/oceansignal.com\/cs\/products\/rescueme-plb1\/#primaryimage"},"image":{"@id":"https:\/\/oceansignal.com\/cs\/products\/rescueme-plb1\/#primaryimage"},"thumbnailUrl":"https:\/\/oceansignal.com\/wp-content\/uploads\/2023\/09\/Ocean-Signal-PLB1-Front-2.png","datePublished":"2023-09-07T13:28:52+00:00","dateModified":"2025-11-12T10:41:10+00:00","description":"Ocean Signal rescueME PLB1 : V\u00e1\u0161 kompaktn\u00ed osobn\u00ed loka\u010dn\u00ed maj\u00e1k pro venkovn\u00ed dobrodru\u017estv\u00ed. D\u016fv\u011bryhodn\u00e1 technologie maj\u00e1ku pro spolehlivou nouzovou signalizaci. Kup te\u010f!","breadcrumb":{"@id":"https:\/\/oceansignal.com\/cs\/products\/rescueme-plb1\/#breadcrumb"},"inLanguage":"cs","potentialAction":[{"@type":"ReadAction","target":["https:\/\/oceansignal.com\/cs\/products\/rescueme-plb1\/"]}]},{"@type":"ImageObject","inLanguage":"cs","@id":"https:\/\/oceansignal.com\/cs\/products\/rescueme-plb1\/#primaryimage","url":"https:\/\/oceansignal.com\/wp-content\/uploads\/2023\/09\/Ocean-Signal-PLB1-Front-2.png","contentUrl":"https:\/\/oceansignal.com\/wp-content\/uploads\/2023\/09\/Ocean-Signal-PLB1-Front-2.png","width":800,"height":800},{"@type":"BreadcrumbList","@id":"https:\/\/oceansignal.com\/cs\/products\/rescueme-plb1\/#breadcrumb","itemListElement":[{"@type":"ListItem","position":1,"name":"Produkty","item":"https:\/\/oceansignal.com\/cs\/produkty\/"},{"@type":"ListItem","position":2,"name":"rescueME PLB1 Personal Locator Beacon"}]},{"@type":"WebSite","@id":"https:\/\/oceansignal.com\/cs\/#website","url":"https:\/\/oceansignal.com\/cs\/","name":"Ocean Signal","description":"A leading manufacturer of EPIRBs, AIS, SARTs, Personal Locator Beacons, Man Overboard Beacon for the Marine and Outdoor Markets.","potentialAction":[{"@type":"SearchAction","target":{"@type":"EntryPoint","urlTemplate":"https:\/\/oceansignal.com\/cs\/?s={search_term_string}"},"query-input":{"@type":"PropertyValueSpecification","valueRequired":true,"valueName":"search_term_string"}}],"inLanguage":"cs"}]}},"_links":{"self":[{"href":"https:\/\/oceansignal.com\/cs\/wp-json\/wp\/v2\/product\/7787","targetHints":{"allow":["GET"]}}],"collection":[{"href":"https:\/\/oceansignal.com\/cs\/wp-json\/wp\/v2\/product"}],"about":[{"href":"https:\/\/oceansignal.com\/cs\/wp-json\/wp\/v2\/types\/product"}],"wp:featuredmedia":[{"embeddable":true,"href":"https:\/\/oceansignal.com\/cs\/wp-json\/wp\/v2\/media\/12448"}],"wp:attachment":[{"href":"https:\/\/oceansignal.com\/cs\/wp-json\/wp\/v2\/media?parent=7787"}],"wp:term":[{"taxonomy":"product_brand","embeddable":true,"href":"https:\/\/oceansignal.com\/cs\/wp-json\/wp\/v2\/product_brand?post=7787"},{"taxonomy":"product_cat","embeddable":true,"href":"https:\/\/oceansignal.com\/cs\/wp-json\/wp\/v2\/product_cat?post=7787"},{"taxonomy":"product_tag","embeddable":true,"href":"https:\/\/oceansignal.com\/cs\/wp-json\/wp\/v2\/product_tag?post=7787"}],"curies":[{"name":"wp","href":"https:\/\/api.w.org\/{rel}","templated":true}]}}