{"id":7800,"date":"2024-07-22T13:30:33","date_gmt":"2024-07-22T13:30:33","guid":{"rendered":"https:\/\/oceansignal.com\/products\/rescueme-mob2\/"},"modified":"2025-11-12T09:06:53","modified_gmt":"2025-11-12T09:06:53","slug":"rescueme-mob2","status":"publish","type":"product","link":"https:\/\/oceansignal.com\/cs\/products\/rescueme-mob2\/","title":{"rendered":"rescueME MOB2"},"content":{"rendered":"<p><strong>Toto za\u0159\u00edzen\u00ed nebylo autorizov\u00e1no podle pravidel Feder\u00e1ln\u00ed komise pro komunikace v USA. Toto za\u0159\u00edzen\u00ed nen\u00ed a nesm\u00ed b\u00fdt nab\u00edzeno k prodeji ani pron\u00e1jmu, ani prod\u00e1v\u00e1no \u010di pronaj\u00edm\u00e1no, dokud nez\u00edsk\u00e1te povolen\u00ed. Schv\u00e1leno pro prodej v zem\u00edch, kter\u00e9 p\u0159ijaly na\u0159\u00edzen\u00ed ECC\/DEC\/(22)02. <\/strong><\/p>\n<p>Shrnut\u00ed:<\/p>\n<p>Upozornit sv\u00e9 plavidlo na \u010dlov\u011bka p\u0159es palubu je nejrychlej\u0161\u00ed a nejspolehliv\u011bj\u0161\u00ed mo\u017enost obnovy. V m\u00edrn\u00fdch mo\u0159\u00edch m\u016f\u017ee doj\u00edt ke ztr\u00e1t\u011b zraku \u010dlov\u011bka p\u0159es palubu a\u017e p\u0159ekvapiv\u011b rychle. To je d\u016fvod, pro\u010d nejnov\u011bj\u0161\u00ed rescueME MOB2 od Ocean Signal kombinuje nouzovou technologii AIS a VHF DSC v nejnov\u011bj\u0161\u00edm \u0159e\u0161en\u00ed vyhovuj\u00edc\u00edm AIS t\u0159\u00edd\u011b M pro n\u00e1mo\u0159n\u00ed trh.  <\/p>\n<p>Po aktivaci se poloha MOB2 pravideln\u011b aktualizuje a zobrazuje na plotrech s podporou AIS. D\u00edky integrovan\u00e9mu GPS poskytuje MOB2 p\u0159esn\u00e9 \u00fadaje o poloze va\u0161emu plavidlu a v\u0161em asistuj\u00edc\u00edm plavidl\u016fm. Bl\u00edzk\u00e1 plavidla jsou automaticky upozor\u0148ov\u00e1na na situace \u010dlov\u011bka p\u0159es palubu prost\u0159ednictv\u00edm VHF DSC. Ocean Signal MOB2 je t\u00e9m\u011b\u0159 polovi\u010dn\u00ed ne\u017e konkuren\u010dn\u00ed produkty a perfektn\u011b se vejde do nafukovac\u00edch z\u00e1chrann\u00fdch vest. M\u016f\u017ee se tak\u00e9 pochlubit del\u0161\u00ed provozn\u00ed \u017eivotnost\u00ed, automatickou aktivac\u00ed pomoc\u00ed nafukovac\u00ed z\u00e1chrann\u00e9 vesty, dvojit\u00fdm IR a b\u00edl\u00fdm stroboskopick\u00fdm sv\u011btlem a p\u0159ipojen\u00edm k mobiln\u00ed aplikaci NFC.    <\/p>\n<p>Chcete se dozv\u011bd\u011bt o nejnov\u011bj\u0161\u00edch po\u017eadavc\u00edch t\u0159\u00eddy M pro AIS MOB ?  <a href=\"https:\/\/oceansignal.com\/cs\/news\/pochopeni-dopadu-regulace-ais-tridy-m-na-mob\/\">Klikn\u011bte zde<\/a><\/p>\n<p><a href=\"https:\/\/www.dropbox.com\/s\/8343nj28z0d7bxa\/Prop%2065%20-%20BPA.pdf?dl=0\">UPOZORN\u011aN\u00cd: PROP 65<\/a><\/p>\n<p>Pouze pro USA: Toto za\u0159\u00edzen\u00ed nebylo autorizov\u00e1no podle pravidel Feder\u00e1ln\u00ed komise pro komunikace. Toto za\u0159\u00edzen\u00ed nen\u00ed a nesm\u00ed b\u00fdt nab\u00edzeno k prodeji ani pron\u00e1jmu, ani prod\u00e1v\u00e1no \u010di pronaj\u00edm\u00e1no, dokud nez\u00edsk\u00e1te povolen\u00ed. Schv\u00e1leno pro prodej v zem\u00edch, kter\u00e9 p\u0159ijaly na\u0159\u00edzen\u00ed ECC\/DEC\/(22)02.  <\/p>\n<p>Popis:<\/p>\n<p>P\u0159edstavujeme nejmen\u0161\u00ed za\u0159\u00edzen\u00ed AIS Man Overboard ( MOB ) na sv\u011bt\u011b s integrovan\u00fdm VHF DSC \u2013 rescueME MOB2 AIS od Ocean Signal . Tato \u017eivotn\u011b d\u016fle\u017eit\u00e1 sou\u010d\u00e1st ka\u017ed\u00e9 n\u00e1mo\u0159n\u00ed bezpe\u010dnostn\u00ed sady je navr\u017eena pro rychlou reakci v nouzov\u00fdch situac\u00edch \u010dlov\u011bka p\u0159es palubu. Kompaktn\u00ed a lehk\u00fd MOB2 se bez probl\u00e9m\u016f integruje i s nejkompaktn\u011bj\u0161\u00edmi nafukovac\u00edmi z\u00e1chrann\u00fdmi vestami a zaji\u0161\u0165uje automatickou aktivaci po nafouknut\u00ed.  <\/p>\n<p>MOB2 ode\u0161le prvn\u00ed v\u00fdstrahu do 15 sekund a ode\u0161le va\u0161i p\u0159esnou polohu pomoc\u00ed technologie AIS bl\u00edzk\u00fdm plavidl\u016fm a palubn\u00edm naviga\u010dn\u00edm syst\u00e9m\u016fm. Komunikuje s plavidlem, od kter\u00e9ho jste byli odd\u011bleni, a dal\u0161\u00edmi plavidly do vzd\u00e1lenosti 5 mil, v z\u00e1vislosti na podm\u00ednk\u00e1ch. Krom\u011b toho jsou bl\u00edzk\u00e1 plavidla okam\u017eit\u011b informov\u00e1na o situaci \u010dlov\u011bka p\u0159es palubu prost\u0159ednictv\u00edm technologie DSC.  <\/p>\n<p>V p\u0159\u00edpad\u011b nouze poskytuje rescueME MOB2 AIS dva zp\u016fsoby rychl\u00e9ho sd\u011blen\u00ed va\u0161\u00ed polohy s p\u0159esnost\u00ed na n\u011bkolik metr\u016f a nab\u00edz\u00ed vizu\u00e1ln\u00ed indikaci prost\u0159ednictv\u00edm vestav\u011bn\u00fdch stroboskopick\u00fdch sv\u011btel. Jeho integrovan\u00e1 du\u00e1ln\u00ed infra\u010derven\u00e1 (IR) a b\u00edl\u00e1 stroboskopick\u00e1 sv\u011btla zaji\u0161\u0165uj\u00ed maxim\u00e1ln\u00ed viditelnost za \u0161patn\u00fdch sv\u011bteln\u00fdch podm\u00ednek a poskytuj\u00ed klid pro n\u00e1mo\u0159n\u00edky a jachta\u0159e t\u00edm, \u017ee zvy\u0161uj\u00ed bezpe\u010dnost na vod\u011b a potenci\u00e1ln\u011b zachra\u0148uj\u00ed \u017eivoty v kritick\u00fdch situac\u00edch. Vodot\u011bsn\u00fd do 10 metr\u016f, MOB2 se vyzna\u010duje robustn\u00ed konstrukc\u00ed a bateri\u00ed s dlouhou v\u00fddr\u017e\u00ed.  <\/p>\n<p><strong> <\/strong><\/p>\n<h3><strong>P\u0159ipojen\u00ed smartphonu pomoc\u00ed technologie NFC (Near Field Communication)<\/strong><\/h3>\n<p>Integrace technologie NFC poskytuje u\u017eivatel\u016fm mo\u017enost pohodln\u011b naprogramovat MOB2 MMSI a p\u0159istupovat k dat\u016fm maj\u00e1ku ze sv\u00e9ho mobiln\u00edho telefonu. Jednoduch\u00fdm polo\u017een\u00edm telefonu do bl\u00edzkosti maj\u00e1ku se automaticky otev\u0159e aplikace Ocean Signal Product App a poskytne p\u0159\u00edstup k r\u016fzn\u00fdm \u00fadaj\u016fm o pou\u017e\u00edv\u00e1n\u00ed v\u010detn\u011b aktu\u00e1ln\u00ed \u017eivotnosti baterie, po\u010dtu dokon\u010den\u00fdch autotest\u016f, po\u010dtu dokon\u010den\u00fdch test\u016f GNSS a p\u0159\u00edpadn\u011b doby, po kterou byl maj\u00e1k aktivov\u00e1n. <\/p>\n<p><strong> <\/strong><\/p>\n<h3><strong>Maj\u00e1k AIS pro mu\u017ee p\u0159es palubu schv\u00e1len\u00fd t\u0159\u00eddy M s VHF DSC<\/strong><\/h3>\n<p>MOB2 , navr\u017een\u00fd tak, aby p\u0159ekra\u010doval po\u017eadavky t\u0159\u00eddy M, je v souladu s na\u0159\u00edzen\u00edm ECC\/DEC\/(22)02 t\u00fdkaj\u00edc\u00edm se pou\u017e\u00edv\u00e1n\u00ed za\u0159\u00edzen\u00ed MOB .<\/p>\n<p><strong> <\/strong><\/p>\n<h3><strong>Integrace z\u00e1chrann\u00e9 vesty<\/strong><\/h3>\n<p>MOB2 lze aktivovat ru\u010dn\u011b nebo automaticky p\u0159i instalaci do nafukovac\u00ed z\u00e1chrann\u00e9 vesty (automaticky). Instalace je jednoduch\u00e1 pomoc\u00ed p\u0159ilo\u017een\u00e9 spony pro \u00fastn\u00ed nafukovac\u00ed hadi\u010dku k p\u0159ipevn\u011bn\u00ed MOB2 k z\u00e1chrann\u00e9 vest\u011b pomoc\u00ed p\u00e1sky p\u0159ipojen\u00e9 kolem vaku z\u00e1chrann\u00e9 vesty. Jakmile je z\u00e1chrann\u00e1 vesta spr\u00e1vn\u011b nainstalov\u00e1na, spust\u00ed se aktivace ant\u00e9ny a aktivace maj\u00e1ku.  <\/p>\n<p>Hrd\u011b <a href=\"https:\/\/oceansignal.com\/cs\/news\/ocean-signal-ztrojnasobuje-velikost-tovarnich-zarizeni-aby-uspokojil-vyrobni-pozadavky\/\">vyrobeno ve Spojen\u00e9m kr\u00e1lovstv\u00ed<\/a><\/p>\n<h4><strong>Kl\u00ed\u010dov\u00e9 vlastnosti rescueME MOB AIS:<\/strong><\/h4>\n<ul>\n<li>AIS (automatick\u00fd identifika\u010dn\u00ed syst\u00e9m)<\/li>\n<li>Vyhovuje t\u0159\u00edd\u011b M (na\u0159\u00edzen\u00ed: ECC\/DEC\/(22)02)<\/li>\n<li>Integrovan\u00fd DSC transceiver Tx a Rx (digit\u00e1ln\u00ed selektivn\u00ed vol\u00e1n\u00ed) *<\/li>\n<li>LED diody ov\u011b\u0159uj\u00ed p\u0159\u00edjem nouzov\u00e9ho sign\u00e1lu DSC<\/li>\n<li>o 50 % (typ) men\u0161\u00ed ne\u017e konkurence<\/li>\n<li>GNSS p\u0159es GPS a Galileo<\/li>\n<li>Rychl\u00e9 a p\u0159esn\u00e9 polohov\u00e1n\u00ed<\/li>\n<li>IR a b\u00edl\u00e1 stroboskopick\u00e1 sv\u011btla<\/li>\n<li>Automatick\u00e1 aktivace<\/li>\n<li>Jednoduch\u00e1 integrace z\u00e1chrann\u00e9 vesty**<\/li>\n<li>V\u00fddr\u017e baterie 5 let<\/li>\n<li>\u017divotnost 24 hodin p\u0159i -20\u00b0C<\/li>\n<li>2let\u00e1 z\u00e1ruka (m\u016f\u017ee prodlou\u017eit z\u00e1ruku na 5 let registrac\u00ed produktu u Ocean Signal ) <sup>\u2020<\/sup><\/li>\n<li>Integrovan\u00e1 technologie NFC (Near Field Communication)<\/li>\n<li>P\u0159ipojen\u00ed smartphonu p\u0159es NFC<\/li>\n<li>Mobiln\u00ed aplikace Ocean Signal (IOS a Android)<\/li>\n<\/ul>\n<p>&nbsp;<\/p>\n<p><em><strong>Kompatibilita:<\/strong> V\u011bt\u0161ina modern\u00edch plotr\u016f AIS a DSC VHF vyhovuje standard\u016fm po\u017eadovan\u00fdm pro p\u0159\u00edjem vys\u00edl\u00e1n\u00ed MOB . Doporu\u010duje se v\u0161ak ov\u011b\u0159it si kompatibilitu u v\u00fdrobce za\u0159\u00edzen\u00ed, zejm\u00e9na pokud pou\u017e\u00edv\u00e1te star\u0161\u00ed za\u0159\u00edzen\u00ed. Dal\u0161\u00ed informace naleznete v nej\u010dast\u011bj\u0161\u00edch dotazech n\u00ed\u017ee.<br \/>\n<\/em><\/p>\n<p>&nbsp;<\/p>\n<p>MOB2 m\u016f\u017ee u\u017eivatel nakonfigurovat tak, aby zadal \u010d\u00edslo DSC MMSI* plavidla sta\u017een\u00edm softwaru na n\u00ed\u017ee uveden\u00e9m odkazu. \u010c\u00edslo DSC plavidla lze naprogramovat v\u00edcekr\u00e1t. <\/p>\n<p>&nbsp;<\/p>\n<p><span style=\"color: #c22f00;\">* Funkce DSC podl\u00e9h\u00e1 p\u0159edpis\u016fm zem\u011b.<\/span><br \/>\n<span style=\"color: #c22f00;\"><em>** P\u0159ed instalac\u00ed tohoto produktu p\u0159\u00edmo do va\u0161\u00ed z\u00e1chrann\u00e9 vesty v\u017edy kontaktujte v\u00fdrobce z\u00e1chrann\u00e9 vesty pro konkr\u00e9tn\u00ed pokyny.<\/em><\/span><br \/>\n<span style=\"color: #c22f00;\">\u2020 Podl\u00e9h\u00e1 prohl\u00e1\u0161en\u00ed o z\u00e1ruce. ( <em>Pozn\u00e1mka: P\u0159i pou\u017eit\u00ed v komer\u010dn\u00edch aplikac\u00edch je z\u00e1ru\u010dn\u00ed doba omezena na dva roky.<\/em> )<\/span><\/p>\n<p>&nbsp;<\/p>\n","protected":false},"excerpt":{"rendered":"<p>Nejmen\u0161\u00ed za\u0159\u00edzen\u00ed AIS na sv\u011bt\u011b spl\u0148uj\u00edc\u00ed normy t\u0159\u00eddy M, detekce mu\u017ee p\u0159es palubu (MOB) s integrovan\u00fdm VHF DSC.<\/p>\n<ul>\n<li data-start=\"195\" data-end=\"420\">\n<p data-start=\"197\" data-end=\"420\"><strong data-start=\"197\" data-end=\"247\">Okam\u017eit\u00e9 v\u00fdstrahy AIS a DSC v p\u0159\u00edpad\u011b nouze MOB<\/strong><br data-start=\"247\" data-end=\"250\">MOB2 okam\u017eit\u011b vy\u0161le va\u0161i polohu prost\u0159ednictv\u00edm AIS a aktivuje t\u00eds\u0148ov\u00e9 vol\u00e1n\u00ed DSC na VHF r\u00e1diu va\u0161eho plavidla \u2013 \u010d\u00edm\u017e vy\u0161le rychl\u00fd m\u00edstn\u00ed varov\u00e1n\u00ed pos\u00e1dce a bl\u00edzk\u00fdm plavidl\u016fm.<\/p>\n<\/li>\n<li data-start=\"422\" data-end=\"637\">\n<p data-start=\"424\" data-end=\"637\"><strong data-start=\"424\" data-end=\"470\">Ide\u00e1ln\u00ed pro bezpe\u010dnostn\u00ed po\u017eadavky na offshore a jachta\u0159sk\u00e9 z\u00e1vody<\/strong><br data-start=\"470\" data-end=\"473\">MOB2 , kter\u00e9mu d\u016fv\u011b\u0159uj\u00ed sout\u011b\u017en\u00ed jachta\u0159i a oce\u00e1n\u0161t\u00ed z\u00e1vodn\u00edci, poskytuje ochranu pos\u00e1dky p\u0159es palubu, kter\u00e1 spl\u0148uje po\u017eadavky rychl\u00fdch a rizikov\u00fdch plavebn\u00edch prost\u0159ed\u00ed.<\/p>\n<\/li>\n<li data-start=\"639\" data-end=\"858\">\n<p data-start=\"641\" data-end=\"858\"><strong data-start=\"641\" data-end=\"693\">P\u0159esn\u00e9 GPS s automatickou aktivac\u00ed z\u00e1chrann\u00e9 vesty<\/strong><br data-start=\"693\" data-end=\"696\">Integrovan\u00e1 GPS zaji\u0161\u0165uje p\u0159esn\u00e9 sledov\u00e1n\u00ed, zat\u00edmco automatick\u00e1 aktivace s nafouknut\u00edm z\u00e1chrann\u00e9 vesty znamen\u00e1, \u017ee jste chr\u00e1n\u011bni v okam\u017eiku, kdy se dostanete do vody \u2013 a to bez nutnosti pou\u017eit\u00ed rukou.<\/p>\n<\/li>\n<\/ul>\n<p>V souladu s na\u0159\u00edzen\u00edm ECC\/DEC\/(22)02 t\u00fdkaj\u00edc\u00edm se pou\u017e\u00edv\u00e1n\u00ed za\u0159\u00edzen\u00ed MOB . Chcete se dozv\u011bd\u011bt o nejnov\u011bj\u0161\u00edch po\u017eadavc\u00edch t\u0159\u00eddy M pro AIS MOB ?  <a href=\"https:\/\/oceansignal.com\/cs\/news\/pochopeni-dopadu-regulace-ais-tridy-m-na-mob\/\">Klikn\u011bte zde<\/a><\/p>\n<p><a href=\"https:\/\/www.dropbox.com\/s\/8343nj28z0d7bxa\/Prop%2065%20-%20BPA.pdf?dl=0\">VAROV\u00c1N\u00cd: PROP 65<\/a><br \/>\n NEPRODEJN\u00c9 V USA\/CA &#8211; vyzkou\u0161ejte <a href=\"https:\/\/oceansignal.com\/cs\/products\/rescueme-mob1\/\">Ocean Signal MOB1 pro USA\/CA zde<\/a><\/p>\n","protected":false},"featured_media":23808,"template":"","meta":{"_acf_changed":false,"om_disable_all_campaigns":false},"product_brand":[],"product_cat":[1978,1076,475],"product_tag":[525,523,526,524,1077,522],"class_list":{"0":"post-7800","1":"product","2":"type-product","3":"status-publish","4":"has-post-thumbnail","6":"product_cat-kompatibilni-se-zachrannymi-vestami","7":"product_cat-muz-pres-palubu","8":"product_cat-rescueme-cs-2","9":"product_tag-ais-cs","10":"product_tag-ais-mob-cs","11":"product_tag-dav","12":"product_tag-mob2-cs","13":"product_tag-muz-pres-palubu","14":"product_tag-trida-m","16":"first","17":"instock","18":"taxable","19":"shipping-taxable","20":"purchasable","21":"product-type-simple"},"acf":[],"yoast_head":"<!-- This site is optimized with the Yoast SEO Premium plugin v25.2 (Yoast SEO v26.4) - https:\/\/yoast.com\/wordpress\/plugins\/seo\/ -->\n<title>rescueME MOB2 - Ocean Signal rescueME MOB2 AIS T\u0159\u00edda M Ocean Signal<\/title>\n<meta name=\"description\" content=\"Ocean Signal rescueME MOB2 AIS Man Overboard Beacon je dokonal\u00fdm \u0159e\u0161en\u00edm pro n\u00e1mo\u0159n\u00ed bezpe\u010dnost, speci\u00e1ln\u011b navr\u017een\u00fd pro pomoc v situac\u00edch SOS.\" \/>\n<meta name=\"robots\" content=\"index, follow, max-snippet:-1, max-image-preview:large, max-video-preview:-1\" \/>\n<link rel=\"canonical\" href=\"https:\/\/oceansignal.com\/cs\/products\/rescueme-mob2\/\" \/>\n<meta property=\"og:locale\" content=\"cs_CZ\" \/>\n<meta property=\"og:type\" content=\"article\" \/>\n<meta property=\"og:title\" content=\"rescueME MOB2\" \/>\n<meta property=\"og:description\" content=\"Ocean Signal rescueME MOB2 AIS Man Overboard Beacon je dokonal\u00fdm \u0159e\u0161en\u00edm pro n\u00e1mo\u0159n\u00ed bezpe\u010dnost, speci\u00e1ln\u011b navr\u017een\u00fd pro pomoc v situac\u00edch SOS.\" \/>\n<meta property=\"og:url\" content=\"https:\/\/oceansignal.com\/cs\/products\/rescueme-mob2\/\" \/>\n<meta property=\"og:site_name\" content=\"Ocean Signal\" \/>\n<meta property=\"article:modified_time\" content=\"2025-11-12T09:06:53+00:00\" \/>\n<meta property=\"og:image\" content=\"https:\/\/oceansignal.com\/wp-content\/uploads\/2024\/07\/MOB2-22-07-24-A_Web.png\" \/>\n\t<meta property=\"og:image:width\" content=\"900\" \/>\n\t<meta property=\"og:image:height\" content=\"807\" \/>\n\t<meta property=\"og:image:type\" content=\"image\/png\" \/>\n<meta name=\"twitter:card\" content=\"summary_large_image\" \/>\n<meta name=\"twitter:label1\" content=\"Odhadovan\u00e1 doba \u010dten\u00ed\" \/>\n\t<meta name=\"twitter:data1\" content=\"6 minut\" \/>\n<script type=\"application\/ld+json\" class=\"yoast-schema-graph\">{\"@context\":\"https:\/\/schema.org\",\"@graph\":[{\"@type\":\"WebPage\",\"@id\":\"https:\/\/oceansignal.com\/cs\/products\/rescueme-mob2\/\",\"url\":\"https:\/\/oceansignal.com\/cs\/products\/rescueme-mob2\/\",\"name\":\"rescueME MOB2 - Ocean Signal rescueME MOB2 AIS T\u0159\u00edda M Ocean Signal\",\"isPartOf\":{\"@id\":\"https:\/\/oceansignal.com\/cs\/#website\"},\"primaryImageOfPage\":{\"@id\":\"https:\/\/oceansignal.com\/cs\/products\/rescueme-mob2\/#primaryimage\"},\"image\":{\"@id\":\"https:\/\/oceansignal.com\/cs\/products\/rescueme-mob2\/#primaryimage\"},\"thumbnailUrl\":\"https:\/\/oceansignal.com\/wp-content\/uploads\/2024\/07\/MOB2-22-07-24-A_Web.png\",\"datePublished\":\"2024-07-22T13:30:33+00:00\",\"dateModified\":\"2025-11-12T09:06:53+00:00\",\"description\":\"Ocean Signal rescueME MOB2 AIS Man Overboard Beacon je dokonal\u00fdm \u0159e\u0161en\u00edm pro n\u00e1mo\u0159n\u00ed bezpe\u010dnost, speci\u00e1ln\u011b navr\u017een\u00fd pro pomoc v situac\u00edch SOS.\",\"breadcrumb\":{\"@id\":\"https:\/\/oceansignal.com\/cs\/products\/rescueme-mob2\/#breadcrumb\"},\"inLanguage\":\"cs\",\"potentialAction\":[{\"@type\":\"ReadAction\",\"target\":[\"https:\/\/oceansignal.com\/cs\/products\/rescueme-mob2\/\"]}]},{\"@type\":\"ImageObject\",\"inLanguage\":\"cs\",\"@id\":\"https:\/\/oceansignal.com\/cs\/products\/rescueme-mob2\/#primaryimage\",\"url\":\"https:\/\/oceansignal.com\/wp-content\/uploads\/2024\/07\/MOB2-22-07-24-A_Web.png\",\"contentUrl\":\"https:\/\/oceansignal.com\/wp-content\/uploads\/2024\/07\/MOB2-22-07-24-A_Web.png\",\"width\":900,\"height\":807,\"caption\":\"Ocean Signal rescueME Osobn\u00ed loka\u010dn\u00ed za\u0159\u00edzen\u00ed MOB2 AIS t\u0159\u00eddy M Schv\u00e1leno\"},{\"@type\":\"BreadcrumbList\",\"@id\":\"https:\/\/oceansignal.com\/cs\/products\/rescueme-mob2\/#breadcrumb\",\"itemListElement\":[{\"@type\":\"ListItem\",\"position\":1,\"name\":\"Produkty\",\"item\":\"https:\/\/oceansignal.com\/cs\/produkty\/\"},{\"@type\":\"ListItem\",\"position\":2,\"name\":\"rescueME MOB2\"}]},{\"@type\":\"WebSite\",\"@id\":\"https:\/\/oceansignal.com\/cs\/#website\",\"url\":\"https:\/\/oceansignal.com\/cs\/\",\"name\":\"Ocean Signal\",\"description\":\"A leading manufacturer of EPIRBs, AIS, SARTs, Personal Locator Beacons, Man Overboard Beacon for the Marine and Outdoor Markets.\",\"potentialAction\":[{\"@type\":\"SearchAction\",\"target\":{\"@type\":\"EntryPoint\",\"urlTemplate\":\"https:\/\/oceansignal.com\/cs\/?s={search_term_string}\"},\"query-input\":{\"@type\":\"PropertyValueSpecification\",\"valueRequired\":true,\"valueName\":\"search_term_string\"}}],\"inLanguage\":\"cs\"}]}<\/script>\n<!-- \/ Yoast SEO Premium plugin. -->","yoast_head_json":{"title":"rescueME MOB2 - Ocean Signal rescueME MOB2 AIS T\u0159\u00edda M Ocean Signal","description":"Ocean Signal rescueME MOB2 AIS Man Overboard Beacon je dokonal\u00fdm \u0159e\u0161en\u00edm pro n\u00e1mo\u0159n\u00ed bezpe\u010dnost, speci\u00e1ln\u011b navr\u017een\u00fd pro pomoc v situac\u00edch SOS.","robots":{"index":"index","follow":"follow","max-snippet":"max-snippet:-1","max-image-preview":"max-image-preview:large","max-video-preview":"max-video-preview:-1"},"canonical":"https:\/\/oceansignal.com\/cs\/products\/rescueme-mob2\/","og_locale":"cs_CZ","og_type":"article","og_title":"rescueME MOB2","og_description":"Ocean Signal rescueME MOB2 AIS Man Overboard Beacon je dokonal\u00fdm \u0159e\u0161en\u00edm pro n\u00e1mo\u0159n\u00ed bezpe\u010dnost, speci\u00e1ln\u011b navr\u017een\u00fd pro pomoc v situac\u00edch SOS.","og_url":"https:\/\/oceansignal.com\/cs\/products\/rescueme-mob2\/","og_site_name":"Ocean Signal","article_modified_time":"2025-11-12T09:06:53+00:00","og_image":[{"width":900,"height":807,"url":"https:\/\/oceansignal.com\/wp-content\/uploads\/2024\/07\/MOB2-22-07-24-A_Web.png","type":"image\/png"}],"twitter_card":"summary_large_image","twitter_misc":{"Odhadovan\u00e1 doba \u010dten\u00ed":"6 minut"},"schema":{"@context":"https:\/\/schema.org","@graph":[{"@type":"WebPage","@id":"https:\/\/oceansignal.com\/cs\/products\/rescueme-mob2\/","url":"https:\/\/oceansignal.com\/cs\/products\/rescueme-mob2\/","name":"rescueME MOB2 - Ocean Signal rescueME MOB2 AIS T\u0159\u00edda M Ocean Signal","isPartOf":{"@id":"https:\/\/oceansignal.com\/cs\/#website"},"primaryImageOfPage":{"@id":"https:\/\/oceansignal.com\/cs\/products\/rescueme-mob2\/#primaryimage"},"image":{"@id":"https:\/\/oceansignal.com\/cs\/products\/rescueme-mob2\/#primaryimage"},"thumbnailUrl":"https:\/\/oceansignal.com\/wp-content\/uploads\/2024\/07\/MOB2-22-07-24-A_Web.png","datePublished":"2024-07-22T13:30:33+00:00","dateModified":"2025-11-12T09:06:53+00:00","description":"Ocean Signal rescueME MOB2 AIS Man Overboard Beacon je dokonal\u00fdm \u0159e\u0161en\u00edm pro n\u00e1mo\u0159n\u00ed bezpe\u010dnost, speci\u00e1ln\u011b navr\u017een\u00fd pro pomoc v situac\u00edch SOS.","breadcrumb":{"@id":"https:\/\/oceansignal.com\/cs\/products\/rescueme-mob2\/#breadcrumb"},"inLanguage":"cs","potentialAction":[{"@type":"ReadAction","target":["https:\/\/oceansignal.com\/cs\/products\/rescueme-mob2\/"]}]},{"@type":"ImageObject","inLanguage":"cs","@id":"https:\/\/oceansignal.com\/cs\/products\/rescueme-mob2\/#primaryimage","url":"https:\/\/oceansignal.com\/wp-content\/uploads\/2024\/07\/MOB2-22-07-24-A_Web.png","contentUrl":"https:\/\/oceansignal.com\/wp-content\/uploads\/2024\/07\/MOB2-22-07-24-A_Web.png","width":900,"height":807,"caption":"Ocean Signal rescueME Osobn\u00ed loka\u010dn\u00ed za\u0159\u00edzen\u00ed MOB2 AIS t\u0159\u00eddy M Schv\u00e1leno"},{"@type":"BreadcrumbList","@id":"https:\/\/oceansignal.com\/cs\/products\/rescueme-mob2\/#breadcrumb","itemListElement":[{"@type":"ListItem","position":1,"name":"Produkty","item":"https:\/\/oceansignal.com\/cs\/produkty\/"},{"@type":"ListItem","position":2,"name":"rescueME MOB2"}]},{"@type":"WebSite","@id":"https:\/\/oceansignal.com\/cs\/#website","url":"https:\/\/oceansignal.com\/cs\/","name":"Ocean Signal","description":"A leading manufacturer of EPIRBs, AIS, SARTs, Personal Locator Beacons, Man Overboard Beacon for the Marine and Outdoor Markets.","potentialAction":[{"@type":"SearchAction","target":{"@type":"EntryPoint","urlTemplate":"https:\/\/oceansignal.com\/cs\/?s={search_term_string}"},"query-input":{"@type":"PropertyValueSpecification","valueRequired":true,"valueName":"search_term_string"}}],"inLanguage":"cs"}]}},"_links":{"self":[{"href":"https:\/\/oceansignal.com\/cs\/wp-json\/wp\/v2\/product\/7800","targetHints":{"allow":["GET"]}}],"collection":[{"href":"https:\/\/oceansignal.com\/cs\/wp-json\/wp\/v2\/product"}],"about":[{"href":"https:\/\/oceansignal.com\/cs\/wp-json\/wp\/v2\/types\/product"}],"wp:featuredmedia":[{"embeddable":true,"href":"https:\/\/oceansignal.com\/cs\/wp-json\/wp\/v2\/media\/23808"}],"wp:attachment":[{"href":"https:\/\/oceansignal.com\/cs\/wp-json\/wp\/v2\/media?parent=7800"}],"wp:term":[{"taxonomy":"product_brand","embeddable":true,"href":"https:\/\/oceansignal.com\/cs\/wp-json\/wp\/v2\/product_brand?post=7800"},{"taxonomy":"product_cat","embeddable":true,"href":"https:\/\/oceansignal.com\/cs\/wp-json\/wp\/v2\/product_cat?post=7800"},{"taxonomy":"product_tag","embeddable":true,"href":"https:\/\/oceansignal.com\/cs\/wp-json\/wp\/v2\/product_tag?post=7800"}],"curies":[{"name":"wp","href":"https:\/\/api.w.org\/{rel}","templated":true}]}}