{"id":7809,"date":"2023-09-07T14:40:28","date_gmt":"2023-09-07T14:40:28","guid":{"rendered":"https:\/\/oceansignal.com\/products\/rescueme-mob1\/"},"modified":"2025-09-23T14:58:41","modified_gmt":"2025-09-23T14:58:41","slug":"rescueme-mob1","status":"publish","type":"product","link":"https:\/\/oceansignal.com\/cs\/products\/rescueme-mob1\/","title":{"rendered":"rescueME MOB1"},"content":{"rendered":"<p>Nejv\u011bt\u0161\u00ed \u0161ance na rychlou z\u00e1chranu, pokud spadnete p\u0159es palubu, poch\u00e1z\u00ed z va\u0161eho vlastn\u00edho plavidla. Va\u0161e pos\u00e1dka mus\u00ed b\u00fdt okam\u017eit\u011b informov\u00e1na o incidentu a sledovat va\u0161i polohu, zat\u00edmco prob\u00edh\u00e1 zotavov\u00e1n\u00ed. Dokonce i na t\u011bch nejm\u00edrn\u011bj\u0161\u00edch mo\u0159\u00edch je alarmuj\u00edc\u00ed, jak rychle se m\u016f\u017ee ztratit vizu\u00e1ln\u00ed vid\u011bn\u00ed \u010dlov\u011bka p\u0159es palubu.  <\/p>\n<p>Jakmile je v\u00e1\u0161 MOB1 aktivov\u00e1n, ode\u0161le v\u00fdstrahu v\u0161em p\u0159ij\u00edma\u010d\u016fm AIS a plotr\u016fm s podporou AIS v okol\u00ed. Integrovan\u00e1 GPS zaji\u0161\u0165uje, \u017ee je va\u0161emu plavidlu a v\u0161em ostatn\u00edm, kte\u0159\u00ed mohou pom\u00e1hat, odesl\u00e1na p\u0159esn\u00e1 poloha. <\/p>\n<p>Dal\u0161\u00ed funkc\u00ed MOB1 je jeho schopnost aktivovat DSC alarm na va\u0161ich plavidlech VHF, kter\u00fd upozorn\u00ed va\u0161i pos\u00e1dku na situaci.<\/p>\n<p>Chcete se dozv\u011bd\u011bt o nejnov\u011bj\u0161\u00edch po\u017eadavc\u00edch t\u0159\u00eddy M pro AIS MOB ?  <a href=\"https:\/\/oceansignal.com\/cs\/news\/pochopeni-dopadu-regulace-ais-tridy-m-na-mob\/\">Klikn\u011bte zde<\/a><\/p>\n<p>Ocean Signal rescueME MOB1 je \u017eivotn\u011b d\u016fle\u017eitou sou\u010d\u00e1st\u00ed ka\u017ed\u00e9 n\u00e1mo\u0159n\u00ed bezpe\u010dnostn\u00ed sady, kter\u00e1 byla navr\u017eena tak, aby poskytovala rychlou reakci v p\u0159\u00edpad\u011b nouze \u010dlov\u011bka p\u0159es palubu. Kompaktn\u00ed a lehk\u00fd, tento maj\u00e1k se bez probl\u00e9m\u016f integruje se z\u00e1chrann\u00fdmi vestami a zaji\u0161\u0165uje automatickou aktivaci po pono\u0159en\u00ed do vody. Pomoc\u00ed technologie AIS vys\u00edl\u00e1 va\u0161i p\u0159esnou polohu bl\u00edzk\u00fdm plavidl\u016fm a palubn\u00edm naviga\u010dn\u00edm syst\u00e9m\u016fm, co\u017e usnad\u0148uje rychl\u00e9 a efektivn\u00ed z\u00e1chrann\u00e9 operace. D\u00edky sv\u00e9 robustn\u00ed konstrukci, baterii s dlouhou v\u00fddr\u017e\u00ed a jednoduch\u00e9mu nasazen\u00ed nab\u00edz\u00ed rescueME MOB1 klid pro n\u00e1mo\u0159n\u00edky a jachta\u0159e, zvy\u0161uje bezpe\u010dnost na vod\u011b a potenci\u00e1ln\u011b zachra\u0148uje \u017eivoty v kritick\u00fdch situac\u00edch.   <\/p>\n<p>P\u0159edstavujeme nejmen\u0161\u00ed AIS MOB za\u0159\u00edzen\u00ed na sv\u011bt\u011b s integrovan\u00fdm DSC \u2013 rescueME MOB1 od Ocean Signal . MOB1 je kompatibiln\u00ed i s t\u011bmi nejkompaktn\u011bj\u0161\u00edmi nafukovac\u00edmi z\u00e1chrann\u00fdmi vestami.* MOB1 je ur\u010den k instalaci do z\u00e1chrann\u00e9 vesty* a automaticky se aktivuje p\u0159i nafouknut\u00ed a ode\u0161le prvn\u00ed upozorn\u011bn\u00ed do 15 sekund. MOB1 je vodot\u011bsn\u00fd do 10 metr\u016f.<\/p>\n<p>MOB1 <a href=\"https:\/\/www.youtube.com\/watch?v=WH4S8yhDAuo\">komunikuje<\/a> s plavidlem, od kter\u00e9ho jste byli odd\u011bleni, a dal\u0161\u00edmi plavidly v okol\u00ed (dosah a\u017e 5 mil v z\u00e1vislosti na podm\u00ednk\u00e1ch). Aby upozornil z\u00e1chrann\u00e9 org\u00e1ny, alternativn\u00ed produkt, rescueME PLB1 komunikuje p\u0159\u00edmo p\u0159es vyhrazenou vyhled\u00e1vac\u00ed a z\u00e1chrannou satelitn\u00ed s\u00ed\u0165. V p\u0159\u00edpad\u011b rescueME poskytuje MOB1 2 zp\u016fsoby rychl\u00e9ho sd\u011blen\u00ed va\u0161\u00ed polohy s p\u0159esnost\u00ed na n\u011bkolik metr\u016f zp\u011bt do plavidla a nav\u00edc poskytuje vizu\u00e1ln\u00ed indikaci prost\u0159ednictv\u00edm vestav\u011bn\u00e9ho stroboskopick\u00e9ho sv\u011btla. Integrovan\u00e9 stroboskopick\u00e9 sv\u011btlo zaji\u0161\u0165uje maxim\u00e1ln\u00ed viditelnost za \u0161patn\u00fdch sv\u011bteln\u00fdch podm\u00ednek.   <\/p>\n<p><a href=\"https:\/\/oceansignal.com\/cs\/news\/pochopeni-dopadu-regulace-ais-tridy-m-na-mob\/\">P\u0159e\u010dt\u011bte si o nadch\u00e1zej\u00edc\u00edch p\u0159edpisech MOB : T\u0159\u00edda M AIS<\/a><\/p>\n<p>Hrd\u011b <a href=\"https:\/\/oceansignal.com\/cs\/news\/ocean-signal-ztrojnasobuje-velikost-tovarnich-zarizeni-aby-uspokojil-vyrobni-pozadavky\/\">vyrobeno ve Spojen\u00e9m kr\u00e1lovstv\u00ed<\/a><\/p>\n<p><strong>Rysy:<\/strong><\/p>\n<p>&nbsp;<\/p>\n<ul>\n<li>AIS (automatick\u00fd identifika\u010dn\u00ed syst\u00e9m)<\/li>\n<li>Integrovan\u00fd vys\u00edla\u010d DSC (digit\u00e1ln\u00ed selektivn\u00ed vol\u00e1n\u00ed)*<\/li>\n<li>O 30 % (typ) men\u0161\u00ed ne\u017e konkurence<\/li>\n<li>Automatick\u00e1 aktivace<\/li>\n<li>Jednoduch\u00e1 integrace z\u00e1chrann\u00e9 vesty**<\/li>\n<li>V\u00fddr\u017e baterie 7 let<\/li>\n<li>Provozn\u00ed \u017eivotnost 24+ hodin<\/li>\n<li>Z\u00e1ruka 5 let\u2020<\/li>\n<li>Rychl\u00e9 a p\u0159esn\u00e9 polohov\u00e1n\u00ed<\/li>\n<\/ul>\n<p>&nbsp;<\/p>\n<p><em><strong>Kompatibilita:<\/strong> V\u011bt\u0161ina modern\u00edch plotr\u016f AIS a DSC VHF vyhovuje standard\u016fm po\u017eadovan\u00fdm pro p\u0159\u00edjem vys\u00edl\u00e1n\u00ed MOB . Doporu\u010duje se v\u0161ak, zvl\u00e1\u0161t\u011b pokud pou\u017e\u00edv\u00e1te star\u0161\u00ed za\u0159\u00edzen\u00ed, ov\u011b\u0159it si kompatibilitu u v\u00fdrobce za\u0159\u00edzen\u00ed. Dal\u0161\u00ed informace naleznete v nej\u010dast\u011bj\u0161\u00edch dotazech n\u00ed\u017ee.<br \/>\n<\/em><\/p>\n<p>&nbsp;<\/p>\n<p>MOB1 m\u016f\u017ee u\u017eivatel nakonfigurovat tak, aby zadal \u010d\u00edslo DSC MMSI* plavidla sta\u017een\u00edm softwaru na n\u00ed\u017ee uveden\u00e9m odkazu. \u010c\u00edslo DSC plavidla lze naprogramovat v\u00edcekr\u00e1t. <\/p>\n<p>&nbsp;<\/p>\n<p><span style=\"color: #c22f00\">* Funkce DSC podl\u00e9h\u00e1 p\u0159edpis\u016fm zem\u011b.<\/span><br \/>\n<span style=\"color: #c22f00\"><em>** P\u0159ed instalac\u00ed tohoto produktu p\u0159\u00edmo do va\u0161\u00ed z\u00e1chrann\u00e9 vesty se v\u017edy obra\u0165te na v\u00fdrobce pro konkr\u00e9tn\u00ed pokyny.<\/em><\/span><br \/>\n<span style=\"color: #c22f00\">\u2020 Podl\u00e9h\u00e1 prohl\u00e1\u0161en\u00ed o z\u00e1ruce. ( <em>Pozn\u00e1mka: P\u0159i pou\u017eit\u00ed v komer\u010dn\u00edch aplikac\u00edch je z\u00e1ru\u010dn\u00ed doba omezena na dva roky.<\/em> )<\/span><\/p>\n","protected":false},"excerpt":{"rendered":"<p>Nejmen\u0161\u00ed AIS MOB za\u0159\u00edzen\u00ed na sv\u011bt\u011b s integrovan\u00fdm DSC.<\/p>\n<ul>\n<li>AIS (automatick\u00fd identifika\u010dn\u00ed syst\u00e9m)<\/li>\n<li>Integrovan\u00fd vys\u00edla\u010d DSC (digit\u00e1ln\u00ed selektivn\u00ed vol\u00e1n\u00ed)*<\/li>\n<li>O 30 % (typ) men\u0161\u00ed ne\u017e konkurence<\/li>\n<li>Automatick\u00e1 aktivace<\/li>\n<li>Jednoduch\u00e1 integrace z\u00e1chrann\u00e9 vesty**<\/li>\n<li>V\u00fddr\u017e baterie 7 let<\/li>\n<li>Provozn\u00ed \u017eivotnost 24+ hodin<\/li>\n<li>Z\u00e1ruka 5 let\u2020<\/li>\n<li>Rychl\u00e9 a p\u0159esn\u00e9 polohov\u00e1n\u00ed<\/li>\n<\/ul>\n<p><img loading=\"lazy\" decoding=\"async\" class=\"alignnone size-medium wp-image-609\" src=\"http:\/\/oceansignal.com\/wp-content\/uploads\/2023\/09\/MT_Dame-logo_nominated_RGB-small-300x70.jpg\" alt=\"\" width=\"300\" height=\"70\" srcset=\"https:\/\/oceansignal.com\/wp-content\/uploads\/2023\/09\/MT_Dame-logo_nominated_RGB-small-300x70.jpg 300w, https:\/\/oceansignal.com\/wp-content\/uploads\/2023\/09\/MT_Dame-logo_nominated_RGB-small.jpg 323w\" sizes=\"auto, (max-width: 300px) 100vw, 300px\" \/><\/p>\n<p>Nach\u00e1z\u00ed se ve Spojen\u00e9m kr\u00e1lovstv\u00ed nebo v EU?  <a href=\"https:\/\/oceansignal.com\/cs\/products\/rescueme-mob2\/\">Pod\u00edvejte se na nov\u00fd Ocean Signal MOB2 z roku 2025.<\/a><\/p>\n<p><a href=\"https:\/\/www.dropbox.com\/s\/8343nj28z0d7bxa\/Prop%2065%20-%20BPA.pdf?dl=0\">UPOZORN\u011aN\u00cd: PROP 65<\/a><\/p>\n","protected":false},"featured_media":19219,"template":"","meta":{"_acf_changed":false,"om_disable_all_campaigns":false},"product_brand":[],"product_cat":[1076,475],"product_tag":[523,526,1077],"class_list":{"0":"post-7809","1":"product","2":"type-product","3":"status-publish","4":"has-post-thumbnail","6":"product_cat-muz-pres-palubu","7":"product_cat-rescueme-cs-2","8":"product_tag-ais-mob-cs","9":"product_tag-dav","10":"product_tag-muz-pres-palubu","12":"first","13":"instock","14":"taxable","15":"shipping-taxable","16":"purchasable","17":"product-type-simple"},"acf":[],"yoast_head":"<!-- This site is optimized with the Yoast SEO Premium plugin v25.2 (Yoast SEO v26.4) - https:\/\/yoast.com\/wordpress\/plugins\/seo\/ -->\n<title>rescueME MOB1 - Ocean Signal<\/title>\n<meta name=\"description\" content=\"Ocean Signal rescueME MOB1 AIS Man Overboard Beacon je dokonal\u00fdm \u0159e\u0161en\u00edm pro n\u00e1mo\u0159n\u00ed bezpe\u010dnost, speci\u00e1ln\u011b navr\u017een\u00fd pro pomoc v situac\u00edch SOS.\" \/>\n<meta name=\"robots\" content=\"index, follow, max-snippet:-1, max-image-preview:large, max-video-preview:-1\" \/>\n<link rel=\"canonical\" href=\"https:\/\/oceansignal.com\/cs\/products\/rescueme-mob1\/\" \/>\n<meta property=\"og:locale\" content=\"cs_CZ\" \/>\n<meta property=\"og:type\" content=\"article\" \/>\n<meta property=\"og:title\" content=\"rescueME MOB1\" \/>\n<meta property=\"og:description\" content=\"Ocean Signal rescueME MOB1 AIS Man Overboard Beacon je dokonal\u00fdm \u0159e\u0161en\u00edm pro n\u00e1mo\u0159n\u00ed bezpe\u010dnost, speci\u00e1ln\u011b navr\u017een\u00fd pro pomoc v situac\u00edch SOS.\" \/>\n<meta property=\"og:url\" content=\"https:\/\/oceansignal.com\/cs\/products\/rescueme-mob1\/\" \/>\n<meta property=\"og:site_name\" content=\"Ocean Signal\" \/>\n<meta property=\"article:modified_time\" content=\"2025-09-23T14:58:41+00:00\" \/>\n<meta property=\"og:image\" content=\"https:\/\/oceansignal.com\/wp-content\/uploads\/2023\/09\/MOB1-square-1.jpg\" \/>\n\t<meta property=\"og:image:width\" content=\"1000\" \/>\n\t<meta property=\"og:image:height\" content=\"1000\" \/>\n\t<meta property=\"og:image:type\" content=\"image\/jpeg\" \/>\n<meta name=\"twitter:card\" content=\"summary_large_image\" \/>\n<meta name=\"twitter:label1\" content=\"Odhadovan\u00e1 doba \u010dten\u00ed\" \/>\n\t<meta name=\"twitter:data1\" content=\"4 minuty\" \/>\n<script type=\"application\/ld+json\" class=\"yoast-schema-graph\">{\"@context\":\"https:\/\/schema.org\",\"@graph\":[{\"@type\":\"WebPage\",\"@id\":\"https:\/\/oceansignal.com\/cs\/products\/rescueme-mob1\/\",\"url\":\"https:\/\/oceansignal.com\/cs\/products\/rescueme-mob1\/\",\"name\":\"rescueME MOB1 - Ocean Signal\",\"isPartOf\":{\"@id\":\"https:\/\/oceansignal.com\/cs\/#website\"},\"primaryImageOfPage\":{\"@id\":\"https:\/\/oceansignal.com\/cs\/products\/rescueme-mob1\/#primaryimage\"},\"image\":{\"@id\":\"https:\/\/oceansignal.com\/cs\/products\/rescueme-mob1\/#primaryimage\"},\"thumbnailUrl\":\"https:\/\/oceansignal.com\/wp-content\/uploads\/2023\/09\/MOB1-square-1.jpg\",\"datePublished\":\"2023-09-07T14:40:28+00:00\",\"dateModified\":\"2025-09-23T14:58:41+00:00\",\"description\":\"Ocean Signal rescueME MOB1 AIS Man Overboard Beacon je dokonal\u00fdm \u0159e\u0161en\u00edm pro n\u00e1mo\u0159n\u00ed bezpe\u010dnost, speci\u00e1ln\u011b navr\u017een\u00fd pro pomoc v situac\u00edch SOS.\",\"breadcrumb\":{\"@id\":\"https:\/\/oceansignal.com\/cs\/products\/rescueme-mob1\/#breadcrumb\"},\"inLanguage\":\"cs\",\"potentialAction\":[{\"@type\":\"ReadAction\",\"target\":[\"https:\/\/oceansignal.com\/cs\/products\/rescueme-mob1\/\"]}]},{\"@type\":\"ImageObject\",\"inLanguage\":\"cs\",\"@id\":\"https:\/\/oceansignal.com\/cs\/products\/rescueme-mob1\/#primaryimage\",\"url\":\"https:\/\/oceansignal.com\/wp-content\/uploads\/2023\/09\/MOB1-square-1.jpg\",\"contentUrl\":\"https:\/\/oceansignal.com\/wp-content\/uploads\/2023\/09\/MOB1-square-1.jpg\",\"width\":1000,\"height\":1000,\"caption\":\"Ocean Signal rescueME MOB1 AIS Man Overboard Beacon s DSC. Nejmen\u0161\u00ed MOB na sv\u011bt\u011b.\"},{\"@type\":\"BreadcrumbList\",\"@id\":\"https:\/\/oceansignal.com\/cs\/products\/rescueme-mob1\/#breadcrumb\",\"itemListElement\":[{\"@type\":\"ListItem\",\"position\":1,\"name\":\"Produkty\",\"item\":\"https:\/\/oceansignal.com\/cs\/produkty\/\"},{\"@type\":\"ListItem\",\"position\":2,\"name\":\"rescueME MOB1\"}]},{\"@type\":\"WebSite\",\"@id\":\"https:\/\/oceansignal.com\/cs\/#website\",\"url\":\"https:\/\/oceansignal.com\/cs\/\",\"name\":\"Ocean Signal\",\"description\":\"A leading manufacturer of EPIRBs, AIS, SARTs, Personal Locator Beacons, Man Overboard Beacon for the Marine and Outdoor Markets.\",\"potentialAction\":[{\"@type\":\"SearchAction\",\"target\":{\"@type\":\"EntryPoint\",\"urlTemplate\":\"https:\/\/oceansignal.com\/cs\/?s={search_term_string}\"},\"query-input\":{\"@type\":\"PropertyValueSpecification\",\"valueRequired\":true,\"valueName\":\"search_term_string\"}}],\"inLanguage\":\"cs\"}]}<\/script>\n<!-- \/ Yoast SEO Premium plugin. -->","yoast_head_json":{"title":"rescueME MOB1 - Ocean Signal","description":"Ocean Signal rescueME MOB1 AIS Man Overboard Beacon je dokonal\u00fdm \u0159e\u0161en\u00edm pro n\u00e1mo\u0159n\u00ed bezpe\u010dnost, speci\u00e1ln\u011b navr\u017een\u00fd pro pomoc v situac\u00edch SOS.","robots":{"index":"index","follow":"follow","max-snippet":"max-snippet:-1","max-image-preview":"max-image-preview:large","max-video-preview":"max-video-preview:-1"},"canonical":"https:\/\/oceansignal.com\/cs\/products\/rescueme-mob1\/","og_locale":"cs_CZ","og_type":"article","og_title":"rescueME MOB1","og_description":"Ocean Signal rescueME MOB1 AIS Man Overboard Beacon je dokonal\u00fdm \u0159e\u0161en\u00edm pro n\u00e1mo\u0159n\u00ed bezpe\u010dnost, speci\u00e1ln\u011b navr\u017een\u00fd pro pomoc v situac\u00edch SOS.","og_url":"https:\/\/oceansignal.com\/cs\/products\/rescueme-mob1\/","og_site_name":"Ocean Signal","article_modified_time":"2025-09-23T14:58:41+00:00","og_image":[{"width":1000,"height":1000,"url":"https:\/\/oceansignal.com\/wp-content\/uploads\/2023\/09\/MOB1-square-1.jpg","type":"image\/jpeg"}],"twitter_card":"summary_large_image","twitter_misc":{"Odhadovan\u00e1 doba \u010dten\u00ed":"4 minuty"},"schema":{"@context":"https:\/\/schema.org","@graph":[{"@type":"WebPage","@id":"https:\/\/oceansignal.com\/cs\/products\/rescueme-mob1\/","url":"https:\/\/oceansignal.com\/cs\/products\/rescueme-mob1\/","name":"rescueME MOB1 - Ocean Signal","isPartOf":{"@id":"https:\/\/oceansignal.com\/cs\/#website"},"primaryImageOfPage":{"@id":"https:\/\/oceansignal.com\/cs\/products\/rescueme-mob1\/#primaryimage"},"image":{"@id":"https:\/\/oceansignal.com\/cs\/products\/rescueme-mob1\/#primaryimage"},"thumbnailUrl":"https:\/\/oceansignal.com\/wp-content\/uploads\/2023\/09\/MOB1-square-1.jpg","datePublished":"2023-09-07T14:40:28+00:00","dateModified":"2025-09-23T14:58:41+00:00","description":"Ocean Signal rescueME MOB1 AIS Man Overboard Beacon je dokonal\u00fdm \u0159e\u0161en\u00edm pro n\u00e1mo\u0159n\u00ed bezpe\u010dnost, speci\u00e1ln\u011b navr\u017een\u00fd pro pomoc v situac\u00edch SOS.","breadcrumb":{"@id":"https:\/\/oceansignal.com\/cs\/products\/rescueme-mob1\/#breadcrumb"},"inLanguage":"cs","potentialAction":[{"@type":"ReadAction","target":["https:\/\/oceansignal.com\/cs\/products\/rescueme-mob1\/"]}]},{"@type":"ImageObject","inLanguage":"cs","@id":"https:\/\/oceansignal.com\/cs\/products\/rescueme-mob1\/#primaryimage","url":"https:\/\/oceansignal.com\/wp-content\/uploads\/2023\/09\/MOB1-square-1.jpg","contentUrl":"https:\/\/oceansignal.com\/wp-content\/uploads\/2023\/09\/MOB1-square-1.jpg","width":1000,"height":1000,"caption":"Ocean Signal rescueME MOB1 AIS Man Overboard Beacon s DSC. Nejmen\u0161\u00ed MOB na sv\u011bt\u011b."},{"@type":"BreadcrumbList","@id":"https:\/\/oceansignal.com\/cs\/products\/rescueme-mob1\/#breadcrumb","itemListElement":[{"@type":"ListItem","position":1,"name":"Produkty","item":"https:\/\/oceansignal.com\/cs\/produkty\/"},{"@type":"ListItem","position":2,"name":"rescueME MOB1"}]},{"@type":"WebSite","@id":"https:\/\/oceansignal.com\/cs\/#website","url":"https:\/\/oceansignal.com\/cs\/","name":"Ocean Signal","description":"A leading manufacturer of EPIRBs, AIS, SARTs, Personal Locator Beacons, Man Overboard Beacon for the Marine and Outdoor Markets.","potentialAction":[{"@type":"SearchAction","target":{"@type":"EntryPoint","urlTemplate":"https:\/\/oceansignal.com\/cs\/?s={search_term_string}"},"query-input":{"@type":"PropertyValueSpecification","valueRequired":true,"valueName":"search_term_string"}}],"inLanguage":"cs"}]}},"_links":{"self":[{"href":"https:\/\/oceansignal.com\/cs\/wp-json\/wp\/v2\/product\/7809","targetHints":{"allow":["GET"]}}],"collection":[{"href":"https:\/\/oceansignal.com\/cs\/wp-json\/wp\/v2\/product"}],"about":[{"href":"https:\/\/oceansignal.com\/cs\/wp-json\/wp\/v2\/types\/product"}],"wp:featuredmedia":[{"embeddable":true,"href":"https:\/\/oceansignal.com\/cs\/wp-json\/wp\/v2\/media\/19219"}],"wp:attachment":[{"href":"https:\/\/oceansignal.com\/cs\/wp-json\/wp\/v2\/media?parent=7809"}],"wp:term":[{"taxonomy":"product_brand","embeddable":true,"href":"https:\/\/oceansignal.com\/cs\/wp-json\/wp\/v2\/product_brand?post=7809"},{"taxonomy":"product_cat","embeddable":true,"href":"https:\/\/oceansignal.com\/cs\/wp-json\/wp\/v2\/product_cat?post=7809"},{"taxonomy":"product_tag","embeddable":true,"href":"https:\/\/oceansignal.com\/cs\/wp-json\/wp\/v2\/product_tag?post=7809"}],"curies":[{"name":"wp","href":"https:\/\/api.w.org\/{rel}","templated":true}]}}