{"id":7822,"date":"2023-03-27T07:28:36","date_gmt":"2023-03-27T07:28:36","guid":{"rendered":"https:\/\/oceansignal.com\/products\/rescueme-epirb3\/"},"modified":"2026-03-25T10:12:00","modified_gmt":"2026-03-25T10:12:00","slug":"rescueme-epirb3","status":"publish","type":"product","link":"https:\/\/oceansignal.com\/cs\/products\/rescueme-epirb3\/","title":{"rendered":"rescueME EPIRB3"},"content":{"rendered":"<p class=\"ai-optimize-38\"><a href=\"https:\/\/www.dropbox.com\/s\/8343nj28z0d7bxa\/Prop%2065%20-%20BPA.pdf?dl=0\" data-cke-saved-href=\"https:\/\/www.dropbox.com\/s\/8343nj28z0d7bxa\/Prop%2065%20-%20BPA.pdf?dl=0\">UPOZORN\u011aN\u00cd: PROP 65<\/a><\/p>\n<p class=\"ai-optimize-39\">Shrnut\u00ed:<\/p>\n<p class=\"ai-optimize-40\">Nov\u00fd Ocean Signal rescueME EPIRB3 je pln\u011b vybaven\u00fd 406 MHz glob\u00e1ln\u00ed GMDSS schv\u00e1len\u00fd nouzov\u00fd r\u00e1diomaj\u00e1k s indikac\u00ed polohy. Dod\u00e1v\u00e1 se s manu\u00e1ln\u00edm uvol\u0148ovac\u00edm dr\u017e\u00e1kem a v kompaktn\u00edm modern\u00edm designu, kter\u00fd zahrnuje i technologii AIS, v sob\u011b spojuje \u0159adu funkc\u00ed. AIS poskytuje m\u00edstn\u00edm z\u00e1chran\u00e1\u0159\u016fm p\u0159esn\u00e9 a spolehliv\u00e9 informace o aktu\u00e1ln\u00ed poloze maj\u00e1ku, \u010d\u00edm\u017e urychluje z\u00e1chrann\u00e9 operace. Slu\u017eba Return Link Service (RLS) nav\u00edc uklid\u0148uje ty, kte\u0159\u00ed maj\u00e1k aktivuj\u00ed, potvrzen\u00edm p\u0159ijet\u00ed jejich nouzov\u00e9 zpr\u00e1vy. D\u00edky funkci Near Field Communication (NFC) umo\u017e\u0148uje pou\u017eit\u00ed aplikace v chytr\u00e9m telefonu ke sledov\u00e1n\u00ed baterie EPIRB a dal\u0161\u00edch funkc\u00ed, kter\u00e9 zaji\u0161\u0165uj\u00ed jeho spr\u00e1vnou funk\u010dnost. D\u00edky sv\u00e9mu \u0161t\u00edhl\u00e9mu designu a pokro\u010dil\u00fdm funkc\u00edm je EPIRB3 ide\u00e1ln\u00ed pro \u0161irokou \u0161k\u00e1lu n\u00e1mo\u0159n\u00edk\u016f, a\u0165 u\u017e k\u0159i\u017euj\u00ed St\u0159edozemn\u00ed mo\u0159e, proplouvaj\u00ed pr\u016flivem, ryba\u0159\u00ed, pracuj\u00ed nebo se plav\u00ed na mo\u0159i.    <\/p>\n<p class=\"ai-optimize-41\">Popis:<\/p>\n<p class=\"ai-optimize-42\">Nov\u00fd EPIRB3 (Emergency Position Indicating Radio Beacon) od spole\u010dnosti Ocean Signal zvy\u0161uje spolehlivost a usnad\u0148uje z\u00e1chrann\u00e9 operace d\u00edky nov\u00fdm pokro\u010dil\u00fdm funkc\u00edm. Tento nov\u00fd EPIRB schv\u00e1len\u00fd GMDSS vys\u00edl\u00e1 digit\u00e1ln\u00ed hl\u00e1\u0161en\u00ed o nouzi na frekvenci 406 MHz, kter\u00e9 upozor\u0148uje z\u00e1chran\u00e1\u0159e na cel\u00e9m sv\u011bt\u011b prost\u0159ednictv\u00edm satelitu, a lok\u00e1ln\u011b vys\u00edl\u00e1 sign\u00e1ly VHF automatick\u00e9ho identifika\u010dn\u00edho syst\u00e9mu (AIS), kter\u00e9 z\u00e1chran\u00e1\u0159\u016fm pom\u00e1haj\u00ed rychleji naj\u00edt maj\u00e1k. Po aktivaci EPIRB3 vys\u00edl\u00e1 nouzov\u00fd sign\u00e1l do glob\u00e1ln\u00edho z\u00e1chrann\u00e9ho satelitn\u00edho syst\u00e9mu <a href=\"https:\/\/www.cospas-sarsat.int\/en\/\">Cospas-Sarsat<\/a> a sou\u010dasn\u011b odes\u00edl\u00e1 v\u00fdstrahu AIS na frekvenc\u00edch VHF, kterou m\u016f\u017ee okam\u017eit\u011b vid\u011bt jak\u00e9koli bl\u00edzk\u00e9 plavidlo vybaven\u00e9 AIS. Slu\u017eba zp\u011btn\u00e9ho spojen\u00ed (RLS) poskytuje u\u017eivateli vizu\u00e1ln\u00ed potvrzen\u00ed, \u017ee jeho nouzov\u00e1 zpr\u00e1va byla p\u0159ijata. Kombinace AIS, nav\u00e1d\u011bc\u00edho sign\u00e1lu 121,5 MHz a viditeln\u00fdch a infra\u010derven\u00fdch z\u00e1bleskov\u00fdch sv\u011btel zkracuje dobu z\u00e1chrany t\u00edm, \u017ee umo\u017e\u0148uje z\u00e1chran\u00e1\u0159\u016fm p\u0159esn\u011b ur\u010dit polohu maj\u00e1ku, i kdy\u017e se odch\u00fdlil od c\u00edle, bez ohledu na denn\u00ed nebo no\u010dn\u00ed dobu. Near Field Communication (NFC) je skv\u011bl\u00e1 nov\u00e1 funkce, kter\u00e1 u\u017eivatel\u016fm umo\u017e\u0148uje monitorovat EPIRB3 pomoc\u00ed bezplatn\u00e9 mobiln\u00ed aplikace pro chytr\u00e9 telefony a p\u0159ed cestou se ujistit, \u017ee m\u00e1 baterie dostatek energie a maj\u00e1k funguje spr\u00e1vn\u011b.     <\/p>\n<p>&nbsp;<\/p>\n<p class=\"ai-optimize-43\">Pokro\u010dil\u00e1 technologie pro n\u00e1mo\u0159n\u00ed bezpe\u010dnost a z\u00e1chranu od Ocean Signal v nov\u00e9m EPIRB3 s AIS kombinuje inovativn\u00ed nov\u00e9 funkce v kompaktn\u00edm, ergonomicky navr\u017een\u00e9m pouzd\u0159e, kter\u00e9 je ide\u00e1ln\u00ed pro v\u0161echny typy a velikosti rekrea\u010dn\u00edch a komer\u010dn\u00edch plavidel.<\/p>\n<p>&nbsp;<\/p>\n<p class=\"ai-optimize-44\"><strong>Doba z\u00e1chrany se m\u016f\u017ee zlep\u0161it glob\u00e1ln\u00ed aktivac\u00ed v kombinaci s vys\u00edl\u00e1n\u00edm m\u00edstn\u00edho sign\u00e1lu AIS.<\/strong><\/p>\n<p>&nbsp;<\/p>\n<p class=\"ai-optimize-45\">EPIRB3 vyu\u017e\u00edv\u00e1 k glob\u00e1ln\u00edmu ur\u010den\u00ed sv\u00e9 polohy pozi\u010dn\u00ed s\u00edt\u011b GNSS (GPS, Galileo, Glonass). Po aktivaci maj\u00e1ku se t\u00eds\u0148ov\u00fd p\u0159enos o frekvenci 406 MHz p\u0159enese na celosv\u011btovou p\u00e1trac\u00ed a z\u00e1chrannou satelitn\u00ed s\u00ed\u0165 <a href=\"https:\/\/www.cospas-sarsat.int\/en\/\">Cospas-Sarsat<\/a> , \u010d\u00edm\u017e se ode\u0161le tato poloha GPS EPIRB (GPIRB) s p\u0159esnost\u00ed na 100 metr\u016f. Pozemn\u00ed stanice p\u0159ipojen\u00e9 k satelitn\u00edmu syst\u00e9mu p\u0159ij\u00edmaj\u00ed identifikaci EPIRB a informace o poloze nasazen\u00ed, tak\u017ee lze koordinovat a zah\u00e1jit z\u00e1chrann\u00e9 operace. D\u00edky pokro\u010dil\u00e9 technologii AIS, kter\u00e1 je nyn\u00ed sou\u010d\u00e1st\u00ed EPIRB , za\u010dne maj\u00e1k ihned po aktivaci vys\u00edlat sign\u00e1ly AIS, tak\u017ee plavidla vybaven\u00e1 AIS v okol\u00ed jsou okam\u017eit\u011b informov\u00e1na o t\u00eds\u0148ov\u00e9 situaci a je jim sd\u011blena poloha maj\u00e1ku. Plavidla vybaven\u00e1 AIS v dosahu VHF uvid\u00ed na sv\u00fdch obrazovk\u00e1ch bezpe\u010dnostn\u00ed zpr\u00e1vu, kter\u00e1 obsahuje identifikaci plavidla MMSI. M\u00edstn\u00ed plavidla mohou okam\u017eit\u011b zah\u00e1jit z\u00e1chrann\u00e9 a z\u00e1chrann\u00e9 operace, co\u017e m\u016f\u017ee urychlit dobu z\u00e1chrany a zachr\u00e1nit \u017eivoty. Proto\u017ee se c\u00edl AIS zobrazuje na palubn\u00edm displeji jak\u00e9hokoli plavidla vybaven\u00e9ho AIS v okol\u00ed, mohou snadno navigovat p\u0159\u00edmo k EPIRB v\u00fdb\u011brem c\u00edle AIS. I kdy\u017e nejsou k dispozici \u017e\u00e1dn\u00e1 m\u00edstn\u00ed plavidla, AIS urychl\u00ed dobu z\u00e1chrany t\u00edm, \u017ee umo\u017en\u00ed oper\u00e1tor\u016fm n\u00e1mo\u0159n\u00edch p\u00e1trac\u00edch a z\u00e1chrann\u00fdch slu\u017eeb p\u0159esn\u011b ur\u010dit polohu EPIRB , jakmile se k nim p\u0159ibl\u00ed\u017e\u00ed. Kombinace glob\u00e1ln\u00edho satelitn\u00edho t\u00eds\u0148ov\u00e9ho vol\u00e1n\u00ed, p\u0159esn\u00e9ho p\u0159enosu polohy GPIRB a m\u00edstn\u00edch bezpe\u010dnostn\u00edch zpr\u00e1v AIS v\u00fdrazn\u011b zlep\u0161\u00ed dobu z\u00e1chrany a zlep\u0161\u00ed jej\u00ed \u00fasp\u011b\u0161nost.        <\/p>\n<p>&nbsp;<\/p>\n<p class=\"ai-optimize-46\"><strong>Near Field Communication (NFC) poskytuje diagnostiku EPIRB pomoc\u00ed chytr\u00e9ho telefonu.<\/strong><\/p>\n<p>&nbsp;<\/p>\n<p class=\"ai-optimize-47\">U\u017eivatel\u00e9 nouzov\u00fdch r\u00e1diomaj\u00e1k\u016f s indikac\u00ed polohy nyn\u00ed mohou zkontrolovat sv\u016fj EPIRB p\u0159ipojen\u00edm sv\u00e9ho chytr\u00e9ho telefonu pomoc\u00ed <a href=\"https:\/\/www.youtube.com\/watch?v=MRXLii6r3n4&amp;t=10s\">NFC (Near Field Communication)<\/a> . Tato technologie propojuje chytr\u00fd telefon um\u00edst\u011bn\u00fd vedle EPIRB3 automatick\u00fdm spu\u0161t\u011bn\u00edm bezplatn\u00e9 aplikace Ocean Signal Product App. V aplikaci je k dispozici kompletn\u00ed diagnostika, kter\u00e1 u\u017eivateli zobrazuje aktu\u00e1ln\u00ed v\u00fddr\u017e baterie, po\u010det dokon\u010den\u00fdch autotest\u016f, po\u010det dokon\u010den\u00fdch test\u016f GNSS a dobu, po kterou je EPIRB aktivov\u00e1n. Zobrazuj\u00ed se podrobn\u00e9 informace v\u010detn\u011b mapy, kter\u00e1 ukazuje, kde byl test GNSS proveden, datum a \u010das testu, doba, kterou EPIRB trvalo z\u00edskat fix na sou\u0159adnic\u00edch GNSS, po\u010det satelit\u016f pou\u017eit\u00fdch k z\u00edsk\u00e1n\u00ed fixu a p\u0159esnost fixu. Bezplatn\u00e1 mobiln\u00ed aplikace Ocean Signal a funkce NFC poskytuj\u00ed u\u017eivatel\u016fm v\u0161echny informace, kter\u00e9 pot\u0159ebuj\u00ed k ov\u011b\u0159en\u00ed, zda je jejich EPIRB pln\u011b funk\u010dn\u00ed a p\u0159ipraven k nasazen\u00ed v p\u0159\u00edpad\u011b nouze.    <\/p>\n<p>&nbsp;<\/p>\n<p class=\"ai-optimize-48\"><strong>Slu\u017eba Convenient Return Link Service (RLS) informuje u\u017eivatele, \u017ee jejich t\u00eds\u0148ov\u00e9 vol\u00e1n\u00ed bylo p\u0159ijato.<\/strong><\/p>\n<p>&nbsp;<\/p>\n<p class=\"ai-optimize-49\">EPIRB se nasazuj\u00ed v nouzi a z\u00e1chrann\u00e9 operace mohou trvat dlouho, zejm\u00e9na pokud se plavidlo v nouzi nach\u00e1z\u00ed daleko od pob\u0159e\u017e\u00ed. EPIRB3 je vybaven slu\u017ebou zp\u011btn\u00e9ho spojen\u00ed (RTS), kter\u00e1 upozorn\u00ed u\u017eivatele, \u017ee byl doru\u010den nouzov\u00fd sign\u00e1l z maj\u00e1ku. Sign\u00e1l RLS je odes\u00edl\u00e1n zp\u011bt prost\u0159ednictv\u00edm <a href=\"https:\/\/www.euspa.europa.eu\/european-space\/galileo\/services\/search-and-rescue-sar-galileo-service\">satelitn\u00ed s\u00edt\u011b Galileo<\/a> , aby se potvrdilo, \u017ee byla p\u0159ijata nouzov\u00e1 zpr\u00e1va spolu s p\u0159esnou polohou EPIRB a identifik\u00e1tory. Jednoduch\u00e9 blikaj\u00edc\u00ed modr\u00e9 sv\u011btlo informuje u\u017eivatele, \u017ee se EPIRB \u00fasp\u011b\u0161n\u011b p\u0159ipojil prost\u0159ednictv\u00edm satelitn\u00ed s\u00edt\u011b a z\u00e1chran\u00e1\u0159i budou informov\u00e1ni. V\u011bdom\u00ed, \u017ee digit\u00e1ln\u00ed hl\u00e1\u0161en\u00ed o nouzi bylo \u00fasp\u011b\u0161n\u011b odesl\u00e1no spolu s identifikac\u00ed EPIRB a polohou maj\u00e1ku, pom\u00e1h\u00e1 osob\u00e1m v nouzi z\u016fstat klidn\u00e9, zat\u00edmco \u010dekaj\u00ed na z\u00e1chrann\u00e9 operace.    <\/p>\n<p>&nbsp;<\/p>\n<p class=\"ai-optimize-50\"><strong>Mont\u00e1\u017en\u00ed dr\u017e\u00e1k<\/strong><\/p>\n<p>&nbsp;<\/p>\n<p class=\"ai-optimize-51\">EPIRB3 je dod\u00e1v\u00e1n s mont\u00e1\u017en\u00edm dr\u017e\u00e1kem pro ru\u010dn\u00ed uvoln\u011bn\u00ed kategorie dva. Tento dr\u017e\u00e1k bezpe\u010dn\u011b uchov\u00e1v\u00e1 EPIRB3 po celou dobu va\u0161\u00ed cesty bez ohledu na podm\u00ednky, kter\u00e9 se b\u011bhem n\u00ed vyskytnou. Umo\u017e\u0148uje tak\u00e9 rychl\u00e9 uvoln\u011bn\u00ed, tak\u017ee EPIRB lze v p\u0159\u00edpad\u011b pot\u0159eby rychle a snadno vyjmout.  <\/p>\n<p>&nbsp;<\/p>\n<p class=\"ai-optimize-52\">Ocean Signal vyu\u017e\u00edv\u00e1 pokro\u010dil\u00e9 technologie a kvalitn\u00ed v\u00fdrobn\u00ed procesy k v\u00fdvoji a v\u00fdrob\u011b kvalitn\u00edch elektronick\u00fdch z\u00e1chrann\u00fdch za\u0159\u00edzen\u00ed a dal\u0161\u00edch produkt\u016f pro z\u00e1chranu \u017eivota. Nov\u00fd EPIRB3 se sv\u00fdm tvarovan\u00fdm profilem je vhodn\u00fd jak pro plachetnice, tak pro motorov\u00e9 \u010dluny. Rekrea\u010dn\u00ed i komer\u010dn\u00ed u\u017eivatel\u00e9 si mohou b\u00fdt jisti, \u017ee funkce tohoto nov\u00e9ho nouzov\u00e9ho r\u00e1diomaj\u00e1ku s indikac\u00ed polohy poskytuj\u00ed nejvy\u0161\u0161\u00ed \u0161anci na efektivn\u00ed a \u00fasp\u011b\u0161nou z\u00e1chranu bez ohledu na to, kam se vydaj\u00ed. \u0158ada high-tech funkc\u00ed v EPIRB3 v kombinaci s jedine\u010dn\u00fdm designem umo\u017e\u0148uje jeho efektivn\u00ed pou\u017eit\u00ed na v\u0161ech typech plavidel, a\u0165 u\u017e pracuj\u00ed nebo se v\u011bnuj\u00ed rekreaci pobl\u00ed\u017e pob\u0159e\u017e\u00ed, na mo\u0159i nebo cestuj\u00ed po cel\u00e9m sv\u011bt\u011b.   <\/p>\n<p class=\"ai-optimize-53\">Pro verzi kategorie 1 s voln\u00fdm plov\u00e1kem: <a href=\"https:\/\/oceansignal.com\/products\/safesea-epirb3-pro\/\">safeSEA EPIRB3 Pro<\/a><\/p>\n<p class=\"ai-optimize-54\"><strong>Rysy:<\/strong><\/p>\n<p>&nbsp;<\/p>\n<ul>\n<li class=\"ai-optimize-55\">O 30 % (typ) men\u0161\u00ed<\/li>\n<li class=\"ai-optimize-56\">T\u00eds\u0148ov\u00e9 upozorn\u011bn\u00ed AIS<\/li>\n<li class=\"ai-optimize-57\">Slu\u017eba zp\u011btn\u00e9ho odkazu (RLS)<\/li>\n<li class=\"ai-optimize-58\">Mobiln\u00ed konektivita vyu\u017e\u00edvaj\u00edc\u00ed technologii NFC (Near Field Communication)<\/li>\n<li class=\"ai-optimize-59\">Bezplatn\u00e1 aplikace (Apple &amp; Android)<\/li>\n<li class=\"ai-optimize-60\">\u017divotnost baterie 10 let<\/li>\n<li class=\"ai-optimize-61\">Provozn\u00ed \u017eivotnost 48+ hodin<\/li>\n<li class=\"ai-optimize-62\">2let\u00e1 z\u00e1ruka (m\u016f\u017ee prodlou\u017eit z\u00e1ruku na 5 let registrac\u00ed produktu u Ocean Signal )<\/li>\n<li class=\"ai-optimize-63\">Rychl\u00e9 a p\u0159esn\u00e9 ur\u010dov\u00e1n\u00ed polohy se 72kan\u00e1lov\u00fdm GPS<\/li>\n<li class=\"ai-optimize-64\">V\u00fdsuvn\u00e1 ant\u00e9na<\/li>\n<li class=\"ai-optimize-65\">Rychloup\u00ednac\u00ed dr\u017e\u00e1k<\/li>\n<li class=\"ai-optimize-66\">Bezpe\u010dn\u00e1 \u0161\u0148\u016frka na krk<\/li>\n<\/ul>\n<p>&nbsp;<\/p>\n","protected":false},"excerpt":{"rendered":"<p class=\"ai-optimize-14\" data-start=\"318\" data-end=\"494\">RescueME EPIRB3 kombinuje glob\u00e1ln\u00ed z\u00e1chrann\u00e9 pokryt\u00ed a m\u00e1 vestav\u011bn\u00fd AIS pro inteligentn\u00ed funkce lok\u00e1ln\u00ed z\u00e1chrany v jedn\u00e9 kompaktn\u00ed jednotce.<\/p>\n<ul>\n<li class=\"ai-optimize-15\" style=\"list-style-type: none;\">\n<ul data-start=\"496\" data-end=\"1135\">\n<li class=\"ai-optimize-16\" data-start=\"496\" data-end=\"748\">\n<p class=\"ai-optimize-17\" data-start=\"498\" data-end=\"748\"><strong data-start=\"498\" data-end=\"544\">Glob\u00e1ln\u00ed p\u0159ipojen\u00ed k p\u00e1tr\u00e1n\u00ed a z\u00e1chran\u011b p\u0159es Cospas-Sarsat:<\/strong> Odes\u00edl\u00e1 v\u00e1\u0161 t\u00eds\u0148ov\u00fd sign\u00e1l na frekvenci 406 MHz p\u0159\u00edmo mezin\u00e1rodn\u00edm p\u00e1trac\u00edm a z\u00e1chrann\u00fdm slu\u017eb\u00e1m \u2013 zaji\u0161\u0165uje tak <strong data-start=\"678\" data-end=\"725\">zaru\u010denou,<\/strong> vl\u00e1dou koordinovanou reakci kdekoli na sv\u011bt\u011b, 24 hodin denn\u011b, 7 dn\u00ed v t\u00fddnu, 365 dn\u00ed v roce.<\/p>\n<\/li>\n<li class=\"ai-optimize-18\" data-start=\"749\" data-end=\"929\">\n<p class=\"ai-optimize-19\" data-start=\"751\" data-end=\"929\"><strong data-start=\"751\" data-end=\"787\">Slu\u017eba zp\u011btn\u00e9ho spojen\u00ed (RLS) + AIS:<\/strong> Potvrzuje p\u0159\u00edjem sign\u00e1lu vizu\u00e1ln\u00edm modr\u00fdm sv\u011btlem, zat\u00edmco AIS vys\u00edl\u00e1 va\u0161i polohu bl\u00edzk\u00fdm plavidl\u016fm pro <strong data-start=\"905\" data-end=\"928\">dvouvrstvou z\u00e1chranu<\/strong> .<\/p>\n<\/li>\n<li class=\"ai-optimize-20\" data-start=\"930\" data-end=\"1135\">\n<p class=\"ai-optimize-21\" data-start=\"932\" data-end=\"1135\"><strong data-start=\"932\" data-end=\"968\">Spolehliv\u00fd v\u00fdkon s dlouhou \u017eivotnost\u00ed:<\/strong> Je vybaven vysoce p\u0159esn\u00fdm p\u0159ij\u00edma\u010dem GNSS, v\u00fddr\u017e\u00ed baterie p\u0159es 48 hodin po aktivaci a pln\u011b vyhovuje po\u017eadavk\u016fm <strong data-start=\"1091\" data-end=\"1098\">IMO<\/strong> a <strong data-start=\"1103\" data-end=\"1112\">SOLAS<\/strong> na p\u0159epravu.<\/p>\n<\/li>\n<li class=\"ai-optimize-22\" data-start=\"930\" data-end=\"1135\"><strong>\u017d\u00e1dn\u00e9 poplatky za p\u0159edplatn\u00e9<\/strong> .<\/li>\n<\/ul>\n<\/li>\n<\/ul>\n","protected":false},"featured_media":12413,"template":"","meta":{"_acf_changed":false,"om_disable_all_campaigns":false},"product_brand":[],"product_cat":[694,475],"product_tag":[525,696,699,697,698],"class_list":{"0":"post-7822","1":"product","2":"type-product","3":"status-publish","4":"has-post-thumbnail","6":"product_cat-epirb-cs","7":"product_cat-rescueme-cs-2","8":"product_tag-ais-cs","9":"product_tag-epirb-cs","10":"product_tag-epirb3-cs","11":"product_tag-nfc-cs","12":"product_tag-rls-cs","14":"first","15":"instock","16":"taxable","17":"shipping-taxable","18":"purchasable","19":"product-type-simple"},"acf":[],"yoast_head":"<!-- This site is optimized with the Yoast SEO Premium plugin v25.2 (Yoast SEO v26.4) - https:\/\/yoast.com\/wordpress\/plugins\/seo\/ -->\n<title>rescueME EPIRB3 - Ocean Signal<\/title>\n<meta name=\"description\" content=\"Z\u016fsta\u0148te v bezpe\u010d\u00ed na mo\u0159i s rescueME EPIRB3 : Tento nouzov\u00fd r\u00e1diomaj\u00e1k pro indikaci polohy neboli EPIRB nyn\u00ed zahrnuje AIS a je schv\u00e1len GMDSS pro jachta\u0159e. Kupte nyn\u00ed!\" \/>\n<meta name=\"robots\" content=\"index, follow, max-snippet:-1, max-image-preview:large, max-video-preview:-1\" \/>\n<link rel=\"canonical\" href=\"https:\/\/oceansignal.com\/cs\/products\/rescueme-epirb3\/\" \/>\n<meta property=\"og:locale\" content=\"cs_CZ\" \/>\n<meta property=\"og:type\" content=\"article\" \/>\n<meta property=\"og:title\" content=\"rescueME EPIRB3\" \/>\n<meta property=\"og:description\" content=\"Z\u016fsta\u0148te v bezpe\u010d\u00ed na mo\u0159i s rescueME EPIRB3 : Tento nouzov\u00fd r\u00e1diomaj\u00e1k pro indikaci polohy neboli EPIRB nyn\u00ed zahrnuje AIS a je schv\u00e1len GMDSS pro jachta\u0159e. Kupte nyn\u00ed!\" \/>\n<meta property=\"og:url\" content=\"https:\/\/oceansignal.com\/cs\/products\/rescueme-epirb3\/\" \/>\n<meta property=\"og:site_name\" content=\"Ocean Signal\" \/>\n<meta property=\"article:modified_time\" content=\"2026-03-25T10:12:00+00:00\" \/>\n<meta property=\"og:image\" content=\"https:\/\/oceansignal.com\/wp-content\/uploads\/2023\/03\/EPIRB3-Front.png\" \/>\n\t<meta property=\"og:image:width\" content=\"800\" \/>\n\t<meta property=\"og:image:height\" content=\"800\" \/>\n\t<meta property=\"og:image:type\" content=\"image\/png\" \/>\n<meta name=\"twitter:card\" content=\"summary_large_image\" \/>\n<meta name=\"twitter:label1\" content=\"Odhadovan\u00e1 doba \u010dten\u00ed\" \/>\n\t<meta name=\"twitter:data1\" content=\"7 minut\" \/>\n<script type=\"application\/ld+json\" class=\"yoast-schema-graph\">{\"@context\":\"https:\/\/schema.org\",\"@graph\":[{\"@type\":\"WebPage\",\"@id\":\"https:\/\/oceansignal.com\/cs\/products\/rescueme-epirb3\/\",\"url\":\"https:\/\/oceansignal.com\/cs\/products\/rescueme-epirb3\/\",\"name\":\"rescueME EPIRB3 - Ocean Signal\",\"isPartOf\":{\"@id\":\"https:\/\/oceansignal.com\/cs\/#website\"},\"primaryImageOfPage\":{\"@id\":\"https:\/\/oceansignal.com\/cs\/products\/rescueme-epirb3\/#primaryimage\"},\"image\":{\"@id\":\"https:\/\/oceansignal.com\/cs\/products\/rescueme-epirb3\/#primaryimage\"},\"thumbnailUrl\":\"https:\/\/oceansignal.com\/wp-content\/uploads\/2023\/03\/EPIRB3-Front.png\",\"datePublished\":\"2023-03-27T07:28:36+00:00\",\"dateModified\":\"2026-03-25T10:12:00+00:00\",\"description\":\"Z\u016fsta\u0148te v bezpe\u010d\u00ed na mo\u0159i s rescueME EPIRB3 : Tento nouzov\u00fd r\u00e1diomaj\u00e1k pro indikaci polohy neboli EPIRB nyn\u00ed zahrnuje AIS a je schv\u00e1len GMDSS pro jachta\u0159e. Kupte nyn\u00ed!\",\"breadcrumb\":{\"@id\":\"https:\/\/oceansignal.com\/cs\/products\/rescueme-epirb3\/#breadcrumb\"},\"inLanguage\":\"cs\",\"potentialAction\":[{\"@type\":\"ReadAction\",\"target\":[\"https:\/\/oceansignal.com\/cs\/products\/rescueme-epirb3\/\"]}]},{\"@type\":\"ImageObject\",\"inLanguage\":\"cs\",\"@id\":\"https:\/\/oceansignal.com\/cs\/products\/rescueme-epirb3\/#primaryimage\",\"url\":\"https:\/\/oceansignal.com\/wp-content\/uploads\/2023\/03\/EPIRB3-Front.png\",\"contentUrl\":\"https:\/\/oceansignal.com\/wp-content\/uploads\/2023\/03\/EPIRB3-Front.png\",\"width\":800,\"height\":800},{\"@type\":\"BreadcrumbList\",\"@id\":\"https:\/\/oceansignal.com\/cs\/products\/rescueme-epirb3\/#breadcrumb\",\"itemListElement\":[{\"@type\":\"ListItem\",\"position\":1,\"name\":\"Produkty\",\"item\":\"https:\/\/oceansignal.com\/cs\/produkty\/\"},{\"@type\":\"ListItem\",\"position\":2,\"name\":\"rescueME EPIRB3\"}]},{\"@type\":\"WebSite\",\"@id\":\"https:\/\/oceansignal.com\/cs\/#website\",\"url\":\"https:\/\/oceansignal.com\/cs\/\",\"name\":\"Ocean Signal\",\"description\":\"A leading manufacturer of EPIRBs, AIS, SARTs, Personal Locator Beacons, Man Overboard Beacon for the Marine and Outdoor Markets.\",\"potentialAction\":[{\"@type\":\"SearchAction\",\"target\":{\"@type\":\"EntryPoint\",\"urlTemplate\":\"https:\/\/oceansignal.com\/cs\/?s={search_term_string}\"},\"query-input\":{\"@type\":\"PropertyValueSpecification\",\"valueRequired\":true,\"valueName\":\"search_term_string\"}}],\"inLanguage\":\"cs\"}]}<\/script>\n<!-- \/ Yoast SEO Premium plugin. -->","yoast_head_json":{"title":"rescueME EPIRB3 - Ocean Signal","description":"Z\u016fsta\u0148te v bezpe\u010d\u00ed na mo\u0159i s rescueME EPIRB3 : Tento nouzov\u00fd r\u00e1diomaj\u00e1k pro indikaci polohy neboli EPIRB nyn\u00ed zahrnuje AIS a je schv\u00e1len GMDSS pro jachta\u0159e. Kupte nyn\u00ed!","robots":{"index":"index","follow":"follow","max-snippet":"max-snippet:-1","max-image-preview":"max-image-preview:large","max-video-preview":"max-video-preview:-1"},"canonical":"https:\/\/oceansignal.com\/cs\/products\/rescueme-epirb3\/","og_locale":"cs_CZ","og_type":"article","og_title":"rescueME EPIRB3","og_description":"Z\u016fsta\u0148te v bezpe\u010d\u00ed na mo\u0159i s rescueME EPIRB3 : Tento nouzov\u00fd r\u00e1diomaj\u00e1k pro indikaci polohy neboli EPIRB nyn\u00ed zahrnuje AIS a je schv\u00e1len GMDSS pro jachta\u0159e. Kupte nyn\u00ed!","og_url":"https:\/\/oceansignal.com\/cs\/products\/rescueme-epirb3\/","og_site_name":"Ocean Signal","article_modified_time":"2026-03-25T10:12:00+00:00","og_image":[{"width":800,"height":800,"url":"https:\/\/oceansignal.com\/wp-content\/uploads\/2023\/03\/EPIRB3-Front.png","type":"image\/png"}],"twitter_card":"summary_large_image","twitter_misc":{"Odhadovan\u00e1 doba \u010dten\u00ed":"7 minut"},"schema":{"@context":"https:\/\/schema.org","@graph":[{"@type":"WebPage","@id":"https:\/\/oceansignal.com\/cs\/products\/rescueme-epirb3\/","url":"https:\/\/oceansignal.com\/cs\/products\/rescueme-epirb3\/","name":"rescueME EPIRB3 - Ocean Signal","isPartOf":{"@id":"https:\/\/oceansignal.com\/cs\/#website"},"primaryImageOfPage":{"@id":"https:\/\/oceansignal.com\/cs\/products\/rescueme-epirb3\/#primaryimage"},"image":{"@id":"https:\/\/oceansignal.com\/cs\/products\/rescueme-epirb3\/#primaryimage"},"thumbnailUrl":"https:\/\/oceansignal.com\/wp-content\/uploads\/2023\/03\/EPIRB3-Front.png","datePublished":"2023-03-27T07:28:36+00:00","dateModified":"2026-03-25T10:12:00+00:00","description":"Z\u016fsta\u0148te v bezpe\u010d\u00ed na mo\u0159i s rescueME EPIRB3 : Tento nouzov\u00fd r\u00e1diomaj\u00e1k pro indikaci polohy neboli EPIRB nyn\u00ed zahrnuje AIS a je schv\u00e1len GMDSS pro jachta\u0159e. Kupte nyn\u00ed!","breadcrumb":{"@id":"https:\/\/oceansignal.com\/cs\/products\/rescueme-epirb3\/#breadcrumb"},"inLanguage":"cs","potentialAction":[{"@type":"ReadAction","target":["https:\/\/oceansignal.com\/cs\/products\/rescueme-epirb3\/"]}]},{"@type":"ImageObject","inLanguage":"cs","@id":"https:\/\/oceansignal.com\/cs\/products\/rescueme-epirb3\/#primaryimage","url":"https:\/\/oceansignal.com\/wp-content\/uploads\/2023\/03\/EPIRB3-Front.png","contentUrl":"https:\/\/oceansignal.com\/wp-content\/uploads\/2023\/03\/EPIRB3-Front.png","width":800,"height":800},{"@type":"BreadcrumbList","@id":"https:\/\/oceansignal.com\/cs\/products\/rescueme-epirb3\/#breadcrumb","itemListElement":[{"@type":"ListItem","position":1,"name":"Produkty","item":"https:\/\/oceansignal.com\/cs\/produkty\/"},{"@type":"ListItem","position":2,"name":"rescueME EPIRB3"}]},{"@type":"WebSite","@id":"https:\/\/oceansignal.com\/cs\/#website","url":"https:\/\/oceansignal.com\/cs\/","name":"Ocean Signal","description":"A leading manufacturer of EPIRBs, AIS, SARTs, Personal Locator Beacons, Man Overboard Beacon for the Marine and Outdoor Markets.","potentialAction":[{"@type":"SearchAction","target":{"@type":"EntryPoint","urlTemplate":"https:\/\/oceansignal.com\/cs\/?s={search_term_string}"},"query-input":{"@type":"PropertyValueSpecification","valueRequired":true,"valueName":"search_term_string"}}],"inLanguage":"cs"}]}},"_links":{"self":[{"href":"https:\/\/oceansignal.com\/cs\/wp-json\/wp\/v2\/product\/7822","targetHints":{"allow":["GET"]}}],"collection":[{"href":"https:\/\/oceansignal.com\/cs\/wp-json\/wp\/v2\/product"}],"about":[{"href":"https:\/\/oceansignal.com\/cs\/wp-json\/wp\/v2\/types\/product"}],"wp:featuredmedia":[{"embeddable":true,"href":"https:\/\/oceansignal.com\/cs\/wp-json\/wp\/v2\/media\/12413"}],"wp:attachment":[{"href":"https:\/\/oceansignal.com\/cs\/wp-json\/wp\/v2\/media?parent=7822"}],"wp:term":[{"taxonomy":"product_brand","embeddable":true,"href":"https:\/\/oceansignal.com\/cs\/wp-json\/wp\/v2\/product_brand?post=7822"},{"taxonomy":"product_cat","embeddable":true,"href":"https:\/\/oceansignal.com\/cs\/wp-json\/wp\/v2\/product_cat?post=7822"},{"taxonomy":"product_tag","embeddable":true,"href":"https:\/\/oceansignal.com\/cs\/wp-json\/wp\/v2\/product_tag?post=7822"}],"curies":[{"name":"wp","href":"https:\/\/api.w.org\/{rel}","templated":true}]}}