{"id":7833,"date":"2023-09-07T12:56:56","date_gmt":"2023-09-07T12:56:56","guid":{"rendered":"https:\/\/oceansignal.com\/products\/rescueme-epirb2-pro\/"},"modified":"2026-01-21T19:54:07","modified_gmt":"2026-01-21T19:54:07","slug":"rescueme-epirb2-pro","status":"publish","type":"product","link":"https:\/\/oceansignal.com\/cs\/products\/rescueme-epirb2-pro\/","title":{"rendered":"rescueME EPIRB2 Pro"},"content":{"rendered":"<p>Shrnut\u00ed:<\/p>\n<p>D\u00edky zaveden\u00ed technologie Return Link Service (RLS) a funkc\u00ed Near Field Communication (NFC) nab\u00edz\u00ed EPIRB2 Pro oproti sv\u00fdm p\u0159edch\u016fdc\u016fm zna\u010dn\u00e9 v\u00fdhody. RLS uklid\u0148uje ty, kte\u0159\u00ed aktivuj\u00ed maj\u00e1k, potvrzen\u00edm p\u0159ijet\u00ed jejich t\u00eds\u0148ov\u00e9 zpr\u00e1vy a za\u010dlen\u011bn\u00ed funkce NFC umo\u017e\u0148uje pou\u017eit\u00ed aplikace v chytr\u00e9m telefonu ke sledov\u00e1n\u00ed baterie EPIRB a dal\u0161\u00edch funkc\u00ed, kter\u00e9 zaji\u0161\u0165uj\u00ed jeho spr\u00e1vn\u00e9 fungov\u00e1n\u00ed. <\/p>\n<p>D\u00edky inovativn\u00edm nov\u00fdm funkc\u00edm EPIRB2 Pro a dod\u00e1van\u00e9mu dr\u017e\u00e1ku s automatick\u00fdm uvoln\u011bn\u00edm plov\u00e1ku je EPIRB2 Pro vynikaj\u00edc\u00ed volbou pro \u0161irokou \u0161k\u00e1lu n\u00e1mo\u0159n\u00edch aplikac\u00ed specifick\u00fdch pro rekrea\u010dn\u00ed i komer\u010dn\u00ed plavidla.<\/p>\n<p>Popis:<\/p>\n<p>P\u0159i v\u00fdvoji EPIRB2 Pro spole\u010dnost Ocean Signal vyu\u017eila sv\u00e9 rozs\u00e1hl\u00e9 zku\u0161enosti s navrhov\u00e1n\u00edm a v\u00fdrobou vysoce kvalitn\u00edch, funk\u010dn\u011b nabit\u00fdch EPIRB\u016f s r\u00e1diov\u00fdm \u0159\u00edzen\u00edm (RLS) v kompaktn\u00edm proveden\u00ed. D\u00edky vyu\u017eit\u00ed n\u011bkolika \u00farovn\u00ed integrovan\u00e9 signaliza\u010dn\u00ed technologie, v\u010detn\u011b ur\u010dov\u00e1n\u00ed polohy na frekvenci 406 MHz, GNSS (GPS, Galileo, Glonass) a nav\u00e1d\u011bc\u00edho sign\u00e1lu na frekvenci 121,5 MHz, EPIRB2 Pro bez n\u00e1mahy navede p\u00e1trac\u00ed a z\u00e1chrann\u00e9 s\u00edly na po\u017eadovan\u00e9 m\u00edsto. P\u016fsobivou sadu funkc\u00ed EPIRB2 Pro dopl\u0148uje technologie Return Link Service (RLS) a funkce Near Field Communication.  <\/p>\n<p>&nbsp;<\/p>\n<p><strong>Konektivita smartphonu s vyu\u017eit\u00edm komunikace nabl\u00edzko<\/strong><\/p>\n<p>&nbsp;<\/p>\n<p>Integrace technologie NFC poskytuje u\u017eivatel\u016fm mo\u017enost pohodln\u00e9ho p\u0159\u00edstupu k dat\u016fm maj\u00e1ku ze sv\u00e9ho mobiln\u00edho telefonu. Jednoduch\u00fdm polo\u017een\u00edm telefonu do bl\u00edzkosti maj\u00e1ku se automaticky otev\u0159e aplikace Ocean Signal Product App a poskytne p\u0159\u00edstup k velk\u00e9mu mno\u017estv\u00ed \u00fadaj\u016f o pou\u017e\u00edv\u00e1n\u00ed v\u010detn\u011b aktu\u00e1ln\u00ed \u017eivotnosti baterie, po\u010dtu dokon\u010den\u00fdch autotest\u016f, po\u010dtu dokon\u010den\u00fdch test\u016f GNSS a p\u0159\u00edpadn\u011b doby, po kterou byl maj\u00e1k aktivov\u00e1n. <\/p>\n<p>&nbsp;<\/p>\n<p>K dispozici jsou tak\u00e9 podrobn\u00e9 informace o ka\u017ed\u00e9m autotestu a testu GNSS proveden\u00e9m maj\u00e1kem. Informace, kter\u00e9 jsou dostupn\u00e9 pro ka\u017ed\u00fd \u00fasp\u011b\u0161n\u00fd test GNSS, zahrnuj\u00ed p\u0159\u00edstup k map\u011b, kter\u00e1 p\u0159esn\u011b ukazuje, kde byl test proveden, datum a \u010das testu, dobu, za kterou maj\u00e1k z\u00edskal opravu sou\u0159adnic GNSS, po\u010det satelit\u016f, kter\u00e9 maj\u00e1k pou\u017eil k z\u00edsk\u00e1n\u00ed t\u00e9to opravy, a p\u0159esnost um\u00edst\u011bn\u00ed. <\/p>\n<p>&nbsp;<\/p>\n<p><strong>Glob\u00e1ln\u00ed pokryt\u00ed prost\u0159ednictv\u00edm satelitn\u00ed s\u00edt\u011b Cospas-Sarsat<\/strong><\/p>\n<p>&nbsp;<\/p>\n<p>D\u00edky glob\u00e1ln\u00edmu dosahu <a href=\"https:\/\/www.cospas-sarsat.int\/en\/\">satelitn\u00ed s\u00edt\u011b Cospas-Sarsat<\/a> lze EPIRB2 Pro aktivovat kdekoli a kdykoli a bude vys\u00edlat va\u0161i t\u00eds\u0148ovou zpr\u00e1vu na frekvenci 406 MHz. T\u00eds\u0148ov\u00fd p\u0159enos zahrnuje sou\u0159adnice maj\u00e1ku odvozen\u00e9 z integrovan\u00e9ho GNSS p\u0159ij\u00edma\u010de EPIRB s p\u0159esnost\u00ed na 100 metr\u016f.<\/p>\n<p>&nbsp;<\/p>\n<p>EPIRBy RLS poskytuj\u00ed u\u017eivatel\u016fm uji\u0161t\u011bn\u00ed t\u00edm, \u017ee odes\u00edlaj\u00ed zp\u011btn\u00fd sign\u00e1l prost\u0159ednictv\u00edm satelitn\u00ed s\u00edt\u011b <a href=\"https:\/\/www.euspa.europa.eu\/european-space\/galileo\/services\/search-and-rescue-sar-galileo-service\">Galileo<\/a> p\u0159\u00edmo zp\u011bt k maj\u00e1ku, aby potvrdily, \u017ee t\u00eds\u0148ov\u00e1 zpr\u00e1va byla p\u0159ijata a poloha maj\u00e1ku byla detekov\u00e1na. Potvrzen\u00ed u\u017eivatelem je z\u0159eteln\u011b indikov\u00e1no blikaj\u00edc\u00edm modr\u00fdm sv\u011btlem.<\/p>\n<p>&nbsp;<\/p>\n<p><strong>Slu\u017eba zp\u011btn\u00e9ho odkazu (RLS)<\/strong><\/p>\n<p><strong> <\/strong><\/p>\n<p>Stres spojen\u00fd s nouzovou situac\u00ed na mo\u0159i je n\u00e1ro\u010dn\u00fdm p\u0159\u00edznakem, se kter\u00fdm se bohu\u017eel mus\u00ed v\u0161ichni majitel\u00e9 lod\u00ed vypo\u0159\u00e1dat, pokud se ocitnou v t\u00edsni. Na\u0161t\u011bst\u00ed funkce RLS v EPIRB2 Pro umo\u017e\u0148uje minimalizovat stres v takov\u00fdch situac\u00edch. EPIRBy RLS poskytuj\u00ed potvrzen\u00ed p\u0159\u00edmo do maj\u00e1ku, kter\u00e9 u\u017eivateli sd\u011bluje, \u017ee byla p\u0159ijata jeho nouzov\u00e1 zpr\u00e1va a detekov\u00e1na jeho poloha. Indikace funk\u010dnosti RLS je reprezentov\u00e1na v\u00fdrazn\u00fdm modr\u00fdm sv\u011btlem, co\u017e u\u017eivatel\u016fm usnad\u0148uje zjistit p\u0159esn\u011b, kdy bylo potvrzen\u00ed RLS p\u0159ijato.   <\/p>\n<p>&nbsp;<\/p>\n<p><strong>Mont\u00e1\u017en\u00ed dr\u017e\u00e1k<\/strong><\/p>\n<p>&nbsp;<\/p>\n<p>EPIRB2 Pro je dod\u00e1v\u00e1n s mont\u00e1\u017en\u00edm dr\u017e\u00e1kem kategorie jedna s automatick\u00fdm uvoln\u011bn\u00edm a voln\u00fdm plov\u00e1kem. Tento dr\u017e\u00e1k bezpe\u010dn\u011b uchov\u00e1v\u00e1 EPIRB2 Pro po celou dobu va\u0161\u00ed plavby bez ohledu na podm\u00ednky, kter\u00e9 se b\u011bhem n\u00ed vyskytnou. Poskytuje tak\u00e9 nejlep\u0161\u00ed \u0161anci na nasazen\u00ed v nouzov\u00fdch situac\u00edch, kdy je pro \u010dlena pos\u00e1dky obt\u00ed\u017en\u00e9 dos\u00e1hnout na EPIRB .  <\/p>\n<p>&nbsp;<\/p>\n<p>Ocean Signal se py\u0161n\u00ed t\u00edm, \u017ee i nad\u00e1le nab\u00edz\u00ed nov\u00e9 a vzru\u0161uj\u00edc\u00ed funkce, jako jsou RLS a NFC, a udr\u017euje si tak sv\u016fj c\u00edl nab\u00edzet inovativn\u00ed bezpe\u010dnostn\u00ed produkty nejvy\u0161\u0161\u00ed kvality. Bez ohledu na d\u016fvod va\u0161\u00ed dal\u0161\u00ed plavby nebo zvolenou destinaci si zajist\u011bte bezpe\u010dnost s p\u0159epravou EPIRB2 Pro . <\/p>\n<p>Pot\u0159ebujete upgradovat na AIS EPIRB ? Pod\u00edvejte se na nov\u00fd <a href=\"https:\/\/oceansignal.com\/products\/safesea-epirb3-pro\/\">EPIRB3<\/a> <\/p>\n<p><strong>Rysy:<\/strong><\/p>\n<p>&nbsp;<\/p>\n<ul>\n<li>O 30 % (typ) men\u0161\u00ed<\/li>\n<li>Slu\u017eba zp\u011btn\u00e9ho odkazu (RLS)<\/li>\n<li>Mobiln\u00ed konektivita vyu\u017e\u00edvaj\u00edc\u00ed technologii NFC (Near Field Communication)<\/li>\n<li>Bezplatn\u00e1 aplikace (Apple &amp; Android)<\/li>\n<li>\u017divotnost baterie 10 let<\/li>\n<li>Provozn\u00ed \u017eivotnost 48+ hodin<\/li>\n<li>2let\u00e1 z\u00e1ruka (m\u016f\u017ee prodlou\u017eit z\u00e1ruku na 5 let registrac\u00ed produktu u Ocean Signal )<\/li>\n<li>Rychl\u00e9 a p\u0159esn\u00e9 ur\u010dov\u00e1n\u00ed polohy se 72kan\u00e1lov\u00fdm GPS<\/li>\n<li>V\u00fdsuvn\u00e1 ant\u00e9na<\/li>\n<li>Bezplov\u00e1kov\u00fd dr\u017e\u00e1k kategorie I s automatick\u00fdm uvoln\u011bn\u00edm<\/li>\n<li>Bezpe\u010dn\u00e1 \u0161\u0148\u016frka na krk<\/li>\n<\/ul>\n","protected":false},"excerpt":{"rendered":"<p>Nejkompaktn\u011bj\u0161\u00ed EPIRB na sv\u011bt\u011b s RLS a NFC (Inc. Cat 1 Float Free Bracket)<\/p>\n<ul>\n<li>O 30 % (typ) men\u0161\u00ed<\/li>\n<li>Zahrnuje samouvol\u0148ovac\u00ed plov\u00e1kov\u00fd dr\u017e\u00e1k kategorie I<\/li>\n<li>Bezpe\u010dn\u00e1 \u0161\u0148\u016frka na krk<\/li>\n<li>Slu\u017eba zp\u011btn\u00e9ho odkazu (RLS)<\/li>\n<li>Mobiln\u00ed konektivita vyu\u017e\u00edvaj\u00edc\u00ed technologii NFC (Near Field Communication)<\/li>\n<li>Bezplatn\u00e1 aplikace (Apple &amp; Android)<\/li>\n<li>\u017divotnost baterie 10 let<\/li>\n<li>48+ hodin provozn\u00ed \u017eivotnosti<\/li>\n<li>2let\u00e1 z\u00e1ruka (m\u016f\u017ee prodlou\u017eit z\u00e1ruku na 5 let registrac\u00ed produktu u Ocean Signal ) \u2020<\/li>\n<li>Rychl\u00e9 a p\u0159esn\u00e9 ur\u010dov\u00e1n\u00ed polohy se 72kan\u00e1lov\u00fdm GPS<\/li>\n<li>V\u00fdsuvn\u00e1 ant\u00e9na<\/li>\n<li>Rychloup\u00ednac\u00ed dr\u017e\u00e1k<\/li>\n<\/ul>\n<p><a href=\"https:\/\/www.dropbox.com\/s\/8343nj28z0d7bxa\/Prop%2065%20-%20BPA.pdf?dl=0\" data-cke-saved-href=\"https:\/\/www.dropbox.com\/s\/8343nj28z0d7bxa\/Prop%2065%20-%20BPA.pdf?dl=0\">UPOZORN\u011aN\u00cd: PROP 65<\/a><\/p>\n","protected":false},"featured_media":12465,"template":"","meta":{"_acf_changed":false,"om_disable_all_campaigns":false},"product_brand":[],"product_cat":[694,475],"product_tag":[696,1031,697,698],"class_list":{"0":"post-7833","1":"product","2":"type-product","3":"status-publish","4":"has-post-thumbnail","6":"product_cat-epirb-cs","7":"product_cat-rescueme-cs-2","8":"product_tag-epirb-cs","9":"product_tag-epirb2-pro-cs","10":"product_tag-nfc-cs","11":"product_tag-rls-cs","13":"first","14":"outofstock","15":"taxable","16":"shipping-taxable","17":"purchasable","18":"product-type-simple"},"acf":[],"yoast_head":"<!-- This site is optimized with the Yoast SEO Premium plugin v25.2 (Yoast SEO v26.4) - https:\/\/yoast.com\/wordpress\/plugins\/seo\/ -->\n<title>rescueME EPIRB2 Pro - Ocean Signal<\/title>\n<meta name=\"description\" content=\"Ocean Signal rescueME EPIRB2 se slu\u017ebou Return Link: Rychl\u00e1 nouzov\u00e1 signalizace pro bezpe\u010dnost na mo\u0159i. Neplavte se bez RLS EPIRB .\" \/>\n<meta name=\"robots\" content=\"index, follow, max-snippet:-1, max-image-preview:large, max-video-preview:-1\" \/>\n<link rel=\"canonical\" href=\"https:\/\/oceansignal.com\/cs\/products\/rescueme-epirb2-pro\/\" \/>\n<meta property=\"og:locale\" content=\"cs_CZ\" \/>\n<meta property=\"og:type\" content=\"article\" \/>\n<meta property=\"og:title\" content=\"rescueME EPIRB2 Pro\" \/>\n<meta property=\"og:description\" content=\"Ocean Signal rescueME EPIRB2 se slu\u017ebou Return Link: Rychl\u00e1 nouzov\u00e1 signalizace pro bezpe\u010dnost na mo\u0159i. Neplavte se bez RLS EPIRB .\" \/>\n<meta property=\"og:url\" content=\"https:\/\/oceansignal.com\/cs\/products\/rescueme-epirb2-pro\/\" \/>\n<meta property=\"og:site_name\" content=\"Ocean Signal\" \/>\n<meta property=\"article:modified_time\" content=\"2026-01-21T19:54:07+00:00\" \/>\n<meta property=\"og:image\" content=\"https:\/\/oceansignal.com\/wp-content\/uploads\/2023\/09\/Ocean-Signal-EPIRB2-Pro-Front.png\" \/>\n\t<meta property=\"og:image:width\" content=\"800\" \/>\n\t<meta property=\"og:image:height\" content=\"800\" \/>\n\t<meta property=\"og:image:type\" content=\"image\/png\" \/>\n<meta name=\"twitter:card\" content=\"summary_large_image\" \/>\n<meta name=\"twitter:label1\" content=\"Odhadovan\u00e1 doba \u010dten\u00ed\" \/>\n\t<meta name=\"twitter:data1\" content=\"5 minut\" \/>\n<script type=\"application\/ld+json\" class=\"yoast-schema-graph\">{\"@context\":\"https:\/\/schema.org\",\"@graph\":[{\"@type\":\"WebPage\",\"@id\":\"https:\/\/oceansignal.com\/cs\/products\/rescueme-epirb2-pro\/\",\"url\":\"https:\/\/oceansignal.com\/cs\/products\/rescueme-epirb2-pro\/\",\"name\":\"rescueME EPIRB2 Pro - Ocean Signal\",\"isPartOf\":{\"@id\":\"https:\/\/oceansignal.com\/cs\/#website\"},\"primaryImageOfPage\":{\"@id\":\"https:\/\/oceansignal.com\/cs\/products\/rescueme-epirb2-pro\/#primaryimage\"},\"image\":{\"@id\":\"https:\/\/oceansignal.com\/cs\/products\/rescueme-epirb2-pro\/#primaryimage\"},\"thumbnailUrl\":\"https:\/\/oceansignal.com\/wp-content\/uploads\/2023\/09\/Ocean-Signal-EPIRB2-Pro-Front.png\",\"datePublished\":\"2023-09-07T12:56:56+00:00\",\"dateModified\":\"2026-01-21T19:54:07+00:00\",\"description\":\"Ocean Signal rescueME EPIRB2 se slu\u017ebou Return Link: Rychl\u00e1 nouzov\u00e1 signalizace pro bezpe\u010dnost na mo\u0159i. Neplavte se bez RLS EPIRB .\",\"breadcrumb\":{\"@id\":\"https:\/\/oceansignal.com\/cs\/products\/rescueme-epirb2-pro\/#breadcrumb\"},\"inLanguage\":\"cs\",\"potentialAction\":[{\"@type\":\"ReadAction\",\"target\":[\"https:\/\/oceansignal.com\/cs\/products\/rescueme-epirb2-pro\/\"]}]},{\"@type\":\"ImageObject\",\"inLanguage\":\"cs\",\"@id\":\"https:\/\/oceansignal.com\/cs\/products\/rescueme-epirb2-pro\/#primaryimage\",\"url\":\"https:\/\/oceansignal.com\/wp-content\/uploads\/2023\/09\/Ocean-Signal-EPIRB2-Pro-Front.png\",\"contentUrl\":\"https:\/\/oceansignal.com\/wp-content\/uploads\/2023\/09\/Ocean-Signal-EPIRB2-Pro-Front.png\",\"width\":800,\"height\":800},{\"@type\":\"BreadcrumbList\",\"@id\":\"https:\/\/oceansignal.com\/cs\/products\/rescueme-epirb2-pro\/#breadcrumb\",\"itemListElement\":[{\"@type\":\"ListItem\",\"position\":1,\"name\":\"Produkty\",\"item\":\"https:\/\/oceansignal.com\/cs\/produkty\/\"},{\"@type\":\"ListItem\",\"position\":2,\"name\":\"rescueME EPIRB2 Pro\"}]},{\"@type\":\"WebSite\",\"@id\":\"https:\/\/oceansignal.com\/cs\/#website\",\"url\":\"https:\/\/oceansignal.com\/cs\/\",\"name\":\"Ocean Signal\",\"description\":\"A leading manufacturer of EPIRBs, AIS, SARTs, Personal Locator Beacons, Man Overboard Beacon for the Marine and Outdoor Markets.\",\"potentialAction\":[{\"@type\":\"SearchAction\",\"target\":{\"@type\":\"EntryPoint\",\"urlTemplate\":\"https:\/\/oceansignal.com\/cs\/?s={search_term_string}\"},\"query-input\":{\"@type\":\"PropertyValueSpecification\",\"valueRequired\":true,\"valueName\":\"search_term_string\"}}],\"inLanguage\":\"cs\"}]}<\/script>\n<!-- \/ Yoast SEO Premium plugin. -->","yoast_head_json":{"title":"rescueME EPIRB2 Pro - Ocean Signal","description":"Ocean Signal rescueME EPIRB2 se slu\u017ebou Return Link: Rychl\u00e1 nouzov\u00e1 signalizace pro bezpe\u010dnost na mo\u0159i. Neplavte se bez RLS EPIRB .","robots":{"index":"index","follow":"follow","max-snippet":"max-snippet:-1","max-image-preview":"max-image-preview:large","max-video-preview":"max-video-preview:-1"},"canonical":"https:\/\/oceansignal.com\/cs\/products\/rescueme-epirb2-pro\/","og_locale":"cs_CZ","og_type":"article","og_title":"rescueME EPIRB2 Pro","og_description":"Ocean Signal rescueME EPIRB2 se slu\u017ebou Return Link: Rychl\u00e1 nouzov\u00e1 signalizace pro bezpe\u010dnost na mo\u0159i. Neplavte se bez RLS EPIRB .","og_url":"https:\/\/oceansignal.com\/cs\/products\/rescueme-epirb2-pro\/","og_site_name":"Ocean Signal","article_modified_time":"2026-01-21T19:54:07+00:00","og_image":[{"width":800,"height":800,"url":"https:\/\/oceansignal.com\/wp-content\/uploads\/2023\/09\/Ocean-Signal-EPIRB2-Pro-Front.png","type":"image\/png"}],"twitter_card":"summary_large_image","twitter_misc":{"Odhadovan\u00e1 doba \u010dten\u00ed":"5 minut"},"schema":{"@context":"https:\/\/schema.org","@graph":[{"@type":"WebPage","@id":"https:\/\/oceansignal.com\/cs\/products\/rescueme-epirb2-pro\/","url":"https:\/\/oceansignal.com\/cs\/products\/rescueme-epirb2-pro\/","name":"rescueME EPIRB2 Pro - Ocean Signal","isPartOf":{"@id":"https:\/\/oceansignal.com\/cs\/#website"},"primaryImageOfPage":{"@id":"https:\/\/oceansignal.com\/cs\/products\/rescueme-epirb2-pro\/#primaryimage"},"image":{"@id":"https:\/\/oceansignal.com\/cs\/products\/rescueme-epirb2-pro\/#primaryimage"},"thumbnailUrl":"https:\/\/oceansignal.com\/wp-content\/uploads\/2023\/09\/Ocean-Signal-EPIRB2-Pro-Front.png","datePublished":"2023-09-07T12:56:56+00:00","dateModified":"2026-01-21T19:54:07+00:00","description":"Ocean Signal rescueME EPIRB2 se slu\u017ebou Return Link: Rychl\u00e1 nouzov\u00e1 signalizace pro bezpe\u010dnost na mo\u0159i. Neplavte se bez RLS EPIRB .","breadcrumb":{"@id":"https:\/\/oceansignal.com\/cs\/products\/rescueme-epirb2-pro\/#breadcrumb"},"inLanguage":"cs","potentialAction":[{"@type":"ReadAction","target":["https:\/\/oceansignal.com\/cs\/products\/rescueme-epirb2-pro\/"]}]},{"@type":"ImageObject","inLanguage":"cs","@id":"https:\/\/oceansignal.com\/cs\/products\/rescueme-epirb2-pro\/#primaryimage","url":"https:\/\/oceansignal.com\/wp-content\/uploads\/2023\/09\/Ocean-Signal-EPIRB2-Pro-Front.png","contentUrl":"https:\/\/oceansignal.com\/wp-content\/uploads\/2023\/09\/Ocean-Signal-EPIRB2-Pro-Front.png","width":800,"height":800},{"@type":"BreadcrumbList","@id":"https:\/\/oceansignal.com\/cs\/products\/rescueme-epirb2-pro\/#breadcrumb","itemListElement":[{"@type":"ListItem","position":1,"name":"Produkty","item":"https:\/\/oceansignal.com\/cs\/produkty\/"},{"@type":"ListItem","position":2,"name":"rescueME EPIRB2 Pro"}]},{"@type":"WebSite","@id":"https:\/\/oceansignal.com\/cs\/#website","url":"https:\/\/oceansignal.com\/cs\/","name":"Ocean Signal","description":"A leading manufacturer of EPIRBs, AIS, SARTs, Personal Locator Beacons, Man Overboard Beacon for the Marine and Outdoor Markets.","potentialAction":[{"@type":"SearchAction","target":{"@type":"EntryPoint","urlTemplate":"https:\/\/oceansignal.com\/cs\/?s={search_term_string}"},"query-input":{"@type":"PropertyValueSpecification","valueRequired":true,"valueName":"search_term_string"}}],"inLanguage":"cs"}]}},"_links":{"self":[{"href":"https:\/\/oceansignal.com\/cs\/wp-json\/wp\/v2\/product\/7833","targetHints":{"allow":["GET"]}}],"collection":[{"href":"https:\/\/oceansignal.com\/cs\/wp-json\/wp\/v2\/product"}],"about":[{"href":"https:\/\/oceansignal.com\/cs\/wp-json\/wp\/v2\/types\/product"}],"wp:featuredmedia":[{"embeddable":true,"href":"https:\/\/oceansignal.com\/cs\/wp-json\/wp\/v2\/media\/12465"}],"wp:attachment":[{"href":"https:\/\/oceansignal.com\/cs\/wp-json\/wp\/v2\/media?parent=7833"}],"wp:term":[{"taxonomy":"product_brand","embeddable":true,"href":"https:\/\/oceansignal.com\/cs\/wp-json\/wp\/v2\/product_brand?post=7833"},{"taxonomy":"product_cat","embeddable":true,"href":"https:\/\/oceansignal.com\/cs\/wp-json\/wp\/v2\/product_cat?post=7833"},{"taxonomy":"product_tag","embeddable":true,"href":"https:\/\/oceansignal.com\/cs\/wp-json\/wp\/v2\/product_tag?post=7833"}],"curies":[{"name":"wp","href":"https:\/\/api.w.org\/{rel}","templated":true}]}}