{"id":7846,"date":"2023-09-07T12:44:22","date_gmt":"2023-09-07T12:44:22","guid":{"rendered":"https:\/\/oceansignal.com\/products\/rescueme-epirb2\/"},"modified":"2026-01-21T19:54:41","modified_gmt":"2026-01-21T19:54:41","slug":"rescueme-epirb2","status":"publish","type":"product","link":"https:\/\/oceansignal.com\/cs\/products\/rescueme-epirb2\/","title":{"rendered":"rescueME EPIRB2"},"content":{"rendered":"<p>Se zaveden\u00edm technologie Return Link Service (RLS) a schopnost\u00ed Near Field Communication (NFC) poskytuje EPIRB2 oproti sv\u00fdm p\u0159edch\u016fdc\u016fm v\u00fdznamn\u00e9 v\u00fdhody. Slu\u017eba Return Link Service EPIRB ut\u011b\u0161uje ty, kte\u0159\u00ed aktivuj\u00ed maj\u00e1k, potvrzen\u00edm, \u017ee jejich nouzov\u00e1 zpr\u00e1va byla p\u0159ijata, a zahrnut\u00ed schopnosti NFC umo\u017e\u0148uje pou\u017eit\u00ed aplikace pro chytr\u00e9 telefony ke sledov\u00e1n\u00ed baterie EPIRB a dal\u0161\u00edch funkc\u00ed zaji\u0161\u0165uj\u00edc\u00edch, \u017ee funguje spr\u00e1vn\u011b. Inovativn\u00ed nov\u00e9 vlastnosti EPIRB2 z n\u011bj \u010din\u00ed vynikaj\u00edc\u00ed volbu pro \u0161irokou \u0161k\u00e1lu n\u00e1mo\u0159n\u00edch aplikac\u00ed specifick\u00fdch pro rekrea\u010dn\u00ed i komer\u010dn\u00ed plavidla.  <\/p>\n<p><iframe loading=\"lazy\" title=\"EPIRB3 and EPIRB2  | Activation\" width=\"500\" height=\"281\" src=\"https:\/\/www.youtube.com\/embed\/P5KBMhmPYjQ?feature=oembed\" frameborder=\"0\" allow=\"accelerometer; autoplay; clipboard-write; encrypted-media; gyroscope; picture-in-picture; web-share\" referrerpolicy=\"strict-origin-when-cross-origin\" allowfullscreen><\/iframe><\/p>\n<p>Popis:<\/p>\n<p>P\u0159i v\u00fdvoji <a href=\"https:\/\/oceansignal.com\/cs\/news\/spolecnost-ocean-signal-uvadi-na-trh-novou-radu-epirb2\/\">EPIRB2<\/a> spole\u010dnost Ocean Signal vyu\u017eila sv\u00e9 rozs\u00e1hl\u00e9 zku\u0161enosti s navrhov\u00e1n\u00edm a v\u00fdrobou vysoce kvalitn\u00edch, funk\u010dn\u011b nabit\u00fdch EPIRB pro zp\u011btn\u00fd spoj s vyu\u017eit\u00edm pohodln\u011b kompaktn\u00edho proveden\u00ed. D\u00edky vyu\u017eit\u00ed n\u011bkolika \u00farovn\u00ed integrovan\u00e9 signaliza\u010dn\u00ed technologie, v\u010detn\u011b ur\u010dov\u00e1n\u00ed polohy na frekvenci 406 MHz, GNSS (GPS, Galileo, Glonass) a nav\u00e1d\u011bc\u00edho sign\u00e1lu na frekvenci 121,5 MHz, EPIRB2 bez n\u00e1mahy navede p\u00e1trac\u00ed a z\u00e1chrann\u00e9 s\u00edly na po\u017eadovan\u00e9 m\u00edsto. P\u016fsobivou sadu funkc\u00ed EPIRB2 dopl\u0148uje technologie Return Link Service (RLS) a mo\u017enost Near Field Communication.<\/p>\n<p>&nbsp;<\/p>\n<p><strong>Konektivita smartphonu vyu\u017e\u00edvaj\u00edc\u00ed NFC (Near Field Communication)<\/strong><\/p>\n<p>&nbsp;<\/p>\n<p>Integrace <a href=\"https:\/\/www.youtube.com\/watch?v=MRXLii6r3n4&amp;t=42s\">technologie NFC<\/a> poskytuje u\u017eivatel\u016fm mo\u017enost pohodln\u00e9ho p\u0159\u00edstupu k dat\u016fm beacon\u016f z jejich mobiln\u00edch telefon\u016f. Pouh\u00fdm p\u0159ilo\u017een\u00edm telefonu k maj\u00e1ku se automaticky otev\u0159e aplikace Ocean Signal Product App a zp\u0159\u00edstupn\u00ed se mno\u017estv\u00ed \u00fadaj\u016f o pou\u017e\u00edv\u00e1n\u00ed, v\u010detn\u011b aktu\u00e1ln\u00ed v\u00fddr\u017ee baterie, po\u010dtu dokon\u010den\u00fdch autotest\u016f, po\u010dtu dokon\u010den\u00fdch test\u016f GNSS a p\u0159\u00edpadn\u011b i doby, po kterou byl maj\u00e1k aktivov\u00e1n.<\/p>\n<p>&nbsp;<\/p>\n<p>K dispozici jsou tak\u00e9 podrobn\u00e9 informace o ka\u017ed\u00e9m autotestu a testu GNSS proveden\u00e9m maj\u00e1kem. Informace, kter\u00e9 jsou dostupn\u00e9 pro ka\u017ed\u00fd \u00fasp\u011b\u0161n\u00fd test GNSS, zahrnuj\u00ed p\u0159\u00edstup k map\u011b, kter\u00e1 p\u0159esn\u011b ukazuje, kde byl test proveden, datum a \u010das testu, dobu, za kterou maj\u00e1k z\u00edskal opravu sou\u0159adnic GNSS, po\u010det satelit\u016f, kter\u00e9 maj\u00e1k pou\u017eil k z\u00edsk\u00e1n\u00ed t\u00e9to opravy, a p\u0159esnost um\u00edst\u011bn\u00ed. <\/p>\n<p>&nbsp;<\/p>\n<p><strong>Glob\u00e1ln\u00ed pokryt\u00ed prost\u0159ednictv\u00edm satelitn\u00ed s\u00edt\u011b Cospas-Sarsat<\/strong><\/p>\n<p>&nbsp;<\/p>\n<p>D\u00edky glob\u00e1ln\u00edmu dosahu <a href=\"https:\/\/www.cospas-sarsat.int\/en\/\">satelitn\u00ed s\u00edt\u011b Cospas-Sarsat<\/a> lze EPIRB2 aktivovat kdekoli a kdykoli a bude vys\u00edlat va\u0161i t\u00eds\u0148ovou zpr\u00e1vu na frekvenci 406 MHz. T\u00eds\u0148ov\u00fd p\u0159enos zahrnuje sou\u0159adnice maj\u00e1ku odvozen\u00e9 z integrovan\u00e9ho GNSS p\u0159ij\u00edma\u010de EPIRB s p\u0159esnost\u00ed na 100 metr\u016f.<\/p>\n<p>&nbsp;<\/p>\n<p>Syst\u00e9m RLS poskytuje u\u017eivatel\u016fm uji\u0161t\u011bn\u00ed t\u00edm, \u017ee odes\u00edl\u00e1 zp\u011btn\u00fd sign\u00e1l prost\u0159ednictv\u00edm satelitn\u00ed s\u00edt\u011b <a href=\"https:\/\/www.euspa.europa.eu\/european-space\/galileo\/services\/search-and-rescue-sar-galileo-service\">Galileo<\/a> p\u0159\u00edmo zp\u011bt k maj\u00e1ku, aby potvrdil, \u017ee t\u00eds\u0148ov\u00e1 zpr\u00e1va byla p\u0159ijata a poloha maj\u00e1ku byla detekov\u00e1na. Potvrzen\u00ed u\u017eivatelem je z\u0159eteln\u011b indikov\u00e1no blikaj\u00edc\u00edm modr\u00fdm sv\u011btlem.<\/p>\n<p>&nbsp;<\/p>\n<p><strong>Slu\u017eba zp\u011btn\u00e9ho odkazu (RLS)<\/strong><\/p>\n<p><strong> <\/strong><\/p>\n<p>Inherentn\u00ed stres spojen\u00fd s n\u00e1mo\u0159n\u00ed nouzovou situac\u00ed je n\u00e1ro\u010dn\u00fdm p\u0159\u00edznakem, kter\u00e9mu mus\u00ed bohu\u017eel \u010delit v\u0161ichni jachta\u0159i, pokud se ocitnou v nouzov\u00e9 situaci. Na\u0161t\u011bst\u00ed zahrnut\u00ed funkce RLS do EPIRB2 poskytuje prost\u0159edky pro minimalizaci stresu v takov\u00fdch situac\u00edch. Slu\u017eba Return Link Service EPIRB poskytuje p\u0159\u00edm\u00e9 potvrzen\u00ed maj\u00e1ku, kter\u00e9 u\u017eivateli d\u00e1v\u00e1 v\u011bd\u011bt, \u017ee byla p\u0159ijata jejich t\u00eds\u0148ov\u00e1 zpr\u00e1va a \u017ee byla zji\u0161t\u011bna jejich poloha. Indikace funk\u010dnosti RLS je reprezentov\u00e1na v\u00fdrazn\u00fdm modr\u00fdm sv\u011btlem, tak\u017ee u\u017eivatel\u00e9 snadno zjist\u00ed, kdy p\u0159esn\u011b obdr\u017e\u00ed potvrzen\u00ed RLS.   <\/p>\n<p>&nbsp;<\/p>\n<p>Ocean Signal je hrd\u00e1 na to, \u017ee nad\u00e1le nab\u00edz\u00ed nov\u00e9 a vzru\u0161uj\u00edc\u00ed funkce, jako jsou RLS a NFC, proto\u017ee si udr\u017euje sv\u016fj c\u00edl nab\u00edzet inovativn\u00ed bezpe\u010dnostn\u00ed produkty nejvy\u0161\u0161\u00ed kvality. Bez ohledu na d\u016fvod va\u0161\u00ed dal\u0161\u00ed cesty nebo v\u00e1mi zvolen\u00fd c\u00edl zaru\u010dte svou bezpe\u010dnost p\u0159epravou EPIRB2 . <\/p>\n<p>&nbsp;<\/p>\n<p><strong>Rysy:<\/strong><\/p>\n<p>&nbsp;<\/p>\n<ul>\n<li>O 30 % (typ) men\u0161\u00ed<\/li>\n<li>Slu\u017eba zp\u011btn\u00e9ho odkazu (RLS)<\/li>\n<li>Mobiln\u00ed konektivita vyu\u017e\u00edvaj\u00edc\u00ed technologii NFC (Near Field Communication)<\/li>\n<li>Bezplatn\u00e1 aplikace (Apple &amp; Android)<\/li>\n<li>\u017divotnost baterie 10 let<\/li>\n<li>48+ hodin provozn\u00ed \u017eivotnosti<\/li>\n<li>2let\u00e1 z\u00e1ruka (m\u016f\u017ee prodlou\u017eit z\u00e1ruku na 5 let registrac\u00ed produktu u Ocean Signal ) \u2020<\/li>\n<li>Rychl\u00e9 a p\u0159esn\u00e9 ur\u010dov\u00e1n\u00ed polohy se 72kan\u00e1lov\u00fdm GPS<\/li>\n<li>V\u00fdsuvn\u00e1 ant\u00e9na<\/li>\n<li>Rychloup\u00ednac\u00ed dr\u017e\u00e1k<\/li>\n<li>Bezpe\u010dn\u00e1 \u0161\u0148\u016frka na krk<\/li>\n<\/ul>\n<p>&nbsp;<\/p>\n<p>\u2020 Podl\u00e9h\u00e1 prohl\u00e1\u0161en\u00ed o z\u00e1ruce<\/p>\n","protected":false},"excerpt":{"rendered":"<p>Nejkompaktn\u011bj\u0161\u00ed EPIRB na sv\u011bt\u011b, nyn\u00ed s RLS a NFC<\/p>\n<ul>\n<li>Jednor\u00e1zov\u00fd n\u00e1kup. \u017d\u00e1dn\u00e9 poplatky za p\u0159edplatn\u00e9 <\/li>\n<li>Slu\u017eba zp\u011btn\u00e9ho odkazu (RLS)<\/li>\n<li>Mobiln\u00ed konektivita vyu\u017e\u00edvaj\u00edc\u00ed technologii NFC (Near Field Communication)<\/li>\n<li>Bezplatn\u00e1 aplikace (Apple &amp; Android)<\/li>\n<li>\u017divotnost baterie 10 let<\/li>\n<li>48+ hodin provozn\u00ed \u017eivotnosti<\/li>\n<li>2let\u00e1 z\u00e1ruka (m\u016f\u017ee prodlou\u017eit z\u00e1ruku na 5 let registrac\u00ed produktu u Ocean Signal ) \u2020<\/li>\n<li>Rychl\u00e9 a p\u0159esn\u00e9 ur\u010dov\u00e1n\u00ed polohy se 72kan\u00e1lov\u00fdm GPS<\/li>\n<li>V\u00fdsuvn\u00e1 ant\u00e9na<\/li>\n<li>Rychloup\u00ednac\u00ed dr\u017e\u00e1k<\/li>\n<li>Bezpe\u010dn\u00e1 \u0161\u0148\u016frka na krk<\/li>\n<\/ul>\n<p><a href=\"https:\/\/www.dropbox.com\/s\/8343nj28z0d7bxa\/Prop%2065%20-%20BPA.pdf?dl=0\" data-cke-saved-href=\"https:\/\/www.dropbox.com\/s\/8343nj28z0d7bxa\/Prop%2065%20-%20BPA.pdf?dl=0\">UPOZORN\u011aN\u00cd: PROP 65<\/a><\/p>\n","protected":false},"featured_media":20465,"template":"","meta":{"_acf_changed":false,"om_disable_all_campaigns":false},"product_brand":[],"product_cat":[694,475],"product_tag":[696,811,697,810,698],"class_list":{"0":"post-7846","1":"product","2":"type-product","3":"status-publish","4":"has-post-thumbnail","6":"product_cat-epirb-cs","7":"product_cat-rescueme-cs-2","8":"product_tag-epirb-cs","9":"product_tag-epirb2-cs","10":"product_tag-nfc-cs","11":"product_tag-nouzova-poloha-indikujici-radiovy-signal-becaon","12":"product_tag-rls-cs","14":"first","15":"instock","16":"taxable","17":"shipping-taxable","18":"purchasable","19":"product-type-simple"},"acf":[],"yoast_head":"<!-- This site is optimized with the Yoast SEO Premium plugin v25.2 (Yoast SEO v26.4) - https:\/\/yoast.com\/wordpress\/plugins\/seo\/ -->\n<title>rescueME EPIRB2 - Ocean Signal<\/title>\n<meta name=\"description\" content=\"Ocean Signal rescueME EPIRB2 : Z\u00e1kladn\u00ed slu\u017eba Return Link Service EPIRB pro n\u00e1mo\u0159n\u00ed bezpe\u010dnost. D\u016fv\u011b\u0159ujte spolehliv\u00e9 nouzov\u00e9 signalizaci. Kupte nyn\u00ed pro klid!\" \/>\n<meta name=\"robots\" content=\"index, follow, max-snippet:-1, max-image-preview:large, max-video-preview:-1\" \/>\n<link rel=\"canonical\" href=\"https:\/\/oceansignal.com\/cs\/products\/rescueme-epirb2\/\" \/>\n<meta property=\"og:locale\" content=\"cs_CZ\" \/>\n<meta property=\"og:type\" content=\"article\" \/>\n<meta property=\"og:title\" content=\"rescueME EPIRB2\" \/>\n<meta property=\"og:description\" content=\"Ocean Signal rescueME EPIRB2 : Z\u00e1kladn\u00ed slu\u017eba Return Link Service EPIRB pro n\u00e1mo\u0159n\u00ed bezpe\u010dnost. D\u016fv\u011b\u0159ujte spolehliv\u00e9 nouzov\u00e9 signalizaci. Kupte nyn\u00ed pro klid!\" \/>\n<meta property=\"og:url\" content=\"https:\/\/oceansignal.com\/cs\/products\/rescueme-epirb2\/\" \/>\n<meta property=\"og:site_name\" content=\"Ocean Signal\" \/>\n<meta property=\"article:modified_time\" content=\"2026-01-21T19:54:41+00:00\" \/>\n<meta property=\"og:image\" content=\"https:\/\/oceansignal.com\/wp-content\/uploads\/2023\/09\/OSL-Phone-App-EPERB2-PRO-001-1.png\" \/>\n\t<meta property=\"og:image:width\" content=\"432\" \/>\n\t<meta property=\"og:image:height\" content=\"432\" \/>\n\t<meta property=\"og:image:type\" content=\"image\/png\" \/>\n<meta name=\"twitter:card\" content=\"summary_large_image\" \/>\n<meta name=\"twitter:label1\" content=\"Odhadovan\u00e1 doba \u010dten\u00ed\" \/>\n\t<meta name=\"twitter:data1\" content=\"4 minuty\" \/>\n<script type=\"application\/ld+json\" class=\"yoast-schema-graph\">{\"@context\":\"https:\/\/schema.org\",\"@graph\":[{\"@type\":\"WebPage\",\"@id\":\"https:\/\/oceansignal.com\/cs\/products\/rescueme-epirb2\/\",\"url\":\"https:\/\/oceansignal.com\/cs\/products\/rescueme-epirb2\/\",\"name\":\"rescueME EPIRB2 - Ocean Signal\",\"isPartOf\":{\"@id\":\"https:\/\/oceansignal.com\/cs\/#website\"},\"primaryImageOfPage\":{\"@id\":\"https:\/\/oceansignal.com\/cs\/products\/rescueme-epirb2\/#primaryimage\"},\"image\":{\"@id\":\"https:\/\/oceansignal.com\/cs\/products\/rescueme-epirb2\/#primaryimage\"},\"thumbnailUrl\":\"https:\/\/oceansignal.com\/wp-content\/uploads\/2023\/09\/OSL-Phone-App-EPERB2-PRO-001-1.png\",\"datePublished\":\"2023-09-07T12:44:22+00:00\",\"dateModified\":\"2026-01-21T19:54:41+00:00\",\"description\":\"Ocean Signal rescueME EPIRB2 : Z\u00e1kladn\u00ed slu\u017eba Return Link Service EPIRB pro n\u00e1mo\u0159n\u00ed bezpe\u010dnost. D\u016fv\u011b\u0159ujte spolehliv\u00e9 nouzov\u00e9 signalizaci. Kupte nyn\u00ed pro klid!\",\"breadcrumb\":{\"@id\":\"https:\/\/oceansignal.com\/cs\/products\/rescueme-epirb2\/#breadcrumb\"},\"inLanguage\":\"cs\",\"potentialAction\":[{\"@type\":\"ReadAction\",\"target\":[\"https:\/\/oceansignal.com\/cs\/products\/rescueme-epirb2\/\"]}]},{\"@type\":\"ImageObject\",\"inLanguage\":\"cs\",\"@id\":\"https:\/\/oceansignal.com\/cs\/products\/rescueme-epirb2\/#primaryimage\",\"url\":\"https:\/\/oceansignal.com\/wp-content\/uploads\/2023\/09\/OSL-Phone-App-EPERB2-PRO-001-1.png\",\"contentUrl\":\"https:\/\/oceansignal.com\/wp-content\/uploads\/2023\/09\/OSL-Phone-App-EPERB2-PRO-001-1.png\",\"width\":432,\"height\":432,\"caption\":\"Zabezpe\u010dte sv\u00e1 n\u00e1mo\u0159n\u00ed dobrodru\u017estv\u00ed s Ocean Signal SafeSea EPIRB3 Pro : Spolehliv\u00fd nouzov\u00fd maj\u00e1k pro rychlou reakci na nouzov\u00e9 situace\"},{\"@type\":\"BreadcrumbList\",\"@id\":\"https:\/\/oceansignal.com\/cs\/products\/rescueme-epirb2\/#breadcrumb\",\"itemListElement\":[{\"@type\":\"ListItem\",\"position\":1,\"name\":\"Produkty\",\"item\":\"https:\/\/oceansignal.com\/cs\/produkty\/\"},{\"@type\":\"ListItem\",\"position\":2,\"name\":\"rescueME EPIRB2\"}]},{\"@type\":\"WebSite\",\"@id\":\"https:\/\/oceansignal.com\/cs\/#website\",\"url\":\"https:\/\/oceansignal.com\/cs\/\",\"name\":\"Ocean Signal\",\"description\":\"A leading manufacturer of EPIRBs, AIS, SARTs, Personal Locator Beacons, Man Overboard Beacon for the Marine and Outdoor Markets.\",\"potentialAction\":[{\"@type\":\"SearchAction\",\"target\":{\"@type\":\"EntryPoint\",\"urlTemplate\":\"https:\/\/oceansignal.com\/cs\/?s={search_term_string}\"},\"query-input\":{\"@type\":\"PropertyValueSpecification\",\"valueRequired\":true,\"valueName\":\"search_term_string\"}}],\"inLanguage\":\"cs\"}]}<\/script>\n<!-- \/ Yoast SEO Premium plugin. -->","yoast_head_json":{"title":"rescueME EPIRB2 - Ocean Signal","description":"Ocean Signal rescueME EPIRB2 : Z\u00e1kladn\u00ed slu\u017eba Return Link Service EPIRB pro n\u00e1mo\u0159n\u00ed bezpe\u010dnost. D\u016fv\u011b\u0159ujte spolehliv\u00e9 nouzov\u00e9 signalizaci. Kupte nyn\u00ed pro klid!","robots":{"index":"index","follow":"follow","max-snippet":"max-snippet:-1","max-image-preview":"max-image-preview:large","max-video-preview":"max-video-preview:-1"},"canonical":"https:\/\/oceansignal.com\/cs\/products\/rescueme-epirb2\/","og_locale":"cs_CZ","og_type":"article","og_title":"rescueME EPIRB2","og_description":"Ocean Signal rescueME EPIRB2 : Z\u00e1kladn\u00ed slu\u017eba Return Link Service EPIRB pro n\u00e1mo\u0159n\u00ed bezpe\u010dnost. D\u016fv\u011b\u0159ujte spolehliv\u00e9 nouzov\u00e9 signalizaci. Kupte nyn\u00ed pro klid!","og_url":"https:\/\/oceansignal.com\/cs\/products\/rescueme-epirb2\/","og_site_name":"Ocean Signal","article_modified_time":"2026-01-21T19:54:41+00:00","og_image":[{"width":432,"height":432,"url":"https:\/\/oceansignal.com\/wp-content\/uploads\/2023\/09\/OSL-Phone-App-EPERB2-PRO-001-1.png","type":"image\/png"}],"twitter_card":"summary_large_image","twitter_misc":{"Odhadovan\u00e1 doba \u010dten\u00ed":"4 minuty"},"schema":{"@context":"https:\/\/schema.org","@graph":[{"@type":"WebPage","@id":"https:\/\/oceansignal.com\/cs\/products\/rescueme-epirb2\/","url":"https:\/\/oceansignal.com\/cs\/products\/rescueme-epirb2\/","name":"rescueME EPIRB2 - Ocean Signal","isPartOf":{"@id":"https:\/\/oceansignal.com\/cs\/#website"},"primaryImageOfPage":{"@id":"https:\/\/oceansignal.com\/cs\/products\/rescueme-epirb2\/#primaryimage"},"image":{"@id":"https:\/\/oceansignal.com\/cs\/products\/rescueme-epirb2\/#primaryimage"},"thumbnailUrl":"https:\/\/oceansignal.com\/wp-content\/uploads\/2023\/09\/OSL-Phone-App-EPERB2-PRO-001-1.png","datePublished":"2023-09-07T12:44:22+00:00","dateModified":"2026-01-21T19:54:41+00:00","description":"Ocean Signal rescueME EPIRB2 : Z\u00e1kladn\u00ed slu\u017eba Return Link Service EPIRB pro n\u00e1mo\u0159n\u00ed bezpe\u010dnost. D\u016fv\u011b\u0159ujte spolehliv\u00e9 nouzov\u00e9 signalizaci. Kupte nyn\u00ed pro klid!","breadcrumb":{"@id":"https:\/\/oceansignal.com\/cs\/products\/rescueme-epirb2\/#breadcrumb"},"inLanguage":"cs","potentialAction":[{"@type":"ReadAction","target":["https:\/\/oceansignal.com\/cs\/products\/rescueme-epirb2\/"]}]},{"@type":"ImageObject","inLanguage":"cs","@id":"https:\/\/oceansignal.com\/cs\/products\/rescueme-epirb2\/#primaryimage","url":"https:\/\/oceansignal.com\/wp-content\/uploads\/2023\/09\/OSL-Phone-App-EPERB2-PRO-001-1.png","contentUrl":"https:\/\/oceansignal.com\/wp-content\/uploads\/2023\/09\/OSL-Phone-App-EPERB2-PRO-001-1.png","width":432,"height":432,"caption":"Zabezpe\u010dte sv\u00e1 n\u00e1mo\u0159n\u00ed dobrodru\u017estv\u00ed s Ocean Signal SafeSea EPIRB3 Pro : Spolehliv\u00fd nouzov\u00fd maj\u00e1k pro rychlou reakci na nouzov\u00e9 situace"},{"@type":"BreadcrumbList","@id":"https:\/\/oceansignal.com\/cs\/products\/rescueme-epirb2\/#breadcrumb","itemListElement":[{"@type":"ListItem","position":1,"name":"Produkty","item":"https:\/\/oceansignal.com\/cs\/produkty\/"},{"@type":"ListItem","position":2,"name":"rescueME EPIRB2"}]},{"@type":"WebSite","@id":"https:\/\/oceansignal.com\/cs\/#website","url":"https:\/\/oceansignal.com\/cs\/","name":"Ocean Signal","description":"A leading manufacturer of EPIRBs, AIS, SARTs, Personal Locator Beacons, Man Overboard Beacon for the Marine and Outdoor Markets.","potentialAction":[{"@type":"SearchAction","target":{"@type":"EntryPoint","urlTemplate":"https:\/\/oceansignal.com\/cs\/?s={search_term_string}"},"query-input":{"@type":"PropertyValueSpecification","valueRequired":true,"valueName":"search_term_string"}}],"inLanguage":"cs"}]}},"_links":{"self":[{"href":"https:\/\/oceansignal.com\/cs\/wp-json\/wp\/v2\/product\/7846","targetHints":{"allow":["GET"]}}],"collection":[{"href":"https:\/\/oceansignal.com\/cs\/wp-json\/wp\/v2\/product"}],"about":[{"href":"https:\/\/oceansignal.com\/cs\/wp-json\/wp\/v2\/types\/product"}],"wp:featuredmedia":[{"embeddable":true,"href":"https:\/\/oceansignal.com\/cs\/wp-json\/wp\/v2\/media\/20465"}],"wp:attachment":[{"href":"https:\/\/oceansignal.com\/cs\/wp-json\/wp\/v2\/media?parent=7846"}],"wp:term":[{"taxonomy":"product_brand","embeddable":true,"href":"https:\/\/oceansignal.com\/cs\/wp-json\/wp\/v2\/product_brand?post=7846"},{"taxonomy":"product_cat","embeddable":true,"href":"https:\/\/oceansignal.com\/cs\/wp-json\/wp\/v2\/product_cat?post=7846"},{"taxonomy":"product_tag","embeddable":true,"href":"https:\/\/oceansignal.com\/cs\/wp-json\/wp\/v2\/product_tag?post=7846"}],"curies":[{"name":"wp","href":"https:\/\/api.w.org\/{rel}","templated":true}]}}