{"id":7848,"date":"2023-09-07T12:15:25","date_gmt":"2023-09-07T12:15:25","guid":{"rendered":"https:\/\/oceansignal.com\/products\/rescueme-epirb1-pro\/"},"modified":"2026-01-21T19:36:21","modified_gmt":"2026-01-21T19:36:21","slug":"rescueme-epirb1-pro","status":"publish","type":"product","link":"https:\/\/oceansignal.com\/cs\/products\/rescueme-epirb1-pro\/","title":{"rendered":"rescueME EPIRB1 Pro"},"content":{"rendered":"<p class=\"ai-optimize-43 ai-optimize-introduction\">EPIRB1 Pro, nejkompaktn\u011bj\u0161\u00ed nouzov\u00fd radiomaj\u00e1k na sv\u011bt\u011b s indikac\u00ed polohy, spojuje kompaktn\u00ed rozm\u011bry s odolnou konstrukc\u00ed, co\u017e z n\u011bj \u010din\u00ed praktickou volbu pro pot\u0159eby v\u0161ech komer\u010dn\u00edch, ryb\u00e1\u0159sk\u00fdch a rekrea\u010dn\u00edch plavidel. Produkt byl navr\u017een pro maxim\u00e1ln\u00ed efektivitu a py\u0161n\u00ed se 10letou v\u00fddr\u017e\u00ed baterie a vynikaj\u00edc\u00ed provozn\u00ed \u017eivotnost\u00ed po aktivaci, tak\u017ee z\u00e1chrann\u00e9 slo\u017eky d\u00e9le informuj\u00ed o va\u0161\u00ed poloze. <\/p>\n<p><iframe loading=\"lazy\" title=\"Ocean Signal GMDSS Suite: SafeSea EPIRB1Pro Overview\" width=\"500\" height=\"281\" src=\"https:\/\/www.youtube.com\/embed\/BRNTAX6pNq4?feature=oembed\" frameborder=\"0\" allow=\"accelerometer; autoplay; clipboard-write; encrypted-media; gyroscope; picture-in-picture; web-share\" referrerpolicy=\"strict-origin-when-cross-origin\" allowfullscreen><\/iframe><\/p>\n<p>&nbsp;<\/p>\n<p class=\"ai-optimize-44\">Popis:<\/p>\n<p class=\"ai-optimize-45\">RescueMe EPIRB1 Pro pracuje v satelitn\u00edm p\u00e1smu 406 MHz. Toto p\u00e1smo zahrnuje mezin\u00e1rodn\u00ed t\u00eds\u0148ov\u00e9 frekvence, kter\u00e9 jsou neust\u00e1le monitorov\u00e1ny <a href=\"https:\/\/www.cospas-sarsat.int\/en\/\">Cospas-Sarsat<\/a> , mezin\u00e1rodn\u00edm p\u00e1trac\u00edm a z\u00e1chrann\u00fdm satelitn\u00edm oper\u00e1torem, zaji\u0161\u0165uj\u00edc\u00edm rychlou reakci, kdy\u017e je p\u0159ijat sign\u00e1l, bez ohledu na to, kde na sv\u011bt\u011b se nach\u00e1z\u00ed. <\/p>\n<p class=\"ai-optimize-46\">Tento EPIRB je vybaven nav\u00e1d\u011bc\u00edm maj\u00e1kem 121,5 MHz pou\u017e\u00edvan\u00fdm z\u00e1chrann\u00fdmi slu\u017ebami pro bl\u00edzkou polohu plavidel v nouzi. Krom\u011b toho je EPIRB vybaven vysoce jasn\u00fdm LED stroboskopick\u00fdm sv\u011btlem pro dal\u0161\u00ed dopad, zejm\u00e9na v noci. Pro nouzov\u00e9 situace, kdy u\u017eivatel nen\u00ed fyzicky schopen dos\u00e1hnout EPIRB v\u010das, je EPIRB1 Pro dod\u00e1v\u00e1n tak\u00e9 s automatick\u00fdm uvol\u0148ovac\u00edm krytem kategorie I (b\u011b\u017en\u011b ozna\u010dovan\u00fdm jako \u201ebez plovouc\u00ed\u201c). T\u00edm je zaji\u0161t\u011bno, \u017ee EPIRB je automaticky nasazen z dr\u017e\u00e1ku vnit\u0159n\u00ed hydrostatickou uvol\u0148ovac\u00ed jednotkou a pot\u00e9 se tak\u00e9 automaticky aktivuje a vyplave na povrch, aby vyslal va\u0161i nouzovou zpr\u00e1vu do satelitn\u00ed s\u00edt\u011b.   <\/p>\n<p class=\"ai-optimize-47\">Automatic Release Housing (ARH) tak\u00e9 obsahuje praktick\u00fd adapt\u00e9r, kter\u00fd poskytuje v\u00edce mo\u017enost\u00ed dodate\u010dn\u00e9 mont\u00e1\u017ee. Pou\u017eijte adapt\u00e9r pro snadnou mont\u00e1\u017e ARH pomoc\u00ed stejn\u00fdch mont\u00e1\u017en\u00edch otvor\u016f, kter\u00e9 byly d\u0159\u00edve pou\u017eity pro star\u0161\u00ed a v\u011bt\u0161\u00ed EPIRBS, jako je Ocean Signal E100\/E100G, Jotron Tron 60s a McMurdo E5\/G5. <\/p>\n<p class=\"ai-optimize-48\">Pot\u0159ebujete upgradovat na EPIRB s podporou AIS? Pod\u00edvejte se na nov\u00fd <a href=\"https:\/\/oceansignal.com\/products\/safesea-epirb3-pro\/\">EPIRB3<\/a> <\/p>\n<p class=\"ai-optimize-49\"><strong>Rysy:<\/strong><\/p>\n<ul>\n<li class=\"ai-optimize-50\">Vyhovuje MED (2014\/90\/EU)<\/li>\n<li class=\"ai-optimize-51\">406 MHz (spojen\u00ed p\u0159es satelit s t\u00eds\u0148ov\u00fdmi slu\u017ebami)<\/li>\n<li class=\"ai-optimize-52\">121,5 MHz Nav\u00e1d\u011bc\u00ed sign\u00e1l (pro usnadn\u011bn\u00ed kone\u010dn\u00e9 lokalizace p\u0159i p\u00e1tr\u00e1n\u00ed a z\u00e1chran\u011b)<\/li>\n<li class=\"ai-optimize-53\">Vysoce intenzivn\u00ed stroboskop<\/li>\n<li class=\"ai-optimize-54\">30% (typ) Men\u0161\u00ed<\/li>\n<li class=\"ai-optimize-55\">\u017divotnost baterie 10 let<\/li>\n<li class=\"ai-optimize-56\">2let\u00e1 z\u00e1ruka (m\u016f\u017ee prodlou\u017eit z\u00e1ruku na 5 let registrac\u00ed produktu u Ocean Signal )<\/li>\n<li class=\"ai-optimize-57\">66 kan\u00e1lov\u00e9 GPS (p\u0159esn\u00e9 ur\u010dov\u00e1n\u00ed polohy)<\/li>\n<\/ul>\n<h3 class=\"ai-optimize-58\">V\u00fdm\u011bna va\u0161eho McMurdo EPIRB za Ocean Signal EPIRB1<\/h3>\n<p><iframe loading=\"lazy\" title=\"Replacing your McMurdo with the EPIRB1\" width=\"500\" height=\"281\" src=\"https:\/\/www.youtube.com\/embed\/7o7i59BIpQs?feature=oembed\" frameborder=\"0\" allow=\"accelerometer; autoplay; clipboard-write; encrypted-media; gyroscope; picture-in-picture; web-share\" referrerpolicy=\"strict-origin-when-cross-origin\" allowfullscreen><\/iframe><\/p>\n","protected":false},"excerpt":{"rendered":"<p>Nejkompaktn\u011bj\u0161\u00ed EPIRB na sv\u011bt\u011b s automatick\u00fdm uvol\u0148ovac\u00edm krytem kategorie I<\/p>\n<ul>\n<li>Jednor\u00e1zov\u00fd n\u00e1kup. \u017d\u00e1dn\u00e9 p\u0159edplatn\u00e9 <\/li>\n<li>Zahrnuje pouzdro s automatick\u00fdm uvol\u0148ov\u00e1n\u00edm kategorie I (b\u011b\u017en\u011b ozna\u010dovan\u00e9 jako \u201ebez plovouc\u00ed\u201c)<\/li>\n<li>Vyhovuje sm\u011brnici o r\u00e1diov\u00fdch za\u0159\u00edzen\u00edch: 2014 \/ 53 \/ EU<\/li>\n<li>406 MHz (spojen\u00ed p\u0159es satelit s t\u00eds\u0148ov\u00fdmi slu\u017ebami)<\/li>\n<li>121,5 MHz Nav\u00e1d\u011bc\u00ed sign\u00e1l (pro usnadn\u011bn\u00ed kone\u010dn\u00e9 lokalizace p\u0159i p\u00e1tr\u00e1n\u00ed a z\u00e1chran\u011b)<\/li>\n<li>Vysoce intenzivn\u00ed stroboskop<\/li>\n<li>30% (typ) Men\u0161\u00ed<\/li>\n<li>\u017divotnost baterie 10 let<\/li>\n<li>2let\u00e1 z\u00e1ruka (m\u016f\u017ee prodlou\u017eit z\u00e1ruku na 5 let registrac\u00ed produktu u Ocean Signal )<\/li>\n<li>66 kan\u00e1lov\u00e9 GPS (p\u0159esn\u00e9 ur\u010dov\u00e1n\u00ed polohy)<\/li>\n<\/ul>\n<p><a href=\"https:\/\/www.dropbox.com\/s\/fk04stqsp2hgk5f\/Prop%2065%20-%20DEHP.pdf?dl=0\">VAROV\u00c1N\u00cd (USA\/CA): PROP 65<\/a><\/p>\n","protected":false},"featured_media":12431,"template":"","meta":{"_acf_changed":false,"om_disable_all_campaigns":false},"product_brand":[],"product_cat":[694,475],"product_tag":[696,1014,1016,1292,1293],"class_list":{"0":"post-7848","1":"product","2":"type-product","3":"status-publish","4":"has-post-thumbnail","6":"product_cat-epirb-cs","7":"product_cat-rescueme-cs-2","8":"product_tag-epirb-cs","9":"product_tag-epirb1-cs","10":"product_tag-epirb1-pro-cs","11":"product_tag-kategorie-1-cs","12":"product_tag-pouzdro-s-automatickym-uvolnenim","14":"first","15":"instock","16":"taxable","17":"shipping-taxable","18":"purchasable","19":"product-type-simple"},"acf":[],"yoast_head":"<!-- This site is optimized with the Yoast SEO Premium plugin v25.2 (Yoast SEO v26.4) - https:\/\/yoast.com\/wordpress\/plugins\/seo\/ -->\n<title>rescueME EPIRB1 Pro - Ocean Signal<\/title>\n<meta name=\"description\" content=\"Ocean Signal EPIRB1 Pro s dr\u017e\u00e1kem bez plov\u00e1ku: V\u00e1\u0161 d\u016fv\u011bryhodn\u00fd spole\u010dn\u00edk pro n\u00e1mo\u0159n\u00ed bezpe\u010dnost, kter\u00fd zaji\u0161\u0165uje rychlou signalizaci nouze na mo\u0159i.\" \/>\n<meta name=\"robots\" content=\"index, follow, max-snippet:-1, max-image-preview:large, max-video-preview:-1\" \/>\n<link rel=\"canonical\" href=\"https:\/\/oceansignal.com\/cs\/products\/rescueme-epirb1-pro\/\" \/>\n<meta property=\"og:locale\" content=\"cs_CZ\" \/>\n<meta property=\"og:type\" content=\"article\" \/>\n<meta property=\"og:title\" content=\"rescueME EPIRB1 Pro\" \/>\n<meta property=\"og:description\" content=\"Ocean Signal EPIRB1 Pro s dr\u017e\u00e1kem bez plov\u00e1ku: V\u00e1\u0161 d\u016fv\u011bryhodn\u00fd spole\u010dn\u00edk pro n\u00e1mo\u0159n\u00ed bezpe\u010dnost, kter\u00fd zaji\u0161\u0165uje rychlou signalizaci nouze na mo\u0159i.\" \/>\n<meta property=\"og:url\" content=\"https:\/\/oceansignal.com\/cs\/products\/rescueme-epirb1-pro\/\" \/>\n<meta property=\"og:site_name\" content=\"Ocean Signal\" \/>\n<meta property=\"article:modified_time\" content=\"2026-01-21T19:36:21+00:00\" \/>\n<meta property=\"og:image\" content=\"https:\/\/oceansignal.com\/wp-content\/uploads\/2023\/09\/EPRIB1-PRO-Front.png\" \/>\n\t<meta property=\"og:image:width\" content=\"800\" \/>\n\t<meta property=\"og:image:height\" content=\"800\" \/>\n\t<meta property=\"og:image:type\" content=\"image\/png\" \/>\n<meta name=\"twitter:card\" content=\"summary_large_image\" \/>\n<meta name=\"twitter:label1\" content=\"Odhadovan\u00e1 doba \u010dten\u00ed\" \/>\n\t<meta name=\"twitter:data1\" content=\"2 minuty\" \/>\n<script type=\"application\/ld+json\" class=\"yoast-schema-graph\">{\"@context\":\"https:\/\/schema.org\",\"@graph\":[{\"@type\":\"WebPage\",\"@id\":\"https:\/\/oceansignal.com\/cs\/products\/rescueme-epirb1-pro\/\",\"url\":\"https:\/\/oceansignal.com\/cs\/products\/rescueme-epirb1-pro\/\",\"name\":\"rescueME EPIRB1 Pro - Ocean Signal\",\"isPartOf\":{\"@id\":\"https:\/\/oceansignal.com\/cs\/#website\"},\"primaryImageOfPage\":{\"@id\":\"https:\/\/oceansignal.com\/cs\/products\/rescueme-epirb1-pro\/#primaryimage\"},\"image\":{\"@id\":\"https:\/\/oceansignal.com\/cs\/products\/rescueme-epirb1-pro\/#primaryimage\"},\"thumbnailUrl\":\"https:\/\/oceansignal.com\/wp-content\/uploads\/2023\/09\/EPRIB1-PRO-Front.png\",\"datePublished\":\"2023-09-07T12:15:25+00:00\",\"dateModified\":\"2026-01-21T19:36:21+00:00\",\"description\":\"Ocean Signal EPIRB1 Pro s dr\u017e\u00e1kem bez plov\u00e1ku: V\u00e1\u0161 d\u016fv\u011bryhodn\u00fd spole\u010dn\u00edk pro n\u00e1mo\u0159n\u00ed bezpe\u010dnost, kter\u00fd zaji\u0161\u0165uje rychlou signalizaci nouze na mo\u0159i.\",\"breadcrumb\":{\"@id\":\"https:\/\/oceansignal.com\/cs\/products\/rescueme-epirb1-pro\/#breadcrumb\"},\"inLanguage\":\"cs\",\"potentialAction\":[{\"@type\":\"ReadAction\",\"target\":[\"https:\/\/oceansignal.com\/cs\/products\/rescueme-epirb1-pro\/\"]}]},{\"@type\":\"ImageObject\",\"inLanguage\":\"cs\",\"@id\":\"https:\/\/oceansignal.com\/cs\/products\/rescueme-epirb1-pro\/#primaryimage\",\"url\":\"https:\/\/oceansignal.com\/wp-content\/uploads\/2023\/09\/EPRIB1-PRO-Front.png\",\"contentUrl\":\"https:\/\/oceansignal.com\/wp-content\/uploads\/2023\/09\/EPRIB1-PRO-Front.png\",\"width\":800,\"height\":800},{\"@type\":\"BreadcrumbList\",\"@id\":\"https:\/\/oceansignal.com\/cs\/products\/rescueme-epirb1-pro\/#breadcrumb\",\"itemListElement\":[{\"@type\":\"ListItem\",\"position\":1,\"name\":\"Produkty\",\"item\":\"https:\/\/oceansignal.com\/cs\/produkty\/\"},{\"@type\":\"ListItem\",\"position\":2,\"name\":\"rescueME EPIRB1 Pro\"}]},{\"@type\":\"WebSite\",\"@id\":\"https:\/\/oceansignal.com\/cs\/#website\",\"url\":\"https:\/\/oceansignal.com\/cs\/\",\"name\":\"Ocean Signal\",\"description\":\"A leading manufacturer of EPIRBs, AIS, SARTs, Personal Locator Beacons, Man Overboard Beacon for the Marine and Outdoor Markets.\",\"potentialAction\":[{\"@type\":\"SearchAction\",\"target\":{\"@type\":\"EntryPoint\",\"urlTemplate\":\"https:\/\/oceansignal.com\/cs\/?s={search_term_string}\"},\"query-input\":{\"@type\":\"PropertyValueSpecification\",\"valueRequired\":true,\"valueName\":\"search_term_string\"}}],\"inLanguage\":\"cs\"}]}<\/script>\n<!-- \/ Yoast SEO Premium plugin. -->","yoast_head_json":{"title":"rescueME EPIRB1 Pro - Ocean Signal","description":"Ocean Signal EPIRB1 Pro s dr\u017e\u00e1kem bez plov\u00e1ku: V\u00e1\u0161 d\u016fv\u011bryhodn\u00fd spole\u010dn\u00edk pro n\u00e1mo\u0159n\u00ed bezpe\u010dnost, kter\u00fd zaji\u0161\u0165uje rychlou signalizaci nouze na mo\u0159i.","robots":{"index":"index","follow":"follow","max-snippet":"max-snippet:-1","max-image-preview":"max-image-preview:large","max-video-preview":"max-video-preview:-1"},"canonical":"https:\/\/oceansignal.com\/cs\/products\/rescueme-epirb1-pro\/","og_locale":"cs_CZ","og_type":"article","og_title":"rescueME EPIRB1 Pro","og_description":"Ocean Signal EPIRB1 Pro s dr\u017e\u00e1kem bez plov\u00e1ku: V\u00e1\u0161 d\u016fv\u011bryhodn\u00fd spole\u010dn\u00edk pro n\u00e1mo\u0159n\u00ed bezpe\u010dnost, kter\u00fd zaji\u0161\u0165uje rychlou signalizaci nouze na mo\u0159i.","og_url":"https:\/\/oceansignal.com\/cs\/products\/rescueme-epirb1-pro\/","og_site_name":"Ocean Signal","article_modified_time":"2026-01-21T19:36:21+00:00","og_image":[{"width":800,"height":800,"url":"https:\/\/oceansignal.com\/wp-content\/uploads\/2023\/09\/EPRIB1-PRO-Front.png","type":"image\/png"}],"twitter_card":"summary_large_image","twitter_misc":{"Odhadovan\u00e1 doba \u010dten\u00ed":"2 minuty"},"schema":{"@context":"https:\/\/schema.org","@graph":[{"@type":"WebPage","@id":"https:\/\/oceansignal.com\/cs\/products\/rescueme-epirb1-pro\/","url":"https:\/\/oceansignal.com\/cs\/products\/rescueme-epirb1-pro\/","name":"rescueME EPIRB1 Pro - Ocean Signal","isPartOf":{"@id":"https:\/\/oceansignal.com\/cs\/#website"},"primaryImageOfPage":{"@id":"https:\/\/oceansignal.com\/cs\/products\/rescueme-epirb1-pro\/#primaryimage"},"image":{"@id":"https:\/\/oceansignal.com\/cs\/products\/rescueme-epirb1-pro\/#primaryimage"},"thumbnailUrl":"https:\/\/oceansignal.com\/wp-content\/uploads\/2023\/09\/EPRIB1-PRO-Front.png","datePublished":"2023-09-07T12:15:25+00:00","dateModified":"2026-01-21T19:36:21+00:00","description":"Ocean Signal EPIRB1 Pro s dr\u017e\u00e1kem bez plov\u00e1ku: V\u00e1\u0161 d\u016fv\u011bryhodn\u00fd spole\u010dn\u00edk pro n\u00e1mo\u0159n\u00ed bezpe\u010dnost, kter\u00fd zaji\u0161\u0165uje rychlou signalizaci nouze na mo\u0159i.","breadcrumb":{"@id":"https:\/\/oceansignal.com\/cs\/products\/rescueme-epirb1-pro\/#breadcrumb"},"inLanguage":"cs","potentialAction":[{"@type":"ReadAction","target":["https:\/\/oceansignal.com\/cs\/products\/rescueme-epirb1-pro\/"]}]},{"@type":"ImageObject","inLanguage":"cs","@id":"https:\/\/oceansignal.com\/cs\/products\/rescueme-epirb1-pro\/#primaryimage","url":"https:\/\/oceansignal.com\/wp-content\/uploads\/2023\/09\/EPRIB1-PRO-Front.png","contentUrl":"https:\/\/oceansignal.com\/wp-content\/uploads\/2023\/09\/EPRIB1-PRO-Front.png","width":800,"height":800},{"@type":"BreadcrumbList","@id":"https:\/\/oceansignal.com\/cs\/products\/rescueme-epirb1-pro\/#breadcrumb","itemListElement":[{"@type":"ListItem","position":1,"name":"Produkty","item":"https:\/\/oceansignal.com\/cs\/produkty\/"},{"@type":"ListItem","position":2,"name":"rescueME EPIRB1 Pro"}]},{"@type":"WebSite","@id":"https:\/\/oceansignal.com\/cs\/#website","url":"https:\/\/oceansignal.com\/cs\/","name":"Ocean Signal","description":"A leading manufacturer of EPIRBs, AIS, SARTs, Personal Locator Beacons, Man Overboard Beacon for the Marine and Outdoor Markets.","potentialAction":[{"@type":"SearchAction","target":{"@type":"EntryPoint","urlTemplate":"https:\/\/oceansignal.com\/cs\/?s={search_term_string}"},"query-input":{"@type":"PropertyValueSpecification","valueRequired":true,"valueName":"search_term_string"}}],"inLanguage":"cs"}]}},"_links":{"self":[{"href":"https:\/\/oceansignal.com\/cs\/wp-json\/wp\/v2\/product\/7848","targetHints":{"allow":["GET"]}}],"collection":[{"href":"https:\/\/oceansignal.com\/cs\/wp-json\/wp\/v2\/product"}],"about":[{"href":"https:\/\/oceansignal.com\/cs\/wp-json\/wp\/v2\/types\/product"}],"wp:featuredmedia":[{"embeddable":true,"href":"https:\/\/oceansignal.com\/cs\/wp-json\/wp\/v2\/media\/12431"}],"wp:attachment":[{"href":"https:\/\/oceansignal.com\/cs\/wp-json\/wp\/v2\/media?parent=7848"}],"wp:term":[{"taxonomy":"product_brand","embeddable":true,"href":"https:\/\/oceansignal.com\/cs\/wp-json\/wp\/v2\/product_brand?post=7848"},{"taxonomy":"product_cat","embeddable":true,"href":"https:\/\/oceansignal.com\/cs\/wp-json\/wp\/v2\/product_cat?post=7848"},{"taxonomy":"product_tag","embeddable":true,"href":"https:\/\/oceansignal.com\/cs\/wp-json\/wp\/v2\/product_tag?post=7848"}],"curies":[{"name":"wp","href":"https:\/\/api.w.org\/{rel}","templated":true}]}}