{"id":7859,"date":"2023-09-07T11:09:06","date_gmt":"2023-09-07T11:09:06","guid":{"rendered":"https:\/\/oceansignal.com\/products\/rescueme-epirb1\/"},"modified":"2026-01-21T19:37:03","modified_gmt":"2026-01-21T19:37:03","slug":"rescueme-epirb1","status":"publish","type":"product","link":"https:\/\/oceansignal.com\/cs\/products\/rescueme-epirb1\/","title":{"rendered":"rescueME EPIRB1"},"content":{"rendered":"<p>Shrnut\u00ed:<\/p>\n<p>rescueME EPIRB1 poskytuje klid s p\u016fsobivou 10letou \u017eivotnost\u00ed baterie.<\/p>\n<p>Nejkompaktn\u011bj\u0161\u00ed r\u00e1diov\u00fd maj\u00e1k s indikac\u00ed nouzov\u00e9 polohy nebo EPIRB na sv\u011bt\u011b m\u016f\u017ee b\u00fdt v\u017edy po ruce, proto\u017ee jeho mal\u00e1 velikost umo\u017e\u0148uje jeho snadn\u00e9 uchycen\u00ed v jeho ru\u010dn\u00edm rychloup\u00ednac\u00edm dr\u017e\u00e1ku nebo um\u00edst\u011bn\u00ed do nouzov\u00e9 bra\u0161ny nebo z\u00e1chrann\u00e9ho \u010dlunu. Jednoduch\u00fd ochrann\u00fd jaz\u00fd\u010dek nad ovl\u00e1dac\u00edmi tla\u010d\u00edtky zabra\u0148uje ne\u00famysln\u00e9 aktivaci, p\u0159esto umo\u017e\u0148uje snadn\u00e9 ovl\u00e1d\u00e1n\u00ed v p\u0159\u00edpad\u011b pot\u0159eby. <\/p>\n<p>rescueME EPIRB1 je tak\u00e9 vybavena dv\u011bma vysoce sv\u00edtiv\u00fdmi blesky pro maximalizaci viditelnosti za \u0161patn\u00fdch sv\u011bteln\u00fdch podm\u00ednek a zatahovac\u00ed ant\u00e9na poskytuje maxim\u00e1ln\u00ed ochranu a men\u0161\u00ed obrys pro ulo\u017een\u00ed. V p\u0159\u00edpad\u011b pot\u0159eby lze ant\u00e9nu snadno nasadit jemn\u00fdm tahem. <\/p>\n<p>Doporu\u010den\u00fd blog: <a href=\"https:\/\/oceansignal.com\/cs\/news\/co-je-nouzova-poloha-indikujici-radiovy-majak-nebo-epirb\/\">Co je to EPIRB ?<\/a><\/p>\n<p>Popis produktu:<\/p>\n<p>P\u0159edstavujeme Ocean Signal rescueME EPIRB1 \u2013 va\u0161eho spolehliv\u00e9ho spole\u010dn\u00edka pro n\u00e1mo\u0159n\u00ed bezpe\u010dnost.<\/p>\n<p>Tento kompaktn\u00ed r\u00e1diov\u00fd maj\u00e1k s indikac\u00ed nouzov\u00e9 polohy ( EPIRB ), kter\u00fd je navr\u017een tak, aby rychle upozornil p\u00e1trac\u00ed a z\u00e1chrann\u00e9 t\u00fdmy v p\u0159\u00edpad\u011b nouze na mo\u0159i, je va\u0161\u00edm z\u00e1chrann\u00fdm lanem na vod\u011b. A\u0165 u\u017e jste n\u00e1mo\u0159n\u00edk, ryb\u00e1\u0159 nebo dobrodruh, rescueME EPIRB1 zajist\u00ed, \u017ee v\u00e1\u0161 nouzov\u00fd sign\u00e1l bude vys\u00edl\u00e1n s p\u0159esnost\u00ed, co\u017e usnadn\u00ed rychlou reakci na va\u0161i polohu. D\u00edky sv\u00e9 nejmodern\u011bj\u0161\u00ed technologii a u\u017eivatelsky p\u0159\u00edv\u011btiv\u00e9mu designu nab\u00edz\u00ed toto z\u00e1kladn\u00ed za\u0159\u00edzen\u00ed bezkonkuren\u010dn\u00ed klid a umo\u017e\u0148uje v\u00e1m bezpe\u010dn\u011b se plavit po mo\u0159\u00edch.  <\/p>\n<p>rescueME EPIRB1 je standardn\u011b dod\u00e1v\u00e1no s integrovan\u00fdm 66kan\u00e1lov\u00fdm GPS, kter\u00fd poskytuje p\u0159esn\u00e9 informace o poloze z\u00e1chrann\u00fdm slu\u017eb\u00e1m a pom\u00e1h\u00e1 p\u0159i rychl\u00e9 z\u00e1chran\u011b. Kdy\u017e je EPIRB1 aktivov\u00e1n, p\u0159enese va\u0161i polohu a jedine\u010dn\u00e9 ID do z\u00e1chrann\u00e9ho koordina\u010dn\u00edho centra p\u0159es satelitn\u00ed spojen\u00ed. Tyto informace jsou pot\u00e9 p\u0159ed\u00e1ny p\u0159\u00edslu\u0161n\u00fdm m\u00edstn\u00edm p\u00e1trac\u00edm a z\u00e1chrann\u00fdm slu\u017eb\u00e1m, kter\u00e9 jim sd\u011bl\u00ed va\u0161i p\u0159esnou polohu d\u00edky 66kan\u00e1lov\u00e9mu GPS.  <\/p>\n<p>Pot\u0159ebujete upgradovat na EPIRB s podporou AIS? Pod\u00edvejte se na nov\u00fd <a href=\"https:\/\/oceansignal.com\/products\/safesea-epirb3-pro\/\">EPIRB3<\/a> <\/p>\n<p>&nbsp;<\/p>\n<p><strong>Rysy:<\/strong><\/p>\n<ul>\n<li>O 30 % (typ) men\u0161\u00ed*<\/li>\n<li>\u017divotnost baterie 10 let<\/li>\n<li>48+ hodin provozn\u00ed \u017eivotnosti<\/li>\n<li>2let\u00e1 z\u00e1ruka \u2020 (z\u00e1ruku lze prodlou\u017eit na 5 let registrac\u00ed produktu)<\/li>\n<li>Rychl\u00e9 a p\u0159esn\u00e9 ur\u010dov\u00e1n\u00ed polohy s 66kan\u00e1lov\u00fdm GPS<\/li>\n<li>V\u00fdsuvn\u00e1 ant\u00e9na<\/li>\n<li>Rychloup\u00ednac\u00ed dr\u017e\u00e1k<\/li>\n<li>Bezpe\u010dn\u00e1 \u0161\u0148\u016frka na krk<\/li>\n<li>Vyrobeno ve Spojen\u00e9m kr\u00e1lovstv\u00ed (UK)<\/li>\n<\/ul>\n<p>&nbsp;<\/p>\n<p>*30 % men\u0161\u00ed ve srovn\u00e1n\u00ed s jin\u00fdmi produkty schv\u00e1len\u00fdmi podle uzn\u00e1van\u00fdch norem (\u010dervenec 2014)<\/p>\n<p>\u2020 Podl\u00e9h\u00e1 prohl\u00e1\u0161en\u00ed o z\u00e1ruce<\/p>\n<p>Pro del\u0161\u00ed cesty na mo\u0159i nebo oce\u00e1nem nab\u00edz\u00ed Ocean Signal <a href=\"http:\/\/oceansignal.com\/products\/rescueme-epirb1-pro\/\">EPIRB1 Pro<\/a> pouzdro s automatick\u00fdm uvoln\u011bn\u00edm.<\/p>\n<p>&nbsp;<\/p>\n","protected":false},"excerpt":{"rendered":"<p>Nejkompaktn\u011bj\u0161\u00ed r\u00e1diov\u00fd maj\u00e1k s indikac\u00ed nouzov\u00e9 polohy ( EPIRB ) na sv\u011bt\u011b<\/p>\n<p><strong>Rysy:<\/strong><\/p>\n<ul>\n<li>Jednor\u00e1zov\u00fd n\u00e1kup. \u017d\u00e1dn\u00e9 p\u0159edplatn\u00e9. <\/li>\n<li>\u017divotnost baterie 10 let<\/li>\n<li>48+ hodin provozn\u00ed \u017eivotnosti<\/li>\n<li>Rychl\u00e9 p\u0159esn\u00e9 ur\u010dov\u00e1n\u00ed polohy s 66kan\u00e1lov\u00fdm GPS a 406MHz + 121,5Mhz<\/li>\n<li>2let\u00e1 z\u00e1ruka \u2020 (z\u00e1ruku lze prodlou\u017eit na 5 let registrac\u00ed produktu)<\/li>\n<li>V\u00fdsuvn\u00e1 ant\u00e9na<\/li>\n<li>Rychloup\u00ednac\u00ed dr\u017e\u00e1k<\/li>\n<li>Bezpe\u010dn\u00e1 \u0161\u0148\u016frka na krk<\/li>\n<li>Vyrobeno ve Spojen\u00e9m kr\u00e1lovstv\u00ed (UK)<\/li>\n<\/ul>\n<p><a href=\"https:\/\/www.dropbox.com\/s\/fk04stqsp2hgk5f\/Prop%2065%20-%20DEHP.pdf?dl=0\">UPOZORN\u011aN\u00cd: PROP 65<\/a><\/p>\n<p>&nbsp;<\/p>\n","protected":false},"featured_media":35475,"template":"","meta":{"_acf_changed":false,"om_disable_all_campaigns":false},"product_brand":[],"product_cat":[694,475],"product_tag":[696,1014,1023,1024,810],"class_list":{"0":"post-7859","1":"product","2":"type-product","3":"status-publish","4":"has-post-thumbnail","6":"product_cat-epirb-cs","7":"product_cat-rescueme-cs-2","8":"product_tag-epirb-cs","9":"product_tag-epirb1-cs","10":"product_tag-gps-cs","11":"product_tag-namorni-bezpecnost","12":"product_tag-nouzova-poloha-indikujici-radiovy-signal-becaon","14":"first","15":"instock","16":"taxable","17":"shipping-taxable","18":"purchasable","19":"product-type-simple"},"acf":[],"yoast_head":"<!-- This site is optimized with the Yoast SEO Premium plugin v25.2 (Yoast SEO v26.4) - https:\/\/yoast.com\/wordpress\/plugins\/seo\/ -->\n<title>rescueME EPIRB1 - Ocean Signal<\/title>\n<meta name=\"description\" content=\"Z\u016fsta\u0148te v bezpe\u010d\u00ed na mo\u0159i se rescueME ME EPIRB1 od spole\u010dnosti Ocean Signal Radio Beacon indikuj\u00edc\u00ed nouzovou polohu. Kompaktn\u00ed a spolehliv\u00fd, je vhodn\u00fd pro n\u00e1mo\u0159n\u00ed dobrodru\u017estv\u00ed.\" \/>\n<meta name=\"robots\" content=\"index, follow, max-snippet:-1, max-image-preview:large, max-video-preview:-1\" \/>\n<link rel=\"canonical\" href=\"https:\/\/oceansignal.com\/cs\/products\/rescueme-epirb1\/\" \/>\n<meta property=\"og:locale\" content=\"cs_CZ\" \/>\n<meta property=\"og:type\" content=\"article\" \/>\n<meta property=\"og:title\" content=\"rescueME EPIRB1\" \/>\n<meta property=\"og:description\" content=\"Z\u016fsta\u0148te v bezpe\u010d\u00ed na mo\u0159i se rescueME ME EPIRB1 od spole\u010dnosti Ocean Signal Radio Beacon indikuj\u00edc\u00ed nouzovou polohu. Kompaktn\u00ed a spolehliv\u00fd, je vhodn\u00fd pro n\u00e1mo\u0159n\u00ed dobrodru\u017estv\u00ed.\" \/>\n<meta property=\"og:url\" content=\"https:\/\/oceansignal.com\/cs\/products\/rescueme-epirb1\/\" \/>\n<meta property=\"og:site_name\" content=\"Ocean Signal\" \/>\n<meta property=\"article:modified_time\" content=\"2026-01-21T19:37:03+00:00\" \/>\n<meta property=\"og:image\" content=\"https:\/\/oceansignal.com\/wp-content\/uploads\/2023\/09\/Ocean-Signal-EPIRB-1-Front.webp\" \/>\n\t<meta property=\"og:image:width\" content=\"800\" \/>\n\t<meta property=\"og:image:height\" content=\"800\" \/>\n\t<meta property=\"og:image:type\" content=\"image\/webp\" \/>\n<meta name=\"twitter:card\" content=\"summary_large_image\" \/>\n<meta name=\"twitter:label1\" content=\"Odhadovan\u00e1 doba \u010dten\u00ed\" \/>\n\t<meta name=\"twitter:data1\" content=\"3 minuty\" \/>\n<script type=\"application\/ld+json\" class=\"yoast-schema-graph\">{\"@context\":\"https:\/\/schema.org\",\"@graph\":[{\"@type\":\"WebPage\",\"@id\":\"https:\/\/oceansignal.com\/cs\/products\/rescueme-epirb1\/\",\"url\":\"https:\/\/oceansignal.com\/cs\/products\/rescueme-epirb1\/\",\"name\":\"rescueME EPIRB1 - Ocean Signal\",\"isPartOf\":{\"@id\":\"https:\/\/oceansignal.com\/cs\/#website\"},\"primaryImageOfPage\":{\"@id\":\"https:\/\/oceansignal.com\/cs\/products\/rescueme-epirb1\/#primaryimage\"},\"image\":{\"@id\":\"https:\/\/oceansignal.com\/cs\/products\/rescueme-epirb1\/#primaryimage\"},\"thumbnailUrl\":\"https:\/\/oceansignal.com\/wp-content\/uploads\/2023\/09\/Ocean-Signal-EPIRB-1-Front.webp\",\"datePublished\":\"2023-09-07T11:09:06+00:00\",\"dateModified\":\"2026-01-21T19:37:03+00:00\",\"description\":\"Z\u016fsta\u0148te v bezpe\u010d\u00ed na mo\u0159i se rescueME ME EPIRB1 od spole\u010dnosti Ocean Signal Radio Beacon indikuj\u00edc\u00ed nouzovou polohu. Kompaktn\u00ed a spolehliv\u00fd, je vhodn\u00fd pro n\u00e1mo\u0159n\u00ed dobrodru\u017estv\u00ed.\",\"breadcrumb\":{\"@id\":\"https:\/\/oceansignal.com\/cs\/products\/rescueme-epirb1\/#breadcrumb\"},\"inLanguage\":\"cs\",\"potentialAction\":[{\"@type\":\"ReadAction\",\"target\":[\"https:\/\/oceansignal.com\/cs\/products\/rescueme-epirb1\/\"]}]},{\"@type\":\"ImageObject\",\"inLanguage\":\"cs\",\"@id\":\"https:\/\/oceansignal.com\/cs\/products\/rescueme-epirb1\/#primaryimage\",\"url\":\"https:\/\/oceansignal.com\/wp-content\/uploads\/2023\/09\/Ocean-Signal-EPIRB-1-Front.webp\",\"contentUrl\":\"https:\/\/oceansignal.com\/wp-content\/uploads\/2023\/09\/Ocean-Signal-EPIRB-1-Front.webp\",\"width\":800,\"height\":800},{\"@type\":\"BreadcrumbList\",\"@id\":\"https:\/\/oceansignal.com\/cs\/products\/rescueme-epirb1\/#breadcrumb\",\"itemListElement\":[{\"@type\":\"ListItem\",\"position\":1,\"name\":\"Produkty\",\"item\":\"https:\/\/oceansignal.com\/cs\/produkty\/\"},{\"@type\":\"ListItem\",\"position\":2,\"name\":\"rescueME EPIRB1\"}]},{\"@type\":\"WebSite\",\"@id\":\"https:\/\/oceansignal.com\/cs\/#website\",\"url\":\"https:\/\/oceansignal.com\/cs\/\",\"name\":\"Ocean Signal\",\"description\":\"A leading manufacturer of EPIRBs, AIS, SARTs, Personal Locator Beacons, Man Overboard Beacon for the Marine and Outdoor Markets.\",\"potentialAction\":[{\"@type\":\"SearchAction\",\"target\":{\"@type\":\"EntryPoint\",\"urlTemplate\":\"https:\/\/oceansignal.com\/cs\/?s={search_term_string}\"},\"query-input\":{\"@type\":\"PropertyValueSpecification\",\"valueRequired\":true,\"valueName\":\"search_term_string\"}}],\"inLanguage\":\"cs\"}]}<\/script>\n<!-- \/ Yoast SEO Premium plugin. -->","yoast_head_json":{"title":"rescueME EPIRB1 - Ocean Signal","description":"Z\u016fsta\u0148te v bezpe\u010d\u00ed na mo\u0159i se rescueME ME EPIRB1 od spole\u010dnosti Ocean Signal Radio Beacon indikuj\u00edc\u00ed nouzovou polohu. Kompaktn\u00ed a spolehliv\u00fd, je vhodn\u00fd pro n\u00e1mo\u0159n\u00ed dobrodru\u017estv\u00ed.","robots":{"index":"index","follow":"follow","max-snippet":"max-snippet:-1","max-image-preview":"max-image-preview:large","max-video-preview":"max-video-preview:-1"},"canonical":"https:\/\/oceansignal.com\/cs\/products\/rescueme-epirb1\/","og_locale":"cs_CZ","og_type":"article","og_title":"rescueME EPIRB1","og_description":"Z\u016fsta\u0148te v bezpe\u010d\u00ed na mo\u0159i se rescueME ME EPIRB1 od spole\u010dnosti Ocean Signal Radio Beacon indikuj\u00edc\u00ed nouzovou polohu. Kompaktn\u00ed a spolehliv\u00fd, je vhodn\u00fd pro n\u00e1mo\u0159n\u00ed dobrodru\u017estv\u00ed.","og_url":"https:\/\/oceansignal.com\/cs\/products\/rescueme-epirb1\/","og_site_name":"Ocean Signal","article_modified_time":"2026-01-21T19:37:03+00:00","og_image":[{"width":800,"height":800,"url":"https:\/\/oceansignal.com\/wp-content\/uploads\/2023\/09\/Ocean-Signal-EPIRB-1-Front.webp","type":"image\/webp"}],"twitter_card":"summary_large_image","twitter_misc":{"Odhadovan\u00e1 doba \u010dten\u00ed":"3 minuty"},"schema":{"@context":"https:\/\/schema.org","@graph":[{"@type":"WebPage","@id":"https:\/\/oceansignal.com\/cs\/products\/rescueme-epirb1\/","url":"https:\/\/oceansignal.com\/cs\/products\/rescueme-epirb1\/","name":"rescueME EPIRB1 - Ocean Signal","isPartOf":{"@id":"https:\/\/oceansignal.com\/cs\/#website"},"primaryImageOfPage":{"@id":"https:\/\/oceansignal.com\/cs\/products\/rescueme-epirb1\/#primaryimage"},"image":{"@id":"https:\/\/oceansignal.com\/cs\/products\/rescueme-epirb1\/#primaryimage"},"thumbnailUrl":"https:\/\/oceansignal.com\/wp-content\/uploads\/2023\/09\/Ocean-Signal-EPIRB-1-Front.webp","datePublished":"2023-09-07T11:09:06+00:00","dateModified":"2026-01-21T19:37:03+00:00","description":"Z\u016fsta\u0148te v bezpe\u010d\u00ed na mo\u0159i se rescueME ME EPIRB1 od spole\u010dnosti Ocean Signal Radio Beacon indikuj\u00edc\u00ed nouzovou polohu. Kompaktn\u00ed a spolehliv\u00fd, je vhodn\u00fd pro n\u00e1mo\u0159n\u00ed dobrodru\u017estv\u00ed.","breadcrumb":{"@id":"https:\/\/oceansignal.com\/cs\/products\/rescueme-epirb1\/#breadcrumb"},"inLanguage":"cs","potentialAction":[{"@type":"ReadAction","target":["https:\/\/oceansignal.com\/cs\/products\/rescueme-epirb1\/"]}]},{"@type":"ImageObject","inLanguage":"cs","@id":"https:\/\/oceansignal.com\/cs\/products\/rescueme-epirb1\/#primaryimage","url":"https:\/\/oceansignal.com\/wp-content\/uploads\/2023\/09\/Ocean-Signal-EPIRB-1-Front.webp","contentUrl":"https:\/\/oceansignal.com\/wp-content\/uploads\/2023\/09\/Ocean-Signal-EPIRB-1-Front.webp","width":800,"height":800},{"@type":"BreadcrumbList","@id":"https:\/\/oceansignal.com\/cs\/products\/rescueme-epirb1\/#breadcrumb","itemListElement":[{"@type":"ListItem","position":1,"name":"Produkty","item":"https:\/\/oceansignal.com\/cs\/produkty\/"},{"@type":"ListItem","position":2,"name":"rescueME EPIRB1"}]},{"@type":"WebSite","@id":"https:\/\/oceansignal.com\/cs\/#website","url":"https:\/\/oceansignal.com\/cs\/","name":"Ocean Signal","description":"A leading manufacturer of EPIRBs, AIS, SARTs, Personal Locator Beacons, Man Overboard Beacon for the Marine and Outdoor Markets.","potentialAction":[{"@type":"SearchAction","target":{"@type":"EntryPoint","urlTemplate":"https:\/\/oceansignal.com\/cs\/?s={search_term_string}"},"query-input":{"@type":"PropertyValueSpecification","valueRequired":true,"valueName":"search_term_string"}}],"inLanguage":"cs"}]}},"_links":{"self":[{"href":"https:\/\/oceansignal.com\/cs\/wp-json\/wp\/v2\/product\/7859","targetHints":{"allow":["GET"]}}],"collection":[{"href":"https:\/\/oceansignal.com\/cs\/wp-json\/wp\/v2\/product"}],"about":[{"href":"https:\/\/oceansignal.com\/cs\/wp-json\/wp\/v2\/types\/product"}],"wp:featuredmedia":[{"embeddable":true,"href":"https:\/\/oceansignal.com\/cs\/wp-json\/wp\/v2\/media\/35475"}],"wp:attachment":[{"href":"https:\/\/oceansignal.com\/cs\/wp-json\/wp\/v2\/media?parent=7859"}],"wp:term":[{"taxonomy":"product_brand","embeddable":true,"href":"https:\/\/oceansignal.com\/cs\/wp-json\/wp\/v2\/product_brand?post=7859"},{"taxonomy":"product_cat","embeddable":true,"href":"https:\/\/oceansignal.com\/cs\/wp-json\/wp\/v2\/product_cat?post=7859"},{"taxonomy":"product_tag","embeddable":true,"href":"https:\/\/oceansignal.com\/cs\/wp-json\/wp\/v2\/product_tag?post=7859"}],"curies":[{"name":"wp","href":"https:\/\/api.w.org\/{rel}","templated":true}]}}