{"id":7871,"date":"2023-09-08T08:24:00","date_gmt":"2023-09-08T08:24:00","guid":{"rendered":"https:\/\/oceansignal.com\/products\/rescueme-edf1-svetlice\/"},"modified":"2026-01-21T20:23:55","modified_gmt":"2026-01-21T20:23:55","slug":"rescueme-edf1-svetlice","status":"publish","type":"product","link":"https:\/\/oceansignal.com\/cs\/products\/rescueme-edf1-svetlice\/","title":{"rendered":"Sv\u011btlice rescueME EDF1"},"content":{"rendered":"<p>Elektronick\u00e1 nouzov\u00e1 sv\u011btlice <strong>rescueME EDF1<\/strong> nab\u00edz\u00ed u\u017eivatel\u016fm bezpe\u010dn\u00e9 a dlouhotrvaj\u00edc\u00ed \u0159e\u0161en\u00ed vizu\u00e1ln\u00ed signalizace v nouzi. Unik\u00e1tn\u00ed design \u010do\u010dky v kombinaci s pou\u017eit\u00edm pokro\u010dil\u00fdch LED diod a vysoce \u00fa\u010dinn\u00e9 technologie obvod\u016f zaji\u0161\u0165uje konstantn\u00ed \u00farove\u0148 sv\u011bteln\u00e9ho v\u00fdkonu po celou dobu \u017eivotnosti u\u017eivatelem vym\u011bniteln\u00e9 baterie. <\/p>\n<p>Sv\u011bteln\u00fd v\u00fdstup je paprsek s \u00fahlem vyza\u0159ov\u00e1n\u00ed p\u0159es 30\u00b0 v cel\u00e9m azimutu 360\u00b0, co\u017e poskytuje v\u00edce ne\u017e 6kr\u00e1t v\u011bt\u0161\u00ed pokryt\u00ed sv\u011btlem ne\u017e jin\u00e9 elektronick\u00e9 sv\u011btlice*. Sv\u011btlo je tak\u00e9 rozlo\u017eeno po cel\u00e9 polokouli nad jednotkou, aby byla zaji\u0161t\u011bna viditelnost ze vzduchu. <\/p>\n<p>Na rozd\u00edl od jednor\u00e1zov\u00fdch pyrotechnick\u00fdch sv\u011btlic lze <strong>rescueME EDF1<\/strong> pou\u017e\u00edvat opakovan\u011b v kter\u00e9mkoli ze sv\u00fdch \u010dty\u0159 re\u017eim\u016f, co\u017e zaji\u0161\u0165uje trvalou viditelnost po del\u0161\u00ed dobu. Jednotka je bezpe\u010dn\u00e1 pro skladov\u00e1n\u00ed i provoz a z\u00e1rove\u0148 eliminuje jak\u00e9koli starosti spojen\u00e9 s likvidac\u00ed. D\u00edky kompaktn\u00edm rozm\u011br\u016fm a robustn\u00ed konstrukci je <strong>rescueME EDF1<\/strong> perfektn\u00edm bezpe\u010dnostn\u00edm produktem pro z\u00e1chrann\u00fd vak, z\u00e1chrann\u00fd vor nebo turistick\u00fd batoh.  <\/p>\n<p><em>N\u00e1hradn\u00ed bateriov\u00fd blok LB10F lze objednat u <a href=\"https:\/\/oceansignal.com\/cs\/podpora\/vyhledavac-prodejcu\/\">prodejc\u016f Ocean Signal,<\/a> kte\u0159\u00ed maj\u00ed skladem EDF1. Objednac\u00ed k\u00f3d je 751S-01771. <\/em><\/p>\n<p>Pot\u0159ebujete schv\u00e1lenou elektronickou sv\u011btlici pob\u0159e\u017en\u00ed str\u00e1\u017ee USA: <a href=\"https:\/\/www.acrartex.com\/products\/resqflare-boat-flare\/\">ACR ResQFlare<\/a><\/p>\n","protected":false},"excerpt":{"rendered":"<p>Nouzov\u00e1 sv\u011btlice EDF1 LED: vynikaj\u00edc\u00ed alternativa k tradi\u010dn\u00edm pyrotechnick\u00fdm sv\u011btlic\u00edm<\/p>\n<ul>\n<li>Pokro\u010dil\u00e1 LED technologie \u2013 Bezpe\u010dn\u00fd provoz<\/li>\n<li>Vynikaj\u00edc\u00ed 360stup\u0148ov\u00e1 viditelnost v azimutu<\/li>\n<li>A\u017e 6 hodin provozu na baterii<\/li>\n<li>\u010cty\u0159i provozn\u00ed re\u017eimy plus signalizace SOS Snadn\u00e1 v\u00fdm\u011bna baterie<\/li>\n<li>Dosah a\u017e 7 mil<\/li>\n<li>Funkce testu baterie<\/li>\n<li>Kompaktn\u00ed, robustn\u00ed konstrukce<\/li>\n<li>Vynikaj\u00edc\u00ed viditelnost pro p\u00e1tr\u00e1n\u00ed a z\u00e1chrann\u00e1 akce letadel a vrtuln\u00edk\u016f<\/li>\n<li>Konstantn\u00ed jas udr\u017eovan\u00fd po celou dobu \u017eivotnosti baterie<\/li>\n<li>Snadn\u00e1 v\u00fdm\u011bna vym\u011bniteln\u00e9 baterie<\/li>\n<li>Vodot\u011bsnost do 10 metr\u016f<\/li>\n<\/ul>\n","protected":false},"featured_media":12038,"template":"","meta":{"_acf_changed":false,"om_disable_all_campaigns":false},"product_brand":[],"product_cat":[1201,475],"product_tag":[1202,1203,1204],"class_list":{"0":"post-7871","1":"product","2":"type-product","3":"status-publish","4":"has-post-thumbnail","6":"product_cat-elektronicka-signalizace-a-nouzove-flare","7":"product_cat-rescueme-cs-2","8":"product_tag-edf1-cs","9":"product_tag-elektronicka-nouzova-flare","10":"product_tag-zachranna-flare","12":"first","13":"instock","14":"taxable","15":"shipping-taxable","16":"purchasable","17":"product-type-simple"},"acf":[],"yoast_head":"<!-- This site is optimized with the Yoast SEO Premium plugin v25.2 (Yoast SEO v26.4) - https:\/\/yoast.com\/wordpress\/plugins\/seo\/ -->\n<title>Sv\u011btlice rescueME EDF1 - Ocean Signal<\/title>\n<meta name=\"description\" content=\"Z\u016fsta\u0148te v bezpe\u010d\u00ed na mo\u0159i s elektronickou sv\u011btlic\u00ed Ocean Signal rescueME EDF1. Kompaktn\u00ed a spolehliv\u00e1 nouzov\u00e1 signalizace pro n\u00e1mo\u0159n\u00ed nouzov\u00e9 situace. Kupte nyn\u00ed!\" \/>\n<meta name=\"robots\" content=\"index, follow, max-snippet:-1, max-image-preview:large, max-video-preview:-1\" \/>\n<link rel=\"canonical\" href=\"https:\/\/oceansignal.com\/cs\/products\/rescueme-edf1-svetlice\/\" \/>\n<meta property=\"og:locale\" content=\"cs_CZ\" \/>\n<meta property=\"og:type\" content=\"article\" \/>\n<meta property=\"og:title\" content=\"Sv\u011btlice rescueME EDF1\" \/>\n<meta property=\"og:description\" content=\"Z\u016fsta\u0148te v bezpe\u010d\u00ed na mo\u0159i s elektronickou sv\u011btlic\u00ed Ocean Signal rescueME EDF1. Kompaktn\u00ed a spolehliv\u00e1 nouzov\u00e1 signalizace pro n\u00e1mo\u0159n\u00ed nouzov\u00e9 situace. Kupte nyn\u00ed!\" \/>\n<meta property=\"og:url\" content=\"https:\/\/oceansignal.com\/cs\/products\/rescueme-edf1-svetlice\/\" \/>\n<meta property=\"og:site_name\" content=\"Ocean Signal\" \/>\n<meta property=\"article:modified_time\" content=\"2026-01-21T20:23:55+00:00\" \/>\n<meta property=\"og:image\" content=\"https:\/\/oceansignal.com\/wp-content\/uploads\/2023\/09\/Ocean-Signal-EDF1.png\" \/>\n\t<meta property=\"og:image:width\" content=\"800\" \/>\n\t<meta property=\"og:image:height\" content=\"800\" \/>\n\t<meta property=\"og:image:type\" content=\"image\/png\" \/>\n<meta name=\"twitter:card\" content=\"summary_large_image\" \/>\n<meta name=\"twitter:label1\" content=\"Odhadovan\u00e1 doba \u010dten\u00ed\" \/>\n\t<meta name=\"twitter:data1\" content=\"1 minuta\" \/>\n<script type=\"application\/ld+json\" class=\"yoast-schema-graph\">{\"@context\":\"https:\/\/schema.org\",\"@graph\":[{\"@type\":\"WebPage\",\"@id\":\"https:\/\/oceansignal.com\/cs\/products\/rescueme-edf1-svetlice\/\",\"url\":\"https:\/\/oceansignal.com\/cs\/products\/rescueme-edf1-svetlice\/\",\"name\":\"Sv\u011btlice rescueME EDF1 - Ocean Signal\",\"isPartOf\":{\"@id\":\"https:\/\/oceansignal.com\/cs\/#website\"},\"primaryImageOfPage\":{\"@id\":\"https:\/\/oceansignal.com\/cs\/products\/rescueme-edf1-svetlice\/#primaryimage\"},\"image\":{\"@id\":\"https:\/\/oceansignal.com\/cs\/products\/rescueme-edf1-svetlice\/#primaryimage\"},\"thumbnailUrl\":\"https:\/\/oceansignal.com\/wp-content\/uploads\/2023\/09\/Ocean-Signal-EDF1.png\",\"datePublished\":\"2023-09-08T08:24:00+00:00\",\"dateModified\":\"2026-01-21T20:23:55+00:00\",\"description\":\"Z\u016fsta\u0148te v bezpe\u010d\u00ed na mo\u0159i s elektronickou sv\u011btlic\u00ed Ocean Signal rescueME EDF1. Kompaktn\u00ed a spolehliv\u00e1 nouzov\u00e1 signalizace pro n\u00e1mo\u0159n\u00ed nouzov\u00e9 situace. Kupte nyn\u00ed!\",\"breadcrumb\":{\"@id\":\"https:\/\/oceansignal.com\/cs\/products\/rescueme-edf1-svetlice\/#breadcrumb\"},\"inLanguage\":\"cs\",\"potentialAction\":[{\"@type\":\"ReadAction\",\"target\":[\"https:\/\/oceansignal.com\/cs\/products\/rescueme-edf1-svetlice\/\"]}]},{\"@type\":\"ImageObject\",\"inLanguage\":\"cs\",\"@id\":\"https:\/\/oceansignal.com\/cs\/products\/rescueme-edf1-svetlice\/#primaryimage\",\"url\":\"https:\/\/oceansignal.com\/wp-content\/uploads\/2023\/09\/Ocean-Signal-EDF1.png\",\"contentUrl\":\"https:\/\/oceansignal.com\/wp-content\/uploads\/2023\/09\/Ocean-Signal-EDF1.png\",\"width\":800,\"height\":800},{\"@type\":\"BreadcrumbList\",\"@id\":\"https:\/\/oceansignal.com\/cs\/products\/rescueme-edf1-svetlice\/#breadcrumb\",\"itemListElement\":[{\"@type\":\"ListItem\",\"position\":1,\"name\":\"Produkty\",\"item\":\"https:\/\/oceansignal.com\/cs\/produkty\/\"},{\"@type\":\"ListItem\",\"position\":2,\"name\":\"Sv\u011btlice rescueME EDF1\"}]},{\"@type\":\"WebSite\",\"@id\":\"https:\/\/oceansignal.com\/cs\/#website\",\"url\":\"https:\/\/oceansignal.com\/cs\/\",\"name\":\"Ocean Signal\",\"description\":\"A leading manufacturer of EPIRBs, AIS, SARTs, Personal Locator Beacons, Man Overboard Beacon for the Marine and Outdoor Markets.\",\"potentialAction\":[{\"@type\":\"SearchAction\",\"target\":{\"@type\":\"EntryPoint\",\"urlTemplate\":\"https:\/\/oceansignal.com\/cs\/?s={search_term_string}\"},\"query-input\":{\"@type\":\"PropertyValueSpecification\",\"valueRequired\":true,\"valueName\":\"search_term_string\"}}],\"inLanguage\":\"cs\"}]}<\/script>\n<!-- \/ Yoast SEO Premium plugin. -->","yoast_head_json":{"title":"Sv\u011btlice rescueME EDF1 - Ocean Signal","description":"Z\u016fsta\u0148te v bezpe\u010d\u00ed na mo\u0159i s elektronickou sv\u011btlic\u00ed Ocean Signal rescueME EDF1. Kompaktn\u00ed a spolehliv\u00e1 nouzov\u00e1 signalizace pro n\u00e1mo\u0159n\u00ed nouzov\u00e9 situace. Kupte nyn\u00ed!","robots":{"index":"index","follow":"follow","max-snippet":"max-snippet:-1","max-image-preview":"max-image-preview:large","max-video-preview":"max-video-preview:-1"},"canonical":"https:\/\/oceansignal.com\/cs\/products\/rescueme-edf1-svetlice\/","og_locale":"cs_CZ","og_type":"article","og_title":"Sv\u011btlice rescueME EDF1","og_description":"Z\u016fsta\u0148te v bezpe\u010d\u00ed na mo\u0159i s elektronickou sv\u011btlic\u00ed Ocean Signal rescueME EDF1. Kompaktn\u00ed a spolehliv\u00e1 nouzov\u00e1 signalizace pro n\u00e1mo\u0159n\u00ed nouzov\u00e9 situace. Kupte nyn\u00ed!","og_url":"https:\/\/oceansignal.com\/cs\/products\/rescueme-edf1-svetlice\/","og_site_name":"Ocean Signal","article_modified_time":"2026-01-21T20:23:55+00:00","og_image":[{"width":800,"height":800,"url":"https:\/\/oceansignal.com\/wp-content\/uploads\/2023\/09\/Ocean-Signal-EDF1.png","type":"image\/png"}],"twitter_card":"summary_large_image","twitter_misc":{"Odhadovan\u00e1 doba \u010dten\u00ed":"1 minuta"},"schema":{"@context":"https:\/\/schema.org","@graph":[{"@type":"WebPage","@id":"https:\/\/oceansignal.com\/cs\/products\/rescueme-edf1-svetlice\/","url":"https:\/\/oceansignal.com\/cs\/products\/rescueme-edf1-svetlice\/","name":"Sv\u011btlice rescueME EDF1 - Ocean Signal","isPartOf":{"@id":"https:\/\/oceansignal.com\/cs\/#website"},"primaryImageOfPage":{"@id":"https:\/\/oceansignal.com\/cs\/products\/rescueme-edf1-svetlice\/#primaryimage"},"image":{"@id":"https:\/\/oceansignal.com\/cs\/products\/rescueme-edf1-svetlice\/#primaryimage"},"thumbnailUrl":"https:\/\/oceansignal.com\/wp-content\/uploads\/2023\/09\/Ocean-Signal-EDF1.png","datePublished":"2023-09-08T08:24:00+00:00","dateModified":"2026-01-21T20:23:55+00:00","description":"Z\u016fsta\u0148te v bezpe\u010d\u00ed na mo\u0159i s elektronickou sv\u011btlic\u00ed Ocean Signal rescueME EDF1. Kompaktn\u00ed a spolehliv\u00e1 nouzov\u00e1 signalizace pro n\u00e1mo\u0159n\u00ed nouzov\u00e9 situace. Kupte nyn\u00ed!","breadcrumb":{"@id":"https:\/\/oceansignal.com\/cs\/products\/rescueme-edf1-svetlice\/#breadcrumb"},"inLanguage":"cs","potentialAction":[{"@type":"ReadAction","target":["https:\/\/oceansignal.com\/cs\/products\/rescueme-edf1-svetlice\/"]}]},{"@type":"ImageObject","inLanguage":"cs","@id":"https:\/\/oceansignal.com\/cs\/products\/rescueme-edf1-svetlice\/#primaryimage","url":"https:\/\/oceansignal.com\/wp-content\/uploads\/2023\/09\/Ocean-Signal-EDF1.png","contentUrl":"https:\/\/oceansignal.com\/wp-content\/uploads\/2023\/09\/Ocean-Signal-EDF1.png","width":800,"height":800},{"@type":"BreadcrumbList","@id":"https:\/\/oceansignal.com\/cs\/products\/rescueme-edf1-svetlice\/#breadcrumb","itemListElement":[{"@type":"ListItem","position":1,"name":"Produkty","item":"https:\/\/oceansignal.com\/cs\/produkty\/"},{"@type":"ListItem","position":2,"name":"Sv\u011btlice rescueME EDF1"}]},{"@type":"WebSite","@id":"https:\/\/oceansignal.com\/cs\/#website","url":"https:\/\/oceansignal.com\/cs\/","name":"Ocean Signal","description":"A leading manufacturer of EPIRBs, AIS, SARTs, Personal Locator Beacons, Man Overboard Beacon for the Marine and Outdoor Markets.","potentialAction":[{"@type":"SearchAction","target":{"@type":"EntryPoint","urlTemplate":"https:\/\/oceansignal.com\/cs\/?s={search_term_string}"},"query-input":{"@type":"PropertyValueSpecification","valueRequired":true,"valueName":"search_term_string"}}],"inLanguage":"cs"}]}},"_links":{"self":[{"href":"https:\/\/oceansignal.com\/cs\/wp-json\/wp\/v2\/product\/7871","targetHints":{"allow":["GET"]}}],"collection":[{"href":"https:\/\/oceansignal.com\/cs\/wp-json\/wp\/v2\/product"}],"about":[{"href":"https:\/\/oceansignal.com\/cs\/wp-json\/wp\/v2\/types\/product"}],"wp:featuredmedia":[{"embeddable":true,"href":"https:\/\/oceansignal.com\/cs\/wp-json\/wp\/v2\/media\/12038"}],"wp:attachment":[{"href":"https:\/\/oceansignal.com\/cs\/wp-json\/wp\/v2\/media?parent=7871"}],"wp:term":[{"taxonomy":"product_brand","embeddable":true,"href":"https:\/\/oceansignal.com\/cs\/wp-json\/wp\/v2\/product_brand?post=7871"},{"taxonomy":"product_cat","embeddable":true,"href":"https:\/\/oceansignal.com\/cs\/wp-json\/wp\/v2\/product_cat?post=7871"},{"taxonomy":"product_tag","embeddable":true,"href":"https:\/\/oceansignal.com\/cs\/wp-json\/wp\/v2\/product_tag?post=7871"}],"curies":[{"name":"wp","href":"https:\/\/api.w.org\/{rel}","templated":true}]}}