{"id":8428,"date":"2023-09-08T09:20:37","date_gmt":"2023-09-08T09:20:37","guid":{"rendered":"https:\/\/oceansignal.com\/products\/safesea-v100-vhf\/"},"modified":"2026-01-21T19:55:51","modified_gmt":"2026-01-21T19:55:51","slug":"safesea-v100-vhf","status":"publish","type":"product","link":"https:\/\/oceansignal.com\/cs\/products\/safesea-v100-vhf\/","title":{"rendered":"safeSEA V100 VHF"},"content":{"rendered":"<p>Pro rutinn\u00ed testov\u00e1n\u00ed V100 je k dispozici alkalick\u00e1, nedob\u00edjec\u00ed baterie (TB6V). Tato baterie m\u00e1 omezenou \u017eivotnost pouze pro testov\u00e1n\u00ed a nen\u00ed vhodn\u00e1 pro provozn\u00ed pou\u017eit\u00ed. Krom\u011b toho nov\u00fd ochrann\u00fd jaz\u00fd\u010dek baterie znamen\u00e1, \u017ee prim\u00e1rn\u00ed baterie m\u016f\u017ee b\u00fdt trvale p\u0159ipojena k r\u00e1diu bez obav ze ztr\u00e1ty nabit\u00ed. R\u00e1dio bude v\u017edy k dispozici pro pou\u017eit\u00ed v dob\u011b nouze, ani\u017e by bylo nutn\u00e9 p\u0159ed pou\u017eit\u00edm odstra\u0148ovat ochrann\u00e9 \u0161t\u00edtky nebo podobn\u011b. Jednodu\u0161e odlomte \u010derven\u00fd ochrann\u00fd jaz\u00fd\u010dek a r\u00e1dio bude okam\u017eit\u011b p\u0159ipraveno k zapnut\u00ed.    <\/p>\n<h4>Rysy:<\/h4>\n<ul>\n<li>Lithium-polymerov\u00e1 dob\u00edjec\u00ed baterie je k dispozici s rychlonab\u00edje\u010dkou, pro ka\u017edodenn\u00ed b\u011b\u017en\u00e9 pou\u017eit\u00ed<\/li>\n<li>Pln\u011b vodot\u011bsn\u00fd, dokonce i tepeln\u00fd \u0161ok 40C<\/li>\n<li>Vysoce \u00fa\u010dinn\u00fd vys\u00edla\u010d pro maxim\u00e1ln\u00ed \u017eivotnost baterie<\/li>\n<li>Robustn\u00ed konstrukce p\u0159ekra\u010duje po\u017eadavky GMDSS VHF r\u00e1dia na \u017eivotn\u00ed prost\u0159ed\u00ed<\/li>\n<li>Lithiov\u00e1 prim\u00e1rn\u00ed baterie pro nouzov\u00e9 pou\u017eit\u00ed\n<ul>\n<li>Nov\u00fd ochrann\u00fd \u0161t\u00edtek baterie chr\u00e1n\u00ed p\u0159ed ne\u00famysln\u00fdm pou\u017eit\u00edm<\/li>\n<li>Baterie klasifikovan\u00e1 jako bezpe\u010dn\u00e1 pro p\u0159epravu<\/li>\n<li>Baterie poskytuje v\u00edce ne\u017e 16 hodin typick\u00e9ho provozu i p\u0159i -20 \u00b0C. (10 % Tx, 10 % Rx, 80 % Squelched) <\/li>\n<\/ul>\n<\/li>\n<li>Laserem leptan\u00e9 legendy kl\u00e1ves pro odolnost<\/li>\n<li>Vysoce kontrastn\u00ed, podsv\u00edcen\u00fd LCD displej a kl\u00e1vesnice<\/li>\n<li>Mo\u017enost robustn\u00ed z\u00e1suvky pro p\u0159\u00edslu\u0161enstv\u00ed; vodot\u011bsn\u00fd podle IP68 pro pou\u017eit\u00ed s n\u00e1hlavn\u00edmi soupravami, helmami, p\u011bstn\u00edmi mikrofony atd.<\/li>\n<li>4 re\u017eimy skenov\u00e1n\u00ed, D\/W, T\/W, skenov\u00e1n\u00ed a skenov\u00e1n\u00ed z pam\u011bti<\/li>\n<li>21 simplexn\u00edch kan\u00e1l\u016f podle po\u017eadavk\u016f IMO SOLA<\/li>\n<\/ul>\n<p>VHF r\u00e1dio safeSEA V100 GMDSS spl\u0148uje p\u0159\u00edsn\u00e9 po\u017eadavky stanoven\u00e9 Glob\u00e1ln\u00edm n\u00e1mo\u0159n\u00edm syst\u00e9mem pro t\u00eds\u0148ovou bezpe\u010dnost (GMDSS), <a href=\"https:\/\/www.imo.org\/\">Mezin\u00e1rodn\u00ed n\u00e1mo\u0159n\u00ed organizac\u00ed (IMO)<\/a> a \u00famluvou o bezpe\u010dnosti lidsk\u00e9ho \u017eivota na mo\u0159i (SOLAS). V souladu s mezin\u00e1rodn\u00edmi normami zaji\u0161\u0165uje dodr\u017eov\u00e1n\u00ed p\u0159edpis\u016f a p\u0159ipravenost va\u0161eho plavidla pro n\u00e1mo\u0159n\u00ed provoz.<\/p>\n<p>Plavidla podl\u00e9haj\u00edc\u00ed p\u0159edpis\u016fm o glob\u00e1ln\u00edm n\u00e1mo\u0159n\u00edm t\u00eds\u0148ov\u00e9m a bezpe\u010dnostn\u00edm syst\u00e9mu ( <a href=\"https:\/\/www.navcen.uscg.gov\/global-maritime-distress-and-safety-system\">GMDSS<\/a> ) obvykle mus\u00ed m\u00edt VHF r\u00e1dio GMDSS.<br \/>\n Pat\u0159\u00ed sem:<\/p>\n<ol>\n<li>Osobn\u00ed lod\u011b, v\u010detn\u011b trajekt\u016f a v\u00fdletn\u00edch lod\u00ed.<\/li>\n<li>N\u00e1kladn\u00ed lod\u011b o hrub\u00e9 prostornosti 300 a v\u00edce.<\/li>\n<li>Tankery, v\u010detn\u011b ropn\u00fdch, chemick\u00fdch a zkapaln\u011bn\u00fdch p\u0159epravc\u016f plynu.<\/li>\n<li>Vysokorychlostn\u00ed plavidla (HSC) o hrub\u00e9 prostornosti 500 a v\u00edce.<\/li>\n<li>Pob\u0159e\u017en\u00ed instalace a mobiln\u00ed pob\u0159e\u017en\u00ed vrtn\u00e9 jednotky (MODU).<\/li>\n<li>N\u011bkter\u00e1 vl\u00e1dn\u00ed plavidla zapojen\u00e1 do mezin\u00e1rodn\u00edch plaveb.<\/li>\n<\/ol>\n<p>Krom\u011b toho mohou platit zvl\u00e1\u0161tn\u00ed p\u0159edpisy v z\u00e1vislosti na st\u00e1tu vlajky plavidla, oblasti provozu a d\u00e9lce plavby. Pro zaji\u0161t\u011bn\u00ed souladu je nezbytn\u00e9 konzultovat p\u0159\u00edslu\u0161n\u00e9 n\u00e1mo\u0159n\u00ed \u00fa\u0159ady a dodr\u017eovat platn\u00e9 p\u0159edpisy. <\/p>\n<p>Pot\u0159ebujete upgradovat na nov\u00fd AIS EPIRB , aby byl kompatibiln\u00ed s GMDSS? Pod\u00edvejte se na nov\u00fd <a href=\"https:\/\/oceansignal.com\/products\/safesea-epirb3-pro\/\">safeSEA EPIRB3 Pro<\/a> <\/p>\n<p><strong>D\u016fle\u017eit\u00e9:<\/strong> P\u0159e\u010dt\u011bte si pros\u00edm tento <a href=\"http:\/\/oceansignal.com\/wp-content\/uploads\/2023\/09\/Service-Information-Letter-V100-Battery-Replacement.pdf\">servisn\u00ed bulletin<\/a> s upozorn\u011bn\u00edm na bezplatnou nab\u00eddku v\u00fdm\u011bny bateri\u00ed u bateri\u00ed s datem expirace nep\u0159esahuj\u00edc\u00edm z\u00e1\u0159\u00ed 2023.<br \/>\n Ce <a href=\"http:\/\/oceansignal.com\/wp-content\/uploads\/2023\/09\/Service-Information-Letter-V100-Battery-Replacement-Fr.pdf\">bulletin<\/a> est \u00e9galement disponible en langue fran\u00e7aise<\/p>\n","protected":false},"excerpt":{"rendered":"<p>VHF radiostanice Ocean Signal safeSEA V100 Survival je pe\u010dliv\u011b navr\u017eena jako dokonal\u00e9 komunika\u010dn\u00ed \u0159e\u0161en\u00ed pro plavidla GMDSS, IMO a SOLAS. D\u00edky sv\u00e9 robustn\u00ed konstrukci a pokro\u010dil\u00fdm funkc\u00edm je tato VHF radiostanice GMDSS va\u0161\u00ed z\u00e1chranou v nouzov\u00fdch situac\u00edch na mo\u0159i. <\/p>\n<p>P\u0159enosn\u00e1 ru\u010dn\u00ed VHF radiostanice safeSEA V100 pro z\u00e1chrann\u00e1 plavidla spl\u0148uje v\u0161echny po\u017eadavky IMO pro p\u0159epravu na lod\u00edch SOLAS. V100 je navr\u017eena tak, aby byla ultra odoln\u00e1 a snadno se pou\u017e\u00edvala jak na palub\u011b, tak v nouzov\u00fdch situac\u00edch, a je tak ide\u00e1ln\u00ed volbou pro povinnou i dobrovolnou p\u0159epravu. <\/p>\n<p>Krom\u011b prim\u00e1rn\u00ed baterie nab\u00edz\u00ed Ocean Signal jako volitelnou mo\u017enost pro ka\u017edodenn\u00ed pou\u017eit\u00ed lithium-polymerovou dob\u00edjec\u00ed baterii (RB5V). Rychloup\u00ednac\u00ed rychlonab\u00edje\u010dka poskytuje ide\u00e1ln\u00ed \u0159e\u0161en\u00ed pro udr\u017een\u00ed pln\u011b nabit\u00fdch bateri\u00ed. <\/p>\n<p><a href=\"https:\/\/www.dropbox.com\/s\/fk04stqsp2hgk5f\/Prop%2065%20-%20DEHP.pdf?dl=0\">UPOZORN\u011aN\u00cd: PROP 65<\/a><\/p>\n<p>&nbsp;<\/p>\n<p>&nbsp;<\/p>\n","protected":false},"featured_media":20870,"template":"","meta":{"_acf_changed":false,"om_disable_all_campaigns":false},"product_brand":[],"product_cat":[332],"product_tag":[],"class_list":{"0":"post-8428","1":"product","2":"type-product","3":"status-publish","4":"has-post-thumbnail","6":"product_cat-safesea-cs","8":"first","9":"instock","10":"taxable","11":"shipping-taxable","12":"purchasable","13":"product-type-simple"},"acf":[],"yoast_head":"<!-- This site is optimized with the Yoast SEO Premium plugin v25.2 (Yoast SEO v26.4) - https:\/\/yoast.com\/wordpress\/plugins\/seo\/ -->\n<title>safeSEA V100 VHF - Ocean Signal<\/title>\n<meta name=\"description\" content=\"VHF r\u00e1dio Ocean Signal safeSEA V100: Spl\u0148uje normu GMDSS pro plavidla SOLAS. Z\u00e1kladn\u00ed komunika\u010dn\u00ed za\u0159\u00edzen\u00ed zaji\u0161\u0165uj\u00edc\u00ed n\u00e1mo\u0159n\u00ed bezpe\u010dnost a shodu s p\u0159edpisy.\" \/>\n<meta name=\"robots\" content=\"index, follow, max-snippet:-1, max-image-preview:large, max-video-preview:-1\" \/>\n<link rel=\"canonical\" href=\"https:\/\/oceansignal.com\/cs\/products\/safesea-v100-vhf\/\" \/>\n<meta property=\"og:locale\" content=\"cs_CZ\" \/>\n<meta property=\"og:type\" content=\"article\" \/>\n<meta property=\"og:title\" content=\"safeSEA V100 VHF\" \/>\n<meta property=\"og:description\" content=\"VHF r\u00e1dio Ocean Signal safeSEA V100: Spl\u0148uje normu GMDSS pro plavidla SOLAS. Z\u00e1kladn\u00ed komunika\u010dn\u00ed za\u0159\u00edzen\u00ed zaji\u0161\u0165uj\u00edc\u00ed n\u00e1mo\u0159n\u00ed bezpe\u010dnost a shodu s p\u0159edpisy.\" \/>\n<meta property=\"og:url\" content=\"https:\/\/oceansignal.com\/cs\/products\/safesea-v100-vhf\/\" \/>\n<meta property=\"og:site_name\" content=\"Ocean Signal\" \/>\n<meta property=\"article:modified_time\" content=\"2026-01-21T19:55:51+00:00\" \/>\n<meta property=\"og:image\" content=\"https:\/\/oceansignal.com\/wp-content\/uploads\/2023\/09\/OSL-V100-360_600x600.gif\" \/>\n\t<meta property=\"og:image:width\" content=\"600\" \/>\n\t<meta property=\"og:image:height\" content=\"600\" \/>\n\t<meta property=\"og:image:type\" content=\"image\/gif\" \/>\n<meta name=\"twitter:card\" content=\"summary_large_image\" \/>\n<meta name=\"twitter:label1\" content=\"Odhadovan\u00e1 doba \u010dten\u00ed\" \/>\n\t<meta name=\"twitter:data1\" content=\"3 minuty\" \/>\n<script type=\"application\/ld+json\" class=\"yoast-schema-graph\">{\"@context\":\"https:\/\/schema.org\",\"@graph\":[{\"@type\":\"WebPage\",\"@id\":\"https:\/\/oceansignal.com\/cs\/products\/safesea-v100-vhf\/\",\"url\":\"https:\/\/oceansignal.com\/cs\/products\/safesea-v100-vhf\/\",\"name\":\"safeSEA V100 VHF - Ocean Signal\",\"isPartOf\":{\"@id\":\"https:\/\/oceansignal.com\/cs\/#website\"},\"primaryImageOfPage\":{\"@id\":\"https:\/\/oceansignal.com\/cs\/products\/safesea-v100-vhf\/#primaryimage\"},\"image\":{\"@id\":\"https:\/\/oceansignal.com\/cs\/products\/safesea-v100-vhf\/#primaryimage\"},\"thumbnailUrl\":\"https:\/\/oceansignal.com\/wp-content\/uploads\/2023\/09\/OSL-V100-360_600x600.gif\",\"datePublished\":\"2023-09-08T09:20:37+00:00\",\"dateModified\":\"2026-01-21T19:55:51+00:00\",\"description\":\"VHF r\u00e1dio Ocean Signal safeSEA V100: Spl\u0148uje normu GMDSS pro plavidla SOLAS. Z\u00e1kladn\u00ed komunika\u010dn\u00ed za\u0159\u00edzen\u00ed zaji\u0161\u0165uj\u00edc\u00ed n\u00e1mo\u0159n\u00ed bezpe\u010dnost a shodu s p\u0159edpisy.\",\"breadcrumb\":{\"@id\":\"https:\/\/oceansignal.com\/cs\/products\/safesea-v100-vhf\/#breadcrumb\"},\"inLanguage\":\"cs\",\"potentialAction\":[{\"@type\":\"ReadAction\",\"target\":[\"https:\/\/oceansignal.com\/cs\/products\/safesea-v100-vhf\/\"]}]},{\"@type\":\"ImageObject\",\"inLanguage\":\"cs\",\"@id\":\"https:\/\/oceansignal.com\/cs\/products\/safesea-v100-vhf\/#primaryimage\",\"url\":\"https:\/\/oceansignal.com\/wp-content\/uploads\/2023\/09\/OSL-V100-360_600x600.gif\",\"contentUrl\":\"https:\/\/oceansignal.com\/wp-content\/uploads\/2023\/09\/OSL-V100-360_600x600.gif\",\"width\":600,\"height\":600,\"caption\":\"GMDSS VHF r\u00e1dio\"},{\"@type\":\"BreadcrumbList\",\"@id\":\"https:\/\/oceansignal.com\/cs\/products\/safesea-v100-vhf\/#breadcrumb\",\"itemListElement\":[{\"@type\":\"ListItem\",\"position\":1,\"name\":\"Produkty\",\"item\":\"https:\/\/oceansignal.com\/cs\/produkty\/\"},{\"@type\":\"ListItem\",\"position\":2,\"name\":\"safeSEA V100 VHF\"}]},{\"@type\":\"WebSite\",\"@id\":\"https:\/\/oceansignal.com\/cs\/#website\",\"url\":\"https:\/\/oceansignal.com\/cs\/\",\"name\":\"Ocean Signal\",\"description\":\"A leading manufacturer of EPIRBs, AIS, SARTs, Personal Locator Beacons, Man Overboard Beacon for the Marine and Outdoor Markets.\",\"potentialAction\":[{\"@type\":\"SearchAction\",\"target\":{\"@type\":\"EntryPoint\",\"urlTemplate\":\"https:\/\/oceansignal.com\/cs\/?s={search_term_string}\"},\"query-input\":{\"@type\":\"PropertyValueSpecification\",\"valueRequired\":true,\"valueName\":\"search_term_string\"}}],\"inLanguage\":\"cs\"}]}<\/script>\n<!-- \/ Yoast SEO Premium plugin. -->","yoast_head_json":{"title":"safeSEA V100 VHF - Ocean Signal","description":"VHF r\u00e1dio Ocean Signal safeSEA V100: Spl\u0148uje normu GMDSS pro plavidla SOLAS. Z\u00e1kladn\u00ed komunika\u010dn\u00ed za\u0159\u00edzen\u00ed zaji\u0161\u0165uj\u00edc\u00ed n\u00e1mo\u0159n\u00ed bezpe\u010dnost a shodu s p\u0159edpisy.","robots":{"index":"index","follow":"follow","max-snippet":"max-snippet:-1","max-image-preview":"max-image-preview:large","max-video-preview":"max-video-preview:-1"},"canonical":"https:\/\/oceansignal.com\/cs\/products\/safesea-v100-vhf\/","og_locale":"cs_CZ","og_type":"article","og_title":"safeSEA V100 VHF","og_description":"VHF r\u00e1dio Ocean Signal safeSEA V100: Spl\u0148uje normu GMDSS pro plavidla SOLAS. Z\u00e1kladn\u00ed komunika\u010dn\u00ed za\u0159\u00edzen\u00ed zaji\u0161\u0165uj\u00edc\u00ed n\u00e1mo\u0159n\u00ed bezpe\u010dnost a shodu s p\u0159edpisy.","og_url":"https:\/\/oceansignal.com\/cs\/products\/safesea-v100-vhf\/","og_site_name":"Ocean Signal","article_modified_time":"2026-01-21T19:55:51+00:00","og_image":[{"url":"https:\/\/oceansignal.com\/wp-content\/uploads\/2023\/09\/OSL-V100-360_600x600.gif","width":600,"height":600,"type":"image\/gif"}],"twitter_card":"summary_large_image","twitter_misc":{"Odhadovan\u00e1 doba \u010dten\u00ed":"3 minuty"},"schema":{"@context":"https:\/\/schema.org","@graph":[{"@type":"WebPage","@id":"https:\/\/oceansignal.com\/cs\/products\/safesea-v100-vhf\/","url":"https:\/\/oceansignal.com\/cs\/products\/safesea-v100-vhf\/","name":"safeSEA V100 VHF - Ocean Signal","isPartOf":{"@id":"https:\/\/oceansignal.com\/cs\/#website"},"primaryImageOfPage":{"@id":"https:\/\/oceansignal.com\/cs\/products\/safesea-v100-vhf\/#primaryimage"},"image":{"@id":"https:\/\/oceansignal.com\/cs\/products\/safesea-v100-vhf\/#primaryimage"},"thumbnailUrl":"https:\/\/oceansignal.com\/wp-content\/uploads\/2023\/09\/OSL-V100-360_600x600.gif","datePublished":"2023-09-08T09:20:37+00:00","dateModified":"2026-01-21T19:55:51+00:00","description":"VHF r\u00e1dio Ocean Signal safeSEA V100: Spl\u0148uje normu GMDSS pro plavidla SOLAS. Z\u00e1kladn\u00ed komunika\u010dn\u00ed za\u0159\u00edzen\u00ed zaji\u0161\u0165uj\u00edc\u00ed n\u00e1mo\u0159n\u00ed bezpe\u010dnost a shodu s p\u0159edpisy.","breadcrumb":{"@id":"https:\/\/oceansignal.com\/cs\/products\/safesea-v100-vhf\/#breadcrumb"},"inLanguage":"cs","potentialAction":[{"@type":"ReadAction","target":["https:\/\/oceansignal.com\/cs\/products\/safesea-v100-vhf\/"]}]},{"@type":"ImageObject","inLanguage":"cs","@id":"https:\/\/oceansignal.com\/cs\/products\/safesea-v100-vhf\/#primaryimage","url":"https:\/\/oceansignal.com\/wp-content\/uploads\/2023\/09\/OSL-V100-360_600x600.gif","contentUrl":"https:\/\/oceansignal.com\/wp-content\/uploads\/2023\/09\/OSL-V100-360_600x600.gif","width":600,"height":600,"caption":"GMDSS VHF r\u00e1dio"},{"@type":"BreadcrumbList","@id":"https:\/\/oceansignal.com\/cs\/products\/safesea-v100-vhf\/#breadcrumb","itemListElement":[{"@type":"ListItem","position":1,"name":"Produkty","item":"https:\/\/oceansignal.com\/cs\/produkty\/"},{"@type":"ListItem","position":2,"name":"safeSEA V100 VHF"}]},{"@type":"WebSite","@id":"https:\/\/oceansignal.com\/cs\/#website","url":"https:\/\/oceansignal.com\/cs\/","name":"Ocean Signal","description":"A leading manufacturer of EPIRBs, AIS, SARTs, Personal Locator Beacons, Man Overboard Beacon for the Marine and Outdoor Markets.","potentialAction":[{"@type":"SearchAction","target":{"@type":"EntryPoint","urlTemplate":"https:\/\/oceansignal.com\/cs\/?s={search_term_string}"},"query-input":{"@type":"PropertyValueSpecification","valueRequired":true,"valueName":"search_term_string"}}],"inLanguage":"cs"}]}},"_links":{"self":[{"href":"https:\/\/oceansignal.com\/cs\/wp-json\/wp\/v2\/product\/8428","targetHints":{"allow":["GET"]}}],"collection":[{"href":"https:\/\/oceansignal.com\/cs\/wp-json\/wp\/v2\/product"}],"about":[{"href":"https:\/\/oceansignal.com\/cs\/wp-json\/wp\/v2\/types\/product"}],"wp:featuredmedia":[{"embeddable":true,"href":"https:\/\/oceansignal.com\/cs\/wp-json\/wp\/v2\/media\/20870"}],"wp:attachment":[{"href":"https:\/\/oceansignal.com\/cs\/wp-json\/wp\/v2\/media?parent=8428"}],"wp:term":[{"taxonomy":"product_brand","embeddable":true,"href":"https:\/\/oceansignal.com\/cs\/wp-json\/wp\/v2\/product_brand?post=8428"},{"taxonomy":"product_cat","embeddable":true,"href":"https:\/\/oceansignal.com\/cs\/wp-json\/wp\/v2\/product_cat?post=8428"},{"taxonomy":"product_tag","embeddable":true,"href":"https:\/\/oceansignal.com\/cs\/wp-json\/wp\/v2\/product_tag?post=8428"}],"curies":[{"name":"wp","href":"https:\/\/api.w.org\/{rel}","templated":true}]}}