{"id":8440,"date":"2023-09-08T09:39:08","date_gmt":"2023-09-08T09:39:08","guid":{"rendered":"https:\/\/oceansignal.com\/products\/safesea-s100-radar-sart\/"},"modified":"2026-01-21T19:32:58","modified_gmt":"2026-01-21T19:32:58","slug":"safesea-s100-radar-sart","status":"publish","type":"product","link":"https:\/\/oceansignal.com\/cs\/products\/safesea-s100-radar-sart\/","title":{"rendered":"Radar SART safeSEA S100"},"content":{"rendered":"<h4>Transpond\u00e9r pro p\u00e1tr\u00e1n\u00ed a z\u00e1chranu (Radar SART) safeSEA S100 je specializovan\u00fd radarov\u00fd transpond\u00e9r, kter\u00fd spl\u0148uje p\u0159edpisy <a href=\"https:\/\/www.imo.org\/\">IMO<\/a> SOLAS.<\/h4>\n<p>Mezin\u00e1rodn\u00ed n\u00e1mo\u0159n\u00ed organizace (IMO) na\u0159izuje po\u017eadavky na p\u0159epravu glob\u00e1ln\u00edho n\u00e1mo\u0159n\u00edho nouzov\u00e9ho a bezpe\u010dnostn\u00edho syst\u00e9mu (GMDSS) pro vyhled\u00e1vac\u00ed a z\u00e1chrann\u00e9 transpond\u00e9ry (SART). Lod\u011b podl\u00e9haj\u00edc\u00ed p\u0159edpis\u016fm GMDSS, v\u010detn\u011b osobn\u00edch lod\u00ed, n\u00e1kladn\u00edch lod\u00ed nad 300 RT a plavidel provozuj\u00edc\u00edch mezin\u00e1rodn\u00ed plavby, mus\u00ed n\u00e9st alespo\u0148 jeden S100 SART. S100 je kompaktn\u00ed radar SART, kter\u00fd je z\u00e1sadn\u00ed pro pomoc p\u0159i lokalizaci plavidel v nouzi t\u00edm, \u017ee reaguje na radarov\u00e9 sign\u00e1ly z p\u00e1trac\u00edch a z\u00e1chrann\u00fdch jednotek. Radar SART S100 spl\u0148uje specifick\u00e9 v\u00fdkonnostn\u00ed standardy stanoven\u00e9 IMO a zaji\u0161\u0165uje spolehlivost a \u00fa\u010dinnost produktu v nouzov\u00fdch situac\u00edch. Dodr\u017eov\u00e1n\u00ed t\u011bchto po\u017eadavk\u016f je z\u00e1sadn\u00ed pro zv\u00fd\u0161en\u00ed n\u00e1mo\u0159n\u00ed bezpe\u010dnosti a usnadn\u011bn\u00ed v\u010dasn\u00fdch p\u00e1trac\u00edch a z\u00e1chrann\u00fdch operac\u00ed.    <\/p>\n<ul>\n<li>Vynikaj\u00edc\u00ed v\u00fddr\u017e baterie \u2013 i p\u0159i teplot\u011b -20 \u00b0C<\/li>\n<li>U\u017eivatelsky vym\u011bniteln\u00e1 baterie<\/li>\n<li>Baterie bez nebezpe\u010d\u00ed v\u00fdbuchu<\/li>\n<li>P\u011btilet\u00fd interval v\u00fdm\u011bny<\/li>\n<li>Kompaktn\u00ed velikost pro snadn\u00e9 balen\u00ed z\u00e1chrann\u00e9ho voru<\/li>\n<li>Dod\u00e1v\u00e1no s \u00falo\u017en\u00fdm dr\u017e\u00e1kem<\/li>\n<li>Ty\u010d zobrazen\u00e1 na obr\u00e1zc\u00edch dod\u00e1van\u00fdch samostatn\u011b (\u010d\u00edslo d\u00edlu objedn\u00e1vky: 711S-01802 Mont\u00e1\u017en\u00ed ty\u010d SART)<\/li>\n<\/ul>\n<p>&nbsp;<\/p>\n<h4>Po\u017eadavky na p\u0159epravu<\/h4>\n<ul>\n<li>SART jsou vy\u017eadov\u00e1ny na v\u0161ech plavidlech IMO SOLAS na mezin\u00e1rodn\u00edch cest\u00e1ch:\n<ul>\n<li>Jeden na 300-500GRT<\/li>\n<li>Dva, pokud jsou nad 500 BRT<\/li>\n<li>Jeden SART na ka\u017ed\u00e9 \u010dty\u0159i z\u00e1chrann\u00e9 vory na osobn\u00edch lod\u00edch typu ro-ro<\/li>\n<\/ul>\n<\/li>\n<li>Plavidla s vnitrost\u00e1tn\u00edm mand\u00e1tem, v\u010detn\u011b ryb\u00e1\u0159sk\u00fdch plavidel, osobn\u00edch plavidel, obchodn\u00edch pracovn\u00edch \u010dlun\u016f atd<\/li>\n<li>V\u011bt\u0161ina jacht Super a Mega mus\u00ed m\u00edt u sebe SART, zejm\u00e9na pokud se na n\u011b vztahuje kodex MCA, kter\u00fd je uzn\u00e1v\u00e1n mnoha zem\u011bmi.<\/li>\n<li>Dobrovoln\u00e1 plavidla budou m\u00edt tak\u00e9 prosp\u011bch z p\u0159epravy SART<\/li>\n<\/ul>\n<p>Pot\u0159ebujete upgradovat na nov\u00e9 po\u017eadavky AIS EPIRB ? Pod\u00edvejte se na nov\u00fd <a href=\"https:\/\/oceansignal.com\/products\/safesea-epirb3-pro\/\">safeSEA EPIRB3 Pro<\/a> <\/p>\n","protected":false},"excerpt":{"rendered":"<p>Radarov\u00fd transpond\u00e9r Ocean Signal safeSEA S100 pro p\u00e1tr\u00e1n\u00ed a z\u00e1chranu neboli radar SART je kl\u00ed\u010dovou sou\u010d\u00e1st\u00ed bezpe\u010dnostn\u00edho vybaven\u00ed pro n\u00e1mo\u0159n\u00ed dopravu, navr\u017een\u00e9ho pro zlep\u0161en\u00ed viditelnosti a pomoc p\u0159i p\u00e1trac\u00edch a z\u00e1chrann\u00fdch operac\u00edch. D\u00edky pokro\u010dil\u00e9 technologii radarov\u00e9ho reflektoru tento maj\u00e1k zaji\u0161\u0165uje snadnou detekci va\u0161\u00ed lodi i za nep\u0159\u00edzniv\u00fdch pov\u011btrnostn\u00edch podm\u00ednek a za n\u00edzk\u00e9 viditelnosti. Kompaktn\u00ed a odoln\u00fd radar S100 se snadno nasazuje a je vysoce spolehliv\u00fd, co\u017e nab\u00edz\u00ed klid pro n\u00e1mo\u0159n\u00edky i jachta\u0159e. A\u0165 u\u017e se pohybujete po ru\u0161n\u00fdch lodn\u00edch tras\u00e1ch nebo v odlehl\u00fdch vod\u00e1ch, radar SART Ocean Signal safeSEA S100 je nezbytn\u00fdm dopl\u0148kem bezpe\u010dnostn\u00edho vybaven\u00ed ka\u017ed\u00e9 lodi a zaji\u0161\u0165uje rychlou a efektivn\u00ed reakci v nouzov\u00fdch situac\u00edch.   <\/p>\n<p>Za\u0159\u00edzen\u00ed safeSEA S100 SART je navr\u017eeno pro pomoc p\u0159i z\u00e1chran\u011b a vypro\u0161\u0165ov\u00e1n\u00ed z\u00e1chrann\u00fdch vor\u016f a plavidel. Po zapnut\u00ed z\u016fst\u00e1v\u00e1 za\u0159\u00edzen\u00ed SART v pohotovostn\u00edm re\u017eimu, dokud nen\u00ed automaticky aktivov\u00e1no radarov\u00fdm sign\u00e1lem v p\u00e1smu X z jak\u00e9hokoli plavidla v bl\u00edzkosti. Za\u0159\u00edzen\u00ed safeSEA S100 vys\u00edl\u00e1 \u0159adu impuls\u016f, kter\u00e9 se na lodn\u00edm radaru zobrazuj\u00ed jako linie te\u010dek, \u010d\u00edm\u017e ur\u010duj\u00ed sm\u011br z\u00e1chrann\u00e9ho plavidla.  <\/p>\n<p><a href=\"https:\/\/www.dropbox.com\/s\/fk04stqsp2hgk5f\/Prop%2065%20-%20DEHP.pdf?dl=0\">UPOZORN\u011aN\u00cd: PROP 65<\/a><\/p>\n","protected":false},"featured_media":23012,"template":"","meta":{"_acf_changed":false,"om_disable_all_campaigns":false},"product_brand":[],"product_cat":[332],"product_tag":[],"class_list":{"0":"post-8440","1":"product","2":"type-product","3":"status-publish","4":"has-post-thumbnail","6":"product_cat-safesea-cs","8":"first","9":"instock","10":"taxable","11":"shipping-taxable","12":"purchasable","13":"product-type-simple"},"acf":[],"yoast_head":"<!-- This site is optimized with the Yoast SEO Premium plugin v25.2 (Yoast SEO v26.4) - https:\/\/yoast.com\/wordpress\/plugins\/seo\/ -->\n<title>Radar SART safeSEA S100 - Ocean Signal<\/title>\n<meta name=\"description\" content=\"Ocean Signal S100 Radar SART: Z\u00e1kladn\u00ed radarov\u00fd reflektor pro n\u00e1mo\u0159n\u00ed bezpe\u010dnost. Spolehliv\u00fd vyhled\u00e1vac\u00ed a z\u00e1chrann\u00fd maj\u00e1k GMDSS. Kupte nyn\u00ed pro klid!\" \/>\n<meta name=\"robots\" content=\"index, follow, max-snippet:-1, max-image-preview:large, max-video-preview:-1\" \/>\n<link rel=\"canonical\" href=\"https:\/\/oceansignal.com\/cs\/products\/safesea-s100-radar-sart\/\" \/>\n<meta property=\"og:locale\" content=\"cs_CZ\" \/>\n<meta property=\"og:type\" content=\"article\" \/>\n<meta property=\"og:title\" content=\"Radar SART safeSEA S100\" \/>\n<meta property=\"og:description\" content=\"Ocean Signal S100 Radar SART: Z\u00e1kladn\u00ed radarov\u00fd reflektor pro n\u00e1mo\u0159n\u00ed bezpe\u010dnost. Spolehliv\u00fd vyhled\u00e1vac\u00ed a z\u00e1chrann\u00fd maj\u00e1k GMDSS. Kupte nyn\u00ed pro klid!\" \/>\n<meta property=\"og:url\" content=\"https:\/\/oceansignal.com\/cs\/products\/safesea-s100-radar-sart\/\" \/>\n<meta property=\"og:site_name\" content=\"Ocean Signal\" \/>\n<meta property=\"article:modified_time\" content=\"2026-01-21T19:32:58+00:00\" \/>\n<meta property=\"og:image\" content=\"https:\/\/oceansignal.com\/wp-content\/uploads\/2023\/09\/OSL-S100-SART-With-back-piece.png\" \/>\n\t<meta property=\"og:image:width\" content=\"792\" \/>\n\t<meta property=\"og:image:height\" content=\"792\" \/>\n\t<meta property=\"og:image:type\" content=\"image\/png\" \/>\n<meta name=\"twitter:card\" content=\"summary_large_image\" \/>\n<meta name=\"twitter:label1\" content=\"Odhadovan\u00e1 doba \u010dten\u00ed\" \/>\n\t<meta name=\"twitter:data1\" content=\"2 minuty\" \/>\n<script type=\"application\/ld+json\" class=\"yoast-schema-graph\">{\"@context\":\"https:\/\/schema.org\",\"@graph\":[{\"@type\":\"WebPage\",\"@id\":\"https:\/\/oceansignal.com\/cs\/products\/safesea-s100-radar-sart\/\",\"url\":\"https:\/\/oceansignal.com\/cs\/products\/safesea-s100-radar-sart\/\",\"name\":\"Radar SART safeSEA S100 - Ocean Signal\",\"isPartOf\":{\"@id\":\"https:\/\/oceansignal.com\/cs\/#website\"},\"primaryImageOfPage\":{\"@id\":\"https:\/\/oceansignal.com\/cs\/products\/safesea-s100-radar-sart\/#primaryimage\"},\"image\":{\"@id\":\"https:\/\/oceansignal.com\/cs\/products\/safesea-s100-radar-sart\/#primaryimage\"},\"thumbnailUrl\":\"https:\/\/oceansignal.com\/wp-content\/uploads\/2023\/09\/OSL-S100-SART-With-back-piece.png\",\"datePublished\":\"2023-09-08T09:39:08+00:00\",\"dateModified\":\"2026-01-21T19:32:58+00:00\",\"description\":\"Ocean Signal S100 Radar SART: Z\u00e1kladn\u00ed radarov\u00fd reflektor pro n\u00e1mo\u0159n\u00ed bezpe\u010dnost. Spolehliv\u00fd vyhled\u00e1vac\u00ed a z\u00e1chrann\u00fd maj\u00e1k GMDSS. Kupte nyn\u00ed pro klid!\",\"breadcrumb\":{\"@id\":\"https:\/\/oceansignal.com\/cs\/products\/safesea-s100-radar-sart\/#breadcrumb\"},\"inLanguage\":\"cs\",\"potentialAction\":[{\"@type\":\"ReadAction\",\"target\":[\"https:\/\/oceansignal.com\/cs\/products\/safesea-s100-radar-sart\/\"]}]},{\"@type\":\"ImageObject\",\"inLanguage\":\"cs\",\"@id\":\"https:\/\/oceansignal.com\/cs\/products\/safesea-s100-radar-sart\/#primaryimage\",\"url\":\"https:\/\/oceansignal.com\/wp-content\/uploads\/2023\/09\/OSL-S100-SART-With-back-piece.png\",\"contentUrl\":\"https:\/\/oceansignal.com\/wp-content\/uploads\/2023\/09\/OSL-S100-SART-With-back-piece.png\",\"width\":792,\"height\":792,\"caption\":\"Ocean Signal S100 Sart s rozlo\u017een\u00fdm dr\u017e\u00e1kem, lev\u00fd \u00fahel\"},{\"@type\":\"BreadcrumbList\",\"@id\":\"https:\/\/oceansignal.com\/cs\/products\/safesea-s100-radar-sart\/#breadcrumb\",\"itemListElement\":[{\"@type\":\"ListItem\",\"position\":1,\"name\":\"Produkty\",\"item\":\"https:\/\/oceansignal.com\/cs\/produkty\/\"},{\"@type\":\"ListItem\",\"position\":2,\"name\":\"Radar SART safeSEA S100\"}]},{\"@type\":\"WebSite\",\"@id\":\"https:\/\/oceansignal.com\/cs\/#website\",\"url\":\"https:\/\/oceansignal.com\/cs\/\",\"name\":\"Ocean Signal\",\"description\":\"A leading manufacturer of EPIRBs, AIS, SARTs, Personal Locator Beacons, Man Overboard Beacon for the Marine and Outdoor Markets.\",\"potentialAction\":[{\"@type\":\"SearchAction\",\"target\":{\"@type\":\"EntryPoint\",\"urlTemplate\":\"https:\/\/oceansignal.com\/cs\/?s={search_term_string}\"},\"query-input\":{\"@type\":\"PropertyValueSpecification\",\"valueRequired\":true,\"valueName\":\"search_term_string\"}}],\"inLanguage\":\"cs\"}]}<\/script>\n<!-- \/ Yoast SEO Premium plugin. -->","yoast_head_json":{"title":"Radar SART safeSEA S100 - Ocean Signal","description":"Ocean Signal S100 Radar SART: Z\u00e1kladn\u00ed radarov\u00fd reflektor pro n\u00e1mo\u0159n\u00ed bezpe\u010dnost. Spolehliv\u00fd vyhled\u00e1vac\u00ed a z\u00e1chrann\u00fd maj\u00e1k GMDSS. Kupte nyn\u00ed pro klid!","robots":{"index":"index","follow":"follow","max-snippet":"max-snippet:-1","max-image-preview":"max-image-preview:large","max-video-preview":"max-video-preview:-1"},"canonical":"https:\/\/oceansignal.com\/cs\/products\/safesea-s100-radar-sart\/","og_locale":"cs_CZ","og_type":"article","og_title":"Radar SART safeSEA S100","og_description":"Ocean Signal S100 Radar SART: Z\u00e1kladn\u00ed radarov\u00fd reflektor pro n\u00e1mo\u0159n\u00ed bezpe\u010dnost. Spolehliv\u00fd vyhled\u00e1vac\u00ed a z\u00e1chrann\u00fd maj\u00e1k GMDSS. Kupte nyn\u00ed pro klid!","og_url":"https:\/\/oceansignal.com\/cs\/products\/safesea-s100-radar-sart\/","og_site_name":"Ocean Signal","article_modified_time":"2026-01-21T19:32:58+00:00","og_image":[{"width":792,"height":792,"url":"https:\/\/oceansignal.com\/wp-content\/uploads\/2023\/09\/OSL-S100-SART-With-back-piece.png","type":"image\/png"}],"twitter_card":"summary_large_image","twitter_misc":{"Odhadovan\u00e1 doba \u010dten\u00ed":"2 minuty"},"schema":{"@context":"https:\/\/schema.org","@graph":[{"@type":"WebPage","@id":"https:\/\/oceansignal.com\/cs\/products\/safesea-s100-radar-sart\/","url":"https:\/\/oceansignal.com\/cs\/products\/safesea-s100-radar-sart\/","name":"Radar SART safeSEA S100 - Ocean Signal","isPartOf":{"@id":"https:\/\/oceansignal.com\/cs\/#website"},"primaryImageOfPage":{"@id":"https:\/\/oceansignal.com\/cs\/products\/safesea-s100-radar-sart\/#primaryimage"},"image":{"@id":"https:\/\/oceansignal.com\/cs\/products\/safesea-s100-radar-sart\/#primaryimage"},"thumbnailUrl":"https:\/\/oceansignal.com\/wp-content\/uploads\/2023\/09\/OSL-S100-SART-With-back-piece.png","datePublished":"2023-09-08T09:39:08+00:00","dateModified":"2026-01-21T19:32:58+00:00","description":"Ocean Signal S100 Radar SART: Z\u00e1kladn\u00ed radarov\u00fd reflektor pro n\u00e1mo\u0159n\u00ed bezpe\u010dnost. Spolehliv\u00fd vyhled\u00e1vac\u00ed a z\u00e1chrann\u00fd maj\u00e1k GMDSS. Kupte nyn\u00ed pro klid!","breadcrumb":{"@id":"https:\/\/oceansignal.com\/cs\/products\/safesea-s100-radar-sart\/#breadcrumb"},"inLanguage":"cs","potentialAction":[{"@type":"ReadAction","target":["https:\/\/oceansignal.com\/cs\/products\/safesea-s100-radar-sart\/"]}]},{"@type":"ImageObject","inLanguage":"cs","@id":"https:\/\/oceansignal.com\/cs\/products\/safesea-s100-radar-sart\/#primaryimage","url":"https:\/\/oceansignal.com\/wp-content\/uploads\/2023\/09\/OSL-S100-SART-With-back-piece.png","contentUrl":"https:\/\/oceansignal.com\/wp-content\/uploads\/2023\/09\/OSL-S100-SART-With-back-piece.png","width":792,"height":792,"caption":"Ocean Signal S100 Sart s rozlo\u017een\u00fdm dr\u017e\u00e1kem, lev\u00fd \u00fahel"},{"@type":"BreadcrumbList","@id":"https:\/\/oceansignal.com\/cs\/products\/safesea-s100-radar-sart\/#breadcrumb","itemListElement":[{"@type":"ListItem","position":1,"name":"Produkty","item":"https:\/\/oceansignal.com\/cs\/produkty\/"},{"@type":"ListItem","position":2,"name":"Radar SART safeSEA S100"}]},{"@type":"WebSite","@id":"https:\/\/oceansignal.com\/cs\/#website","url":"https:\/\/oceansignal.com\/cs\/","name":"Ocean Signal","description":"A leading manufacturer of EPIRBs, AIS, SARTs, Personal Locator Beacons, Man Overboard Beacon for the Marine and Outdoor Markets.","potentialAction":[{"@type":"SearchAction","target":{"@type":"EntryPoint","urlTemplate":"https:\/\/oceansignal.com\/cs\/?s={search_term_string}"},"query-input":{"@type":"PropertyValueSpecification","valueRequired":true,"valueName":"search_term_string"}}],"inLanguage":"cs"}]}},"_links":{"self":[{"href":"https:\/\/oceansignal.com\/cs\/wp-json\/wp\/v2\/product\/8440","targetHints":{"allow":["GET"]}}],"collection":[{"href":"https:\/\/oceansignal.com\/cs\/wp-json\/wp\/v2\/product"}],"about":[{"href":"https:\/\/oceansignal.com\/cs\/wp-json\/wp\/v2\/types\/product"}],"wp:featuredmedia":[{"embeddable":true,"href":"https:\/\/oceansignal.com\/cs\/wp-json\/wp\/v2\/media\/23012"}],"wp:attachment":[{"href":"https:\/\/oceansignal.com\/cs\/wp-json\/wp\/v2\/media?parent=8440"}],"wp:term":[{"taxonomy":"product_brand","embeddable":true,"href":"https:\/\/oceansignal.com\/cs\/wp-json\/wp\/v2\/product_brand?post=8440"},{"taxonomy":"product_cat","embeddable":true,"href":"https:\/\/oceansignal.com\/cs\/wp-json\/wp\/v2\/product_cat?post=8440"},{"taxonomy":"product_tag","embeddable":true,"href":"https:\/\/oceansignal.com\/cs\/wp-json\/wp\/v2\/product_tag?post=8440"}],"curies":[{"name":"wp","href":"https:\/\/api.w.org\/{rel}","templated":true}]}}