{"id":12947,"date":"2023-05-03T12:36:05","date_gmt":"2023-05-03T12:36:05","guid":{"rendered":"https:\/\/oceansignal.com\/garantipolitik\/"},"modified":"2025-03-06T13:46:50","modified_gmt":"2025-03-06T13:46:50","slug":"garantipolitik","status":"publish","type":"page","link":"https:\/\/oceansignal.com\/da\/garantipolitik\/","title":{"rendered":"Garantipolitik"},"content":{"rendered":"\n<div class=\"gb-container-narrow\">\n    <div class=\"gc-container \">\n                \n\n<p><strong>Global begr\u00e6nset garanti<\/strong><\/p>\n\n\n\n<p>De begr\u00e6nsede garantier i den globale begr\u00e6nsede garanti er eksklusive og tr\u00e6der i stedet for alle andre garantier, udtrykkelige eller underforst\u00e5ede eller lovbestemte, inklusive ethvert ansvar, der opst\u00e5r under enhver garanti for salgbarhed eller egnethed til et bestemt form\u00e5l, lovbestemt eller p\u00e5 anden m\u00e5de. Denne garanti giver ejeren specifikke juridiske rettigheder, som kan variere fra jurisdiktion til jurisdiktion. <\/p>\n\n\n\n<p>Ocean Signal Ltd. eller dets tilknyttede selskaber kan under ingen omst\u00e6ndigheder holdes ansvarlige for tilf\u00e6ldige, specielle, indirekte skader eller f\u00f8lgeskader, uanset om de er et resultat af brug, misbrug, manglende evne til at bruge, ukorrekt tillid til eller fra eventuelle defekter i produktet. Nogle jurisdiktioner tillader ikke udelukkelse af h\u00e6ndelige skader eller f\u00f8lgeskader, s\u00e5 ovenst\u00e5ende begr\u00e6nsning g\u00e6lder muligvis ikke for dig. <\/p>\n\n\n\n<p>Den globale begr\u00e6nsede garanti p\u00e5virker ikke en kundes rettigheder over for en forhandler som f\u00f8lge af en salgs-\/k\u00f8bskontrakt.<\/p>\n\n\n\n<p>Et produkt, der repareres eller udskiftes under garantien, er kun omfattet af den resterende del af den g\u00e6ldende originale garantiperiode.<\/p>\n\n\n\n<p>I henhold til vilk\u00e5rene, betingelserne, begr\u00e6nsningerne og undtagelserne i den globale begr\u00e6nsede garanti garanteres alle Ocean Signal produkter at v\u00e6re fri for defekter i materiale eller udf\u00f8relse i en periode p\u00e5 to (2) \u00e5r fra den dato, hvor produktet blev k\u00f8bt af den oprindelige kunde (&#8220;Standard begr\u00e6nset garantiperiode&#8221;). I l\u00f8bet af denne periode og kun for den oprindelige kunde, vil Ocean Signal efter eget sk\u00f8n reparere eller udskifte komponenter, der svigter ved normal brug, hvilket, hvis der ikke findes nogen g\u00e6ldende lov om det modsatte, skal v\u00e6re kundens eneste og eksklusive retsmiddel for ethvert brud p\u00e5 garantien. <\/p>\n\n\n\n<p>Hvis den begr\u00e6nsede standardgaranti g\u00e6lder for dig, vil Ocean Signal ikke debitere dig for dele eller arbejde til garantireparationer eller -udskiftninger. Udgifterne til at transportere dit garanterede produkt til Ocean Signal til reparation eller udskiftning er dog dit ansvar og er ikke d\u00e6kket af Ocean Signal . <\/p>\n\n\n\n<p><strong>Udvidet begr\u00e6nset garanti<\/strong><\/p>\n\n\n\n<p>I henhold til vilk\u00e5rene, betingelserne, begr\u00e6nsningerne og udelukkelserne i den globale begr\u00e6nsede garanti og med undtagelse af garantierstatningsprodukter og produkter, der bruges til almindelige kommercielle, milit\u00e6re, retsh\u00e5ndh\u00e6vende eller relaterede form\u00e5l, garanteres alle nye produkter, der er registreret hos Ocean Signal inden for halvfems (90) dage fra den dato, hvor produktet f\u00f8rst blev k\u00f8bt af den oprindelige kunde, garanteret at v\u00e6re fri for materiale- eller produktionsfejl i en begr\u00e6nset periode i en periode. Garantiperiode&#8221;) som defineret nedenfor:<\/p>\n\n\n\n<ul class=\"wp-block-list\">\n<li>rescueME -produkter ( PLB1 , PLB3 , MOB1, EDF, EPIRB1, EPIRB1Pro, EPIRB2, EPIRB2 Pro og EPIRB3) &#8211; Forl\u00e6nget garantiperiode 5 \u00e5r<\/li>\n<\/ul>\n\n\n\n<ul class=\"wp-block-list\">\n<li>safeSEA-produkter (EPIRB3 Pro , V100 og S100) &#8211; Ingen udvidet garanti tilg\u00e6ngelig<\/li>\n<\/ul>\n\n\n\n<ul class=\"wp-block-list\">\n<li>Professionelle produkter: (M100 og M100X) &#8211; Ingen udvidet garanti tilg\u00e6ngelig<\/li>\n<\/ul>\n\n\n\n<ul class=\"wp-block-list\">\n<li>AIS-produkter: (ATB1) &#8211; Udvidet garantiperiode 3 \u00e5r<\/li>\n<\/ul>\n\n\n\n<p>I l\u00f8bet af denne periode og for den oprindelige kunde, vil Ocean Signal efter eget valg reparere eller udskifte eventuelle produktkomponenter, der fejler ved normal brug, hvilket, i mangel af enhver g\u00e6ldende lov om det modsatte, skal v\u00e6re kundens eneste og eksklusive afhj\u00e6lpning for ethvert brud p\u00e5 garantien.<\/p>\n\n\n\n<p>Efter vellykket registrering af produktet erstatter den udvidede begr\u00e6nsede garanti standard begr\u00e6nset garanti.<\/p>\n\n\n\n<p>Ans\u00f8g om en udvidet garanti her: <a href=\"https:\/\/oceansignal.com\/my-account\/products\/\">UDVID<\/a> <a href=\"https:\/\/oceansignal.com\/my-account\/products\/create\/\">DIN GARANTI<\/a> Hvis den udvidede begr\u00e6nsede garanti g\u00e6lder for dig, opkr\u00e6ver Ocean Signal dig ikke for dele eller arbejde til garantireparationer eller -udskiftninger. Udgifterne til at transportere dit garanterede produkt til Ocean Signal til reparation eller udskiftning er dog dit ansvar og er ikke d\u00e6kket af Ocean Signal . <\/p>\n\n\n        <\/div><\/div>\n","protected":false},"excerpt":{"rendered":"","protected":false},"author":1,"featured_media":0,"parent":0,"menu_order":0,"comment_status":"closed","ping_status":"closed","template":"pagetemplate-header-gray.php","meta":{"_acf_changed":false,"om_disable_all_campaigns":false,"footnotes":""},"class_list":["post-12947","page","type-page","status-publish","hentry"],"acf":[],"yoast_head":"<!-- This site is optimized with the Yoast SEO Premium plugin v25.2 (Yoast SEO v26.4) - https:\/\/yoast.com\/wordpress\/plugins\/seo\/ -->\n<title>Garantipolitik - Ocean Signal<\/title>\n<meta name=\"description\" content=\"Oplev Ocean Signal omfattende garantipolitik for fred i sindet med dit sikkerhedsudstyr. Stol p\u00e5 vores forpligtelse til kvalitet.\" \/>\n<meta name=\"robots\" content=\"index, follow, max-snippet:-1, max-image-preview:large, max-video-preview:-1\" \/>\n<link rel=\"canonical\" href=\"https:\/\/oceansignal.com\/da\/garantipolitik\/\" \/>\n<meta property=\"og:locale\" content=\"da_DK\" \/>\n<meta property=\"og:type\" content=\"article\" \/>\n<meta property=\"og:title\" content=\"Garantipolitik - Ocean Signal\" \/>\n<meta property=\"og:description\" content=\"Oplev Ocean Signal omfattende garantipolitik for fred i sindet med dit sikkerhedsudstyr. Stol p\u00e5 vores forpligtelse til kvalitet.\" \/>\n<meta property=\"og:url\" content=\"https:\/\/oceansignal.com\/da\/garantipolitik\/\" \/>\n<meta property=\"og:site_name\" content=\"Ocean Signal\" \/>\n<meta property=\"article:modified_time\" content=\"2025-03-06T13:46:50+00:00\" \/>\n<meta property=\"og:image\" content=\"https:\/\/oceansignal.com\/wp-content\/uploads\/2024\/03\/image-social-share-04.jpg\" \/>\n\t<meta property=\"og:image:width\" content=\"1200\" \/>\n\t<meta property=\"og:image:height\" content=\"630\" \/>\n\t<meta property=\"og:image:type\" content=\"image\/jpeg\" \/>\n<meta name=\"twitter:card\" content=\"summary_large_image\" \/>\n<meta name=\"twitter:label1\" content=\"Estimeret l\u00e6setid\" \/>\n\t<meta name=\"twitter:data1\" content=\"3 minutter\" \/>\n<script type=\"application\/ld+json\" class=\"yoast-schema-graph\">{\"@context\":\"https:\/\/schema.org\",\"@graph\":[{\"@type\":\"WebPage\",\"@id\":\"https:\/\/oceansignal.com\/da\/garantipolitik\/\",\"url\":\"https:\/\/oceansignal.com\/da\/garantipolitik\/\",\"name\":\"Garantipolitik - Ocean Signal\",\"isPartOf\":{\"@id\":\"https:\/\/oceansignal.com\/da\/#website\"},\"datePublished\":\"2023-05-03T12:36:05+00:00\",\"dateModified\":\"2025-03-06T13:46:50+00:00\",\"description\":\"Oplev Ocean Signal omfattende garantipolitik for fred i sindet med dit sikkerhedsudstyr. Stol p\u00e5 vores forpligtelse til kvalitet.\",\"inLanguage\":\"da-DK\",\"potentialAction\":[{\"@type\":\"ReadAction\",\"target\":[\"https:\/\/oceansignal.com\/da\/garantipolitik\/\"]}]},{\"@type\":\"WebSite\",\"@id\":\"https:\/\/oceansignal.com\/da\/#website\",\"url\":\"https:\/\/oceansignal.com\/da\/\",\"name\":\"Ocean Signal\",\"description\":\"A leading manufacturer of EPIRBs, AIS, SARTs, Personal Locator Beacons, Man Overboard Beacon for the Marine and Outdoor Markets.\",\"potentialAction\":[{\"@type\":\"SearchAction\",\"target\":{\"@type\":\"EntryPoint\",\"urlTemplate\":\"https:\/\/oceansignal.com\/da\/?s={search_term_string}\"},\"query-input\":{\"@type\":\"PropertyValueSpecification\",\"valueRequired\":true,\"valueName\":\"search_term_string\"}}],\"inLanguage\":\"da-DK\"}]}<\/script>\n<!-- \/ Yoast SEO Premium plugin. -->","yoast_head_json":{"title":"Garantipolitik - Ocean Signal","description":"Oplev Ocean Signal omfattende garantipolitik for fred i sindet med dit sikkerhedsudstyr. Stol p\u00e5 vores forpligtelse til kvalitet.","robots":{"index":"index","follow":"follow","max-snippet":"max-snippet:-1","max-image-preview":"max-image-preview:large","max-video-preview":"max-video-preview:-1"},"canonical":"https:\/\/oceansignal.com\/da\/garantipolitik\/","og_locale":"da_DK","og_type":"article","og_title":"Garantipolitik - Ocean Signal","og_description":"Oplev Ocean Signal omfattende garantipolitik for fred i sindet med dit sikkerhedsudstyr. Stol p\u00e5 vores forpligtelse til kvalitet.","og_url":"https:\/\/oceansignal.com\/da\/garantipolitik\/","og_site_name":"Ocean Signal","article_modified_time":"2025-03-06T13:46:50+00:00","og_image":[{"width":1200,"height":630,"url":"https:\/\/oceansignal.com\/wp-content\/uploads\/2024\/03\/image-social-share-04.jpg","type":"image\/jpeg"}],"twitter_card":"summary_large_image","twitter_misc":{"Estimeret l\u00e6setid":"3 minutter"},"schema":{"@context":"https:\/\/schema.org","@graph":[{"@type":"WebPage","@id":"https:\/\/oceansignal.com\/da\/garantipolitik\/","url":"https:\/\/oceansignal.com\/da\/garantipolitik\/","name":"Garantipolitik - Ocean Signal","isPartOf":{"@id":"https:\/\/oceansignal.com\/da\/#website"},"datePublished":"2023-05-03T12:36:05+00:00","dateModified":"2025-03-06T13:46:50+00:00","description":"Oplev Ocean Signal omfattende garantipolitik for fred i sindet med dit sikkerhedsudstyr. Stol p\u00e5 vores forpligtelse til kvalitet.","inLanguage":"da-DK","potentialAction":[{"@type":"ReadAction","target":["https:\/\/oceansignal.com\/da\/garantipolitik\/"]}]},{"@type":"WebSite","@id":"https:\/\/oceansignal.com\/da\/#website","url":"https:\/\/oceansignal.com\/da\/","name":"Ocean Signal","description":"A leading manufacturer of EPIRBs, AIS, SARTs, Personal Locator Beacons, Man Overboard Beacon for the Marine and Outdoor Markets.","potentialAction":[{"@type":"SearchAction","target":{"@type":"EntryPoint","urlTemplate":"https:\/\/oceansignal.com\/da\/?s={search_term_string}"},"query-input":{"@type":"PropertyValueSpecification","valueRequired":true,"valueName":"search_term_string"}}],"inLanguage":"da-DK"}]}},"_links":{"self":[{"href":"https:\/\/oceansignal.com\/da\/wp-json\/wp\/v2\/pages\/12947","targetHints":{"allow":["GET"]}}],"collection":[{"href":"https:\/\/oceansignal.com\/da\/wp-json\/wp\/v2\/pages"}],"about":[{"href":"https:\/\/oceansignal.com\/da\/wp-json\/wp\/v2\/types\/page"}],"author":[{"embeddable":true,"href":"https:\/\/oceansignal.com\/da\/wp-json\/wp\/v2\/users\/1"}],"replies":[{"embeddable":true,"href":"https:\/\/oceansignal.com\/da\/wp-json\/wp\/v2\/comments?post=12947"}],"version-history":[{"count":3,"href":"https:\/\/oceansignal.com\/da\/wp-json\/wp\/v2\/pages\/12947\/revisions"}],"predecessor-version":[{"id":25560,"href":"https:\/\/oceansignal.com\/da\/wp-json\/wp\/v2\/pages\/12947\/revisions\/25560"}],"wp:attachment":[{"href":"https:\/\/oceansignal.com\/da\/wp-json\/wp\/v2\/media?parent=12947"}],"curies":[{"name":"wp","href":"https:\/\/api.w.org\/{rel}","templated":true}]}}