{"id":12963,"date":"2023-05-03T12:36:48","date_gmt":"2023-05-03T12:36:48","guid":{"rendered":"https:\/\/oceansignal.com\/ecomm-og-garantipolitikker\/"},"modified":"2025-04-17T12:40:29","modified_gmt":"2025-04-17T12:40:29","slug":"ecomm-og-garantipolitikker","status":"publish","type":"page","link":"https:\/\/oceansignal.com\/da\/ecomm-og-garantipolitikker\/","title":{"rendered":"Ecomm og garantipolitikker"},"content":{"rendered":"\n<div class=\"gb-container-narrow\">\n    <div class=\"gc-container \">\n                \n\n<h4 class=\"wp-block-heading\" id=\"h-purchases-made-online-at-www-oceansignal-com\">K\u00f8b foretaget online p\u00e5 www.oceansignal.com<\/h4>\n\n\n\n<p>Vi st\u00e5r bag vores produkter. Hvis dit k\u00f8b p\u00e5 www.oceansignal.com ikke lever op til dine forventninger, kan du returnere det til erstatning eller refundering (ekskl. forsendelsesomkostninger) inden for 30 dage efter k\u00f8bsdatoen, undtagen som angivet nedenfor. For at starte en returnering skal du logge ind p\u00e5 din konto p\u00e5 www.oceansignal.com og f\u00e5 adgang til fanen &#8220;Ordre&#8221;. Noter dit ordrenummer og f\u00e5 adgang til vores <a href=\"https:\/\/oceansignal.com\/nl\/support\/#contact-us\">kontaktformular<\/a> via RMA-sektionen p\u00e5 supportsiden. Indtast dine kontaktoplysninger p\u00e5 formularen, angiv din ordrenummer i din besked og en kort beskrivelse, der angiver, hvorfor du gerne vil returnere din ordre. Et medlem af vores team vil snarest kontakte dig vedr\u00f8rende de n\u00e6ste trin.     <\/p>\n\n\n\n<p>Bem\u00e6rk: Emergency Position-Indicating Radio Beacons (EPIRB&#8217;er) og Personal Locator Beacons (PLB&#8217;er) kan kun returneres for fuld refusion inden for 30 dage efter k\u00f8bsdatoen, hvis forseglingen ikke er blevet brudt p\u00e5 \u00e6sken. Derudover m\u00e5 det ikke v\u00e6re registreret hos den nationale myndighedsregistrering. Ethvert produkt, der er kvalificeret til et kampagnetilbud (kontantrabat eller gratis varer), der er blevet indl\u00f8st, er ikke kvalificeret.  <\/p>\n\n\n\n<p>Returinstruktioner UK og Europa:<\/p>\n\n\n\n<p>Efter at have modtaget et returmaterialeautorisationsnummer Ecommerce RMA, skal du ompakke varen i dens originale emballage og sende varerne tilbage til os med dit RMA-nummer tydeligt skrevet p\u00e5 yderpakken til nedenst\u00e5ende adresse.<\/p>\n\n\n\n<p>Ocean Signal ,<br\/> Enhed 4, Ocivan Way<br\/> Westwood<br\/> Margate<br\/> CT9 4NN<br\/> Storbritannien<\/p>\n\n\n\n<p>Returinstruktioner USA\/Canada:<\/p>\n\n\n\n<p>Efter at have modtaget et returmaterialeautorisationsnummer Ecommerce RMA, skal du ompakke varen i dens originale emballage og sende varerne tilbage til os med dit RMA-nummer tydeligt skrevet p\u00e5 yderpakken til nedenst\u00e5ende adresse.  <\/p>\n\n\n\n<div class=\"wp-block-group\"><div class=\"wp-block-group__inner-container is-layout-constrained wp-block-group-is-layout-constrained\">\n<div class=\"wp-block-group is-vertical is-layout-flex wp-container-core-group-is-layout-8cf370e7 wp-block-group-is-layout-flex\">\n<p><strong>ACR elektronik<\/strong><\/p>\n\n\n\n<p><strong>5757 Ravenswood Road<\/strong><\/p>\n\n\n\n<p><strong>Fort Lauderdale, FL 33312<\/strong><\/p>\n<\/div>\n<\/div><\/div>\n\n\n\n<p>Varer, der indeholder farligt materiale, m\u00e5 kun returneres ved jordforsendelser og skal v\u00e6re m\u00e6rket med den korrekte Hazmat-forsendelsesdokumentation (bes\u00f8g produktsiden for at se, om dit produkt er kvalificeret).<\/p>\n\n\n\n<p>Undtagen i tilf\u00e6lde, hvor returneringen er resultatet af en fejl fra Ocean Signal , eller varen ankommer beskadiget eller defekt, refunderes originale forsendelsesomkostninger ikke, og du er ansvarlig for alle returneringsomkostninger. Ocean Signal er ikke ansvarlig for returneringer, der g\u00e5r tabt under transporten eller returneres til den forkerte adresse; gem venligst dine retursporingsoplysninger. <\/p>\n\n\n\n<p><\/p>\n\n\n\n<h2 class=\"wp-block-heading\">Global begr\u00e6nset garanti<\/h2>\n\n\n\n<p>De begr\u00e6nsede garantier i den globale begr\u00e6nsede garanti er eksklusive og tr\u00e6der i stedet for alle andre garantier, udtrykkelige eller underforst\u00e5ede eller lovbestemte, inklusive ethvert ansvar, der opst\u00e5r under enhver garanti for salgbarhed eller egnethed til et bestemt form\u00e5l, lovbestemt eller p\u00e5 anden m\u00e5de. Denne garanti giver ejeren specifikke juridiske rettigheder, som kan variere fra jurisdiktion til jurisdiktion. <\/p>\n\n\n\n<p>Ocean Signal Ltd. eller dets tilknyttede selskaber kan under ingen omst\u00e6ndigheder holdes ansvarlige for tilf\u00e6ldige, specielle, indirekte skader eller f\u00f8lgeskader, uanset om de er et resultat af brug, misbrug, manglende evne til at bruge, ukorrekt tillid til eller fra eventuelle defekter i produktet. Nogle jurisdiktioner tillader ikke udelukkelse af h\u00e6ndelige skader eller f\u00f8lgeskader, s\u00e5 ovenst\u00e5ende begr\u00e6nsning g\u00e6lder muligvis ikke for dig. <\/p>\n\n\n\n<p>Den globale begr\u00e6nsede garanti p\u00e5virker ikke en kundes rettigheder over for en forhandler som f\u00f8lge af en salgs-\/k\u00f8bskontrakt.<\/p>\n\n\n\n<p>Et produkt, der repareres eller udskiftes under garantien, er kun omfattet af den resterende del af den g\u00e6ldende originale garantiperiode.<\/p>\n\n\n\n<p>I henhold til vilk\u00e5rene, betingelserne, begr\u00e6nsningerne og undtagelserne i den globale begr\u00e6nsede garanti garanteres alle Ocean Signal produkter at v\u00e6re fri for defekter i materiale eller udf\u00f8relse i en periode p\u00e5 to (2) \u00e5r fra den dato, hvor produktet blev k\u00f8bt af den oprindelige kunde (&#8220;Standard begr\u00e6nset garantiperiode&#8221;). I l\u00f8bet af denne periode og kun for den oprindelige kunde, vil Ocean Signal efter eget sk\u00f8n reparere eller udskifte komponenter, der svigter ved normal brug, hvilket, hvis der ikke findes nogen g\u00e6ldende lov om det modsatte, skal v\u00e6re kundens eneste og eksklusive retsmiddel for ethvert brud p\u00e5 garantien. <\/p>\n\n\n\n<p>Hvis den begr\u00e6nsede standardgaranti g\u00e6lder for dig, vil Ocean Signal ikke debitere dig for dele eller arbejde til garantireparationer eller -udskiftninger. Udgifterne til at transportere dit garanterede produkt til Ocean Signal til reparation eller udskiftning er dog dit ansvar og er ikke d\u00e6kket af Ocean Signal . <\/p>\n\n\n\n<h2 class=\"wp-block-heading\">Udvidet begr\u00e6nset garanti<\/h2>\n\n\n\n<p>I henhold til vilk\u00e5rene, betingelserne, begr\u00e6nsningerne og udelukkelserne i den globale begr\u00e6nsede garanti og med undtagelse af garantierstatningsprodukter og produkter, der bruges til almindelige kommercielle, milit\u00e6re, retsh\u00e5ndh\u00e6vende eller relaterede form\u00e5l, garanteres alle nye produkter, der er registreret hos Ocean Signal inden for halvfems (90) dage fra den dato, hvor produktet f\u00f8rst blev k\u00f8bt af den oprindelige kunde, garanteret at v\u00e6re fri for materiale- eller produktionsfejl i en begr\u00e6nset periode i en periode. Garantiperiode&#8221;) som defineret nedenfor:<\/p>\n\n\n\n<figure class=\"wp-block-table\"><table><tbody><tr><td>rescueME -produkter ( PLB1 , PLB3 , MOB1, MOB2 , EDF,<br\/> EPIRB1 , EPIRB1Pro, EPIRB2 , EPIRB2 Pro og EPIRB3 )<\/td><td>\u00a0\u2013<\/td><td>Udvidet garantiperiode 5 \u00e5r<\/td><\/tr><tr><td>safeSEA -produkter ( EPIRB3 Pro , V100, M200 og S100)<\/td><td>\u00a0\u2013<\/td><td>Ingen udvidet garanti tilg\u00e6ngelig<\/td><\/tr><tr><td>Professionelle produkter: (M100 og M100X)<\/td><td>\u00a0\u2013<\/td><td>Ingen udvidet garanti tilg\u00e6ngelig<\/td><\/tr><tr><td>AIS-produkter: (ATB1 og ATA100)<\/td><td>\u00a0\u2013<\/td><td>Udvidet garantiperiode 3 \u00e5r<\/td><\/tr><\/tbody><\/table><\/figure>\n\n\n\n<p>I l\u00f8bet af denne periode og for den oprindelige kunde, vil Ocean Signal efter eget valg reparere eller udskifte eventuelle produktkomponenter, der fejler ved normal brug, hvilket, i mangel af enhver g\u00e6ldende lov om det modsatte, skal v\u00e6re kundens eneste og eksklusive afhj\u00e6lpning for ethvert brud p\u00e5 garantien.<\/p>\n\n\n\n<p>Efter vellykket registrering af produktet erstatter den udvidede begr\u00e6nsede garanti standard begr\u00e6nset garanti.<\/p>\n\n\n\n<p>Hvis den udvidede begr\u00e6nsede garanti g\u00e6lder for dig, vil Ocean Signal ikke debitere dig for dele eller arbejde til garantireparationer eller -udskiftninger. Udgifterne til at transportere dit garanterede produkt til Ocean Signal til reparation eller udskiftning er dog dit ansvar og er ikke d\u00e6kket af Ocean Signal . <\/p>\n\n\n        <\/div><\/div>\n","protected":false},"excerpt":{"rendered":"","protected":false},"author":1,"featured_media":0,"parent":0,"menu_order":0,"comment_status":"closed","ping_status":"closed","template":"pagetemplate-header-gray.php","meta":{"_acf_changed":false,"om_disable_all_campaigns":false,"footnotes":""},"class_list":["post-12963","page","type-page","status-publish","hentry"],"acf":[],"yoast_head":"<!-- This site is optimized with the Yoast SEO Premium plugin v25.2 (Yoast SEO v26.4) - https:\/\/yoast.com\/wordpress\/plugins\/seo\/ -->\n<title>Ecomm og garantipolitikker - Ocean Signal<\/title>\n<meta name=\"description\" content=\"Udforsk Ocean Signal e-handels- og garantiside for p\u00e5lideligt maritimt sikkerhedsudstyr. Handl trygt med vores omfattende garantid\u00e6kning.\" \/>\n<meta name=\"robots\" content=\"index, follow, max-snippet:-1, max-image-preview:large, max-video-preview:-1\" \/>\n<link rel=\"canonical\" href=\"https:\/\/oceansignal.com\/da\/ecomm-og-garantipolitikker\/\" \/>\n<meta property=\"og:locale\" content=\"da_DK\" \/>\n<meta property=\"og:type\" content=\"article\" \/>\n<meta property=\"og:title\" content=\"Ecomm og garantipolitikker - Ocean Signal\" \/>\n<meta property=\"og:description\" content=\"Udforsk Ocean Signal e-handels- og garantiside for p\u00e5lideligt maritimt sikkerhedsudstyr. Handl trygt med vores omfattende garantid\u00e6kning.\" \/>\n<meta property=\"og:url\" content=\"https:\/\/oceansignal.com\/da\/ecomm-og-garantipolitikker\/\" \/>\n<meta property=\"og:site_name\" content=\"Ocean Signal\" \/>\n<meta property=\"article:modified_time\" content=\"2025-04-17T12:40:29+00:00\" \/>\n<meta property=\"og:image\" content=\"https:\/\/oceansignal.com\/wp-content\/uploads\/2024\/03\/image-social-share-04.jpg\" \/>\n\t<meta property=\"og:image:width\" content=\"1200\" \/>\n\t<meta property=\"og:image:height\" content=\"630\" \/>\n\t<meta property=\"og:image:type\" content=\"image\/jpeg\" \/>\n<meta name=\"twitter:card\" content=\"summary_large_image\" \/>\n<meta name=\"twitter:label1\" content=\"Estimeret l\u00e6setid\" \/>\n\t<meta name=\"twitter:data1\" content=\"5 minutter\" \/>\n<script type=\"application\/ld+json\" class=\"yoast-schema-graph\">{\"@context\":\"https:\/\/schema.org\",\"@graph\":[{\"@type\":\"WebPage\",\"@id\":\"https:\/\/oceansignal.com\/da\/ecomm-og-garantipolitikker\/\",\"url\":\"https:\/\/oceansignal.com\/da\/ecomm-og-garantipolitikker\/\",\"name\":\"Ecomm og garantipolitikker - Ocean Signal\",\"isPartOf\":{\"@id\":\"https:\/\/oceansignal.com\/da\/#website\"},\"datePublished\":\"2023-05-03T12:36:48+00:00\",\"dateModified\":\"2025-04-17T12:40:29+00:00\",\"description\":\"Udforsk Ocean Signal e-handels- og garantiside for p\u00e5lideligt maritimt sikkerhedsudstyr. Handl trygt med vores omfattende garantid\u00e6kning.\",\"inLanguage\":\"da-DK\",\"potentialAction\":[{\"@type\":\"ReadAction\",\"target\":[\"https:\/\/oceansignal.com\/da\/ecomm-og-garantipolitikker\/\"]}]},{\"@type\":\"WebSite\",\"@id\":\"https:\/\/oceansignal.com\/da\/#website\",\"url\":\"https:\/\/oceansignal.com\/da\/\",\"name\":\"Ocean Signal\",\"description\":\"A leading manufacturer of EPIRBs, AIS, SARTs, Personal Locator Beacons, Man Overboard Beacon for the Marine and Outdoor Markets.\",\"potentialAction\":[{\"@type\":\"SearchAction\",\"target\":{\"@type\":\"EntryPoint\",\"urlTemplate\":\"https:\/\/oceansignal.com\/da\/?s={search_term_string}\"},\"query-input\":{\"@type\":\"PropertyValueSpecification\",\"valueRequired\":true,\"valueName\":\"search_term_string\"}}],\"inLanguage\":\"da-DK\"}]}<\/script>\n<!-- \/ Yoast SEO Premium plugin. -->","yoast_head_json":{"title":"Ecomm og garantipolitikker - Ocean Signal","description":"Udforsk Ocean Signal e-handels- og garantiside for p\u00e5lideligt maritimt sikkerhedsudstyr. Handl trygt med vores omfattende garantid\u00e6kning.","robots":{"index":"index","follow":"follow","max-snippet":"max-snippet:-1","max-image-preview":"max-image-preview:large","max-video-preview":"max-video-preview:-1"},"canonical":"https:\/\/oceansignal.com\/da\/ecomm-og-garantipolitikker\/","og_locale":"da_DK","og_type":"article","og_title":"Ecomm og garantipolitikker - Ocean Signal","og_description":"Udforsk Ocean Signal e-handels- og garantiside for p\u00e5lideligt maritimt sikkerhedsudstyr. Handl trygt med vores omfattende garantid\u00e6kning.","og_url":"https:\/\/oceansignal.com\/da\/ecomm-og-garantipolitikker\/","og_site_name":"Ocean Signal","article_modified_time":"2025-04-17T12:40:29+00:00","og_image":[{"width":1200,"height":630,"url":"https:\/\/oceansignal.com\/wp-content\/uploads\/2024\/03\/image-social-share-04.jpg","type":"image\/jpeg"}],"twitter_card":"summary_large_image","twitter_misc":{"Estimeret l\u00e6setid":"5 minutter"},"schema":{"@context":"https:\/\/schema.org","@graph":[{"@type":"WebPage","@id":"https:\/\/oceansignal.com\/da\/ecomm-og-garantipolitikker\/","url":"https:\/\/oceansignal.com\/da\/ecomm-og-garantipolitikker\/","name":"Ecomm og garantipolitikker - Ocean Signal","isPartOf":{"@id":"https:\/\/oceansignal.com\/da\/#website"},"datePublished":"2023-05-03T12:36:48+00:00","dateModified":"2025-04-17T12:40:29+00:00","description":"Udforsk Ocean Signal e-handels- og garantiside for p\u00e5lideligt maritimt sikkerhedsudstyr. Handl trygt med vores omfattende garantid\u00e6kning.","inLanguage":"da-DK","potentialAction":[{"@type":"ReadAction","target":["https:\/\/oceansignal.com\/da\/ecomm-og-garantipolitikker\/"]}]},{"@type":"WebSite","@id":"https:\/\/oceansignal.com\/da\/#website","url":"https:\/\/oceansignal.com\/da\/","name":"Ocean Signal","description":"A leading manufacturer of EPIRBs, AIS, SARTs, Personal Locator Beacons, Man Overboard Beacon for the Marine and Outdoor Markets.","potentialAction":[{"@type":"SearchAction","target":{"@type":"EntryPoint","urlTemplate":"https:\/\/oceansignal.com\/da\/?s={search_term_string}"},"query-input":{"@type":"PropertyValueSpecification","valueRequired":true,"valueName":"search_term_string"}}],"inLanguage":"da-DK"}]}},"_links":{"self":[{"href":"https:\/\/oceansignal.com\/da\/wp-json\/wp\/v2\/pages\/12963","targetHints":{"allow":["GET"]}}],"collection":[{"href":"https:\/\/oceansignal.com\/da\/wp-json\/wp\/v2\/pages"}],"about":[{"href":"https:\/\/oceansignal.com\/da\/wp-json\/wp\/v2\/types\/page"}],"author":[{"embeddable":true,"href":"https:\/\/oceansignal.com\/da\/wp-json\/wp\/v2\/users\/1"}],"replies":[{"embeddable":true,"href":"https:\/\/oceansignal.com\/da\/wp-json\/wp\/v2\/comments?post=12963"}],"version-history":[{"count":6,"href":"https:\/\/oceansignal.com\/da\/wp-json\/wp\/v2\/pages\/12963\/revisions"}],"predecessor-version":[{"id":27353,"href":"https:\/\/oceansignal.com\/da\/wp-json\/wp\/v2\/pages\/12963\/revisions\/27353"}],"wp:attachment":[{"href":"https:\/\/oceansignal.com\/da\/wp-json\/wp\/v2\/media?parent=12963"}],"curies":[{"name":"wp","href":"https:\/\/api.w.org\/{rel}","templated":true}]}}