{"id":12802,"date":"2023-09-07T13:28:52","date_gmt":"2023-09-07T13:28:52","guid":{"rendered":"https:\/\/oceansignal.com\/products\/rescueme-plb1\/"},"modified":"2025-11-12T10:41:05","modified_gmt":"2025-11-12T10:41:05","slug":"rescueme-plb1","status":"publish","type":"product","link":"https:\/\/oceansignal.com\/da\/products\/rescueme-plb1\/","title":{"rendered":"rescueME PLB1 Personal Locator Beacon"},"content":{"rendered":"<p>FOR AMERIKANSKE\/CALIFORNIA-KUNDER: <a href=\"https:\/\/www.dropbox.com\/s\/fk04stqsp2hgk5f\/Prop%2065%20-%20DEHP.pdf?dl=0\">ADVARSEL: PROP 65<\/a><\/p>\n<h3>GRATIS <a href=\"https:\/\/oceansignal.com\/da\/products\/plb1-flydepose\/\">PLB1 Flydepose<\/a> til en v\u00e6rdi af 19,99 ved hver PLB1-ordre. Brug koden: Pouch2025 i kurven. <\/h3>\n<p><img loading=\"lazy\" decoding=\"async\" class=\"\" src=\"https:\/\/oceansignal.com\/wp-content\/uploads\/2025\/10\/Free-PLB1-Floatation-Pouch-with-every-order-Ocean-Signal.png\" width=\"129\" height=\"179\"><\/p>\n<p>&nbsp;<\/p>\n<p><strong>RescueMe PLB1<\/strong> kan betjenes med en enkelt h\u00e5nd i selv de mest udfordrende situationer. En simpel fjederbelastet klap d\u00e6kker aktiveringsknappen og forhindrer utilsigtet brug. Det integrerede ultra-lyse stroboskoplys sikrer maksimal synlighed, og antenneplacering kunne ikke v\u00e6re nemmere, med et blidt tr\u00e6k udl\u00f8ses antennen.  <\/p>\n<p><strong>rescueME PLB1<\/strong> arbejder med det eneste officielt anerkendte verdensomsp\u00e6ndende dedikerede s\u00f8ge- og redningssatellitnetv\u00e6rk (drevet af Cospas Sarsat). Da dette er finansieret af regeringer, er der INGEN AFGIFTER for at bruge denne service. N\u00e5r det er aktiveret, sender Personal Locator Beacon din position og dit ID til et redningskoordinationscenter via satellitlink. Redningstjenester, der er t\u00e6ttest p\u00e5 dig, bliver omg\u00e5ende underrettet om din n\u00f8dsituation og regelm\u00e6ssigt informeret om din nuv\u00e6rende placering for at hj\u00e6lpe med hurtig redning.   <\/p>\n<p><strong>Funktioner:<\/strong><\/p>\n<ul>\n<li>Gratis at bruge, ingen abonnementsgebyrer<\/li>\n<li>30 % mindre (typ) efter volumen<\/li>\n<li>Vandt\u00e6t til 15 meter<\/li>\n<li>Vejer 116 gram<\/li>\n<li>Passer nemt til redningsvest*<\/li>\n<li>Udtr\u00e6kkelig antenne<\/li>\n<li>7 \u00e5rs batterilevetid<\/li>\n<li>24+ timers driftslevetid<\/li>\n<li>Strobelys med h\u00f8j lysstyrke&gt; 1 candela<\/li>\n<li>66 kanals GPS modtager<\/li>\n<li>Unik monteringsclips<\/li>\n<li>Fungerer p\u00e5 det globale Cospas Sarsat redningssystem<\/li>\n<\/ul>\n<p>rescueME PLB1 har en valgfri flydepose**, s\u00e5 den kan flyde. Bem\u00e6rk venligst, at PLB ikke vil flyde i en driftsposition i posen. S\u00f8rg for, at PLB er solidt fastgjort til posen med den medf\u00f8lgende snor ved hj\u00e6lp af passende selvl\u00e5sende knuder.  <\/p>\n<p><em>* Henvis altid til producenten for specifikke instruktioner, f\u00f8r du installerer dette produkt direkte p\u00e5 din redningsvest.<br \/>\n** For at overholde de nationale bestemmelser har PLB1 beacons leveret til Australien og New Zealand en flydepose permanent fastgjort<br \/>\n<\/em><\/p>\n","protected":false},"excerpt":{"rendered":"<p>Verdens mest kompakte PLB . Stolt konstrueret og fremstillet i Storbritannien. <\/p>\n<ul>\n<li style=\"list-style-type: none;\">\n<ul>\n<li><strong>Gratis at bruge, ingen abonnementsgebyrer. Global d\u00e6kning d\u00f8gnet rundt, \u00e5ret rundt. <\/strong><\/li>\n<\/ul>\n<\/li>\n<\/ul>\n<ul>\n<li style=\"list-style-type: none;\">\n<ul>\n<li><strong>Velegnet til marine, luftfart og udend\u00f8rs brug<\/strong><\/li>\n<\/ul>\n<\/li>\n<\/ul>\n<ul>\n<li style=\"list-style-type: none;\">\n<ul>\n<li><strong>121,5 MHz homing beacon + Dedikeret 406 MHz n\u00f8dsignal med 66-kanals GPS<\/strong><\/li>\n<\/ul>\n<\/li>\n<\/ul>\n<ul>\n<li style=\"list-style-type: none;\">\n<ul>\n<li><strong>24+ timers driftslevetid efter aktivering<\/strong><\/li>\n<\/ul>\n<\/li>\n<\/ul>\n<ul>\n<li style=\"list-style-type: none;\">\n<ul>\n<li><strong>Robust, vandt\u00e6t ned til 15 m<\/strong><\/li>\n<\/ul>\n<\/li>\n<\/ul>\n","protected":false},"featured_media":12449,"template":"","meta":{"_acf_changed":false,"om_disable_all_campaigns":false},"product_brand":[],"product_cat":[1979,1047,603],"product_tag":[1172,1049,1048,1171],"class_list":{"0":"post-12802","1":"product","2":"type-product","3":"status-publish","4":"has-post-thumbnail","6":"product_cat-kompatibel-med-redningsveste","7":"product_cat-personal-locator-beacons-da","8":"product_cat-rescueme-da","9":"product_tag-meosar-da","10":"product_tag-personal-locator-beacon-da","11":"product_tag-plb-da","12":"product_tag-plb1-da","14":"first","15":"instock","16":"taxable","17":"shipping-taxable","18":"purchasable","19":"product-type-simple"},"acf":[],"yoast_head":"<!-- This site is optimized with the Yoast SEO Premium plugin v25.2 (Yoast SEO v26.4) - https:\/\/yoast.com\/wordpress\/plugins\/seo\/ -->\n<title>rescueME PLB1 Personal Locator Beacon - Ocean Signal<\/title>\n<meta name=\"description\" content=\"Ocean Signal rescueME PLB1 : Dit kompakte personlige locator-fyrt\u00e5rn til udend\u00f8rs eventyr. P\u00e5lidelig beacon-teknologi til p\u00e5lidelig n\u00f8dsignalering. K\u00f8b nu!\" \/>\n<meta name=\"robots\" content=\"index, follow, max-snippet:-1, max-image-preview:large, max-video-preview:-1\" \/>\n<link rel=\"canonical\" href=\"https:\/\/oceansignal.com\/da\/products\/rescueme-plb1\/\" \/>\n<meta property=\"og:locale\" content=\"da_DK\" \/>\n<meta property=\"og:type\" content=\"article\" \/>\n<meta property=\"og:title\" content=\"rescueME PLB1 Personal Locator Beacon\" \/>\n<meta property=\"og:description\" content=\"Ocean Signal rescueME PLB1 : Dit kompakte personlige locator-fyrt\u00e5rn til udend\u00f8rs eventyr. P\u00e5lidelig beacon-teknologi til p\u00e5lidelig n\u00f8dsignalering. K\u00f8b nu!\" \/>\n<meta property=\"og:url\" content=\"https:\/\/oceansignal.com\/da\/products\/rescueme-plb1\/\" \/>\n<meta property=\"og:site_name\" content=\"Ocean Signal\" \/>\n<meta property=\"article:modified_time\" content=\"2025-11-12T10:41:05+00:00\" \/>\n<meta property=\"og:image\" content=\"https:\/\/oceansignal.com\/wp-content\/uploads\/2023\/09\/Ocean-Signal-PLB1-Front-2.png\" \/>\n\t<meta property=\"og:image:width\" content=\"800\" \/>\n\t<meta property=\"og:image:height\" content=\"800\" \/>\n\t<meta property=\"og:image:type\" content=\"image\/png\" \/>\n<meta name=\"twitter:card\" content=\"summary_large_image\" \/>\n<meta name=\"twitter:label1\" content=\"Estimeret l\u00e6setid\" \/>\n\t<meta name=\"twitter:data1\" content=\"1 minut\" \/>\n<script type=\"application\/ld+json\" class=\"yoast-schema-graph\">{\"@context\":\"https:\/\/schema.org\",\"@graph\":[{\"@type\":\"WebPage\",\"@id\":\"https:\/\/oceansignal.com\/da\/products\/rescueme-plb1\/\",\"url\":\"https:\/\/oceansignal.com\/da\/products\/rescueme-plb1\/\",\"name\":\"rescueME PLB1 Personal Locator Beacon - Ocean Signal\",\"isPartOf\":{\"@id\":\"https:\/\/oceansignal.com\/da\/#website\"},\"primaryImageOfPage\":{\"@id\":\"https:\/\/oceansignal.com\/da\/products\/rescueme-plb1\/#primaryimage\"},\"image\":{\"@id\":\"https:\/\/oceansignal.com\/da\/products\/rescueme-plb1\/#primaryimage\"},\"thumbnailUrl\":\"https:\/\/oceansignal.com\/wp-content\/uploads\/2023\/09\/Ocean-Signal-PLB1-Front-2.png\",\"datePublished\":\"2023-09-07T13:28:52+00:00\",\"dateModified\":\"2025-11-12T10:41:05+00:00\",\"description\":\"Ocean Signal rescueME PLB1 : Dit kompakte personlige locator-fyrt\u00e5rn til udend\u00f8rs eventyr. P\u00e5lidelig beacon-teknologi til p\u00e5lidelig n\u00f8dsignalering. K\u00f8b nu!\",\"breadcrumb\":{\"@id\":\"https:\/\/oceansignal.com\/da\/products\/rescueme-plb1\/#breadcrumb\"},\"inLanguage\":\"da-DK\",\"potentialAction\":[{\"@type\":\"ReadAction\",\"target\":[\"https:\/\/oceansignal.com\/da\/products\/rescueme-plb1\/\"]}]},{\"@type\":\"ImageObject\",\"inLanguage\":\"da-DK\",\"@id\":\"https:\/\/oceansignal.com\/da\/products\/rescueme-plb1\/#primaryimage\",\"url\":\"https:\/\/oceansignal.com\/wp-content\/uploads\/2023\/09\/Ocean-Signal-PLB1-Front-2.png\",\"contentUrl\":\"https:\/\/oceansignal.com\/wp-content\/uploads\/2023\/09\/Ocean-Signal-PLB1-Front-2.png\",\"width\":800,\"height\":800},{\"@type\":\"BreadcrumbList\",\"@id\":\"https:\/\/oceansignal.com\/da\/products\/rescueme-plb1\/#breadcrumb\",\"itemListElement\":[{\"@type\":\"ListItem\",\"position\":1,\"name\":\"Shop\",\"item\":\"https:\/\/oceansignal.com\/da\/shop\/\"},{\"@type\":\"ListItem\",\"position\":2,\"name\":\"rescueME PLB1 Personal Locator Beacon\"}]},{\"@type\":\"WebSite\",\"@id\":\"https:\/\/oceansignal.com\/da\/#website\",\"url\":\"https:\/\/oceansignal.com\/da\/\",\"name\":\"Ocean Signal\",\"description\":\"A leading manufacturer of EPIRBs, AIS, SARTs, Personal Locator Beacons, Man Overboard Beacon for the Marine and Outdoor Markets.\",\"potentialAction\":[{\"@type\":\"SearchAction\",\"target\":{\"@type\":\"EntryPoint\",\"urlTemplate\":\"https:\/\/oceansignal.com\/da\/?s={search_term_string}\"},\"query-input\":{\"@type\":\"PropertyValueSpecification\",\"valueRequired\":true,\"valueName\":\"search_term_string\"}}],\"inLanguage\":\"da-DK\"}]}<\/script>\n<!-- \/ Yoast SEO Premium plugin. -->","yoast_head_json":{"title":"rescueME PLB1 Personal Locator Beacon - Ocean Signal","description":"Ocean Signal rescueME PLB1 : Dit kompakte personlige locator-fyrt\u00e5rn til udend\u00f8rs eventyr. P\u00e5lidelig beacon-teknologi til p\u00e5lidelig n\u00f8dsignalering. K\u00f8b nu!","robots":{"index":"index","follow":"follow","max-snippet":"max-snippet:-1","max-image-preview":"max-image-preview:large","max-video-preview":"max-video-preview:-1"},"canonical":"https:\/\/oceansignal.com\/da\/products\/rescueme-plb1\/","og_locale":"da_DK","og_type":"article","og_title":"rescueME PLB1 Personal Locator Beacon","og_description":"Ocean Signal rescueME PLB1 : Dit kompakte personlige locator-fyrt\u00e5rn til udend\u00f8rs eventyr. P\u00e5lidelig beacon-teknologi til p\u00e5lidelig n\u00f8dsignalering. K\u00f8b nu!","og_url":"https:\/\/oceansignal.com\/da\/products\/rescueme-plb1\/","og_site_name":"Ocean Signal","article_modified_time":"2025-11-12T10:41:05+00:00","og_image":[{"width":800,"height":800,"url":"https:\/\/oceansignal.com\/wp-content\/uploads\/2023\/09\/Ocean-Signal-PLB1-Front-2.png","type":"image\/png"}],"twitter_card":"summary_large_image","twitter_misc":{"Estimeret l\u00e6setid":"1 minut"},"schema":{"@context":"https:\/\/schema.org","@graph":[{"@type":"WebPage","@id":"https:\/\/oceansignal.com\/da\/products\/rescueme-plb1\/","url":"https:\/\/oceansignal.com\/da\/products\/rescueme-plb1\/","name":"rescueME PLB1 Personal Locator Beacon - Ocean Signal","isPartOf":{"@id":"https:\/\/oceansignal.com\/da\/#website"},"primaryImageOfPage":{"@id":"https:\/\/oceansignal.com\/da\/products\/rescueme-plb1\/#primaryimage"},"image":{"@id":"https:\/\/oceansignal.com\/da\/products\/rescueme-plb1\/#primaryimage"},"thumbnailUrl":"https:\/\/oceansignal.com\/wp-content\/uploads\/2023\/09\/Ocean-Signal-PLB1-Front-2.png","datePublished":"2023-09-07T13:28:52+00:00","dateModified":"2025-11-12T10:41:05+00:00","description":"Ocean Signal rescueME PLB1 : Dit kompakte personlige locator-fyrt\u00e5rn til udend\u00f8rs eventyr. P\u00e5lidelig beacon-teknologi til p\u00e5lidelig n\u00f8dsignalering. K\u00f8b nu!","breadcrumb":{"@id":"https:\/\/oceansignal.com\/da\/products\/rescueme-plb1\/#breadcrumb"},"inLanguage":"da-DK","potentialAction":[{"@type":"ReadAction","target":["https:\/\/oceansignal.com\/da\/products\/rescueme-plb1\/"]}]},{"@type":"ImageObject","inLanguage":"da-DK","@id":"https:\/\/oceansignal.com\/da\/products\/rescueme-plb1\/#primaryimage","url":"https:\/\/oceansignal.com\/wp-content\/uploads\/2023\/09\/Ocean-Signal-PLB1-Front-2.png","contentUrl":"https:\/\/oceansignal.com\/wp-content\/uploads\/2023\/09\/Ocean-Signal-PLB1-Front-2.png","width":800,"height":800},{"@type":"BreadcrumbList","@id":"https:\/\/oceansignal.com\/da\/products\/rescueme-plb1\/#breadcrumb","itemListElement":[{"@type":"ListItem","position":1,"name":"Shop","item":"https:\/\/oceansignal.com\/da\/shop\/"},{"@type":"ListItem","position":2,"name":"rescueME PLB1 Personal Locator Beacon"}]},{"@type":"WebSite","@id":"https:\/\/oceansignal.com\/da\/#website","url":"https:\/\/oceansignal.com\/da\/","name":"Ocean Signal","description":"A leading manufacturer of EPIRBs, AIS, SARTs, Personal Locator Beacons, Man Overboard Beacon for the Marine and Outdoor Markets.","potentialAction":[{"@type":"SearchAction","target":{"@type":"EntryPoint","urlTemplate":"https:\/\/oceansignal.com\/da\/?s={search_term_string}"},"query-input":{"@type":"PropertyValueSpecification","valueRequired":true,"valueName":"search_term_string"}}],"inLanguage":"da-DK"}]}},"_links":{"self":[{"href":"https:\/\/oceansignal.com\/da\/wp-json\/wp\/v2\/product\/12802","targetHints":{"allow":["GET"]}}],"collection":[{"href":"https:\/\/oceansignal.com\/da\/wp-json\/wp\/v2\/product"}],"about":[{"href":"https:\/\/oceansignal.com\/da\/wp-json\/wp\/v2\/types\/product"}],"wp:featuredmedia":[{"embeddable":true,"href":"https:\/\/oceansignal.com\/da\/wp-json\/wp\/v2\/media\/12449"}],"wp:attachment":[{"href":"https:\/\/oceansignal.com\/da\/wp-json\/wp\/v2\/media?parent=12802"}],"wp:term":[{"taxonomy":"product_brand","embeddable":true,"href":"https:\/\/oceansignal.com\/da\/wp-json\/wp\/v2\/product_brand?post=12802"},{"taxonomy":"product_cat","embeddable":true,"href":"https:\/\/oceansignal.com\/da\/wp-json\/wp\/v2\/product_cat?post=12802"},{"taxonomy":"product_tag","embeddable":true,"href":"https:\/\/oceansignal.com\/da\/wp-json\/wp\/v2\/product_tag?post=12802"}],"curies":[{"name":"wp","href":"https:\/\/api.w.org\/{rel}","templated":true}]}}